{"id":1007,"date":"2018-09-26T10:17:53","date_gmt":"2018-09-26T10:17:53","guid":{"rendered":"http:\/\/viaro.org\/mision-vision-y-valores\/"},"modified":"2023-07-15T08:55:32","modified_gmt":"2023-07-15T08:55:32","slug":"mision-vision-y-valores","status":"publish","type":"page","link":"https:\/\/viaro.org\/ca\/mision-vision-y-valores\/","title":{"rendered":"Missi\u00f3, Visi\u00f3 i Valors"},"content":{"rendered":"<div class=\"wp-block-image\">\n<figure class=\"aligncenter size-full is-resized\"><img decoding=\"async\" src=\"https:\/\/viaro.org\/wp-content\/uploads\/2023\/07\/valores-viaro.png\" alt=\"valors viaro\" class=\"wp-image-18887\" width=\"149\" srcset=\"https:\/\/viaro.org\/wp-content\/uploads\/2023\/07\/valores-viaro.png 391w, https:\/\/viaro.org\/wp-content\/uploads\/2023\/07\/valores-viaro-257x300.png 257w\" sizes=\"(max-width: 391px) 100vw, 391px\" \/><\/figure><\/div><h3><\/h3>\n<h3 style=\"text-align: center;\"><strong>Ajudar els pares en l&#8217;educaci\u00f3 dels seus fills, fomentant els valors i el millor de cadasc\u00fa<\/strong><\/h3>\n<h3 style=\"text-align: center;\"><strong>perqu\u00e8 contribueixi lliurement a construir una societat millor per a tothom.<\/strong><\/h3>\n<div class=\"vision-titular\">\n<h2>Visi\u00f3n<\/h2>\n<p>Entendemos la educaci\u00f3n de forma global y desde una perspectiva <a href=\"https:\/\/viaro.org\/es\/colegio\/mision-vision-y-valores\" target=\"_blank\" rel=\"noopener\">cristiana.<\/a><br \/>\n\u00bfC\u00f3mo?<\/p>\n<\/div>\n","protected":false},"excerpt":{"rendered":"<p>Ajudar els pares en l&#8217;educaci\u00f3 dels seus fills, fomentant els valors i el millor de cadasc\u00fa perqu\u00e8 contribueixi lliurement a construir una societat millor per a tothom. Visi\u00f3n Entendemos la educaci\u00f3n de forma global y desde una perspectiva cristiana. \u00bfC\u00f3mo?<\/p>\n","protected":false},"author":2,"featured_media":1008,"parent":0,"menu_order":0,"comment_status":"closed","ping_status":"closed","template":"page-mision-vision-y-valores.php","meta":{"_uag_custom_page_level_css":"","_joinchat":[],"footnotes":""},"class_list":["post-1007","page","type-page","status-publish","has-post-thumbnail","hentry"],"uagb_featured_image_src":{"full":["https:\/\/viaro.org\/wp-content\/uploads\/2018\/11\/header-mision-vision.jpg",2880,752,false],"thumbnail":["https:\/\/viaro.org\/wp-content\/uploads\/2018\/11\/header-mision-vision-150x150.jpg",150,150,true],"medium":["https:\/\/viaro.org\/wp-content\/uploads\/2018\/11\/header-mision-vision-300x78.jpg",300,78,true],"medium_large":["https:\/\/viaro.org\/wp-content\/uploads\/2018\/11\/header-mision-vision-768x201.jpg",640,168,true],"large":["https:\/\/viaro.org\/wp-content\/uploads\/2018\/11\/header-mision-vision-1024x267.jpg",640,167,true],"1536x1536":["https:\/\/viaro.org\/wp-content\/uploads\/2018\/11\/header-mision-vision.jpg",1536,401,false],"2048x2048":["https:\/\/viaro.org\/wp-content\/uploads\/2018\/11\/header-mision-vision.jpg",2048,535,false],"related-content":["https:\/\/viaro.org\/wp-content\/uploads\/2018\/11\/header-mision-vision-297x167.jpg",297,167,true]},"uagb_author_info":{"display_name":"","author_link":"https:\/\/viaro.org\/ca\/author\/"},"uagb_comment_info":0,"uagb_excerpt":"Ajudar els pares en l&#8217;educaci\u00f3 dels seus fills, fomentant els valors i el millor de cadasc\u00fa perqu\u00e8 contribueixi lliurement a construir una societat millor per a tothom. Visi\u00f3n Entendemos la educaci\u00f3n de forma global y desde una perspectiva cristiana. \u00bfC\u00f3mo?","_links":{"self":[{"href":"https:\/\/viaro.org\/ca\/wp-json\/wp\/v2\/pages\/1007","targetHints":{"allow":["GET"]}}],"collection":[{"href":"https:\/\/viaro.org\/ca\/wp-json\/wp\/v2\/pages"}],"about":[{"href":"https:\/\/viaro.org\/ca\/wp-json\/wp\/v2\/types\/page"}],"author":[{"embeddable":true,"href":"https:\/\/viaro.org\/ca\/wp-json\/wp\/v2\/users\/2"}],"replies":[{"embeddable":true,"href":"https:\/\/viaro.org\/ca\/wp-json\/wp\/v2\/comments?post=1007"}],"version-history":[{"count":2,"href":"https:\/\/viaro.org\/ca\/wp-json\/wp\/v2\/pages\/1007\/revisions"}],"predecessor-version":[{"id":18891,"href":"https:\/\/viaro.org\/ca\/wp-json\/wp\/v2\/pages\/1007\/revisions\/18891"}],"wp:featuredmedia":[{"embeddable":true,"href":"https:\/\/viaro.org\/ca\/wp-json\/wp\/v2\/media\/1008"}],"wp:attachment":[{"href":"https:\/\/viaro.org\/ca\/wp-json\/wp\/v2\/media?parent=1007"}],"curies":[{"name":"wp","href":"https:\/\/api.w.org\/{rel}","templated":true}]}}