{"id":11003,"date":"2025-04-09T09:53:45","date_gmt":"2025-04-09T09:53:45","guid":{"rendered":"https:\/\/viaro.org\/?page_id=11003"},"modified":"2026-03-29T18:17:45","modified_gmt":"2026-03-29T18:17:45","slug":"activitats-destiu","status":"publish","type":"page","link":"https:\/\/viaro.org\/ca\/activitats-destiu\/","title":{"rendered":"Activitats d&#8217;estiu"},"content":{"rendered":"\n<div class=\"wp-block-columns is-layout-flex wp-container-core-columns-is-layout-9d6595d7 wp-block-columns-is-layout-flex\">\n<div class=\"wp-block-column is-layout-flow wp-block-column-is-layout-flow\"><\/div>\n\n\n\n<div class=\"wp-block-column is-layout-flow wp-block-column-is-layout-flow\" style=\"flex-basis:40%\">\n<figure class=\"wp-block-image size-large\"><img decoding=\"async\" width=\"1024\" height=\"494\" src=\"https:\/\/viaro.org\/wp-content\/uploads\/2023\/03\/ACTIVIDADES-VERANO-11-1-1024x494.png\" alt=\"Activitats d'estiu\" class=\"wp-image-16714\" srcset=\"https:\/\/viaro.org\/wp-content\/uploads\/2023\/03\/ACTIVIDADES-VERANO-11-1-1024x494.png 1024w, https:\/\/viaro.org\/wp-content\/uploads\/2023\/03\/ACTIVIDADES-VERANO-11-1-300x145.png 300w, https:\/\/viaro.org\/wp-content\/uploads\/2023\/03\/ACTIVIDADES-VERANO-11-1-768x370.png 768w, https:\/\/viaro.org\/wp-content\/uploads\/2023\/03\/ACTIVIDADES-VERANO-11-1-1536x741.png 1536w, https:\/\/viaro.org\/wp-content\/uploads\/2023\/03\/ACTIVIDADES-VERANO-11-1.png 1615w\" sizes=\"(max-width: 1024px) 100vw, 1024px\" \/><\/figure>\n<\/div>\n\n\n\n<div class=\"wp-block-column is-layout-flow wp-block-column-is-layout-flow\"><\/div>\n<\/div>\n\n<div style=\"height:30px\" aria-hidden=\"true\" class=\"wp-block-spacer\"><\/div>\n<div class=\"epyt-video-wrapper\"><div  style=\"display: block; margin: 0px auto;\"  id=\"_ytid_63278\"  width=\"800\" height=\"450\"  data-origwidth=\"800\" data-origheight=\"450\" data-facadesrc=\"https:\/\/www.youtube.com\/embed\/wEE4OwrSL34?enablejsapi=1&#038;autoplay=0&#038;cc_load_policy=0&#038;cc_lang_pref=&#038;iv_load_policy=3&#038;loop=0&#038;rel=0&#038;fs=1&#038;playsinline=0&#038;autohide=2&#038;theme=dark&#038;color=white&#038;controls=1&#038;disablekb=0&#038;\" class=\"__youtube_prefs__ epyt-facade no-lazyload\" data-epautoplay=\"1\" ><img decoding=\"async\" data-spai-excluded=\"true\" class=\"epyt-facade-poster skip-lazy\" loading=\"lazy\"  alt=\"YouTube player\"  src=\"https:\/\/i.ytimg.com\/vi\/wEE4OwrSL34\/maxresdefault.jpg\"  \/><button class=\"epyt-facade-play\" aria-label=\"Play\"><svg data-no-lazy=\"1\" height=\"100%\" version=\"1.1\" viewBox=\"0 0 68 48\" width=\"100%\"><path class=\"ytp-large-play-button-bg\" d=\"M66.52,7.74c-0.78-2.93-2.49-5.41-5.42-6.19C55.79,.13,34,0,34,0S12.21,.13,6.9,1.55 C3.97,2.33,2.27,4.81,1.48,7.74C0.06,13.05,0,24,0,24s0.06,10.95,1.48,16.26c0.78,2.93,2.49,5.41,5.42,6.19 C12.21,47.87,34,48,34,48s21.79-0.13,27.1-1.55c2.93-0.78,4.64-3.26,5.42-6.19C67.94,34.95,68,24,68,24S67.94,13.05,66.52,7.74z\" fill=\"#f00\"><\/path><path d=\"M 45,24 27,14 27,34\" fill=\"#fff\"><\/path><\/svg><\/button><\/div><\/div>\n<h3 class=\"wp-block-heading\">Activitats d&#8217;estiu obertes a tothom<\/h3>\n\n<p class=\"has-text-align-left\" style=\"font-size:15px\">Oferim un programa d&#8217;activitats\u00a0 perqu\u00e8 els vostres fills puguin treure el m\u00e0xim profit de les vacances d&#8217;estiu al costat de familiars i amics. Es desenvolupen a <a href=\"https:\/\/www.google.com\/maps\/place\/Viar%C3%B3+Global+School\/@41.4856954,2.0778966,15z\/data=!4m6!3m5!1s0x12a496b90c3a9317:0xcedcfd7972da40e6!8m2!3d41.4856954!4d2.0778966!16s%2Fg%2F1wjsphy1\" target=\"_blank\" rel=\"noopener\"><strong>l&#8217;entorn natural<\/strong><\/a> del Col\u00b7legi i amb <strong>l&#8217;accent educatiu<\/strong> de totes les nostres activitats.<\/p>\n\n<div style=\"height:50px\" aria-hidden=\"true\" class=\"wp-block-spacer\"><\/div>\n\n<div class=\"wp-block-columns has-background is-layout-flex wp-container-core-columns-is-layout-9d6595d7 wp-block-columns-is-layout-flex\" style=\"background-color:#f0f0f0\">\n<div class=\"wp-block-column is-layout-flow wp-block-column-is-layout-flow\">\n<h3 class=\"wp-block-heading has-text-align-center\">Consulta la p\u00e0gina de cada activitat<\/h3>\n\n\n\n<div class=\"wp-block-columns is-layout-flex wp-container-core-columns-is-layout-9d6595d7 wp-block-columns-is-layout-flex\">\n<div class=\"wp-block-column is-layout-flow wp-block-column-is-layout-flow\">\n<figure class=\"wp-block-image size-large\"><a href=\"https:\/\/viaro.org\/ca\/activitats-destiu\/country-camp-2\/\"><img decoding=\"async\" width=\"576\" height=\"1024\" src=\"https:\/\/viaro.org\/wp-content\/uploads\/2026\/03\/CARATULAS-VERANO-WEB.002-576x1024.png\" alt=\"\" class=\"wp-image-26269\" srcset=\"https:\/\/viaro.org\/wp-content\/uploads\/2026\/03\/CARATULAS-VERANO-WEB.002-576x1024.png 576w, https:\/\/viaro.org\/wp-content\/uploads\/2026\/03\/CARATULAS-VERANO-WEB.002-169x300.png 169w, https:\/\/viaro.org\/wp-content\/uploads\/2026\/03\/CARATULAS-VERANO-WEB.002-768x1365.png 768w, https:\/\/viaro.org\/wp-content\/uploads\/2026\/03\/CARATULAS-VERANO-WEB.002-864x1536.png 864w, https:\/\/viaro.org\/wp-content\/uploads\/2026\/03\/CARATULAS-VERANO-WEB.002.png 1080w\" sizes=\"(max-width: 576px) 100vw, 576px\" \/><\/a><\/figure>\n<\/div>\n\n\n\n<div class=\"wp-block-column is-layout-flow wp-block-column-is-layout-flow\">\n<figure class=\"wp-block-image size-large\"><a href=\"https:\/\/viaro.org\/ca\/activitats-destiu\/summer-camp-2\/\"><img decoding=\"async\" width=\"576\" height=\"1024\" src=\"https:\/\/viaro.org\/wp-content\/uploads\/2026\/03\/CARATULAS-VERANO-WEB.003-768x1365-1-576x1024.png\" alt=\"\" class=\"wp-image-26274\" srcset=\"https:\/\/viaro.org\/wp-content\/uploads\/2026\/03\/CARATULAS-VERANO-WEB.003-768x1365-1-576x1024.png 576w, https:\/\/viaro.org\/wp-content\/uploads\/2026\/03\/CARATULAS-VERANO-WEB.003-768x1365-1-169x300.png 169w, https:\/\/viaro.org\/wp-content\/uploads\/2026\/03\/CARATULAS-VERANO-WEB.003-768x1365-1-768x1365.png 768w, https:\/\/viaro.org\/wp-content\/uploads\/2026\/03\/CARATULAS-VERANO-WEB.003-768x1365-1-864x1536.png 864w, https:\/\/viaro.org\/wp-content\/uploads\/2026\/03\/CARATULAS-VERANO-WEB.003-768x1365-1.png 1080w\" sizes=\"(max-width: 576px) 100vw, 576px\" \/><\/a><\/figure>\n<\/div>\n\n\n\n<div class=\"wp-block-column is-layout-flow wp-block-column-is-layout-flow\">\n<figure class=\"wp-block-image size-large\"><a href=\"https:\/\/viaro.org\/ca\/activitats-destiu\/sports-summer-camp-2\/\"><img decoding=\"async\" width=\"576\" height=\"1024\" src=\"https:\/\/viaro.org\/wp-content\/uploads\/2024\/04\/CARATULAS-VERANO-WEB.004-576x1024.jpeg\" alt=\"actividades de verano Sports Summer Camp\" class=\"wp-image-21373\" srcset=\"https:\/\/viaro.org\/wp-content\/uploads\/2024\/04\/CARATULAS-VERANO-WEB.004-576x1024.jpeg 576w, https:\/\/viaro.org\/wp-content\/uploads\/2024\/04\/CARATULAS-VERANO-WEB.004-169x300.jpeg 169w, https:\/\/viaro.org\/wp-content\/uploads\/2024\/04\/CARATULAS-VERANO-WEB.004-768x1365.jpeg 768w, https:\/\/viaro.org\/wp-content\/uploads\/2024\/04\/CARATULAS-VERANO-WEB.004-864x1536.jpeg 864w, https:\/\/viaro.org\/wp-content\/uploads\/2024\/04\/CARATULAS-VERANO-WEB.004.jpeg 1080w\" sizes=\"(max-width: 576px) 100vw, 576px\" \/><\/a><\/figure>\n<\/div>\n\n\n\n<div class=\"wp-block-column is-layout-flow wp-block-column-is-layout-flow\">\n<figure class=\"wp-block-image size-large\"><a href=\"https:\/\/viaro.org\/ca\/activitats-destiu\/sports-camp-2\/\"><img decoding=\"async\" width=\"576\" height=\"1024\" src=\"https:\/\/viaro.org\/wp-content\/uploads\/2024\/04\/CARATULAS-VERANO-WEB.005-576x1024.jpeg\" alt=\"actividades de verano Sports Camp\" class=\"wp-image-21376\" srcset=\"https:\/\/viaro.org\/wp-content\/uploads\/2024\/04\/CARATULAS-VERANO-WEB.005-576x1024.jpeg 576w, https:\/\/viaro.org\/wp-content\/uploads\/2024\/04\/CARATULAS-VERANO-WEB.005-169x300.jpeg 169w, https:\/\/viaro.org\/wp-content\/uploads\/2024\/04\/CARATULAS-VERANO-WEB.005-768x1365.jpeg 768w, https:\/\/viaro.org\/wp-content\/uploads\/2024\/04\/CARATULAS-VERANO-WEB.005-864x1536.jpeg 864w, https:\/\/viaro.org\/wp-content\/uploads\/2024\/04\/CARATULAS-VERANO-WEB.005.jpeg 1080w\" sizes=\"(max-width: 576px) 100vw, 576px\" \/><\/a><\/figure>\n<\/div>\n<\/div>\n<\/div>\n<\/div>\n\n<div style=\"height:40px\" aria-hidden=\"true\" class=\"wp-block-spacer\"><\/div>\n\n<h2 class=\"wp-block-heading has-text-align-left\">Informaci\u00f3 general<\/h2>\n\n<div style=\"height:20px\" aria-hidden=\"true\" class=\"wp-block-spacer\"><\/div>\n\n<div class=\"wp-block-columns is-layout-flex wp-container-core-columns-is-layout-9d6595d7 wp-block-columns-is-layout-flex\">\n<div class=\"wp-block-column is-layout-flow wp-block-column-is-layout-flow\">\n<h3 class=\"wp-block-heading has-text-color\" style=\"color:#b2153f\">Calendari<\/h3>\n\n\n\n<p>Totes les activitats: del <strong>29 juny<\/strong> al <strong>24 juliol<\/strong><\/p>\n\n\n\n<div style=\"height:30px\" aria-hidden=\"true\" class=\"wp-block-spacer\"><\/div>\n\n\n\n<h3 class=\"wp-block-heading has-text-color\" style=\"color:#b2153f\">Equip<\/h3>\n\n\n\n<p>Totes les activitats estan dirigides per professors de Viar\u00f3. Tamb\u00e9 hi col\u00b7laboraren entrenadors qualificats i alguns alumnes grans.<\/p>\n<\/div>\n\n\n\n<div class=\"wp-block-column is-layout-flow wp-block-column-is-layout-flow\" style=\"flex-basis:5%\"><\/div>\n\n\n\n<div class=\"wp-block-column is-layout-flow wp-block-column-is-layout-flow\">\n<h3 class=\"wp-block-heading has-text-color\" style=\"color:#b2153f\">Horari<\/h3>\n\n\n\n<p><strong>Country Camp:<\/strong> 9.15h &#8211; 17.00h<\/p>\n\n\n\n<p class=\"has-text-color\" style=\"color:#b2153f\"><em>Servei de perman\u00e8ncies gratu\u00eft de 8:00h a 9:15h.<\/em> Excepte les recollides de 17:00 a 17:30, que tindran un cost de 10 \u20ac per nen i dia.<\/p>\n\n\n\n<p><strong>Summer Camp:<\/strong> 9.15h &#8211; 16.25h<\/p>\n\n\n\n<p class=\"has-text-color\" style=\"color:#b2153f\"><em>Servicio de permanencias de 8:30h a 9:15h.<\/em><\/p>\n\n\n\n<p><strong>Sports Summer Camp:<\/strong> 9.15h &#8211; 16.25h<\/p>\n\n\n\n<p><strong>Sports Camp:<\/strong> 9.15h &#8211; 14.30h (inclou dinar)<\/p>\n<\/div>\n<\/div>\n\n<div style=\"height:20px\" aria-hidden=\"true\" class=\"wp-block-spacer\"><\/div>\n\n<div class=\"wp-block-columns is-layout-flex wp-container-core-columns-is-layout-9d6595d7 wp-block-columns-is-layout-flex\">\n<div class=\"wp-block-column is-layout-flow wp-block-column-is-layout-flow\">\n<h3 class=\"wp-block-heading has-text-color\" style=\"color:#b2153f\">Preus<\/h3>\n\n\n\n<hr class=\"wp-block-separator has-text-color has-alpha-channel-opacity has-background is-style-wide\" style=\"background-color:#b2153f;color:#b2153f\"\/>\n\n\n\n<p>La inscripci\u00f3 a les activitats d&#8217;estiu des d&#8217;i2 es fa per setmanes i de manera conjunta per a totes les activitats a trav\u00e9s del formulari online.<\/p>\n\n\n\n<figure class=\"wp-block-table is-style-stripes\"><table class=\"has-fixed-layout\"><tbody><tr><td><\/td><td class=\"has-text-align-center\" data-align=\"center\"><strong>i2-i4 i Prim\u00e0ria<\/strong><\/td><td class=\"has-text-align-center\" data-align=\"center\"><strong>Secund\u00e0ria i Batxillerat<\/strong><\/td><\/tr><tr><td>1 setmana<\/td><td class=\"has-text-align-center\" data-align=\"center\"><strong>220 \u20ac<\/strong><\/td><td class=\"has-text-align-center\" data-align=\"center\"><strong>185 \u20ac<\/strong><\/td><\/tr><tr><td>2 setmanes<\/td><td class=\"has-text-align-center\" data-align=\"center\"><strong>390 \u20ac<\/strong><\/td><td class=\"has-text-align-center\" data-align=\"center\"><strong>330 \u20ac<\/strong><\/td><\/tr><tr><td>3 setmanes<\/td><td class=\"has-text-align-center\" data-align=\"center\"><strong>500 \u20ac<\/strong><\/td><td class=\"has-text-align-center\" data-align=\"center\"><strong>425 \u20ac<\/strong><\/td><\/tr><tr><td>4 setmanes<\/td><td class=\"has-text-align-center\" data-align=\"center\"><strong>640 \u20ac<\/strong><\/td><td class=\"has-text-align-center\" data-align=\"center\"><strong>540 \u20ac<\/strong><\/td><\/tr><\/tbody><\/table><\/figure>\n<\/div>\n\n\n\n<div class=\"wp-block-column is-layout-flow wp-block-column-is-layout-flow\" style=\"flex-basis:5%\"><\/div>\n\n\n\n<div class=\"wp-block-column is-layout-flow wp-block-column-is-layout-flow\">\n<h3 class=\"wp-block-heading has-text-color\" style=\"color:#b2153f\">Descomptes<\/h3>\n\n\n\n<p>Els seg\u00fcents descomptes s&#8217;apliquen sobre l&#8217;import final i s\u00f3n acumulables:<\/p>\n\n\n\n<p><strong>Nombre de fills inscrits:<\/strong><\/p>\n\n\n\n<p>2 fills: <strong>15%<\/strong> \/ 3 fills: <strong>30%<\/strong> \/ 4+ fills: <strong>35%<\/strong><\/p>\n\n\n\n<p><strong>Campaments: <\/strong>Als alumnes de 4t a 6\u00e8 de prim\u00e0ria que s&#8217;inscriguin m\u00e9s d&#8217;una setmana i participin en altres campaments concertats (P\u00e0dua, Daumar, D&#8217;Aran, Cimal o Rac\u00f3) se&#8217;ls aplicar\u00e0 un descompte addicional de <strong>50\u202f\u20ac<\/strong><\/p>\n\n\n\n<p class=\"has-text-color\" style=\"color:#b2153f\"><em>La fitxa d&#8217;inscripci\u00f3 calcula tots els descomptes autom\u00e0ticament i t\u00e9 en compte totes les activitats.<\/em><\/p>\n<\/div>\n<\/div>\n\n<div style=\"height:20px\" aria-hidden=\"true\" class=\"wp-block-spacer\"><\/div>\n\n<div class=\"wp-block-columns is-layout-flex wp-container-core-columns-is-layout-9d6595d7 wp-block-columns-is-layout-flex\">\n<div class=\"wp-block-column is-layout-flow wp-block-column-is-layout-flow\">\n<div style=\"height:20px\" aria-hidden=\"true\" class=\"wp-block-spacer\"><\/div>\n\n\n\n<h3 class=\"wp-block-heading has-text-color\" style=\"color:#b2153f\">Inscripci\u00f3<\/h3>\n\n\n\n<p>Es realitza de manera conjunta per a les activitats d&#8217;estiu de tots els teus fills de d&#8217;i2 en un \u00fanic document.<\/p>\n\n\n\n<p><strong>1. <\/strong>Descarrega la <strong><a href=\"https:\/\/viaro.org\/wp-content\/uploads\/2026\/03\/CALCULADORA-2026-vfinal.xlsx\">CALCULADORA DE PREUS<\/a><\/strong> i calcula de manera conjunta el cost de les activitats d&#8217;estiu de <strong>tots els teus fills<\/strong> amb els <strong>descomptes<\/strong> aplicables per preparar la transfer\u00e8ncia.<\/p>\n\n\n\n<p><strong>2.<\/strong> Prepara els documents necessaris.<\/p>\n\n\n\n<ul class=\"wp-block-list\">\n<li>Targeta Sanit\u00e0ria (Catsalut o M\u00fatua)<\/li>\n\n\n\n<li>Llibre de vacunes actualitzat<\/li>\n\n\n\n<li>Altres documents necessaris (informe m\u00e8dic, r\u00e8gim&#8230;)<\/li>\n\n\n\n<li>Justificant de transfer\u00e8ncia a <em>Doc\u00e8ncia i Investigaci\u00f3, S.A.<\/em> (\u00fanic, pel cost total)<\/li>\n\n\n\n<li>ES62 2100 5731 7802 0023 3503 \/ <strong>Escriure a concepte: <em>Estiu + cognoms fam\u00edlia<\/em><\/strong><\/li>\n<\/ul>\n\n\n\n<p><strong>3.<\/strong> Emplena el formulari d&#8217;inscripci\u00f3 i adjunta els documents. <strong>Data l\u00edmit 12 de juny<\/strong>. No podrem acceptar sol\u00b7licituds despr\u00e9s d&#8217;aquesta data.<\/p>\n\n\n\n<p><em>Un cop formalitzada la inscripci\u00f3, les abs\u00e8ncies no donen dret a devoluci\u00f3 sense causa greu justificada (per exemple, una lesi\u00f3 greu degudament acreditada).<\/em><\/p>\n\n\n\n<p><strong><em>4. El nombre de places en les nostres activitats \u00e9s limitat.<\/em><\/strong><\/p>\n\n\n\n<div style=\"height:30px\" aria-hidden=\"true\" class=\"wp-block-spacer\"><\/div>\n\n\n\n<div class=\"wp-block-buttons is-content-justification-center is-layout-flex wp-container-core-buttons-is-layout-16018d1d wp-block-buttons-is-layout-flex\">\n<div class=\"wp-block-button\"><a class=\"wp-block-button__link has-white-color has-text-color has-background wp-element-button\" href=\"https:\/\/comunicacioviaro.typeform.com\/to\/lxwWtkE6\" style=\"background-color:#b2153f\" target=\"_blank\" rel=\"noopener\"><strong>Formulari d&#8217;inscripci\u00f3<\/strong><\/a><\/div>\n<\/div>\n<\/div>\n<\/div>\n\n<div style=\"height:40px\" aria-hidden=\"true\" class=\"wp-block-spacer\"><\/div>\n\n<h3 class=\"wp-block-heading has-text-color\" style=\"color:#b2153f\">M\u00e9s informaci\u00f3 sobre les activitats d&#8217;estiu<\/h3>\n\n<p>Consulta la informaci\u00f3 detallada de totes les nostres activitats<\/p>\n\n<p>i si encara tens dubtes, escriu-nos!:<strong> \u00a0<a href=\"mailto:campus@viaro.org\">campus@viaro.org<\/a><\/strong><\/p>\n\n<div class=\"wp-block-columns is-layout-flex wp-container-core-columns-is-layout-9d6595d7 wp-block-columns-is-layout-flex\">\n<div class=\"wp-block-column is-layout-flow wp-block-column-is-layout-flow\">\n<figure class=\"wp-block-image size-large\"><a href=\"https:\/\/viaro.org\/ca\/actividades-de-verano\/country-camp\/country-camp-2\/\"><img decoding=\"async\" width=\"2084\" height=\"1172\" src=\"https:\/\/viaro.org\/wp-content\/uploads\/2023\/03\/country-edited.png\" alt=\"\" class=\"wp-image-16544\" srcset=\"https:\/\/viaro.org\/wp-content\/uploads\/2023\/03\/country-edited.png 2084w, https:\/\/viaro.org\/wp-content\/uploads\/2023\/03\/country-edited-300x169.png 300w, https:\/\/viaro.org\/wp-content\/uploads\/2023\/03\/country-edited-1024x576.png 1024w, https:\/\/viaro.org\/wp-content\/uploads\/2023\/03\/country-edited-768x432.png 768w, https:\/\/viaro.org\/wp-content\/uploads\/2023\/03\/country-edited-1536x864.png 1536w, https:\/\/viaro.org\/wp-content\/uploads\/2023\/03\/country-edited-2048x1152.png 2048w, https:\/\/viaro.org\/wp-content\/uploads\/2023\/03\/country-edited-297x167.png 297w\" sizes=\"(max-width: 2084px) 100vw, 2084px\" \/><\/a><\/figure>\n<\/div>\n\n\n\n<div class=\"wp-block-column is-layout-flow wp-block-column-is-layout-flow\">\n<figure class=\"wp-block-image size-large\"><a href=\"https:\/\/viaro.org\/ca\/actividades-de-verano\/summer-camp\/summer-camp-2\/\"><img decoding=\"async\" width=\"2084\" height=\"1172\" src=\"https:\/\/viaro.org\/wp-content\/uploads\/2023\/03\/summer-edited.png\" alt=\"\" class=\"wp-image-16547\" srcset=\"https:\/\/viaro.org\/wp-content\/uploads\/2023\/03\/summer-edited.png 2084w, https:\/\/viaro.org\/wp-content\/uploads\/2023\/03\/summer-edited-300x169.png 300w, https:\/\/viaro.org\/wp-content\/uploads\/2023\/03\/summer-edited-1024x576.png 1024w, https:\/\/viaro.org\/wp-content\/uploads\/2023\/03\/summer-edited-768x432.png 768w, https:\/\/viaro.org\/wp-content\/uploads\/2023\/03\/summer-edited-1536x864.png 1536w, https:\/\/viaro.org\/wp-content\/uploads\/2023\/03\/summer-edited-2048x1152.png 2048w, https:\/\/viaro.org\/wp-content\/uploads\/2023\/03\/summer-edited-297x167.png 297w\" sizes=\"(max-width: 2084px) 100vw, 2084px\" \/><\/a><\/figure>\n<\/div>\n\n\n\n<div class=\"wp-block-column is-layout-flow wp-block-column-is-layout-flow\">\n<figure class=\"wp-block-image size-large\"><a href=\"https:\/\/viaro.org\/ca\/actividades-de-verano\/sports-summer-camp\/sports-summer-camp-2\/\"><img decoding=\"async\" width=\"2085\" height=\"1173\" src=\"https:\/\/viaro.org\/wp-content\/uploads\/2023\/03\/sports-summer-edited.png\" alt=\"\" class=\"wp-image-16550\" srcset=\"https:\/\/viaro.org\/wp-content\/uploads\/2023\/03\/sports-summer-edited.png 2085w, https:\/\/viaro.org\/wp-content\/uploads\/2023\/03\/sports-summer-edited-300x169.png 300w, https:\/\/viaro.org\/wp-content\/uploads\/2023\/03\/sports-summer-edited-1024x576.png 1024w, https:\/\/viaro.org\/wp-content\/uploads\/2023\/03\/sports-summer-edited-768x432.png 768w, https:\/\/viaro.org\/wp-content\/uploads\/2023\/03\/sports-summer-edited-1536x864.png 1536w, https:\/\/viaro.org\/wp-content\/uploads\/2023\/03\/sports-summer-edited-2048x1152.png 2048w, https:\/\/viaro.org\/wp-content\/uploads\/2023\/03\/sports-summer-edited-297x167.png 297w\" sizes=\"(max-width: 2085px) 100vw, 2085px\" \/><\/a><\/figure>\n<\/div>\n\n\n\n<div class=\"wp-block-column is-layout-flow wp-block-column-is-layout-flow\">\n<figure class=\"wp-block-image size-large\"><a href=\"https:\/\/viaro.org\/ca\/activitats-destiu\/sports-camp-2\/\"><img decoding=\"async\" width=\"2085\" height=\"1172\" src=\"https:\/\/viaro.org\/wp-content\/uploads\/2023\/03\/sports-edited.png\" alt=\"\" class=\"wp-image-16553\" srcset=\"https:\/\/viaro.org\/wp-content\/uploads\/2023\/03\/sports-edited.png 2085w, https:\/\/viaro.org\/wp-content\/uploads\/2023\/03\/sports-edited-300x169.png 300w, https:\/\/viaro.org\/wp-content\/uploads\/2023\/03\/sports-edited-1024x576.png 1024w, https:\/\/viaro.org\/wp-content\/uploads\/2023\/03\/sports-edited-768x432.png 768w, https:\/\/viaro.org\/wp-content\/uploads\/2023\/03\/sports-edited-1536x863.png 1536w, https:\/\/viaro.org\/wp-content\/uploads\/2023\/03\/sports-edited-2048x1151.png 2048w, https:\/\/viaro.org\/wp-content\/uploads\/2023\/03\/sports-edited-297x167.png 297w\" sizes=\"(max-width: 2085px) 100vw, 2085px\" \/><\/a><\/figure>\n<\/div>\n<\/div>\n\n<figure class=\"wp-block-image size-full\"><img decoding=\"async\" width=\"507\" height=\"8\" src=\"https:\/\/viaro.org\/wp-content\/uploads\/2021\/12\/summer-camp-2021.png\" alt=\"summer camp 2021\" class=\"wp-image-10231\" srcset=\"https:\/\/viaro.org\/wp-content\/uploads\/2021\/12\/summer-camp-2021.png 507w, https:\/\/viaro.org\/wp-content\/uploads\/2021\/12\/summer-camp-2021-300x5.png 300w\" sizes=\"(max-width: 507px) 100vw, 507px\" \/><\/figure>\n\n<p><\/p>\n","protected":false},"excerpt":{"rendered":"<p>Activitats d&#8217;estiu obertes a tothom Oferim un programa d&#8217;activitats\u00a0 perqu\u00e8 els vostres fills puguin treure el m\u00e0xim profit de les vacances d&#8217;estiu al costat de familiars i amics. Es desenvolupen a l&#8217;entorn natural del Col\u00b7legi i amb l&#8217;accent educatiu de totes les nostres activitats. Consulta la p\u00e0gina de cada activitat Informaci\u00f3 general Calendari Totes les [&hellip;]<\/p>\n","protected":false},"author":12,"featured_media":26265,"parent":0,"menu_order":10,"comment_status":"closed","ping_status":"closed","template":"template-blocks.php","meta":{"_uag_custom_page_level_css":"","_joinchat":[],"footnotes":""},"class_list":["post-11003","page","type-page","status-publish","has-post-thumbnail","hentry"],"uagb_featured_image_src":{"full":["https:\/\/viaro.org\/wp-content\/uploads\/2026\/03\/20150716-_PMM8344-e1774639578204.jpg",1400,935,false],"thumbnail":["https:\/\/viaro.org\/wp-content\/uploads\/2026\/03\/20150716-_PMM8344-150x150.jpg",150,150,true],"medium":["https:\/\/viaro.org\/wp-content\/uploads\/2026\/03\/20150716-_PMM8344-300x200.jpg",300,200,true],"medium_large":["https:\/\/viaro.org\/wp-content\/uploads\/2026\/03\/20150716-_PMM8344-768x513.jpg",640,428,true],"large":["https:\/\/viaro.org\/wp-content\/uploads\/2026\/03\/20150716-_PMM8344-1024x684.jpg",640,428,true],"1536x1536":["https:\/\/viaro.org\/wp-content\/uploads\/2026\/03\/20150716-_PMM8344-e1774639578204.jpg",1400,935,false],"2048x2048":["https:\/\/viaro.org\/wp-content\/uploads\/2026\/03\/20150716-_PMM8344-e1774639578204.jpg",1400,935,false],"related-content":["https:\/\/viaro.org\/wp-content\/uploads\/2026\/03\/20150716-_PMM8344-297x167.jpg",297,167,true]},"uagb_author_info":{"display_name":"Ignacio Malmierca","author_link":"https:\/\/viaro.org\/ca\/author\/imalmierca\/"},"uagb_comment_info":0,"uagb_excerpt":"Activitats d&#8217;estiu obertes a tothom Oferim un programa d&#8217;activitats\u00a0 perqu\u00e8 els vostres fills puguin treure el m\u00e0xim profit de les vacances d&#8217;estiu al costat de familiars i amics. Es desenvolupen a l&#8217;entorn natural del Col\u00b7legi i amb l&#8217;accent educatiu de totes les nostres activitats. Consulta la p\u00e0gina de cada activitat Informaci\u00f3 general Calendari Totes les&hellip;","_links":{"self":[{"href":"https:\/\/viaro.org\/ca\/wp-json\/wp\/v2\/pages\/11003","targetHints":{"allow":["GET"]}}],"collection":[{"href":"https:\/\/viaro.org\/ca\/wp-json\/wp\/v2\/pages"}],"about":[{"href":"https:\/\/viaro.org\/ca\/wp-json\/wp\/v2\/types\/page"}],"author":[{"embeddable":true,"href":"https:\/\/viaro.org\/ca\/wp-json\/wp\/v2\/users\/12"}],"replies":[{"embeddable":true,"href":"https:\/\/viaro.org\/ca\/wp-json\/wp\/v2\/comments?post=11003"}],"version-history":[{"count":79,"href":"https:\/\/viaro.org\/ca\/wp-json\/wp\/v2\/pages\/11003\/revisions"}],"predecessor-version":[{"id":26285,"href":"https:\/\/viaro.org\/ca\/wp-json\/wp\/v2\/pages\/11003\/revisions\/26285"}],"wp:featuredmedia":[{"embeddable":true,"href":"https:\/\/viaro.org\/ca\/wp-json\/wp\/v2\/media\/26265"}],"wp:attachment":[{"href":"https:\/\/viaro.org\/ca\/wp-json\/wp\/v2\/media?parent=11003"}],"curies":[{"name":"wp","href":"https:\/\/api.w.org\/{rel}","templated":true}]}}