{"id":11142,"date":"2024-04-09T14:15:06","date_gmt":"2024-04-09T14:15:06","guid":{"rendered":"https:\/\/viaro.org\/?page_id=11142"},"modified":"2026-03-27T15:35:57","modified_gmt":"2026-03-27T15:35:57","slug":"country-camp","status":"publish","type":"page","link":"https:\/\/viaro.org\/ca\/activitats-destiu\/country-camp\/","title":{"rendered":"Country camp"},"content":{"rendered":"\n<div class=\"wp-block-columns is-layout-flex wp-container-core-columns-is-layout-9d6595d7 wp-block-columns-is-layout-flex\">\n<div class=\"wp-block-column is-layout-flow wp-block-column-is-layout-flow\"><\/div>\n\n\n\n<div class=\"wp-block-column is-layout-flow wp-block-column-is-layout-flow\" style=\"flex-basis:40%\">\n<figure class=\"wp-block-image size-large\"><img decoding=\"async\" width=\"1024\" height=\"441\" src=\"https:\/\/viaro.org\/wp-content\/uploads\/2023\/03\/country-camp-1024x441.png\" alt=\"country camp\" class=\"wp-image-16687\" srcset=\"https:\/\/viaro.org\/wp-content\/uploads\/2023\/03\/country-camp-1024x441.png 1024w, https:\/\/viaro.org\/wp-content\/uploads\/2023\/03\/country-camp-300x129.png 300w, https:\/\/viaro.org\/wp-content\/uploads\/2023\/03\/country-camp-768x331.png 768w, https:\/\/viaro.org\/wp-content\/uploads\/2023\/03\/country-camp-1536x662.png 1536w, https:\/\/viaro.org\/wp-content\/uploads\/2023\/03\/country-camp.png 1735w\" sizes=\"(max-width: 1024px) 100vw, 1024px\" \/><\/figure>\n<\/div>\n\n\n\n<div class=\"wp-block-column is-layout-flow wp-block-column-is-layout-flow\"><\/div>\n<\/div>\n\n<div style=\"height:30px\" aria-hidden=\"true\" class=\"wp-block-spacer\"><\/div>\n\n<hr class=\"wp-block-separator has-text-color has-alpha-channel-opacity has-background is-style-wide\" style=\"background-color:#3e9386;color:#3e9386\"\/>\n\n<div class=\"wp-block-columns is-layout-flex wp-container-core-columns-is-layout-9d6595d7 wp-block-columns-is-layout-flex\">\n<div class=\"wp-block-column is-layout-flow wp-block-column-is-layout-flow\">\n<p>Country Camp per a nens i nenes d&#8217;i2 a i4. Us proposem un escenari diferent que ens endinsa a la natura, en moments m\u00e9s relaxats i activitats m\u00e9s fresques i animades.<\/p>\n\n\n\n<p><strong>Mantindrem els h\u00e0bits i rutines que tant ens han ajudat a cr\u00e9ixer i a ser m\u00e9s aut\u00f2noms<\/strong>.\u00a0I continuarem convivint amb les tres lleng\u00fces: catal\u00e0, castell\u00e0 i angl\u00e8s.<\/p>\n<\/div>\n<\/div>\n\n<p>Els beneficis del Country Camp s\u00f3n molt nombrosos! A Viar\u00f3 disposem d\u2019un entorn natural adequat, a m\u00e9s, durant el mes de juliol.<\/p>\n\n<hr class=\"wp-block-separator has-text-color has-alpha-channel-opacity has-background is-style-wide\" style=\"background-color:#3e9386;color:#3e9386\"\/>\n\n<div style=\"height:30px\" aria-hidden=\"true\" class=\"wp-block-spacer\"><\/div>\n\n<div class=\"wp-block-columns is-layout-flex wp-container-core-columns-is-layout-9d6595d7 wp-block-columns-is-layout-flex\">\n<div class=\"wp-block-column is-layout-flow wp-block-column-is-layout-flow\">\n<h3 class=\"wp-block-heading has-text-color\" style=\"color:#3e9386\"><strong>Horari<\/strong><\/h3>\n\n\n\n<p>Al Country Camp fem el mateix horari que durant el curs: <strong>de 9.15h a 16.30h<\/strong>.<\/p>\n\n\n\n<p class=\"has-text-color\" style=\"color:#3e9386\"><em><strong>Hi haur\u00e0 servei de perman\u00e8ncies gratu\u00eft de <\/strong><\/em><strong><em>8:00<\/em> a 9:15 i de 16:30 a 17:00<\/strong>.<br\/>Si s\u2019arriba passades les 17 h, es cobrar\u00e0 una quota fixa de 10 euros per nen i dia.<\/p>\n<\/div>\n\n\n\n<div class=\"wp-block-column is-layout-flow wp-block-column-is-layout-flow\" style=\"flex-basis:5%\"><\/div>\n\n\n\n<div class=\"wp-block-column is-layout-flow wp-block-column-is-layout-flow\">\n<h3 class=\"wp-block-heading has-text-color\" style=\"color:#3e9386\"><strong>Lloc<\/strong><\/h3>\n\n\n\n<p><strong>Viar\u00f3 Infantil<\/strong><\/p>\n\n\n\n<p>Estar en el col\u00b7legi ens ajuda a conscienciar-nos que cal ser sostenibles, cuidar el nostre entorn i cuidar-nos entre nosaltres.&#13;\n<\/p>\n<\/div>\n<\/div>\n\n<div style=\"height:30px\" aria-hidden=\"true\" class=\"wp-block-spacer\"><\/div>\n\n<h3 class=\"wp-block-heading has-text-color\" style=\"color:#3e9386\"><strong>Acc\u00e9s al col\u00b7legi<\/strong><\/h3>\n\n<p>Podreu estacionar a l&#8217;<strong>aparcament <\/strong>del <strong><a href=\"https:\/\/www.google.com\/maps\/place\/Viar%C3%B3+Global+School\/@41.4856954,2.0778966,15z\/data=!4m5!3m4!1s0x0:0xcedcfd7972da40e6!8m2!3d41.4856954!4d2.0778966\" target=\"_blank\" rel=\"noopener\">col\u00b7legi<\/a><\/strong> (Av. Roquetes) i acompanyar als vostres fills fins a l&#8217;aula.<\/p>\n\n<p>Preguem que respecteu les indicacions per a circular per l\u2019aparcament, especialment el l\u00edmit de velocitat establert, aix\u00ed com les places reservades per a fam\u00edlies amb fills menors de 2 anys i mares embarassades.&#13;\n&#13;\n<\/p>\n\n<div style=\"height:30px\" aria-hidden=\"true\" class=\"wp-block-spacer\"><\/div>\n\n<div class=\"wp-block-columns is-layout-flex wp-container-core-columns-is-layout-9d6595d7 wp-block-columns-is-layout-flex\">\n<div class=\"wp-block-column is-layout-flow wp-block-column-is-layout-flow\">\n<h3 class=\"wp-block-heading has-text-color\" style=\"color:#3e9386\"><strong>Piscina<\/strong><\/h3>\n\n\n\n<figure class=\"wp-block-image size-full\"><img decoding=\"async\" width=\"943\" height=\"430\" src=\"https:\/\/viaro.org\/wp-content\/uploads\/2022\/03\/piscina-1.jpeg\" alt=\"Piscina\" class=\"wp-image-11190\" srcset=\"https:\/\/viaro.org\/wp-content\/uploads\/2022\/03\/piscina-1.jpeg 943w, https:\/\/viaro.org\/wp-content\/uploads\/2022\/03\/piscina-1-300x137.jpeg 300w, https:\/\/viaro.org\/wp-content\/uploads\/2022\/03\/piscina-1-768x350.jpeg 768w\" sizes=\"(max-width: 943px) 100vw, 943px\" \/><\/figure>\n\n\n\n<p>Tots els alumnes han de portar una motxilla amb el vestit de bany, la tovallola i les xancletes.<\/p>\n\n\n\n<p>i2 far\u00e0 jocs d&#8217;aigua al pati<\/p>\n\n\n\n<p>Els alumnes d&#8217;i3 i i4 tamb\u00e9 aniran a la <strong>piscina del col\u00b7legi<\/strong> i ser\u00e0 imprescindible que portin un &#8220;xurro&#8221; amb un connector com el de la imatge. Tot degudament marcat.<\/p>\n\n\n<div class=\"wp-block-image\">\n<figure class=\"aligncenter size-medium\"><img decoding=\"async\" width=\"300\" height=\"156\" src=\"https:\/\/viaro.org\/wp-content\/uploads\/2022\/06\/churro-piscina-300x156.jpeg\" alt=\"\" class=\"wp-image-12891\" srcset=\"https:\/\/viaro.org\/wp-content\/uploads\/2022\/06\/churro-piscina-300x156.jpeg 300w, https:\/\/viaro.org\/wp-content\/uploads\/2022\/06\/churro-piscina.jpeg 480w\" sizes=\"(max-width: 300px) 100vw, 300px\" \/><\/figure><\/div>\n\n\n<p>Si algun alumne no disposa de xurro amb connector no podr\u00e0 banyar-se a la piscina i es quedar\u00e0 a Infantil fent jocs d&#8217;aigua <strong>(no pot substituir-se per un altre material com  &#8220;manguitos&#8221;, flotador, etc.)<\/strong><br\/><\/p>\n<\/div>\n\n\n\n<div class=\"wp-block-column is-layout-flow wp-block-column-is-layout-flow\" style=\"flex-basis:5%\"><\/div>\n\n\n\n<div class=\"wp-block-column is-layout-flow wp-block-column-is-layout-flow\">\n<h3 class=\"wp-block-heading has-text-color\" style=\"color:#3e9386\"><strong>Tallers i activitats<\/strong><\/h3>\n\n\n\n<figure class=\"wp-block-image size-full\"><img decoding=\"async\" width=\"945\" height=\"430\" src=\"https:\/\/viaro.org\/wp-content\/uploads\/2022\/03\/taller-1.jpeg\" alt=\"Tallers\" class=\"wp-image-11193\" srcset=\"https:\/\/viaro.org\/wp-content\/uploads\/2022\/03\/taller-1.jpeg 945w, https:\/\/viaro.org\/wp-content\/uploads\/2022\/03\/taller-1-300x137.jpeg 300w, https:\/\/viaro.org\/wp-content\/uploads\/2022\/03\/taller-1-768x349.jpeg 768w\" sizes=\"(max-width: 945px) 100vw, 945px\" \/><\/figure>\n\n\n\n<p><\/p>\n\n\n\n<p><\/p>\n\n\n\n<div style=\"height:30px\" aria-hidden=\"true\" class=\"wp-block-spacer\"><\/div>\n\n\n\n<h3 class=\"wp-block-heading has-text-color\" style=\"color:#3e9386\"><strong>Uniforme<\/strong><\/h3>\n\n\n\n<p>El primer dia us entregarem dues samarretes. Els participants han de portar pantalons curts blau mar\u00ed, mitjons i vambes. Us agrairem que tota la roba vagi marcada amb el seu nom.&#13;\n<\/p>\n<\/div>\n<\/div>\n\n<div style=\"height:30px\" aria-hidden=\"true\" class=\"wp-block-spacer\"><\/div>\n\n<h3 class=\"wp-block-heading has-text-color\" style=\"color:#3e9386\"><strong>Preus i inscripci\u00f3<\/strong>\u00a0al Country Camp<\/h3>\n\n<p>Trobareu tota la informaci\u00f3 sobre preus i inscripcions al Country Camp a la p\u00e0gina principal d&#8217;activitats d&#8217;estiu.&#13;\n<\/p>\n\n<p class=\"has-text-color has-link-color wp-elements-81ddf99a5aaa2e5faeb306e67de4e5f2\" style=\"color:#3e9386\"><strong><em>Recordeu que les places s\u00f3n limitades<\/em><\/strong><\/p>\n\n<div style=\"height:30px\" aria-hidden=\"true\" class=\"wp-block-spacer\"><\/div>\n\n<div class=\"wp-block-buttons is-layout-flex wp-block-buttons-is-layout-flex\">\n<div class=\"wp-block-button\"><a class=\"wp-block-button__link has-white-color has-text-color has-background wp-element-button\" href=\"https:\/\/viaro.org\/ca\/activitats-destiu\/\" style=\"background-color:#3e9386\"><strong>INSCRIPCI\u00d3<\/strong><\/a><\/div>\n<\/div>\n\n<div style=\"height:100px\" aria-hidden=\"true\" class=\"wp-block-spacer\"><\/div>\n","protected":false},"excerpt":{"rendered":"<p>Country Camp per a nens i nenes d&#8217;i2 a i4. Us proposem un escenari diferent que ens endinsa a la natura, en moments m\u00e9s relaxats i activitats m\u00e9s fresques i animades. Mantindrem els h\u00e0bits i rutines que tant ens han ajudat a cr\u00e9ixer i a ser m\u00e9s aut\u00f2noms.\u00a0I continuarem convivint amb les tres lleng\u00fces: catal\u00e0, [&hellip;]<\/p>\n","protected":false},"author":12,"featured_media":26214,"parent":11003,"menu_order":1,"comment_status":"closed","ping_status":"closed","template":"template-blocks.php","meta":{"_uag_custom_page_level_css":"","_joinchat":[],"footnotes":""},"class_list":["post-11142","page","type-page","status-publish","has-post-thumbnail","hentry"],"uagb_featured_image_src":{"full":["https:\/\/viaro.org\/wp-content\/uploads\/2026\/03\/IMG-20240705-WA0049-e1774258992185.jpg",2048,1536,false],"thumbnail":["https:\/\/viaro.org\/wp-content\/uploads\/2026\/03\/IMG-20240705-WA0049-150x150.jpg",150,150,true],"medium":["https:\/\/viaro.org\/wp-content\/uploads\/2026\/03\/IMG-20240705-WA0049-300x225.jpg",300,225,true],"medium_large":["https:\/\/viaro.org\/wp-content\/uploads\/2026\/03\/IMG-20240705-WA0049-768x576.jpg",640,480,true],"large":["https:\/\/viaro.org\/wp-content\/uploads\/2026\/03\/IMG-20240705-WA0049-1024x768.jpg",640,480,true],"1536x1536":["https:\/\/viaro.org\/wp-content\/uploads\/2026\/03\/IMG-20240705-WA0049-1536x1152.jpg",1536,1152,true],"2048x2048":["https:\/\/viaro.org\/wp-content\/uploads\/2026\/03\/IMG-20240705-WA0049-e1774258992185.jpg",2048,1536,false],"related-content":["https:\/\/viaro.org\/wp-content\/uploads\/2026\/03\/IMG-20240705-WA0049-297x167.jpg",297,167,true]},"uagb_author_info":{"display_name":"Ignacio Malmierca","author_link":"https:\/\/viaro.org\/ca\/author\/imalmierca\/"},"uagb_comment_info":0,"uagb_excerpt":"Country Camp per a nens i nenes d&#8217;i2 a i4. Us proposem un escenari diferent que ens endinsa a la natura, en moments m\u00e9s relaxats i activitats m\u00e9s fresques i animades. Mantindrem els h\u00e0bits i rutines que tant ens han ajudat a cr\u00e9ixer i a ser m\u00e9s aut\u00f2noms.\u00a0I continuarem convivint amb les tres lleng\u00fces: catal\u00e0,&hellip;","_links":{"self":[{"href":"https:\/\/viaro.org\/ca\/wp-json\/wp\/v2\/pages\/11142","targetHints":{"allow":["GET"]}}],"collection":[{"href":"https:\/\/viaro.org\/ca\/wp-json\/wp\/v2\/pages"}],"about":[{"href":"https:\/\/viaro.org\/ca\/wp-json\/wp\/v2\/types\/page"}],"author":[{"embeddable":true,"href":"https:\/\/viaro.org\/ca\/wp-json\/wp\/v2\/users\/12"}],"replies":[{"embeddable":true,"href":"https:\/\/viaro.org\/ca\/wp-json\/wp\/v2\/comments?post=11142"}],"version-history":[{"count":22,"href":"https:\/\/viaro.org\/ca\/wp-json\/wp\/v2\/pages\/11142\/revisions"}],"predecessor-version":[{"id":26257,"href":"https:\/\/viaro.org\/ca\/wp-json\/wp\/v2\/pages\/11142\/revisions\/26257"}],"up":[{"embeddable":true,"href":"https:\/\/viaro.org\/ca\/wp-json\/wp\/v2\/pages\/11003"}],"wp:featuredmedia":[{"embeddable":true,"href":"https:\/\/viaro.org\/ca\/wp-json\/wp\/v2\/media\/26214"}],"wp:attachment":[{"href":"https:\/\/viaro.org\/ca\/wp-json\/wp\/v2\/media?parent=11142"}],"curies":[{"name":"wp","href":"https:\/\/api.w.org\/{rel}","templated":true}]}}