{"id":11199,"date":"2025-04-09T10:48:28","date_gmt":"2025-04-09T10:48:28","guid":{"rendered":"https:\/\/viaro.org\/?page_id=11199"},"modified":"2026-03-23T10:15:37","modified_gmt":"2026-03-23T10:15:37","slug":"sports-summer-camp","status":"publish","type":"page","link":"https:\/\/viaro.org\/ca\/activitats-destiu\/sports-summer-camp\/","title":{"rendered":"Sports Summer Camp"},"content":{"rendered":"\n<div class=\"wp-block-columns is-layout-flex wp-container-core-columns-is-layout-9d6595d7 wp-block-columns-is-layout-flex\">\n<div class=\"wp-block-column is-layout-flow wp-block-column-is-layout-flow\"><\/div>\n\n\n\n<div class=\"wp-block-column is-layout-flow wp-block-column-is-layout-flow\" style=\"flex-basis:40%\">\n<figure class=\"wp-block-image size-large\"><img decoding=\"async\" width=\"1024\" height=\"537\" src=\"https:\/\/viaro.org\/wp-content\/uploads\/2023\/03\/sports-summer-1-1024x537.png\" alt=\"Sports summer camp\" class=\"wp-image-16609\" srcset=\"https:\/\/viaro.org\/wp-content\/uploads\/2023\/03\/sports-summer-1-1024x537.png 1024w, https:\/\/viaro.org\/wp-content\/uploads\/2023\/03\/sports-summer-1-300x157.png 300w, https:\/\/viaro.org\/wp-content\/uploads\/2023\/03\/sports-summer-1-768x402.png 768w, https:\/\/viaro.org\/wp-content\/uploads\/2023\/03\/sports-summer-1.png 1399w\" sizes=\"(max-width: 1024px) 100vw, 1024px\" \/><\/figure>\n<\/div>\n\n\n\n<div class=\"wp-block-column is-layout-flow wp-block-column-is-layout-flow\"><\/div>\n<\/div>\n\n<div style=\"height:50px\" aria-hidden=\"true\" class=\"wp-block-spacer\"><\/div>\n\n<hr class=\"wp-block-separator has-text-color has-alpha-channel-opacity has-background is-style-wide\" style=\"background-color:#f3933d;color:#f3933d\"\/>\n\n<div class=\"wp-block-columns is-layout-flex wp-container-core-columns-is-layout-9d6595d7 wp-block-columns-is-layout-flex\">\n<div class=\"wp-block-column is-layout-flow wp-block-column-is-layout-flow\" style=\"flex-basis:33.33%\">\n<figure class=\"wp-block-image size-large\"><img decoding=\"async\" width=\"576\" height=\"1024\" src=\"https:\/\/viaro.org\/wp-content\/uploads\/2023\/03\/sports-summer-camp.007-1-576x1024.jpeg\" alt=\"sports summer camp portada\" class=\"wp-image-16650\" srcset=\"https:\/\/viaro.org\/wp-content\/uploads\/2023\/03\/sports-summer-camp.007-1-576x1024.jpeg 576w, https:\/\/viaro.org\/wp-content\/uploads\/2023\/03\/sports-summer-camp.007-1-169x300.jpeg 169w, https:\/\/viaro.org\/wp-content\/uploads\/2023\/03\/sports-summer-camp.007-1-768x1365.jpeg 768w, https:\/\/viaro.org\/wp-content\/uploads\/2023\/03\/sports-summer-camp.007-1-864x1536.jpeg 864w, https:\/\/viaro.org\/wp-content\/uploads\/2023\/03\/sports-summer-camp.007-1.jpeg 1080w\" sizes=\"(max-width: 576px) 100vw, 576px\" \/><\/figure>\n<\/div>\n\n\n\n<div class=\"wp-block-column is-layout-flow wp-block-column-is-layout-flow\" style=\"flex-basis:66.66%\">\n<p><div class=\"traductor-textarea form-group\">&#13;\n<div class=\"textarea-desti col-xs-12 col-sm-6\">&#13;\n<div class=\"form-control second-textarea\">L&#8217;Sports Summer Camp (<strong>de futbol o b\u00e0squet<\/strong>) neix amb la finalitat d&#8217;oferir un espai perqu\u00e8 el vostre fill millori la coordinaci\u00f3 i els aspectes t\u00e8cnics i t\u00e0ctics de l&#8217;esport que tri\u00ef.<\/div><br\/><\/div><br\/><\/div><br\/><div class=\"traductor-checkbox form-group\">&#13;\n<div class=\"row\">&#13;\n<div class=\"col-sm-offset-2 col-sm-5\"><\/div><br\/><\/div><br\/><\/div><\/p>\n\n\n\n<p>Les nostres activitats posen l&#8217;accent en el creixement personal i l&#8217;educaci\u00f3 en valors dels participants. Per a les sessions t\u00e8cniques i t\u00e0ctiques comptarem tamb\u00e9 amb entrenadors titulats, que els ajudaran a comprendre millor cada aspecte de les situacions de joc.&#13;\n<\/p>\n\n\n\n<h3 class=\"wp-block-heading has-text-color\" style=\"color:#f3933d\">Dos campus en un<\/h3>\n\n\n\n<p>Als matins realitzaran sessions d&#8217;entrenament espec\u00edfiques i competicions, una estona de piscina i jocs esportius. Havent dinat s&#8217;uniran al Summer Camp per jugar una <strong>competici\u00f3 de p\u00e0del<\/strong> i disposaran tamb\u00e9 d&#8217;un temps per a fer els deures d&#8217;estiu.<\/p>\n<\/div>\n<\/div>\n\n<hr class=\"wp-block-separator has-text-color has-alpha-channel-opacity has-background is-style-wide\" style=\"background-color:#f3933d;color:#f3933d\"\/>\n\n<div style=\"height:20px\" aria-hidden=\"true\" class=\"wp-block-spacer\"><\/div>\n\n<div class=\"wp-block-columns is-layout-flex wp-container-core-columns-is-layout-9d6595d7 wp-block-columns-is-layout-flex\">\n<div class=\"wp-block-column is-layout-flow wp-block-column-is-layout-flow\">\n<h3 class=\"wp-block-heading has-text-color\" style=\"color:#f3933d\"><strong>Horari<\/strong><\/h3>\n\n\n\n<p><div class=\"traductor-textarea form-group\">&#13;\n<div class=\"textarea-desti col-xs-12 col-sm-6\">&#13;\n<div class=\"form-control second-textarea\">A l&#8217;Sports Summer Camp fem el mateix horari que durant el curs: <strong>de 9.15h a 16.25h<\/strong>. En la mesura que pugueu, us demanem <strong>que els alumnes siguin puntuals.<\/strong><\/div><br\/><\/div><br\/><\/div><br\/><div class=\"traductor-checkbox form-group\">&#13;\n<div class=\"row\">&#13;\n<div class=\"col-sm-offset-2 col-sm-5\"><\/div><br\/><\/div><br\/><\/div><\/p>\n\n\n\n<p class=\"has-text-color\" style=\"color:#f3933d\"><div class=\"traductor-textarea form-group\">&#13;\n<div class=\"textarea-desti col-xs-12 col-sm-6\">&#13;\n<div class=\"form-control second-textarea\"><em><strong>Fins a les 13.45 realitzaran entrenaments esportius i havent dinat s&#8217;uniran a les activitats del\u00a0Summer\u00a0Camp.<\/strong><\/em><\/div><br\/><\/div><br\/><\/div><br\/><div class=\"traductor-checkbox form-group\">&#13;\n<div class=\"row\">&#13;\n<div class=\"col-sm-offset-2 col-sm-5\"><\/div><br\/><\/div><br\/><\/div><\/p>\n\n\n\n<p>Els dijous, els alumnes de 5\u00e8 i 6\u00e8\u00a0 <strong>NO passen la nit<\/strong> a l&#8217;escola com la resta del summer camp<\/p>\n<\/div>\n\n\n\n<div class=\"wp-block-column is-layout-flow wp-block-column-is-layout-flow\" style=\"flex-basis:5%\"><\/div>\n\n\n\n<div class=\"wp-block-column is-layout-flow wp-block-column-is-layout-flow\">\n<h3 class=\"wp-block-heading has-text-color\" style=\"color:#f3933d\"><strong>Uniforme<\/strong> i material<\/h3>\n\n\n\n<p><div class=\"traductor-textarea form-group\">&#13;\n<div class=\"textarea-desti col-xs-12 col-sm-6\">&#13;\n<div class=\"form-control second-textarea\">Lliurarem a cada participant <strong>2 samarretes<\/strong> d&#8217;entrenament. A m\u00e9s, necessitaran:<\/div><br\/><\/div><br\/><\/div><br\/><div class=\"traductor-checkbox form-group\">&#13;\n<div class=\"row\">&#13;\n<div class=\"col-sm-offset-2 col-sm-5\"><\/div><br\/><\/div><br\/><\/div><\/p>\n\n\n\n<ul class=\"wp-block-list\">\n<li><span style=\"color: initial; font-family: -apple-system, BlinkMacSystemFont, 'Segoe UI', Roboto, Oxygen-Sans, Ubuntu, Cantarell, 'Helvetica Neue', sans-serif;\">Pantal\u00f3 curt<\/span><\/li>\n\n\n\n<li>Botes de futbol \/ Sabatilles esportives<\/li>\n\n\n\n<li>tovallola banyador i xancletes<\/li>\n\n\n\n<li>Crema solar i sab\u00f3<\/li>\n\n\n\n<li>Esmorzar i ampolla d&#8217;aigua<\/li>\n\n\n\n<li>Pala de p\u00e1del<\/li>\n<\/ul>\n<\/div>\n<\/div>\n\n<div style=\"height:20px\" aria-hidden=\"true\" class=\"wp-block-spacer\"><\/div>\n\n<div class=\"wp-block-columns is-layout-flex wp-container-core-columns-is-layout-9d6595d7 wp-block-columns-is-layout-flex\">\n<div class=\"wp-block-column is-layout-flow wp-block-column-is-layout-flow\">\n<h3 class=\"wp-block-heading has-text-color\" style=\"color:#f3933d\"><strong>Despla\u00e7aments<\/strong><\/h3>\n\n\n\n<p><div class=\"traductor-textarea form-group\">&#13;\n<div class=\"textarea-desti col-xs-12 col-sm-6\">&#13;\n<div class=\"form-control second-textarea\">Com sabeu, durant l&#8217;estiu no hi ha servei d&#8217;autocars ni tren escolar. <strong>Recomanem<\/strong> a tots els alumnes que han de despla\u00e7ar-se en FFGC que agafin junts el tren que surt de <strong>Pla\u00e7a Catalunya a les 8.22h i, per a tornar, el de les 16.47h.<\/strong><\/div><br\/><\/div><br\/><\/div><br\/><div class=\"traductor-checkbox form-group\">&#13;\n<div class=\"row\">&#13;\n<div class=\"col-sm-offset-2 col-sm-5\"><\/div><br\/><\/div><br\/><\/div><\/p>\n\n\n\n<p>Hi haur\u00e0 monitors a les parades de Muntaner i Sarri\u00e0 deu minuts abans.<\/p>\n\n\n\n<p>Si porteu als vostres fills amb cotxe. Podreu estacionar en els aparcaments del col\u00b7legi (Av. Alcalde Barnils \/ Av. Roquetes)<\/p>\n\n\n\n<h3 class=\"wp-block-heading has-text-color\" style=\"color:#f3933d\"><strong>Deures<\/strong><\/h3>\n\n\n\n<p><div class=\"traductor-textarea form-group\">&#13;\n<div class=\"textarea-desti col-xs-12 col-sm-6\">&#13;\n<div class=\"form-control second-textarea\"><strong>Cada dia disposaran d&#8217;un temps per a realitzar els seus deures d&#8217;estiu<\/strong>. Tamb\u00e9 poden portar algun llibre de lectura.<\/div><br\/><\/div><br\/><\/div><br\/><div class=\"traductor-checkbox form-group\">&#13;\n<div class=\"row\">&#13;\n<div class=\"col-sm-offset-2 col-sm-5\"><\/div><br\/><\/div><br\/><\/div><\/p>\n\n\n\n<h3 class=\"wp-block-heading has-text-color\" style=\"color:#f3933d\"><strong>P\u00e0del<\/strong><\/h3>\n\n\n\n<p>Cada dia jugaran un campionat de p\u00e0del en les nostres pr\u00f2pies instal\u00b7lacions.<\/p>\n<\/div>\n\n\n\n<div class=\"wp-block-column is-layout-flow wp-block-column-is-layout-flow\" style=\"flex-basis:5%\"><\/div>\n\n\n\n<div class=\"wp-block-column is-layout-flow wp-block-column-is-layout-flow\">\n<h3 class=\"wp-block-heading has-text-color\" style=\"color:#f3933d\"><strong>Lloc<\/strong><\/h3>\n\n\n\n<p>L&#8217;Sports Summer Camp es desenvolupa a les instal\u00b7lacions esportives de Viar\u00f3. Al mat\u00ed, per a realitzar els entrenaments esportius han de dirigir-se a l&#8217;edifici de vestidors.<\/p>\n\n\n\n<p><div class=\"traductor-textarea form-group\">&#13;\n<div class=\"textarea-desti col-xs-12 col-sm-6\">&#13;\n<div class=\"form-control second-textarea\">A les tardes, els alumnes de 5\u00e8 i 6\u00e8 s&#8217;uniran a la resta del Summer Camp a l&#8217;edifici Pins.<\/div><br\/><\/div><br\/><\/div><br\/><div class=\"traductor-checkbox form-group\">&#13;\n<div class=\"row\">&#13;\n<div class=\"col-sm-offset-2 col-sm-5\"><\/div><br\/><\/div><br\/><\/div><\/p>\n\n\n\n<h3 class=\"wp-block-heading has-text-color\" style=\"color:#f3933d\"><strong>Menjador<\/strong><\/h3>\n\n\n\n<p>Dinem a les 13.45 al menjador del Col\u00b7legi. \u00c9s necessari que ens indiqueu, en el formulari d\u2019inscripci\u00f3, si el vostre fill t\u00e9 algun tipus de r\u00e8gim especial. Us informarem setmanalment dels men\u00fas previstos en un butllet\u00ed que donarem el primer dia de cada setmana.<\/p>\n\n\n\n<h3 class=\"wp-block-heading has-text-color\" style=\"color:#f3933d\"><strong>Piscina<\/strong><\/h3>\n\n\n\n<p><div class=\"traductor-textarea form-group\">&#13;\n<div class=\"textarea-desti col-xs-12 col-sm-6\">&#13;\n<div class=\"form-control second-textarea\">No ens oblidem del <strong>vestit de bany i la tovallola<\/strong>, ja que cada dia anirem a la piscina del Col\u00b7legi, atesa per un socorrista.<\/div><br\/><\/div><br\/><\/div><\/p>\n<\/div>\n<\/div>\n\n<div style=\"height:20px\" aria-hidden=\"true\" class=\"wp-block-spacer\"><\/div>\n\n<h3 class=\"wp-block-heading has-text-color\" style=\"color:#f3933d\"><strong>Planificaci\u00f3 setmanal Sports Summer Camp<\/strong><\/h3>\n\n<figure class=\"wp-block-image size-full\"><img decoding=\"async\" width=\"1627\" height=\"575\" src=\"https:\/\/viaro.org\/wp-content\/uploads\/2024\/04\/horario-Sports-Summer-Camp.jpeg\" alt=\"Sports summer camp horari\" class=\"wp-image-21407\" srcset=\"https:\/\/viaro.org\/wp-content\/uploads\/2024\/04\/horario-Sports-Summer-Camp.jpeg 1627w, https:\/\/viaro.org\/wp-content\/uploads\/2024\/04\/horario-Sports-Summer-Camp-300x106.jpeg 300w, https:\/\/viaro.org\/wp-content\/uploads\/2024\/04\/horario-Sports-Summer-Camp-1024x362.jpeg 1024w, https:\/\/viaro.org\/wp-content\/uploads\/2024\/04\/horario-Sports-Summer-Camp-768x271.jpeg 768w, https:\/\/viaro.org\/wp-content\/uploads\/2024\/04\/horario-Sports-Summer-Camp-1536x543.jpeg 1536w\" sizes=\"(max-width: 1627px) 100vw, 1627px\" \/><\/figure>\n\n<div style=\"height:20px\" aria-hidden=\"true\" class=\"wp-block-spacer\"><\/div>\n\n<h3 class=\"wp-block-heading has-text-color\" style=\"color:#f3933d\"><strong>Preus i inscripci\u00f3\u00a0<\/strong>a l&#8217;Sports Summer Camp<\/h3>\n\n<p>Trobareu tota la informaci\u00f3 sobre preus i inscripcions a l&#8217;Sports Summer Camp a la p\u00e0gina principal d&#8217;activitats d&#8217;estiu.&#13;\n<\/p>\n\n<p><em><strong>El nombre de participants per setmana \u00e9s limitat. En cas que us inscrigueu a una setmana que ja estigui completa, els coordinadors de l&#8217;activitat es posaran en contacte amb vosaltres.<\/strong><\/em><\/p>\n\n<div class=\"wp-block-buttons is-layout-flex wp-block-buttons-is-layout-flex\">\n<div class=\"wp-block-button\"><a class=\"wp-block-button__link has-white-color has-text-color has-background wp-element-button\" href=\"https:\/\/viaro.org\/ca\/activitats-destiu\/\" style=\"border-radius:100px;background-color:#f3933d\"><strong>INSCRIPCI\u00d3<\/strong><\/a><\/div>\n<\/div>\n\n<p><\/p>\n","protected":false},"excerpt":{"rendered":"<p>&#13; &#13; L&#8217;Sports Summer Camp (de futbol o b\u00e0squet) neix amb la finalitat d&#8217;oferir un espai perqu\u00e8 el vostre fill millori la coordinaci\u00f3 i els aspectes t\u00e8cnics i t\u00e0ctics de l&#8217;esport que tri\u00ef. &#13; &#13; Les nostres activitats posen l&#8217;accent en el creixement personal i l&#8217;educaci\u00f3 en valors dels participants. Per a les sessions t\u00e8cniques [&hellip;]<\/p>\n","protected":false},"author":12,"featured_media":16617,"parent":11003,"menu_order":1,"comment_status":"closed","ping_status":"closed","template":"template-blocks.php","meta":{"_uag_custom_page_level_css":"","_joinchat":[],"footnotes":""},"class_list":["post-11199","page","type-page","status-publish","has-post-thumbnail","hentry"],"uagb_featured_image_src":{"full":["https:\/\/viaro.org\/wp-content\/uploads\/2023\/03\/Sports-summer-camp-scaled.jpeg",2560,668,false],"thumbnail":["https:\/\/viaro.org\/wp-content\/uploads\/2023\/03\/Sports-summer-camp-150x150.jpeg",150,150,true],"medium":["https:\/\/viaro.org\/wp-content\/uploads\/2023\/03\/Sports-summer-camp-300x78.jpeg",300,78,true],"medium_large":["https:\/\/viaro.org\/wp-content\/uploads\/2023\/03\/Sports-summer-camp-768x201.jpeg",640,168,true],"large":["https:\/\/viaro.org\/wp-content\/uploads\/2023\/03\/Sports-summer-camp-1024x267.jpeg",640,167,true],"1536x1536":["https:\/\/viaro.org\/wp-content\/uploads\/2023\/03\/Sports-summer-camp-1536x401.jpeg",1536,401,true],"2048x2048":["https:\/\/viaro.org\/wp-content\/uploads\/2023\/03\/Sports-summer-camp-2048x535.jpeg",2048,535,true],"related-content":["https:\/\/viaro.org\/wp-content\/uploads\/2023\/03\/Sports-summer-camp-297x167.jpeg",297,167,true]},"uagb_author_info":{"display_name":"Ignacio Malmierca","author_link":"https:\/\/viaro.org\/ca\/author\/imalmierca\/"},"uagb_comment_info":0,"uagb_excerpt":"&#13; &#13; L&#8217;Sports Summer Camp (de futbol o b\u00e0squet) neix amb la finalitat d&#8217;oferir un espai perqu\u00e8 el vostre fill millori la coordinaci\u00f3 i els aspectes t\u00e8cnics i t\u00e0ctics de l&#8217;esport que tri\u00ef. &#13; &#13; Les nostres activitats posen l&#8217;accent en el creixement personal i l&#8217;educaci\u00f3 en valors dels participants. Per a les sessions t\u00e8cniques&hellip;","_links":{"self":[{"href":"https:\/\/viaro.org\/ca\/wp-json\/wp\/v2\/pages\/11199","targetHints":{"allow":["GET"]}}],"collection":[{"href":"https:\/\/viaro.org\/ca\/wp-json\/wp\/v2\/pages"}],"about":[{"href":"https:\/\/viaro.org\/ca\/wp-json\/wp\/v2\/types\/page"}],"author":[{"embeddable":true,"href":"https:\/\/viaro.org\/ca\/wp-json\/wp\/v2\/users\/12"}],"replies":[{"embeddable":true,"href":"https:\/\/viaro.org\/ca\/wp-json\/wp\/v2\/comments?post=11199"}],"version-history":[{"count":20,"href":"https:\/\/viaro.org\/ca\/wp-json\/wp\/v2\/pages\/11199\/revisions"}],"predecessor-version":[{"id":26226,"href":"https:\/\/viaro.org\/ca\/wp-json\/wp\/v2\/pages\/11199\/revisions\/26226"}],"up":[{"embeddable":true,"href":"https:\/\/viaro.org\/ca\/wp-json\/wp\/v2\/pages\/11003"}],"wp:featuredmedia":[{"embeddable":true,"href":"https:\/\/viaro.org\/ca\/wp-json\/wp\/v2\/media\/16617"}],"wp:attachment":[{"href":"https:\/\/viaro.org\/ca\/wp-json\/wp\/v2\/media?parent=11199"}],"curies":[{"name":"wp","href":"https:\/\/api.w.org\/{rel}","templated":true}]}}