{"id":11213,"date":"2025-04-09T10:46:26","date_gmt":"2025-04-09T10:46:26","guid":{"rendered":"https:\/\/viaro.org\/?page_id=11213"},"modified":"2026-03-23T10:13:00","modified_gmt":"2026-03-23T10:13:00","slug":"sports-camp","status":"publish","type":"page","link":"https:\/\/viaro.org\/ca\/activitats-destiu\/sports-camp\/","title":{"rendered":"Sports Camp"},"content":{"rendered":"\n<div style=\"height:10px\" aria-hidden=\"true\" class=\"wp-block-spacer\"><\/div>\n\n<div class=\"wp-block-columns is-layout-flex wp-container-core-columns-is-layout-9d6595d7 wp-block-columns-is-layout-flex\">\n<div class=\"wp-block-column is-layout-flow wp-block-column-is-layout-flow\"><\/div>\n\n\n\n<div class=\"wp-block-column is-layout-flow wp-block-column-is-layout-flow\" style=\"flex-basis:40%\">\n<figure class=\"wp-block-image size-large\"><img decoding=\"async\" width=\"1024\" height=\"561\" src=\"https:\/\/viaro.org\/wp-content\/uploads\/2023\/03\/sports-1-1024x561.png\" alt=\"sports camp\" class=\"wp-image-16600\" srcset=\"https:\/\/viaro.org\/wp-content\/uploads\/2023\/03\/sports-1-1024x561.png 1024w, https:\/\/viaro.org\/wp-content\/uploads\/2023\/03\/sports-1-300x164.png 300w, https:\/\/viaro.org\/wp-content\/uploads\/2023\/03\/sports-1-768x421.png 768w, https:\/\/viaro.org\/wp-content\/uploads\/2023\/03\/sports-1.png 1393w\" sizes=\"(max-width: 1024px) 100vw, 1024px\" \/><\/figure>\n<\/div>\n\n\n\n<div class=\"wp-block-column is-layout-flow wp-block-column-is-layout-flow\"><\/div>\n<\/div>\n\n<div style=\"height:30px\" aria-hidden=\"true\" class=\"wp-block-spacer\"><\/div>\n\n<hr class=\"wp-block-separator has-text-color has-alpha-channel-opacity has-background is-style-wide\" style=\"background-color:#b2153f;color:#b2153f\"\/>\n\n<div class=\"wp-block-columns is-layout-flex wp-container-core-columns-is-layout-9d6595d7 wp-block-columns-is-layout-flex\">\n<div class=\"wp-block-column is-layout-flow wp-block-column-is-layout-flow\"><div class=\"epyt-video-wrapper\"><div  style=\"display: block; margin: 0px auto;\"  id=\"_ytid_35539\"  width=\"800\" height=\"450\"  data-origwidth=\"800\" data-origheight=\"450\" data-facadesrc=\"https:\/\/www.youtube.com\/embed\/-JlW4oYi1J8?enablejsapi=1&#038;autoplay=0&#038;cc_load_policy=0&#038;cc_lang_pref=&#038;iv_load_policy=3&#038;loop=0&#038;rel=0&#038;fs=1&#038;playsinline=0&#038;autohide=2&#038;theme=dark&#038;color=white&#038;controls=1&#038;disablekb=0&#038;\" class=\"__youtube_prefs__ epyt-facade no-lazyload\" data-epautoplay=\"1\" ><img decoding=\"async\" data-spai-excluded=\"true\" class=\"epyt-facade-poster skip-lazy\" loading=\"lazy\"  alt=\"YouTube player\"  src=\"https:\/\/i.ytimg.com\/vi\/-JlW4oYi1J8\/maxresdefault.jpg\"  \/><button class=\"epyt-facade-play\" aria-label=\"Play\"><svg data-no-lazy=\"1\" height=\"100%\" version=\"1.1\" viewBox=\"0 0 68 48\" width=\"100%\"><path class=\"ytp-large-play-button-bg\" d=\"M66.52,7.74c-0.78-2.93-2.49-5.41-5.42-6.19C55.79,.13,34,0,34,0S12.21,.13,6.9,1.55 C3.97,2.33,2.27,4.81,1.48,7.74C0.06,13.05,0,24,0,24s0.06,10.95,1.48,16.26c0.78,2.93,2.49,5.41,5.42,6.19 C12.21,47.87,34,48,34,48s21.79-0.13,27.1-1.55c2.93-0.78,4.64-3.26,5.42-6.19C67.94,34.95,68,24,68,24S67.94,13.05,66.52,7.74z\" fill=\"#f00\"><\/path><path d=\"M 45,24 27,14 27,34\" fill=\"#fff\"><\/path><\/svg><\/button><\/div><\/div><\/div>\n\n\n\n<div class=\"wp-block-column is-layout-flow wp-block-column-is-layout-flow\">\n<p><div class=\"traductor-textarea form-group\">&#13;\n<div class=\"textarea-desti col-xs-12 col-sm-6\">&#13;\n<div class=\"form-control second-textarea\">L&#8217;Sports Camp (<strong>de futbol o b\u00e0squet<\/strong>) neix amb la finalitat d\u2019oferir un espai perqu\u00e8 el vostre fill millori la coordinaci\u00f3 i els aspectes t\u00e8cnics i t\u00e0ctics de l\u2019esport que tri\u00ef.<\/div><br\/><\/div><br\/><\/div><br\/><div class=\"traductor-checkbox form-group\">&#13;\n<div class=\"row\">&#13;\n<div class=\"col-sm-offset-2 col-sm-5\"><\/div><br\/><\/div><br\/><\/div><br\/>\u00a0<\/p>\n\n\n\n<p>Als matins realitzaran sessions d\u2019entrenament espec\u00edfiques i competicions, a m\u00e9s de gaudir <strong>d\u2019una hora de p\u00e0del<\/strong>, una estona de piscina i jocs esportius.<\/p>\n<\/div>\n<\/div>\n\n<p>Les nostres activitats posen l\u2019accent en el creixement personal i l\u2019educaci\u00f3 en valors dels participants. Per a les sessions t\u00e8cniques i t\u00e0ctiques comptarem tamb\u00e9 amb entrenadors titulats, que els ajudaran a comprendre millor cada aspecte de les situacions de joc.&#13;\n&#13;\n<\/p>\n\n<p>Les instal\u00b7lacions de Viar\u00f3 s\u00f3n l&#8217;escenari ideal perqu\u00e8 el vostre fill es continu\u00ef formant a l&#8217;estiu a trav\u00e9s de l&#8217;esport.&#13;\n<\/p>\n\n<p>Per tal que l\u2019activitat es pugui desenvolupar en condicions adequades d\u2019organitzaci\u00f3 i qualitat, \u00e9s necessari un m\u00ednim de participants. En cas de no assolir-se aquest m\u00edn d\u2019alumnes, Viar\u00f3 es reserva el dret de suspendre l\u2019activitat.<\/p>\n\n<hr class=\"wp-block-separator has-text-color has-alpha-channel-opacity has-background is-style-wide\" style=\"background-color:#b2153f;color:#b2153f\"\/>\n\n<div style=\"height:50px\" aria-hidden=\"true\" class=\"wp-block-spacer\"><\/div>\n\n<div class=\"wp-block-columns is-layout-flex wp-container-core-columns-is-layout-9d6595d7 wp-block-columns-is-layout-flex\">\n<div class=\"wp-block-column is-layout-flow wp-block-column-is-layout-flow\">\n<h3 class=\"wp-block-heading has-text-color\" style=\"color:#b2153f\">Horari<\/h3>\n\n\n\n<p>A l\u2019Sports Camp comencem a les <strong>\u00a09.15 <\/strong>i acabem<strong> a les 14.30<\/strong>, despr\u00e9s de dinar. En la mesura que pugueu, us demanem\u00a0<strong>que els alumnes siguin puntuals.<\/strong><\/p>\n\n\n\n<h3 class=\"wp-block-heading has-text-color\" style=\"color:#b2153f\">Lloc<\/h3>\n\n\n\n<p>L\u2019Sports Summer Camp es desenvolupa a les <strong><a href=\"https:\/\/viaro.org\/ca\/instalacions\/\">instal\u00b7lacions<\/a><\/strong> esportives de Viar\u00f3. Al mat\u00ed, per a realitzar els entrenaments esportius han de dirigir-se a l\u2019edifici de vestidors.<\/p>\n\n\n\n<h3 class=\"wp-block-heading has-text-color\" style=\"color:#b2153f\">Menjador<\/h3>\n\n\n\n<p>Dinem a les 14.00 al menjador de l\u2019escola. Cal que ens indiqueu, en el formulari d\u2019inscripci\u00f3, si el vostre fill t\u00e9 algun tipus de r\u00e8gim especial. Us informarem setmanalment dels men\u00fas previstos en un butllet\u00ed que lliurarem el primer dia de cada setmana.<\/p>\n<\/div>\n\n\n\n<div class=\"wp-block-column is-layout-flow wp-block-column-is-layout-flow\" style=\"flex-basis:5%\"><\/div>\n\n\n\n<div class=\"wp-block-column is-layout-flow wp-block-column-is-layout-flow\">\n<h3 class=\"wp-block-heading has-text-color\" style=\"color:#b2153f\">Despla\u00e7aments<\/h3>\n\n\n\n<p>Si porteu als vostres fills amb cotxe. Podreu estacionar en els aparcaments del <a href=\"https:\/\/www.google.com\/maps\/place\/Viar%C3%B3+Global+School\/@41.4856954,2.0778966,15z\/data=!4m2!3m1!1s0x0:0xcedcfd7972da40e6?sa=X&amp;ved=2ahUKEwjJxNeOgJH4AhUD3BoKHbOhDtIQ_BJ6BQjKARAF\" target=\"_blank\" rel=\"noopener\">col\u00b7legi<\/a> (Av. Alcalde Barnils \/ Av. Roquetes)<\/p>\n\n\n\n<h3 class=\"wp-block-heading has-text-color\" style=\"color:#b2153f\">Uniforme<\/h3>\n\n\n\n<p><div class=\"traductor-textarea form-group\">&#13;\n<div class=\"textarea-desti col-xs-12 col-sm-6\">&#13;\n<div class=\"form-control second-textarea\">Lliurarem a cada participant\u00a0<strong>2 samarretes<\/strong> d\u2019entrenament. A m\u00e9s, necessitaran:<\/div><br\/><\/div><br\/><\/div><\/p>\n\n\n\n<ul class=\"wp-block-list\">\n<li><span style=\"color: initial; font-family: -apple-system, BlinkMacSystemFont, 'Segoe UI', Roboto, Oxygen-Sans, Ubuntu, Cantarell, 'Helvetica Neue', sans-serif;\">Pantal\u00f3 curt<\/span><\/li>\n\n\n\n<li>Botes de futbol \/ Sabatilles esportives<\/li>\n\n\n\n<li>Tovallola, banyador i xancletes<\/li>\n\n\n\n<li>Crema solar i sab\u00f3<\/li>\n\n\n\n<li>Esmorzar i ampolla d&#8217;aigua<\/li>\n\n\n\n<li>Pala de p\u00e0del <\/li>\n<\/ul>\n\n\n\n<h3 class=\"wp-block-heading has-text-color\" style=\"color:#b2153f\">P\u00e0del<\/h3>\n\n\n\n<p>Cada dia jugaran un campionat de p\u00e0del en les nostres pr\u00f2pies instal\u00b7lacions.<\/p>\n<\/div>\n<\/div>\n\n<div style=\"height:20px\" aria-hidden=\"true\" class=\"wp-block-spacer\"><\/div>\n\n<div class=\"wp-block-columns has-white-color has-text-color has-background is-layout-flex wp-container-core-columns-is-layout-9d6595d7 wp-block-columns-is-layout-flex\" style=\"background-color:#b2153f\">\n<div class=\"wp-block-column is-layout-flow wp-block-column-is-layout-flow\">\n<h3 class=\"wp-block-heading has-white-color has-text-color\"><strong>Activitats complement\u00e0ries<\/strong><\/h3>\n\n\n\n<p>Cada setmana comptarem amb la col\u00b7laboraci\u00f3 d&#8217;un convidat per donar una sessi\u00f3 te\u00f2rica i formativa als participants.<\/p>\n<\/div>\n\n\n\n<div class=\"wp-block-column is-layout-flow wp-block-column-is-layout-flow\">\n<h3 class=\"wp-block-heading has-white-color has-text-color\"><strong>Metodologia<\/strong><\/h3>\n\n\n\n<p>Potenciar habilitats del jugador<\/p>\n\n\n\n<p>Entrenament en grup redu\u00eft<\/p>\n\n\n\n<p>Base en alta tecnificaci\u00f3<\/p>\n<\/div>\n\n\n\n<div class=\"wp-block-column is-layout-flow wp-block-column-is-layout-flow\">\n<div style=\"height:47px\" aria-hidden=\"true\" class=\"wp-block-spacer\"><\/div>\n\n\n\n<p>Competici\u00f3 di\u00e0ria<\/p>\n\n\n\n<p>Comprensi\u00f3 del joc<\/p>\n\n\n\n<p>Intel\u00b7lig\u00e8ncia t\u00e0ctica<\/p>\n<\/div>\n<\/div>\n\n<div style=\"height:40px\" aria-hidden=\"true\" class=\"wp-block-spacer\"><\/div>\n\n<h3 class=\"wp-block-heading has-text-color\" style=\"color:#b2153f\">Planificaci\u00f3 setmanal Sports Camp<\/h3>\n\n<figure class=\"wp-block-image size-full\"><img decoding=\"async\" width=\"1503\" height=\"536\" src=\"https:\/\/viaro.org\/wp-content\/uploads\/2024\/04\/horario-Sports-Camp-A.jpeg\" alt=\"Sports Camp horari A\" class=\"wp-image-21413\" srcset=\"https:\/\/viaro.org\/wp-content\/uploads\/2024\/04\/horario-Sports-Camp-A.jpeg 1503w, https:\/\/viaro.org\/wp-content\/uploads\/2024\/04\/horario-Sports-Camp-A-300x107.jpeg 300w, https:\/\/viaro.org\/wp-content\/uploads\/2024\/04\/horario-Sports-Camp-A-1024x365.jpeg 1024w, https:\/\/viaro.org\/wp-content\/uploads\/2024\/04\/horario-Sports-Camp-A-768x274.jpeg 768w\" sizes=\"(max-width: 1503px) 100vw, 1503px\" \/><\/figure>\n\n<figure class=\"wp-block-image size-full\"><img decoding=\"async\" width=\"1503\" height=\"519\" src=\"https:\/\/viaro.org\/wp-content\/uploads\/2024\/04\/horario-Sports-Camp-B.jpeg\" alt=\"Sports Camp Horari B\" class=\"wp-image-21416\" srcset=\"https:\/\/viaro.org\/wp-content\/uploads\/2024\/04\/horario-Sports-Camp-B.jpeg 1503w, https:\/\/viaro.org\/wp-content\/uploads\/2024\/04\/horario-Sports-Camp-B-300x104.jpeg 300w, https:\/\/viaro.org\/wp-content\/uploads\/2024\/04\/horario-Sports-Camp-B-1024x354.jpeg 1024w, https:\/\/viaro.org\/wp-content\/uploads\/2024\/04\/horario-Sports-Camp-B-768x265.jpeg 768w\" sizes=\"(max-width: 1503px) 100vw, 1503px\" \/><\/figure>\n\n<div style=\"height:40px\" aria-hidden=\"true\" class=\"wp-block-spacer\"><\/div>\n\n<h3 class=\"wp-block-heading has-text-color\" style=\"color:#b2153f\">Preus i inscripci\u00f3\u00a0a l&#8217;Sports Camp<\/h3>\n\n<p>Trobareu tota la informaci\u00f3 sobre preus i inscripcions a l&#8217;Sports Camp a la p\u00e0gina principal d\u2019activitats d\u2019estiu.&#13;\n&#13;\n<\/p>\n\n<p><p class=\"p1\"><span class=\"s1\"><b><i>El nombre de participants per setmana \u00e9s limitat. En cas que us inscrigueu a una setmana que ja estigui completa, els coordinadors de l&#8217;activitat es posaran en contacte amb vosaltres.<\/i><\/b><\/span><\/p><\/p>\n\n<div class=\"wp-block-buttons is-layout-flex wp-block-buttons-is-layout-flex\">\n<div class=\"wp-block-button\"><a class=\"wp-block-button__link has-white-color has-text-color has-background wp-element-button\" href=\"https:\/\/viaro.org\/ca\/activitats-destiu\/\" style=\"border-radius:100px;background-color:#b2153f\">INSCRIPCI\u00d3<\/a><\/div>\n<\/div>\n\n<p><\/p>\n","protected":false},"excerpt":{"rendered":"<p>&#13; &#13; L&#8217;Sports Camp (de futbol o b\u00e0squet) neix amb la finalitat d\u2019oferir un espai perqu\u00e8 el vostre fill millori la coordinaci\u00f3 i els aspectes t\u00e8cnics i t\u00e0ctics de l\u2019esport que tri\u00ef. &#13; &#13; \u00a0 Als matins realitzaran sessions d\u2019entrenament espec\u00edfiques i competicions, a m\u00e9s de gaudir d\u2019una hora de p\u00e0del, una estona de piscina [&hellip;]<\/p>\n","protected":false},"author":12,"featured_media":11217,"parent":11003,"menu_order":1,"comment_status":"closed","ping_status":"closed","template":"template-blocks.php","meta":{"_uag_custom_page_level_css":"","_joinchat":[],"footnotes":""},"class_list":["post-11213","page","type-page","status-publish","has-post-thumbnail","hentry"],"uagb_featured_image_src":{"full":["https:\/\/viaro.org\/wp-content\/uploads\/2022\/03\/Sports-Camp-header.png",1920,1080,false],"thumbnail":["https:\/\/viaro.org\/wp-content\/uploads\/2022\/03\/Sports-Camp-header-150x150.png",150,150,true],"medium":["https:\/\/viaro.org\/wp-content\/uploads\/2022\/03\/Sports-Camp-header-300x169.png",300,169,true],"medium_large":["https:\/\/viaro.org\/wp-content\/uploads\/2022\/03\/Sports-Camp-header-768x432.png",640,360,true],"large":["https:\/\/viaro.org\/wp-content\/uploads\/2022\/03\/Sports-Camp-header-1024x576.png",640,360,true],"1536x1536":["https:\/\/viaro.org\/wp-content\/uploads\/2022\/03\/Sports-Camp-header-1536x864.png",1536,864,true],"2048x2048":["https:\/\/viaro.org\/wp-content\/uploads\/2022\/03\/Sports-Camp-header.png",1920,1080,false],"related-content":["https:\/\/viaro.org\/wp-content\/uploads\/2022\/03\/Sports-Camp-header-297x167.png",297,167,true]},"uagb_author_info":{"display_name":"Ignacio Malmierca","author_link":"https:\/\/viaro.org\/ca\/author\/imalmierca\/"},"uagb_comment_info":0,"uagb_excerpt":"&#13; &#13; L&#8217;Sports Camp (de futbol o b\u00e0squet) neix amb la finalitat d\u2019oferir un espai perqu\u00e8 el vostre fill millori la coordinaci\u00f3 i els aspectes t\u00e8cnics i t\u00e0ctics de l\u2019esport que tri\u00ef. &#13; &#13; \u00a0 Als matins realitzaran sessions d\u2019entrenament espec\u00edfiques i competicions, a m\u00e9s de gaudir d\u2019una hora de p\u00e0del, una estona de piscina&hellip;","_links":{"self":[{"href":"https:\/\/viaro.org\/ca\/wp-json\/wp\/v2\/pages\/11213","targetHints":{"allow":["GET"]}}],"collection":[{"href":"https:\/\/viaro.org\/ca\/wp-json\/wp\/v2\/pages"}],"about":[{"href":"https:\/\/viaro.org\/ca\/wp-json\/wp\/v2\/types\/page"}],"author":[{"embeddable":true,"href":"https:\/\/viaro.org\/ca\/wp-json\/wp\/v2\/users\/12"}],"replies":[{"embeddable":true,"href":"https:\/\/viaro.org\/ca\/wp-json\/wp\/v2\/comments?post=11213"}],"version-history":[{"count":28,"href":"https:\/\/viaro.org\/ca\/wp-json\/wp\/v2\/pages\/11213\/revisions"}],"predecessor-version":[{"id":26224,"href":"https:\/\/viaro.org\/ca\/wp-json\/wp\/v2\/pages\/11213\/revisions\/26224"}],"up":[{"embeddable":true,"href":"https:\/\/viaro.org\/ca\/wp-json\/wp\/v2\/pages\/11003"}],"wp:featuredmedia":[{"embeddable":true,"href":"https:\/\/viaro.org\/ca\/wp-json\/wp\/v2\/media\/11217"}],"wp:attachment":[{"href":"https:\/\/viaro.org\/ca\/wp-json\/wp\/v2\/media?parent=11213"}],"curies":[{"name":"wp","href":"https:\/\/api.w.org\/{rel}","templated":true}]}}