{"id":1125,"date":"2018-09-26T10:29:53","date_gmt":"2018-09-26T10:29:53","guid":{"rendered":"http:\/\/viaro.org\/contacto-2\/contacto\/"},"modified":"2019-03-06T11:26:17","modified_gmt":"2019-03-06T11:26:17","slug":"contacto","status":"publish","type":"page","link":"https:\/\/viaro.org\/ca\/contacto-2\/contacto\/","title":{"rendered":"Contacte"},"content":{"rendered":"<p><strong>Vols con\u00e8ixer Viar\u00f3 o rebre m\u00e9s informaci\u00f3? <\/strong><\/p>\n<p>Facilita&#8217;ns les teves dades a trav\u00e9s d\u2019aquest formulari i ens posarem en<br \/>\ncontacte el m\u00e9s aviat possible. Tamb\u00e9 pots trucar-nos al <strong><a href=\"tel:935890589\">93 589 05 89<\/a><\/strong> o enviar un correu electr\u00f2nic a <a href=\"mailto:viaro@viaro.org\"><strong>viaro@viaro.org<\/strong><\/a><\/p>\n\n<div class=\"wpcf7 no-js\" id=\"wpcf7-f1566-o1\" lang=\"ca\" dir=\"ltr\" data-wpcf7-id=\"1566\">\n<div class=\"screen-reader-response\"><p role=\"status\" aria-live=\"polite\" aria-atomic=\"true\"><\/p> <ul><\/ul><\/div>\n<form action=\"\/ca\/wp-json\/wp\/v2\/pages\/1125#wpcf7-f1566-o1\" method=\"post\" class=\"wpcf7-form init\" aria-label=\"Formulari de contacte\" novalidate=\"novalidate\" data-status=\"init\">\n<fieldset class=\"hidden-fields-container\"><input type=\"hidden\" name=\"_wpcf7\" value=\"1566\" \/><input type=\"hidden\" name=\"_wpcf7_version\" value=\"6.1.5\" \/><input type=\"hidden\" name=\"_wpcf7_locale\" value=\"ca\" \/><input type=\"hidden\" name=\"_wpcf7_unit_tag\" value=\"wpcf7-f1566-o1\" \/><input type=\"hidden\" name=\"_wpcf7_container_post\" value=\"0\" \/><input type=\"hidden\" name=\"_wpcf7_posted_data_hash\" value=\"\" \/><input type=\"hidden\" name=\"_wpcf7_recaptcha_response\" value=\"\" \/>\n<\/fieldset>\n<p><span class=\"wpcf7-form-control-wrap\" data-name=\"nombre\"><input size=\"40\" maxlength=\"400\" class=\"wpcf7-form-control wpcf7-text wpcf7-validates-as-required\" aria-required=\"true\" aria-invalid=\"false\" placeholder=\"Nom\" value=\"\" type=\"text\" name=\"nombre\" \/><\/span>\n<\/p>\n<p><span class=\"wpcf7-form-control-wrap\" data-name=\"apellidos\"><input size=\"40\" maxlength=\"400\" class=\"wpcf7-form-control wpcf7-text wpcf7-validates-as-required\" aria-required=\"true\" aria-invalid=\"false\" placeholder=\"Cognoms\" value=\"\" type=\"text\" name=\"apellidos\" \/><\/span>\n<\/p>\n<p><span class=\"wpcf7-form-control-wrap\" data-name=\"email\"><input size=\"40\" maxlength=\"400\" class=\"wpcf7-form-control wpcf7-email wpcf7-validates-as-required wpcf7-text wpcf7-validates-as-email\" aria-required=\"true\" aria-invalid=\"false\" placeholder=\"Correu electr\u00f2nic\" value=\"\" type=\"email\" name=\"email\" \/><\/span>\n<\/p>\n<p><span class=\"wpcf7-form-control-wrap\" data-name=\"telefono\"><input size=\"40\" maxlength=\"400\" class=\"wpcf7-form-control wpcf7-tel wpcf7-validates-as-required wpcf7-text wpcf7-validates-as-tel\" aria-required=\"true\" aria-invalid=\"false\" placeholder=\"Tel\u00e8fon\" value=\"\" type=\"tel\" name=\"telefono\" \/><\/span>\n<\/p>\n<p><span class=\"wpcf7-form-control-wrap\" data-name=\"mensaje\"><textarea cols=\"40\" rows=\"10\" maxlength=\"2000\" class=\"wpcf7-form-control wpcf7-textarea\" aria-invalid=\"false\" placeholder=\"Indica&#039;ns el motiu de la teva consulta\" name=\"mensaje\"><\/textarea><\/span>\n<\/p>\n<p><label class=\"checkbox\"><br \/>\n<span class=\"wpcf7-form-control-wrap\" data-name=\"privacidad\"><span class=\"wpcf7-form-control wpcf7-acceptance\"><span class=\"wpcf7-list-item\"><label><input type=\"checkbox\" name=\"privacidad\" value=\"1\" class=\"checkbox\" aria-invalid=\"false\" \/><span class=\"wpcf7-list-item-label\"><span class=\"checkmark\"><\/span><span class=\"text\">He llegit i accepto les <a href=\"\/aviso-legal\" target=\"_blank\">condicions legals<\/a> y <a href=\"\/politica-privacidad\">pol\u00edtica de privacitat<\/a><\/span><\/span><\/label><\/span><\/span><\/span><br \/>\n<\/label>\n<\/p>\n\n<p><input class=\"wpcf7-form-control wpcf7-submit has-spinner\" type=\"submit\" value=\"Envia\" \/>\n<\/p><div class=\"wpcf7-response-output\" aria-hidden=\"true\"><\/div>\n<\/form>\n<\/div>\n\n","protected":false},"excerpt":{"rendered":"<p>Vols con\u00e8ixer Viar\u00f3 o rebre m\u00e9s informaci\u00f3? Facilita&#8217;ns les teves dades a trav\u00e9s d\u2019aquest formulari i ens posarem en contacte el m\u00e9s aviat possible. Tamb\u00e9 pots trucar-nos al 93 589 05 89 o enviar un correu electr\u00f2nic a viaro@viaro.org<\/p>\n","protected":false},"author":2,"featured_media":1126,"parent":1119,"menu_order":0,"comment_status":"closed","ping_status":"closed","template":"","meta":{"_uag_custom_page_level_css":"","_joinchat":[],"footnotes":""},"class_list":["post-1125","page","type-page","status-publish","has-post-thumbnail","hentry"],"uagb_featured_image_src":{"full":["https:\/\/viaro.org\/wp-content\/uploads\/2018\/11\/header-contacto.jpg",2880,752,false],"thumbnail":["https:\/\/viaro.org\/wp-content\/uploads\/2018\/11\/header-contacto-150x150.jpg",150,150,true],"medium":["https:\/\/viaro.org\/wp-content\/uploads\/2018\/11\/header-contacto-300x78.jpg",300,78,true],"medium_large":["https:\/\/viaro.org\/wp-content\/uploads\/2018\/11\/header-contacto-768x201.jpg",640,168,true],"large":["https:\/\/viaro.org\/wp-content\/uploads\/2018\/11\/header-contacto-1024x267.jpg",640,167,true],"1536x1536":["https:\/\/viaro.org\/wp-content\/uploads\/2018\/11\/header-contacto.jpg",1536,401,false],"2048x2048":["https:\/\/viaro.org\/wp-content\/uploads\/2018\/11\/header-contacto.jpg",2048,535,false],"related-content":["https:\/\/viaro.org\/wp-content\/uploads\/2018\/11\/header-contacto-297x167.jpg",297,167,true]},"uagb_author_info":{"display_name":"","author_link":"https:\/\/viaro.org\/ca\/author\/"},"uagb_comment_info":0,"uagb_excerpt":"Vols con\u00e8ixer Viar\u00f3 o rebre m\u00e9s informaci\u00f3? Facilita&#8217;ns les teves dades a trav\u00e9s d\u2019aquest formulari i ens posarem en contacte el m\u00e9s aviat possible. Tamb\u00e9 pots trucar-nos al 93 589 05 89 o enviar un correu electr\u00f2nic a viaro@viaro.org","_links":{"self":[{"href":"https:\/\/viaro.org\/ca\/wp-json\/wp\/v2\/pages\/1125","targetHints":{"allow":["GET"]}}],"collection":[{"href":"https:\/\/viaro.org\/ca\/wp-json\/wp\/v2\/pages"}],"about":[{"href":"https:\/\/viaro.org\/ca\/wp-json\/wp\/v2\/types\/page"}],"author":[{"embeddable":true,"href":"https:\/\/viaro.org\/ca\/wp-json\/wp\/v2\/users\/2"}],"replies":[{"embeddable":true,"href":"https:\/\/viaro.org\/ca\/wp-json\/wp\/v2\/comments?post=1125"}],"version-history":[{"count":8,"href":"https:\/\/viaro.org\/ca\/wp-json\/wp\/v2\/pages\/1125\/revisions"}],"predecessor-version":[{"id":1572,"href":"https:\/\/viaro.org\/ca\/wp-json\/wp\/v2\/pages\/1125\/revisions\/1572"}],"up":[{"embeddable":true,"href":"https:\/\/viaro.org\/ca\/wp-json\/wp\/v2\/pages\/1119"}],"wp:featuredmedia":[{"embeddable":true,"href":"https:\/\/viaro.org\/ca\/wp-json\/wp\/v2\/media\/1126"}],"wp:attachment":[{"href":"https:\/\/viaro.org\/ca\/wp-json\/wp\/v2\/media?parent=1125"}],"curies":[{"name":"wp","href":"https:\/\/api.w.org\/{rel}","templated":true}]}}