{"id":1139,"date":"2018-07-09T08:26:54","date_gmt":"2018-07-09T08:26:54","guid":{"rendered":"http:\/\/viaro.org\/homepage\/"},"modified":"2026-03-16T15:14:33","modified_gmt":"2026-03-16T15:14:33","slug":"homepage","status":"publish","type":"page","link":"https:\/\/viaro.org\/ca\/","title":{"rendered":"Homepage"},"content":{"rendered":"<h1><span style=\"color: #181937;\">BENVINGUTS A VIAR\u00d3<\/span><\/h1>\n<h4 style=\"text-align: center;\">\u00a0<\/h4>\n\n\n<div class=\"wp-block-columns has-background is-layout-flex wp-container-core-columns-is-layout-9d6595d7 wp-block-columns-is-layout-flex\" style=\"background-color:#f4f4f4\">\n<div class=\"wp-block-column is-layout-flow wp-block-column-is-layout-flow\" style=\"flex-basis:50px\"><\/div>\n\n\n\n<div class=\"wp-block-column is-layout-flow wp-block-column-is-layout-flow\">\n<div style=\"height:30px\" aria-hidden=\"true\" class=\"wp-block-spacer\"><\/div>\n\n\n\n<figure class=\"wp-block-embed is-type-video is-provider-youtube wp-block-embed-youtube wp-embed-aspect-16-9 wp-has-aspect-ratio\"><div class=\"wp-block-embed__wrapper\">\n<div class=\"epyt-video-wrapper\"><div  style=\"display: block; margin: 0px auto;\"  id=\"_ytid_32809\"  width=\"800\" height=\"450\"  data-origwidth=\"800\" data-origheight=\"450\" data-facadesrc=\"https:\/\/www.youtube.com\/embed\/yyRi60XHLzY?enablejsapi=1&#038;autoplay=0&#038;cc_load_policy=0&#038;cc_lang_pref=&#038;iv_load_policy=3&#038;loop=0&#038;rel=0&#038;fs=1&#038;playsinline=0&#038;autohide=2&#038;theme=dark&#038;color=white&#038;controls=1&#038;disablekb=0&#038;\" class=\"__youtube_prefs__ epyt-facade epyt-is-override  no-lazyload\" data-epautoplay=\"1\" ><img decoding=\"async\" data-spai-excluded=\"true\" class=\"epyt-facade-poster skip-lazy\" loading=\"lazy\"  alt=\"YouTube player\"  src=\"https:\/\/i.ytimg.com\/vi\/yyRi60XHLzY\/maxresdefault.jpg\"  \/><button class=\"epyt-facade-play\" aria-label=\"Play\"><svg data-no-lazy=\"1\" height=\"100%\" version=\"1.1\" viewBox=\"0 0 68 48\" width=\"100%\"><path class=\"ytp-large-play-button-bg\" d=\"M66.52,7.74c-0.78-2.93-2.49-5.41-5.42-6.19C55.79,.13,34,0,34,0S12.21,.13,6.9,1.55 C3.97,2.33,2.27,4.81,1.48,7.74C0.06,13.05,0,24,0,24s0.06,10.95,1.48,16.26c0.78,2.93,2.49,5.41,5.42,6.19 C12.21,47.87,34,48,34,48s21.79-0.13,27.1-1.55c2.93-0.78,4.64-3.26,5.42-6.19C67.94,34.95,68,24,68,24S67.94,13.05,66.52,7.74z\" fill=\"#f00\"><\/path><path d=\"M 45,24 27,14 27,34\" fill=\"#fff\"><\/path><\/svg><\/button><\/div><\/div>\n<\/div><\/figure>\n\n\n\n<h3 class=\"wp-block-heading has-text-align-center\">Canig\u00f3\\Viar\u00f3: persona a persona.<\/h3>\n<\/div>\n\n\n\n<div class=\"wp-block-column is-layout-flow wp-block-column-is-layout-flow\" style=\"flex-basis:50px\"><\/div>\n\n\n\n<div class=\"wp-block-column is-layout-flow wp-block-column-is-layout-flow\">\n<div style=\"height:30px\" aria-hidden=\"true\" class=\"wp-block-spacer\"><\/div>\n\n\n<div class=\"epyt-video-wrapper\"><div  style=\"display: block; margin: 0px auto;\"  id=\"_ytid_25440\"  width=\"800\" height=\"450\"  data-origwidth=\"800\" data-origheight=\"450\" data-facadesrc=\"https:\/\/www.youtube.com\/embed\/K5544_s14O4?enablejsapi=1&#038;autoplay=0&#038;cc_load_policy=0&#038;cc_lang_pref=&#038;iv_load_policy=3&#038;loop=0&#038;rel=0&#038;fs=1&#038;playsinline=0&#038;autohide=2&#038;theme=dark&#038;color=white&#038;controls=1&#038;disablekb=0&#038;\" class=\"__youtube_prefs__ epyt-facade no-lazyload\" data-epautoplay=\"1\" ><img decoding=\"async\" data-spai-excluded=\"true\" class=\"epyt-facade-poster skip-lazy\" loading=\"lazy\"  alt=\"YouTube player\"  src=\"https:\/\/i.ytimg.com\/vi\/K5544_s14O4\/maxresdefault.jpg\"  \/><button class=\"epyt-facade-play\" aria-label=\"Play\"><svg data-no-lazy=\"1\" height=\"100%\" version=\"1.1\" viewBox=\"0 0 68 48\" width=\"100%\"><path class=\"ytp-large-play-button-bg\" d=\"M66.52,7.74c-0.78-2.93-2.49-5.41-5.42-6.19C55.79,.13,34,0,34,0S12.21,.13,6.9,1.55 C3.97,2.33,2.27,4.81,1.48,7.74C0.06,13.05,0,24,0,24s0.06,10.95,1.48,16.26c0.78,2.93,2.49,5.41,5.42,6.19 C12.21,47.87,34,48,34,48s21.79-0.13,27.1-1.55c2.93-0.78,4.64-3.26,5.42-6.19C67.94,34.95,68,24,68,24S67.94,13.05,66.52,7.74z\" fill=\"#f00\"><\/path><path d=\"M 45,24 27,14 27,34\" fill=\"#fff\"><\/path><\/svg><\/button><\/div><\/div>\n\n\n<h3 class=\"wp-block-heading has-text-align-center\"><a href=\"https:\/\/viaro.org\/ca\/mision-vision-y-valores\/\"><a href=\"https:\/\/viaro.org\/ca\/puertas-abiertas-infantil\/portes-obertes-infantil\/\">Viar\u00f3 Infantil: una petita gran fam\u00edlia<\/a><\/a><\/h3>\n<\/div>\n\n\n\n<div class=\"wp-block-column is-layout-flow wp-block-column-is-layout-flow\" style=\"flex-basis:50px\"><\/div>\n<\/div>\n\n\n\n<div style=\"height:40px\" aria-hidden=\"true\" class=\"wp-block-spacer\"><\/div>\n\n\n\n<div class=\"wp-block-columns has-white-color has-text-color has-background has-link-color wp-elements-e96a273e1afc862e4a1d0d3d9e514e4e is-layout-flex wp-container-core-columns-is-layout-9d6595d7 wp-block-columns-is-layout-flex\" style=\"background-color:#b2153f\">\n<div class=\"wp-block-column is-layout-flow wp-block-column-is-layout-flow\" style=\"flex-basis:10%\"><\/div>\n\n\n\n<div class=\"wp-block-column is-layout-flow wp-block-column-is-layout-flow\">\n<figure class=\"wp-block-image size-full\"><img decoding=\"async\" width=\"1080\" height=\"550\" src=\"https:\/\/viaro.org\/wp-content\/uploads\/2024\/01\/Admisiones-Home.jpeg\" alt=\"Admisiones Home\" class=\"wp-image-19928\" srcset=\"https:\/\/viaro.org\/wp-content\/uploads\/2024\/01\/Admisiones-Home.jpeg 1080w, https:\/\/viaro.org\/wp-content\/uploads\/2024\/01\/Admisiones-Home-300x153.jpeg 300w, https:\/\/viaro.org\/wp-content\/uploads\/2024\/01\/Admisiones-Home-1024x521.jpeg 1024w, https:\/\/viaro.org\/wp-content\/uploads\/2024\/01\/Admisiones-Home-768x391.jpeg 768w\" sizes=\"(max-width: 1080px) 100vw, 1080px\" \/><\/figure>\n\n\n\n<h3 class=\"wp-block-heading has-text-align-center has-white-color has-text-color\">ADMISSIONS <\/h3>\n\n\n\n<div class=\"wp-block-buttons is-horizontal is-content-justification-center is-layout-flex wp-container-core-buttons-is-layout-499968f5 wp-block-buttons-is-layout-flex\">\n<div class=\"wp-block-button has-custom-width wp-block-button__width-75\"><a class=\"wp-block-button__link has-white-color has-text-color has-background has-small-font-size has-custom-font-size wp-element-button\" href=\"https:\/\/viaro.org\/ca\/admissions\/portes-obertes\/\" style=\"border-radius:50px;background-color:#001034\"><strong>ADMISSIONS<\/strong><\/a><\/div>\n<\/div>\n\n\n\n<p class=\"has-text-align-center\"><strong>Vine a con\u00e8ixer el nostre projecte!<\/strong><br>Proc\u00e9s de preinscripci\u00f3 i admissions oberts<\/p>\n<\/div>\n\n\n\n<div class=\"wp-block-column is-layout-flow wp-block-column-is-layout-flow\">\n<figure class=\"wp-block-image size-large\"><img decoding=\"async\" width=\"1024\" height=\"521\" src=\"https:\/\/viaro.org\/wp-content\/uploads\/2024\/06\/Informacion-general-1024x521.jpeg\" alt=\"informaci\u00f3 general viaro global school\" class=\"wp-image-22484\" srcset=\"https:\/\/viaro.org\/wp-content\/uploads\/2024\/06\/Informacion-general-1024x521.jpeg 1024w, https:\/\/viaro.org\/wp-content\/uploads\/2024\/06\/Informacion-general-300x153.jpeg 300w, https:\/\/viaro.org\/wp-content\/uploads\/2024\/06\/Informacion-general-768x391.jpeg 768w, https:\/\/viaro.org\/wp-content\/uploads\/2024\/06\/Informacion-general.jpeg 1080w\" sizes=\"(max-width: 1024px) 100vw, 1024px\" \/><\/figure>\n\n\n\n<h3 class=\"wp-block-heading has-text-align-center has-white-color has-text-color\">CURS 25\/26<\/h3>\n\n\n\n<div class=\"wp-block-buttons is-horizontal is-content-justification-center is-layout-flex wp-container-core-buttons-is-layout-499968f5 wp-block-buttons-is-layout-flex\">\n<div class=\"wp-block-button has-custom-width wp-block-button__width-75\"><a class=\"wp-block-button__link has-white-color has-text-color has-background has-small-font-size has-custom-font-size wp-element-button\" href=\"https:\/\/viaro.org\/informacion-general\/\" style=\"border-radius:50px;background-color:#001034\" target=\"_blank\" rel=\"noreferrer noopener\"><strong>CONSULTAR<\/strong><\/a><\/div>\n<\/div>\n\n\n\n<p class=\"has-text-align-center\"><strong>Informaci\u00f3 General.\n<\/strong>Men\u00fa, calendari, transport, llibres i material, etc.<\/p>\n<\/div>\n\n\n\n<div class=\"wp-block-column is-layout-flow wp-block-column-is-layout-flow\">\n<figure class=\"wp-block-image size-full\"><img decoding=\"async\" width=\"1080\" height=\"551\" src=\"https:\/\/viaro.org\/wp-content\/uploads\/2025\/09\/Viaro_home_banners-02.png\" alt=\"\" class=\"wp-image-25096\" style=\"object-fit:cover\" srcset=\"https:\/\/viaro.org\/wp-content\/uploads\/2025\/09\/Viaro_home_banners-02.png 1080w, https:\/\/viaro.org\/wp-content\/uploads\/2025\/09\/Viaro_home_banners-02-300x153.png 300w, https:\/\/viaro.org\/wp-content\/uploads\/2025\/09\/Viaro_home_banners-02-1024x522.png 1024w, https:\/\/viaro.org\/wp-content\/uploads\/2025\/09\/Viaro_home_banners-02-768x392.png 768w\" sizes=\"(max-width: 1080px) 100vw, 1080px\" \/><\/figure>\n\n\n\n<h3 class=\"wp-block-heading has-text-align-center has-white-color has-text-color\">EXTRAESCOLARS 25\/26<\/h3>\n\n\n\n<div class=\"wp-block-buttons is-horizontal is-content-justification-center is-layout-flex wp-container-core-buttons-is-layout-499968f5 wp-block-buttons-is-layout-flex\">\n<div class=\"wp-block-button has-custom-width wp-block-button__width-75\"><a class=\"wp-block-button__link has-white-color has-text-color has-background has-small-font-size has-custom-font-size wp-element-button\" href=\"https:\/\/viaro.org\/ca\/activitats-extraescolars-a-viaro\/\" style=\"border-radius:50px;background-color:#001034\" target=\"_blank\" rel=\"noreferrer noopener\"><strong>EXTRAESCOLARS<\/strong><\/a><\/div>\n<\/div>\n\n\n\n<p class=\"has-text-align-center\">Una proposta per a totes les edats en el nostre entorn natural. <strong>Obertes a tothom<\/strong><\/p>\n<\/div>\n\n\n\n<div class=\"wp-block-column is-layout-flow wp-block-column-is-layout-flow\">\n<figure class=\"wp-block-image size-large\"><img decoding=\"async\" width=\"1024\" height=\"521\" src=\"https:\/\/viaro.org\/wp-content\/uploads\/2025\/09\/Viaro_home_banners-01-1024x521.png\" alt=\"\" class=\"wp-image-25099\" srcset=\"https:\/\/viaro.org\/wp-content\/uploads\/2025\/09\/Viaro_home_banners-01-1024x521.png 1024w, https:\/\/viaro.org\/wp-content\/uploads\/2025\/09\/Viaro_home_banners-01-300x153.png 300w, https:\/\/viaro.org\/wp-content\/uploads\/2025\/09\/Viaro_home_banners-01-768x391.png 768w, https:\/\/viaro.org\/wp-content\/uploads\/2025\/09\/Viaro_home_banners-01.png 1080w\" sizes=\"(max-width: 1024px) 100vw, 1024px\" \/><\/figure>\n\n\n\n<h3 class=\"wp-block-heading has-text-align-center has-white-color has-text-color\">INFANTIL<\/h3>\n\n\n\n<div class=\"wp-block-buttons is-horizontal is-content-justification-center is-layout-flex wp-container-core-buttons-is-layout-499968f5 wp-block-buttons-is-layout-flex\">\n<div class=\"wp-block-button has-custom-width wp-block-button__width-75\"><a class=\"wp-block-button__link has-white-color has-text-color has-background has-small-font-size has-custom-font-size wp-element-button\" href=\"https:\/\/viaro.org\/ca\/educacio-infantil\/\" style=\"border-radius:50px;background-color:#001034\"><strong>CONEIX-NOS<\/strong><\/a><\/div>\n<\/div>\n\n\n\n<p class=\"has-text-align-center\"><strong>Us acompanyem en l&#8217;educaci\u00f3 dels vostres fills<\/strong> des de les primeres etapes perqu\u00e8 creixin feli\u00e7os.<\/p>\n<\/div>\n\n\n\n<div class=\"wp-block-column is-layout-flow wp-block-column-is-layout-flow\" style=\"flex-basis:10%\"><\/div>\n<\/div>\n\n\n\n<div style=\"height:40px\" aria-hidden=\"true\" class=\"wp-block-spacer\"><\/div>\n\n\n\n<div style=\"height:44px\" aria-hidden=\"true\" class=\"wp-block-spacer\"><\/div>\n\n\n\n<div style=\"height:44px\" aria-hidden=\"true\" class=\"wp-block-spacer\"><\/div>\n\n\n\n<div class=\"wp-block-columns has-white-color has-text-color has-background is-layout-flex wp-container-core-columns-is-layout-9d6595d7 wp-block-columns-is-layout-flex\" style=\"background-color:#45aeda\">\n<div class=\"wp-block-column is-layout-flow wp-block-column-is-layout-flow\">\n<div style=\"height:31px\" aria-hidden=\"true\" class=\"wp-block-spacer\"><\/div>\n\n\n\n<div class=\"wp-block-columns is-layout-flex wp-container-core-columns-is-layout-9d6595d7 wp-block-columns-is-layout-flex\">\n<div class=\"wp-block-column is-layout-flow wp-block-column-is-layout-flow\">\n<figure class=\"wp-block-image size-large\"><a href=\"https:\/\/viaro.org\/wp-content\/uploads\/2022\/03\/IBSC-celebrate-boys-brochure-web-version.pdf\" target=\"_blank\" rel=\"noopener\"><img decoding=\"async\" width=\"791\" height=\"1024\" src=\"https:\/\/viaro.org\/wp-content\/uploads\/2022\/03\/IBSC-celebrate-boys-brochure-web-version-arrastrado-791x1024.png\" alt=\"why a school for boys\" class=\"wp-image-10976\" srcset=\"https:\/\/viaro.org\/wp-content\/uploads\/2022\/03\/IBSC-celebrate-boys-brochure-web-version-arrastrado-791x1024.png 791w, https:\/\/viaro.org\/wp-content\/uploads\/2022\/03\/IBSC-celebrate-boys-brochure-web-version-arrastrado-232x300.png 232w, https:\/\/viaro.org\/wp-content\/uploads\/2022\/03\/IBSC-celebrate-boys-brochure-web-version-arrastrado-768x994.png 768w, https:\/\/viaro.org\/wp-content\/uploads\/2022\/03\/IBSC-celebrate-boys-brochure-web-version-arrastrado-1187x1536.png 1187w, https:\/\/viaro.org\/wp-content\/uploads\/2022\/03\/IBSC-celebrate-boys-brochure-web-version-arrastrado-1583x2048.png 1583w\" sizes=\"(max-width: 791px) 100vw, 791px\" \/><\/a><\/figure>\n<\/div>\n\n\n\n<div class=\"wp-block-column is-layout-flow wp-block-column-is-layout-flow\">\n<div style=\"height:20px\" aria-hidden=\"true\" class=\"wp-block-spacer\"><\/div>\n\n\n<div class=\"wp-block-image is-resized\">\n<figure class=\"aligncenter size-full\"><a href=\"https:\/\/www.theibsc.org\/\" target=\"_blank\" rel=\"noopener\"><img decoding=\"async\" width=\"604\" height=\"202\" src=\"https:\/\/viaro.org\/wp-content\/uploads\/2022\/02\/ibsc_logo.png\" alt=\"the ibsc logo\" class=\"wp-image-10796\" srcset=\"https:\/\/viaro.org\/wp-content\/uploads\/2022\/02\/ibsc_logo.png 604w, https:\/\/viaro.org\/wp-content\/uploads\/2022\/02\/ibsc_logo-300x100.png 300w\" sizes=\"(max-width: 604px) 100vw, 604px\" \/><\/a><\/figure><\/div>\n\n\n<p>Des de l&#8217;any 2012, Viar\u00f3 forma part de la International Boys\u2019 Schools Coalition; una organitzaci\u00f3 que reuneix a m\u00e9s de 300 col\u00b7legis d&#8217;educaci\u00f3 diferenciada de tots els continents. El seu objectiu \u00e9s compartir experi\u00e8ncies per a crear sinergies i respondre als reptes i oportunitats en l&#8217;educaci\u00f3 dels alumnes.<br><\/p>\n\n\n\n<p>Ens permet participar en diferents projectes de col\u00b7laboraci\u00f3 en recerca amb docents, de tot el m\u00f3n; i ens ajuda a continuar potenciant la nostra aposta per l&#8217;educaci\u00f3 global, oferint una experi\u00e8ncia internacional als nostres alumnes.<br><\/p>\n\n\n\n<div class=\"epyt-video-wrapper\"><div  style=\"display: block; margin: 0px auto;\"  id=\"_ytid_66991\"  width=\"800\" height=\"450\"  data-origwidth=\"800\" data-origheight=\"450\" data-facadesrc=\"https:\/\/www.youtube.com\/embed\/ixwoEEwknGI?enablejsapi=1&#038;autoplay=0&#038;cc_load_policy=0&#038;cc_lang_pref=&#038;iv_load_policy=3&#038;loop=0&#038;rel=0&#038;fs=1&#038;playsinline=0&#038;autohide=2&#038;theme=dark&#038;color=white&#038;controls=1&#038;disablekb=0&#038;\" class=\"__youtube_prefs__ epyt-facade epyt-is-override  no-lazyload\" data-epautoplay=\"1\" ><img decoding=\"async\" data-spai-excluded=\"true\" class=\"epyt-facade-poster skip-lazy\" loading=\"lazy\"  alt=\"YouTube player\"  src=\"https:\/\/i.ytimg.com\/vi\/ixwoEEwknGI\/maxresdefault.jpg\"  \/><button class=\"epyt-facade-play\" aria-label=\"Play\"><svg data-no-lazy=\"1\" height=\"100%\" version=\"1.1\" viewBox=\"0 0 68 48\" width=\"100%\"><path class=\"ytp-large-play-button-bg\" d=\"M66.52,7.74c-0.78-2.93-2.49-5.41-5.42-6.19C55.79,.13,34,0,34,0S12.21,.13,6.9,1.55 C3.97,2.33,2.27,4.81,1.48,7.74C0.06,13.05,0,24,0,24s0.06,10.95,1.48,16.26c0.78,2.93,2.49,5.41,5.42,6.19 C12.21,47.87,34,48,34,48s21.79-0.13,27.1-1.55c2.93-0.78,4.64-3.26,5.42-6.19C67.94,34.95,68,24,68,24S67.94,13.05,66.52,7.74z\" fill=\"#f00\"><\/path><path d=\"M 45,24 27,14 27,34\" fill=\"#fff\"><\/path><\/svg><\/button><\/div><\/div>\n<\/div>\n\n\n\n<div class=\"wp-block-column is-layout-flow wp-block-column-is-layout-flow\" style=\"flex-basis:20%\">\n<div style=\"height:130px\" aria-hidden=\"true\" class=\"wp-block-spacer\"><\/div>\n\n\n\n<div class=\"wp-block-buttons is-horizontal is-content-justification-left is-layout-flex wp-container-core-buttons-is-layout-7e5fce0a wp-block-buttons-is-layout-flex\">\n<div class=\"wp-block-button has-custom-width wp-block-button__width-100 is-style-fill\"><a class=\"wp-block-button__link has-white-color has-text-color has-background no-border-radius has-custom-font-size wp-element-button\" href=\"https:\/\/youtu.be\/FwB64_-hYQM\" style=\"background-color:#0a0276;font-size:14px\" target=\"_blank\" rel=\"noreferrer noopener\">Video: Why a school for boys?<\/a><\/div>\n<\/div>\n\n\n\n<div style=\"height:20px\" aria-hidden=\"true\" class=\"wp-block-spacer\"><\/div>\n\n\n\n<div class=\"wp-block-buttons is-horizontal is-content-justification-center is-layout-flex wp-container-core-buttons-is-layout-499968f5 wp-block-buttons-is-layout-flex\">\n<div class=\"wp-block-button has-custom-width wp-block-button__width-100 is-style-fill\"><a class=\"wp-block-button__link has-white-color has-text-color has-background no-border-radius has-custom-font-size wp-element-button\" href=\"https:\/\/viaro.org\/wp-content\/uploads\/2022\/03\/IBSC-celebrate-boys-brochure-web-version.pdf\" style=\"background-color:#0a0276;font-size:14px\" target=\"_blank\" rel=\"noreferrer noopener\">Brochure: Why a school for boys?<\/a><\/div>\n<\/div>\n\n\n\n<div style=\"height:20px\" aria-hidden=\"true\" class=\"wp-block-spacer\"><\/div>\n\n\n\n<div class=\"wp-block-buttons is-layout-flex wp-block-buttons-is-layout-flex\">\n<div class=\"wp-block-button has-custom-width wp-block-button__width-100 is-style-fill\"><a class=\"wp-block-button__link has-white-color has-text-color has-background no-border-radius has-custom-font-size wp-element-button\" href=\"https:\/\/youtu.be\/NRt_lYl-nYU\" style=\"background-color:#0a0276;font-size:14px\" target=\"_blank\" rel=\"noreferrer noopener\">Hawley-Jarvis Award<\/a><\/div>\n<\/div>\n\n\n\n<div style=\"height:20px\" aria-hidden=\"true\" class=\"wp-block-spacer\"><\/div>\n\n\n\n<div class=\"wp-block-buttons is-layout-flex wp-block-buttons-is-layout-flex\">\n<div class=\"wp-block-button has-custom-width wp-block-button__width-100 is-style-fill\"><a class=\"wp-block-button__link has-white-color has-text-color has-background no-border-radius has-custom-font-size wp-element-button\" href=\"https:\/\/www.theibsc.org\/conferences-events\/past-events\/europe-family-and-school-conference\/speakers\" style=\"background-color:#0a0276;font-size:14px\" target=\"_blank\" rel=\"noreferrer noopener\">Regional Conference 2022<\/a><\/div>\n<\/div>\n<\/div>\n<\/div>\n<\/div>\n<\/div>\n\n\n\n<div style=\"height:44px\" aria-hidden=\"true\" class=\"wp-block-spacer\"><\/div>\n\n\n\n<h2 class=\"wp-block-heading has-text-align-center has-text-color\" style=\"color:#181937;font-size:30px\">Eduquem junts: els blogs de Viar\u00f3<\/h2>\n\n\n\n<div style=\"height:44px\" aria-hidden=\"true\" class=\"wp-block-spacer\"><\/div>\n","protected":false},"excerpt":{"rendered":"<p>BENVINGUTS A VIAR\u00d3 \u00a0 Canig\u00f3\\Viar\u00f3: persona a persona. Viar\u00f3 Infantil: una petita gran fam\u00edlia ADMISSIONS Vine a con\u00e8ixer el nostre projecte!Proc\u00e9s de preinscripci\u00f3 i admissions oberts CURS 25\/26 Informaci\u00f3 General. Men\u00fa, calendari, transport, llibres i material, etc. EXTRAESCOLARS 25\/26 Una proposta per a totes les edats en el nostre entorn natural. Obertes a tothom INFANTIL [&hellip;]<\/p>\n","protected":false},"author":1,"featured_media":24126,"parent":0,"menu_order":0,"comment_status":"closed","ping_status":"closed","template":"front.php","meta":{"_uag_custom_page_level_css":"","_joinchat":[],"footnotes":""},"class_list":["post-1139","page","type-page","status-publish","has-post-thumbnail","hentry"],"uagb_featured_image_src":{"full":["https:\/\/viaro.org\/wp-content\/uploads\/2025\/02\/Viaro-Global-School-Homepage.jpg",1500,996,false],"thumbnail":["https:\/\/viaro.org\/wp-content\/uploads\/2025\/02\/Viaro-Global-School-Homepage-150x150.jpg",150,150,true],"medium":["https:\/\/viaro.org\/wp-content\/uploads\/2025\/02\/Viaro-Global-School-Homepage-300x199.jpg",300,199,true],"medium_large":["https:\/\/viaro.org\/wp-content\/uploads\/2025\/02\/Viaro-Global-School-Homepage-768x510.jpg",640,425,true],"large":["https:\/\/viaro.org\/wp-content\/uploads\/2025\/02\/Viaro-Global-School-Homepage-1024x680.jpg",640,425,true],"1536x1536":["https:\/\/viaro.org\/wp-content\/uploads\/2025\/02\/Viaro-Global-School-Homepage.jpg",1500,996,false],"2048x2048":["https:\/\/viaro.org\/wp-content\/uploads\/2025\/02\/Viaro-Global-School-Homepage.jpg",1500,996,false],"related-content":["https:\/\/viaro.org\/wp-content\/uploads\/2025\/02\/Viaro-Global-School-Homepage-297x167.jpg",297,167,true]},"uagb_author_info":{"display_name":"","author_link":"https:\/\/viaro.org\/ca\/author\/"},"uagb_comment_info":0,"uagb_excerpt":"BENVINGUTS A VIAR\u00d3 \u00a0 Canig\u00f3\\Viar\u00f3: persona a persona. Viar\u00f3 Infantil: una petita gran fam\u00edlia ADMISSIONS Vine a con\u00e8ixer el nostre projecte!Proc\u00e9s de preinscripci\u00f3 i admissions oberts CURS 25\/26 Informaci\u00f3 General. Men\u00fa, calendari, transport, llibres i material, etc. EXTRAESCOLARS 25\/26 Una proposta per a totes les edats en el nostre entorn natural. Obertes a tothom INFANTIL&hellip;","_links":{"self":[{"href":"https:\/\/viaro.org\/ca\/wp-json\/wp\/v2\/pages\/1139","targetHints":{"allow":["GET"]}}],"collection":[{"href":"https:\/\/viaro.org\/ca\/wp-json\/wp\/v2\/pages"}],"about":[{"href":"https:\/\/viaro.org\/ca\/wp-json\/wp\/v2\/types\/page"}],"author":[{"embeddable":true,"href":"https:\/\/viaro.org\/ca\/wp-json\/wp\/v2\/users\/1"}],"replies":[{"embeddable":true,"href":"https:\/\/viaro.org\/ca\/wp-json\/wp\/v2\/comments?post=1139"}],"version-history":[{"count":146,"href":"https:\/\/viaro.org\/ca\/wp-json\/wp\/v2\/pages\/1139\/revisions"}],"predecessor-version":[{"id":26166,"href":"https:\/\/viaro.org\/ca\/wp-json\/wp\/v2\/pages\/1139\/revisions\/26166"}],"wp:featuredmedia":[{"embeddable":true,"href":"https:\/\/viaro.org\/ca\/wp-json\/wp\/v2\/media\/24126"}],"wp:attachment":[{"href":"https:\/\/viaro.org\/ca\/wp-json\/wp\/v2\/media?parent=1139"}],"curies":[{"name":"wp","href":"https:\/\/api.w.org\/{rel}","templated":true}]}}