{"id":11918,"date":"2024-06-20T09:23:33","date_gmt":"2024-06-20T09:23:33","guid":{"rendered":"https:\/\/viaro.org\/?page_id=11918"},"modified":"2025-06-17T09:12:54","modified_gmt":"2025-06-17T09:12:54","slug":"inscripcio-a-les-activitats-extraescolars-a-viaro","status":"publish","type":"page","link":"https:\/\/viaro.org\/ca\/inscripcio-a-les-activitats-extraescolars-a-viaro\/","title":{"rendered":"Inscripci\u00f3 a les extraescolars a Viar\u00f3"},"content":{"rendered":"\n<h2 class=\"wp-block-heading has-text-color\" style=\"color:#091237\">INSCRIPCI\u00d3 A LES EXTRAESCOLARS A VIAR\u00d3<\/h2>\n\n<h4 class=\"wp-block-heading has-text-color\" style=\"color:#091237\">CURS 2025 \/ 26<\/h4>\n\n<div class=\"wp-block-columns has-background is-layout-flex wp-container-core-columns-is-layout-9d6595d7 wp-block-columns-is-layout-flex\" style=\"background-color:#efefef\">\n<div class=\"wp-block-column is-layout-flow wp-block-column-is-layout-flow\">\n<div class=\"wp-block-buttons is-horizontal is-content-justification-center is-layout-flex wp-container-core-buttons-is-layout-499968f5 wp-block-buttons-is-layout-flex\">\n<div class=\"wp-block-button has-custom-width wp-block-button__width-100 is-style-fill\"><a class=\"wp-block-button__link has-white-color has-text-color has-background has-small-font-size no-border-radius has-custom-font-size wp-element-button\" href=\"https:\/\/viaro.org\/ca\/activitats-extraescolars-a-viaro\/\" style=\"background-color:#091237\"><strong>INFORMACI\u00d3<\/strong><\/a><\/div>\n<\/div>\n<\/div>\n\n\n\n<div class=\"wp-block-column is-layout-flow wp-block-column-is-layout-flow\">\n<div class=\"wp-block-buttons is-horizontal is-content-justification-center is-layout-flex wp-container-core-buttons-is-layout-499968f5 wp-block-buttons-is-layout-flex\">\n<div class=\"wp-block-button has-custom-width wp-block-button__width-100 is-style-fill\"><a class=\"wp-block-button__link has-white-color has-text-color has-background has-small-font-size no-border-radius has-custom-font-size wp-element-button\" href=\"https:\/\/viaro.org\/ca\/extraescolars-a-viaro-per-cursos\/\" style=\"background-color:#091237\"><strong>HORARIS<\/strong><\/a><\/div>\n<\/div>\n<\/div>\n\n\n\n<div class=\"wp-block-column is-layout-flow wp-block-column-is-layout-flow\">\n<div class=\"wp-block-buttons is-horizontal is-content-justification-center is-layout-flex wp-container-core-buttons-is-layout-499968f5 wp-block-buttons-is-layout-flex\">\n<div class=\"wp-block-button has-custom-width wp-block-button__width-100 is-style-fill\"><a class=\"wp-block-button__link has-white-color has-text-color has-background has-small-font-size no-border-radius has-custom-font-size wp-element-button\" style=\"background-color:#091237\"><strong>INSCRIPCI\u00d3<\/strong><\/a><\/div>\n<\/div>\n<\/div>\n\n\n\n<div class=\"wp-block-column is-layout-flow wp-block-column-is-layout-flow\">\n<div class=\"wp-block-buttons is-horizontal is-content-justification-center is-layout-flex wp-container-core-buttons-is-layout-499968f5 wp-block-buttons-is-layout-flex\">\n<div class=\"wp-block-button has-custom-width wp-block-button__width-100 is-style-fill\"><a class=\"wp-block-button__link has-white-color has-text-color has-background has-small-font-size no-border-radius has-custom-font-size wp-element-button\" href=\"https:\/\/viaro.org\/ca\/activitats-extraescolars-per-adults\/\" style=\"background-color:#091237\"><strong>ADULTS<\/strong><\/a><\/div>\n<\/div>\n<\/div>\n<\/div>\n\n<h4 class=\"wp-block-heading has-text-color\" style=\"color:#b2153f\">INFORMACI\u00d3 GENERAL<\/h4>\n\n<p><div class=\"traductor-textarea form-group\">&#13;\n<div class=\"textarea-desti col-xs-12 col-sm-6\">&#13;\n<div class=\"form-control second-textarea\">La inscripci\u00f3 a les<strong> <a href=\"https:\/\/viaro.org\/ca\/activitats-extraescolars-a-viaro\/\">activitats extraescolars<\/a> <\/strong>a Viar\u00f3 es realitza principalment a trav\u00e9s dels seg\u00fcents formularis, <strong>per\u00f2 algunes activitats requereixen que la inscripci\u00f3 se sol\u00b7liciti mitjan\u00e7ant correu electr\u00f2nic:<\/strong><\/div><br\/><\/div><br\/><\/div><br\/><div class=\"traductor-checkbox form-group\">&#13;\n<div class=\"row\">&#13;\n<div class=\"col-sm-offset-2 col-sm-5\"><\/div><br\/><\/div><br\/><\/div><\/p>\n\n<ul class=\"wp-block-list\">\n<li>Escola de M\u00fasica Viar\u00f3: <a href=\"mailto:emv@viaro.org\"><strong>emv@viaro.org<\/strong><\/a><\/li>\n\n\n\n<li>Equips de Futbol Federats (des de 6\u00e8 Prim\u00e0ria): <a href=\"mailto:mventura@viaro.org\"><strong>mventura@viaro.org<\/strong><\/a><\/li>\n\n\n\n<li>Classes de p\u00e0del per alumnes:<strong><a href=\"mailto:padelviaro@gmail.com\">padelviaro@gmail.com<\/a><\/strong><\/li>\n\n\n\n<li>Equip de Futbol Amateur de Viar\u00f3 (Adults): <a href=\"mailto:juandomen02@gmail.com\"><strong>juandomen02@gmail.com<\/strong><\/a><\/li>\n\n\n\n<li>Activitats esportives per adults: <strong><a href=\"https:\/\/viaro.org\/ca\/activitats-extraescolars-per-adults\/\">Consultar p\u00e0gina<\/a><\/strong><\/li>\n<\/ul>\n\n<div class=\"wp-block-columns is-layout-flex wp-container-core-columns-is-layout-9d6595d7 wp-block-columns-is-layout-flex\">\n<div class=\"wp-block-column is-layout-flow wp-block-column-is-layout-flow\">\n<p class=\"has-text-color\" style=\"color:#b2153f\"><strong>MENSUALITATS<\/strong><\/p>\n\n\n\n<p>La modalitat de pagament \u00fanica ser\u00e0 mensual. Per a gestionar baixes durant el curs, s&#8217;ha d&#8217;informar amb antelaci\u00f3 (fins al dia 15 del mes) al coordinador de l&#8217;activitat perqu\u00e8 ho comuniqui a Secretaria.<br\/><\/p>\n<\/div>\n<\/div>\n\n<div style=\"height:30px\" aria-hidden=\"true\" class=\"wp-block-spacer\"><\/div>\n\n<div class=\"wp-block-columns has-text-color is-layout-flex wp-container-core-columns-is-layout-9d6595d7 wp-block-columns-is-layout-flex\" style=\"color:#323940\">\n<div class=\"wp-block-column is-layout-flow wp-block-column-is-layout-flow\"><div class=\"wp-block-image\">\n<figure class=\"aligncenter size-thumbnail is-resized\"><img decoding=\"async\" width=\"150\" height=\"150\" src=\"https:\/\/viaro.org\/wp-content\/uploads\/2022\/05\/005-abc-block-150x150.png\" alt=\"inscripci&#xF3; Activitats infantils de viar&#xF3;\" class=\"wp-image-11924\" style=\"width:75px;height:75px\" srcset=\"https:\/\/viaro.org\/wp-content\/uploads\/2022\/05\/005-abc-block-150x150.png 150w, https:\/\/viaro.org\/wp-content\/uploads\/2022\/05\/005-abc-block-300x300.png 300w, https:\/\/viaro.org\/wp-content\/uploads\/2022\/05\/005-abc-block.png 512w\" sizes=\"(max-width: 150px) 100vw, 150px\" \/><\/figure><\/div>\n\n\n<div class=\"wp-block-buttons is-horizontal is-content-justification-center is-layout-flex wp-container-core-buttons-is-layout-499968f5 wp-block-buttons-is-layout-flex\">\n<div class=\"wp-block-button has-custom-width wp-block-button__width-100 is-style-fill\"><a class=\"wp-block-button__link has-white-color has-text-color has-background has-small-font-size no-border-radius has-custom-font-size wp-element-button\" href=\"https:\/\/comunicacioviaro.typeform.com\/to\/oQQilFjT\" style=\"background-color:#599ed7\" target=\"_blank\" rel=\"noopener\"><strong>INSCRIPCI\u00d3 ACTIVITATS INFANTILS<\/strong><\/a><\/div>\n<\/div>\n\n\n\n<div style=\"height:30px\" aria-hidden=\"true\" class=\"wp-block-spacer\"><\/div>\n\n\n<div class=\"wp-block-image\">\n<figure class=\"aligncenter size-thumbnail is-resized\"><img decoding=\"async\" width=\"150\" height=\"150\" src=\"https:\/\/viaro.org\/wp-content\/uploads\/2022\/05\/language-150x150.png\" alt=\"Extraescolars d'idiomes\" class=\"wp-image-11933\" style=\"width:75px;height:75px\" srcset=\"https:\/\/viaro.org\/wp-content\/uploads\/2022\/05\/language-150x150.png 150w, https:\/\/viaro.org\/wp-content\/uploads\/2022\/05\/language-300x300.png 300w, https:\/\/viaro.org\/wp-content\/uploads\/2022\/05\/language.png 512w\" sizes=\"(max-width: 150px) 100vw, 150px\" \/><\/figure><\/div>\n\n\n<div class=\"wp-block-buttons is-horizontal is-content-justification-center is-layout-flex wp-container-core-buttons-is-layout-499968f5 wp-block-buttons-is-layout-flex\">\n<div class=\"wp-block-button has-custom-width wp-block-button__width-100 is-style-fill\"><a class=\"wp-block-button__link has-white-color has-text-color has-background has-small-font-size no-border-radius has-custom-font-size wp-element-button\" href=\"https:\/\/comunicacioviaro.typeform.com\/to\/OA3tD9Ft\" style=\"background-color:#b2153f\" target=\"_blank\" rel=\"noopener\"><strong>INSCRIPCI\u00d3 ACTIVITATS IDIOMES<\/strong><\/a><\/div>\n<\/div>\n<\/div>\n\n\n\n<div class=\"wp-block-column is-layout-flow wp-block-column-is-layout-flow\"><div class=\"wp-block-image\">\n<figure class=\"aligncenter size-thumbnail is-resized\"><img decoding=\"async\" width=\"150\" height=\"150\" src=\"https:\/\/viaro.org\/wp-content\/uploads\/2022\/05\/creativity-150x150.png\" alt=\"Inscripci&#xF3; a les extraescolars art&#xED;stiques i culturals\" class=\"wp-image-11927\" style=\"width:75px;height:75px\" srcset=\"https:\/\/viaro.org\/wp-content\/uploads\/2022\/05\/creativity-150x150.png 150w, https:\/\/viaro.org\/wp-content\/uploads\/2022\/05\/creativity-300x300.png 300w, https:\/\/viaro.org\/wp-content\/uploads\/2022\/05\/creativity.png 512w\" sizes=\"(max-width: 150px) 100vw, 150px\" \/><\/figure><\/div>\n\n\n<div class=\"wp-block-buttons is-horizontal is-content-justification-center is-layout-flex wp-container-core-buttons-is-layout-499968f5 wp-block-buttons-is-layout-flex\">\n<div class=\"wp-block-button has-custom-width wp-block-button__width-100 is-style-fill\"><a class=\"wp-block-button__link has-white-color has-text-color has-background has-small-font-size no-border-radius has-custom-font-size wp-element-button\" href=\"https:\/\/comunicacioviaro.typeform.com\/to\/GUxuGrcu\" style=\"background-color:#f79926\" target=\"_blank\" rel=\"noopener\"><strong>INSCRIPCI\u00d3 ACTIVITATS ART\u00cdSTIQUES<\/strong><\/a><\/div>\n<\/div>\n\n\n\n<div style=\"height:30px\" aria-hidden=\"true\" class=\"wp-block-spacer\"><\/div>\n\n\n<div class=\"wp-block-image\">\n<figure class=\"aligncenter size-thumbnail is-resized\"><img decoding=\"async\" width=\"150\" height=\"150\" src=\"https:\/\/viaro.org\/wp-content\/uploads\/2022\/05\/coding-150x150.png\" alt=\"inscripci&#xF3; a les extraescolars stem\" class=\"wp-image-11930\" style=\"width:75px;height:75px\" srcset=\"https:\/\/viaro.org\/wp-content\/uploads\/2022\/05\/coding-150x150.png 150w, https:\/\/viaro.org\/wp-content\/uploads\/2022\/05\/coding-300x300.png 300w, https:\/\/viaro.org\/wp-content\/uploads\/2022\/05\/coding.png 512w\" sizes=\"(max-width: 150px) 100vw, 150px\" \/><\/figure><\/div>\n\n\n<div class=\"wp-block-buttons is-horizontal is-content-justification-center is-layout-flex wp-container-core-buttons-is-layout-499968f5 wp-block-buttons-is-layout-flex\">\n<div class=\"wp-block-button has-custom-width wp-block-button__width-100 is-style-fill\"><a class=\"wp-block-button__link has-white-color has-text-color has-background has-small-font-size no-border-radius has-custom-font-size wp-element-button\" href=\"https:\/\/comunicacioviaro.typeform.com\/to\/O9ZBdNVZ\" style=\"background-color:#3a8579\" target=\"_blank\" rel=\"noopener\"><strong>INSCRIPCI\u00d3 ACTIVITATS TECNOL\u00d2GIQUES STEM<\/strong><\/a><\/div>\n<\/div>\n<\/div>\n\n\n\n<div class=\"wp-block-column is-layout-flow wp-block-column-is-layout-flow\">\n<div style=\"height:22px\" aria-hidden=\"true\" class=\"wp-block-spacer\"><\/div>\n\n\n<div class=\"wp-block-image\">\n<figure class=\"aligncenter size-medium is-resized\"><img decoding=\"async\" width=\"300\" height=\"212\" src=\"https:\/\/viaro.org\/wp-content\/uploads\/2022\/05\/EMV-color-300x212.png\" alt=\"inscripci&#xF3; escola de m&#xFA;sica de Viar&#xF3;\" class=\"wp-image-11939\" style=\"width:75px;height:53px\" srcset=\"https:\/\/viaro.org\/wp-content\/uploads\/2022\/05\/EMV-color-300x212.png 300w, https:\/\/viaro.org\/wp-content\/uploads\/2022\/05\/EMV-color-1024x724.png 1024w, https:\/\/viaro.org\/wp-content\/uploads\/2022\/05\/EMV-color-768x543.png 768w, https:\/\/viaro.org\/wp-content\/uploads\/2022\/05\/EMV-color-1536x1086.png 1536w, https:\/\/viaro.org\/wp-content\/uploads\/2022\/05\/EMV-color-2048x1448.png 2048w\" sizes=\"(max-width: 300px) 100vw, 300px\" \/><\/figure><\/div>\n\n\n<div class=\"wp-block-buttons is-horizontal is-content-justification-center is-layout-flex wp-container-core-buttons-is-layout-499968f5 wp-block-buttons-is-layout-flex\">\n<div class=\"wp-block-button has-custom-width wp-block-button__width-100 is-style-fill\"><a class=\"wp-block-button__link has-white-color has-text-color has-background has-small-font-size no-border-radius has-custom-font-size wp-element-button\" href=\"mailto:emv@viaro.org\" style=\"background-color:#181937\"><strong>INSCRIPCI\u00d3 ESCOLA DE M\u00daSICA DE VIAR\u00d3<\/strong><\/a><\/div>\n<\/div>\n\n\n\n<div style=\"height:30px\" aria-hidden=\"true\" class=\"wp-block-spacer\"><\/div>\n\n\n<div class=\"wp-block-image\">\n<figure class=\"aligncenter size-thumbnail is-resized\"><img decoding=\"async\" width=\"150\" height=\"150\" src=\"https:\/\/viaro.org\/wp-content\/uploads\/2022\/05\/sport-150x150.png\" alt=\"Inscripci&#xF3; a les extraescolars a Viar&#xF3;\" class=\"wp-image-11936\" style=\"width:75px;height:75px\" srcset=\"https:\/\/viaro.org\/wp-content\/uploads\/2022\/05\/sport-150x150.png 150w, https:\/\/viaro.org\/wp-content\/uploads\/2022\/05\/sport-300x300.png 300w, https:\/\/viaro.org\/wp-content\/uploads\/2022\/05\/sport.png 512w\" sizes=\"(max-width: 150px) 100vw, 150px\" \/><\/figure><\/div>\n\n\n<div class=\"wp-block-buttons is-horizontal is-content-justification-center is-layout-flex wp-container-core-buttons-is-layout-499968f5 wp-block-buttons-is-layout-flex\">\n<div class=\"wp-block-button has-custom-width wp-block-button__width-100 is-style-fill\"><a class=\"wp-block-button__link has-white-color has-text-color has-background has-small-font-size no-border-radius has-custom-font-size wp-element-button\" href=\"https:\/\/comunicacioviaro.typeform.com\/to\/DGlLrD1x\" style=\"background-color:#3873a8\" target=\"_blank\" rel=\"noopener\"><strong>INSCRIPCI\u00d3 ACTIVITATS ESPORTIVES<\/strong><\/a><\/div>\n<\/div>\n<\/div>\n<\/div>\n\n<div style=\"height:35px\" aria-hidden=\"true\" class=\"wp-block-spacer\"><\/div>\n\n<p><\/p>\n","protected":false},"excerpt":{"rendered":"<p>INSCRIPCI\u00d3 A LES EXTRAESCOLARS A VIAR\u00d3 CURS 2025 \/ 26 INFORMACI\u00d3 GENERAL &#13; &#13; La inscripci\u00f3 a les activitats extraescolars a Viar\u00f3 es realitza principalment a trav\u00e9s dels seg\u00fcents formularis, per\u00f2 algunes activitats requereixen que la inscripci\u00f3 se sol\u00b7liciti mitjan\u00e7ant correu electr\u00f2nic: &#13; &#13; MENSUALITATS La modalitat de pagament \u00fanica ser\u00e0 mensual. Per a gestionar [&hellip;]<\/p>\n","protected":false},"author":12,"featured_media":11661,"parent":0,"menu_order":0,"comment_status":"closed","ping_status":"closed","template":"template-blocks.php","meta":{"_uag_custom_page_level_css":"","_joinchat":[],"footnotes":""},"class_list":["post-11918","page","type-page","status-publish","has-post-thumbnail","hentry"],"uagb_featured_image_src":{"full":["https:\/\/viaro.org\/wp-content\/uploads\/2022\/05\/Sin-ti\u0301tulo.002-2.png",1440,420,false],"thumbnail":["https:\/\/viaro.org\/wp-content\/uploads\/2022\/05\/Sin-ti\u0301tulo.002-2-150x150.png",150,150,true],"medium":["https:\/\/viaro.org\/wp-content\/uploads\/2022\/05\/Sin-ti\u0301tulo.002-2-300x88.png",300,88,true],"medium_large":["https:\/\/viaro.org\/wp-content\/uploads\/2022\/05\/Sin-ti\u0301tulo.002-2-768x224.png",640,187,true],"large":["https:\/\/viaro.org\/wp-content\/uploads\/2022\/05\/Sin-ti\u0301tulo.002-2-1024x299.png",640,187,true],"1536x1536":["https:\/\/viaro.org\/wp-content\/uploads\/2022\/05\/Sin-ti\u0301tulo.002-2.png",1440,420,false],"2048x2048":["https:\/\/viaro.org\/wp-content\/uploads\/2022\/05\/Sin-ti\u0301tulo.002-2.png",1440,420,false],"related-content":["https:\/\/viaro.org\/wp-content\/uploads\/2022\/05\/Sin-ti\u0301tulo.002-2-297x167.png",297,167,true]},"uagb_author_info":{"display_name":"Ignacio Malmierca","author_link":"https:\/\/viaro.org\/ca\/author\/imalmierca\/"},"uagb_comment_info":0,"uagb_excerpt":"INSCRIPCI\u00d3 A LES EXTRAESCOLARS A VIAR\u00d3 CURS 2025 \/ 26 INFORMACI\u00d3 GENERAL &#13; &#13; La inscripci\u00f3 a les activitats extraescolars a Viar\u00f3 es realitza principalment a trav\u00e9s dels seg\u00fcents formularis, per\u00f2 algunes activitats requereixen que la inscripci\u00f3 se sol\u00b7liciti mitjan\u00e7ant correu electr\u00f2nic: &#13; &#13; MENSUALITATS La modalitat de pagament \u00fanica ser\u00e0 mensual. Per a gestionar&hellip;","_links":{"self":[{"href":"https:\/\/viaro.org\/ca\/wp-json\/wp\/v2\/pages\/11918","targetHints":{"allow":["GET"]}}],"collection":[{"href":"https:\/\/viaro.org\/ca\/wp-json\/wp\/v2\/pages"}],"about":[{"href":"https:\/\/viaro.org\/ca\/wp-json\/wp\/v2\/types\/page"}],"author":[{"embeddable":true,"href":"https:\/\/viaro.org\/ca\/wp-json\/wp\/v2\/users\/12"}],"replies":[{"embeddable":true,"href":"https:\/\/viaro.org\/ca\/wp-json\/wp\/v2\/comments?post=11918"}],"version-history":[{"count":33,"href":"https:\/\/viaro.org\/ca\/wp-json\/wp\/v2\/pages\/11918\/revisions"}],"predecessor-version":[{"id":24443,"href":"https:\/\/viaro.org\/ca\/wp-json\/wp\/v2\/pages\/11918\/revisions\/24443"}],"wp:featuredmedia":[{"embeddable":true,"href":"https:\/\/viaro.org\/ca\/wp-json\/wp\/v2\/media\/11661"}],"wp:attachment":[{"href":"https:\/\/viaro.org\/ca\/wp-json\/wp\/v2\/media?parent=11918"}],"curies":[{"name":"wp","href":"https:\/\/api.w.org\/{rel}","templated":true}]}}