{"id":12031,"date":"2024-06-20T09:46:26","date_gmt":"2024-06-20T09:46:26","guid":{"rendered":"https:\/\/viaro.org\/?page_id=12031"},"modified":"2025-06-17T09:15:10","modified_gmt":"2025-06-17T09:15:10","slug":"activitats-extraescolars-per-adults","status":"publish","type":"page","link":"https:\/\/viaro.org\/ca\/activitats-extraescolars-per-adults\/","title":{"rendered":"Activitats extraescolars per adults"},"content":{"rendered":"\n<h2 class=\"wp-block-heading has-text-color\" style=\"color:#091237\">Activitats per a pares i mares 2025\/26<\/h2>\n\n<div class=\"wp-block-columns has-background is-layout-flex wp-container-core-columns-is-layout-9d6595d7 wp-block-columns-is-layout-flex\" style=\"background-color:#efefef\">\n<div class=\"wp-block-column is-layout-flow wp-block-column-is-layout-flow\">\n<div class=\"wp-block-buttons is-horizontal is-content-justification-center is-layout-flex wp-container-core-buttons-is-layout-499968f5 wp-block-buttons-is-layout-flex\">\n<div class=\"wp-block-button has-custom-width wp-block-button__width-100 is-style-fill\"><a class=\"wp-block-button__link has-white-color has-text-color has-background has-small-font-size no-border-radius has-custom-font-size wp-element-button\" href=\"https:\/\/viaro.org\/ca\/activitats-extraescolars-a-viaro\/\" style=\"background-color:#091237\"><strong>INFORMACI\u00d3<\/strong><\/a><\/div>\n<\/div>\n<\/div>\n\n\n\n<div class=\"wp-block-column is-layout-flow wp-block-column-is-layout-flow\">\n<div class=\"wp-block-buttons is-horizontal is-content-justification-center is-layout-flex wp-container-core-buttons-is-layout-499968f5 wp-block-buttons-is-layout-flex\">\n<div class=\"wp-block-button has-custom-width wp-block-button__width-100 is-style-fill\"><a class=\"wp-block-button__link has-white-color has-text-color has-background has-small-font-size no-border-radius has-custom-font-size wp-element-button\" href=\"https:\/\/viaro.org\/ca\/extraescolars-a-viaro-per-cursos\/\" style=\"background-color:#091237\"><strong>HORARIS<\/strong><\/a><\/div>\n<\/div>\n<\/div>\n\n\n\n<div class=\"wp-block-column is-layout-flow wp-block-column-is-layout-flow\">\n<div class=\"wp-block-buttons is-horizontal is-content-justification-center is-layout-flex wp-container-core-buttons-is-layout-499968f5 wp-block-buttons-is-layout-flex\">\n<div class=\"wp-block-button has-custom-width wp-block-button__width-100 is-style-fill\"><a class=\"wp-block-button__link has-white-color has-text-color has-background has-small-font-size no-border-radius has-custom-font-size wp-element-button\" href=\"https:\/\/viaro.org\/ca\/inscripcio-a-les-activitats-extraescolars-a-viaro\/\" style=\"background-color:#091237\"><strong>INSCRIPCI\u00d3<\/strong><\/a><\/div>\n<\/div>\n<\/div>\n\n\n\n<div class=\"wp-block-column is-layout-flow wp-block-column-is-layout-flow\">\n<div class=\"wp-block-buttons is-horizontal is-content-justification-center is-layout-flex wp-container-core-buttons-is-layout-499968f5 wp-block-buttons-is-layout-flex\">\n<div class=\"wp-block-button has-custom-width wp-block-button__width-100 is-style-fill\"><a class=\"wp-block-button__link has-white-color has-text-color has-background has-small-font-size no-border-radius has-custom-font-size wp-element-button\" style=\"background-color:#091237\"><strong>ADULTS<\/strong><\/a><\/div>\n<\/div>\n<\/div>\n<\/div>\n\n<div class=\"wp-block-columns has-background is-layout-flex wp-container-core-columns-is-layout-9d6595d7 wp-block-columns-is-layout-flex\" style=\"background-color:#efefef\">\n<div class=\"wp-block-column is-layout-flow wp-block-column-is-layout-flow\" style=\"flex-basis:30%\">\n<figure class=\"wp-block-image size-full\"><img decoding=\"async\" width=\"629\" height=\"564\" src=\"https:\/\/viaro.org\/wp-content\/uploads\/2022\/05\/extraescolares-adultos.jpg\" alt=\"extraescolars per adults\" class=\"wp-image-12037\" srcset=\"https:\/\/viaro.org\/wp-content\/uploads\/2022\/05\/extraescolares-adultos.jpg 629w, https:\/\/viaro.org\/wp-content\/uploads\/2022\/05\/extraescolares-adultos-300x269.jpg 300w\" sizes=\"(max-width: 629px) 100vw, 629px\" \/><\/figure>\n<\/div>\n\n\n\n<div class=\"wp-block-column is-layout-flow wp-block-column-is-layout-flow\">\n<p class=\"has-text-align-left\"><div class=\"traductor-textarea form-group\">&#13;\n<div class=\"textarea-desti col-xs-12 col-sm-6\">&#13;\n<div class=\"form-control second-textarea\">Us presentem l&#8217;oferta d&#8217;activitats extraescolars a <strong>Viar\u00f3 Global School<\/strong>. Un programa que abasta esport, arts i cultura i una oportunitat de gaudir i compartir el temps lliure amb altres pares i amics.<\/div><br\/><\/div><br\/><\/div><br\/><div class=\"traductor-checkbox form-group\">&#13;\n<div class=\"row\">&#13;\n<div class=\"col-sm-offset-2 col-sm-5\"><\/div><br\/><\/div><br\/><\/div><\/p>\n\n\n\n<p class=\"has-text-align-left has-text-color\" style=\"color:#b2153f\">Aquestes activitats estan obertes a tothom. No deixis de convidar a afamiliars i amics!<\/p>\n<\/div>\n<\/div>\n\n<div style=\"height:30px\" aria-hidden=\"true\" class=\"wp-block-spacer\"><\/div>\n\n<h2 class=\"wp-block-heading has-text-color\" style=\"color:#6f777d\">Activitats esportives<\/h2>\n\n<div class=\"wp-block-columns has-text-color is-layout-flex wp-container-core-columns-is-layout-9d6595d7 wp-block-columns-is-layout-flex\" style=\"color:#323940\">\n<div class=\"wp-block-column is-layout-flow wp-block-column-is-layout-flow\">\n<h3 class=\"wp-block-heading has-cyan-bluish-gray-color has-text-color\">CLASSES DE TENIS<\/h3>\n\n\n\n<hr class=\"wp-block-separator has-text-color has-cyan-bluish-gray-color has-css-opacity has-cyan-bluish-gray-background-color has-background is-style-wide\"\/>\n\n\n\n<h4 class=\"wp-block-heading\"><strong>HORARI A CONVENIR<\/strong><\/h4>\n\n\n\n<p>Classes de Tenis de 90&#8242; en grups redu\u00efts. Inicia&#8217;t en l&#8217;esport de raqueta o perfecciona la teva t\u00e8cnica.<strong> Inscripci\u00f3<\/strong>: contacta amb<\/p>\n\n\n\n<p>Marc Ventura<\/p>\n\n\n\n<p><strong><a href=\"mailto:mventura@viaro.org\">mventura@viaro.org<\/a><\/strong><\/p>\n\n\n\n<h4 class=\"wp-block-heading\" id=\"extarte\"><strong>70 \u20ac\/mes<\/strong><\/h4>\n<\/div>\n\n\n\n<div class=\"wp-block-column is-layout-flow wp-block-column-is-layout-flow\">\n<h3 class=\"wp-block-heading has-cyan-bluish-gray-color has-text-color\">CLASSES DE P\u00c1DEL<\/h3>\n\n\n\n<hr class=\"wp-block-separator has-text-color has-cyan-bluish-gray-color has-css-opacity has-cyan-bluish-gray-background-color has-background is-style-wide\"\/>\n\n\n\n<h4 class=\"wp-block-heading\"><strong><strong>HORARI A CONVENIR<\/strong><\/strong><\/h4>\n\n\n\n<p>Classes de P\u00e0del en grups redu\u00efts. Inicia&#8217;t en l&#8217;esport de raqueta o perfecciona la teva t\u00e8cnica. <strong>Inscripci\u00f3<\/strong>: contacta amb<\/p>\n\n\n\n<p><strong><a href=\"mailto:padelviaro@gmail.com\">padelviaro@gmail.com<\/a><\/strong><\/p>\n\n\n\n<h4 class=\"wp-block-heading\" id=\"extarte\">abans de les 17h: <strong>45 \u20ac\/mes<\/strong><\/h4>\n\n\n\n<h4 class=\"wp-block-heading\" id=\"extarte\">a partir de les 17h: <strong>60 \u20ac\/mes<\/strong><\/h4>\n<\/div>\n\n\n\n<div class=\"wp-block-column is-layout-flow wp-block-column-is-layout-flow\">\n<h3 class=\"wp-block-heading has-cyan-bluish-gray-color has-text-color\">LLIGA DE P\u00c0DEL<\/h3>\n\n\n\n<hr class=\"wp-block-separator has-text-color has-cyan-bluish-gray-color has-css-opacity has-cyan-bluish-gray-background-color has-background is-style-wide\"\/>\n\n\n\n<h4 class=\"wp-block-heading\"><strong><strong>HORARI A CONVENIR<\/strong><\/strong><\/h4>\n\n\n\n<p>Competeix en diverses rondes i categories durant el curs, a les noves pistes de p\u00e0del del col\u00b7legi. <strong>Inscripci\u00f3<\/strong>: contacta amb<\/p>\n\n\n\n<p><strong><a href=\"mailto:padelviaro@gmail.com\">padelviaro@gmail.com<\/a><\/strong><\/p>\n\n\n\n<h4 class=\"wp-block-heading\" id=\"extarte\"><strong>Preu segons inscripcions<\/strong><\/h4>\n<\/div>\n<\/div>\n\n<div class=\"wp-block-columns has-text-color is-layout-flex wp-container-core-columns-is-layout-9d6595d7 wp-block-columns-is-layout-flex\" style=\"color:#323940\">\n<div class=\"wp-block-column is-layout-flow wp-block-column-is-layout-flow\">\n<h3 class=\"wp-block-heading has-cyan-bluish-gray-color has-text-color\">VIAR\u00d3 AMATEUR F-11<\/h3>\n\n\n\n<hr class=\"wp-block-separator has-text-color has-cyan-bluish-gray-color has-css-opacity has-cyan-bluish-gray-background-color has-background is-style-wide\"\/>\n\n\n\n<h4 class=\"wp-block-heading\"><strong>Dilluns\/Dimecres 21:00<\/strong><\/h4>\n\n\n\n<p>Competeix amb Olympia, l&#8217;equip oficial de Viar\u00f3 Alumni. <strong>Inscripci\u00f3<\/strong>: contacta amb<\/p>\n\n\n\n<p>Juan Dom\u00e9nech<\/p>\n\n\n\n<p><strong><a href=\"mailto:juandomen02@gmail.com\">juandomen02@gmail.com<\/a><\/strong><\/p>\n\n\n\n<h4 class=\"wp-block-heading\" id=\"extarte\"><strong>47 \u20ac\/mes<\/strong><\/h4>\n<\/div>\n\n\n\n<div class=\"wp-block-column is-layout-flow wp-block-column-is-layout-flow\">\n<h3 class=\"wp-block-heading has-cyan-bluish-gray-color has-text-color\">LLIGA FUTBOL &#8211; 7<\/h3>\n\n\n\n<hr class=\"wp-block-separator has-text-color has-cyan-bluish-gray-color has-css-opacity has-cyan-bluish-gray-background-color has-background is-style-wide\"\/>\n\n\n\n<h4 class=\"wp-block-heading\"><strong>Dilluns\/Dijous des de 20:00<\/strong><\/h4>\n\n\n\n<p>Lliga nocturna de Futbol 7. Viu la competici\u00f3 amb passi\u00f3 i esportivitat. <strong>Inscripci\u00f3<\/strong>:<\/p>\n\n\n\n<p>A la p\u00e0gina de la lliga<\/p>\n\n\n\n<p><a href=\"https:\/\/open.viaro.org\/\" target=\"_blank\" rel=\"noreferrer noopener\"><strong>Web Open League<\/strong><\/a><\/p>\n<\/div>\n\n\n\n<div class=\"wp-block-column is-layout-flow wp-block-column-is-layout-flow\"><\/div>\n<\/div>\n\n<div style=\"height:96px\" aria-hidden=\"true\" class=\"wp-block-spacer\"><\/div>\n\n<h2 class=\"wp-block-heading has-text-color\" style=\"color:#6f777d\">Activitats art\u00edstiques i culturals<\/h2>\n\n<div class=\"wp-block-columns has-text-color is-layout-flex wp-container-core-columns-is-layout-9d6595d7 wp-block-columns-is-layout-flex\" style=\"color:#323940\">\n<div class=\"wp-block-column is-layout-flow wp-block-column-is-layout-flow\">\n<h3 class=\"wp-block-heading has-cyan-bluish-gray-color has-text-color\">TEATRE PER A TOTES LES EDATS<\/h3>\n\n\n\n<hr class=\"wp-block-separator has-text-color has-cyan-bluish-gray-color has-css-opacity has-cyan-bluish-gray-background-color has-background is-style-wide\"\/>\n\n\n\n<h4 class=\"wp-block-heading\"><strong>Dimarts 21:00<\/strong><\/h4>\n\n\n\n<p>Forma part de la companyia de teatre de Viar\u00f3. Una activitat pensada molt seriosament per riure actuant i fer riure el nostre p\u00fablic amb les com\u00e8dies m\u00e9s esbojarrades i per a tots. La millor opci\u00f3 per un dimarts al vespre&#8230; si no hi ha reuni\u00f3 de pares.<\/p>\n\n\n\n<h4 class=\"wp-block-heading\" id=\"extarte\"><strong><strong>10 \u20ac\/mes<\/strong><\/strong><\/h4>\n<\/div>\n\n\n\n<div class=\"wp-block-column is-layout-flow wp-block-column-is-layout-flow\">\n<h3 class=\"wp-block-heading has-cyan-bluish-gray-color has-text-color\">TEATRE MUSICAL PER A JOVES ADULTS<\/h3>\n\n\n\n<hr class=\"wp-block-separator has-text-color has-cyan-bluish-gray-color has-css-opacity has-cyan-bluish-gray-background-color has-background is-style-wide\"\/>\n\n\n\n<h4 class=\"wp-block-heading\"><strong>Dimecres 21:00<\/strong><\/h4>\n\n\n\n<p>Participa en l\u2019assaig, preparaci\u00f3 i posada en escena d\u2019un musical davant de p\u00fablic. Una activitat creativa, divertida, emocionant i molt addictiva, per a nois i noies a partir de 18 anys. Gaudeix el teatre musical en el millor ambient.<\/p>\n\n\n\n<h4 class=\"wp-block-heading\" id=\"extarte\"><strong><strong>35 \u20ac\/mes<\/strong><\/strong><\/h4>\n<\/div>\n\n\n\n<div class=\"wp-block-column is-layout-flow wp-block-column-is-layout-flow\">\n<h3 class=\"wp-block-heading has-cyan-bluish-gray-color has-text-color\">TEATRE MUSICAL DE PARES I MARES<\/h3>\n\n\n\n<hr class=\"wp-block-separator has-text-color has-cyan-bluish-gray-color has-css-opacity has-cyan-bluish-gray-background-color has-background is-style-wide\"\/>\n\n\n\n<h4 class=\"wp-block-heading\"><strong>Dijous 21:00<\/strong><\/h4>\n\n\n\n<p>El talent no t\u00e9 edat! Apunta\u2019t a la diversi\u00f3 de preparar un aut\u00e8ntic espectacle de teatre musical, amb professionals que t\u2019acompanyaran a treure l\u2019artista que duus a dins. Mares, pares i amics de Viar\u00f3, tothom hi \u00e9s benvingut!<br\/><\/p>\n\n\n\n<h4 class=\"wp-block-heading\" id=\"extarte\"><strong>35 \u20ac\/mes<\/strong><\/h4>\n<\/div>\n<\/div>\n\n<div class=\"wp-block-columns has-text-color is-layout-flex wp-container-core-columns-is-layout-9d6595d7 wp-block-columns-is-layout-flex\" style=\"color:#323940\">\n<div class=\"wp-block-column is-layout-flow wp-block-column-is-layout-flow\">\n<h3 class=\"wp-block-heading has-cyan-bluish-gray-color has-text-color\">CANT CORAL<\/h3>\n\n\n\n<hr class=\"wp-block-separator has-text-color has-cyan-bluish-gray-color has-css-opacity has-cyan-bluish-gray-background-color has-background is-style-wide\"\/>\n\n\n\n<h4 class=\"wp-block-heading\"><strong>Convocat\u00f2ries puntuals<\/strong><\/h4>\n\n\n\n<p>Inscriu-te per preparar, assajar i interpretar temes musicals corals en esdeveniments del col\u00b7legi<\/p>\n\n\n\n<h4 class=\"wp-block-heading\" id=\"extarte\"><strong>Gratu\u00efta<\/strong><\/h4>\n\n\n\n<div style=\"height:30px\" aria-hidden=\"true\" class=\"wp-block-spacer\"><\/div>\n<\/div>\n\n\n\n<div class=\"wp-block-column is-layout-flow wp-block-column-is-layout-flow\"><\/div>\n\n\n\n<div class=\"wp-block-column is-layout-flow wp-block-column-is-layout-flow\"><\/div>\n<\/div>\n\n<div class=\"wp-block-columns is-layout-flex wp-container-core-columns-is-layout-9d6595d7 wp-block-columns-is-layout-flex\">\n<div class=\"wp-block-column is-layout-flow wp-block-column-is-layout-flow\">\n<div class=\"wp-block-buttons is-horizontal is-content-justification-center is-layout-flex wp-container-core-buttons-is-layout-499968f5 wp-block-buttons-is-layout-flex\">\n<div class=\"wp-block-button has-custom-width wp-block-button__width-100 is-style-fill\"><a class=\"wp-block-button__link has-white-color has-text-color has-background has-small-font-size no-border-radius has-custom-font-size wp-element-button\" href=\"https:\/\/comunicacioviaro.typeform.com\/to\/Vmqpzyg2\" style=\"background-color:#6f777d\" target=\"_blank\" rel=\"noopener\"><strong>INSCRIPCI\u00d3 ACTIVITATS ART\u00cdSTIQUES PER ADULTS<\/strong><\/a><\/div>\n<\/div>\n<\/div>\n\n\n\n<div class=\"wp-block-column is-layout-flow wp-block-column-is-layout-flow\"><\/div>\n\n\n\n<div class=\"wp-block-column is-layout-flow wp-block-column-is-layout-flow\"><\/div>\n<\/div>\n\n<div style=\"height:134px\" aria-hidden=\"true\" class=\"wp-block-spacer\"><\/div>\n\n<h4 class=\"wp-block-heading\">EXTRAESCOLARS PER ADULTS<\/h4>\n\n<p><\/p>\n","protected":false},"excerpt":{"rendered":"<p>Activitats per a pares i mares 2025\/26 &#13; &#13; Us presentem l&#8217;oferta d&#8217;activitats extraescolars a Viar\u00f3 Global School. Un programa que abasta esport, arts i cultura i una oportunitat de gaudir i compartir el temps lliure amb altres pares i amics. &#13; &#13; Aquestes activitats estan obertes a tothom. No deixis de convidar a afamiliars [&hellip;]<\/p>\n","protected":false},"author":12,"featured_media":12045,"parent":0,"menu_order":0,"comment_status":"closed","ping_status":"closed","template":"template-blocks.php","meta":{"_uag_custom_page_level_css":"","_joinchat":[],"footnotes":""},"class_list":["post-12031","page","type-page","status-publish","has-post-thumbnail","hentry"],"uagb_featured_image_src":{"full":["https:\/\/viaro.org\/wp-content\/uploads\/2022\/05\/extraescoalres-para-adultos.jpg",1432,567,false],"thumbnail":["https:\/\/viaro.org\/wp-content\/uploads\/2022\/05\/extraescoalres-para-adultos-150x150.jpg",150,150,true],"medium":["https:\/\/viaro.org\/wp-content\/uploads\/2022\/05\/extraescoalres-para-adultos-300x119.jpg",300,119,true],"medium_large":["https:\/\/viaro.org\/wp-content\/uploads\/2022\/05\/extraescoalres-para-adultos-768x304.jpg",640,253,true],"large":["https:\/\/viaro.org\/wp-content\/uploads\/2022\/05\/extraescoalres-para-adultos-1024x405.jpg",640,253,true],"1536x1536":["https:\/\/viaro.org\/wp-content\/uploads\/2022\/05\/extraescoalres-para-adultos.jpg",1432,567,false],"2048x2048":["https:\/\/viaro.org\/wp-content\/uploads\/2022\/05\/extraescoalres-para-adultos.jpg",1432,567,false],"related-content":["https:\/\/viaro.org\/wp-content\/uploads\/2022\/05\/extraescoalres-para-adultos-297x167.jpg",297,167,true]},"uagb_author_info":{"display_name":"Ignacio Malmierca","author_link":"https:\/\/viaro.org\/ca\/author\/imalmierca\/"},"uagb_comment_info":0,"uagb_excerpt":"Activitats per a pares i mares 2025\/26 &#13; &#13; Us presentem l&#8217;oferta d&#8217;activitats extraescolars a Viar\u00f3 Global School. Un programa que abasta esport, arts i cultura i una oportunitat de gaudir i compartir el temps lliure amb altres pares i amics. &#13; &#13; Aquestes activitats estan obertes a tothom. No deixis de convidar a afamiliars&hellip;","_links":{"self":[{"href":"https:\/\/viaro.org\/ca\/wp-json\/wp\/v2\/pages\/12031","targetHints":{"allow":["GET"]}}],"collection":[{"href":"https:\/\/viaro.org\/ca\/wp-json\/wp\/v2\/pages"}],"about":[{"href":"https:\/\/viaro.org\/ca\/wp-json\/wp\/v2\/types\/page"}],"author":[{"embeddable":true,"href":"https:\/\/viaro.org\/ca\/wp-json\/wp\/v2\/users\/12"}],"replies":[{"embeddable":true,"href":"https:\/\/viaro.org\/ca\/wp-json\/wp\/v2\/comments?post=12031"}],"version-history":[{"count":36,"href":"https:\/\/viaro.org\/ca\/wp-json\/wp\/v2\/pages\/12031\/revisions"}],"predecessor-version":[{"id":24445,"href":"https:\/\/viaro.org\/ca\/wp-json\/wp\/v2\/pages\/12031\/revisions\/24445"}],"wp:featuredmedia":[{"embeddable":true,"href":"https:\/\/viaro.org\/ca\/wp-json\/wp\/v2\/media\/12045"}],"wp:attachment":[{"href":"https:\/\/viaro.org\/ca\/wp-json\/wp\/v2\/media?parent=12031"}],"curies":[{"name":"wp","href":"https:\/\/api.w.org\/{rel}","templated":true}]}}