{"id":1335,"date":"2018-09-26T10:18:29","date_gmt":"2018-09-26T10:18:29","guid":{"rendered":"http:\/\/viaro.org\/colegio\/instalaciones\/"},"modified":"2023-03-29T14:12:26","modified_gmt":"2023-03-29T14:12:26","slug":"instalacions","status":"publish","type":"page","link":"https:\/\/viaro.org\/ca\/instalacions\/","title":{"rendered":"Instal\u00b7lacions"},"content":{"rendered":"<div class=\"epyt-video-wrapper\"><div  style=\"display: block; margin: 0px auto;\"  id=\"_ytid_15347\"  width=\"800\" height=\"450\"  data-origwidth=\"800\" data-origheight=\"450\" data-facadesrc=\"https:\/\/www.youtube.com\/embed\/NOK89A5xTfk?enablejsapi=1&#038;autoplay=0&#038;cc_load_policy=0&#038;cc_lang_pref=&#038;iv_load_policy=3&#038;loop=0&#038;rel=0&#038;fs=1&#038;playsinline=0&#038;autohide=2&#038;theme=dark&#038;color=white&#038;controls=1&#038;disablekb=0&#038;\" class=\"__youtube_prefs__ epyt-facade no-lazyload\" data-epautoplay=\"1\" ><img decoding=\"async\" data-spai-excluded=\"true\" class=\"epyt-facade-poster skip-lazy\" loading=\"lazy\"  alt=\"YouTube player\"  src=\"https:\/\/i.ytimg.com\/vi\/NOK89A5xTfk\/maxresdefault.jpg\"  \/><button class=\"epyt-facade-play\" aria-label=\"Play\"><svg data-no-lazy=\"1\" height=\"100%\" version=\"1.1\" viewBox=\"0 0 68 48\" width=\"100%\"><path class=\"ytp-large-play-button-bg\" d=\"M66.52,7.74c-0.78-2.93-2.49-5.41-5.42-6.19C55.79,.13,34,0,34,0S12.21,.13,6.9,1.55 C3.97,2.33,2.27,4.81,1.48,7.74C0.06,13.05,0,24,0,24s0.06,10.95,1.48,16.26c0.78,2.93,2.49,5.41,5.42,6.19 C12.21,47.87,34,48,34,48s21.79-0.13,27.1-1.55c2.93-0.78,4.64-3.26,5.42-6.19C67.94,34.95,68,24,68,24S67.94,13.05,66.52,7.74z\" fill=\"#f00\"><\/path><path d=\"M 45,24 27,14 27,34\" fill=\"#fff\"><\/path><\/svg><\/button><\/div><\/div>\n<div style=\"height:50px\" aria-hidden=\"true\" class=\"wp-block-spacer\"><\/div>\n\n<h4 class=\"has-text-align-center wp-block-heading\"><strong>Reserva d&#8217;instal\u00b7lacions<\/strong><\/h4>\n\n<p>Consulta tota la informaci\u00f3 sobre el sistema online de reserves i la normativa d&#8217;\u00fas de les nostres instal\u00b7lacions<\/p>\n\n<div class=\"wp-block-columns is-layout-flex wp-container-core-columns-is-layout-9d6595d7 wp-block-columns-is-layout-flex\">\n<div class=\"wp-block-column is-layout-flow wp-block-column-is-layout-flow\"><\/div>\n\n\n\n<div class=\"wp-block-column is-layout-flow wp-block-column-is-layout-flow\">\n<div class=\"wp-block-buttons is-content-justification-center is-layout-flex wp-container-core-buttons-is-layout-16018d1d wp-block-buttons-is-layout-flex\">\n<div class=\"wp-block-button is-style-fill\"><a class=\"wp-block-button__link has-white-color has-text-color has-background wp-element-button\" href=\"https:\/\/viaro.org\/reserva-de-instalaciones\/\" style=\"background-color:#b2153f\">Reservar instal\u00b7lacions<\/a><\/div>\n<\/div>\n<\/div>\n\n\n\n<div class=\"wp-block-column is-layout-flow wp-block-column-is-layout-flow\"><\/div>\n<\/div>\n\n<div style=\"height:30px\" aria-hidden=\"true\" class=\"wp-block-spacer\"><\/div>\n\n<h3 class=\"wp-block-heading\">Si les parets poguessin parlar, explicarien moltes coses.<\/h3>\n\n<p>Els espais juguen un paper molt important en les nostres vides i, per aix\u00f2, els donem valor i els cuidem: els mantenim ordenats, nets, ben decorats: sempre a punt.<\/p>\n\n<p>Si hi ha un lloc on aquests espais cobren major import\u00e0ncia, \u00e9s en un col\u00b7legi. Els alumnes passen un ter\u00e7 de la seva vida d&#8217;inf\u00e0ncia i adolesc\u00e8ncia al col\u00b7legi, per la qual cosa \u00e9s necessari que puguin desenvolupar-se i aprendre en un entorn favorable i enriquidor.<\/p>\n\n<div style=\"height:15px\" aria-hidden=\"true\" class=\"wp-block-spacer\"><\/div>\n\n<h3 class=\"wp-block-heading\">Un pavell\u00f3 per a cada etapa<\/h3>\n\n<p>En Viar\u00f3 Global School, disposem de diferents edificis, en els quals es troben aules, despatxos i espais d&#8217;aprenentatge per a cada etapa.<\/p>\n\n<ul class=\"wp-block-list\">\n<li><strong>Hex\u00e0gons Infantil:<\/strong> \u00c9s l&#8217;espai per als alumnes de 0 a 6 anys, amb aules especialitzades i adaptades a cada edat.<\/li>\n<\/ul>\n\n<h4 class=\"wp-block-heading\">Coneix a fons les instal\u00b7lacions de\u00a0Viar\u00f3\u00a0Infantil <a href=\"https:\/\/viaro.org\/ca\/portes-obertes-infantil\/portes-obertes-infantil-2\/\">fent clic aqu\u00ed<\/a>.<\/h4>\n\n<ul class=\"wp-block-list\">\n<li><strong>Hex\u00e0gons Prim\u00e0ria:<\/strong> L&#8217;edifici per als tres primers cursos de prim\u00e0ria, amb aulas-classe i espaios comuns, com l&#8217;espai de lectura.<\/li>\n\n\n\n<li><strong>Pins Prim\u00e0ria:<\/strong> L&#8217;edifici per als tres \u00faltims cursos de <a href=\"https:\/\/viaro.org\/ca\/vida-academica\/infantil\/\">Prim\u00e0ria<\/a>, amb aules m\u00e9s especialitzades (<a href=\"https:\/\/viaro.org\/ca\/vida-academica\/musica-emv\/\">m\u00fasica<\/a>, STEAM, lectura&#8230;).<\/li>\n\n\n\n<li><strong>Ametller Secund\u00e0ria:<\/strong> \u00c9s l&#8217;edifici m\u00e9s antic del col\u00b7legi &#8211; remodelat recentment. Aqu\u00ed es potencia especialment les <a href=\"https:\/\/viaro.org\/ca\/vida-academica\/global-arts\/\">arts<\/a> i la rob\u00f2tica, amb espais dedicats a aquestes activitats.<\/li>\n\n\n\n<li><strong>Escut Batxillerat:<\/strong> En aquest edifici conviuen els alumnes dels dos cursos de <a href=\"https:\/\/viaro.org\/ca\/alumnes-de-batxillerat-participen-a-lolimpiada-de-biologia\/\">Batxillerat<\/a>, en un ambient d&#8217;estudi orientat a l&#8217;especialitzaci\u00f3 i l&#8217;aprenentatge pr\u00e0ctic: amb laboratoris de ci\u00e8ncies STEAM i aules per al foment de la cultura audiovisual.<\/li>\n\n\n\n<li><strong>Pavell\u00f3 d&#8217;Educaci\u00f3 F\u00edsica:<\/strong> Despatxos, vestuaris i el material necessari per desenvolupar l&#8217;activitat f\u00edsica, envoltats d&#8217;unes \u00e0mplies instal\u00b7lacions esportives.<\/li>\n\n\n\n<li><strong>Pavell\u00f3 central:<\/strong> Amb les saletes d&#8217;entrevista, espais per reunions i diferents serveis: biblioteca, reprografia, sala de juntes&#8230;etc.<\/li>\n<\/ul>\n\n<h3 class=\"wp-block-heading\">Espais per servir<\/h3>\n\n<p>Els diferents serveis escolars que oferim es desenvolupen en espais pensats per a ells. A m\u00e9s dels pavellons d&#8217;etapa, comptem amb aquests espais de serveis:<\/p>\n\n<ul class=\"wp-block-list\">\n<li>Sal\u00f3 d&#8217;actes<\/li>\n\n\n\n<li>Cuina pr\u00f2pia i 2 menjadors<\/li>\n\n\n\n<li>Oratori<\/li>\n\n\n\n<li>Sala de confer\u00e8ncies<\/li>\n<\/ul>\n\n<h3 class=\"wp-block-heading\">Instal\u00b7lacions esportives<\/h3>\n\n<p>Una de les activitats m\u00e9s importants per a nosaltres \u00e9s <a href=\"https:\/\/viaro.org\/ca\/vida-academica\/educacion-fisica\/\">l&#8217;educaci\u00f3 f\u00edsica<\/a>. Conscients de la import\u00e0ncia de disposar d&#8217;instal\u00b7lacions esportives adequades, comptem amb diferents espais per a la pr\u00e0ctica esportiva curricular i extraescolar:<\/p>\n\n<ul class=\"wp-block-list\">\n<li>2 camps de futbol 11 de gespa artificial<\/li>\n\n\n\n<li>1 camp de Futbol 7 de gespa artificial<\/li>\n\n\n\n<li>1 camp de futbol 5 exterior de gespa artificial<\/li>\n\n\n\n<li>5 pistes de p\u00e0del<\/li>\n\n\n\n<li>1 pavell\u00f3 poliesportiu<\/li>\n\n\n\n<li>1 pista d&#8217;atletisme<\/li>\n\n\n\n<li>2 pistes de b\u00e0squet<\/li>\n\n\n\n<li>1 piscina exterior<\/li>\n<\/ul>\n\n<h4 class=\"wp-block-heading\">T&#8217;agradaria con\u00e8ixer les instal\u00b7lacions en viu? <a href=\"https:\/\/viaro.org\/ca\/admissions\/\">Sol\u00b7licita una entrevista personalitzada fent clic aqu\u00ed.<\/a><\/h4>\n\n<div style=\"height:50px\" aria-hidden=\"true\" class=\"wp-block-spacer\"><\/div>\n<div class=\"wp-block-image\">\n<figure class=\"aligncenter size-full\"><a href=\"https:\/\/www.google.com\/search?q=viaro+global+school&amp;oq=viaro+global&amp;aqs=chrome.0.0i355i512j46i175i199i512j69i57j0i512j0i22i30l6.4253j0j15&amp;sourceid=chrome&amp;ie=UTF-8\" target=\"_blank\" rel=\"noopener\"><img decoding=\"async\" width=\"149\" height=\"149\" src=\"https:\/\/viaro.org\/wp-content\/uploads\/2021\/12\/instalaciones.png\" alt=\"instal&#xB7;lacions\" class=\"wp-image-10105\"\/><\/a><\/figure><\/div>\n<p><\/p>\n","protected":false},"excerpt":{"rendered":"<p>Reserva d&#8217;instal\u00b7lacions Consulta tota la informaci\u00f3 sobre el sistema online de reserves i la normativa d&#8217;\u00fas de les nostres instal\u00b7lacions Si les parets poguessin parlar, explicarien moltes coses. Els espais juguen un paper molt important en les nostres vides i, per aix\u00f2, els donem valor i els cuidem: els mantenim ordenats, nets, ben decorats: sempre [&hellip;]<\/p>\n","protected":false},"author":11,"featured_media":1757,"parent":0,"menu_order":0,"comment_status":"closed","ping_status":"closed","template":"template-ibsc.php","meta":{"_uag_custom_page_level_css":"","_joinchat":[],"footnotes":""},"class_list":["post-1335","page","type-page","status-publish","has-post-thumbnail","hentry"],"uagb_featured_image_src":{"full":["https:\/\/viaro.org\/wp-content\/uploads\/2019\/03\/Instalaciones_Viar\u00f3.jpg",3840,2160,false],"thumbnail":["https:\/\/viaro.org\/wp-content\/uploads\/2019\/03\/Instalaciones_Viar\u00f3-150x150.jpg",150,150,true],"medium":["https:\/\/viaro.org\/wp-content\/uploads\/2019\/03\/Instalaciones_Viar\u00f3-300x169.jpg",300,169,true],"medium_large":["https:\/\/viaro.org\/wp-content\/uploads\/2019\/03\/Instalaciones_Viar\u00f3-768x432.jpg",640,360,true],"large":["https:\/\/viaro.org\/wp-content\/uploads\/2019\/03\/Instalaciones_Viar\u00f3-1024x576.jpg",640,360,true],"1536x1536":["https:\/\/viaro.org\/wp-content\/uploads\/2019\/03\/Instalaciones_Viar\u00f3.jpg",1536,864,false],"2048x2048":["https:\/\/viaro.org\/wp-content\/uploads\/2019\/03\/Instalaciones_Viar\u00f3.jpg",2048,1152,false],"related-content":["https:\/\/viaro.org\/wp-content\/uploads\/2019\/03\/Instalaciones_Viar\u00f3-297x167.jpg",297,167,true]},"uagb_author_info":{"display_name":"Comunicaci\u00f3 Viar\u00f3","author_link":"https:\/\/viaro.org\/ca\/author\/viarocom\/"},"uagb_comment_info":0,"uagb_excerpt":"Reserva d&#8217;instal\u00b7lacions Consulta tota la informaci\u00f3 sobre el sistema online de reserves i la normativa d&#8217;\u00fas de les nostres instal\u00b7lacions Si les parets poguessin parlar, explicarien moltes coses. Els espais juguen un paper molt important en les nostres vides i, per aix\u00f2, els donem valor i els cuidem: els mantenim ordenats, nets, ben decorats: sempre&hellip;","_links":{"self":[{"href":"https:\/\/viaro.org\/ca\/wp-json\/wp\/v2\/pages\/1335","targetHints":{"allow":["GET"]}}],"collection":[{"href":"https:\/\/viaro.org\/ca\/wp-json\/wp\/v2\/pages"}],"about":[{"href":"https:\/\/viaro.org\/ca\/wp-json\/wp\/v2\/types\/page"}],"author":[{"embeddable":true,"href":"https:\/\/viaro.org\/ca\/wp-json\/wp\/v2\/users\/11"}],"replies":[{"embeddable":true,"href":"https:\/\/viaro.org\/ca\/wp-json\/wp\/v2\/comments?post=1335"}],"version-history":[{"count":46,"href":"https:\/\/viaro.org\/ca\/wp-json\/wp\/v2\/pages\/1335\/revisions"}],"predecessor-version":[{"id":16899,"href":"https:\/\/viaro.org\/ca\/wp-json\/wp\/v2\/pages\/1335\/revisions\/16899"}],"wp:featuredmedia":[{"embeddable":true,"href":"https:\/\/viaro.org\/ca\/wp-json\/wp\/v2\/media\/1757"}],"wp:attachment":[{"href":"https:\/\/viaro.org\/ca\/wp-json\/wp\/v2\/media?parent=1335"}],"curies":[{"name":"wp","href":"https:\/\/api.w.org\/{rel}","templated":true}]}}