{"id":14607,"date":"2022-10-19T13:47:35","date_gmt":"2022-10-19T13:47:35","guid":{"rendered":"https:\/\/viaro.org\/?page_id=14607"},"modified":"2024-02-15T13:43:39","modified_gmt":"2024-02-15T13:43:39","slug":"projecte-pedagogic-de-0-a-2-anys","status":"publish","type":"page","link":"https:\/\/viaro.org\/ca\/educacio-infantil\/projecte-pedagogic-de-0-a-2-anys\/","title":{"rendered":"Projecte pedag\u00f2gic de 0 a 2 anys"},"content":{"rendered":"\n<div class=\"wp-block-columns is-layout-flex wp-container-core-columns-is-layout-9d6595d7 wp-block-columns-is-layout-flex\">\n<div class=\"wp-block-column is-layout-flow wp-block-column-is-layout-flow\"><\/div>\n\n\n\n<div class=\"wp-block-column is-layout-flow wp-block-column-is-layout-flow\" style=\"flex-basis:70%\">\n<div style=\"height:21px\" aria-hidden=\"true\" class=\"wp-block-spacer\"><\/div>\n\n\n\n<div class=\"wp-block-columns is-layout-flex wp-container-core-columns-is-layout-9d6595d7 wp-block-columns-is-layout-flex\">\n<div class=\"wp-block-column is-layout-flow wp-block-column-is-layout-flow\">\n<div class=\"wp-block-buttons is-content-justification-center is-layout-flex wp-block-buttons-is-layout-flex\">\n<div class=\"wp-block-button has-custom-width wp-block-button__width-75 has-custom-font-size has-small-font-size\"><a class=\"wp-block-button__link has-white-color has-text-color has-background\" href=\"https:\/\/viaro.org\/informacion-general\/\" style=\"background-color:#b2153f\"><strong>Informaci\u00f3 General<\/strong><\/a><\/div>\n<\/div>\n<\/div>\n\n\n\n<div class=\"wp-block-column is-layout-flow wp-block-column-is-layout-flow\">\n<div class=\"wp-block-buttons is-content-justification-center is-layout-flex wp-block-buttons-is-layout-flex\">\n<div class=\"wp-block-button has-custom-width wp-block-button__width-75 has-custom-font-size has-small-font-size\"><a class=\"wp-block-button__link has-white-color has-text-color has-background\" href=\"https:\/\/viaro.org\/educacion-infantil\/\" style=\"background-color:#b2153f\"><strong>Educaci\u00f3 Infantil<\/strong><\/a><\/div>\n<\/div>\n<\/div>\n\n\n\n<div class=\"wp-block-column is-layout-flow wp-block-column-is-layout-flow\">\n<div class=\"wp-block-buttons is-content-justification-center is-layout-flex wp-block-buttons-is-layout-flex\">\n<div class=\"wp-block-button has-custom-width wp-block-button__width-75 has-custom-font-size has-small-font-size\"><a class=\"wp-block-button__link has-white-color has-text-color has-background\" href=\"https:\/\/viaro.org\/educacion-infantil\/proyecto-pedagogico-de-3-a-6-anos\/\" style=\"background-color:#b2153f\"><strong>Segon Cicle<\/strong><\/a><\/div>\n<\/div>\n<\/div>\n\n\n\n<div class=\"wp-block-column is-layout-flow wp-block-column-is-layout-flow\">\n<div class=\"wp-block-buttons is-content-justification-center is-layout-flex wp-block-buttons-is-layout-flex\">\n<div class=\"wp-block-button has-custom-width wp-block-button__width-75 has-custom-font-size has-small-font-size\"><a class=\"wp-block-button__link has-white-color has-text-color has-background\" href=\"https:\/\/viaro.org\/unafinestraoberta\/\" style=\"background-color:#b2153f\"><strong>Finestra Oberta<\/strong><\/a><\/div>\n<\/div>\n<\/div>\n<\/div>\n<\/div>\n\n\n\n<div class=\"wp-block-column is-layout-flow wp-block-column-is-layout-flow\"><\/div>\n<\/div>\n\n<div style=\"height:10px\" aria-hidden=\"true\" class=\"wp-block-spacer\"><\/div>\n\n<div class=\"wp-block-columns is-layout-flex wp-container-core-columns-is-layout-9d6595d7 wp-block-columns-is-layout-flex\">\n<div class=\"wp-block-column is-layout-flow wp-block-column-is-layout-flow\"><\/div>\n\n\n\n<div class=\"wp-block-column is-layout-flow wp-block-column-is-layout-flow\" style=\"flex-basis:70%\">\n<h2 class=\"has-text-align-left wp-block-heading\">Primer Cicle | Projecte pedag\u00f2gic de 0 a 2 anys<\/h2>\n\n\n\n<h3 class=\"wp-block-heading\">Activitats di\u00e0ries<\/h3>\n\n\n\n<div style=\"height:35px\" aria-hidden=\"true\" class=\"wp-block-spacer\"><\/div>\n\n\n\n<div class=\"wp-block-columns is-layout-flex wp-container-core-columns-is-layout-9d6595d7 wp-block-columns-is-layout-flex\">\n<div class=\"wp-block-column is-layout-flow wp-block-column-is-layout-flow\">\n<div class=\"wp-block-columns is-layout-flex wp-container-core-columns-is-layout-9d6595d7 wp-block-columns-is-layout-flex\">\n<div class=\"wp-block-column is-layout-flow wp-block-column-is-layout-flow\">\n<figure class=\"wp-block-image size-full\"><img decoding=\"async\" src=\"https:\/\/viaro.org\/wp-content\/uploads\/2022\/10\/Proyecto-pedago&#x301;gico-de-0-a-2-an&#x303;os-despegamos.jpg\" alt=\"Projecte pedag&#xF2;gic de 0 a 2 anys amunt\" class=\"wp-image-14617\"\/><\/figure>\n\n\n\n<h3 class=\"has-text-color wp-block-heading\" style=\"color:#b2153f\">Amunt! Programa d&#8217;estimulaci\u00f3 multisensorial<\/h3>\n\n\n\n<p>Els m\u00e9s petits comencen a con\u00e8ixer i entendre el seu entorn a trav\u00e9s dels sentits, que s\u00f3n la principal via de coneixement; per aix\u00f2 \u00e9s tan important l&#8217;experimentaci\u00f3 en el nostre projecte pedag\u00f2gic de 0 a 2 anys. El nostre professorat dissenya situacions que provoquen experi\u00e8ncies variades, ambients rics en est\u00edmuls amb propostes did\u00e0ctiques concretes. El seu paper d&#8217;acompanyament \u00e9s fonamental per a ajustar el proc\u00e9s d&#8217;ensenyament-aprenentatge a l&#8217;estil i ritme de cada nen.&#13;\n<\/p>\n\n\n\n<p>A trav\u00e9s de la pr\u00f2pia activitat, els nens expressen els seus interessos i motivacions, descobreixen propietats dels objectes, estableixen relacions i transformen la realitat. Les safates sensorials i altres din\u00e0miques de joc no dirigit ajuden a descobrir sabors, textures, colors, olors i sons nous.&#13;\n<\/p>\n<\/div>\n\n\n\n<div class=\"wp-block-column is-layout-flow wp-block-column-is-layout-flow\" style=\"flex-basis:10%\"><\/div>\n\n\n\n<div class=\"wp-block-column is-layout-flow wp-block-column-is-layout-flow\">\n<figure class=\"wp-block-image size-large\"><img decoding=\"async\" src=\"https:\/\/viaro.org\/wp-content\/uploads\/2022\/10\/Proyecto-pedago&#x301;gico-de-0-a-2-an&#x303;os-como-en-casa-1024x681.jpg\" alt=\"Projecte pedag&#xF2;gic de 0 a 2 anys com a casa\" class=\"wp-image-14620\"\/><\/figure>\n\n\n\n<h3 class=\"has-text-color wp-block-heading\" style=\"color:#b2153f\">\u201cCom a casa\u201d<\/h3>\n\n\n\n<p>Rutines de nad\u00f3, un a un i amb afecte. Per a cr\u00e9ixer amb seguretat i confian\u00e7a, \u00e9s important que cada nen se senti mirat i cura d&#8217;una manera individual.&#13;\n<\/p>\n\n\n\n<figure class=\"wp-block-image size-large\"><img decoding=\"async\" width=\"1024\" height=\"692\" src=\"https:\/\/viaro.org\/wp-content\/uploads\/2022\/10\/Proyecto-pedagogico-de-0-a-2-anos-psico-1024x692.png\" alt=\"Projecte pedag&#xF2;gic de 0 a 2 anys psico\" class=\"wp-image-14623\" srcset=\"https:\/\/viaro.org\/wp-content\/uploads\/2022\/10\/Proyecto-pedagogico-de-0-a-2-anos-psico-1024x692.png 1024w, https:\/\/viaro.org\/wp-content\/uploads\/2022\/10\/Proyecto-pedagogico-de-0-a-2-anos-psico-300x203.png 300w, https:\/\/viaro.org\/wp-content\/uploads\/2022\/10\/Proyecto-pedagogico-de-0-a-2-anos-psico-768x519.png 768w, https:\/\/viaro.org\/wp-content\/uploads\/2022\/10\/Proyecto-pedagogico-de-0-a-2-anos-psico.png 1065w\" sizes=\"(max-width: 1024px) 100vw, 1024px\" \/><\/figure>\n\n\n\n<h3 class=\"has-text-color wp-block-heading\" style=\"color:#b2153f\">Sessi\u00f3 de desnvolupament psicomotor<\/h3>\n\n\n\n<p>A trav\u00e9s del moviment lliure \u2014que \u00e9s espec\u00edfic en cada nen segons la fase evolutiva en qu\u00e8 es troba\u2014 s&#8217;adquireix gradualment el control sobre el seu propi cos, l&#8217;alumne aconsegueix autonomia i seguretat.&#13;\n<\/p>\n<\/div>\n<\/div>\n<\/div>\n<\/div>\n\n\n\n<div style=\"height:25px\" aria-hidden=\"true\" class=\"wp-block-spacer\"><\/div>\n\n\n\n<h3 class=\"wp-block-heading\">Altres activitats di\u00e0ries<\/h3>\n\n\n\n<div style=\"height:25px\" aria-hidden=\"true\" class=\"wp-block-spacer\"><\/div>\n\n\n\n<div class=\"wp-block-columns is-layout-flex wp-container-core-columns-is-layout-9d6595d7 wp-block-columns-is-layout-flex\">\n<div class=\"wp-block-column is-layout-flow wp-block-column-is-layout-flow\">\n<div class=\"wp-block-columns is-layout-flex wp-container-core-columns-is-layout-9d6595d7 wp-block-columns-is-layout-flex\">\n<div class=\"wp-block-column is-layout-flow wp-block-column-is-layout-flow\">\n<figure class=\"wp-block-image size-full is-resized\"><img decoding=\"async\" src=\"https:\/\/viaro.org\/wp-content\/uploads\/2022\/10\/Proyecto-pedagogico-de-0-a-2-anos-english-1.png\" alt=\"Projecte pedag&#xF2;gic de 0 a 2 anys english\" class=\"wp-image-14637\" width=\"100\" height=\"100\" srcset=\"https:\/\/viaro.org\/wp-content\/uploads\/2022\/10\/Proyecto-pedagogico-de-0-a-2-anos-english-1.png 200w, https:\/\/viaro.org\/wp-content\/uploads\/2022\/10\/Proyecto-pedagogico-de-0-a-2-anos-english-1-150x150.png 150w\" sizes=\"(max-width: 100px) 100vw, 100px\" \/><\/figure>\n\n\n\n<h3 class=\"wp-block-heading\">Daily English<\/h3>\n\n\n\n<p>Estar exposat de manera regular a un nou idioma \u00e9s el primer pas per a aprendre&#8217;l. A trav\u00e9s dels Storytelling m\u00e9s populars comencen a familiaritzar-se amb la llengua estrangera, permetent la connexi\u00f3 amb el nou vocabulari i estructures pr\u00f2pies de l&#8217;angl\u00e8s. Amb la Magic Box se&#8217;ls presenten materials manipulatius amb els quals poden interioritzar de manera experimental els conceptes presentats.&#13;\n<\/p>\n\n\n\n<p>Tot aix\u00f2 es complementa amb les Nursery Rhymes afavorint que l&#8217;alumne, a trav\u00e9s de can\u00e7ons i poemes, desenvolupi l&#8217;o\u00efda, la mem\u00f2ria, el sentit del ritme, l&#8217;adquisici\u00f3 sint\u00e0ctica i fon\u00e8tica, la interioritzaci\u00f3 de les rutines, entre molts altres beneficis de la m\u00fasica.&#13;\n<\/p>\n\n\n\n<figure class=\"wp-block-image size-full is-resized\"><img decoding=\"async\" src=\"https:\/\/viaro.org\/wp-content\/uploads\/2022\/10\/Proyecto-pedagogico-de-0-a-2-anos-heuristico.png\" alt=\"\" class=\"wp-image-14643\" width=\"100\" height=\"100\" srcset=\"https:\/\/viaro.org\/wp-content\/uploads\/2022\/10\/Proyecto-pedagogico-de-0-a-2-anos-heuristico.png 199w, https:\/\/viaro.org\/wp-content\/uploads\/2022\/10\/Proyecto-pedagogico-de-0-a-2-anos-heuristico-150x150.png 150w\" sizes=\"(max-width: 100px) 100vw, 100px\" \/><\/figure>\n\n\n\n<h3 class=\"wp-block-heading\">Joc Heur\u00edstic<\/h3>\n\n\n\n<p>Jugar aprenent i aprendre jugant! Es tracta d&#8217;explorar les m\u00faltiples possibilitats d&#8217;elements quotidians \u2014obrir, tancar, tapar, destapar, omplir, buidar, comparar\u2026 \u2014 i potenciar el desenvolupament f\u00edsic, ajudant a fer petits raonaments.&#13;\n<\/p>\n<\/div>\n\n\n\n<div class=\"wp-block-column is-layout-flow wp-block-column-is-layout-flow\" style=\"flex-basis:10%\"><\/div>\n\n\n\n<div class=\"wp-block-column is-layout-flow wp-block-column-is-layout-flow\">\n<figure class=\"wp-block-image size-full is-resized\"><img decoding=\"async\" src=\"https:\/\/viaro.org\/wp-content\/uploads\/2022\/10\/Proyecto-pedagogico-de-0-a-2-anos-musica.png\" alt=\"Projecte pedag&#xF2;gic de 0 a 2 anys musica\" class=\"wp-image-14634\" width=\"132\" height=\"100\"\/><\/figure>\n\n\n\n<h3 class=\"wp-block-heading\">M\u00fasica como a canal de comunicaci\u00f3<\/h3>\n\n\n\n<p>L&#8217;o\u00efda \u00e9s el primer sentit que es desenvolupa a l&#8217;interior de la mare. La m\u00fasica afavoreix l&#8217;atenci\u00f3 i ajuda a crear un vincle afectiu entre el nen i la professora, que sorgeix de compartir un temps exclusiu. \u00c9s un dels millors canals de comunicaci\u00f3 en la primera inf\u00e0ncia.&#13;\n<\/p>\n\n\n\n<p><\/p>\n\n\n\n<figure class=\"wp-block-image size-full is-resized\"><img decoding=\"async\" src=\"https:\/\/viaro.org\/wp-content\/uploads\/2022\/10\/Proyecto-pedagogico-de-0-a-2-anos-espacios.png\" alt=\"Proyecto pedagogico de 0 a 2 anos espacios&#13;&#10;\" class=\"wp-image-14640\" width=\"84\" height=\"100\"\/><\/figure>\n\n\n\n<h3 class=\"wp-block-heading\">Espais d&#8217;aprenentatge<\/h3>\n\n\n\n<p>Aquest m\u00e8tode d&#8217;aprenentatge a trav\u00e9s del joc trenca amb la din\u00e0mica tradicional en la qual tot el grup-classe realitza la mateixa activitat alhora. S&#8217;enfoca cap a una nova distribuci\u00f3 de l&#8217;aula en diferents espais que afavoreix tafanejar, provar una vegada i una altra, concentrar-se, explorar, reflexionar sobre la mateixa activitat, buscar solucions i actuar amb calma, sense la necessitat d&#8217;obtenir un resultat.&#13;\n<\/p>\n<\/div>\n<\/div>\n<\/div>\n<\/div>\n<\/div>\n\n\n\n<div class=\"wp-block-column is-layout-flow wp-block-column-is-layout-flow\"><\/div>\n<\/div>\n\n<div style=\"height:50px\" aria-hidden=\"true\" class=\"wp-block-spacer\"><\/div>\n\n<div class=\"wp-block-columns has-background is-layout-flex wp-container-core-columns-is-layout-9d6595d7 wp-block-columns-is-layout-flex\" style=\"background-color:#f0f0f0\">\n<div class=\"wp-block-column is-layout-flow wp-block-column-is-layout-flow\"><\/div>\n\n\n\n<div class=\"wp-block-column is-layout-flow wp-block-column-is-layout-flow\" style=\"flex-basis:80%\">\n<h2 class=\"wp-block-heading\">A m\u00e9s, Tots els alumnes de Viar\u00f3 infantil<\/h2>\n\n\n\n<p><div class=\"traductor-textarea form-group\">&#13;\n<div class=\"textarea-desti col-xs-12 col-sm-6\">&#13;\n<div class=\"form-control second-textarea\">Gaudeixen de les <strong>setmanes tem\u00e0tiques<\/strong> que es distribueixen durant tot l&#8217;any i completen el nostre projecte pedag\u00f2gic de 0 a 2 anys. Participen tamb\u00e9 en el <a href=\"https:\/\/viaro.org\/ca\/musical-infantil-2022\/\"><strong>projecte transversal del Musical<\/strong><\/a> que oferim a les fam\u00edlies a final de curs<\/div>&#13;\n<\/div>&#13;\n<\/div>&#13;\n<div class=\"traductor-checkbox form-group\">&#13;\n<div class=\"row\">&#13;\n<div class=\"col-sm-offset-2 col-sm-5\"><\/div>&#13;\n<\/div>&#13;\n<\/div><\/p>\n\n\n\n<p>Durant el mes de juliol poden assistir al <strong><a href=\"https:\/\/viaro.org\/ca\/activitats-destiu\/\">Country Camp<\/a><\/strong> i viure l&#8217;experi\u00e8ncia de la granja a l&#8217;escola envoltats de natura i animals<\/p>\n<\/div>\n\n\n\n<div class=\"wp-block-column is-layout-flow wp-block-column-is-layout-flow\"><\/div>\n<\/div>\n\n<div class=\"wp-block-columns is-layout-flex wp-container-core-columns-is-layout-9d6595d7 wp-block-columns-is-layout-flex\">\n<div class=\"wp-block-column is-layout-flow wp-block-column-is-layout-flow\"><\/div>\n\n\n\n<div class=\"wp-block-column is-layout-flow wp-block-column-is-layout-flow\" style=\"flex-basis:80%\">\n<div class=\"wp-block-image\"><figure class=\"aligncenter size-large\"><a href=\"https:\/\/www.instagram.com\/viaroschool\/\" target=\"_blank\" rel=\"noopener\"><img decoding=\"async\" width=\"1024\" height=\"325\" src=\"https:\/\/viaro.org\/wp-content\/uploads\/2022\/10\/proyecto-pedagogico-de-0-a-2-anos-1024x325.jpg\" alt=\"\" class=\"wp-image-14646\" srcset=\"https:\/\/viaro.org\/wp-content\/uploads\/2022\/10\/proyecto-pedagogico-de-0-a-2-anos-1024x325.jpg 1024w, https:\/\/viaro.org\/wp-content\/uploads\/2022\/10\/proyecto-pedagogico-de-0-a-2-anos-300x95.jpg 300w, https:\/\/viaro.org\/wp-content\/uploads\/2022\/10\/proyecto-pedagogico-de-0-a-2-anos-768x244.jpg 768w, https:\/\/viaro.org\/wp-content\/uploads\/2022\/10\/proyecto-pedagogico-de-0-a-2-anos-1536x487.jpg 1536w, https:\/\/viaro.org\/wp-content\/uploads\/2022\/10\/proyecto-pedagogico-de-0-a-2-anos-2048x649.jpg 2048w\" sizes=\"(max-width: 1024px) 100vw, 1024px\" \/><\/a><\/figure><\/div>\n\n\n\n<h5 class=\"wp-block-heading\">Projecte pedag\u00f2gic de 0 a 2 anys<\/h5>\n<\/div>\n\n\n\n<div class=\"wp-block-column is-layout-flow wp-block-column-is-layout-flow\"><\/div>\n<\/div>\n\n<div style=\"height:30px\" aria-hidden=\"true\" class=\"wp-block-spacer\"><\/div>\n","protected":false},"excerpt":{"rendered":"<p>Primer Cicle | Projecte pedag\u00f2gic de 0 a 2 anys Activitats di\u00e0ries Amunt! Programa d&#8217;estimulaci\u00f3 multisensorial Els m\u00e9s petits comencen a con\u00e8ixer i entendre el seu entorn a trav\u00e9s dels sentits, que s\u00f3n la principal via de coneixement; per aix\u00f2 \u00e9s tan important l&#8217;experimentaci\u00f3 en el nostre projecte pedag\u00f2gic de 0 a 2 anys. El [&hellip;]<\/p>\n","protected":false},"author":12,"featured_media":14706,"parent":14352,"menu_order":0,"comment_status":"closed","ping_status":"closed","template":"","meta":{"_uag_custom_page_level_css":"","_joinchat":[],"footnotes":""},"class_list":["post-14607","page","type-page","status-publish","has-post-thumbnail","hentry"],"uagb_featured_image_src":{"full":["https:\/\/viaro.org\/wp-content\/uploads\/2022\/10\/Proyecto-pedagogico-de-0-a-2-anos-header.jpg",2560,728,false],"thumbnail":["https:\/\/viaro.org\/wp-content\/uploads\/2022\/10\/Proyecto-pedagogico-de-0-a-2-anos-header-150x150.jpg",150,150,true],"medium":["https:\/\/viaro.org\/wp-content\/uploads\/2022\/10\/Proyecto-pedagogico-de-0-a-2-anos-header-300x85.jpg",300,85,true],"medium_large":["https:\/\/viaro.org\/wp-content\/uploads\/2022\/10\/Proyecto-pedagogico-de-0-a-2-anos-header-768x218.jpg",640,182,true],"large":["https:\/\/viaro.org\/wp-content\/uploads\/2022\/10\/Proyecto-pedagogico-de-0-a-2-anos-header-1024x291.jpg",640,182,true],"1536x1536":["https:\/\/viaro.org\/wp-content\/uploads\/2022\/10\/Proyecto-pedagogico-de-0-a-2-anos-header-1536x437.jpg",1536,437,true],"2048x2048":["https:\/\/viaro.org\/wp-content\/uploads\/2022\/10\/Proyecto-pedagogico-de-0-a-2-anos-header-2048x582.jpg",2048,582,true],"related-content":["https:\/\/viaro.org\/wp-content\/uploads\/2022\/10\/Proyecto-pedagogico-de-0-a-2-anos-header-297x167.jpg",297,167,true]},"uagb_author_info":{"display_name":"Ignacio Malmierca","author_link":"https:\/\/viaro.org\/ca\/author\/imalmierca\/"},"uagb_comment_info":0,"uagb_excerpt":"Primer Cicle | Projecte pedag\u00f2gic de 0 a 2 anys Activitats di\u00e0ries Amunt! Programa d&#8217;estimulaci\u00f3 multisensorial Els m\u00e9s petits comencen a con\u00e8ixer i entendre el seu entorn a trav\u00e9s dels sentits, que s\u00f3n la principal via de coneixement; per aix\u00f2 \u00e9s tan important l&#8217;experimentaci\u00f3 en el nostre projecte pedag\u00f2gic de 0 a 2 anys. El&hellip;","_links":{"self":[{"href":"https:\/\/viaro.org\/ca\/wp-json\/wp\/v2\/pages\/14607","targetHints":{"allow":["GET"]}}],"collection":[{"href":"https:\/\/viaro.org\/ca\/wp-json\/wp\/v2\/pages"}],"about":[{"href":"https:\/\/viaro.org\/ca\/wp-json\/wp\/v2\/types\/page"}],"author":[{"embeddable":true,"href":"https:\/\/viaro.org\/ca\/wp-json\/wp\/v2\/users\/12"}],"replies":[{"embeddable":true,"href":"https:\/\/viaro.org\/ca\/wp-json\/wp\/v2\/comments?post=14607"}],"version-history":[{"count":7,"href":"https:\/\/viaro.org\/ca\/wp-json\/wp\/v2\/pages\/14607\/revisions"}],"predecessor-version":[{"id":20412,"href":"https:\/\/viaro.org\/ca\/wp-json\/wp\/v2\/pages\/14607\/revisions\/20412"}],"up":[{"embeddable":true,"href":"https:\/\/viaro.org\/ca\/wp-json\/wp\/v2\/pages\/14352"}],"wp:featuredmedia":[{"embeddable":true,"href":"https:\/\/viaro.org\/ca\/wp-json\/wp\/v2\/media\/14706"}],"wp:attachment":[{"href":"https:\/\/viaro.org\/ca\/wp-json\/wp\/v2\/media?parent=14607"}],"curies":[{"name":"wp","href":"https:\/\/api.w.org\/{rel}","templated":true}]}}