{"id":14661,"date":"2022-10-20T07:21:29","date_gmt":"2022-10-20T07:21:29","guid":{"rendered":"https:\/\/viaro.org\/?page_id=14661"},"modified":"2024-02-15T13:43:52","modified_gmt":"2024-02-15T13:43:52","slug":"projecte-pedagogic-de-3-a-6-anys","status":"publish","type":"page","link":"https:\/\/viaro.org\/ca\/educacio-infantil\/projecte-pedagogic-de-3-a-6-anys\/","title":{"rendered":"Projecte pedag\u00f2gic de 3 a 6 anys"},"content":{"rendered":"\n<div class=\"wp-block-columns is-layout-flex wp-container-core-columns-is-layout-9d6595d7 wp-block-columns-is-layout-flex\">\n<div class=\"wp-block-column is-layout-flow wp-block-column-is-layout-flow\"><\/div>\n\n\n\n<div class=\"wp-block-column is-layout-flow wp-block-column-is-layout-flow\" style=\"flex-basis:70%\">\n<div style=\"height:21px\" aria-hidden=\"true\" class=\"wp-block-spacer\"><\/div>\n\n\n\n<div class=\"wp-block-columns is-layout-flex wp-container-core-columns-is-layout-9d6595d7 wp-block-columns-is-layout-flex\">\n<div class=\"wp-block-column is-layout-flow wp-block-column-is-layout-flow\">\n<div class=\"wp-block-buttons is-content-justification-center is-layout-flex wp-block-buttons-is-layout-flex\">\n<div class=\"wp-block-button has-custom-width wp-block-button__width-75 has-custom-font-size has-small-font-size\"><a class=\"wp-block-button__link has-white-color has-text-color has-background\" href=\"https:\/\/viaro.org\/informacion-general\/\" style=\"background-color:#b2153f\"><strong>Informaci\u00f3 General<\/strong><\/a><\/div>\n<\/div>\n<\/div>\n\n\n\n<div class=\"wp-block-column is-layout-flow wp-block-column-is-layout-flow\">\n<div class=\"wp-block-buttons is-content-justification-center is-layout-flex wp-block-buttons-is-layout-flex\">\n<div class=\"wp-block-button has-custom-width wp-block-button__width-75 has-custom-font-size has-small-font-size\"><a class=\"wp-block-button__link has-white-color has-text-color has-background\" href=\"https:\/\/viaro.org\/educacion-infantil\/\" style=\"background-color:#b2153f\"><strong>Educaci\u00f3 Infantil<\/strong><\/a><\/div>\n<\/div>\n<\/div>\n\n\n\n<div class=\"wp-block-column is-layout-flow wp-block-column-is-layout-flow\">\n<div class=\"wp-block-buttons is-content-justification-center is-layout-flex wp-block-buttons-is-layout-flex\">\n<div class=\"wp-block-button has-custom-width wp-block-button__width-75 has-custom-font-size has-small-font-size\"><a class=\"wp-block-button__link has-white-color has-text-color has-background\" href=\"https:\/\/viaro.org\/educacion-infantil\/proyecto-pedagogico-de-0-a-2-anos\/\" style=\"background-color:#b2153f\"><strong>Primer Cicle<\/strong><\/a><\/div>\n<\/div>\n<\/div>\n\n\n\n<div class=\"wp-block-column is-layout-flow wp-block-column-is-layout-flow\">\n<div class=\"wp-block-buttons is-content-justification-center is-layout-flex wp-block-buttons-is-layout-flex\">\n<div class=\"wp-block-button has-custom-width wp-block-button__width-75 has-custom-font-size has-small-font-size\"><a class=\"wp-block-button__link has-white-color has-text-color has-background\" href=\"https:\/\/viaro.org\/unafinestraoberta\/\" style=\"background-color:#b2153f\"><strong>Finestra Oberta<\/strong><\/a><\/div>\n<\/div>\n<\/div>\n<\/div>\n<\/div>\n\n\n\n<div class=\"wp-block-column is-layout-flow wp-block-column-is-layout-flow\"><\/div>\n<\/div>\n\n<div style=\"height:10px\" aria-hidden=\"true\" class=\"wp-block-spacer\"><\/div>\n\n<div class=\"wp-block-columns is-layout-flex wp-container-core-columns-is-layout-9d6595d7 wp-block-columns-is-layout-flex\">\n<div class=\"wp-block-column is-layout-flow wp-block-column-is-layout-flow\"><\/div>\n\n\n\n<div class=\"wp-block-column is-layout-flow wp-block-column-is-layout-flow\" style=\"flex-basis:70%\">\n<h2 class=\"has-text-align-left wp-block-heading\">Projecte pedag\u00f2gic de 3 a 6 anys<\/h2>\n\n\n\n<h3 class=\"wp-block-heading\">Activitats di\u00e0ries<\/h3>\n\n\n\n<div style=\"height:35px\" aria-hidden=\"true\" class=\"wp-block-spacer\"><\/div>\n\n\n\n<div class=\"wp-block-columns is-layout-flex wp-container-core-columns-is-layout-9d6595d7 wp-block-columns-is-layout-flex\">\n<div class=\"wp-block-column is-layout-flow wp-block-column-is-layout-flow\">\n<div class=\"wp-block-columns is-layout-flex wp-container-core-columns-is-layout-9d6595d7 wp-block-columns-is-layout-flex\">\n<div class=\"wp-block-column is-layout-flow wp-block-column-is-layout-flow\">\n<figure class=\"wp-block-image size-large\"><img decoding=\"async\" src=\"https:\/\/viaro.org\/wp-content\/uploads\/2022\/10\/Segundo-Ciclo-Proyecto-pedago&#x301;gico-de-3-a-6-an&#x303;os-emociones-1024x681.jpg\" alt=\"Projecte pedag&#xF2;gic de 3 a 6 anys emocions\" class=\"wp-image-14664\"\/><\/figure>\n\n\n<h3 class=\"has-text-color wp-block-heading\" style=\"color:#b2153f\">Programa Psicomotricitat &amp; emocions<\/h3>\n\n\n\n<p>Moviment com a expressi\u00f3 del m\u00f3n interior. \u00c9s una mirada cap a l&#8217;interior del nen, que busca unir dues \u00e0rees essencials per al seu creixement: la motriu i l&#8217;emocional. Aquestes sessions se centren en el domini del propi esquema corporal, aix\u00ed com l&#8217;expressi\u00f3 de les emocions a trav\u00e9s del moviment gr\u00e0cies a din\u00e0miques de joc.&#13;\n<\/p>\n<\/div>\n\n\n\n<div class=\"wp-block-column is-layout-flow wp-block-column-is-layout-flow\" style=\"flex-basis:10%\"><\/div>\n\n\n\n<div class=\"wp-block-column is-layout-flow wp-block-column-is-layout-flow\">\n<figure class=\"wp-block-image size-large\"><img decoding=\"async\" src=\"https:\/\/viaro.org\/wp-content\/uploads\/2022\/10\/Segundo-Ciclo-Proyecto-pedago&#x301;gico-de-3-a-6-an&#x303;os-bandejas-1024x682.png\" alt=\"Projecte pedag&#xF2;gic de 3 a 6 anys safates\" class=\"wp-image-14667\"\/><\/figure>\n\n\n<h3 class=\"has-text-color wp-block-heading\" style=\"color:#b2153f\">Safates d&#8217;exploraci\u00f3<\/h3>\n\n\n\n<p>\u00c9s la continu\u00eftat dels espais d&#8217;aprenentatge -propis de P2 i P3- adaptada a P4 i P5, on el joc continua sent el gran protagonista. Les safates d&#8217;exploraci\u00f3 s\u00f3n propostes did\u00e0ctiques molt intu\u00eftives dissenyades perqu\u00e8 el nen \u2014individualment o en petit grup\u2014 pugui explorar de manera aut\u00f2noma, segons les seves necessitats, interessos i desenvolupament maduratiu.&#13;\n<\/p>\n<\/div>\n<\/div>\n<\/div>\n<\/div>\n<\/div>\n\n\n\n<div class=\"wp-block-column is-layout-flow wp-block-column-is-layout-flow\"><\/div>\n<\/div>\n\n<div class=\"wp-block-columns has-background is-layout-flex wp-container-core-columns-is-layout-9d6595d7 wp-block-columns-is-layout-flex\" style=\"background-color:#f0f0f0\">\n<div class=\"wp-block-column is-layout-flow wp-block-column-is-layout-flow\"><\/div>\n\n\n\n<div class=\"wp-block-column is-layout-flow wp-block-column-is-layout-flow\" style=\"flex-basis:70%\">\n<div style=\"height:35px\" aria-hidden=\"true\" class=\"wp-block-spacer\"><\/div>\n\n\n\n<div class=\"wp-block-columns is-layout-flex wp-container-core-columns-is-layout-9d6595d7 wp-block-columns-is-layout-flex\">\n<div class=\"wp-block-column is-layout-flow wp-block-column-is-layout-flow\">\n<div class=\"wp-block-columns is-layout-flex wp-container-core-columns-is-layout-9d6595d7 wp-block-columns-is-layout-flex\">\n<div class=\"wp-block-column is-layout-flow wp-block-column-is-layout-flow\">\n<figure class=\"wp-block-image size-large\"><img decoding=\"async\" src=\"https:\/\/viaro.org\/wp-content\/uploads\/2022\/10\/Segundo-Ciclo-Proyecto-pedago&#x301;gico-de-3-a-6-an&#x303;os-english-1024x682.png\" alt=\"Projecte pedag&#xF2;gic de 3 a 6 anys english\" class=\"wp-image-14670\"\/><\/figure>\n\n\n<h3 class=\"has-text-color wp-block-heading\" style=\"color:#b2153f\">Daily English \/ Morning &amp; Afternoon<\/h3>\n\n\n\n<p>A partir dels 3 anys introdu\u00efm la Metodologia Artigal, aquest m\u00e8tode consisteix a dotar als alumnes dels recursos verbals necessaris per a fer-los competents en l&#8217;explicaci\u00f3 d&#8217;un conte.&#13;\n<\/p>\n\n\n\n<p>La import\u00e0ncia de sentir-se escoltat i compr\u00e8s en la llengua estrangera \u00e9s fonamental per a l&#8217;autoconfian\u00e7a en les seves capacitats d&#8217;aprenentatge. A trav\u00e9s del llenguatge no verbal (gestos, mirades, expressions) es comen\u00e7a amb la comprensi\u00f3 de la hist\u00f2ria, donant a poc a poc pas al contingut visual i consolidant aix\u00ed les estructures verbals.&#13;\n<\/p>\n\n\n\n<p><div class=\"traductor-textarea form-group\">&#13;\n<div class=\"textarea-desti col-xs-12 col-sm-6\">&#13;\n<div class=\"form-control second-textarea\">A m\u00e9s d&#8217;aquesta metodologia, utilitzem el nostre propi m\u00e8tode English Time. A trav\u00e9s de Storytellings oferim als alumnes el contingut de nou vocabulari que mitjan\u00e7ant Songs, Games, Activities i Crafts s&#8217;anir\u00e0 consolidant al llarg de les setmanes.<\/div>&#13;\n<\/div>&#13;\n<\/div>&#13;\n<div class=\"traductor-checkbox form-group\">&#13;\n<div class=\"row\">&#13;\n<div class=\"col-sm-offset-2 col-sm-5\"><\/div>&#13;\n<\/div>&#13;\n<\/div><\/p>\n<\/div>\n\n\n\n<div class=\"wp-block-column is-layout-flow wp-block-column-is-layout-flow\" style=\"flex-basis:10%\"><\/div>\n\n\n\n<div class=\"wp-block-column is-layout-flow wp-block-column-is-layout-flow\">\n<figure class=\"wp-block-image size-large\"><img decoding=\"async\" src=\"https:\/\/viaro.org\/wp-content\/uploads\/2022\/10\/Segundo-Ciclo-Proyecto-pedago&#x301;gico-de-3-a-6-an&#x303;os-lectura-1024x684.jpg\" alt=\"Projecte pedag&#xF2;gic de 3 a 6 anys lectura\" class=\"wp-image-14675\"\/><\/figure>\n\n\n<h3 class=\"has-text-color wp-block-heading\" style=\"color:#b2153f\">Sessi\u00f3 individual de lectura<\/h3>\n\n\n\n<p>Un bon nivell de lectoescriptura \u00e9s fonamental per a adquirir altres aprenentatges. Abordar-la de manera individual ens permet adaptar-nos al ritme maduratiu de cada alumne, a la seva motivaci\u00f3 i al seu estil d&#8217;aprenentatge.&#13;\n<\/p>\n\n\n\n<h3 class=\"has-text-color wp-block-heading\" style=\"color:#b2153f\">Consci\u00e8ncia Fonol\u00f2gica<\/h3>\n\n\n\n<p>\u00c9s la base de l&#8217;aprenentatge lector. A trav\u00e9s de jocs verbals, exercicis de segmentaci\u00f3 sil\u00b7l\u00e0bica, detecci\u00f3 de rimes, repetici\u00f3 de sons i discriminaci\u00f3 auditiva, s&#8217;apr\u00e8n a identificar els sons que formen el llenguatge (fonemes, s\u00edl\u00b7labes i paraules).<\/p>\n<\/div>\n<\/div>\n<\/div>\n<\/div>\n<\/div>\n\n\n\n<div class=\"wp-block-column is-layout-flow wp-block-column-is-layout-flow\"><\/div>\n<\/div>\n\n<div class=\"wp-block-columns is-layout-flex wp-container-core-columns-is-layout-9d6595d7 wp-block-columns-is-layout-flex\">\n<div class=\"wp-block-column is-layout-flow wp-block-column-is-layout-flow\"><\/div>\n\n\n\n<div class=\"wp-block-column is-layout-flow wp-block-column-is-layout-flow\" style=\"flex-basis:70%\">\n<div style=\"height:35px\" aria-hidden=\"true\" class=\"wp-block-spacer\"><\/div>\n\n\n\n<div class=\"wp-block-columns is-layout-flex wp-container-core-columns-is-layout-9d6595d7 wp-block-columns-is-layout-flex\">\n<div class=\"wp-block-column is-layout-flow wp-block-column-is-layout-flow\">\n<div class=\"wp-block-columns is-layout-flex wp-container-core-columns-is-layout-9d6595d7 wp-block-columns-is-layout-flex\">\n<div class=\"wp-block-column is-layout-flow wp-block-column-is-layout-flow\">\n<figure class=\"wp-block-image size-large\"><img decoding=\"async\" src=\"https:\/\/viaro.org\/wp-content\/uploads\/2022\/10\/Segundo-Ciclo-Proyecto-pedago&#x301;gico-de-3-a-6-an&#x303;os-mates-1024x682.jpg\" alt=\"Projecte pedag&#xF2;gic de 3 a 6 anys mates\" class=\"wp-image-14679\"\/><\/figure>\n\n\n<h3 class=\"has-text-color wp-block-heading\" style=\"color:#b2153f\">Matem\u00e0tiques significatives<\/h3>\n\n\n\n<p>Per a aprendre un contingut \u00e9s necessari atribuir-li un significat, relacionar-lo amb una experi\u00e8ncia. Per aix\u00f2 apostem per matem\u00e0tiques significatives. Cada sessi\u00f3 di\u00e0ria consta de dues parts: una d&#8217;escolta activa i memoritzaci\u00f3 i una altra de jocs manipulatius.&#13;\n<\/p>\n<\/div>\n\n\n\n<div class=\"wp-block-column is-layout-flow wp-block-column-is-layout-flow\" style=\"flex-basis:10%\"><\/div>\n\n\n\n<div class=\"wp-block-column is-layout-flow wp-block-column-is-layout-flow\">\n<figure class=\"wp-block-image size-large\"><img decoding=\"async\" src=\"https:\/\/viaro.org\/wp-content\/uploads\/2022\/10\/Segundo-Ciclo-Proyecto-pedago&#x301;gico-de-3-a-6-an&#x303;os-grupo-1024x682.png\" alt=\"Projecte pedag&#xF2;gic de 3 a 6 anys equip\" class=\"wp-image-14682\"\/><\/figure>\n\n\n<h3 class=\"has-text-color wp-block-heading\" style=\"color:#b2153f\">Sessi\u00f3 d&#8217;Equip<\/h3>\n\n\n\n<p>Posada en com\u00fa! A Viar\u00f3 eduquem en el di\u00e0leg i l&#8217;obertura a l&#8217;altre. Compartint experi\u00e8ncies, analitzant situacions i resolent petits conflictes, es desenvolupen habilitats ling\u00fc\u00edstiques, comunicatives i socials i s&#8217;apr\u00e8n a gestionar diferents emocions.&#13;\n<\/p>\n<\/div>\n<\/div>\n<\/div>\n<\/div>\n<\/div>\n\n\n\n<div class=\"wp-block-column is-layout-flow wp-block-column-is-layout-flow\"><\/div>\n<\/div>\n\n<div class=\"wp-block-columns is-layout-flex wp-container-core-columns-is-layout-9d6595d7 wp-block-columns-is-layout-flex\">\n<div class=\"wp-block-column is-layout-flow wp-block-column-is-layout-flow\"><\/div>\n\n\n\n<div class=\"wp-block-column is-layout-flow wp-block-column-is-layout-flow\" style=\"flex-basis:70%\">\n<div style=\"height:25px\" aria-hidden=\"true\" class=\"wp-block-spacer\"><\/div>\n\n\n\n<h3 class=\"wp-block-heading\">Activitats setmanals<\/h3>\n\n\n\n<div style=\"height:25px\" aria-hidden=\"true\" class=\"wp-block-spacer\"><\/div>\n\n\n\n<div class=\"wp-block-columns is-layout-flex wp-container-core-columns-is-layout-9d6595d7 wp-block-columns-is-layout-flex\">\n<div class=\"wp-block-column is-layout-flow wp-block-column-is-layout-flow\">\n<div class=\"wp-block-columns is-layout-flex wp-container-core-columns-is-layout-9d6595d7 wp-block-columns-is-layout-flex\">\n<div class=\"wp-block-column is-layout-flow wp-block-column-is-layout-flow\">\n<figure class=\"wp-block-image size-full is-resized\"><img decoding=\"async\" src=\"https:\/\/viaro.org\/wp-content\/uploads\/2022\/10\/Segundo-Ciclo-Proyecto-pedago&#x301;gico-de-3-a-6-an&#x303;os-bosque.png\" alt=\"Projecte pedag&#xF2;gic de 3 a 6 anys green\" class=\"wp-image-14685\" width=\"100\" height=\"100\"\/><\/figure>\n\n\n<h3 class=\"has-text-color wp-block-heading\" style=\"color:#b2153f\">Green School<\/h3>\n\n\n\n<p><strong>El bosc de Viar\u00f3, la nostra millor aula<\/strong><\/p>\n\n\n\n<p>Aprendre envoltat de per la natura millora processos com la mem\u00f2ria, l&#8217;atenci\u00f3, la concentraci\u00f3, l&#8217;autocontrol i la resoluci\u00f3 de problemes. En el bosc aprenem jugant i juguem aprenent. Aquest entorn ens facilita l&#8217;educaci\u00f3 en la sorpresa i ens ajuda al fet que l&#8217;alumne creixi sa, fort i m\u00e9s segur de si mateix.&#13;\n<\/p>\n\n\n\n<figure class=\"wp-block-image size-full is-resized\"><img decoding=\"async\" src=\"https:\/\/viaro.org\/wp-content\/uploads\/2022\/10\/Segundo-Ciclo-Proyecto-pedago&#x301;gico-de-3-a-6-an&#x303;os-musica.png\" alt=\"Projecte pedag&#xF2;gic de 3 a 6 anys musica\" class=\"wp-image-14691\" width=\"100\" height=\"108\"\/><\/figure>\n\n\n<h3 class=\"has-text-color wp-block-heading\" style=\"color:#b2153f\">Estimulaci\u00f3 musical<\/h3>\n\n\n\n<p>L&#8217;educaci\u00f3 musical t\u00e9 molts beneficis en el desenvolupament del nen: potencia la capacitat auditiva, l&#8217;expressi\u00f3 corporal, la comunicaci\u00f3 afectiva amb l&#8217;adult i la cohesi\u00f3 de grup. Treballem el ritme, el moviment i la veu, alhora que gaudim de la m\u00fasica i les can\u00e7ons. Tamb\u00e9 suposa una forma l\u00fadica d&#8217;incorporar h\u00e0bits i permet crear moments m\u00e0gics.&#13;\n<\/p>\n<\/div>\n\n\n\n<div class=\"wp-block-column is-layout-flow wp-block-column-is-layout-flow\" style=\"flex-basis:10%\"><\/div>\n\n\n\n<div class=\"wp-block-column is-layout-flow wp-block-column-is-layout-flow\">\n<figure class=\"wp-block-image size-full is-resized\"><img decoding=\"async\" src=\"https:\/\/viaro.org\/wp-content\/uploads\/2022\/10\/Segundo-Ciclo-Proyecto-pedago&#x301;gico-de-3-a-6-an&#x303;os-speaking.png\" alt=\"Projecte pedag&#xF2;gic de 3 a 6 anys speaking\" class=\"wp-image-14688\" width=\"100\" height=\"100\"\/><\/figure>\n\n\n<h3 class=\"has-text-color wp-block-heading\" style=\"color:#b2153f\">Speaking with native teachers<\/h3>\n\n\n\n<p>A trav\u00e9s de jocs o can\u00e7ons fomentem el cam\u00ed cap al di\u00e0leg en angl\u00e8s, en el qual l&#8217;alumne se sent confiat per a intervenir gradualment de manera natural. Es genera un clima dist\u00e8s de joc i confian\u00e7a que li facilita seguir un di\u00e0leg col\u00b7loquial.&#13;\n<\/p>\n\n\n\n<p>La proced\u00e8ncia geogr\u00e0fica del professorat natiu varia al llarg de l&#8217;etapa, per la qual cosa els alumnes es familiaritzen amb els diferents registres fonol\u00f2gics.&#13;\n<\/p>\n\n\n\n<figure class=\"wp-block-image size-full is-resized\"><img decoding=\"async\" src=\"https:\/\/viaro.org\/wp-content\/uploads\/2022\/10\/Segundo-Ciclo-Proyecto-pedago&#x301;gico-de-3-a-6-an&#x303;os-proyecto.png\" alt=\"Projecte pedag&#xF2;gic de 3 a 6 anys projectes\" class=\"wp-image-14694\" width=\"100\" height=\"100\"\/><\/figure>\n\n\n<h3 class=\"has-text-color wp-block-heading\" style=\"color:#b2153f\">Projectes d&#8217;investigaci\u00f3<\/h3>\n\n\n\n<p>Cinc projectes de recerca en equip treballats des de diferents \u00e0rees d&#8217;aprenentatge. Ens permet fomentar el pensament creatiu i cr\u00edtic dels nostres petits alumnes&#13;\n<\/p>\n<\/div>\n<\/div>\n<\/div>\n<\/div>\n<\/div>\n\n\n\n<div class=\"wp-block-column is-layout-flow wp-block-column-is-layout-flow\"><\/div>\n<\/div>\n\n<div style=\"height:50px\" aria-hidden=\"true\" class=\"wp-block-spacer\"><\/div>\n\n<div class=\"wp-block-columns has-background is-layout-flex wp-container-core-columns-is-layout-9d6595d7 wp-block-columns-is-layout-flex\" style=\"background-color:#f0f0f0\">\n<div class=\"wp-block-column is-layout-flow wp-block-column-is-layout-flow\"><\/div>\n\n\n\n<div class=\"wp-block-column is-layout-flow wp-block-column-is-layout-flow\" style=\"flex-basis:80%\">\n<h2 class=\"wp-block-heading\">A m\u00e9s, Tots els alumnes de Viar\u00f3 infantil<\/h2>\n\n\n\n<p><div class=\"traductor-textarea form-group\">&#13;\n<div class=\"textarea-desti col-xs-12 col-sm-6\">&#13;\n<div class=\"form-control second-textarea\">Gaudeixen de les <strong>setmanes tem\u00e0tiques<\/strong> que es distribueixen durant tot l&#8217;any i completen el nostre projecte pedag\u00f2gic de 3 a 6 anys. Participen tamb\u00e9 en el <a href=\"https:\/\/viaro.org\/ca\/musical-infantil-2022\/\"><strong>projecte transversal del Musical<\/strong><\/a> que oferim a les fam\u00edlies a final de curs<\/div>&#13;\n<\/div>&#13;\n<\/div>&#13;\n<div class=\"traductor-checkbox form-group\">&#13;\n<div class=\"row\">&#13;\n<div class=\"col-sm-offset-2 col-sm-5\"><\/div>&#13;\n<\/div>&#13;\n<\/div><\/p>\n\n\n\n<p>Durant el mes de juliol poden assistir al <strong><a href=\"https:\/\/viaro.org\/ca\/activitats-destiu\/\">Country Camp<\/a><\/strong> i viure l&#8217;experi\u00e8ncia de la granja a l&#8217;escola envoltats per la natura i els animals<\/p>\n<\/div>\n\n\n\n<div class=\"wp-block-column is-layout-flow wp-block-column-is-layout-flow\"><\/div>\n<\/div>\n\n<div class=\"wp-block-columns is-layout-flex wp-container-core-columns-is-layout-9d6595d7 wp-block-columns-is-layout-flex\">\n<div class=\"wp-block-column is-layout-flow wp-block-column-is-layout-flow\"><\/div>\n\n\n\n<div class=\"wp-block-column is-layout-flow wp-block-column-is-layout-flow\" style=\"flex-basis:80%\">\n<div class=\"wp-block-image\"><figure class=\"aligncenter size-large\"><a href=\"https:\/\/www.instagram.com\/viaroschool\/\" target=\"_blank\" rel=\"noopener\"><img decoding=\"async\" width=\"1024\" height=\"325\" src=\"https:\/\/viaro.org\/wp-content\/uploads\/2022\/10\/proyecto-pedagogico-de-0-a-2-anos-1024x325.jpg\" alt=\"\" class=\"wp-image-14646\" srcset=\"https:\/\/viaro.org\/wp-content\/uploads\/2022\/10\/proyecto-pedagogico-de-0-a-2-anos-1024x325.jpg 1024w, https:\/\/viaro.org\/wp-content\/uploads\/2022\/10\/proyecto-pedagogico-de-0-a-2-anos-300x95.jpg 300w, https:\/\/viaro.org\/wp-content\/uploads\/2022\/10\/proyecto-pedagogico-de-0-a-2-anos-768x244.jpg 768w, https:\/\/viaro.org\/wp-content\/uploads\/2022\/10\/proyecto-pedagogico-de-0-a-2-anos-1536x487.jpg 1536w, https:\/\/viaro.org\/wp-content\/uploads\/2022\/10\/proyecto-pedagogico-de-0-a-2-anos-2048x649.jpg 2048w\" sizes=\"(max-width: 1024px) 100vw, 1024px\" \/><\/a><\/figure><\/div>\n\n\n\n<h5 class=\"wp-block-heading\">Projecte pedag\u00f2gic de 3 a 6 anys<\/h5>\n<\/div>\n\n\n\n<div class=\"wp-block-column is-layout-flow wp-block-column-is-layout-flow\"><\/div>\n<\/div>\n\n<div style=\"height:30px\" aria-hidden=\"true\" class=\"wp-block-spacer\"><\/div>\n","protected":false},"excerpt":{"rendered":"<p>Projecte pedag\u00f2gic de 3 a 6 anys Activitats di\u00e0ries Programa Psicomotricitat &amp; emocions Moviment com a expressi\u00f3 del m\u00f3n interior. \u00c9s una mirada cap a l&#8217;interior del nen, que busca unir dues \u00e0rees essencials per al seu creixement: la motriu i l&#8217;emocional. Aquestes sessions se centren en el domini del propi esquema corporal, aix\u00ed com [&hellip;]<\/p>\n","protected":false},"author":12,"featured_media":14701,"parent":14352,"menu_order":0,"comment_status":"closed","ping_status":"closed","template":"","meta":{"_uag_custom_page_level_css":"","_joinchat":[],"footnotes":""},"class_list":["post-14661","page","type-page","status-publish","has-post-thumbnail","hentry"],"uagb_featured_image_src":{"full":["https:\/\/viaro.org\/wp-content\/uploads\/2022\/10\/Proyecto-pedagogico-de-3-a-6-anos-header.jpg",2560,838,false],"thumbnail":["https:\/\/viaro.org\/wp-content\/uploads\/2022\/10\/Proyecto-pedagogico-de-3-a-6-anos-header-150x150.jpg",150,150,true],"medium":["https:\/\/viaro.org\/wp-content\/uploads\/2022\/10\/Proyecto-pedagogico-de-3-a-6-anos-header-300x98.jpg",300,98,true],"medium_large":["https:\/\/viaro.org\/wp-content\/uploads\/2022\/10\/Proyecto-pedagogico-de-3-a-6-anos-header-768x251.jpg",640,209,true],"large":["https:\/\/viaro.org\/wp-content\/uploads\/2022\/10\/Proyecto-pedagogico-de-3-a-6-anos-header-1024x335.jpg",640,209,true],"1536x1536":["https:\/\/viaro.org\/wp-content\/uploads\/2022\/10\/Proyecto-pedagogico-de-3-a-6-anos-header-1536x503.jpg",1536,503,true],"2048x2048":["https:\/\/viaro.org\/wp-content\/uploads\/2022\/10\/Proyecto-pedagogico-de-3-a-6-anos-header-2048x670.jpg",2048,670,true],"related-content":["https:\/\/viaro.org\/wp-content\/uploads\/2022\/10\/Proyecto-pedagogico-de-3-a-6-anos-header-297x167.jpg",297,167,true]},"uagb_author_info":{"display_name":"Ignacio Malmierca","author_link":"https:\/\/viaro.org\/ca\/author\/imalmierca\/"},"uagb_comment_info":0,"uagb_excerpt":"Projecte pedag\u00f2gic de 3 a 6 anys Activitats di\u00e0ries Programa Psicomotricitat &amp; emocions Moviment com a expressi\u00f3 del m\u00f3n interior. \u00c9s una mirada cap a l&#8217;interior del nen, que busca unir dues \u00e0rees essencials per al seu creixement: la motriu i l&#8217;emocional. Aquestes sessions se centren en el domini del propi esquema corporal, aix\u00ed com&hellip;","_links":{"self":[{"href":"https:\/\/viaro.org\/ca\/wp-json\/wp\/v2\/pages\/14661","targetHints":{"allow":["GET"]}}],"collection":[{"href":"https:\/\/viaro.org\/ca\/wp-json\/wp\/v2\/pages"}],"about":[{"href":"https:\/\/viaro.org\/ca\/wp-json\/wp\/v2\/types\/page"}],"author":[{"embeddable":true,"href":"https:\/\/viaro.org\/ca\/wp-json\/wp\/v2\/users\/12"}],"replies":[{"embeddable":true,"href":"https:\/\/viaro.org\/ca\/wp-json\/wp\/v2\/comments?post=14661"}],"version-history":[{"count":2,"href":"https:\/\/viaro.org\/ca\/wp-json\/wp\/v2\/pages\/14661\/revisions"}],"predecessor-version":[{"id":14729,"href":"https:\/\/viaro.org\/ca\/wp-json\/wp\/v2\/pages\/14661\/revisions\/14729"}],"up":[{"embeddable":true,"href":"https:\/\/viaro.org\/ca\/wp-json\/wp\/v2\/pages\/14352"}],"wp:featuredmedia":[{"embeddable":true,"href":"https:\/\/viaro.org\/ca\/wp-json\/wp\/v2\/media\/14701"}],"wp:attachment":[{"href":"https:\/\/viaro.org\/ca\/wp-json\/wp\/v2\/media?parent=14661"}],"curies":[{"name":"wp","href":"https:\/\/api.w.org\/{rel}","templated":true}]}}