{"id":15247,"date":"2023-02-06T10:20:24","date_gmt":"2023-02-06T10:20:24","guid":{"rendered":"https:\/\/viaro.org\/set-up\/"},"modified":"2024-10-10T14:40:09","modified_gmt":"2024-10-10T14:40:09","slug":"set-up","status":"publish","type":"page","link":"https:\/\/viaro.org\/ca\/set-up\/","title":{"rendered":"Set Up!"},"content":{"rendered":"\n<div class=\"wp-block-columns is-layout-flex wp-container-core-columns-is-layout-9d6595d7 wp-block-columns-is-layout-flex\">\n<div class=\"wp-block-column is-layout-flow wp-block-column-is-layout-flow\"><\/div>\n\n\n\n<div class=\"wp-block-column is-layout-flow wp-block-column-is-layout-flow\" style=\"flex-basis:40%\">\n<figure class=\"wp-block-image size-full\"><img decoding=\"async\" width=\"982\" height=\"484\" src=\"https:\/\/viaro.org\/wp-content\/uploads\/2023\/02\/set-up-logo.jpg\" alt=\"SET UP LOGO\" class=\"wp-image-15899\" srcset=\"https:\/\/viaro.org\/wp-content\/uploads\/2023\/02\/set-up-logo.jpg 982w, https:\/\/viaro.org\/wp-content\/uploads\/2023\/02\/set-up-logo-300x148.jpg 300w, https:\/\/viaro.org\/wp-content\/uploads\/2023\/02\/set-up-logo-768x379.jpg 768w\" sizes=\"(max-width: 982px) 100vw, 982px\" \/><\/figure>\n\n\n\n<h3 class=\"wp-block-heading has-text-align-center\">ENGLISH ENHANCEMENT PROGRAM<\/h3>\n\n\n\n<p class=\"has-text-align-center\">PRIMARY YEAR 5 + SECONDARY YEAR 2<\/p>\n<\/div>\n\n\n\n<div class=\"wp-block-column is-layout-flow wp-block-column-is-layout-flow\"><\/div>\n<\/div>\n\n<p class=\"has-text-align-center has-text-color has-medium-font-size\" style=\"color:#b2153f;font-style:normal;font-weight:400\">Mitjan\u00e7ant el Programa Set Up! Busquem que els nostres alumnes siguin competents en l&#8217;\u00fas de la llengua anglesa, de tal manera que puguin accedir a estudis universitaris de m\u00e0xim nivell i millorar les seves habilitats professionals<\/p>\n\n<p class=\"has-text-align-center has-medium-font-size\" style=\"font-style:normal;font-weight:400\">Aquesta educaci\u00f3 global els preparar\u00e0 per a col\u00b7laborar en la construcci\u00f3 d&#8217;una societat millor per a tots en qualsevol situaci\u00f3 i lloc.&#13;\n<\/p>\n\n<div style=\"height:30px\" aria-hidden=\"true\" class=\"wp-block-spacer\"><\/div>\n\n<div class=\"wp-block-columns is-layout-flex wp-container-core-columns-is-layout-9d6595d7 wp-block-columns-is-layout-flex\">\n<div class=\"wp-block-column is-layout-flow wp-block-column-is-layout-flow\">\n<div class=\"wp-block-buttons has-custom-font-size has-medium-font-size is-content-justification-center is-layout-flex wp-container-core-buttons-is-layout-16018d1d wp-block-buttons-is-layout-flex\" style=\"font-style:normal;font-weight:400\">\n<div class=\"wp-block-button has-custom-width wp-block-button__width-75 has-custom-font-size has-small-font-size\"><a class=\"wp-block-button__link has-white-color has-text-color has-background wp-element-button\" href=\"#primary\" style=\"background-color:#b2153f\"><strong>PRIMARY<\/strong><\/a><\/div>\n<\/div>\n<\/div>\n\n\n\n<div class=\"wp-block-column is-layout-flow wp-block-column-is-layout-flow\"><\/div>\n\n\n\n<div class=\"wp-block-column is-layout-flow wp-block-column-is-layout-flow\">\n<div class=\"wp-block-buttons has-custom-font-size has-medium-font-size is-content-justification-center is-layout-flex wp-container-core-buttons-is-layout-16018d1d wp-block-buttons-is-layout-flex\" style=\"font-style:normal;font-weight:400\">\n<div class=\"wp-block-button has-custom-width wp-block-button__width-75 has-custom-font-size has-small-font-size\"><a class=\"wp-block-button__link has-white-color has-text-color has-background wp-element-button\" href=\"#secondary\" style=\"background-color:#b2153f\"><strong>SECONDARY<\/strong><\/a><\/div>\n<\/div>\n<\/div>\n<\/div>\n\n<div style=\"height:30px\" aria-hidden=\"true\" class=\"wp-block-spacer\"><\/div>\n\n<h2 class=\"wp-block-heading has-text-align-center has-text-color\" style=\"color:#b2153f\">SET UP! PRIMARY &#8211; 5th YEAR<\/h2>\n\n<div class=\"wp-block-uagb-separator uagb-block-57bca1b2\">\r\n<div class=\"wp-block-uagb-separator__inner\"><\/div>\r\n<\/div>\n\n<div style=\"height:10px\" aria-hidden=\"true\" class=\"wp-block-spacer\"><\/div>\n\n<h2 class=\"wp-block-heading\">Punts clau del programa de Prim\u00e0ria<\/h2>\n\n<div style=\"height:20px\" aria-hidden=\"true\" class=\"wp-block-spacer\"><\/div>\n\n<div class=\"wp-block-columns is-layout-flex wp-container-core-columns-is-layout-9d6595d7 wp-block-columns-is-layout-flex\">\n<div class=\"wp-block-column is-layout-flow wp-block-column-is-layout-flow\" style=\"flex-basis:10%\">\n<figure class=\"wp-block-image size-full\"><img decoding=\"async\" width=\"520\" height=\"520\" src=\"https:\/\/viaro.org\/wp-content\/uploads\/2023\/02\/set-up-qualy.jpg\" alt=\"\" class=\"wp-image-15907\" srcset=\"https:\/\/viaro.org\/wp-content\/uploads\/2023\/02\/set-up-qualy.jpg 520w, https:\/\/viaro.org\/wp-content\/uploads\/2023\/02\/set-up-qualy-300x300.jpg 300w, https:\/\/viaro.org\/wp-content\/uploads\/2023\/02\/set-up-qualy-150x150.jpg 150w\" sizes=\"(max-width: 520px) 100vw, 520px\" \/><\/figure>\n<\/div>\n\n\n\n<div class=\"wp-block-column is-layout-flow wp-block-column-is-layout-flow\">\n<p><strong>Garanteix l&#8217;\u00fas exclusiu de la llengua anglesa<\/strong> en les assignatures curriculars designades. Els professors d&#8217;aquestes assignatures es dirigeixen als alumnes en angl\u00e8s dins i fora de l&#8217;aula. La resta d&#8217;assignatures es desenvolupa en l&#8217;idioma previst.<\/p>\n<\/div>\n\n\n\n<div class=\"wp-block-column is-layout-flow wp-block-column-is-layout-flow\" style=\"flex-basis:10%\">\n<figure class=\"wp-block-image size-full\"><img decoding=\"async\" width=\"520\" height=\"520\" src=\"https:\/\/viaro.org\/wp-content\/uploads\/2023\/02\/set-up-talk.jpg\" alt=\"\" class=\"wp-image-15910\" srcset=\"https:\/\/viaro.org\/wp-content\/uploads\/2023\/02\/set-up-talk.jpg 520w, https:\/\/viaro.org\/wp-content\/uploads\/2023\/02\/set-up-talk-300x300.jpg 300w, https:\/\/viaro.org\/wp-content\/uploads\/2023\/02\/set-up-talk-150x150.jpg 150w\" sizes=\"(max-width: 520px) 100vw, 520px\" \/><\/figure>\n<\/div>\n\n\n\n<div class=\"wp-block-column is-layout-flow wp-block-column-is-layout-flow\">\n<p><strong>English Friday<\/strong>: Els divendres, els professors del Cicle Superior es dirigeixen als alumnes de 5\u00e8 en aquest idioma per al funcionament ordinari fora de l&#8217;aula. Els alumnes segueixen un programa de confer\u00e8ncies i exposicions en angl\u00e8s.<\/p>\n<\/div>\n<\/div>\n\n<div class=\"wp-block-columns is-layout-flex wp-container-core-columns-is-layout-9d6595d7 wp-block-columns-is-layout-flex\">\n<div class=\"wp-block-column is-layout-flow wp-block-column-is-layout-flow\" style=\"flex-basis:10%\">\n<figure class=\"wp-block-image size-full\"><img decoding=\"async\" width=\"520\" height=\"520\" src=\"https:\/\/viaro.org\/wp-content\/uploads\/2023\/02\/set-up-talk.jpg\" alt=\"\" class=\"wp-image-15910\" srcset=\"https:\/\/viaro.org\/wp-content\/uploads\/2023\/02\/set-up-talk.jpg 520w, https:\/\/viaro.org\/wp-content\/uploads\/2023\/02\/set-up-talk-300x300.jpg 300w, https:\/\/viaro.org\/wp-content\/uploads\/2023\/02\/set-up-talk-150x150.jpg 150w\" sizes=\"(max-width: 520px) 100vw, 520px\" \/><\/figure>\n<\/div>\n\n\n\n<div class=\"wp-block-column is-layout-flow wp-block-column-is-layout-flow\">\n<p><strong>Procura que els alumnes utilitzin l&#8217;angl\u00e8s com a llengua vehicular<\/strong> mitjan\u00e7ant una major dedicaci\u00f3 dels auxiliars de conversa, que treballen l&#8217;expressi\u00f3 oral en grups redu\u00efts.<\/p>\n<\/div>\n\n\n\n<div class=\"wp-block-column is-layout-flow wp-block-column-is-layout-flow\" style=\"flex-basis:10%\">\n<figure class=\"wp-block-image size-full\"><img decoding=\"async\" width=\"520\" height=\"519\" src=\"https:\/\/viaro.org\/wp-content\/uploads\/2023\/02\/set-up-exam.jpg\" alt=\"\" class=\"wp-image-15913\" title=\"primary\" srcset=\"https:\/\/viaro.org\/wp-content\/uploads\/2023\/02\/set-up-exam.jpg 520w, https:\/\/viaro.org\/wp-content\/uploads\/2023\/02\/set-up-exam-300x300.jpg 300w, https:\/\/viaro.org\/wp-content\/uploads\/2023\/02\/set-up-exam-150x150.jpg 150w\" sizes=\"(max-width: 520px) 100vw, 520px\" \/><\/figure>\n<\/div>\n\n\n\n<div class=\"wp-block-column is-layout-flow wp-block-column-is-layout-flow\">\n<p><strong>Fomenta la participaci\u00f3 en activitats i concursos en angl\u00e8s, tant interns com externs<\/strong>, a m\u00e9s de promoure les certificacions oficials d&#8217;angl\u00e8s que s&#8217;ofereixen per 5\u00e8 Prim\u00e0ria.<\/p>\n<\/div>\n<\/div>\n\n<div style=\"height:30px\" aria-hidden=\"true\" class=\"wp-block-spacer\"><\/div>\n\n<h3 class=\"wp-block-heading\">Assignatures del programa a 5\u00e8 Prim\u00e0ria<\/h3>\n\n<div style=\"height:20px\" aria-hidden=\"true\" class=\"wp-block-spacer\"><\/div>\n\n<div class=\"wp-block-columns is-layout-flex wp-container-core-columns-is-layout-9d6595d7 wp-block-columns-is-layout-flex\">\n<div class=\"wp-block-column is-layout-flow wp-block-column-is-layout-flow\" style=\"flex-basis:10%\">\n<figure class=\"wp-block-image size-full\"><img decoding=\"async\" width=\"390\" height=\"340\" src=\"https:\/\/viaro.org\/wp-content\/uploads\/2023\/02\/set-up-english.jpg\" alt=\"\" class=\"wp-image-15916\" srcset=\"https:\/\/viaro.org\/wp-content\/uploads\/2023\/02\/set-up-english.jpg 390w, https:\/\/viaro.org\/wp-content\/uploads\/2023\/02\/set-up-english-300x262.jpg 300w\" sizes=\"(max-width: 390px) 100vw, 390px\" \/><\/figure>\n<\/div>\n\n\n\n<div class=\"wp-block-column is-layout-flow wp-block-column-is-layout-flow\">\n<h4 class=\"wp-block-heading\">Assignaturas en Angl\u00e8s<\/h4>\n\n\n\n<ul class=\"wp-block-list\">\n<li>Ciencies Naturals<\/li>\n\n\n\n<li>Ci\u00e8ncies Socials<\/li>\n\n\n\n<li>Educaci\u00f3 F\u00edsica<\/li>\n\n\n\n<li>Tallers Culturals<\/li>\n\n\n\n<li>Llengua Anglesa<\/li>\n<\/ul>\n<\/div>\n\n\n\n<div class=\"wp-block-column is-layout-flow wp-block-column-is-layout-flow\">\n<h4 class=\"wp-block-heading\">Atenci\u00f3 a la diversitat<\/h4>\n\n\n\n<p>El Departament psicopedag\u00f2gic (DOIP). Es coordina amb els tutors per a dur a terme les mesures d&#8217;atenci\u00f3 a la diversitat i adaptacions del programa per als alumnes que ho requereixin, procurant que tots puguin treure el m\u00e0xim profit del programa Set Up!&#13;\n<\/p>\n<\/div>\n<\/div>\n\n<div class=\"wp-block-columns is-layout-flex wp-container-core-columns-is-layout-9d6595d7 wp-block-columns-is-layout-flex\">\n<div class=\"wp-block-column is-layout-flow wp-block-column-is-layout-flow\" style=\"flex-basis:10%\"><\/div>\n\n\n\n<div class=\"wp-block-column is-layout-flow wp-block-column-is-layout-flow\">\n<h4 class=\"wp-block-heading\">Formaci\u00f3 personal<\/h4>\n\n\n\n<p id=\"secondary\">El programa de tutoria general de 5\u00e8 Prim\u00e0ria no es duu a terme en angl\u00e8s. Com tampoc les converses que cada alumne mant\u00e9 amb el seu tutor individual, en les quals s&#8217;expressa en la seva pr\u00f2pia llengua materna.&#13;\n<\/p>\n<\/div>\n<\/div>\n\n<div style=\"height:50px\" aria-hidden=\"true\" class=\"wp-block-spacer\"><\/div>\n\n<h2 class=\"wp-block-heading has-text-align-center has-text-color\" style=\"color:#b2153f\">SET UP! SECONDARY &#8211; 2nd YEAR<\/h2>\n\n<div class=\"wp-block-uagb-separator uagb-block-908c6a22\">\r\n<div class=\"wp-block-uagb-separator__inner\"><\/div>\r\n<\/div>\n\n<div style=\"height:10px\" aria-hidden=\"true\" class=\"wp-block-spacer\"><\/div>\n\n<h2 class=\"wp-block-heading\">Punts clau del programa de secund\u00e0ria <\/h2>\n\n<div style=\"height:20px\" aria-hidden=\"true\" class=\"wp-block-spacer\"><\/div>\n\n<div class=\"wp-block-columns is-layout-flex wp-container-core-columns-is-layout-9d6595d7 wp-block-columns-is-layout-flex\">\n<div class=\"wp-block-column is-layout-flow wp-block-column-is-layout-flow\" style=\"flex-basis:10%\">\n<figure class=\"wp-block-image size-full\"><img decoding=\"async\" width=\"520\" height=\"520\" src=\"https:\/\/viaro.org\/wp-content\/uploads\/2023\/02\/set-up-talk.jpg\" alt=\"\" class=\"wp-image-15910\" srcset=\"https:\/\/viaro.org\/wp-content\/uploads\/2023\/02\/set-up-talk.jpg 520w, https:\/\/viaro.org\/wp-content\/uploads\/2023\/02\/set-up-talk-300x300.jpg 300w, https:\/\/viaro.org\/wp-content\/uploads\/2023\/02\/set-up-talk-150x150.jpg 150w\" sizes=\"(max-width: 520px) 100vw, 520px\" \/><\/figure>\n<\/div>\n\n\n\n<div class=\"wp-block-column is-layout-flow wp-block-column-is-layout-flow\">\n<p>Ofereix als alumnes l&#8217;oportunitat de tenir una <strong>major exposici\u00f3 a la llengua anglesa<\/strong> a trav\u00e9s <strong>d&#8217;assignatures<\/strong> impartides en aquest idioma i d&#8217;una s\u00e8rie de <strong>projectes<\/strong> que permeten treballar les diferents habilitats comunicatives en angl\u00e8s.<\/p>\n<\/div>\n\n\n\n<div class=\"wp-block-column is-layout-flow wp-block-column-is-layout-flow\" style=\"flex-basis:10%\">\n<figure class=\"wp-block-image size-full\"><img decoding=\"async\" width=\"520\" height=\"520\" src=\"https:\/\/viaro.org\/wp-content\/uploads\/2023\/02\/set-up-qualy.jpg\" alt=\"\" class=\"wp-image-15907\" srcset=\"https:\/\/viaro.org\/wp-content\/uploads\/2023\/02\/set-up-qualy.jpg 520w, https:\/\/viaro.org\/wp-content\/uploads\/2023\/02\/set-up-qualy-300x300.jpg 300w, https:\/\/viaro.org\/wp-content\/uploads\/2023\/02\/set-up-qualy-150x150.jpg 150w\" sizes=\"(max-width: 520px) 100vw, 520px\" \/><\/figure>\n<\/div>\n\n\n\n<div class=\"wp-block-column is-layout-flow wp-block-column-is-layout-flow\">\n<p><div class=\"traductor-textarea form-group\">&#13;\n<div class=\"textarea-desti col-xs-12 col-sm-6\">&#13;\n<div class=\"form-control second-textarea\"><strong>Assegura el progr\u00e9s acad\u00e8mic de tots els alumnes<\/strong> oferint un suport extra als qui segueixen un pla d&#8217;estudis individualitzat<\/div>&#13;\n<\/div>&#13;\n<\/div>&#13;\n<div class=\"traductor-checkbox form-group\">&#13;\n<div class=\"row\">&#13;\n<div class=\"col-sm-offset-2 col-sm-5\"><\/div>&#13;\n<\/div>&#13;\n<\/div><\/p>\n\n\n\n<p><div class=\"traductor-textarea form-group\">&#13;\n<div class=\"textarea-desti col-xs-12 col-sm-6\">&#13;\n<div class=\"form-control second-textarea\"><strong>Promou les certificacions oficials d&#8217;angl\u00e8s<\/strong>: Nivell B2 de <a href=\"https:\/\/www.cambridgeenglish.org\/es\/\" target=\"_blank\" rel=\"noopener\"><strong>Cambridge<\/strong><\/a> en acabar 3r o 4t Secund\u00e0ria<\/div>&#13;\n<\/div>&#13;\n<\/div>&#13;\n<div class=\"traductor-checkbox form-group\">&#13;\n<div class=\"row\">&#13;\n<div class=\"col-sm-offset-2 col-sm-5\"><\/div>&#13;\n<\/div>&#13;\n<\/div><\/p>\n<\/div>\n<\/div>\n\n<div style=\"height:30px\" aria-hidden=\"true\" class=\"wp-block-spacer\"><\/div>\n\n<h3 class=\"wp-block-heading\">Asignaturas del programa a 2n Secundaria<\/h3>\n\n<div style=\"height:20px\" aria-hidden=\"true\" class=\"wp-block-spacer\"><\/div>\n\n<div class=\"wp-block-columns is-layout-flex wp-container-core-columns-is-layout-9d6595d7 wp-block-columns-is-layout-flex\">\n<div class=\"wp-block-column is-layout-flow wp-block-column-is-layout-flow\" style=\"flex-basis:10%\">\n<figure class=\"wp-block-image size-full\"><img decoding=\"async\" width=\"390\" height=\"340\" src=\"https:\/\/viaro.org\/wp-content\/uploads\/2023\/02\/set-up-english.jpg\" alt=\"\" class=\"wp-image-15916\" srcset=\"https:\/\/viaro.org\/wp-content\/uploads\/2023\/02\/set-up-english.jpg 390w, https:\/\/viaro.org\/wp-content\/uploads\/2023\/02\/set-up-english-300x262.jpg 300w\" sizes=\"(max-width: 390px) 100vw, 390px\" \/><\/figure>\n<\/div>\n\n\n\n<div class=\"wp-block-column is-layout-flow wp-block-column-is-layout-flow\">\n<h4 class=\"wp-block-heading\">Assignaturas en Angl\u00e8s<\/h4>\n\n\n\n<ul class=\"wp-block-list\">\n<li>Geografia i Hist\u00f2ria<\/li>\n\n\n\n<li>Inform\u00e0tica<\/li>\n\n\n\n<li>Tecnologia<\/li>\n\n\n\n<li>Art<\/li>\n\n\n\n<li>Llengua Anglesa<\/li>\n<\/ul>\n<\/div>\n\n\n\n<div class=\"wp-block-column is-layout-flow wp-block-column-is-layout-flow\" style=\"flex-basis:10%\">\n<figure class=\"wp-block-image size-full\"><img decoding=\"async\" width=\"378\" height=\"312\" src=\"https:\/\/viaro.org\/wp-content\/uploads\/2023\/02\/set-up-american.jpg\" alt=\"\" class=\"wp-image-15922\" srcset=\"https:\/\/viaro.org\/wp-content\/uploads\/2023\/02\/set-up-american.jpg 378w, https:\/\/viaro.org\/wp-content\/uploads\/2023\/02\/set-up-american-300x248.jpg 300w\" sizes=\"(max-width: 378px) 100vw, 378px\" \/><\/figure>\n<\/div>\n\n\n\n<div class=\"wp-block-column is-layout-flow wp-block-column-is-layout-flow\">\n<h4 class=\"wp-block-heading\">Diploma dual <\/h4>\n\n\n\n<p><div class=\"traductor-textarea form-group\">&#13;\n<div class=\"textarea-desti col-xs-12 col-sm-6\">&#13;\n<div class=\"form-control second-textarea\">Els alumnes que ho desitgin, poden iniciar tamb\u00e9 els estudis del <strong><a href=\"https:\/\/viaro.org\/ca\/vida-academica\/diploma-dual\/\">Batxillerat Dual<\/a><\/strong> durant el 2n curs de secund\u00e0ria per a obtenir <em><strong>l&#8217;American High School Diploma<\/strong><\/em> juntament amb el t\u00edtol oficial de Batxillerat.<\/div>&#13;\n<\/div>&#13;\n<\/div><\/p>\n<\/div>\n<\/div>\n\n<h3 class=\"wp-block-heading\">Projectes que inclou el programa Set Up!<\/h3>\n\n<div class=\"wp-block-columns is-layout-flex wp-container-core-columns-is-layout-9d6595d7 wp-block-columns-is-layout-flex\">\n<div class=\"wp-block-column is-layout-flow wp-block-column-is-layout-flow\">\n<h4 class=\"wp-block-heading\">1. SPEAKING SESSIONS<\/h4>\n\n\n\n<p><strong><em>Speaking Skills<\/em> | <\/strong>Incrementem les sessions amb els <em>speakers<\/em> (professors natius) perqu\u00e8 puguin treballar les habilitats de conversa en angl\u00e8s en grups redu\u00efts.<\/p>\n\n\n\n<h4 class=\"wp-block-heading\">2. CULTURAL SESSIONS<\/h4>\n\n\n\n<p><strong><em>Listening Skills<\/em> |<\/strong> Conferencia-col\u00b7loqui trimestral amb un convidat sobre esports, cultura o el m\u00f3n professional, entre altres temes. Les sessions es treballen pr\u00e8viament a l&#8217;aula, a l&#8217;assignatura d&#8217;angl\u00e8s.<\/p>\n\n\n\n<h4 class=\"wp-block-heading\">3. PEN PAL PROJECT<\/h4>\n\n\n\n<p><strong><em>Writing Skills<\/em> |<\/strong>Intercanvi de cartes amb col\u00b7legis membres de <a href=\"http:\/\/www.theibsc.org\/\" target=\"_blank\" rel=\"noopener\"><strong>l&#8217;IBSC<\/strong><\/a>. Els permet estar en contacte amb un alumne estranger de la seva edat i, alhora, practicar l&#8217;angl\u00e8s escrit.<strong>&#13;\n<\/strong><\/p>\n\n\n\n<h4 class=\"wp-block-heading\">4. MUSIC PROJECT<\/h4>\n\n\n\n<p><strong><em>Artistic Skills<\/em> | <\/strong>Dintre del programa de l&#8217;assignatura de M\u00fasica, els alumnes preparen una can\u00e7\u00f3 en angl\u00e8s que, posteriorment, es grava amb tota la classe.&#13;\n<div class=\"traductor-checkbox form-group\">&#13;\n<div class=\"row\">&#13;\n<div class=\"col-sm-offset-2 col-sm-5\"><\/div>&#13;\n<\/div>&#13;\n<\/div><\/p>\n<\/div>\n\n\n\n<div class=\"wp-block-column is-layout-flow wp-block-column-is-layout-flow\" style=\"flex-basis:5%\"><\/div>\n\n\n\n<div class=\"wp-block-column is-layout-flow wp-block-column-is-layout-flow\">\n<h4 class=\"wp-block-heading\">5. READING PROJECT<\/h4>\n\n\n\n<p><strong><em>Reading Skills<\/em> |<\/strong> Sessi\u00f3 setmanal de lectura guiada que els permet practicar diferents aspectes: comprensi\u00f3 oral i lectora, expressi\u00f3 oral i lectura en veu alta, alhora que ampliar el seu vocabulari.<\/p>\n\n\n\n<h4 class=\"wp-block-heading\">6. ENGLISH COMPETITIONS<\/h4>\n\n\n\n<p><strong><em>Oral Skills<\/em> |<\/strong> Preparaci\u00f3 dels alumnes per al debat en angl\u00e8s. Els oferim les eines i practiquem perqu\u00e8 siguin capa\u00e7os de defensar un tema, generalment, d&#8217;actualitat.<\/p>\n\n\n\n<h4 class=\"wp-block-heading\">7. SET UP! AT HOME<\/h4>\n\n\n\n<p><strong><em>Challenges &amp; Resources<\/em> |<\/strong> La continu\u00eftat del projecte s&#8217;est\u00e9n m\u00e9s enll\u00e0 de l&#8217;aula gr\u00e0cies a una s\u00e8rie de recursos que oferim perqu\u00e8 els alumnes puguin continuar practicant l&#8217;angl\u00e8s a casa.<\/p>\n<\/div>\n<\/div>\n\n<div style=\"height:30px\" aria-hidden=\"true\" class=\"wp-block-spacer\"><\/div>\n\n<div class=\"wp-block-columns has-background is-layout-flex wp-container-core-columns-is-layout-9d6595d7 wp-block-columns-is-layout-flex\" style=\"background-color:#f0f0f0\">\n<div class=\"wp-block-column is-layout-flow wp-block-column-is-layout-flow\">\n<div class=\"wp-block-columns is-layout-flex wp-container-core-columns-is-layout-9d6595d7 wp-block-columns-is-layout-flex\">\n<div class=\"wp-block-column is-layout-flow wp-block-column-is-layout-flow\">\n<h4 class=\"wp-block-heading has-text-align-center\">Coordinaci\u00f3<\/h4>\n\n\n\n<p class=\"has-text-align-center\">L&#8217;equip de coordinaci\u00f3 supervisa l&#8217;adaptaci\u00f3 dels alumnes al programa<\/p>\n<\/div>\n\n\n\n<div class=\"wp-block-column is-layout-flow wp-block-column-is-layout-flow\" style=\"flex-basis:5%\"><\/div>\n\n\n\n<div class=\"wp-block-column is-layout-flow wp-block-column-is-layout-flow\">\n<h4 class=\"wp-block-heading has-text-align-center\">Certificacions oficials<\/h4>\n\n\n\n<p class=\"has-text-align-center\">El col\u00b7legi ofereix una plataforma en l\u00ednia espec\u00edfica per a ajudar els alumnes a preparar els ex\u00e0mens oficials.<\/p>\n<\/div>\n<\/div>\n<\/div>\n<\/div>\n\n<div style=\"height:40px\" aria-hidden=\"true\" class=\"wp-block-spacer\"><\/div>\n\n<h3 class=\"wp-block-heading\">Relacionat<\/h3>\n\n<div class=\"wp-block-columns is-layout-flex wp-container-core-columns-is-layout-9d6595d7 wp-block-columns-is-layout-flex\">\n<div class=\"wp-block-column is-layout-flow wp-block-column-is-layout-flow\">\n<div class=\"wp-block-buttons has-custom-font-size has-medium-font-size is-content-justification-center is-layout-flex wp-container-core-buttons-is-layout-16018d1d wp-block-buttons-is-layout-flex\" style=\"font-style:normal;font-weight:400\">\n<div class=\"wp-block-button has-custom-width wp-block-button__width-75\"><a class=\"wp-block-button__link has-white-color has-text-color has-background wp-element-button\" href=\"https:\/\/viaro.org\/vida-academica\/ingles-en-viaro\/\" style=\"background-color:#b2153f\">Angl\u00e8s<\/a><\/div>\n<\/div>\n<\/div>\n\n\n\n<div class=\"wp-block-column is-layout-flow wp-block-column-is-layout-flow\">\n<div class=\"wp-block-buttons has-custom-font-size has-medium-font-size is-content-justification-center is-layout-flex wp-container-core-buttons-is-layout-16018d1d wp-block-buttons-is-layout-flex\" style=\"font-style:normal;font-weight:400\">\n<div class=\"wp-block-button has-custom-width wp-block-button__width-75\"><a class=\"wp-block-button__link has-white-color has-text-color has-background wp-element-button\" href=\"https:\/\/viaro.org\/research\/el-aprendizaje-del-ingles-en-viaro\/\" style=\"background-color:#b2153f\">Projecte<\/a><\/div>\n<\/div>\n<\/div>\n\n\n\n<div class=\"wp-block-column is-layout-flow wp-block-column-is-layout-flow\">\n<div class=\"wp-block-buttons has-custom-font-size has-medium-font-size is-content-justification-center is-layout-flex wp-container-core-buttons-is-layout-16018d1d wp-block-buttons-is-layout-flex\" style=\"font-style:normal;font-weight:400\">\n<div class=\"wp-block-button has-custom-width wp-block-button__width-75\"><a class=\"wp-block-button__link has-white-color has-text-color has-background wp-element-button\" href=\"https:\/\/viaro.org\/vida-academica\/diploma-dual\/\" style=\"background-color:#b2153f\">Diploma Dual<\/a><\/div>\n<\/div>\n<\/div>\n<\/div>\n","protected":false},"excerpt":{"rendered":"<p>ENGLISH ENHANCEMENT PROGRAM PRIMARY YEAR 5 + SECONDARY YEAR 2 Mitjan\u00e7ant el Programa Set Up! Busquem que els nostres alumnes siguin competents en l&#8217;\u00fas de la llengua anglesa, de tal manera que puguin accedir a estudis universitaris de m\u00e0xim nivell i millorar les seves habilitats professionals Aquesta educaci\u00f3 global els preparar\u00e0 per a col\u00b7laborar en [&hellip;]<\/p>\n","protected":false},"author":12,"featured_media":1008,"parent":0,"menu_order":0,"comment_status":"closed","ping_status":"closed","template":"template-blocks.php","meta":{"_uag_custom_page_level_css":"","_joinchat":[],"footnotes":""},"class_list":["post-15247","page","type-page","status-publish","has-post-thumbnail","hentry"],"uagb_featured_image_src":{"full":["https:\/\/viaro.org\/wp-content\/uploads\/2018\/11\/header-mision-vision.jpg",2880,752,false],"thumbnail":["https:\/\/viaro.org\/wp-content\/uploads\/2018\/11\/header-mision-vision-150x150.jpg",150,150,true],"medium":["https:\/\/viaro.org\/wp-content\/uploads\/2018\/11\/header-mision-vision-300x78.jpg",300,78,true],"medium_large":["https:\/\/viaro.org\/wp-content\/uploads\/2018\/11\/header-mision-vision-768x201.jpg",640,168,true],"large":["https:\/\/viaro.org\/wp-content\/uploads\/2018\/11\/header-mision-vision-1024x267.jpg",640,167,true],"1536x1536":["https:\/\/viaro.org\/wp-content\/uploads\/2018\/11\/header-mision-vision.jpg",1536,401,false],"2048x2048":["https:\/\/viaro.org\/wp-content\/uploads\/2018\/11\/header-mision-vision.jpg",2048,535,false],"related-content":["https:\/\/viaro.org\/wp-content\/uploads\/2018\/11\/header-mision-vision-297x167.jpg",297,167,true]},"uagb_author_info":{"display_name":"Ignacio Malmierca","author_link":"https:\/\/viaro.org\/ca\/author\/imalmierca\/"},"uagb_comment_info":0,"uagb_excerpt":"ENGLISH ENHANCEMENT PROGRAM PRIMARY YEAR 5 + SECONDARY YEAR 2 Mitjan\u00e7ant el Programa Set Up! Busquem que els nostres alumnes siguin competents en l&#8217;\u00fas de la llengua anglesa, de tal manera que puguin accedir a estudis universitaris de m\u00e0xim nivell i millorar les seves habilitats professionals Aquesta educaci\u00f3 global els preparar\u00e0 per a col\u00b7laborar en&hellip;","_links":{"self":[{"href":"https:\/\/viaro.org\/ca\/wp-json\/wp\/v2\/pages\/15247","targetHints":{"allow":["GET"]}}],"collection":[{"href":"https:\/\/viaro.org\/ca\/wp-json\/wp\/v2\/pages"}],"about":[{"href":"https:\/\/viaro.org\/ca\/wp-json\/wp\/v2\/types\/page"}],"author":[{"embeddable":true,"href":"https:\/\/viaro.org\/ca\/wp-json\/wp\/v2\/users\/12"}],"replies":[{"embeddable":true,"href":"https:\/\/viaro.org\/ca\/wp-json\/wp\/v2\/comments?post=15247"}],"version-history":[{"count":21,"href":"https:\/\/viaro.org\/ca\/wp-json\/wp\/v2\/pages\/15247\/revisions"}],"predecessor-version":[{"id":23144,"href":"https:\/\/viaro.org\/ca\/wp-json\/wp\/v2\/pages\/15247\/revisions\/23144"}],"wp:featuredmedia":[{"embeddable":true,"href":"https:\/\/viaro.org\/ca\/wp-json\/wp\/v2\/media\/1008"}],"wp:attachment":[{"href":"https:\/\/viaro.org\/ca\/wp-json\/wp\/v2\/media?parent=15247"}],"curies":[{"name":"wp","href":"https:\/\/api.w.org\/{rel}","templated":true}]}}