{"id":15872,"date":"2023-02-25T11:53:10","date_gmt":"2023-02-25T11:53:10","guid":{"rendered":"https:\/\/viaro.org\/angles-a-viaro\/"},"modified":"2023-11-08T08:54:19","modified_gmt":"2023-11-08T08:54:19","slug":"angles-a-viaro","status":"publish","type":"page","link":"https:\/\/viaro.org\/ca\/vida-academica\/angles-a-viaro\/","title":{"rendered":"Angl\u00e8s a Viar\u00f3"},"content":{"rendered":"\n<p>Per a l&#8217;aprenentatge de l&#8217;angl\u00e8s a Viar\u00f3 i les altres lleng\u00fces estrangeres, comptem amb professors natius i especialistes. Conscients de la import\u00e0ncia que t\u00e9 l&#8217;angl\u00e8s en el m\u00f3n actual, altres assignatures del curr\u00edculum com les ci\u00e8ncies socials i naturals, l&#8217;educaci\u00f3 art\u00edstica i l&#8217;esport s&#8217;imparteixen tamb\u00e9 en aquesta llengua, depenent de l&#8217;etapa educativa.&#13;\n<\/p>\n\n<p><div class=\"traductor-textarea form-group\">&#13;\n<div class=\"textarea-desti col-xs-12 col-sm-6\">&#13;\n<div class=\"form-control second-textarea\">Amb aquest impuls de l&#8217;angl\u00e8s a Viar\u00f3, procurem que els alumnes puguin examinar-se i superar els diferents nivells de certificaci\u00f3 (Preliminary, First i Advanced) que ofereix la <a href=\"https:\/\/www.cam.ac.uk\/\" target=\"_blank\" rel=\"noopener\">Universitat de Cambridge<\/a>.<\/div>&#13;\n<\/div>&#13;\n<\/div>&#13;\n<div class=\"traductor-checkbox form-group\">&#13;\n<div class=\"row\">&#13;\n<div class=\"col-sm-offset-2 col-sm-5\"><\/div>&#13;\n<\/div>&#13;\n<\/div><\/p>\n\n<p><div class=\"traductor-textarea form-group\">&#13;\n<div class=\"textarea-desti col-xs-12 col-sm-6\">&#13;\n<div class=\"form-control second-textarea\">Tamb\u00e9 oferim als alumnes la possibilitat de practicar la conversa en angl\u00e8s des de l&#8217;etapa <a href=\"https:\/\/viaro.org\/ca\/vida-academica\/infantil\/\">d&#8217;Educaci\u00f3 Infantil<\/a> amb professors auxiliars nadius (Speakers).<\/div>&#13;\n<\/div>&#13;\n<\/div>&#13;\n<div class=\"traductor-checkbox form-group\">&#13;\n<div class=\"row\">&#13;\n<div class=\"col-sm-offset-2 col-sm-5\"><\/div>&#13;\n<\/div>&#13;\n<\/div><\/p>\n\n<div class=\"wp-block-columns is-layout-flex wp-container-core-columns-is-layout-9d6595d7 wp-block-columns-is-layout-flex\">\n<div class=\"wp-block-column is-layout-flow wp-block-column-is-layout-flow\"><\/div>\n<\/div>\n\n<div class=\"wp-block-columns has-background is-layout-flex wp-container-core-columns-is-layout-9d6595d7 wp-block-columns-is-layout-flex\" style=\"background-color:#f0f0f0\">\n<div class=\"wp-block-column has-background is-layout-flow wp-block-column-is-layout-flow\" style=\"background-color:#f0f0f0\">\n<h3 class=\"wp-block-heading\">Programes d&#8217;angl\u00e8s a Viar\u00f3<\/h3>\n\n\n\n<p>El col\u00b7legi ofereix dos programes espec\u00edfics per a potenciar el nivell d&#8217;angl\u00e8s dels alumnes.&#13;\n<\/p>\n\n\n\n<div class=\"wp-block-columns is-layout-flex wp-container-core-columns-is-layout-9d6595d7 wp-block-columns-is-layout-flex\">\n<div class=\"wp-block-column is-layout-flow wp-block-column-is-layout-flow\">\n<h4 class=\"wp-block-heading has-white-color has-text-color has-background\" style=\"background-color:#001034\">SET UP!  (PRIM\u00c0RIA + ESO)<\/h4>\n\n\n\n<ul class=\"wp-block-list\">\n<li>Per a tots els alumnes de 5\u00e8 PRI i 2n ESO<\/li>\n\n\n\n<li>\u00das de l&#8217;angl\u00e8s com a llengua vehicular durant tot el curs<\/li>\n\n\n\n<li>Programa espec\u00edfic d&#8217;activitats i confer\u00e8ncies<\/li>\n\n\n\n<li>A 2n ESO augmenta en 9h les classes que s&#8217;imparteixen en angl\u00e8s<\/li>\n<\/ul>\n\n\n\n<div class=\"wp-block-buttons is-content-justification-center is-layout-flex wp-container-core-buttons-is-layout-16018d1d wp-block-buttons-is-layout-flex\">\n<div class=\"wp-block-button has-custom-width wp-block-button__width-50 has-custom-font-size has-small-font-size\"><a class=\"wp-block-button__link has-white-color has-text-color has-background wp-element-button\" href=\"https:\/\/viaro.org\/set-up\/\" style=\"background-color:#b2153f\"><strong>Saber m\u00e9s<\/strong><\/a><\/div>\n<\/div>\n<\/div>\n\n\n\n<div class=\"wp-block-column is-layout-flow wp-block-column-is-layout-flow\" style=\"flex-basis:5%\"><\/div>\n\n\n\n<div class=\"wp-block-column is-layout-flow wp-block-column-is-layout-flow\">\n<h4 class=\"wp-block-heading has-white-color has-text-color has-background\" style=\"background-color:#001034\">Batxillerat Dual<\/h4>\n\n\n\n<ul class=\"wp-block-list\">\n<li>Titol oficial de Batxillerat Americ\u00e0<\/li>\n\n\n\n<li>Es pot comen\u00e7ar a cursar assignatures de de 2n ESO<\/li>\n\n\n\n<li>Els estudis es realitzen online amb professors nadius<\/li>\n\n\n\n<li>Segueix el sistema americ\u00e0 d&#8217;avaluaci\u00f3 i qualificacions<\/li>\n<\/ul>\n\n\n\n<div class=\"wp-block-buttons is-content-justification-center is-layout-flex wp-container-core-buttons-is-layout-16018d1d wp-block-buttons-is-layout-flex\">\n<div class=\"wp-block-button has-custom-width wp-block-button__width-50 has-custom-font-size has-small-font-size\"><a class=\"wp-block-button__link has-white-color has-text-color has-background wp-element-button\" href=\"https:\/\/viaro.org\/vida-academica\/diploma-dual\/\" style=\"background-color:#b2153f\"><strong>Saber m\u00e9s<\/strong><\/a><\/div>\n<\/div>\n<\/div>\n<\/div>\n<\/div>\n<\/div>\n\n<div style=\"height:25px\" aria-hidden=\"true\" class=\"wp-block-spacer\"><\/div>\n\n<h3 class=\"wp-block-heading has-text-align-center\">Descobreix el projecte d&#8217;aprenentatge de l&#8217;angl\u00e8s a Viar\u00f3<\/h3>\n\n<div class=\"wp-block-columns is-layout-flex wp-container-core-columns-is-layout-9d6595d7 wp-block-columns-is-layout-flex\">\n<div class=\"wp-block-column is-layout-flow wp-block-column-is-layout-flow\">\n<hr class=\"wp-block-separator has-alpha-channel-opacity is-style-wide\"\/>\n\n\n\n<figure class=\"wp-block-image size-full\"><img decoding=\"async\" width=\"960\" height=\"580\" src=\"https:\/\/viaro.org\/wp-content\/uploads\/2023\/02\/ingles-en-viaro.jpg\" alt=\"Angl&#xE8;s a Viar&#xF3;\" class=\"wp-image-15860\" srcset=\"https:\/\/viaro.org\/wp-content\/uploads\/2023\/02\/ingles-en-viaro.jpg 960w, https:\/\/viaro.org\/wp-content\/uploads\/2023\/02\/ingles-en-viaro-300x181.jpg 300w, https:\/\/viaro.org\/wp-content\/uploads\/2023\/02\/ingles-en-viaro-768x464.jpg 768w\" sizes=\"(max-width: 960px) 100vw, 960px\" \/><\/figure>\n\n\n\n<h4 class=\"wp-block-heading\">Angl\u00e8s a Viar\u00f3<\/h4>\n\n\n\n<p><div class=\"traductor-textarea form-group\">&#13;\n<div class=\"textarea-desti col-xs-12 col-sm-6\">&#13;\n<div class=\"form-control second-textarea\">L&#8217;angl\u00e8s i les altres lleng\u00fces estrangeres, com el franc\u00e8s i l&#8217;alemany, s\u00f3n <em><strong>un pilar important del nostre Projecte educatiu<\/strong><\/em>. El nostre repte \u00e9s continuar impulsant i consolidant l&#8217;aprenentatge de l&#8217;angl\u00e8s a Viar\u00f3 com una llengua vehicular m\u00e9s i que els nostres alumnes acabin la seva escolaritzaci\u00f3 a Viar\u00f3 amb una molt bona compet\u00e8ncia comunicativa en catal\u00e0, castell\u00e0 i angl\u00e8s.<\/div>&#13;\n<\/div>&#13;\n<\/div>&#13;\n<div class=\"traductor-checkbox form-group\">&#13;\n<div class=\"row\">&#13;\n<div class=\"col-sm-offset-2 col-sm-5\"><\/div>&#13;\n<\/div>&#13;\n<\/div><\/p>\n\n\n\n<p><a href=\"https:\/\/viaro.org\/research\/el-aprendizaje-del-ingles-en-viaro\/\"><strong>Llegir m\u00e9s<\/strong><\/a><\/p>\n<\/div>\n\n\n\n<div class=\"wp-block-column is-layout-flow wp-block-column-is-layout-flow\" style=\"flex-basis:5%\"><\/div>\n\n\n\n<div class=\"wp-block-column is-layout-flow wp-block-column-is-layout-flow\">\n<hr class=\"wp-block-separator has-alpha-channel-opacity is-style-wide\"\/>\n\n\n\n<figure class=\"wp-block-image size-full\"><img decoding=\"async\" width=\"960\" height=\"580\" src=\"https:\/\/viaro.org\/wp-content\/uploads\/2023\/02\/ingles-en-viaro-infantil.jpeg\" alt=\"Angl&#xE9;s a Viar&#xF3; Infantil\" class=\"wp-image-15863\" srcset=\"https:\/\/viaro.org\/wp-content\/uploads\/2023\/02\/ingles-en-viaro-infantil.jpeg 960w, https:\/\/viaro.org\/wp-content\/uploads\/2023\/02\/ingles-en-viaro-infantil-300x181.jpeg 300w, https:\/\/viaro.org\/wp-content\/uploads\/2023\/02\/ingles-en-viaro-infantil-768x464.jpeg 768w\" sizes=\"(max-width: 960px) 100vw, 960px\" \/><\/figure>\n\n\n\n<h4 class=\"wp-block-heading\">Angl\u00e9s a Viar\u00f3 Infantil<\/h4>\n\n\n\n<p><div class=\"traductor-textarea form-group\">&#13;\n<div class=\"textarea-desti col-xs-12 col-sm-6\">&#13;\n<div class=\"form-control second-textarea\">El nostre projecte ling\u00fc\u00edstic s&#8217;inicia des de la base, en el moment que els nostres alumnes fan els seus primers passos al col\u00b7legi. Des dels primers anys d&#8217;Educaci\u00f3 Infantil estan en contacte amb la llengua anglesa amb la finalitat que acostumin l&#8217;o\u00efda i es familiaritzin amb aquest nou idioma.<\/div>&#13;\n<\/div>&#13;\n<\/div>&#13;\n<div class=\"traductor-checkbox form-group\">&#13;\n<div class=\"row\">&#13;\n<div class=\"col-sm-offset-2 col-sm-5\"><\/div>&#13;\n<\/div>&#13;\n<\/div><\/p>\n\n\n\n<p><strong><a href=\"https:\/\/viaro.org\/unafinestraoberta\/aprenentatge-angles-viaro-infantil\/\">Llegir m\u00e9s<\/a><\/strong><\/p>\n<\/div>\n<\/div>\n\n<p><div class=\"traductor-textarea form-group\">&#13;\n<div class=\"textarea-desti col-xs-12 col-sm-6\">&#13;\n<div class=\"form-control second-textarea\">A m\u00e9s de buscar la m\u00e0xima compet\u00e8ncia en llengua castellana, catalana i angl\u00e8s, el col\u00b7legi ofereix la possibilitat d&#8217;aprendre franc\u00e8s i alemany. El ventall idiom\u00e0tic dels alumnes es completa, segons el que s&#8217;estableix pel\u00a0Departament\u00a0d\u2019Ensenyament, amb l&#8217;aprenentatge de la cultura i llengua llatina, tant en 4t d&#8217;ESO com en <a href=\"\/?tag=bachillerato\">Batxillerat<\/a>.<\/div>&#13;\n<\/div>&#13;\n<\/div>&#13;\n<div class=\"traductor-checkbox form-group\">&#13;\n<div class=\"row\">&#13;\n<div class=\"col-sm-offset-2 col-sm-5\"><\/div>&#13;\n<\/div>&#13;\n<\/div><\/p>\n\n<p>Conscients de la import\u00e0ncia essencial de la comunicaci\u00f3 en el m\u00f3n d&#8217;avui, el nostre projecte ling\u00fc\u00edstic incideix en l&#8217;\u00fas de la llengua com un mitj\u00e0; no obstant aix\u00f2, tamb\u00e9 procura potenciar el seu valor est\u00e8tic, fomentant el seu vessant art\u00edstic i creatiu, a m\u00e9s de l&#8217;estudi dels autors m\u00e9s importants de la cultura universal.&#13;\n<\/p>\n","protected":false},"excerpt":{"rendered":"<p>Per a l&#8217;aprenentatge de l&#8217;angl\u00e8s a Viar\u00f3 i les altres lleng\u00fces estrangeres, comptem amb professors natius i especialistes. Conscients de la import\u00e0ncia que t\u00e9 l&#8217;angl\u00e8s en el m\u00f3n actual, altres assignatures del curr\u00edculum com les ci\u00e8ncies socials i naturals, l&#8217;educaci\u00f3 art\u00edstica i l&#8217;esport s&#8217;imparteixen tamb\u00e9 en aquesta llengua, depenent de l&#8217;etapa educativa.&#13; &#13; &#13; Amb [&hellip;]<\/p>\n","protected":false},"author":12,"featured_media":985,"parent":1344,"menu_order":0,"comment_status":"closed","ping_status":"closed","template":"template-blocks.php","meta":{"_uag_custom_page_level_css":"","_joinchat":[],"footnotes":""},"class_list":["post-15872","page","type-page","status-publish","has-post-thumbnail","hentry"],"uagb_featured_image_src":{"full":["https:\/\/viaro.org\/wp-content\/uploads\/2018\/11\/header-proyecto-linguistico.jpg",2880,752,false],"thumbnail":["https:\/\/viaro.org\/wp-content\/uploads\/2018\/11\/header-proyecto-linguistico-150x150.jpg",150,150,true],"medium":["https:\/\/viaro.org\/wp-content\/uploads\/2018\/11\/header-proyecto-linguistico-300x78.jpg",300,78,true],"medium_large":["https:\/\/viaro.org\/wp-content\/uploads\/2018\/11\/header-proyecto-linguistico-768x201.jpg",640,168,true],"large":["https:\/\/viaro.org\/wp-content\/uploads\/2018\/11\/header-proyecto-linguistico-1024x267.jpg",640,167,true],"1536x1536":["https:\/\/viaro.org\/wp-content\/uploads\/2018\/11\/header-proyecto-linguistico.jpg",1536,401,false],"2048x2048":["https:\/\/viaro.org\/wp-content\/uploads\/2018\/11\/header-proyecto-linguistico.jpg",2048,535,false],"related-content":["https:\/\/viaro.org\/wp-content\/uploads\/2018\/11\/header-proyecto-linguistico-297x167.jpg",297,167,true]},"uagb_author_info":{"display_name":"Ignacio Malmierca","author_link":"https:\/\/viaro.org\/ca\/author\/imalmierca\/"},"uagb_comment_info":0,"uagb_excerpt":"Per a l&#8217;aprenentatge de l&#8217;angl\u00e8s a Viar\u00f3 i les altres lleng\u00fces estrangeres, comptem amb professors natius i especialistes. Conscients de la import\u00e0ncia que t\u00e9 l&#8217;angl\u00e8s en el m\u00f3n actual, altres assignatures del curr\u00edculum com les ci\u00e8ncies socials i naturals, l&#8217;educaci\u00f3 art\u00edstica i l&#8217;esport s&#8217;imparteixen tamb\u00e9 en aquesta llengua, depenent de l&#8217;etapa educativa.&#13; &#13; &#13; Amb&hellip;","_links":{"self":[{"href":"https:\/\/viaro.org\/ca\/wp-json\/wp\/v2\/pages\/15872","targetHints":{"allow":["GET"]}}],"collection":[{"href":"https:\/\/viaro.org\/ca\/wp-json\/wp\/v2\/pages"}],"about":[{"href":"https:\/\/viaro.org\/ca\/wp-json\/wp\/v2\/types\/page"}],"author":[{"embeddable":true,"href":"https:\/\/viaro.org\/ca\/wp-json\/wp\/v2\/users\/12"}],"replies":[{"embeddable":true,"href":"https:\/\/viaro.org\/ca\/wp-json\/wp\/v2\/comments?post=15872"}],"version-history":[{"count":6,"href":"https:\/\/viaro.org\/ca\/wp-json\/wp\/v2\/pages\/15872\/revisions"}],"predecessor-version":[{"id":19710,"href":"https:\/\/viaro.org\/ca\/wp-json\/wp\/v2\/pages\/15872\/revisions\/19710"}],"up":[{"embeddable":true,"href":"https:\/\/viaro.org\/ca\/wp-json\/wp\/v2\/pages\/1344"}],"wp:featuredmedia":[{"embeddable":true,"href":"https:\/\/viaro.org\/ca\/wp-json\/wp\/v2\/media\/985"}],"wp:attachment":[{"href":"https:\/\/viaro.org\/ca\/wp-json\/wp\/v2\/media?parent=15872"}],"curies":[{"name":"wp","href":"https:\/\/api.w.org\/{rel}","templated":true}]}}