{"id":15881,"date":"2022-06-10T18:48:17","date_gmt":"2022-06-10T18:48:17","guid":{"rendered":"https:\/\/viaro.org\/diploma-dual\/"},"modified":"2023-09-06T08:51:55","modified_gmt":"2023-09-06T08:51:55","slug":"diploma-dual","status":"publish","type":"page","link":"https:\/\/viaro.org\/ca\/vida-academica\/diploma-dual\/","title":{"rendered":"Diploma Dual\u00ae"},"content":{"rendered":"\n<div class=\"wp-block-columns is-layout-flex wp-container-core-columns-is-layout-9d6595d7 wp-block-columns-is-layout-flex\">\n<div class=\"wp-block-column is-layout-flow wp-block-column-is-layout-flow\" style=\"flex-basis:50%\">\n<figure class=\"wp-block-embed is-type-video is-provider-youtube wp-block-embed-youtube wp-embed-aspect-16-9 wp-has-aspect-ratio\">\r\n<div class=\"wp-block-embed__wrapper\">https:\/\/youtu.be\/WaHfn4OT4sM<\/div><\/figure>\n<\/div>\n\n\n\n<div class=\"wp-block-column is-vertically-aligned-bottom is-layout-flow wp-block-column-is-layout-flow\" style=\"flex-basis:50%\">\n<h3 class=\"has-text-color wp-block-heading\" style=\"color:#1f5046\">\u00bfQu\u00e8 \u00e9s el Diploma Dual\u00ae?<\/h3>\n\n\n\n<p><div class=\"traductor-textarea form-group\">&#13;\n<div class=\"textarea-desti col-xs-12 col-sm-6\">&#13;\n<div class=\"form-control second-textarea\">A trav\u00e9s del programa Diploma Dual\u00ae creat i desenvolupat per Academica Corporation, estudiant a Viar\u00f3 pots obtenir conjuntament el T\u00edtol de Batxillerat i l&#8217;American Hihgh School Diploma, el mateix t\u00edtol que obtenen els alumnes dels Estats Units en acabar els seus estudis.<\/div>&#13;\n<\/div>&#13;\n<\/div>&#13;\n<div class=\"traductor-checkbox form-group\">&#13;\n<div class=\"row\">&#13;\n<div class=\"col-sm-offset-2 col-sm-5\"><\/div>&#13;\n<\/div>&#13;\n<\/div><\/p>\n<\/div>\n<\/div>\n\n<div style=\"height:20px\" aria-hidden=\"true\" class=\"wp-block-spacer\"><\/div>\n\n<h2 class=\"has-text-color wp-block-heading\" style=\"color:#1f5046\">Objectius<\/h2>\n\n<div class=\"wp-block-columns has-white-color has-text-color has-background is-layout-flex wp-container-core-columns-is-layout-9d6595d7 wp-block-columns-is-layout-flex\" style=\"background-color:#1f5046\">\n<div class=\"wp-block-column is-layout-flow wp-block-column-is-layout-flow\">\n<h4 class=\"has-white-color has-text-color wp-block-heading\"><strong>Immersi\u00f3 Ling\u00fc\u00edstica<\/strong><\/h4>\n\n\n\n<p>Totes les assignatures i les relacions amb els professors s&#8217;estableixen en angl\u00e8s des del primer moment, la qual cosa permet l&#8217;adquisici\u00f3 d&#8217;un nivell biling\u00fce avan\u00e7at.&#13;\n<\/p>\n<\/div>\n\n\n\n<div class=\"wp-block-column is-layout-flow wp-block-column-is-layout-flow\">\n<h4 class=\"has-white-color has-text-color wp-block-heading\"><strong>Immersi\u00f3 Tecnol\u00f2gica<\/strong><\/h4>\n\n\n\n<p>El sistema d&#8217;estudi en l\u00ednia fomenta el domini de les tecnologies m\u00e9s avan\u00e7ades d&#8217;aprenentatge digital.&#13;\n<\/p>\n<\/div>\n\n\n\n<div class=\"wp-block-column is-layout-flow wp-block-column-is-layout-flow\">\n<h4 class=\"has-white-color has-text-color wp-block-heading\"><strong>Immersi\u00f3 Personal<\/strong><\/h4>\n\n\n\n<p>Aquest programa \u00e9s una oportunitat perqu\u00e8 els alumnes adquireixin responsabilitat i maduresa en el treball, amb un alt nivell d&#8217;autonomia.&#13;\n<\/p>\n<\/div>\n<\/div>\n\n<div style=\"height:20px\" aria-hidden=\"true\" class=\"wp-block-spacer\"><\/div>\n\n<h2 class=\"has-text-color wp-block-heading\" style=\"color:#1f5046\">Pla d&#8217;estudis<\/h2>\n\n<div class=\"wp-block-columns are-vertically-aligned-center is-layout-flex wp-container-core-columns-is-layout-9d6595d7 wp-block-columns-is-layout-flex\">\n<div class=\"wp-block-column is-vertically-aligned-center is-layout-flow wp-block-column-is-layout-flow\" style=\"flex-basis:15%\">\n<figure class=\"wp-block-image size-full\"><img decoding=\"async\" width=\"254\" height=\"286\" src=\"https:\/\/viaro.org\/wp-content\/uploads\/2022\/06\/ico-programa.png\" alt=\"DIPLOMA DUAL\" class=\"wp-image-12496\"\/><\/figure><\/div>\n\n\n\n<div class=\"wp-block-column is-vertically-aligned-center is-layout-flow wp-block-column-is-layout-flow\" style=\"flex-basis:85%\">\n<p><div class=\"traductor-textarea form-group\">&#13;\n<div class=\"textarea-desti col-xs-12 col-sm-6\">&#13;\n<div class=\"form-control second-textarea\">L&#8217;American High School diploma es compon de 24 cr\u00e8dits. Gr\u00e0cies al programa Diploma Dual\u00ae es pot convalidar el 75% dels cr\u00e8dits amb les assignatures de batxillerat, de tal manera que no \u00e9s necessari que un alumne estudi\u00ef la mateixa assignatura en dos idiomes diferents.<\/div>&#13;\n<\/div>&#13;\n<\/div>&#13;\n<div class=\"traductor-checkbox form-group\">&#13;\n<div class=\"row\">&#13;\n<div class=\"col-sm-offset-2 col-sm-5\"><\/div>&#13;\n<\/div>&#13;\n<\/div><\/p>\n\n\n\n<p>Els 6 cr\u00e8dits restants es distribueixen entre mat\u00e8ries obligat\u00f2ries i opcionals exclusives del sistema educatiu americ\u00e0, de la seg\u00fcent manera:&#13;\n<\/p>\n<\/div>\n<\/div>\n\n<div class=\"wp-block-columns is-layout-flex wp-container-core-columns-is-layout-9d6595d7 wp-block-columns-is-layout-flex\">\n<div class=\"wp-block-column is-layout-flow wp-block-column-is-layout-flow\">\n<p class=\"has-white-color has-text-color has-background\" style=\"background-color:#1f5046\"><strong>Assignatures obligat\u00f2ries<\/strong><\/p>\n\n\n\n<div class=\"wp-block-columns is-layout-flex wp-container-core-columns-is-layout-9d6595d7 wp-block-columns-is-layout-flex\">\n<div class=\"wp-block-column is-layout-flow wp-block-column-is-layout-flow\" style=\"flex-basis:5%\"><\/div>\n\n\n\n<div class=\"wp-block-column is-layout-flow wp-block-column-is-layout-flow\" style=\"flex-basis:95%\">\n<p><strong>English: <\/strong>2 cr\u00e8dits<\/p>\n\n\n\n<p><strong>U.S History: <\/strong>1 cr\u00e8dit<\/p>\n\n\n\n<p><strong>U.S Government &amp; Economics:<\/strong> 1 cr\u00e8dit<\/p>\n<\/div>\n<\/div>\n<\/div>\n\n\n\n<div class=\"wp-block-column is-layout-flow wp-block-column-is-layout-flow\">\n<p class=\"has-white-color has-text-color has-background\" style=\"background-color:#1f5046\"><strong>Assignatures opcionals<\/strong><\/p>\n\n\n\n<div class=\"wp-block-columns is-layout-flex wp-container-core-columns-is-layout-9d6595d7 wp-block-columns-is-layout-flex\">\n<div class=\"wp-block-column is-layout-flow wp-block-column-is-layout-flow\" style=\"flex-basis:5%\"><\/div>\n\n\n\n<div class=\"wp-block-column is-layout-flow wp-block-column-is-layout-flow\" style=\"flex-basis:95%\">\n<p><strong>Life Management Skills: <\/strong>1 cr\u00e8dit<\/p>\n\n\n\n<p><strong>College Preparation (SAT-ACT): <\/strong>1 cr\u00e8dit<\/p>\n\n\n\n<p><strong>Criminology:<\/strong> 1 cr\u00e8dit<\/p>\n\n\n\n<p><strong>Psychology: <\/strong>1 cr\u00e8dit<\/p>\n\n\n\n<p><strong>Digital Photography:<\/strong> 1 cr\u00e8dit<\/p>\n\n\n\n<p><strong>Engineering &amp; Technology:<\/strong> 1 cr\u00e8dit<\/p>\n\n\n\n<p><strong>English: <\/strong>1 cr\u00e8dit<\/p>\n<\/div>\n<\/div>\n<\/div>\n<\/div>\n\n<p><div class=\"traductor-textarea form-group\">&#13;\n<div class=\"textarea-desti col-xs-12 col-sm-6\">&#13;\n<div class=\"form-control second-textarea\">Aquestes assignatures <strong>es poden comen\u00e7ar a cursar des de 2n Secund\u00e0ria,<\/strong> reduint d&#8217;aquesta manera la c\u00e0rrega lectiva de Batxillerat i ampliant els anys d&#8217;immersi\u00f3 i participaci\u00f3 en el programa.<\/div>&#13;\n<\/div>&#13;\n<\/div>&#13;\n<div class=\"traductor-checkbox form-group\">&#13;\n<div class=\"row\">&#13;\n<div class=\"col-sm-offset-2 col-sm-5\"><\/div>&#13;\n<\/div>&#13;\n<\/div><\/p>\n\n<div class=\"wp-block-columns is-layout-flex wp-container-core-columns-is-layout-9d6595d7 wp-block-columns-is-layout-flex\">\n<div class=\"wp-block-column is-layout-flow wp-block-column-is-layout-flow\">\n<h4 class=\"has-text-color wp-block-heading\" style=\"color:#1f5046\">Com treballa l&#8217;alumne?<\/h4>\n\n\n\n<p>L&#8217;alumne treballa des de casa. Academica Corporation posa a la seva disposici\u00f3 tots els instruments necessaris mitjan\u00e7ant una plataforma en l\u00ednia on pot consultar i fer les seves tasques i comunicar-se amb el seu professor americ\u00e0. La fam\u00edlia i el coordinador del programa tamb\u00e9 tenen acc\u00e9s a la plataforma i poden seguir el seu progr\u00e9s acad\u00e8mic.&#13;\n<\/p>\n\n\n\n<p><div class=\"traductor-textarea form-group\">&#13;\n<div class=\"textarea-desti col-xs-12 col-sm-6\">&#13;\n<div class=\"form-control second-textarea\">El Diploma Dual\u00ae exigeix un nivell mitj\u00e0 d&#8217;esfor\u00e7 similar a una activitat extraescolar: <strong>de 3 a 5 hores setmanals<\/strong>, depenent de les capacitats de l&#8217;alumne i del nombre d&#8217;assignatures que cursa.<\/div>&#13;\n<\/div>&#13;\n<\/div>&#13;\n<div class=\"traductor-checkbox form-group\">&#13;\n<div class=\"row\">&#13;\n<div class=\"col-sm-offset-2 col-sm-5\"><\/div>&#13;\n<\/div>&#13;\n<\/div><\/p>\n<\/div>\n\n\n\n<div class=\"wp-block-column is-vertically-aligned-bottom is-layout-flow wp-block-column-is-layout-flow\">\n<figure class=\"wp-block-image size-large\"><img decoding=\"async\" width=\"1024\" height=\"526\" src=\"https:\/\/viaro.org\/wp-content\/uploads\/2022\/06\/Trabajo-online-Diploma-Dual-1024x526.png\" alt=\"DIPLOMA DUAL\" class=\"wp-image-12485\" srcset=\"https:\/\/viaro.org\/wp-content\/uploads\/2022\/06\/Trabajo-online-Diploma-Dual-1024x526.png 1024w, https:\/\/viaro.org\/wp-content\/uploads\/2022\/06\/Trabajo-online-Diploma-Dual-300x154.png 300w, https:\/\/viaro.org\/wp-content\/uploads\/2022\/06\/Trabajo-online-Diploma-Dual-768x395.png 768w, https:\/\/viaro.org\/wp-content\/uploads\/2022\/06\/Trabajo-online-Diploma-Dual.png 1458w\" sizes=\"(max-width: 1024px) 100vw, 1024px\" \/><\/figure><\/div>\n<\/div>\n\n<h4 class=\"has-text-color wp-block-heading\" style=\"color:#1f5046\">Com es comuniquen alumne i professor<\/h4>\n\n<p>Els professors estan disponibles per mantenir videoconfer\u00e8ncies en uns horaris establerts. Aquestes trobades virtuals poden ser individuals o en grups de treball (live sessions). Alguns seran de car\u00e0cter obligatori i altres opcionals.&#13;\n<\/p>\n\n<p>Els alumnes i les fam\u00edlies poden sol\u00b7licitar tamb\u00e9 confer\u00e8ncies amb el professor en els horaris establerts amb la finalitat de resoldre dubtes, refor\u00e7ar coneixements, o comentar l&#8217;evoluci\u00f3 acad\u00e8mica.&#13;\n<\/p>\n\n<p><strong>Coordinador del projecte:<\/strong> Sr. Nicolas Stevenoot. Podeu contactar a trav\u00e9s del correu electr\u00f2nic <strong><a href=\"mailto:nstevenoot@viaro.org\">nstevenoot@viaro.org<\/a><\/strong><\/p>\n\n<div style=\"height:15px\" aria-hidden=\"true\" class=\"wp-block-spacer\"><\/div>\n\n<h2 class=\"has-text-color wp-block-heading\" style=\"color:#1f5046\">Avaluaci\u00f3 i qualificacions<\/h2>\n\n<p>S&#8217;avalua a l&#8217;alumne de manera cont\u00ednua a trav\u00e9s de les tasques proposades en cada m\u00f2dul i de la seva participaci\u00f3 en les videoconfer\u00e8ncies individuals i live sessions.&#13;\n<\/p>\n\n<div class=\"wp-block-columns are-vertically-aligned-center is-layout-flex wp-container-core-columns-is-layout-9d6595d7 wp-block-columns-is-layout-flex\">\n<div class=\"wp-block-column is-vertically-aligned-center is-layout-flow wp-block-column-is-layout-flow\" style=\"flex-basis:15%\">\n<figure class=\"wp-block-image size-full\"><img decoding=\"async\" width=\"242\" height=\"271\" src=\"https:\/\/viaro.org\/wp-content\/uploads\/2022\/06\/ico-garantia.png\" alt=\"DIPLOMA DUAL\" class=\"wp-image-12510\"\/><\/figure><\/div>\n\n\n\n<div class=\"wp-block-column is-vertically-aligned-center is-layout-flow wp-block-column-is-layout-flow\" style=\"flex-basis:85%\">\n<p>A meitat de cada semestre rebran un informe de progr\u00e9s i les recomanacions de millora en cas que aquest no fos satisfactori. Al final de cada trimestre es lliurar\u00e0 un informe amb les qualificacions.&#13;\n<\/p>\n\n\n\n<p>Per a l&#8217;obtenci\u00f3 del t\u00edtol de High School americ\u00e0, l&#8217;alumne haur\u00e0 de superar totes les assignatures de Batxillerat i els 6 cr\u00e8dits espec\u00edfics del curr\u00edculum americ\u00e0 amb un Grade Point Average m\u00ednim de 2.0, equivalent a una mitjana de 7.0 en el nostre sistema educatiu.&#13;\n<\/p>\n<\/div>\n<\/div>\n\n<h3 class=\"has-text-align-center has-text-color wp-block-heading\" style=\"color:#1f5046\">M\u00e9s informaci\u00f3<\/h3>\n\n<div style=\"height:20px\" aria-hidden=\"true\" class=\"wp-block-spacer\"><\/div>\n\n<div class=\"wp-block-columns is-layout-flex wp-container-core-columns-is-layout-9d6595d7 wp-block-columns-is-layout-flex\">\n<div class=\"wp-block-column is-layout-flow wp-block-column-is-layout-flow\">\n<div class=\"wp-block-buttons is-horizontal is-content-justification-center is-layout-flex wp-container-core-buttons-is-layout-499968f5 wp-block-buttons-is-layout-flex\">\n<div class=\"wp-block-button has-custom-width wp-block-button__width-100 has-custom-font-size has-small-font-size\"><a class=\"wp-block-button__link has-white-color has-text-color has-background wp-element-button\" href=\"https:\/\/viaro.org\/wp-content\/uploads\/2022\/06\/presentacion-Academica_cast.pdf\" style=\"background-color:#1f5046\" target=\"_blank\" rel=\"noindex nofollow noopener\"><strong>PRESENTACI\u00d3<\/strong><\/a><\/div>\n<\/div>\n<\/div>\n\n\n\n<div class=\"wp-block-column is-layout-flow wp-block-column-is-layout-flow\">\n<div class=\"wp-block-buttons is-horizontal is-content-justification-center is-layout-flex wp-container-core-buttons-is-layout-499968f5 wp-block-buttons-is-layout-flex\">\n<div class=\"wp-block-button has-custom-width wp-block-button__width-100 has-custom-font-size has-small-font-size\"><a class=\"wp-block-button__link has-white-color has-text-color has-background wp-element-button\" href=\"https:\/\/viaro.org\/wp-content\/uploads\/2022\/06\/Guia-Rapida-ACADEMICA_CAST.pdf\" style=\"background-color:#1f5046\" target=\"_blank\" rel=\"noindex nofollow noopener\"><strong>GUIA R\u00c0PIDA<\/strong><\/a><\/div>\n<\/div>\n<\/div>\n\n\n\n<div class=\"wp-block-column is-layout-flow wp-block-column-is-layout-flow\">\n<div class=\"wp-block-buttons is-horizontal is-content-justification-center is-layout-flex wp-container-core-buttons-is-layout-499968f5 wp-block-buttons-is-layout-flex\">\n<div class=\"wp-block-button has-custom-width wp-block-button__width-100 has-custom-font-size has-small-font-size\"><a class=\"wp-block-button__link has-white-color has-text-color has-background wp-element-button\" href=\"https:\/\/www.academica.school\/\" style=\"background-color:#1f5046\" target=\"_blank\" rel=\"noopener\"><strong>ACADEMICA<\/strong><\/a><\/div>\n<\/div>\n<\/div>\n\n\n\n<div class=\"wp-block-column is-layout-flow wp-block-column-is-layout-flow\">\n<div class=\"wp-block-buttons is-horizontal is-content-justification-center is-layout-flex wp-container-core-buttons-is-layout-499968f5 wp-block-buttons-is-layout-flex\">\n<div class=\"wp-block-button has-custom-width wp-block-button__width-100 has-custom-font-size has-small-font-size\"><a class=\"wp-block-button__link has-white-color has-text-color has-background wp-element-button\" href=\"https:\/\/www.academicaschools.es\/inscripcion\/\" style=\"background-color:#1f5046\" target=\"_blank\" rel=\"noopener\"><strong>INSCRIPCI\u00d3<\/strong><\/a><\/div>\n<\/div>\n<\/div>\n<\/div>\n\n<p> <\/p>\n\n<p><\/p>\n","protected":false},"excerpt":{"rendered":"<p>\u00bfQu\u00e8 \u00e9s el Diploma Dual\u00ae? &#13; &#13; A trav\u00e9s del programa Diploma Dual\u00ae creat i desenvolupat per Academica Corporation, estudiant a Viar\u00f3 pots obtenir conjuntament el T\u00edtol de Batxillerat i l&#8217;American Hihgh School Diploma, el mateix t\u00edtol que obtenen els alumnes dels Estats Units en acabar els seus estudis. &#13; &#13; &#13; &#13; &#13; &#13; [&hellip;]<\/p>\n","protected":false},"author":12,"featured_media":12533,"parent":1344,"menu_order":0,"comment_status":"closed","ping_status":"closed","template":"template-blocks.php","meta":{"_uag_custom_page_level_css":"","_joinchat":[],"footnotes":""},"class_list":["post-15881","page","type-page","status-publish","has-post-thumbnail","hentry"],"uagb_featured_image_src":{"full":["https:\/\/viaro.org\/wp-content\/uploads\/2022\/06\/CABECERA-DUAL.001.png",2560,799,false],"thumbnail":["https:\/\/viaro.org\/wp-content\/uploads\/2022\/06\/CABECERA-DUAL.001-150x150.png",150,150,true],"medium":["https:\/\/viaro.org\/wp-content\/uploads\/2022\/06\/CABECERA-DUAL.001-300x94.png",300,94,true],"medium_large":["https:\/\/viaro.org\/wp-content\/uploads\/2022\/06\/CABECERA-DUAL.001-768x240.png",640,200,true],"large":["https:\/\/viaro.org\/wp-content\/uploads\/2022\/06\/CABECERA-DUAL.001-1024x320.png",640,200,true],"1536x1536":["https:\/\/viaro.org\/wp-content\/uploads\/2022\/06\/CABECERA-DUAL.001-1536x479.png",1536,479,true],"2048x2048":["https:\/\/viaro.org\/wp-content\/uploads\/2022\/06\/CABECERA-DUAL.001-2048x639.png",2048,639,true],"related-content":["https:\/\/viaro.org\/wp-content\/uploads\/2022\/06\/CABECERA-DUAL.001-297x167.png",297,167,true]},"uagb_author_info":{"display_name":"Ignacio Malmierca","author_link":"https:\/\/viaro.org\/ca\/author\/imalmierca\/"},"uagb_comment_info":0,"uagb_excerpt":"\u00bfQu\u00e8 \u00e9s el Diploma Dual\u00ae? &#13; &#13; A trav\u00e9s del programa Diploma Dual\u00ae creat i desenvolupat per Academica Corporation, estudiant a Viar\u00f3 pots obtenir conjuntament el T\u00edtol de Batxillerat i l&#8217;American Hihgh School Diploma, el mateix t\u00edtol que obtenen els alumnes dels Estats Units en acabar els seus estudis. &#13; &#13; &#13; &#13; &#13; &#13;&hellip;","_links":{"self":[{"href":"https:\/\/viaro.org\/ca\/wp-json\/wp\/v2\/pages\/15881","targetHints":{"allow":["GET"]}}],"collection":[{"href":"https:\/\/viaro.org\/ca\/wp-json\/wp\/v2\/pages"}],"about":[{"href":"https:\/\/viaro.org\/ca\/wp-json\/wp\/v2\/types\/page"}],"author":[{"embeddable":true,"href":"https:\/\/viaro.org\/ca\/wp-json\/wp\/v2\/users\/12"}],"replies":[{"embeddable":true,"href":"https:\/\/viaro.org\/ca\/wp-json\/wp\/v2\/comments?post=15881"}],"version-history":[{"count":3,"href":"https:\/\/viaro.org\/ca\/wp-json\/wp\/v2\/pages\/15881\/revisions"}],"predecessor-version":[{"id":19330,"href":"https:\/\/viaro.org\/ca\/wp-json\/wp\/v2\/pages\/15881\/revisions\/19330"}],"up":[{"embeddable":true,"href":"https:\/\/viaro.org\/ca\/wp-json\/wp\/v2\/pages\/1344"}],"wp:featuredmedia":[{"embeddable":true,"href":"https:\/\/viaro.org\/ca\/wp-json\/wp\/v2\/media\/12533"}],"wp:attachment":[{"href":"https:\/\/viaro.org\/ca\/wp-json\/wp\/v2\/media?parent=15881"}],"curies":[{"name":"wp","href":"https:\/\/api.w.org\/{rel}","templated":true}]}}