{"id":16048,"date":"2023-02-27T08:54:32","date_gmt":"2023-02-27T08:54:32","guid":{"rendered":"https:\/\/viaro.org\/reserva-dinstallacions\/"},"modified":"2026-03-18T15:10:50","modified_gmt":"2026-03-18T15:10:50","slug":"reserva-dinstallacions","status":"publish","type":"page","link":"https:\/\/viaro.org\/ca\/reserva-dinstallacions\/","title":{"rendered":"Reserva d&#8217;instal\u00b7lacions"},"content":{"rendered":"\n<p class=\"has-text-align-left has-medium-font-size\">Benvingut al sistema <em>online<\/em> de reserva d&#8217;instal\u00b7lacions<\/p>\n\n<div style=\"height:20px\" aria-hidden=\"true\" class=\"wp-block-spacer\"><\/div>\n\n<h3 class=\"wp-block-heading has-text-align-center\"><strong>Obert a fam\u00edlies, alumni i personal de Viar\u00f3<\/strong><\/h3>\n\n<div style=\"height:20px\" aria-hidden=\"true\" class=\"wp-block-spacer\"><\/div>\n\n<div class=\"wp-block-columns has-background is-layout-flex wp-container-core-columns-is-layout-9d6595d7 wp-block-columns-is-layout-flex\" style=\"background-color:#f0f0f0\">\n<div class=\"wp-block-column is-layout-flow wp-block-column-is-layout-flow\">\n<p class=\"has-text-align-left\">Per altres tipus de reserva d&#8217;instal\u00b7lacions (lloguers puntuals, campionats, reserves de temporada, etc.) podeu enviar la sol\u00b7licitud per correu electr\u00f2nic a:<strong><a href=\"mailto:reservas@viaro.org\"> padel@viaro.org<\/a><\/strong><\/p>\n\n\n\n<p>Per a solucionar qualsevol <strong>incid\u00e8ncia durant l&#8217;\u00fas de les instal\u00b7lacions<\/strong> podeu adre\u00e7ar-vos a la persona responsable de l&#8217;entrada trucant al n\u00famero de tel\u00e8fon:<strong><a href=\"http:\/\/wa.link\/lrxnw3\" target=\"_blank\" rel=\"noreferrer noopener\"> +34 690 01 01 27<\/a><\/strong><\/p>\n<\/div>\n<\/div>\n\n<div style=\"height:45px\" aria-hidden=\"true\" class=\"wp-block-spacer\"><\/div>\n\n<h3 class=\"wp-block-heading\">Com funciona la reserva d&#8217;instal\u00b7lacions <em>online<\/em>?<\/h3>\n\n<p class=\"has-medium-font-size\">Les reserves es realitzen a trav\u00e9s de la p\u00e0gina web o l&#8217;aplicaci\u00f3 m\u00f2bil de <strong>Playtomic<\/strong><\/p>\n\n<div class=\"wp-block-columns is-layout-flex wp-container-core-columns-is-layout-9d6595d7 wp-block-columns-is-layout-flex\">\n<div class=\"wp-block-column is-layout-flow wp-block-column-is-layout-flow\">\n<div class=\"wp-block-buttons is-layout-flex wp-block-buttons-is-layout-flex\">\n<div class=\"wp-block-button has-custom-width wp-block-button__width-100\"><a class=\"wp-block-button__link has-white-color has-text-color has-background has-custom-font-size wp-element-button\" href=\"https:\/\/playtomic.com\/clubs\/padel-viaro?sport=PADEL\" style=\"border-radius:77px;background-color:#b2153f;font-size:15px\" target=\"_blank\" rel=\"noreferrer noopener\"><strong>P\u00e0gina web<\/strong><\/a><\/div>\n<\/div>\n<\/div>\n\n\n\n<div class=\"wp-block-column is-layout-flow wp-block-column-is-layout-flow\" style=\"flex-basis:5%\"><\/div>\n\n\n\n<div class=\"wp-block-column is-layout-flow wp-block-column-is-layout-flow\">\n<div class=\"wp-block-buttons is-layout-flex wp-block-buttons-is-layout-flex\">\n<div class=\"wp-block-button has-custom-width wp-block-button__width-100\"><a class=\"wp-block-button__link has-white-color has-text-color has-background has-custom-font-size wp-element-button\" href=\"https:\/\/play.google.com\/store\/search?q=playtomic&amp;c=apps\" style=\"border-radius:100px;background-color:#b2153f;font-size:15px\" target=\"_blank\" rel=\"noreferrer noopener\"><strong>Google Play<\/strong><\/a><\/div>\n<\/div>\n<\/div>\n\n\n\n<div class=\"wp-block-column is-layout-flow wp-block-column-is-layout-flow\" style=\"flex-basis:5%\"><\/div>\n\n\n\n<div class=\"wp-block-column is-layout-flow wp-block-column-is-layout-flow\">\n<div class=\"wp-block-buttons is-layout-flex wp-block-buttons-is-layout-flex\">\n<div class=\"wp-block-button has-custom-width wp-block-button__width-100\"><a class=\"wp-block-button__link has-white-color has-text-color has-background has-custom-font-size wp-element-button\" href=\"https:\/\/apps.apple.com\/es\/app\/playtomic-jugar-a-padel\/id1242321076\" style=\"border-radius:100px;background-color:#b2153f;font-size:15px\" target=\"_blank\" rel=\"noreferrer noopener\"><strong>Apple Store<\/strong><\/a><\/div>\n<\/div>\n<\/div>\n<\/div>\n\n<div style=\"height:45px\" aria-hidden=\"true\" class=\"wp-block-spacer\"><\/div>\n\n<h3 class=\"wp-block-heading\">Registre a la plataforma<\/h3>\n\n<hr class=\"wp-block-separator has-text-color has-alpha-channel-opacity has-background is-style-wide\" style=\"background-color:#b2153f;color:#b2153f\"\/>\n\n<div class=\"wp-block-columns is-layout-flex wp-container-core-columns-is-layout-9d6595d7 wp-block-columns-is-layout-flex\">\n<div class=\"wp-block-column is-layout-flow wp-block-column-is-layout-flow\" style=\"flex-basis:25%\">\n<figure class=\"wp-block-image size-full\"><img decoding=\"async\" width=\"1500\" height=\"2000\" src=\"https:\/\/viaro.org\/wp-content\/uploads\/2026\/03\/mockupppv3.png\" alt=\"\" class=\"wp-image-26172\" srcset=\"https:\/\/viaro.org\/wp-content\/uploads\/2026\/03\/mockupppv3.png 1500w, https:\/\/viaro.org\/wp-content\/uploads\/2026\/03\/mockupppv3-225x300.png 225w, https:\/\/viaro.org\/wp-content\/uploads\/2026\/03\/mockupppv3-768x1024.png 768w, https:\/\/viaro.org\/wp-content\/uploads\/2026\/03\/mockupppv3-1152x1536.png 1152w\" sizes=\"(max-width: 1500px) 100vw, 1500px\" \/><\/figure>\n<\/div>\n\n\n\n<div class=\"wp-block-column is-vertically-aligned-center is-layout-flow wp-block-column-is-layout-flow\" style=\"flex-basis:50%\">\n<p><strong>Quan accedeixis per primera vegada a trav\u00e9s de la web o de l&#8217;aplicaci\u00f3 m\u00f2bil haur\u00e0s de crear-te un compte d&#8217;usuari.<\/strong><\/p>\n\n\n\n<p>Selecciona correctament la categoria per poder accedir a les funcions necess\u00e0ries.&#13;\n<\/p>\n\n\n\n<p>*Despr\u00e9s del proc\u00e9s de revisi\u00f3, un compte incomplet o amb informaci\u00f3 err\u00f2nia podr\u00e0 ser desactivat.<\/p>\n<\/div>\n<\/div>\n\n<div style=\"height:45px\" aria-hidden=\"true\" class=\"wp-block-spacer\"><\/div>\n\n<h3 class=\"wp-block-heading\">Reserva d&#8217;instal\u00b7lacions<\/h3>\n\n<hr class=\"wp-block-separator has-text-color has-alpha-channel-opacity has-background is-style-wide\" style=\"background-color:#b2153f;color:#b2153f\"\/>\n\n<div class=\"wp-block-columns is-layout-flex wp-container-core-columns-is-layout-9d6595d7 wp-block-columns-is-layout-flex\">\n<div class=\"wp-block-column has-background is-layout-flow wp-block-column-is-layout-flow\" style=\"background-color:#f0f0f0\">\n<h2 class=\"wp-block-heading has-text-align-center has-text-color has-x-large-font-size\" style=\"color:#b2153f\">1<\/h2>\n\n\n\n<p class=\"has-text-align-center has-background has-medium-font-size\" style=\"background-color:#f0f0f0\"><strong>Accedeix amb el teu usuari i contrasenya<\/strong><\/p>\n\n\n\n<p class=\"has-text-align-center has-background\" style=\"background-color:#f0f0f0\">A la App, has de seleccionar primer Viar\u00f3 al llistat de clubs<\/p>\n<\/div>\n\n\n\n<div class=\"wp-block-column has-background is-layout-flow wp-block-column-is-layout-flow\" style=\"background-color:#f0f0f0\">\n<h2 class=\"wp-block-heading has-text-align-center has-text-color has-x-large-font-size\" style=\"color:#b2153f\">2<\/h2>\n\n\n\n<p class=\"has-text-align-center has-background has-medium-font-size\" style=\"background-color:#f0f0f0\"><strong>Selecciona la instal\u00b7laci\u00f3 que vols reservar<\/strong><\/p>\n\n\n\n<p class=\"has-text-align-center has-background\" style=\"background-color:#f0f0f0\">Despr\u00e9s, marca una pista disponible i l&#8217;hora de joc desitjada<\/p>\n<\/div>\n\n\n\n<div class=\"wp-block-column has-background is-layout-flow wp-block-column-is-layout-flow\" style=\"background-color:#f0f0f0\">\n<h2 class=\"wp-block-heading has-text-align-center has-text-color has-x-large-font-size\" style=\"color:#b2153f\">3<\/h2>\n\n\n\n<p class=\"has-text-align-center has-background has-medium-font-size\" style=\"background-color:#f0f0f0\"><strong>Fes el pagament de la reserva online<\/strong><\/p>\n\n\n\n<p class=\"has-text-align-center has-background\" style=\"background-color:#f0f0f0\">Nom\u00e9s amb targeta a trav\u00e9s de la p\u00e0gina web o l&#8217;aplicaci\u00f3 m\u00f2bil.<\/p>\n<\/div>\n<\/div>\n\n<div style=\"height:45px\" aria-hidden=\"true\" class=\"wp-block-spacer\"><\/div>\n\n<hr class=\"wp-block-separator has-text-color has-alpha-channel-opacity has-background is-style-wide\" style=\"background-color:#b2153f;color:#b2153f\"\/>\n\n<p><em>El rendiment econ\u00f2mic que generin les pistes de p\u00e0del, promogudes i finan\u00e7ades per Viar\u00f3 Alumni, es destinar\u00e0 \u00edntegrament a beques d&#8217;estudis per alumnes.\u00a0<\/em><\/p>\n\n<div style=\"height:45px\" aria-hidden=\"true\" class=\"wp-block-spacer\"><\/div>\n\n<div class=\"wp-block-columns is-layout-flex wp-container-core-columns-is-layout-9d6595d7 wp-block-columns-is-layout-flex\">\n<div class=\"wp-block-column is-layout-flow wp-block-column-is-layout-flow\"><\/div>\n\n\n\n<div class=\"wp-block-column is-layout-flow wp-block-column-is-layout-flow\" style=\"flex-basis:80%\">\n<div class=\"wp-block-columns has-background is-layout-flex wp-container-core-columns-is-layout-9d6595d7 wp-block-columns-is-layout-flex\" style=\"background-color:#f0f0f0\">\n<div class=\"wp-block-column is-layout-flow wp-block-column-is-layout-flow\">\n<h3 class=\"wp-block-heading\">Condicions per reservar instal\u00b7lacions<\/h3>\n\n\n\n<ul class=\"wp-block-list\">\n<li>Disponible per a fam\u00edlies, alumni i personal de Viar\u00f3.<\/li>\n\n\n\n<li><strong>El pagament s&#8217;efectua mitjan\u00e7ant targeta banc\u00e0ria<\/strong> a trav\u00e9s de la web o l&#8217;aplicaci\u00f3 m\u00f2bil. Si es reserva per tel\u00e8fon, el pagament es pot fer a la food truck amb targeta o en efectiu.<\/li>\n\n\n\n<li>Es pot reservar pista amb una <strong>antelaci\u00f3 m\u00e0xima de 7 dies<\/strong>.<\/li>\n\n\n\n<li>Per registrar-se i realitzar reserves cal ser <strong>major de 18 anys<\/strong>.<\/li>\n\n\n\n<li><strong>La persona que reserva la pista ha d&#8217;estar present<\/strong>, fins i tot si no juga, a excepci\u00f3 dels pares que hagin reservat pista per als seus fills menors a partir de 3r Secund\u00e0ria. En qualsevol cas, la persona titular de la reserva \u00e9s responsable del que pugui succeir.<\/li>\n\n\n\n<li><strong>Els menors fins a 2n Secund\u00e0ria (incl\u00f2s)<\/strong> han d&#8217;anar acompanyats d&#8217;un adult en tot moment.<\/li>\n\n\n\n<li><strong>Els clubs juvenils autoritzats<\/strong> disposen d&#8217;un compte d&#8217;usuari per realitzar reserves. La persona adulta responsable ha d&#8217;estar present en tot moment.<\/li>\n\n\n\n<li>En cas de no seguir la normativa d&#8217;\u00fas o de comportament inapropiat, es demanar\u00e0 als usuaris que abandonin les instal\u00b7lacions.&#13;\n<\/li>\n<\/ul>\n<\/div>\n<\/div>\n<\/div>\n\n\n\n<div class=\"wp-block-column is-layout-flow wp-block-column-is-layout-flow\"><\/div>\n<\/div>\n\n<div style=\"height:20px\" aria-hidden=\"true\" class=\"wp-block-spacer\"><\/div>\n\n<h3 class=\"wp-block-heading\">Normativa d&#8217;\u00fas de les instal\u00b7lacions<\/h3>\n\n<hr class=\"wp-block-separator has-text-color has-alpha-channel-opacity has-background is-style-wide\" style=\"background-color:#b2153f;color:#b2153f\"\/>\n\n<h4 class=\"wp-block-heading\">\u00c9s Obligatori<\/h4>\n\n<ol class=\"wp-block-list\">\n<li>Donar-se d&#8217;alta a l&#8217;aplicaci\u00f3 que gestiona la reserva d&#8217;instal\u00b7lacions i acceptar la normativa de Viar\u00f3.&#13;\n<\/li>\n\n\n\n<li>Ser major d&#8217;edat per poder realitzar reserves.<\/li>\n\n\n\n<li>Utilitzar les instal\u00b7lacions fent pr\u00e8viament la reserva i el pagament corresponent.&#13;\n<\/li>\n\n\n\n<li>La pres\u00e8ncia f\u00edsica de la persona que ha fet la reserva, fins i tot si aquesta no juga, a excepci\u00f3 dels pares que hagin reservat pista per als seus fills a partir de 3r Secund\u00e0ria. En qualsevol cas, la persona titular de la reserva \u00e9s responsable del que pugui succeir.&#13;\n<\/li>\n\n\n\n<li>Que els usuaris menors fins a 2n Secund\u00e0ria (incl\u00f2s) estiguin acompanyats per un adult en tot moment.&#13;\n<\/li>\n\n\n\n<li>Utilitzar la roba i el cal\u00e7at esportiu adequat segons la superf\u00edcie.<\/li>\n\n\n\n<li>Deixar la pista en bones condicions d&#8217;\u00fas.<\/li>\n\n\n\n<li>Respectar amb la m\u00e0xima puntualitat l&#8217;horari reservat o assignat per a l&#8217;\u00fas de les pistes.&#13;\n<\/li>\n\n\n\n<li>Complir en tot moment la normativa de Viar\u00f3 i seguir les indicacions rebudes per part del personal del col\u00b7legi.&#13;\n<\/li>\n\n\n\n<li>Els pares o tutors seran els \u00fanics responsables de la tutela i vigil\u00e0ncia dels menors al seu c\u00e0rrec. El col\u00b7legi queda exempt de responsabilitat davant qualsevol cosa que pugui succeir en les seves instal\u00b7lacions fora de l&#8217;horari escolar.&#13;\n<\/li>\n<\/ol>\n\n<p><div class=\"traductor-textarea form-group\">&#13;\n<div class=\"textarea-desti col-xs-12 col-sm-6\">&#13;\n<div class=\"form-control second-textarea\"><em>Amb la finalitat de mantenir el <strong>nivell educatiu i hum\u00e0<\/strong> que procura Viar\u00f3, les persones que utilitzin les instal\u00b7lacions hauran de vestir i comportar-se d&#8217;acord amb les normes d&#8217;urbanitat i correcci\u00f3 que estableix el mateix col\u00b7legi. A qualsevol persona que no compleixi <strong>aquesta normativa<\/strong> se li podr\u00e0 denegar l&#8217;admissi\u00f3 al recinte de Viar\u00f3.<\/em><\/div><br\/><\/div><br\/><\/div><br\/><div class=\"traductor-checkbox form-group\">&#13;\n<div class=\"row\">&#13;\n<div class=\"col-sm-offset-2 col-sm-5\"><\/div><br\/><\/div><br\/><\/div><\/p>\n\n<h4 class=\"wp-block-heading\">No est\u00e0 perm\u00e8s<\/h4>\n\n<ol class=\"wp-block-list\">\n<li>Les faltes de respecte o de mal comportament<\/li>\n\n\n\n<li>Que accedeixin a una instal\u00b7laci\u00f3 m\u00e9s persones que les previstes per al seu \u00fas.<\/li>\n\n\n\n<li>Menjar dins de les pistes esportives.<\/li>\n\n\n\n<li>Entrar begudes alcoh\u00f2liques al recinte de Viar\u00f3.<\/li>\n\n\n\n<li>Practicar cap altre esport ni entrar material esportiu que no sigui el propi de la instal\u00b7laci\u00f3 esportiva, tret que l&#8217;activitat estigui dirigida pel personal de Viar\u00f3.&#13;\n<\/li>\n\n\n\n<li>Vestir amb top o sense samarreta.<\/li>\n\n\n\n<li>Entrar amb gossos o altres animals de companyia.<\/li>\n<\/ol>\n\n<p><strong>Els usuaris s\u00f3n responsables de les instal\u00b7lacions que utilitzin<\/strong> i es faran c\u00e0rrec dels desperfectes que poguessin causar per un \u00fas indegut.<\/p>\n\n<p><strong>L&#8217;incompliment d&#8217;aquesta normativa<\/strong> pot suposar la baixa temporal o definitiva del sistema de reserva d&#8217;instal\u00b7lacions de Viar\u00f3.<\/p>\n\n<p>Recordem tamb\u00e9 que\u00a0Viar\u00f3, per ser un centre educatiu, \u00e9s un <strong>espai lliure de pol\u00edtica<\/strong>.<\/p>\n\n<h4 class=\"wp-block-heading\">Asseguran\u00e7a<\/h4>\n\n<p>El col\u00b7legi disposa d&#8217;una asseguran\u00e7a de responsabilitat civil que cobreix a totes les persones que fan un \u00fas correcte de les instal\u00b7lacions.&#13;\n<\/p>\n\n<p>En cas de produir-se desperfectes per un \u00fas indegut de les instal\u00b7lacions, la persona responsable haur\u00e0 de fer-se c\u00e0rrec de la seva reparaci\u00f3.&#13;\n<\/p>\n\n<p><strong>Viar\u00f3\u00a0no cobreix la lesi\u00f3 f\u00edsica a conseq\u00fc\u00e8ncia de la pr\u00e0ctica esportiva.<\/strong><\/p>\n\n<div style=\"height:15px\" aria-hidden=\"true\" class=\"wp-block-spacer\"><\/div>\n\n<div class=\"wp-block-columns is-layout-flex wp-container-core-columns-is-layout-9d6595d7 wp-block-columns-is-layout-flex\">\n<div class=\"wp-block-column is-layout-flow wp-block-column-is-layout-flow\"><\/div>\n\n\n\n<div class=\"wp-block-column is-layout-flow wp-block-column-is-layout-flow\" style=\"flex-basis:5%\"><\/div>\n\n\n\n<div class=\"wp-block-column is-layout-flow wp-block-column-is-layout-flow\">\n<div class=\"wp-block-buttons is-layout-flex wp-block-buttons-is-layout-flex\">\n<div class=\"wp-block-button has-custom-width wp-block-button__width-100\"><a class=\"wp-block-button__link has-white-color has-text-color has-background has-custom-font-size wp-element-button\" href=\"https:\/\/viaro.org\/wp-content\/uploads\/2023\/03\/NORMATIVA-09-03-23.pdf\" style=\"border-radius:100px;background-color:#b2153f;font-size:15px\" target=\"_blank\" rel=\"noreferrer noopener\"><strong>Descarrega la normativa<\/strong><\/a><\/div>\n<\/div>\n<\/div>\n\n\n\n<div class=\"wp-block-column is-layout-flow wp-block-column-is-layout-flow\" style=\"flex-basis:5%\"><\/div>\n\n\n\n<div class=\"wp-block-column is-layout-flow wp-block-column-is-layout-flow\"><\/div>\n<\/div>\n\n<p><\/p>\n\n<div style=\"height:20px\" aria-hidden=\"true\" class=\"wp-block-spacer\"><\/div>\n\n<div class=\"wp-block-columns has-background is-layout-flex wp-container-core-columns-is-layout-9d6595d7 wp-block-columns-is-layout-flex\" style=\"background-color:#f0f0f0\">\n<div class=\"wp-block-column has-background is-layout-flow wp-block-column-is-layout-flow\" style=\"background-color:#f0f0f0\">\n<h3 class=\"wp-block-heading\">Preus de reserva d&#8217;instal\u00b7lacions<\/h3>\n\n\n\n<hr class=\"wp-block-separator has-text-color has-alpha-channel-opacity has-background is-style-wide\" style=\"background-color:#b2153f;color:#b2153f\"\/>\n\n\n\n<h4 class=\"wp-block-heading\">Pistes de p\u00e0del<\/h4>\n\n\n\n<p>Totes les reserves tenen una <strong>durada d&#8217;1 h i 15 m<\/strong> i inclouen la llum quan \u00e9s necessari.<\/p>\n\n\n\n<figure class=\"wp-block-table is-style-regular\"><table class=\"has-fixed-layout\"><thead><tr><th class=\"has-text-align-left\" data-align=\"left\">Dies laborables<\/th><th class=\"has-text-align-left\" data-align=\"left\">Dissabtes i festius<\/th><\/tr><\/thead><tbody><tr><td class=\"has-text-align-left\" data-align=\"left\">de 18:00 a 23:00 &#8211; <strong>28 \u20ac<\/strong><\/td><td class=\"has-text-align-left\" data-align=\"left\">de 09:00 a 21:00 &#8211; <strong>20 \u20ac<\/strong><\/td><\/tr><\/tbody><\/table><\/figure>\n\n\n\n<h4 class=\"wp-block-heading\">Altres esports<\/h4>\n\n\n\n<figure class=\"wp-block-table is-style-regular\"><table class=\"has-fixed-layout\"><thead><tr><th class=\"has-text-align-left\" data-align=\"left\">Futbol<\/th><th class=\"has-text-align-left\" data-align=\"left\">B\u00e0squet<\/th><\/tr><\/thead><tbody><tr><td class=\"has-text-align-left\" data-align=\"left\">Pista exterior &#8211; <strong>35 <strong>\u20ac\/h<\/strong><\/strong><\/td><td class=\"has-text-align-left\" data-align=\"left\">Pista exterior &#8211; <strong>40 <strong>\u20ac\/h<\/strong><\/strong><\/td><\/tr><tr><td class=\"has-text-align-left\" data-align=\"left\">Poliesportiu &#8211; <strong>40 <strong>\u20ac\/h<\/strong><\/strong><\/td><td class=\"has-text-align-left\" data-align=\"left\">Polideportivo &#8211; <strong>45 <strong>\u20ac\/h<\/strong><\/strong><\/td><\/tr><tr><td class=\"has-text-align-left\" data-align=\"left\">Camps F11 &#8211; <strong>80 <strong>\u20ac\/h<\/strong><\/strong><\/td><td class=\"has-text-align-left\" data-align=\"left\"><\/td><\/tr><tr><td class=\"has-text-align-left\" data-align=\"left\">Campos F11 &#8211; <strong>85 <strong>\u20ac\/h<\/strong><\/strong><\/td><td class=\"has-text-align-left\" data-align=\"left\"><\/td><\/tr><\/tbody><\/table><\/figure>\n\n\n\n<p>Les instal\u00b7lacions que no disposen de <strong>llum artificial<\/strong> no estan disponibles per a reserva quan \u00e9s fosc.<\/p>\n\n\n\n<p>*<em>Nom\u00e9s els MEC, els delegats de promoci\u00f3 i el personal de Viar\u00f3 pot reservar barbacoes<\/em><\/p>\n<\/div>\n<\/div>\n\n<div style=\"height:20px\" aria-hidden=\"true\" class=\"wp-block-spacer\"><\/div>\n\n<h3 class=\"wp-block-heading\">Pl\u00e0nol de situaci\u00f3<\/h3>\n\n<hr class=\"wp-block-separator has-text-color has-alpha-channel-opacity has-background is-style-wide\" style=\"background-color:#b2153f;color:#b2153f\"\/>\n\n<figure class=\"wp-block-image size-large\"><img decoding=\"async\" width=\"1024\" height=\"383\" src=\"https:\/\/viaro.org\/wp-content\/uploads\/2023\/03\/Mapa-Pistes-esportives-1024x383.png\" alt=\"Mapa Pistes esportives\" class=\"wp-image-16185\" srcset=\"https:\/\/viaro.org\/wp-content\/uploads\/2023\/03\/Mapa-Pistes-esportives-1024x383.png 1024w, https:\/\/viaro.org\/wp-content\/uploads\/2023\/03\/Mapa-Pistes-esportives-300x112.png 300w, https:\/\/viaro.org\/wp-content\/uploads\/2023\/03\/Mapa-Pistes-esportives-768x287.png 768w, https:\/\/viaro.org\/wp-content\/uploads\/2023\/03\/Mapa-Pistes-esportives-1536x574.png 1536w, https:\/\/viaro.org\/wp-content\/uploads\/2023\/03\/Mapa-Pistes-esportives-2048x765.png 2048w\" sizes=\"(max-width: 1024px) 100vw, 1024px\" \/><\/figure>\n\n<h3 class=\"wp-block-heading\">Vestuaris<\/h3>\n\n<hr class=\"wp-block-separator has-text-color has-alpha-channel-opacity has-background is-style-wide\" style=\"background-color:#b2153f;color:#b2153f\"\/>\n\n<p>Vestuari femen\u00ed: <strong>n\u00famero 4<\/strong> (per a majors de 18 anys) i <strong>n\u00famero 5<\/strong> (per a menors de 18 anys)<\/p>\n\n<p>Vestuari mascul\u00ed: <strong>n\u00famero 8<\/strong> (per a majors de 18 anys). El vestuari mascul\u00ed per a menors de 18 anys variar\u00e0 en funci\u00f3 de la disponibilitat.<\/p>\n\n<p>Els <strong>dies lectius<\/strong>, els vestuaris estaran disponibles <strong>a partir de les 19\u202fh.<\/strong><\/p>\n\n<p>Els <strong>dissabtes al mat\u00ed<\/strong> amb activitats del col\u00b7legi no hi haur\u00e0 servei de vestuaris. Aquests estaran disponibles <strong>a partir de les 14\u202fh.<\/strong><\/p>\n\n<div style=\"height:20px\" aria-hidden=\"true\" class=\"wp-block-spacer\"><\/div>\n\n<h3 class=\"wp-block-heading\">Aparcament<\/h3>\n\n<hr class=\"wp-block-separator has-text-color has-alpha-channel-opacity has-background is-style-wide\" style=\"background-color:#b2153f;color:#b2153f\"\/>\n\n<p>Els usuaris de les instal\u00b7lacions <strong>podran accedir al recinte de\u00a0Viar\u00f3<\/strong>\u00a0amb el seu vehicle particular tots els dies <strong>excepte<\/strong>:<\/p>\n\n<ul class=\"wp-block-list\">\n<li>Dies lectius <strong>abans de les 19\u202fh<\/strong>.<\/li>\n\n\n\n<li>Dissabtes amb activitats del col\u00b7legi <strong>abans de les 14\u202fh<\/strong>.<\/li>\n<\/ul>\n\n<p>Recordem que\u00a0Viar\u00f3\u00a0\u00e9s un recinte on <strong>habitualment hi ha nens petits<\/strong> i, per tant, s&#8217;han d&#8217;extremar les mesures de precauci\u00f3 al circular. La velocitat m\u00e0xima permesa \u00e9s de <strong>10 Km\/h<\/strong><\/p>\n\n<p><strong>No est\u00e0 perm\u00e8s<\/strong> aparcar en el cam\u00ed d&#8217;un <strong>\u00fanic carril<\/strong> que va des del final de l&#8217;aparcament d&#8217;Alcalde Barnils fins a l&#8217;esplanada de darrere de l&#8217;Ametller, ni tampoc <strong>davant dels vestuaris<\/strong>.<\/p>\n\n<p>Aquestes normes generals poden variar en funci\u00f3 de les necessitats i <a href=\"https:\/\/viaro.org\/ca\/informacio-general\/#CALENDARIO\"><strong>esdeveniments del col\u00b7legi<\/strong><\/a>.<\/p>\n","protected":false},"excerpt":{"rendered":"<p>Benvingut al sistema online de reserva d&#8217;instal\u00b7lacions Obert a fam\u00edlies, alumni i personal de Viar\u00f3 Per altres tipus de reserva d&#8217;instal\u00b7lacions (lloguers puntuals, campionats, reserves de temporada, etc.) podeu enviar la sol\u00b7licitud per correu electr\u00f2nic a: padel@viaro.org Per a solucionar qualsevol incid\u00e8ncia durant l&#8217;\u00fas de les instal\u00b7lacions podeu adre\u00e7ar-vos a la persona responsable de l&#8217;entrada [&hellip;]<\/p>\n","protected":false},"author":12,"featured_media":16218,"parent":0,"menu_order":0,"comment_status":"closed","ping_status":"closed","template":"template-blocks.php","meta":{"_uag_custom_page_level_css":"","_joinchat":[],"footnotes":""},"class_list":["post-16048","page","type-page","status-publish","has-post-thumbnail","hentry"],"uagb_featured_image_src":{"full":["https:\/\/viaro.org\/wp-content\/uploads\/2023\/03\/RESERVA-DE-INSTALACIONES-scaled.jpg",2560,743,false],"thumbnail":["https:\/\/viaro.org\/wp-content\/uploads\/2023\/03\/RESERVA-DE-INSTALACIONES-150x150.jpg",150,150,true],"medium":["https:\/\/viaro.org\/wp-content\/uploads\/2023\/03\/RESERVA-DE-INSTALACIONES-300x87.jpg",300,87,true],"medium_large":["https:\/\/viaro.org\/wp-content\/uploads\/2023\/03\/RESERVA-DE-INSTALACIONES-768x223.jpg",640,186,true],"large":["https:\/\/viaro.org\/wp-content\/uploads\/2023\/03\/RESERVA-DE-INSTALACIONES-1024x297.jpg",640,186,true],"1536x1536":["https:\/\/viaro.org\/wp-content\/uploads\/2023\/03\/RESERVA-DE-INSTALACIONES-1536x446.jpg",1536,446,true],"2048x2048":["https:\/\/viaro.org\/wp-content\/uploads\/2023\/03\/RESERVA-DE-INSTALACIONES-2048x595.jpg",2048,595,true],"related-content":["https:\/\/viaro.org\/wp-content\/uploads\/2023\/03\/RESERVA-DE-INSTALACIONES-297x167.jpg",297,167,true]},"uagb_author_info":{"display_name":"Ignacio Malmierca","author_link":"https:\/\/viaro.org\/ca\/author\/imalmierca\/"},"uagb_comment_info":0,"uagb_excerpt":"Benvingut al sistema online de reserva d&#8217;instal\u00b7lacions Obert a fam\u00edlies, alumni i personal de Viar\u00f3 Per altres tipus de reserva d&#8217;instal\u00b7lacions (lloguers puntuals, campionats, reserves de temporada, etc.) podeu enviar la sol\u00b7licitud per correu electr\u00f2nic a: padel@viaro.org Per a solucionar qualsevol incid\u00e8ncia durant l&#8217;\u00fas de les instal\u00b7lacions podeu adre\u00e7ar-vos a la persona responsable de l&#8217;entrada&hellip;","_links":{"self":[{"href":"https:\/\/viaro.org\/ca\/wp-json\/wp\/v2\/pages\/16048","targetHints":{"allow":["GET"]}}],"collection":[{"href":"https:\/\/viaro.org\/ca\/wp-json\/wp\/v2\/pages"}],"about":[{"href":"https:\/\/viaro.org\/ca\/wp-json\/wp\/v2\/types\/page"}],"author":[{"embeddable":true,"href":"https:\/\/viaro.org\/ca\/wp-json\/wp\/v2\/users\/12"}],"replies":[{"embeddable":true,"href":"https:\/\/viaro.org\/ca\/wp-json\/wp\/v2\/comments?post=16048"}],"version-history":[{"count":14,"href":"https:\/\/viaro.org\/ca\/wp-json\/wp\/v2\/pages\/16048\/revisions"}],"predecessor-version":[{"id":26196,"href":"https:\/\/viaro.org\/ca\/wp-json\/wp\/v2\/pages\/16048\/revisions\/26196"}],"wp:featuredmedia":[{"embeddable":true,"href":"https:\/\/viaro.org\/ca\/wp-json\/wp\/v2\/media\/16218"}],"wp:attachment":[{"href":"https:\/\/viaro.org\/ca\/wp-json\/wp\/v2\/media?parent=16048"}],"curies":[{"name":"wp","href":"https:\/\/api.w.org\/{rel}","templated":true}]}}