{"id":16237,"date":"2023-03-09T22:08:41","date_gmt":"2023-03-09T22:08:41","guid":{"rendered":"https:\/\/viaro.org\/curs-intensiu-de-padel-2023\/"},"modified":"2023-03-09T22:10:10","modified_gmt":"2023-03-09T22:10:10","slug":"curs-intensiu-de-padel-2023","status":"publish","type":"page","link":"https:\/\/viaro.org\/ca\/curs-intensiu-de-padel-2023\/","title":{"rendered":"Curs intensiu de padel 2023"},"content":{"rendered":"\n<p><\/p>\n\n<h3 class=\"has-text-align-center has-text-color has-background wp-block-heading\" style=\"color:#b2153f;background-color:#f0f0f0\">Durant el tercer trimestre del curs 22-23 oferim un curset intensiu de p\u00e0del per alumnes i adults (2 mesos).<\/h3>\n\n<p class=\"has-text-align-center\"><div class=\"traductor-textarea form-group\">&#13;\n<div class=\"textarea-desti col-xs-12 col-sm-6\">&#13;\n<div class=\"form-control second-textarea\"><em>Gr\u00e0cies a la iniciativa i finan\u00e7ament de Viar\u00f3 Alumni, el col\u00b7legi disposa actualment de 5 pistes de p\u00e0del. A m\u00e9s, han volgut destinar tot el rendiment econ\u00f2mic que generin aquestes instal\u00b7lacions a concedir beques per a alumnes.<\/em><\/div>&#13;\n<\/div>&#13;\n<\/div>&#13;\n<div class=\"traductor-checkbox form-group\">&#13;\n<div class=\"row\">&#13;\n<div class=\"col-sm-offset-2 col-sm-5\"><\/div>&#13;\n<\/div>&#13;\n<\/div><\/p>\n\n<p class=\"has-text-align-center\"><div class=\"traductor-textarea form-group\">&#13;\n<div class=\"textarea-desti col-xs-12 col-sm-6\">&#13;\n<div class=\"form-control second-textarea\">A partir del pr\u00f2xim curs, el p\u00e0del quedar\u00e0 integrat en l&#8217;oferta d&#8217;activitats extraescolars.<\/div>&#13;\n<\/div>&#13;\n<\/div>&#13;\n<div class=\"traductor-checkbox form-group\">&#13;\n<div class=\"row\">&#13;\n<div class=\"col-sm-offset-2 col-sm-5\"><\/div>&#13;\n<\/div>&#13;\n<\/div><\/p>\n\n<div style=\"height:50px\" aria-hidden=\"true\" class=\"wp-block-spacer\"><\/div>\n\n<h2 class=\"wp-block-heading\">Horaris del curs intensiu de p\u00e0del 2023<\/h2>\n\n<div style=\"height:20px\" aria-hidden=\"true\" class=\"wp-block-spacer\"><\/div>\n\n<div class=\"wp-block-columns has-text-color is-layout-flex wp-container-core-columns-is-layout-9d6595d7 wp-block-columns-is-layout-flex\" style=\"color:#323940\">\n<div class=\"wp-block-column is-layout-flow wp-block-column-is-layout-flow\">\n<h3 class=\"has-text-color wp-block-heading\" style=\"color:#b2153f\">P5 &#8211; 1 PRI<\/h3>\n\n\n\n<hr class=\"wp-block-separator has-text-color has-alpha-channel-opacity has-background is-style-wide\" style=\"background-color:#b2153f;color:#b2153f\"\/>\n\n\n\n<h4 class=\"wp-block-heading\">DIMECRES<\/h4>\n\n\n\n<p>16:45 a 17:45<\/p>\n\n\n\n<p>6 alumnes per pista<\/p>\n<\/div>\n\n\n\n<div class=\"wp-block-column is-layout-flow wp-block-column-is-layout-flow\">\n<h3 class=\"has-text-color wp-block-heading\" style=\"color:#b2153f\">2 &#8211; 4 PRI<\/h3>\n\n\n\n<hr class=\"wp-block-separator has-text-color has-alpha-channel-opacity has-background is-style-wide\" style=\"background-color:#b2153f;color:#b2153f\"\/>\n\n\n\n<h4 class=\"wp-block-heading\">DIMARTS<\/h4>\n\n\n\n<p>16:45 a 17:45<\/p>\n\n\n\n<p>6 alumnes per pista<\/p>\n<\/div>\n\n\n\n<div class=\"wp-block-column is-layout-flow wp-block-column-is-layout-flow\">\n<h3 class=\"has-text-color wp-block-heading\" style=\"color:#b2153f\">5 &#8211; 6 PRI<\/h3>\n\n\n\n<hr class=\"wp-block-separator has-text-color has-alpha-channel-opacity has-background is-style-wide\" style=\"background-color:#b2153f;color:#b2153f\"\/>\n\n\n\n<h4 class=\"wp-block-heading\">DIMECRES<\/h4>\n\n\n\n<p>16:45 a 17:45<\/p>\n\n\n\n<p>6 alumnes per pista<\/p>\n<\/div>\n<\/div>\n\n<div class=\"wp-block-columns has-text-color is-layout-flex wp-container-core-columns-is-layout-9d6595d7 wp-block-columns-is-layout-flex\" style=\"color:#323940\">\n<div class=\"wp-block-column is-layout-flow wp-block-column-is-layout-flow\">\n<h3 class=\"has-text-color wp-block-heading\" style=\"color:#b2153f\">1 &#8211; 2 ESO<\/h3>\n\n\n\n<hr class=\"wp-block-separator has-text-color has-alpha-channel-opacity has-background is-style-wide\" style=\"background-color:#b2153f;color:#b2153f\"\/>\n\n\n\n<h4 class=\"wp-block-heading\">DIVENDRES<\/h4>\n\n\n\n<p>16:45 a 17:45<\/p>\n\n\n\n<p>4 alumnes per pista<\/p>\n<\/div>\n\n\n\n<div class=\"wp-block-column is-layout-flow wp-block-column-is-layout-flow\">\n<h3 class=\"has-text-color wp-block-heading\" style=\"color:#b2153f\">3 &#8211; 4 ESO<\/h3>\n\n\n\n<hr class=\"wp-block-separator has-text-color has-alpha-channel-opacity has-background is-style-wide\" style=\"background-color:#b2153f;color:#b2153f\"\/>\n\n\n\n<h4 class=\"wp-block-heading\">DIJOUS<\/h4>\n\n\n\n<p>16:45 a 17:45<\/p>\n\n\n\n<p>4 alumnes per pista<\/p>\n<\/div>\n\n\n\n<div class=\"wp-block-column is-layout-flow wp-block-column-is-layout-flow\">\n<h3 class=\"has-text-color wp-block-heading\" style=\"color:#b2153f\">BATXILLERAT<\/h3>\n\n\n\n<hr class=\"wp-block-separator has-text-color has-alpha-channel-opacity has-background is-style-wide\" style=\"background-color:#b2153f;color:#b2153f\"\/>\n\n\n\n<h4 class=\"wp-block-heading\">DIMARTS A DIVENDRES<\/h4>\n\n\n\n<p>15:45 a 16:45<\/p>\n\n\n\n<p>4 alumnes per pista<\/p>\n<\/div>\n<\/div>\n\n<div style=\"height:15px\" aria-hidden=\"true\" class=\"wp-block-spacer\"><\/div>\n\n<h3 class=\"has-text-color wp-block-heading\" style=\"color:#b2153f\">PREUS DEL CURS INTENSIU DE P\u00c0DEL 2023<\/h3>\n\n<h4 class=\"wp-block-heading\">INFANTIL I PRIM\u00c0RIA: 60 \u20ac <\/h4>\n\n<h4 class=\"wp-block-heading\">SECUND\u00c0RIA I BATXILLERAT: 80 \u20ac <\/h4>\n\n<p class=\"has-text-align-left\"><div class=\"traductor-textarea form-group\">&#13;\n<div class=\"textarea-desti col-xs-12 col-sm-6\">&#13;\n<div class=\"form-control second-textarea\"><em>El cost del curs s&#8217;abona anticipadament mitjan\u00e7ant transfer\u00e8ncia banc\u00e0ria (informaci\u00f3 al formulari d&#8217;inscripci\u00f3). Durant la inscripci\u00f3 us demanarem que adjunteu el comprovant de transfer\u00e8ncia i una fotografia del Catsalut de l&#8217;Alumne.<\/em><\/div>&#13;\n<\/div>&#13;\n<\/div>&#13;\n<div class=\"traductor-checkbox form-group\">&#13;\n<div class=\"row\">&#13;\n<div class=\"col-sm-offset-2 col-sm-5\"><\/div>&#13;\n<\/div>&#13;\n<\/div><\/p>\n\n<div class=\"wp-block-columns is-layout-flex wp-container-core-columns-is-layout-9d6595d7 wp-block-columns-is-layout-flex\">\n<div class=\"wp-block-column is-layout-flow wp-block-column-is-layout-flow\"><\/div>\n\n\n\n<div class=\"wp-block-column is-layout-flow wp-block-column-is-layout-flow\">\n<div style=\"height:50px\" aria-hidden=\"true\" class=\"wp-block-spacer\"><\/div>\n\n\n\n<div class=\"wp-block-buttons is-horizontal is-content-justification-center is-layout-flex wp-container-core-buttons-is-layout-499968f5 wp-block-buttons-is-layout-flex\">\n<div class=\"wp-block-button has-custom-width wp-block-button__width-100 has-custom-font-size is-style-fill has-small-font-size\"><a class=\"wp-block-button__link has-white-color has-text-color has-background wp-element-button\" href=\"https:\/\/comunicacioviaro.typeform.com\/to\/OP4LgvZU\" style=\"background-color:#b2153f\" target=\"_blank\" rel=\"noreferrer noopener\"><strong>INSCRIPCI\u00d3 ALUMNES<\/strong><\/a><\/div>\n<\/div>\n<\/div>\n\n\n\n<div class=\"wp-block-column is-layout-flow wp-block-column-is-layout-flow\"><\/div>\n<\/div>\n\n<div style=\"height:50px\" aria-hidden=\"true\" class=\"wp-block-spacer\"><\/div>\n\n<div style=\"height:50px\" aria-hidden=\"true\" class=\"wp-block-spacer\"><\/div>\n\n<figure class=\"wp-block-image size-full\"><img decoding=\"async\" width=\"1024\" height=\"287\" src=\"https:\/\/viaro.org\/wp-content\/uploads\/2023\/03\/Curso-intensivo-de-padel-ADULTOS.jpg\" alt=\"\" class=\"wp-image-16229\" srcset=\"https:\/\/viaro.org\/wp-content\/uploads\/2023\/03\/Curso-intensivo-de-padel-ADULTOS.jpg 1024w, https:\/\/viaro.org\/wp-content\/uploads\/2023\/03\/Curso-intensivo-de-padel-ADULTOS-300x84.jpg 300w, https:\/\/viaro.org\/wp-content\/uploads\/2023\/03\/Curso-intensivo-de-padel-ADULTOS-768x215.jpg 768w\" sizes=\"(max-width: 1024px) 100vw, 1024px\" \/><\/figure>\n<h3 class=\"has-text-color wp-block-heading\" style=\"color:#b2153f\">CURS INTENSIU DE P\u00c0DEL PER ADULTS<\/h3>\n\n<hr class=\"wp-block-separator has-text-color has-alpha-channel-opacity has-background is-style-wide\" style=\"background-color:#b2153f;color:#b2153f\"\/>\n\n<h4 class=\"wp-block-heading\"><strong>HORARI A CONVENIR DE DILLUNS A DIVENDRES A PARTIR DE LES 18:00<\/strong><\/h4>\n\n<p><div class=\"traductor-textarea form-group\">&#13;\n<div class=\"textarea-desti col-xs-12 col-sm-6\">&#13;\n<div class=\"form-control second-textarea\">Totes les sessions seran d&#8217;<strong>1\u202fh i 15 min<\/strong>. Es realitzaran en <strong>grups de 3 o 4 jugadors<\/strong> en funci\u00f3 de la demanda i nivell dels participants. El curs consta d&#8217;<strong>1 sessi\u00f3<\/strong> setmanal durant <strong>2 mesos<\/strong>.<\/div>&#13;\n<\/div>&#13;\n<\/div>&#13;\n<div class=\"traductor-checkbox form-group\">&#13;\n<div class=\"row\">&#13;\n<div class=\"col-sm-offset-2 col-sm-5\"><\/div>&#13;\n<\/div>&#13;\n<\/div><\/p>\n\n<h4 class=\"has-text-color wp-block-heading\" style=\"color:#b2153f\"><strong>Preu del curs intensiu de p\u00e0del per adults: 80 \u20ac<\/strong><\/h4>\n\n<p><div class=\"traductor-textarea form-group\">&#13;\n<div class=\"textarea-desti col-xs-12 col-sm-6\">&#13;\n<div class=\"form-control second-textarea\"><strong>La inscripci\u00f3<\/strong> se sol\u00b7licita enviant un e-mail a Manel Marqu\u00e8s, coordinador de l&#8217;activitat: <strong><a href=\"mailto:mmarques@viaro.org\">mmarques@viaro.org<\/a><\/strong><\/div>&#13;\n<\/div>&#13;\n<\/div>&#13;\n<div class=\"traductor-checkbox form-group\">&#13;\n<div class=\"row\">&#13;\n<div class=\"col-sm-offset-2 col-sm-5\"><\/div>&#13;\n<\/div>&#13;\n<\/div><\/p>\n\n<p>Agrairem que ens indiqueu en el mail la vostra disponibilitat d&#8217;horari, el vostre nivell aproximat de joc i si us inscriviu juntament amb una altra persona. Si necessiteu assessorament sobre alguna d&#8217;aquestes q\u00fcestions, estem tamb\u00e9 a la vostra disposici\u00f3 per a resoldre qualsevol dubte.&#13;\n<\/p>\n\n<p><div class=\"traductor-textarea form-group\">&#13;\n<div class=\"textarea-desti col-xs-12 col-sm-6\">&#13;\n<div class=\"form-control second-textarea\"><strong>Una vegada organitzats els grups, el coordinador us comunicar\u00e0 la manera d&#8217;efectuar el pagament.<\/strong><\/div>&#13;\n<\/div>&#13;\n<\/div>&#13;\n<div class=\"traductor-checkbox form-group\">&#13;\n<div class=\"row\">&#13;\n<div class=\"col-sm-offset-2 col-sm-5\"><\/div>&#13;\n<\/div>&#13;\n<\/div><\/p>\n","protected":false},"excerpt":{"rendered":"<p>Durant el tercer trimestre del curs 22-23 oferim un curset intensiu de p\u00e0del per alumnes i adults (2 mesos). &#13; &#13; Gr\u00e0cies a la iniciativa i finan\u00e7ament de Viar\u00f3 Alumni, el col\u00b7legi disposa actualment de 5 pistes de p\u00e0del. A m\u00e9s, han volgut destinar tot el rendiment econ\u00f2mic que generin aquestes instal\u00b7lacions a concedir beques [&hellip;]<\/p>\n","protected":false},"author":12,"featured_media":16215,"parent":0,"menu_order":0,"comment_status":"closed","ping_status":"closed","template":"template-blocks.php","meta":{"_uag_custom_page_level_css":"","_joinchat":[],"footnotes":""},"class_list":["post-16237","page","type-page","status-publish","has-post-thumbnail","hentry"],"uagb_featured_image_src":{"full":["https:\/\/viaro.org\/wp-content\/uploads\/2023\/03\/INTENSIVO-DE-PADEL-2023.png",2880,752,false],"thumbnail":["https:\/\/viaro.org\/wp-content\/uploads\/2023\/03\/INTENSIVO-DE-PADEL-2023-150x150.png",150,150,true],"medium":["https:\/\/viaro.org\/wp-content\/uploads\/2023\/03\/INTENSIVO-DE-PADEL-2023-300x78.png",300,78,true],"medium_large":["https:\/\/viaro.org\/wp-content\/uploads\/2023\/03\/INTENSIVO-DE-PADEL-2023-768x201.png",640,168,true],"large":["https:\/\/viaro.org\/wp-content\/uploads\/2023\/03\/INTENSIVO-DE-PADEL-2023-1024x267.png",640,167,true],"1536x1536":["https:\/\/viaro.org\/wp-content\/uploads\/2023\/03\/INTENSIVO-DE-PADEL-2023-1536x401.png",1536,401,true],"2048x2048":["https:\/\/viaro.org\/wp-content\/uploads\/2023\/03\/INTENSIVO-DE-PADEL-2023-2048x535.png",2048,535,true],"related-content":["https:\/\/viaro.org\/wp-content\/uploads\/2023\/03\/INTENSIVO-DE-PADEL-2023-297x167.png",297,167,true]},"uagb_author_info":{"display_name":"Ignacio Malmierca","author_link":"https:\/\/viaro.org\/ca\/author\/imalmierca\/"},"uagb_comment_info":0,"uagb_excerpt":"Durant el tercer trimestre del curs 22-23 oferim un curset intensiu de p\u00e0del per alumnes i adults (2 mesos). &#13; &#13; Gr\u00e0cies a la iniciativa i finan\u00e7ament de Viar\u00f3 Alumni, el col\u00b7legi disposa actualment de 5 pistes de p\u00e0del. A m\u00e9s, han volgut destinar tot el rendiment econ\u00f2mic que generin aquestes instal\u00b7lacions a concedir beques&hellip;","_links":{"self":[{"href":"https:\/\/viaro.org\/ca\/wp-json\/wp\/v2\/pages\/16237","targetHints":{"allow":["GET"]}}],"collection":[{"href":"https:\/\/viaro.org\/ca\/wp-json\/wp\/v2\/pages"}],"about":[{"href":"https:\/\/viaro.org\/ca\/wp-json\/wp\/v2\/types\/page"}],"author":[{"embeddable":true,"href":"https:\/\/viaro.org\/ca\/wp-json\/wp\/v2\/users\/12"}],"replies":[{"embeddable":true,"href":"https:\/\/viaro.org\/ca\/wp-json\/wp\/v2\/comments?post=16237"}],"version-history":[{"count":2,"href":"https:\/\/viaro.org\/ca\/wp-json\/wp\/v2\/pages\/16237\/revisions"}],"predecessor-version":[{"id":16240,"href":"https:\/\/viaro.org\/ca\/wp-json\/wp\/v2\/pages\/16237\/revisions\/16240"}],"wp:featuredmedia":[{"embeddable":true,"href":"https:\/\/viaro.org\/ca\/wp-json\/wp\/v2\/media\/16215"}],"wp:attachment":[{"href":"https:\/\/viaro.org\/ca\/wp-json\/wp\/v2\/media?parent=16237"}],"curies":[{"name":"wp","href":"https:\/\/api.w.org\/{rel}","templated":true}]}}