{"id":17537,"date":"2025-03-06T10:07:19","date_gmt":"2025-03-06T10:07:19","guid":{"rendered":"https:\/\/viaro.org\/mostra-darts\/"},"modified":"2026-03-12T13:43:52","modified_gmt":"2026-03-12T13:43:52","slug":"mostra-darts","status":"publish","type":"page","link":"https:\/\/viaro.org\/ca\/mostra-darts\/","title":{"rendered":"Mostra d&#8217;Arts"},"content":{"rendered":"\n<div class=\"wp-block-columns is-layout-flex wp-container-core-columns-is-layout-9d6595d7 wp-block-columns-is-layout-flex\">\n<div class=\"wp-block-column is-layout-flow wp-block-column-is-layout-flow\"><\/div>\n\n\n\n<div class=\"wp-block-column is-layout-flow wp-block-column-is-layout-flow\" style=\"flex-basis:60%\"><div class=\"epyt-video-wrapper\"><div  style=\"display: block; margin: 0px auto;\"  id=\"_ytid_67136\"  width=\"800\" height=\"450\"  data-origwidth=\"800\" data-origheight=\"450\" data-facadesrc=\"https:\/\/www.youtube.com\/embed\/bIiRHiZC1L8?enablejsapi=1&#038;autoplay=0&#038;cc_load_policy=0&#038;cc_lang_pref=&#038;iv_load_policy=3&#038;loop=0&#038;rel=0&#038;fs=1&#038;playsinline=0&#038;autohide=2&#038;theme=dark&#038;color=white&#038;controls=1&#038;disablekb=0&#038;\" class=\"__youtube_prefs__ epyt-facade no-lazyload\" data-epautoplay=\"1\" ><img decoding=\"async\" data-spai-excluded=\"true\" class=\"epyt-facade-poster skip-lazy\" loading=\"lazy\"  alt=\"YouTube player\"  src=\"https:\/\/i.ytimg.com\/vi\/bIiRHiZC1L8\/maxresdefault.jpg\"  \/><button class=\"epyt-facade-play\" aria-label=\"Play\"><svg data-no-lazy=\"1\" height=\"100%\" version=\"1.1\" viewBox=\"0 0 68 48\" width=\"100%\"><path class=\"ytp-large-play-button-bg\" d=\"M66.52,7.74c-0.78-2.93-2.49-5.41-5.42-6.19C55.79,.13,34,0,34,0S12.21,.13,6.9,1.55 C3.97,2.33,2.27,4.81,1.48,7.74C0.06,13.05,0,24,0,24s0.06,10.95,1.48,16.26c0.78,2.93,2.49,5.41,5.42,6.19 C12.21,47.87,34,48,34,48s21.79-0.13,27.1-1.55c2.93-0.78,4.64-3.26,5.42-6.19C67.94,34.95,68,24,68,24S67.94,13.05,66.52,7.74z\" fill=\"#f00\"><\/path><path d=\"M 45,24 27,14 27,34\" fill=\"#fff\"><\/path><\/svg><\/button><\/div><\/div><\/div>\n\n\n\n<div class=\"wp-block-column is-layout-flow wp-block-column-is-layout-flow\"><\/div>\n<\/div>\n\n\n\n<div class=\"wp-block-columns is-layout-flex wp-container-core-columns-is-layout-9d6595d7 wp-block-columns-is-layout-flex\">\n<div class=\"wp-block-column is-layout-flow wp-block-column-is-layout-flow\"><\/div>\n\n\n\n<div class=\"wp-block-column is-layout-flow wp-block-column-is-layout-flow\" style=\"flex-basis:50%\">\n<h2 class=\"wp-block-heading has-text-align-center has-text-color has-link-color wp-elements-9881fa3f236a07fd6eb2e4a6149873d3\" style=\"color:#b2153f\">18 D&#8217;ABRIL DE 2026<\/h2>\n\n\n\n<p class=\"has-text-align-center\">UNA JORNADA ART\u00cdSTICA PER A TOTA LA FAM\u00cdLIA<\/p>\n\n\n\n<p class=\"has-text-align-center\">L\u2019entrada i les activitats de la Mostra d\u2019Arts s\u00f3n gratu\u00eftes<\/p>\n\n\n\n<p class=\"has-text-align-center\"><strong>i estan obertes a tothom<\/strong><\/p>\n\n\n\n<div style=\"height:50px\" aria-hidden=\"true\" class=\"wp-block-spacer\"><\/div>\n\n\n\n<div class=\"wp-block-buttons is-content-justification-center is-layout-flex wp-container-core-buttons-is-layout-16018d1d wp-block-buttons-is-layout-flex\">\n<div class=\"wp-block-button has-custom-width wp-block-button__width-75\"><a class=\"wp-block-button__link has-white-color has-text-color has-background has-link-color wp-element-button\" href=\"https:\/\/www.eventbrite.com\/e\/mostra-darts-de-viaro-5a-edicio-tickets-1984982132994?aff=oddtdtcreator&amp;_gl=1*147u3hy*_up*MQ..*_ga*MTc4ODMzODk0NS4xNzczMjQ4NzUx*_ga_TQVES5V6SH*czE3NzMzMDM5MzgkbzIkZzAkdDE3NzMzMDM5MzgkajYwJGwwJGgw&amp;keep_tld=true\" style=\"background-color:#b2153f\" target=\"_blank\" rel=\"noopener\">Inscripci\u00f3 familiar<\/a><\/div>\n<\/div>\n\n\n\n<div style=\"height:50px\" aria-hidden=\"true\" class=\"wp-block-spacer\"><\/div>\n\n\n\n<h2 class=\"wp-block-heading has-text-align-center\">ACTIVITATS I TALLERS<\/h2>\n<\/div>\n\n\n\n<div class=\"wp-block-column is-layout-flow wp-block-column-is-layout-flow\"><\/div>\n<\/div>\n\n\n\n<div class=\"wp-block-columns is-layout-flex wp-container-core-columns-is-layout-9d6595d7 wp-block-columns-is-layout-flex\">\n<div class=\"wp-block-column is-layout-flow wp-block-column-is-layout-flow\" style=\"flex-basis:5%\"><\/div>\n\n\n\n<div class=\"wp-block-column is-layout-flow wp-block-column-is-layout-flow\">\n<figure class=\"wp-block-image size-full\"><img decoding=\"async\" width=\"800\" height=\"533\" src=\"https:\/\/viaro.org\/wp-content\/uploads\/2026\/03\/MAV_VIARO3.jpg\" alt=\"\" class=\"wp-image-26149\" srcset=\"https:\/\/viaro.org\/wp-content\/uploads\/2026\/03\/MAV_VIARO3.jpg 800w, https:\/\/viaro.org\/wp-content\/uploads\/2026\/03\/MAV_VIARO3-300x200.jpg 300w, https:\/\/viaro.org\/wp-content\/uploads\/2026\/03\/MAV_VIARO3-768x512.jpg 768w\" sizes=\"(max-width: 800px) 100vw, 800px\" \/><\/figure>\n\n\n\n<h3 class=\"wp-block-heading\">CONCURS DE PINTURA<\/h3>\n\n\n\n<p>Una tradici\u00f3 de Viar\u00f3, veniu a pintar un rac\u00f3 del col\u00b7legi en fam\u00edlia<\/p>\n<\/div>\n\n\n\n<div class=\"wp-block-column is-layout-flow wp-block-column-is-layout-flow\" style=\"flex-basis:2%\"><\/div>\n\n\n\n<div class=\"wp-block-column is-layout-flow wp-block-column-is-layout-flow\">\n<figure class=\"wp-block-image size-full\"><img decoding=\"async\" width=\"2408\" height=\"1590\" src=\"https:\/\/viaro.org\/wp-content\/uploads\/2026\/03\/MAV_VIARO18.png\" alt=\"\" class=\"wp-image-26144\" srcset=\"https:\/\/viaro.org\/wp-content\/uploads\/2026\/03\/MAV_VIARO18.png 2408w, https:\/\/viaro.org\/wp-content\/uploads\/2026\/03\/MAV_VIARO18-300x198.png 300w, https:\/\/viaro.org\/wp-content\/uploads\/2026\/03\/MAV_VIARO18-1024x676.png 1024w, https:\/\/viaro.org\/wp-content\/uploads\/2026\/03\/MAV_VIARO18-768x507.png 768w, https:\/\/viaro.org\/wp-content\/uploads\/2026\/03\/MAV_VIARO18-1536x1014.png 1536w, https:\/\/viaro.org\/wp-content\/uploads\/2026\/03\/MAV_VIARO18-2048x1352.png 2048w\" sizes=\"(max-width: 2408px) 100vw, 2408px\" \/><\/figure>\n\n\n\n<h3 class=\"wp-block-heading\">TALLERS ART\u00cdSTICS<\/h3>\n\n\n\n<p>Jocs i activitats relacionades amb l\u2019art. Manualitats, pinta-cares, dibuix, escultura\u2026\n\n<\/p>\n<\/div>\n\n\n\n<div class=\"wp-block-column is-layout-flow wp-block-column-is-layout-flow\" style=\"flex-basis:2%\"><\/div>\n\n\n\n<div class=\"wp-block-column is-layout-flow wp-block-column-is-layout-flow\">\n<figure class=\"wp-block-image size-full\"><img decoding=\"async\" width=\"2560\" height=\"1707\" src=\"https:\/\/viaro.org\/wp-content\/uploads\/2026\/03\/250407-PMacM-1002923-scaled.jpg\" alt=\"\" class=\"wp-image-26141\" srcset=\"https:\/\/viaro.org\/wp-content\/uploads\/2026\/03\/250407-PMacM-1002923-scaled.jpg 2560w, https:\/\/viaro.org\/wp-content\/uploads\/2026\/03\/250407-PMacM-1002923-300x200.jpg 300w, https:\/\/viaro.org\/wp-content\/uploads\/2026\/03\/250407-PMacM-1002923-1024x683.jpg 1024w, https:\/\/viaro.org\/wp-content\/uploads\/2026\/03\/250407-PMacM-1002923-768x512.jpg 768w, https:\/\/viaro.org\/wp-content\/uploads\/2026\/03\/250407-PMacM-1002923-1536x1024.jpg 1536w, https:\/\/viaro.org\/wp-content\/uploads\/2026\/03\/250407-PMacM-1002923-2048x1365.jpg 2048w\" sizes=\"(max-width: 2560px) 100vw, 2560px\" \/><\/figure>\n\n\n\n<h3 class=\"wp-block-heading\">SALA DE LLUM NEGRA<\/h3>\n\n\n\n<p>Entre els tallers art\u00edstics trobar\u00e0s l\u2019espectacular sala de llum negra en una de les aules de Pins, on els dibuixos s\u2019il\u00b7luminen i cobren vida.<\/p>\n<\/div>\n\n\n\n<div class=\"wp-block-column is-layout-flow wp-block-column-is-layout-flow\" style=\"flex-basis:5%\"><\/div>\n<\/div>\n\n\n\n<div class=\"wp-block-columns has-background is-layout-flex wp-container-core-columns-is-layout-9d6595d7 wp-block-columns-is-layout-flex\" style=\"background-color:#f3f3f3\">\n<div class=\"wp-block-column is-layout-flow wp-block-column-is-layout-flow\" style=\"flex-basis:5%\"><\/div>\n\n\n\n<div class=\"wp-block-column is-layout-flow wp-block-column-is-layout-flow\">\n<figure class=\"wp-block-image size-full\"><img decoding=\"async\" width=\"397\" height=\"298\" src=\"https:\/\/viaro.org\/wp-content\/uploads\/2024\/03\/taller-musical-edited.jpg\" alt=\"\" class=\"wp-image-21085\" srcset=\"https:\/\/viaro.org\/wp-content\/uploads\/2024\/03\/taller-musical-edited.jpg 397w, https:\/\/viaro.org\/wp-content\/uploads\/2024\/03\/taller-musical-edited-300x225.jpg 300w\" sizes=\"(max-width: 397px) 100vw, 397px\" \/><\/figure>\n<\/div>\n\n\n\n<div class=\"wp-block-column is-layout-flow wp-block-column-is-layout-flow\" style=\"flex-basis:2%\"><\/div>\n\n\n\n<div class=\"wp-block-column is-layout-flow wp-block-column-is-layout-flow\" style=\"flex-basis:2%\"><\/div>\n\n\n\n<div class=\"wp-block-column is-layout-flow wp-block-column-is-layout-flow\">\n<h3 class=\"wp-block-heading\">TALLERS MUSICALS<\/h3>\n\n\n\n<p class=\"has-text-align-left\">Estimulaci\u00f3 musical per als m\u00e9s petits amb Raquel R\u00edos <\/p>\n\n\n\n<p class=\"has-text-align-left\">Grup 0-2 anys <\/p>\n\n\n\n<p class=\"has-text-align-left\">Grup 3-4 anus<\/p>\n\n\n\n<p class=\"has-text-align-left\">sol\u00b7licita la inscripci\u00f3 escrivint a <\/p>\n\n\n\n<p class=\"has-text-align-left\"><a href=\"mailto:estimulaciomusicalmav@gmail.com\" target=\"_blank\" rel=\"noreferrer noopener\"><strong>estimulaciomusicalmav@gmail.com<\/strong><\/a><\/p>\n<\/div>\n\n\n\n<div class=\"wp-block-column is-layout-flow wp-block-column-is-layout-flow\" style=\"flex-basis:5%\"><\/div>\n<\/div>\n\n\n\n<div class=\"wp-block-columns is-layout-flex wp-container-core-columns-is-layout-9d6595d7 wp-block-columns-is-layout-flex\">\n<div class=\"wp-block-column is-layout-flow wp-block-column-is-layout-flow\" style=\"flex-basis:5%\"><\/div>\n\n\n\n<div class=\"wp-block-column is-layout-flow wp-block-column-is-layout-flow\">\n<figure class=\"wp-block-image size-full\"><img decoding=\"async\" width=\"800\" height=\"533\" src=\"https:\/\/viaro.org\/wp-content\/uploads\/2026\/03\/MAV_VIARO10.jpg\" alt=\"\" class=\"wp-image-26151\" srcset=\"https:\/\/viaro.org\/wp-content\/uploads\/2026\/03\/MAV_VIARO10.jpg 800w, https:\/\/viaro.org\/wp-content\/uploads\/2026\/03\/MAV_VIARO10-300x200.jpg 300w, https:\/\/viaro.org\/wp-content\/uploads\/2026\/03\/MAV_VIARO10-768x512.jpg 768w\" sizes=\"(max-width: 800px) 100vw, 800px\" \/><\/figure>\n\n\n\n<h3 class=\"wp-block-heading\">AUDICIONS MUSICALS<\/h3>\n\n\n\n<p>Alumnes de l\u2019EMV ens mostraran els seus progressos en un escenari a l\u2019aire lliure.<\/p>\n<\/div>\n\n\n\n<div class=\"wp-block-column is-layout-flow wp-block-column-is-layout-flow\" style=\"flex-basis:2%\"><\/div>\n\n\n\n<div class=\"wp-block-column is-layout-flow wp-block-column-is-layout-flow\" style=\"flex-basis:2%\"><\/div>\n\n\n\n<div class=\"wp-block-column is-layout-flow wp-block-column-is-layout-flow\">\n<figure class=\"wp-block-image size-full\"><img decoding=\"async\" width=\"800\" height=\"533\" src=\"https:\/\/viaro.org\/wp-content\/uploads\/2026\/03\/MAV_VIARO5.jpg\" alt=\"\" class=\"wp-image-26154\" srcset=\"https:\/\/viaro.org\/wp-content\/uploads\/2026\/03\/MAV_VIARO5.jpg 800w, https:\/\/viaro.org\/wp-content\/uploads\/2026\/03\/MAV_VIARO5-300x200.jpg 300w, https:\/\/viaro.org\/wp-content\/uploads\/2026\/03\/MAV_VIARO5-768x512.jpg 768w\" sizes=\"(max-width: 800px) 100vw, 800px\" \/><\/figure>\n\n\n\n<h3 class=\"wp-block-heading\">CONCERT DE CORALS<\/h3>\n\n\n\n<p>Amb les corals de Prim\u00e0ria i Secund\u00e0ria i l\u2019Orquestra de Cambra de l\u2019Ametller<\/p>\n<\/div>\n\n\n\n<div class=\"wp-block-column is-layout-flow wp-block-column-is-layout-flow\" style=\"flex-basis:5%\"><\/div>\n<\/div>\n\n\n\n<div class=\"wp-block-columns is-layout-flex wp-container-core-columns-is-layout-9d6595d7 wp-block-columns-is-layout-flex\">\n<div class=\"wp-block-column is-layout-flow wp-block-column-is-layout-flow\"><\/div>\n\n\n\n<div class=\"wp-block-column is-layout-flow wp-block-column-is-layout-flow\" style=\"flex-basis:50%\">\n<div class=\"wp-block-buttons is-content-justification-center is-layout-flex wp-container-core-buttons-is-layout-16018d1d wp-block-buttons-is-layout-flex\">\n<div class=\"wp-block-button has-custom-width wp-block-button__width-75\"><a class=\"wp-block-button__link has-white-color has-text-color has-background has-link-color wp-element-button\" href=\"https:\/\/www.eventbrite.com\/e\/mostra-darts-de-viaro-5a-edicio-tickets-1984982132994?aff=oddtdtcreator&amp;_gl=1*147u3hy*_up*MQ..*_ga*MTc4ODMzODk0NS4xNzczMjQ4NzUx*_ga_TQVES5V6SH*czE3NzMzMDM5MzgkbzIkZzAkdDE3NzMzMDM5MzgkajYwJGwwJGgw&amp;keep_tld=true\" style=\"background-color:#b2153f\" target=\"_blank\" rel=\"noopener\">Inscripci\u00f3 familiar<\/a><\/div>\n<\/div>\n\n\n\n<div style=\"height:30px\" aria-hidden=\"true\" class=\"wp-block-spacer\"><\/div>\n\n\n\n<h2 class=\"wp-block-heading has-text-align-center\">SERVEI DE BAR<\/h2>\n\n\n\n<p class=\"has-text-align-center\">Durant toda la jornada de la Mostra d\u2019Arts, tindreu a vuestra disposici\u00f3un servei de Bar amb begudes, gelats, snacks, etc.\n\n<\/p>\n\n\n\n<p class=\"has-text-align-center\">Tamb\u00e9 hi podreu adquirir entrepans o portar el vostre propi menjar de casa\nsi voleu quedar-vos a dinar a les instal\u00b7lacions del col\u00b7legi<\/p>\n\n\n\n<p class=\"has-text-align-center\">*<em>Aquest servei est\u00e0 at\u00e8s per alumnes de Batxillerat i tots els beneficis es destinen \u00edntegrament al<strong> <a href=\"https:\/\/viaro.org\/wp-content\/uploads\/2022\/05\/memoria-NAIROBI-22.pdf\">projecte educatiu i assistencial que els alumne<\/a><\/strong><\/em><em><strong><a href=\"https:\/\/viaro.org\/wp-content\/uploads\/2022\/05\/memoria-NAIROBI-22.pdf\">s desenvolupen a Nairobi.<\/a><\/strong><\/em><\/p>\n\n\n<div class=\"wp-block-image\">\n<figure class=\"aligncenter size-full uag-hide-desktop\"><img decoding=\"async\" width=\"1080\" height=\"1920\" src=\"https:\/\/viaro.org\/wp-content\/uploads\/2026\/03\/25-Mostra-ARTS.001-1.jpeg\" alt=\"\" class=\"wp-image-26113\" srcset=\"https:\/\/viaro.org\/wp-content\/uploads\/2026\/03\/25-Mostra-ARTS.001-1.jpeg 1080w, https:\/\/viaro.org\/wp-content\/uploads\/2026\/03\/25-Mostra-ARTS.001-1-169x300.jpeg 169w, https:\/\/viaro.org\/wp-content\/uploads\/2026\/03\/25-Mostra-ARTS.001-1-576x1024.jpeg 576w, https:\/\/viaro.org\/wp-content\/uploads\/2026\/03\/25-Mostra-ARTS.001-1-768x1365.jpeg 768w, https:\/\/viaro.org\/wp-content\/uploads\/2026\/03\/25-Mostra-ARTS.001-1-864x1536.jpeg 864w\" sizes=\"(max-width: 1080px) 100vw, 1080px\" \/><\/figure><\/div>\n\n\n<div style=\"height:30px\" aria-hidden=\"true\" class=\"wp-block-spacer\"><\/div>\n\n\n\n<div class=\"wp-block-buttons uag-hide-desktop is-content-justification-center is-layout-flex wp-container-core-buttons-is-layout-16018d1d wp-block-buttons-is-layout-flex\">\n<div class=\"wp-block-button has-custom-width wp-block-button__width-75\"><a class=\"wp-block-button__link has-white-color has-text-color has-background has-link-color wp-element-button\" href=\"https:\/\/www.eventbrite.com\/e\/mostra-darts-de-viaro-5a-edicio-tickets-1984982132994?aff=oddtdtcreator&amp;_gl=1*147u3hy*_up*MQ..*_ga*MTc4ODMzODk0NS4xNzczMjQ4NzUx*_ga_TQVES5V6SH*czE3NzMzMDM5MzgkbzIkZzAkdDE3NzMzMDM5MzgkajYwJGwwJGgw&amp;keep_tld=true\" style=\"background-color:#b2153f\" target=\"_blank\" rel=\"noopener\">Inscripci\u00f3  familiar<\/a><\/div>\n<\/div>\n<\/div>\n\n\n\n<div class=\"wp-block-column is-layout-flow wp-block-column-is-layout-flow\"><\/div>\n<\/div>\n\n\n<div class=\"wp-block-image\">\n<figure class=\"aligncenter size-full uag-hide-tab uag-hide-mob\"><img decoding=\"async\" width=\"1920\" height=\"1080\" src=\"https:\/\/viaro.org\/wp-content\/uploads\/2026\/03\/Maqueta-horario.003.jpeg\" alt=\"\" class=\"wp-image-26117\" srcset=\"https:\/\/viaro.org\/wp-content\/uploads\/2026\/03\/Maqueta-horario.003.jpeg 1920w, https:\/\/viaro.org\/wp-content\/uploads\/2026\/03\/Maqueta-horario.003-300x169.jpeg 300w, https:\/\/viaro.org\/wp-content\/uploads\/2026\/03\/Maqueta-horario.003-1024x576.jpeg 1024w, https:\/\/viaro.org\/wp-content\/uploads\/2026\/03\/Maqueta-horario.003-768x432.jpeg 768w, https:\/\/viaro.org\/wp-content\/uploads\/2026\/03\/Maqueta-horario.003-1536x864.jpeg 1536w, https:\/\/viaro.org\/wp-content\/uploads\/2026\/03\/Maqueta-horario.003-297x167.jpeg 297w\" sizes=\"(max-width: 1920px) 100vw, 1920px\" \/><\/figure><\/div>\n\n\n<div style=\"height:75px\" aria-hidden=\"true\" class=\"wp-block-spacer\"><\/div>\n\n\n\n<h2 class=\"wp-block-heading has-text-align-center has-text-color has-link-color wp-elements-ee23edffa868e8a3a15deb86f177721d\" style=\"color:#b2153f\">Preguntes<\/h2>\n\n\n\n<div class=\"wp-block-columns is-layout-flex wp-container-core-columns-is-layout-9d6595d7 wp-block-columns-is-layout-flex\">\n<div class=\"wp-block-column is-layout-flow wp-block-column-is-layout-flow\" style=\"flex-basis:10%\"><\/div>\n\n\n\n<div class=\"wp-block-column is-layout-flow wp-block-column-is-layout-flow\">\n<h4 class=\"wp-block-heading\">Qu\u00e8 \u00e9s La Mostra d&#8217;Arts?<\/h4>\n\n\n\n<p>Una jornada per gaudir de l&#8217;art en fam\u00edlia, plena d&#8217;activitats i espectacles.<\/p>\n\n\n\n<h4 class=\"wp-block-heading\">Com m&#8217;apunto als tallers infantils d&#8217;Estimulaci\u00f3 Musical?<\/h4>\n\n\n\n<p>Escrivint un email a <strong><a href=\"mailto:estimulaciomusicalmav@gmail.com\" target=\"_blank\" rel=\"noreferrer noopener\">estimulaciomusicalmav@gmail.com<\/a><\/strong> indica a quin taller et vols apuntar segons l&#8217;edat i et confirmarem si \u00e9s possible la inscripci\u00f3 o si accedeixes a la llista d&#8217;espera.<\/p>\n<\/div>\n\n\n\n<div class=\"wp-block-column is-layout-flow wp-block-column-is-layout-flow\" style=\"flex-basis:10%\"><\/div>\n\n\n\n<div class=\"wp-block-column is-layout-flow wp-block-column-is-layout-flow\">\n<h4 class=\"wp-block-heading\">Per qu\u00e8 organitzem la Mostra d&#8217;Arts?<\/h4>\n\n\n\n<p>Perqu\u00e8 volem mostrar el resultat de tot el treball ordinari que fan els nostres alumnes a trav\u00e9s del <a href=\"https:\/\/arts.viaro.org\/\"><strong>Programa Viar\u00f3 Arts<\/strong><\/a>.<\/p>\n\n\n\n<h4 class=\"wp-block-heading\">PER A QUI \u00c9S LA MOSTRA D\u2019ARTS?<\/h4>\n\n\n\n<p>Per a tothom. No deixeu de convidar a familiars i amics a les audicions, concursos, jocs infantils\u2026<\/p>\n\n\n\n<h4 class=\"wp-block-heading\">QUANT COSTA LA MOSTRA D\u2019ARTS?<\/h4>\n\n\n\n<p>L&#8217;entrada i les activitats s\u00f3n <strong>gratu\u00eftes<\/strong>. Per\u00f2 recorda que has de demanar la inscripci\u00f3 per mail als tallers d&#8217;estimulaci\u00f3 musical<\/p>\n<\/div>\n\n\n\n<div class=\"wp-block-column is-layout-flow wp-block-column-is-layout-flow\" style=\"flex-basis:10%\"><\/div>\n<\/div>\n\n\n\n<div style=\"height:70px\" aria-hidden=\"true\" class=\"wp-block-spacer\"><\/div>\n\n\n\n<h2 class=\"wp-block-heading has-text-align-center uag-hide-tab uag-hide-mob\">EDICIONS ANTERIORS<\/h2>\n\n\n\n<div class=\"wp-block-columns uag-hide-tab uag-hide-mob is-layout-flex wp-container-core-columns-is-layout-9d6595d7 wp-block-columns-is-layout-flex\">\n<div class=\"wp-block-column is-layout-flow wp-block-column-is-layout-flow\"><\/div>\n\n\n\n<div class=\"wp-block-column is-layout-flow wp-block-column-is-layout-flow\"><\/div>\n\n\n\n<div class=\"wp-block-column is-layout-flow wp-block-column-is-layout-flow\">\n<h3 class=\"wp-block-heading has-text-align-center\"><strong><a href=\"https:\/\/viaro.org\/ca\/mostra-darts-2024\/\">MAV 2024<\/a><\/strong><\/h3>\n<\/div>\n\n\n\n<div class=\"wp-block-column is-layout-flow wp-block-column-is-layout-flow\">\n<h3 class=\"wp-block-heading has-text-align-center\"><strong><a href=\"https:\/\/viaro.org\/ca\/mostra-darts-2023\/\">MAV 2023<\/a><\/strong><\/h3>\n<\/div>\n\n\n\n<div class=\"wp-block-column is-layout-flow wp-block-column-is-layout-flow\">\n<h3 class=\"wp-block-heading has-text-align-center\"><strong><a href=\"https:\/\/viaro.org\/ca\/mostra-darts-viaro-21-22\/\">MAV 2022<\/a><\/strong><\/h3>\n<\/div>\n\n\n\n<div class=\"wp-block-column is-layout-flow wp-block-column-is-layout-flow\"><\/div>\n\n\n\n<div class=\"wp-block-column is-layout-flow wp-block-column-is-layout-flow\"><\/div>\n<\/div>\n","protected":false},"excerpt":{"rendered":"<p>18 D&#8217;ABRIL DE 2026 UNA JORNADA ART\u00cdSTICA PER A TOTA LA FAM\u00cdLIA L\u2019entrada i les activitats de la Mostra d\u2019Arts s\u00f3n gratu\u00eftes i estan obertes a tothom ACTIVITATS I TALLERS CONCURS DE PINTURA Una tradici\u00f3 de Viar\u00f3, veniu a pintar un rac\u00f3 del col\u00b7legi en fam\u00edlia TALLERS ART\u00cdSTICS Jocs i activitats relacionades amb l\u2019art. Manualitats, [&hellip;]<\/p>\n","protected":false},"author":12,"featured_media":21092,"parent":0,"menu_order":0,"comment_status":"closed","ping_status":"closed","template":"","meta":{"_uag_custom_page_level_css":"","_joinchat":[],"footnotes":""},"class_list":["post-17537","page","type-page","status-publish","has-post-thumbnail","hentry"],"uagb_featured_image_src":{"full":["https:\/\/viaro.org\/wp-content\/uploads\/2024\/03\/24-muestra-de-artes-header.png",1500,392,false],"thumbnail":["https:\/\/viaro.org\/wp-content\/uploads\/2024\/03\/24-muestra-de-artes-header-150x150.png",150,150,true],"medium":["https:\/\/viaro.org\/wp-content\/uploads\/2024\/03\/24-muestra-de-artes-header-300x78.png",300,78,true],"medium_large":["https:\/\/viaro.org\/wp-content\/uploads\/2024\/03\/24-muestra-de-artes-header-768x201.png",640,168,true],"large":["https:\/\/viaro.org\/wp-content\/uploads\/2024\/03\/24-muestra-de-artes-header-1024x268.png",640,168,true],"1536x1536":["https:\/\/viaro.org\/wp-content\/uploads\/2024\/03\/24-muestra-de-artes-header.png",1500,392,false],"2048x2048":["https:\/\/viaro.org\/wp-content\/uploads\/2024\/03\/24-muestra-de-artes-header.png",1500,392,false],"related-content":["https:\/\/viaro.org\/wp-content\/uploads\/2024\/03\/24-muestra-de-artes-header-297x167.png",297,167,true]},"uagb_author_info":{"display_name":"Ignacio Malmierca","author_link":"https:\/\/viaro.org\/ca\/author\/imalmierca\/"},"uagb_comment_info":0,"uagb_excerpt":"18 D&#8217;ABRIL DE 2026 UNA JORNADA ART\u00cdSTICA PER A TOTA LA FAM\u00cdLIA L\u2019entrada i les activitats de la Mostra d\u2019Arts s\u00f3n gratu\u00eftes i estan obertes a tothom ACTIVITATS I TALLERS CONCURS DE PINTURA Una tradici\u00f3 de Viar\u00f3, veniu a pintar un rac\u00f3 del col\u00b7legi en fam\u00edlia TALLERS ART\u00cdSTICS Jocs i activitats relacionades amb l\u2019art. Manualitats,&hellip;","_links":{"self":[{"href":"https:\/\/viaro.org\/ca\/wp-json\/wp\/v2\/pages\/17537","targetHints":{"allow":["GET"]}}],"collection":[{"href":"https:\/\/viaro.org\/ca\/wp-json\/wp\/v2\/pages"}],"about":[{"href":"https:\/\/viaro.org\/ca\/wp-json\/wp\/v2\/types\/page"}],"author":[{"embeddable":true,"href":"https:\/\/viaro.org\/ca\/wp-json\/wp\/v2\/users\/12"}],"replies":[{"embeddable":true,"href":"https:\/\/viaro.org\/ca\/wp-json\/wp\/v2\/comments?post=17537"}],"version-history":[{"count":31,"href":"https:\/\/viaro.org\/ca\/wp-json\/wp\/v2\/pages\/17537\/revisions"}],"predecessor-version":[{"id":26158,"href":"https:\/\/viaro.org\/ca\/wp-json\/wp\/v2\/pages\/17537\/revisions\/26158"}],"wp:featuredmedia":[{"embeddable":true,"href":"https:\/\/viaro.org\/ca\/wp-json\/wp\/v2\/media\/21092"}],"wp:attachment":[{"href":"https:\/\/viaro.org\/ca\/wp-json\/wp\/v2\/media?parent=17537"}],"curies":[{"name":"wp","href":"https:\/\/api.w.org\/{rel}","templated":true}]}}