{"id":19199,"date":"2024-02-09T11:22:40","date_gmt":"2024-02-09T11:22:40","guid":{"rendered":"https:\/\/viaro.org\/?page_id=19199"},"modified":"2024-02-09T11:34:17","modified_gmt":"2024-02-09T11:34:17","slug":"batxillerat-tecnologic","status":"publish","type":"page","link":"https:\/\/viaro.org\/ca\/batxillerat-tecnologic\/","title":{"rendered":"Batxillerat Tecnol\u00f2gic"},"content":{"rendered":"\n<div class=\"wp-block-uagb-container uag-hide-mob uagb-block-a1f024a7 alignfull uagb-is-root-container\"><div class=\"uagb-container-inner-blocks-wrap\">\n<div class=\"wp-block-uagb-buttons uagb-buttons__outer-wrap uagb-btn__small-btn uagb-btn-tablet__default-btn uagb-btn-mobile__default-btn uagb-block-03c87d83 uag-hide-mob\"><div class=\"uagb-buttons__wrap uagb-buttons-layout-wrap\">\n<div class=\"wp-block-uagb-buttons-child uagb-buttons__outer-wrap uagb-block-cd099bb2 wp-block-button\"><div class=\"uagb-button__wrapper\"><a class=\"uagb-buttons-repeater wp-block-button__link\" href=\"https:\/\/viaro.org\/bachillerato\/\" onclick=\"return true;\" rel=\"follow noopener\" target=\"_self\"><div class=\"uagb-button__link\">P\u00e0gina Principal<\/div><\/a><\/div><\/div>\n\n\n\n<div class=\"wp-block-uagb-buttons-child uagb-buttons__outer-wrap uagb-block-68ae8859 wp-block-button\"><div class=\"uagb-button__wrapper\"><a class=\"uagb-buttons-repeater wp-block-button__link\" href=\"https:\/\/viaro.org\/bachillerato-tecnologico\/\" onclick=\"return true;\" rel=\"follow noopener\" target=\"_self\"><div class=\"uagb-button__link\">Ci\u00e8ncies i Tecnologia<\/div><\/a><\/div><\/div>\n\n\n\n<div class=\"wp-block-uagb-buttons-child uagb-buttons__outer-wrap uagb-block-79955624 wp-block-button\"><div class=\"uagb-button__wrapper\"><a class=\"uagb-buttons-repeater wp-block-button__link\" href=\"https:\/\/viaro.org\/bachillerato-cientifico\/\" onclick=\"return true;\" rel=\"follow noopener\" target=\"_self\"><div class=\"uagb-button__link\">Ci\u00e8ncies de la Salut<\/div><\/a><\/div><\/div>\n\n\n\n<div class=\"wp-block-uagb-buttons-child uagb-buttons__outer-wrap uagb-block-af031c51 wp-block-button\"><div class=\"uagb-button__wrapper\"><a class=\"uagb-buttons-repeater wp-block-button__link\" href=\"https:\/\/viaro.org\/bachillerato-social\/\" onclick=\"return true;\" rel=\"follow noopener\" target=\"_self\"><div class=\"uagb-button__link\">Ci\u00e8ncies Socials<\/div><\/a><\/div><\/div>\n\n\n\n<div class=\"wp-block-uagb-buttons-child uagb-buttons__outer-wrap uagb-block-a749f0e4 wp-block-button\"><div class=\"uagb-button__wrapper\"><a class=\"uagb-buttons-repeater wp-block-button__link\" href=\"https:\/\/viaro.org\/bachillerato-humanistico\/\" onclick=\"return true;\" rel=\"follow noopener\" target=\"_self\"><div class=\"uagb-button__link\">Humanitats<\/div><\/a><\/div><\/div>\n<\/div><\/div>\n<\/div><\/div>\n\n\n\n<div class=\"wp-block-uagb-info-box uagb-block-628479a8 uagb-infobox__content-wrap  uagb-infobox-icon-above-title uagb-infobox-image-valign-top\"><div class=\"uagb-ifb-content\"><div class=\"uagb-ifb-title-wrap\"><h2 class=\"uagb-ifb-title\">MODALITAT DE CI\u00c8NCIES I TECNOLOGIA<\/h2><\/div><div class=\"uagb-ifb-separator\"><\/div><p class=\"uagb-ifb-desc\">El Batxillerat Tecnol\u00f2gic \u00e9s la teva opci\u00f3 si tens intenci\u00f3 de cursar una enginyeria, Matem\u00e0tiques o F\u00edsica.<br><\/p><\/div><\/div>\n\n\n\n<div style=\"height:80px\" aria-hidden=\"true\" class=\"wp-block-spacer\"><\/div>\n\n\n\n<div class=\"wp-block-uagb-container uagb-block-a69914fa alignfull uagb-is-root-container\"><div class=\"uagb-container-inner-blocks-wrap\">\n<div class=\"wp-block-uagb-container uagb-block-a4dc49f2\">\n<div class=\"wp-block-uagb-info-box uagb-block-db1c4683 uagb-infobox__content-wrap  uagb-infobox-icon-above-title uagb-infobox-image-valign-top\"><div class=\"uagb-ifb-content\"><div class=\"uagb-ifb-title-wrap\"><h3 class=\"uagb-ifb-title\">BRANCA TECNOL\u00d2GICA<\/h3><\/div><div class=\"uagb-ifb-separator\"><\/div><p class=\"uagb-ifb-desc\">Per a cursar el Batxillerat Tecnol\u00f2gic has de triar <strong>Matem\u00e0tiques<\/strong> a 1r Batxillerat com a assignatura de modalitat obligat\u00f2ria.<br><br>A m\u00e9s, estudiar\u00e0s <strong>F\u00edsica<\/strong> i <strong>Qu\u00edmica<\/strong>, encara que pots substituir una d&#8217;aquestes dues assignatures per <strong>Economia<\/strong> si tens la idea d&#8217;ampliar estudis de negocis despr\u00e9s de la carrera.<br><br>Cursar\u00e0s tamb\u00e9 <strong>Dibuix T\u00e8cnic<\/strong> quan sigui necessari per als estudis universitaris que has triat, per\u00f2 en el seu lloc pots triar una assignatura de la Branca Social (<strong>Fonaments del dret<\/strong>) o de la Human\u00edstica (<strong>Antropologia<\/strong>).<br><br>A 2n Batxillerat continuar\u00e0s cursant aquestes assignatures i podr\u00e0s canviar alguna d&#8217;elles -exceptuant les Matem\u00e0tiques- per la <strong>Tecnologia Industrial<\/strong>.<br><br>A&nbsp;Viar\u00f3&nbsp;considerem que les Humanitats s\u00f3n essencials per a la teva formaci\u00f3 global. Per aquest motiu, a 1r cursar\u00e0s una assignatura de la branca d&#8217;arts i humanitats. <br><br>Aquesta assignatura estar\u00e0 dividida en tres trimestres, amb continguts concrets de:<br><em><strong>\u00b7 Literatura universal<br><em>\u00b7 <\/em>Fonaments human\u00edstics<br><em>\u00b7 <\/em>Arts esc\u00e8niques<\/strong><\/em><br><br>A m\u00e9s, si ho desitges podr\u00e0s afegir a aquesta assignatura continguts de<em><em> <\/em><\/em><strong><em>M\u00fasica i t\u00e8cnica vocal<\/em>.<\/strong><\/p><\/div><\/div>\n<\/div>\n\n\n\n<div class=\"wp-block-uagb-container uagb-block-38ce7472\">\n<div class=\"wp-block-uagb-image uagb-block-f5dd9e3d wp-block-uagb-image--layout-default wp-block-uagb-image--effect-static wp-block-uagb-image--align-none\"><figure class=\"wp-block-uagb-image__figure\"><img decoding=\"async\" srcset=\"https:\/\/viaro.org\/wp-content\/uploads\/2023\/05\/2300328-PMacM-5022.jpg \" sizes=\"auto, (max-width: 480px) 150px\" src=\"https:\/\/viaro.org\/wp-content\/uploads\/2023\/05\/2300328-PMacM-5022.jpg\" alt=\"Batxillerat Tecnol\u00f2gic\" class=\"uag-image-17963\" width=\"600\" height=\"600\" title=\"\" loading=\"lazy\"\/><\/figure><\/div>\n<\/div>\n<\/div><\/div>\n\n\n\n<p><\/p>\n\n\n\n<div id=\"proyecto\" class=\"wp-block-uagb-container uagb-block-486faf48 alignfull uagb-is-root-container\"><div class=\"uagb-container-inner-blocks-wrap\">\n<div class=\"wp-block-uagb-container uagb-block-d112dc62\">\n<div class=\"wp-block-uagb-info-box uagb-block-c6059ee0 uagb-infobox__content-wrap  uagb-infobox-icon-above-title uagb-infobox-image-valign-top\"><div class=\"uagb-ifb-content\"><div class=\"uagb-ifb-title-wrap\"><h2 class=\"uagb-ifb-title\">CONFIGURA EL TEU PROPI ITINERARI<\/h2><\/div><div class=\"uagb-ifb-separator\"><\/div><p class=\"uagb-ifb-desc\">Escull les assignatures de modalitat i optatives que t&#8217;agradaria cursar al Batxillerat Tecnol\u00f2gic<\/p><\/div><\/div>\n<\/div>\n\n\n\n<div class=\"wp-block-uagb-info-box uagb-block-c4df0f13 uagb-infobox__content-wrap  uagb-infobox-icon-above-title uagb-infobox-image-valign-top\"><div class=\"uagb-ifb-content\"><div class=\"uagb-ifb-title-wrap\"><h3 class=\"uagb-ifb-title\">1r BATXILLERAT<\/h3><\/div><\/div><\/div>\n\n\n\n<div class=\"wp-block-uagb-container uagb-block-e8d3ba63\">\n<div class=\"wp-block-uagb-container uagb-block-1a2ed895\">\n<div class=\"wp-block-uagb-info-box uagb-block-2d07d384 uagb-infobox__content-wrap  uagb-infobox-icon-above-title uagb-infobox-image-valign-top\"><div class=\"uagb-ifb-content\"><div class=\"uagb-ifb-title-wrap\"><h3 class=\"uagb-ifb-title\">MODALITAT<br>OBLIGAT\u00d2RIA<\/h3><\/div><p class=\"uagb-ifb-desc\">TRIA 1<\/p><div class=\"uagb-ifb-separator\"><\/div><\/div><\/div>\n\n\n\n<div class=\"wp-block-uagb-advanced-heading uagb-block-b001341b\"><h4 class=\"uagb-heading-text\">MATEM\u00c0TIQUES<\/h4><\/div>\n<\/div>\n\n\n\n<div class=\"wp-block-uagb-container uagb-block-9ea73735\">\n<div class=\"wp-block-uagb-info-box uagb-block-9d1c7d93 uagb-infobox__content-wrap  uagb-infobox-icon-above-title uagb-infobox-image-valign-top\"><div class=\"uagb-ifb-content\"><div class=\"uagb-ifb-title-wrap\"><h3 class=\"uagb-ifb-title\">ASSIGNATURES<br>DE MODALITAT<\/h3><\/div><p class=\"uagb-ifb-desc\">TRIA 2<\/p><div class=\"uagb-ifb-separator\"><\/div><\/div><\/div>\n\n\n\n<div class=\"wp-block-uagb-advanced-heading uagb-block-f6c7c287\"><h4 class=\"uagb-heading-text\">F\u00cdSICA<\/h4><\/div>\n\n\n\n<div class=\"wp-block-uagb-advanced-heading uagb-block-6e18d8f3\"><h4 class=\"uagb-heading-text\">QU\u00cdMICA<\/h4><\/div>\n\n\n\n<div class=\"wp-block-uagb-advanced-heading uagb-block-95fe5dff\"><h4 class=\"uagb-heading-text\">ECONOMIA<\/h4><\/div>\n<\/div>\n\n\n\n<div class=\"wp-block-uagb-container uagb-block-ddba1ff1\">\n<div class=\"wp-block-uagb-info-box uagb-block-eed7132a uagb-infobox__content-wrap  uagb-infobox-icon-above-title uagb-infobox-image-valign-top\"><div class=\"uagb-ifb-content\"><div class=\"uagb-ifb-title-wrap\"><h3 class=\"uagb-ifb-title\">ASSIGNATURA<br>OPTATIVA 1<\/h3><\/div><p class=\"uagb-ifb-desc\">TRIA 1<\/p><div class=\"uagb-ifb-separator\"><\/div><\/div><\/div>\n\n\n\n<div class=\"wp-block-uagb-advanced-heading uagb-block-a975801d\"><h4 class=\"uagb-heading-text\">BIOLOGIA<\/h4><\/div>\n\n\n\n<div class=\"wp-block-uagb-advanced-heading uagb-block-867b647b\"><h4 class=\"uagb-heading-text\">DIBUIX T\u00c8CNIC<\/h4><\/div>\n\n\n\n<div class=\"wp-block-uagb-advanced-heading uagb-block-a8840fc9\"><h4 class=\"uagb-heading-text\">ANTROPOLOGIA<\/h4><\/div>\n\n\n\n<div class=\"wp-block-uagb-advanced-heading uagb-block-79908608\"><h4 class=\"uagb-heading-text\">FONAMENTS<br>DEL DRET<\/h4><\/div>\n<\/div>\n<\/div>\n\n\n\n<div class=\"wp-block-uagb-info-box uagb-block-d239ab53 uagb-infobox__content-wrap  uagb-infobox-icon-above-title uagb-infobox-image-valign-top\"><div class=\"uagb-ifb-content\"><div class=\"uagb-ifb-title-wrap\"><h3 class=\"uagb-ifb-title\">2N BATXILLERAT<\/h3><\/div><\/div><\/div>\n\n\n\n<div class=\"wp-block-uagb-container uagb-block-3b49eded\">\n<div class=\"wp-block-uagb-container uagb-block-1feb808e\">\n<div class=\"wp-block-uagb-info-box uagb-block-2ee5106f uagb-infobox__content-wrap  uagb-infobox-icon-above-title uagb-infobox-image-valign-top\"><div class=\"uagb-ifb-content\"><div class=\"uagb-ifb-title-wrap\"><h3 class=\"uagb-ifb-title\">MODALITAT<br>OBLIGAT\u00d2RIA<\/h3><\/div><p class=\"uagb-ifb-desc\">TRIA 1<\/p><div class=\"uagb-ifb-separator\"><\/div><\/div><\/div>\n\n\n\n<div class=\"wp-block-uagb-advanced-heading uagb-block-a1979df3\"><h4 class=\"uagb-heading-text\">MATEM\u00c0TIQUES<\/h4><\/div>\n\n\n\n<div class=\"wp-block-uagb-advanced-heading uagb-block-67b3868a\"><h4 class=\"uagb-heading-text\">MATEM\u00c0TIQUES<br>C. SOCIALS<\/h4><\/div>\n<\/div>\n\n\n\n<div class=\"wp-block-uagb-container uagb-block-243edfaa\">\n<div class=\"wp-block-uagb-info-box uagb-block-525731fe uagb-infobox__content-wrap  uagb-infobox-icon-above-title uagb-infobox-image-valign-top\"><div class=\"uagb-ifb-content\"><div class=\"uagb-ifb-title-wrap\"><h3 class=\"uagb-ifb-title\">ASSIGNATURES<br>DE MODALITAT<\/h3><\/div><p class=\"uagb-ifb-desc\">TRIA 2<\/p><div class=\"uagb-ifb-separator\"><\/div><\/div><\/div>\n\n\n\n<div class=\"wp-block-uagb-advanced-heading uagb-block-c544d4c3\"><h4 class=\"uagb-heading-text\">F\u00cdSICA<\/h4><\/div>\n\n\n\n<div class=\"wp-block-uagb-advanced-heading uagb-block-9c0d1691\"><h4 class=\"uagb-heading-text\">QU\u00cdMICA<\/h4><\/div>\n\n\n\n<div class=\"wp-block-uagb-advanced-heading uagb-block-c790e68d\"><h4 class=\"uagb-heading-text\">BIOLOGIA<\/h4><\/div>\n\n\n\n<div class=\"wp-block-uagb-advanced-heading uagb-block-a3f5ed36\"><h4 class=\"uagb-heading-text\">DIBUIX T\u00c8CNIC<\/h4><\/div>\n<\/div>\n\n\n\n<div class=\"wp-block-uagb-container uagb-block-1cf800a1\">\n<div class=\"wp-block-uagb-info-box uagb-block-21216730 uagb-infobox__content-wrap  uagb-infobox-icon-above-title uagb-infobox-image-valign-top\"><div class=\"uagb-ifb-content\"><div class=\"uagb-ifb-title-wrap\"><h3 class=\"uagb-ifb-title\">ASSIGNATURA<br>OPTATIVA 1<\/h3><\/div><p class=\"uagb-ifb-desc\">TRIA 1<\/p><div class=\"uagb-ifb-separator\"><\/div><\/div><\/div>\n\n\n\n<div class=\"wp-block-uagb-advanced-heading uagb-block-0150c2ba\"><h4 class=\"uagb-heading-text\">BIOLOGIA<\/h4><\/div>\n\n\n\n<div class=\"wp-block-uagb-advanced-heading uagb-block-effa00bb\"><h4 class=\"uagb-heading-text\">TECNOLOGIA<br>INDUSTRIAL<\/h4><\/div>\n<\/div>\n<\/div>\n<\/div><\/div>\n\n\n\n<div class=\"wp-block-uagb-info-box uagb-block-8a64b40f uagb-infobox__content-wrap  uagb-infobox-icon-above-title uagb-infobox-image-valign-top\"><div class=\"uagb-ifb-content\"><div class=\"uagb-ifb-title-wrap\"><h3 class=\"uagb-ifb-title\">TINC CLAR QUE&#8230;<\/h3><\/div><div class=\"uagb-ifb-separator\"><\/div><p class=\"uagb-ifb-desc\"><strong>La meva branca \u00e9s la Tecnol\u00f2gica<\/strong>, per\u00f2 com distingir una enginyeria d&#8217;una altra? Qu\u00e8 diferencia<br>l&#8217;Enginyeria Civil de la Industrial o l&#8217;Aeroespacial? T\u00e9 les mateixes sortides l&#8217;Enginyeria de<br>Telecomunicacions que la Inform\u00e0tica o la de Dades?<\/p><\/div><\/div>\n\n\n\n<div class=\"wp-block-uagb-container uagb-block-d39fc0d6 alignfull uagb-is-root-container\"><div class=\"uagb-container-inner-blocks-wrap\">\n<div class=\"wp-block-uagb-container uagb-block-0172d2f5\">\n<div class=\"wp-block-uagb-image uagb-block-42287e26 wp-block-uagb-image--layout-default wp-block-uagb-image--effect-static wp-block-uagb-image--align-none\"><figure class=\"wp-block-uagb-image__figure\"><img decoding=\"async\" srcset=\"https:\/\/viaro.org\/wp-content\/uploads\/2023\/05\/2300328-PMacM-4960.jpg \" sizes=\"auto, (max-width: 480px) 150px\" src=\"https:\/\/viaro.org\/wp-content\/uploads\/2023\/05\/2300328-PMacM-4960.jpg\" alt=\"orientacion universitaria\" class=\"uag-image-17966\" width=\"600\" height=\"600\" title=\"\" loading=\"lazy\"\/><\/figure><\/div>\n<\/div>\n\n\n\n<div class=\"wp-block-uagb-container uagb-block-e4151cd2\">\n<div class=\"wp-block-uagb-info-box uagb-block-ee284aac uagb-infobox__content-wrap  uagb-infobox-icon-above-title uagb-infobox-image-valign-top\"><div class=\"uagb-ifb-content\"><div class=\"uagb-ifb-title-wrap\"><h3 class=\"uagb-ifb-title\">ORIENTACI\u00d3 UNIVERSIT\u00c0RIA<\/h3><\/div><div class=\"uagb-ifb-separator\"><\/div><p class=\"uagb-ifb-desc\">A m\u00e9s de comptar amb un tutor personal, que els pugui orientar en l&#8217;elecci\u00f3 de carrera, i la disponibilitat de la resta de professors de Batxillerat, els alumnes de&nbsp;Viar\u00f3&nbsp;visiten les diferents universitats p\u00fabliques i privades de la prov\u00edncia de Barcelona i la <a href=\"https:\/\/www.unav.edu\/\" target=\"_blank\" rel=\"noopener\">Universitat de Navarra<\/a> per a con\u00e8ixer de primera m\u00e0 les caracter\u00edstiques de cada grau.<br><br>Entre altres activitats d&#8217;orientaci\u00f3, organitzem tamb\u00e9 una <strong>Jornada d&#8217;Orientaci\u00f3 Universit\u00e0ria<\/strong>. 30 alumni, que han acabat el batxillerat recentment i es troben cursant diferents graus, venen al col\u00b7legi a explicar com \u00e9s el seu grau i les particularitats de la universitat en la qual estan estudiant.<br><br>Al llarg de la jornada estan disponibles per a respondre a totes les preguntes dels alumnes de Batxillerat. Aquestes sessions resulten de gran utilitat per als alumnes que es debaten entre diverses opcions.<\/p><\/div><\/div>\n<\/div>\n<\/div><\/div>\n\n\n\n<div id=\"pau\" class=\"wp-block-uagb-container uagb-block-f0c4b0db alignfull uagb-is-root-container\"><div class=\"uagb-container-inner-blocks-wrap\">\n<div class=\"wp-block-uagb-info-box uagb-block-9f479a24 uagb-infobox__content-wrap  uagb-infobox-icon-above-title uagb-infobox-image-valign-top\"><div class=\"uagb-ifb-content\"><div class=\"uagb-ifb-title-wrap\"><\/div><div class=\"uagb-ifb-button-wrapper wp-block-button\"><a href=\"https:\/\/viaro.org\/admisiones\/\" class=\"uagb-infobox-cta-link wp-block-button__link\" target=\"_self\" rel=\"noopener noreferrer\" onclick=\"return true;\" alt=\"\"><span class=\"uagb-inline-editing\">M\u00e9s informaci\u00f3<\/span><\/a><\/div><\/div><\/div>\n<\/div><\/div>\n","protected":false},"excerpt":{"rendered":"<p>MATEM\u00c0TIQUES F\u00cdSICA QU\u00cdMICA ECONOMIA BIOLOGIA DIBUIX T\u00c8CNIC ANTROPOLOGIA FONAMENTSDEL DRET MATEM\u00c0TIQUES MATEM\u00c0TIQUESC. SOCIALS F\u00cdSICA QU\u00cdMICA BIOLOGIA DIBUIX T\u00c8CNIC BIOLOGIA TECNOLOGIAINDUSTRIAL<\/p>\n","protected":false},"author":12,"featured_media":17961,"parent":0,"menu_order":0,"comment_status":"closed","ping_status":"closed","template":"","meta":{"_uag_custom_page_level_css":"","_joinchat":[],"footnotes":""},"class_list":["post-19199","page","type-page","status-publish","has-post-thumbnail","hentry"],"uagb_featured_image_src":{"full":["https:\/\/viaro.org\/wp-content\/uploads\/2023\/05\/bachillerato-tecnologico-header.png",2560,670,false],"thumbnail":["https:\/\/viaro.org\/wp-content\/uploads\/2023\/05\/bachillerato-tecnologico-header-150x150.png",150,150,true],"medium":["https:\/\/viaro.org\/wp-content\/uploads\/2023\/05\/bachillerato-tecnologico-header-300x79.png",300,79,true],"medium_large":["https:\/\/viaro.org\/wp-content\/uploads\/2023\/05\/bachillerato-tecnologico-header-768x201.png",640,168,true],"large":["https:\/\/viaro.org\/wp-content\/uploads\/2023\/05\/bachillerato-tecnologico-header-1024x268.png",640,168,true],"1536x1536":["https:\/\/viaro.org\/wp-content\/uploads\/2023\/05\/bachillerato-tecnologico-header-1536x402.png",1536,402,true],"2048x2048":["https:\/\/viaro.org\/wp-content\/uploads\/2023\/05\/bachillerato-tecnologico-header-2048x536.png",2048,536,true],"related-content":["https:\/\/viaro.org\/wp-content\/uploads\/2023\/05\/bachillerato-tecnologico-header-297x167.png",297,167,true]},"uagb_author_info":{"display_name":"Ignacio Malmierca","author_link":"https:\/\/viaro.org\/ca\/author\/imalmierca\/"},"uagb_comment_info":0,"uagb_excerpt":"MATEM\u00c0TIQUES F\u00cdSICA QU\u00cdMICA ECONOMIA BIOLOGIA DIBUIX T\u00c8CNIC ANTROPOLOGIA FONAMENTSDEL DRET MATEM\u00c0TIQUES MATEM\u00c0TIQUESC. SOCIALS F\u00cdSICA QU\u00cdMICA BIOLOGIA DIBUIX T\u00c8CNIC BIOLOGIA TECNOLOGIAINDUSTRIAL","_links":{"self":[{"href":"https:\/\/viaro.org\/ca\/wp-json\/wp\/v2\/pages\/19199","targetHints":{"allow":["GET"]}}],"collection":[{"href":"https:\/\/viaro.org\/ca\/wp-json\/wp\/v2\/pages"}],"about":[{"href":"https:\/\/viaro.org\/ca\/wp-json\/wp\/v2\/types\/page"}],"author":[{"embeddable":true,"href":"https:\/\/viaro.org\/ca\/wp-json\/wp\/v2\/users\/12"}],"replies":[{"embeddable":true,"href":"https:\/\/viaro.org\/ca\/wp-json\/wp\/v2\/comments?post=19199"}],"version-history":[{"count":10,"href":"https:\/\/viaro.org\/ca\/wp-json\/wp\/v2\/pages\/19199\/revisions"}],"predecessor-version":[{"id":20284,"href":"https:\/\/viaro.org\/ca\/wp-json\/wp\/v2\/pages\/19199\/revisions\/20284"}],"wp:featuredmedia":[{"embeddable":true,"href":"https:\/\/viaro.org\/ca\/wp-json\/wp\/v2\/media\/17961"}],"wp:attachment":[{"href":"https:\/\/viaro.org\/ca\/wp-json\/wp\/v2\/media?parent=19199"}],"curies":[{"name":"wp","href":"https:\/\/api.w.org\/{rel}","templated":true}]}}