{"id":19206,"date":"2024-02-09T11:28:33","date_gmt":"2024-02-09T11:28:33","guid":{"rendered":"https:\/\/viaro.org\/?page_id=19206"},"modified":"2024-02-09T12:05:40","modified_gmt":"2024-02-09T12:05:40","slug":"batxillerat-cientific","status":"publish","type":"page","link":"https:\/\/viaro.org\/ca\/batxillerat-cientific\/","title":{"rendered":"Batxillerat Cient\u00edfic"},"content":{"rendered":"\n<div class=\"wp-block-uagb-container uag-hide-mob uagb-block-9b6e2694 alignfull uagb-is-root-container\"><div class=\"uagb-container-inner-blocks-wrap\">\n<div class=\"wp-block-uagb-buttons uagb-buttons__outer-wrap uagb-btn__small-btn uagb-btn-tablet__default-btn uagb-btn-mobile__default-btn uagb-block-8c99b71b uag-hide-mob\"><div class=\"uagb-buttons__wrap uagb-buttons-layout-wrap\">\n<div class=\"wp-block-uagb-buttons-child uagb-buttons__outer-wrap uagb-block-a052a801 wp-block-button\"><div class=\"uagb-button__wrapper\"><a class=\"uagb-buttons-repeater wp-block-button__link\" href=\"https:\/\/viaro.org\/bachillerato\/\" onclick=\"return true;\" rel=\"follow noopener\" target=\"_self\"><div class=\"uagb-button__link\">P\u00e0gina Principal<\/div><\/a><\/div><\/div>\n\n\n\n<div class=\"wp-block-uagb-buttons-child uagb-buttons__outer-wrap uagb-block-447e25c4 wp-block-button\"><div class=\"uagb-button__wrapper\"><a class=\"uagb-buttons-repeater wp-block-button__link\" href=\"https:\/\/viaro.org\/bachillerato-tecnologico\/\" onclick=\"return true;\" rel=\"follow noopener\" target=\"_self\"><div class=\"uagb-button__link\">Ci\u00e8ncies i Tecnologia<\/div><\/a><\/div><\/div>\n\n\n\n<div class=\"wp-block-uagb-buttons-child uagb-buttons__outer-wrap uagb-block-2b042d75 wp-block-button\"><div class=\"uagb-button__wrapper\"><a class=\"uagb-buttons-repeater wp-block-button__link\" href=\"https:\/\/viaro.org\/bachillerato-cientifico\/\" onclick=\"return true;\" rel=\"follow noopener\" target=\"_self\"><div class=\"uagb-button__link\">Ci\u00e8ncies de la Salut<\/div><\/a><\/div><\/div>\n\n\n\n<div class=\"wp-block-uagb-buttons-child uagb-buttons__outer-wrap uagb-block-166834a8 wp-block-button\"><div class=\"uagb-button__wrapper\"><a class=\"uagb-buttons-repeater wp-block-button__link\" href=\"https:\/\/viaro.org\/bachillerato-social\/\" onclick=\"return true;\" rel=\"follow noopener\" target=\"_self\"><div class=\"uagb-button__link\">Ci\u00e8ncies Socials<\/div><\/a><\/div><\/div>\n\n\n\n<div class=\"wp-block-uagb-buttons-child uagb-buttons__outer-wrap uagb-block-e8441e59 wp-block-button\"><div class=\"uagb-button__wrapper\"><a class=\"uagb-buttons-repeater wp-block-button__link\" href=\"https:\/\/viaro.org\/bachillerato-humanistico\/\" onclick=\"return true;\" rel=\"follow noopener\" target=\"_self\"><div class=\"uagb-button__link\">Humanitats<\/div><\/a><\/div><\/div>\n<\/div><\/div>\n<\/div><\/div>\n\n\n\n<div style=\"height:70px\" aria-hidden=\"true\" class=\"wp-block-spacer\"><\/div>\n\n\n\n<div class=\"wp-block-uagb-info-box uagb-block-31da14ac uagb-infobox__content-wrap  uagb-infobox-icon-above-title uagb-infobox-image-valign-top\"><div class=\"uagb-ifb-content\"><div class=\"uagb-ifb-title-wrap\"><h2 class=\"uagb-ifb-title\">MODALITAT DE CI\u00c8NCIES DE LA SALUT<\/h2><\/div><div class=\"uagb-ifb-separator\"><\/div><p class=\"uagb-ifb-desc\">El Batxillerat Cient\u00edfic \u00e9s la teva opci\u00f3 si desitges estudiar Medicina, Biologia, Odontologia, Farm\u00e0cia o&nbsp;Bioenginyeria.<\/p><\/div><\/div>\n\n\n\n<div style=\"height:80px\" aria-hidden=\"true\" class=\"wp-block-spacer\"><\/div>\n\n\n\n<div class=\"wp-block-uagb-container uagb-block-cedf0055 alignfull uagb-is-root-container\"><div class=\"uagb-container-inner-blocks-wrap\">\n<div class=\"wp-block-uagb-container uagb-block-00e9c37e\">\n<div class=\"wp-block-uagb-info-box uagb-block-091fccc3 uagb-infobox__content-wrap  uagb-infobox-icon-above-title uagb-infobox-image-valign-top\"><div class=\"uagb-ifb-content\"><div class=\"uagb-ifb-title-wrap\"><h3 class=\"uagb-ifb-title\">BRANCA BIOSANIT\u00c0RIA<\/h3><\/div><div class=\"uagb-ifb-separator\"><\/div><p class=\"uagb-ifb-desc\">Per a cursar el Batxillerat Cient\u00edfic has de triar <strong>Matem\u00e0tiques<\/strong> a 1r Batxillerat com a assignatura de modalitat obligat\u00f2ria.<br><br>Com a assignatures de modalitat haur\u00e0s d&#8217;estudiar <strong>Biologia<\/strong> i <strong>Qu\u00edmica<\/strong>, encara que podr\u00e0s triar com a assignatura optativa entre la <strong>F\u00edsica<\/strong>, que et donar\u00e0 una base tecnol\u00f2gica i et servir\u00e0 per a les ponderacions de les PAU, i <strong>l&#8217;Economia<\/strong>, que t&#8217;aportar\u00e0 una visi\u00f3 general sobre la gesti\u00f3 d&#8217;empreses.<br><br>A 2n Batxillerat continuar\u00e0s cursant aquestes assignatures, encara que podr\u00e0s canviar les <strong>Matem\u00e0tiques<\/strong> per l&#8217;assignatura de <strong>Matem\u00e0tiques Aplicades a les Ci\u00e8ncies Socials<\/strong>.<br><br>A\u00a0Viar\u00f3\u00a0considerem que les Humanitats s\u00f3n essencials per a la teva formaci\u00f3 global. Per aquest motiu, a 1r cursar\u00e0s una assignatura de la branca d&#8217;arts i humanitats. <br><br>Aquesta assignatura estar\u00e0 dividida en tres trimestres, amb continguts concrets de:<br><em><strong>\u00b7 Literatura universal<br><em>\u00b7 <\/em>Fonaments human\u00edstics<br><em>\u00b7 <\/em>Arts esc\u00e8niques<\/strong><\/em><br><br>A m\u00e9s, si ho desitges podr\u00e0s afegir a aquesta assignatura continguts de<em><em> <\/em><\/em><strong><em>M\u00fasica i t\u00e8cnica vocal<\/em>.<\/strong><\/p><\/div><\/div>\n<\/div>\n\n\n\n<div class=\"wp-block-uagb-container uagb-block-14aa2387\">\n<div class=\"wp-block-uagb-image uagb-block-37d3c40a wp-block-uagb-image--layout-default wp-block-uagb-image--effect-static wp-block-uagb-image--align-none\"><figure class=\"wp-block-uagb-image__figure\"><img decoding=\"async\" srcset=\"https:\/\/viaro.org\/wp-content\/uploads\/2023\/05\/2300328-PMacM-6018.jpg \" sizes=\"auto, (max-width: 480px) 150px\" src=\"https:\/\/viaro.org\/wp-content\/uploads\/2023\/05\/2300328-PMacM-6018.jpg\" alt=\"batxillerat cient\u00edfic\" class=\"uag-image-17984\" width=\"600\" height=\"600\" title=\"\" loading=\"lazy\"\/><\/figure><\/div>\n<\/div>\n<\/div><\/div>\n\n\n\n<p><\/p>\n\n\n\n<div id=\"proyecto\" class=\"wp-block-uagb-container uagb-block-071105ed alignfull uagb-is-root-container\"><div class=\"uagb-container-inner-blocks-wrap\">\n<div class=\"wp-block-uagb-container uagb-block-3157b07d\">\n<div class=\"wp-block-uagb-info-box uagb-block-6f35a29e uagb-infobox__content-wrap  uagb-infobox-icon-above-title uagb-infobox-image-valign-top\"><div class=\"uagb-ifb-content\"><div class=\"uagb-ifb-title-wrap\"><h2 class=\"uagb-ifb-title\">CONFIGURA EL TEU PROPI ITINERARI<\/h2><\/div><div class=\"uagb-ifb-separator\"><\/div><p class=\"uagb-ifb-desc\">Tria les assignatures de modalitat i optatives que t&#8217;agradaria cursar en el Batxillerat Cient\u00edfic<\/p><\/div><\/div>\n<\/div>\n\n\n\n<div class=\"wp-block-uagb-info-box uagb-block-0bfa7aa1 uagb-infobox__content-wrap  uagb-infobox-icon-above-title uagb-infobox-image-valign-top\"><div class=\"uagb-ifb-content\"><div class=\"uagb-ifb-title-wrap\"><h3 class=\"uagb-ifb-title\">1r BATXILLERAT<\/h3><\/div><\/div><\/div>\n\n\n\n<div class=\"wp-block-uagb-container uagb-block-94fd87fb\">\n<div class=\"wp-block-uagb-container uagb-block-0e2dcb5f\">\n<div class=\"wp-block-uagb-info-box uagb-block-200c6bad uagb-infobox__content-wrap  uagb-infobox-icon-above-title uagb-infobox-image-valign-top\"><div class=\"uagb-ifb-content\"><div class=\"uagb-ifb-title-wrap\"><h3 class=\"uagb-ifb-title\">MODALITAT<br>OBLIGAT\u00d2RIA<\/h3><\/div><p class=\"uagb-ifb-desc\">TRIA 1<\/p><div class=\"uagb-ifb-separator\"><\/div><\/div><\/div>\n\n\n\n<div class=\"wp-block-uagb-advanced-heading uagb-block-bac0f086\"><h4 class=\"uagb-heading-text\">MATEM\u00c0TIQUES<\/h4><\/div>\n<\/div>\n\n\n\n<div class=\"wp-block-uagb-container uagb-block-681ef408\">\n<div class=\"wp-block-uagb-info-box uagb-block-4bfcdec0 uagb-infobox__content-wrap  uagb-infobox-icon-above-title uagb-infobox-image-valign-top\"><div class=\"uagb-ifb-content\"><div class=\"uagb-ifb-title-wrap\"><h3 class=\"uagb-ifb-title\">ASSIGNATURES<br>DE MODALITAT<\/h3><\/div><p class=\"uagb-ifb-desc\">TRIA 2<\/p><div class=\"uagb-ifb-separator\"><\/div><\/div><\/div>\n\n\n\n<div class=\"wp-block-uagb-advanced-heading uagb-block-8f79d1eb\"><h4 class=\"uagb-heading-text\">BIOLOGIA<\/h4><\/div>\n\n\n\n<div class=\"wp-block-uagb-advanced-heading uagb-block-46b3f1f1\"><h4 class=\"uagb-heading-text\">QU\u00cdMICA<\/h4><\/div>\n<\/div>\n\n\n\n<div class=\"wp-block-uagb-container uagb-block-8a27ad3f\">\n<div class=\"wp-block-uagb-info-box uagb-block-093dd6df uagb-infobox__content-wrap  uagb-infobox-icon-above-title uagb-infobox-image-valign-top\"><div class=\"uagb-ifb-content\"><div class=\"uagb-ifb-title-wrap\"><h3 class=\"uagb-ifb-title\">ASSIGNATURA<br>OPTATIVA 1<\/h3><\/div><p class=\"uagb-ifb-desc\">TRIA 1<\/p><div class=\"uagb-ifb-separator\"><\/div><\/div><\/div>\n\n\n\n<div class=\"wp-block-uagb-advanced-heading uagb-block-143c70f2\"><h4 class=\"uagb-heading-text\">F\u00cdSICA<\/h4><\/div>\n\n\n\n<div class=\"wp-block-uagb-advanced-heading uagb-block-507d8911\"><h4 class=\"uagb-heading-text\">ECONOMIA<\/h4><\/div>\n<\/div>\n<\/div>\n\n\n\n<div class=\"wp-block-uagb-info-box uagb-block-252027c8 uagb-infobox__content-wrap  uagb-infobox-icon-above-title uagb-infobox-image-valign-top\"><div class=\"uagb-ifb-content\"><div class=\"uagb-ifb-title-wrap\"><h3 class=\"uagb-ifb-title\">2n BATXILLERAT<\/h3><\/div><\/div><\/div>\n\n\n\n<div class=\"wp-block-uagb-container uagb-block-879cbeaf\">\n<div class=\"wp-block-uagb-container uagb-block-cc0fce30\">\n<div class=\"wp-block-uagb-info-box uagb-block-fdee9244 uagb-infobox__content-wrap  uagb-infobox-icon-above-title uagb-infobox-image-valign-top\"><div class=\"uagb-ifb-content\"><div class=\"uagb-ifb-title-wrap\"><h3 class=\"uagb-ifb-title\">MODALITAT<br>OBLIGAT\u00d2RIA<\/h3><\/div><p class=\"uagb-ifb-desc\">TRIA 1<\/p><div class=\"uagb-ifb-separator\"><\/div><\/div><\/div>\n\n\n\n<div class=\"wp-block-uagb-advanced-heading uagb-block-60ca246a\"><h4 class=\"uagb-heading-text\">MATEM\u00c0TIQUES<\/h4><\/div>\n\n\n\n<div class=\"wp-block-uagb-advanced-heading uagb-block-635ab4bf\"><h4 class=\"uagb-heading-text\">MATEM\u00c0TIQUES<br>C. SOCIALS<\/h4><\/div>\n<\/div>\n\n\n\n<div class=\"wp-block-uagb-container uagb-block-dcca5f96\">\n<div class=\"wp-block-uagb-info-box uagb-block-a523b5b7 uagb-infobox__content-wrap  uagb-infobox-icon-above-title uagb-infobox-image-valign-top\"><div class=\"uagb-ifb-content\"><div class=\"uagb-ifb-title-wrap\"><h3 class=\"uagb-ifb-title\">ASSIGNATURES<br>DE MODALITAT<\/h3><\/div><p class=\"uagb-ifb-desc\">TRIA 2<\/p><div class=\"uagb-ifb-separator\"><\/div><\/div><\/div>\n\n\n\n<div class=\"wp-block-uagb-advanced-heading uagb-block-9f1df1fb\"><h4 class=\"uagb-heading-text\">BIOLOGIA<\/h4><\/div>\n\n\n\n<div class=\"wp-block-uagb-advanced-heading uagb-block-fc111e71\"><h4 class=\"uagb-heading-text\">QU\u00cdMICA<\/h4><\/div>\n<\/div>\n\n\n\n<div class=\"wp-block-uagb-container uagb-block-619aaea3\">\n<div class=\"wp-block-uagb-info-box uagb-block-0674b507 uagb-infobox__content-wrap  uagb-infobox-icon-above-title uagb-infobox-image-valign-top\"><div class=\"uagb-ifb-content\"><div class=\"uagb-ifb-title-wrap\"><h3 class=\"uagb-ifb-title\">ASSIGNATURA<br>OPTATIVA 1<\/h3><\/div><p class=\"uagb-ifb-desc\">TRIA 1<\/p><div class=\"uagb-ifb-separator\"><\/div><\/div><\/div>\n\n\n\n<div class=\"wp-block-uagb-advanced-heading uagb-block-0716c7d2\"><h4 class=\"uagb-heading-text\">F\u00cdSICA<\/h4><\/div>\n\n\n\n<div class=\"wp-block-uagb-advanced-heading uagb-block-09a6c915\"><h4 class=\"uagb-heading-text\">ECONOMIA<\/h4><\/div>\n<\/div>\n<\/div>\n<\/div><\/div>\n\n\n\n<div class=\"wp-block-uagb-info-box uagb-block-afa4122b uagb-infobox__content-wrap  uagb-infobox-icon-above-title uagb-infobox-image-valign-top\"><div class=\"uagb-ifb-content\"><div class=\"uagb-ifb-title-wrap\"><h3 class=\"uagb-ifb-title\">TINC CLAR QUE&#8230;<\/h3><\/div><div class=\"uagb-ifb-separator\"><\/div><p class=\"uagb-ifb-desc\"><strong>La meva branca \u00e9s la Biosanit\u00e0ria<\/strong>, per\u00f2 \u00e9s la medicina una carrera adequada per a mi? Quina difer\u00e8ncia<br>existeix entre Enginyeria Qu\u00edmica o Biosanit\u00e0ria? Estudi Farm\u00e0cia o Biologia?<br>\u00c9s igual l&#8217;Odontologia a totes les universitats?<\/p><\/div><\/div>\n\n\n\n<div class=\"wp-block-uagb-container uagb-block-9e047f55 alignfull uagb-is-root-container\"><div class=\"uagb-container-inner-blocks-wrap\">\n<div class=\"wp-block-uagb-container uagb-block-cb28028e\">\n<div class=\"wp-block-uagb-image uagb-block-7e12c826 wp-block-uagb-image--layout-default wp-block-uagb-image--effect-static wp-block-uagb-image--align-none\"><figure class=\"wp-block-uagb-image__figure\"><img decoding=\"async\" srcset=\"https:\/\/viaro.org\/wp-content\/uploads\/2023\/05\/bachillerato-cientifico-2.jpg \" sizes=\"auto, (max-width: 480px) 150px\" src=\"https:\/\/viaro.org\/wp-content\/uploads\/2023\/05\/bachillerato-cientifico-2.jpg\" alt=\"bachillerato cientifico\" class=\"uag-image-17987\" width=\"600\" height=\"600\" title=\"\" loading=\"lazy\"\/><\/figure><\/div>\n<\/div>\n\n\n\n<div class=\"wp-block-uagb-container uagb-block-5cbef76f\">\n<div class=\"wp-block-uagb-info-box uagb-block-929df1ac uagb-infobox__content-wrap  uagb-infobox-icon-above-title uagb-infobox-image-valign-top\"><div class=\"uagb-ifb-content\"><div class=\"uagb-ifb-title-wrap\"><h3 class=\"uagb-ifb-title\">ORIENTACI\u00d3 UNIVERSIT\u00c0RIA<\/h3><\/div><div class=\"uagb-ifb-separator\"><\/div><p class=\"uagb-ifb-desc\">A m\u00e9s de comptar amb un tutor personal, que els pugui orientar en l&#8217;elecci\u00f3 de carrera, i la disponibilitat de la resta de professors de Batxillerat, els alumnes de&nbsp;Viar\u00f3&nbsp;visiten les diferents universitats p\u00fabliques i privades de la prov\u00edncia de Barcelona i la <a href=\"https:\/\/www.unav.edu\/\" target=\"_blank\" rel=\"noopener\">Universitat de Navarra<\/a> per a con\u00e8ixer de primera m\u00e0 les caracter\u00edstiques de cada grau.<br><br>Entre altres activitats d&#8217;orientaci\u00f3, organitzem tamb\u00e9 una <strong>Jornada d&#8217;Orientaci\u00f3 Universit\u00e0ria<\/strong>. 30 alumni, que han acabat el batxillerat recentment i es troben cursant diferents graus, venen al col\u00b7legi a explicar com \u00e9s el seu grau i les particularitats de la universitat en la qual estan estudiant.<br><br>Al llarg de la jornada estan disponibles per a respondre a totes les preguntes dels alumnes de Batxillerat. Aquestes sessions resulten de gran utilitat per als alumnes que es debaten entre diverses opcions.<\/p><\/div><\/div>\n<\/div>\n<\/div><\/div>\n\n\n\n<div id=\"pau\" class=\"wp-block-uagb-container uagb-block-f638c094 alignfull uagb-is-root-container\"><div class=\"uagb-container-inner-blocks-wrap\">\n<div class=\"wp-block-uagb-info-box uagb-block-8d85bcee uagb-infobox__content-wrap  uagb-infobox-icon-above-title uagb-infobox-image-valign-top\"><div class=\"uagb-ifb-content\"><div class=\"uagb-ifb-title-wrap\"><\/div><div class=\"uagb-ifb-button-wrapper wp-block-button\"><a href=\"https:\/\/viaro.org\/admisiones\/\" class=\"uagb-infobox-cta-link wp-block-button__link\" target=\"_self\" rel=\"noopener noreferrer\" onclick=\"return true;\" alt=\"\"><span class=\"uagb-inline-editing\">M\u00e9s informaci\u00f3<\/span><\/a><\/div><\/div><\/div>\n<\/div><\/div>\n","protected":false},"excerpt":{"rendered":"<p>MATEM\u00c0TIQUES BIOLOGIA QU\u00cdMICA F\u00cdSICA ECONOMIA MATEM\u00c0TIQUES MATEM\u00c0TIQUESC. SOCIALS BIOLOGIA QU\u00cdMICA F\u00cdSICA ECONOMIA<\/p>\n","protected":false},"author":12,"featured_media":17979,"parent":0,"menu_order":0,"comment_status":"closed","ping_status":"closed","template":"","meta":{"_uag_custom_page_level_css":"","_joinchat":[],"footnotes":""},"class_list":["post-19206","page","type-page","status-publish","has-post-thumbnail","hentry"],"uagb_featured_image_src":{"full":["https:\/\/viaro.org\/wp-content\/uploads\/2023\/05\/Bachillerato-cientifico-header.png",2560,670,false],"thumbnail":["https:\/\/viaro.org\/wp-content\/uploads\/2023\/05\/Bachillerato-cientifico-header-150x150.png",150,150,true],"medium":["https:\/\/viaro.org\/wp-content\/uploads\/2023\/05\/Bachillerato-cientifico-header-300x79.png",300,79,true],"medium_large":["https:\/\/viaro.org\/wp-content\/uploads\/2023\/05\/Bachillerato-cientifico-header-768x201.png",640,168,true],"large":["https:\/\/viaro.org\/wp-content\/uploads\/2023\/05\/Bachillerato-cientifico-header-1024x268.png",640,168,true],"1536x1536":["https:\/\/viaro.org\/wp-content\/uploads\/2023\/05\/Bachillerato-cientifico-header-1536x402.png",1536,402,true],"2048x2048":["https:\/\/viaro.org\/wp-content\/uploads\/2023\/05\/Bachillerato-cientifico-header-2048x536.png",2048,536,true],"related-content":["https:\/\/viaro.org\/wp-content\/uploads\/2023\/05\/Bachillerato-cientifico-header-297x167.png",297,167,true]},"uagb_author_info":{"display_name":"Ignacio Malmierca","author_link":"https:\/\/viaro.org\/ca\/author\/imalmierca\/"},"uagb_comment_info":0,"uagb_excerpt":"MATEM\u00c0TIQUES BIOLOGIA QU\u00cdMICA F\u00cdSICA ECONOMIA MATEM\u00c0TIQUES MATEM\u00c0TIQUESC. SOCIALS BIOLOGIA QU\u00cdMICA F\u00cdSICA ECONOMIA","_links":{"self":[{"href":"https:\/\/viaro.org\/ca\/wp-json\/wp\/v2\/pages\/19206","targetHints":{"allow":["GET"]}}],"collection":[{"href":"https:\/\/viaro.org\/ca\/wp-json\/wp\/v2\/pages"}],"about":[{"href":"https:\/\/viaro.org\/ca\/wp-json\/wp\/v2\/types\/page"}],"author":[{"embeddable":true,"href":"https:\/\/viaro.org\/ca\/wp-json\/wp\/v2\/users\/12"}],"replies":[{"embeddable":true,"href":"https:\/\/viaro.org\/ca\/wp-json\/wp\/v2\/comments?post=19206"}],"version-history":[{"count":17,"href":"https:\/\/viaro.org\/ca\/wp-json\/wp\/v2\/pages\/19206\/revisions"}],"predecessor-version":[{"id":20288,"href":"https:\/\/viaro.org\/ca\/wp-json\/wp\/v2\/pages\/19206\/revisions\/20288"}],"wp:featuredmedia":[{"embeddable":true,"href":"https:\/\/viaro.org\/ca\/wp-json\/wp\/v2\/media\/17979"}],"wp:attachment":[{"href":"https:\/\/viaro.org\/ca\/wp-json\/wp\/v2\/media?parent=19206"}],"curies":[{"name":"wp","href":"https:\/\/api.w.org\/{rel}","templated":true}]}}