{"id":19220,"date":"2024-02-09T11:39:55","date_gmt":"2024-02-09T11:39:55","guid":{"rendered":"https:\/\/viaro.org\/?page_id=19220"},"modified":"2024-02-09T12:03:08","modified_gmt":"2024-02-09T12:03:08","slug":"batxillerat-social","status":"publish","type":"page","link":"https:\/\/viaro.org\/ca\/batxillerat-social\/","title":{"rendered":"Batxillerat Social"},"content":{"rendered":"\n<div class=\"wp-block-uagb-container uag-hide-mob uagb-block-5846fc19 alignfull uagb-is-root-container\"><div class=\"uagb-container-inner-blocks-wrap\">\n<div class=\"wp-block-uagb-buttons uagb-buttons__outer-wrap uagb-btn__small-btn uagb-btn-tablet__default-btn uagb-btn-mobile__default-btn uagb-block-0a42efa5 uag-hide-mob\"><div class=\"uagb-buttons__wrap uagb-buttons-layout-wrap\">\n<div class=\"wp-block-uagb-buttons-child uagb-buttons__outer-wrap uagb-block-eea14428 wp-block-button\"><div class=\"uagb-button__wrapper\"><a class=\"uagb-buttons-repeater wp-block-button__link\" href=\"https:\/\/viaro.org\/bachillerato\/\" onclick=\"return true;\" rel=\"follow noopener\" target=\"_self\"><div class=\"uagb-button__link\">P\u00e0gina Principal<\/div><\/a><\/div><\/div>\n\n\n\n<div class=\"wp-block-uagb-buttons-child uagb-buttons__outer-wrap uagb-block-4102980e wp-block-button\"><div class=\"uagb-button__wrapper\"><a class=\"uagb-buttons-repeater wp-block-button__link\" href=\"https:\/\/viaro.org\/bachillerato-tecnologico\/\" onclick=\"return true;\" rel=\"follow noopener\" target=\"_self\"><div class=\"uagb-button__link\">Ci\u00e8ncies i Tecnologia<\/div><\/a><\/div><\/div>\n\n\n\n<div class=\"wp-block-uagb-buttons-child uagb-buttons__outer-wrap uagb-block-917b6ff7 wp-block-button\"><div class=\"uagb-button__wrapper\"><a class=\"uagb-buttons-repeater wp-block-button__link\" href=\"https:\/\/viaro.org\/bachillerato-cientifico\/\" onclick=\"return true;\" rel=\"follow noopener\" target=\"_self\"><div class=\"uagb-button__link\">Ci\u00e8ncies de la Salut<\/div><\/a><\/div><\/div>\n\n\n\n<div class=\"wp-block-uagb-buttons-child uagb-buttons__outer-wrap uagb-block-2be12457 wp-block-button\"><div class=\"uagb-button__wrapper\"><a class=\"uagb-buttons-repeater wp-block-button__link\" href=\"https:\/\/viaro.org\/bachillerato-social\/\" onclick=\"return true;\" rel=\"follow noopener\" target=\"_self\"><div class=\"uagb-button__link\">Ci\u00e8ncies Socials<\/div><\/a><\/div><\/div>\n\n\n\n<div class=\"wp-block-uagb-buttons-child uagb-buttons__outer-wrap uagb-block-8034bd63 wp-block-button\"><div class=\"uagb-button__wrapper\"><a class=\"uagb-buttons-repeater wp-block-button__link\" href=\"https:\/\/viaro.org\/bachillerato-humanistico\/\" onclick=\"return true;\" rel=\"follow noopener\" target=\"_self\"><div class=\"uagb-button__link\">Humanitats<\/div><\/a><\/div><\/div>\n<\/div><\/div>\n<\/div><\/div>\n\n\n\n<div style=\"height:70px\" aria-hidden=\"true\" class=\"wp-block-spacer\"><\/div>\n\n\n\n<div class=\"wp-block-uagb-info-box uagb-block-51c1f1d5 uagb-infobox__content-wrap  uagb-infobox-icon-above-title uagb-infobox-image-valign-top\"><div class=\"uagb-ifb-content\"><div class=\"uagb-ifb-title-wrap\"><h2 class=\"uagb-ifb-title\">MODALITAT DE CI\u00c8NCIES SOCIALS<\/h2><\/div><div class=\"uagb-ifb-separator\"><\/div><p class=\"uagb-ifb-desc\">El Batxillerat Social \u00e9s la teva opci\u00f3 si vols estudiar&nbsp;ADE, Dret, Economia, M\u00e0rqueting.<\/p><\/div><\/div>\n\n\n\n<div style=\"height:80px\" aria-hidden=\"true\" class=\"wp-block-spacer\"><\/div>\n\n\n\n<div class=\"wp-block-uagb-container uagb-block-bb6f3c6d alignfull uagb-is-root-container\"><div class=\"uagb-container-inner-blocks-wrap\">\n<div class=\"wp-block-uagb-container uagb-block-650349b7\">\n<div class=\"wp-block-uagb-info-box uagb-block-c25f3d71 uagb-infobox__content-wrap  uagb-infobox-icon-above-title uagb-infobox-image-valign-top\"><div class=\"uagb-ifb-content\"><div class=\"uagb-ifb-title-wrap\"><h3 class=\"uagb-ifb-title\">BRANCA SOCIAL<\/h3><\/div><div class=\"uagb-ifb-separator\"><\/div><p class=\"uagb-ifb-desc\">Per a cursar el Batxillerat Social has de triar com a assignatura de modalitat obligat\u00f2ria entre <strong>Matem\u00e0tiques<\/strong> o <strong>Matem\u00e0tiques Aplicades a les Ci\u00e8ncies socials<\/strong>, pensada especialment per als alumnes que desitgen cursar\u00a0ADE\u00a0o altres graus relacionats.<br><br>Estudiar\u00e0s <strong>Economia<\/strong> i a m\u00e9s, podr\u00e0s triar entre l&#8217;assignatura de <strong>M\u00f3n Cl\u00e0ssic<\/strong> o <strong>Hist\u00f2ria del M\u00f3n Contemporani<\/strong>.<br><br>Molts alumnes de la branca social es plantegen realitzar estudis de Dret, sigui com a carrera o com a part d&#8217;un doble grau. Per aquest motiu t&#8217;oferim, entre altres assignatures optatives, la de <strong>Fonaments del Dret<\/strong>.<br><br>A 2n Batxillerat completar\u00e0s el teu curr\u00edculum amb <strong>Geografia<\/strong> o <strong>Literatura<\/strong>. Tamb\u00e9 podr\u00e0s triar <strong>Economia<\/strong>, <strong>Hist\u00f2ria de l&#8217;art<\/strong> o <strong>Llat\u00ed<\/strong>.<br><br>A\u00a0Viar\u00f3\u00a0considerem que les Humanitats s\u00f3n essencials per a la teva formaci\u00f3 global. Per aquest motiu, a 1r cursar\u00e0s una assignatura de la branca d&#8217;arts i humanitats. <br><br>Aquesta assignatura estar\u00e0 dividida en tres trimestres, amb continguts concrets de:<br><em><strong>\u00b7 Literatura universal<br><em>\u00b7 <\/em>Fonaments human\u00edstics<br><em>\u00b7 <\/em>Arts esc\u00e8niques<\/strong><\/em><br><br>A m\u00e9s, si ho desitges podr\u00e0s afegir a aquesta assignatura continguts de<em><em> <\/em><\/em><strong><em>M\u00fasica i t\u00e8cnica vocal<\/em>.<\/strong><\/p><\/div><\/div>\n<\/div>\n\n\n\n<div class=\"wp-block-uagb-container uagb-block-c0d66427\">\n<div class=\"wp-block-uagb-image uagb-block-4534907b wp-block-uagb-image--layout-default wp-block-uagb-image--effect-static wp-block-uagb-image--align-none\"><figure class=\"wp-block-uagb-image__figure\"><img decoding=\"async\" srcset=\"https:\/\/viaro.org\/wp-content\/uploads\/2023\/05\/bachillerato-social.jpg \" sizes=\"auto, (max-width: 480px) 150px\" src=\"https:\/\/viaro.org\/wp-content\/uploads\/2023\/05\/bachillerato-social.jpg\" alt=\"batxillerat social\" class=\"uag-image-18009\" width=\"600\" height=\"600\" title=\"\" loading=\"lazy\"\/><\/figure><\/div>\n<\/div>\n<\/div><\/div>\n\n\n\n<p><\/p>\n\n\n\n<div id=\"proyecto\" class=\"wp-block-uagb-container uagb-block-f76caab3 alignfull uagb-is-root-container\"><div class=\"uagb-container-inner-blocks-wrap\">\n<div class=\"wp-block-uagb-container uagb-block-c474c8bb\">\n<div class=\"wp-block-uagb-info-box uagb-block-3f718cbb uagb-infobox__content-wrap  uagb-infobox-icon-above-title uagb-infobox-image-valign-top\"><div class=\"uagb-ifb-content\"><div class=\"uagb-ifb-title-wrap\"><h2 class=\"uagb-ifb-title\">CONFIGURA EL TEU PROPI ITINERARI<\/h2><\/div><div class=\"uagb-ifb-separator\"><\/div><p class=\"uagb-ifb-desc\">Tria les assignatures de modalitat i optatives que t&#8217;agradaria cursar en el Batxillerat Social<\/p><\/div><\/div>\n<\/div>\n\n\n\n<div class=\"wp-block-uagb-info-box uagb-block-475b03dd uagb-infobox__content-wrap  uagb-infobox-icon-above-title uagb-infobox-image-valign-top\"><div class=\"uagb-ifb-content\"><div class=\"uagb-ifb-title-wrap\"><h3 class=\"uagb-ifb-title\">1r BATXILLERAT<\/h3><\/div><\/div><\/div>\n\n\n\n<div class=\"wp-block-uagb-container uagb-block-38cdeeda\">\n<div class=\"wp-block-uagb-container uagb-block-4069699a\">\n<div class=\"wp-block-uagb-info-box uagb-block-5a3ed21f uagb-infobox__content-wrap  uagb-infobox-icon-above-title uagb-infobox-image-valign-top\"><div class=\"uagb-ifb-content\"><div class=\"uagb-ifb-title-wrap\"><h3 class=\"uagb-ifb-title\">MODALITAT<br>OBLIGAT\u00d2RIA<\/h3><\/div><p class=\"uagb-ifb-desc\">TRIA 1<\/p><div class=\"uagb-ifb-separator\"><\/div><\/div><\/div>\n\n\n\n<div class=\"wp-block-uagb-advanced-heading uagb-block-36da6b5f\"><h4 class=\"uagb-heading-text\">MATEM\u00c0TIQUES<\/h4><\/div>\n\n\n\n<div class=\"wp-block-uagb-advanced-heading uagb-block-78b9897a\"><h4 class=\"uagb-heading-text\">MATEM\u00c0TIQUES<br>C. SOCIALS<\/h4><\/div>\n<\/div>\n\n\n\n<div class=\"wp-block-uagb-container uagb-block-b4a7ed95\">\n<div class=\"wp-block-uagb-info-box uagb-block-74969d5f uagb-infobox__content-wrap  uagb-infobox-icon-above-title uagb-infobox-image-valign-top\"><div class=\"uagb-ifb-content\"><div class=\"uagb-ifb-title-wrap\"><h3 class=\"uagb-ifb-title\">ASSIGNATURES<br>DE MODALITAT<\/h3><\/div><p class=\"uagb-ifb-desc\">TRIA 2<\/p><div class=\"uagb-ifb-separator\"><\/div><\/div><\/div>\n\n\n\n<div class=\"wp-block-uagb-advanced-heading uagb-block-411cb784\"><h4 class=\"uagb-heading-text\">ECONOMIA<\/h4><\/div>\n\n\n\n<div class=\"wp-block-uagb-advanced-heading uagb-block-59c414f7\"><h4 class=\"uagb-heading-text\">HIST\u00d2RIA DEL M\u00d3N CONTEMPORANI<\/h4><\/div>\n\n\n\n<div class=\"wp-block-uagb-advanced-heading uagb-block-bce48e83\"><h4 class=\"uagb-heading-text\">M\u00d3N CL\u00c0SSIC<\/h4><\/div>\n<\/div>\n\n\n\n<div class=\"wp-block-uagb-container uagb-block-98991771\">\n<div class=\"wp-block-uagb-info-box uagb-block-cd47a493 uagb-infobox__content-wrap  uagb-infobox-icon-above-title uagb-infobox-image-valign-top\"><div class=\"uagb-ifb-content\"><div class=\"uagb-ifb-title-wrap\"><h3 class=\"uagb-ifb-title\">ASSIGNATURA<br>OPTATIVA 1<\/h3><\/div><p class=\"uagb-ifb-desc\">TRIA 1<\/p><div class=\"uagb-ifb-separator\"><\/div><\/div><\/div>\n\n\n\n<div class=\"wp-block-uagb-advanced-heading uagb-block-a2c3a5f8\"><h4 class=\"uagb-heading-text\">ANTROPOLOGIA<\/h4><\/div>\n\n\n\n<div class=\"wp-block-uagb-advanced-heading uagb-block-de4ad3ea\"><h4 class=\"uagb-heading-text\">FONAMENTS<br>DEL DRET<\/h4><\/div>\n\n\n\n<div class=\"wp-block-uagb-advanced-heading uagb-block-2b3d9031\"><h4 class=\"uagb-heading-text\">BIOLOGIA<\/h4><\/div>\n\n\n\n<div class=\"wp-block-uagb-advanced-heading uagb-block-23441b5c\"><h4 class=\"uagb-heading-text\">DIBUIX T\u00c8CNIC<\/h4><\/div>\n<\/div>\n<\/div>\n\n\n\n<div class=\"wp-block-uagb-info-box uagb-block-82fb4817 uagb-infobox__content-wrap  uagb-infobox-icon-above-title uagb-infobox-image-valign-top\"><div class=\"uagb-ifb-content\"><div class=\"uagb-ifb-title-wrap\"><h3 class=\"uagb-ifb-title\">2n BATXILLERAT<\/h3><\/div><\/div><\/div>\n\n\n\n<div class=\"wp-block-uagb-container uagb-block-b1614354\">\n<div class=\"wp-block-uagb-container uagb-block-820a2aa0\">\n<div class=\"wp-block-uagb-info-box uagb-block-9649d282 uagb-infobox__content-wrap  uagb-infobox-icon-above-title uagb-infobox-image-valign-top\"><div class=\"uagb-ifb-content\"><div class=\"uagb-ifb-title-wrap\"><h3 class=\"uagb-ifb-title\">MODALITAT<br>OBLIGAT\u00d2RIA<\/h3><\/div><p class=\"uagb-ifb-desc\">TRIA 1<\/p><div class=\"uagb-ifb-separator\"><\/div><\/div><\/div>\n\n\n\n<div class=\"wp-block-uagb-advanced-heading uagb-block-a131b6d3\"><h4 class=\"uagb-heading-text\">MATEM\u00c0TIQUES<\/h4><\/div>\n\n\n\n<div class=\"wp-block-uagb-advanced-heading uagb-block-43d3299e\"><h4 class=\"uagb-heading-text\">MATEM\u00c0TIQUES<br>C. SOCIALS<\/h4><\/div>\n<\/div>\n\n\n\n<div class=\"wp-block-uagb-container uagb-block-2817dd42\">\n<div class=\"wp-block-uagb-info-box uagb-block-e52e1717 uagb-infobox__content-wrap  uagb-infobox-icon-above-title uagb-infobox-image-valign-top\"><div class=\"uagb-ifb-content\"><div class=\"uagb-ifb-title-wrap\"><h3 class=\"uagb-ifb-title\">ASSIGNATURES<br>DE MODALITAT<\/h3><\/div><p class=\"uagb-ifb-desc\">TRIA 2<\/p><div class=\"uagb-ifb-separator\"><\/div><\/div><\/div>\n\n\n\n<div class=\"wp-block-uagb-advanced-heading uagb-block-332d0238\"><h4 class=\"uagb-heading-text\">ECONOMIA<\/h4><\/div>\n\n\n\n<div class=\"wp-block-uagb-advanced-heading uagb-block-6a31d1a4\"><h4 class=\"uagb-heading-text\">HIST\u00d2RIA DE L&#8217;ART<\/h4><\/div>\n\n\n\n<div class=\"wp-block-uagb-advanced-heading uagb-block-7c55528d\"><h4 class=\"uagb-heading-text\">LLAT\u00cd<\/h4><\/div>\n<\/div>\n\n\n\n<div class=\"wp-block-uagb-container uagb-block-891f46c9\">\n<div class=\"wp-block-uagb-info-box uagb-block-a41b2416 uagb-infobox__content-wrap  uagb-infobox-icon-above-title uagb-infobox-image-valign-top\"><div class=\"uagb-ifb-content\"><div class=\"uagb-ifb-title-wrap\"><h3 class=\"uagb-ifb-title\">ASSIGNATURA<br>OPTATIVA 1<\/h3><\/div><p class=\"uagb-ifb-desc\">TRIA 1<\/p><div class=\"uagb-ifb-separator\"><\/div><\/div><\/div>\n\n\n\n<div class=\"wp-block-uagb-advanced-heading uagb-block-31ef3d03\"><h4 class=\"uagb-heading-text\">GEOGRAFIA<\/h4><\/div>\n\n\n\n<div class=\"wp-block-uagb-advanced-heading uagb-block-639393c2\"><h4 class=\"uagb-heading-text\">LITERATURA<br>CAT \/ CAS<\/h4><\/div>\n<\/div>\n<\/div>\n<\/div><\/div>\n\n\n\n<div class=\"wp-block-uagb-info-box uagb-block-42b632cb uagb-infobox__content-wrap  uagb-infobox-icon-above-title uagb-infobox-image-valign-top\"><div class=\"uagb-ifb-content\"><div class=\"uagb-ifb-title-wrap\"><h3 class=\"uagb-ifb-title\">TINC CLAR QUE&#8230;<\/h3><\/div><div class=\"uagb-ifb-separator\"><\/div><p class=\"uagb-ifb-desc\"><strong>La meva branca \u00e9s la Social<\/strong>, per\u00f2 com decidir-me entre la gran varietat de graus que ofereix aquesta modalitat?<br>Quina difer\u00e8ncia hi ha entre Economia, Empresarials o M\u00e0rqueting?<br>Quins avantatges t\u00e9 estudiar un doble grau? Trio&nbsp;ADE&nbsp;i Dret o hi ha altres titulacions dobles?<\/p><\/div><\/div>\n\n\n\n<div class=\"wp-block-uagb-container uagb-block-8ba55d5d alignfull uagb-is-root-container\"><div class=\"uagb-container-inner-blocks-wrap\">\n<div class=\"wp-block-uagb-container uagb-block-62f023ad\">\n<div class=\"wp-block-uagb-image uagb-block-a45cbff5 wp-block-uagb-image--layout-default wp-block-uagb-image--effect-static wp-block-uagb-image--align-none\"><figure class=\"wp-block-uagb-image__figure\"><img decoding=\"async\" srcset=\"https:\/\/viaro.org\/wp-content\/uploads\/2023\/05\/bachillerato-social-profesor.jpg \" sizes=\"auto, (max-width: 480px) 150px\" src=\"https:\/\/viaro.org\/wp-content\/uploads\/2023\/05\/bachillerato-social-profesor.jpg\" alt=\"profesor bachillerato social\" class=\"uag-image-18012\" width=\"600\" height=\"600\" title=\"\" loading=\"lazy\"\/><\/figure><\/div>\n<\/div>\n\n\n\n<div class=\"wp-block-uagb-container uagb-block-432bc5a9\">\n<div class=\"wp-block-uagb-info-box uagb-block-6e734597 uagb-infobox__content-wrap  uagb-infobox-icon-above-title uagb-infobox-image-valign-top\"><div class=\"uagb-ifb-content\"><div class=\"uagb-ifb-title-wrap\"><h3 class=\"uagb-ifb-title\">ORIENTACI\u00d3 UNIVERSIT\u00c0RIA<\/h3><\/div><div class=\"uagb-ifb-separator\"><\/div><p class=\"uagb-ifb-desc\">A m\u00e9s de comptar amb un tutor personal, que els pugui orientar en l&#8217;elecci\u00f3 de carrera, i la disponibilitat de la resta de professors de Batxillerat, els alumnes de&nbsp;Viar\u00f3&nbsp;visiten les diferents universitats p\u00fabliques i privades de la prov\u00edncia de Barcelona i la <a href=\"https:\/\/www.unav.edu\/\" target=\"_blank\" rel=\"noopener\">Universitat de Navarra<\/a> per a con\u00e8ixer de primera m\u00e0 les caracter\u00edstiques de cada grau.<br><br>Entre altres activitats d&#8217;orientaci\u00f3, organitzem tamb\u00e9 una <strong>Jornada d&#8217;Orientaci\u00f3 Universit\u00e0ria<\/strong>. 30 alumni, que han acabat el batxillerat recentment i es troben cursant diferents graus, venen al col\u00b7legi a explicar com \u00e9s el seu grau i les particularitats de la universitat en la qual estan estudiant.<br><br>Al llarg de la jornada estan disponibles per a respondre a totes les preguntes dels alumnes de Batxillerat. Aquestes sessions resulten de gran utilitat per als alumnes que es debaten entre diverses opcions. <\/p><\/div><\/div>\n<\/div>\n<\/div><\/div>\n\n\n\n<div id=\"pau\" class=\"wp-block-uagb-container uagb-block-a4636969 alignfull uagb-is-root-container\"><div class=\"uagb-container-inner-blocks-wrap\">\n<div class=\"wp-block-uagb-info-box uagb-block-1abe792f uagb-infobox__content-wrap  uagb-infobox-icon-above-title uagb-infobox-image-valign-top\"><div class=\"uagb-ifb-content\"><div class=\"uagb-ifb-title-wrap\"><\/div><div class=\"uagb-ifb-button-wrapper wp-block-button\"><a href=\"https:\/\/viaro.org\/admisiones\/\" class=\"uagb-infobox-cta-link wp-block-button__link\" target=\"_self\" rel=\"noopener noreferrer\" onclick=\"return true;\" alt=\"\"><span class=\"uagb-inline-editing\">M\u00e1s informaci\u00f3n<\/span><\/a><\/div><\/div><\/div>\n<\/div><\/div>\n","protected":false},"excerpt":{"rendered":"<p>MATEM\u00c0TIQUES MATEM\u00c0TIQUESC. SOCIALS ECONOMIA HIST\u00d2RIA DEL M\u00d3N CONTEMPORANI M\u00d3N CL\u00c0SSIC ANTROPOLOGIA FONAMENTSDEL DRET BIOLOGIA DIBUIX T\u00c8CNIC MATEM\u00c0TIQUES MATEM\u00c0TIQUESC. SOCIALS ECONOMIA HIST\u00d2RIA DE L&#8217;ART LLAT\u00cd GEOGRAFIA LITERATURACAT \/ CAS<\/p>\n","protected":false},"author":12,"featured_media":18006,"parent":0,"menu_order":0,"comment_status":"closed","ping_status":"closed","template":"","meta":{"_uag_custom_page_level_css":"","_joinchat":[],"footnotes":""},"class_list":["post-19220","page","type-page","status-publish","has-post-thumbnail","hentry"],"uagb_featured_image_src":{"full":["https:\/\/viaro.org\/wp-content\/uploads\/2023\/05\/bachillerato-social-header.png",2560,670,false],"thumbnail":["https:\/\/viaro.org\/wp-content\/uploads\/2023\/05\/bachillerato-social-header-150x150.png",150,150,true],"medium":["https:\/\/viaro.org\/wp-content\/uploads\/2023\/05\/bachillerato-social-header-300x79.png",300,79,true],"medium_large":["https:\/\/viaro.org\/wp-content\/uploads\/2023\/05\/bachillerato-social-header-768x201.png",640,168,true],"large":["https:\/\/viaro.org\/wp-content\/uploads\/2023\/05\/bachillerato-social-header-1024x268.png",640,168,true],"1536x1536":["https:\/\/viaro.org\/wp-content\/uploads\/2023\/05\/bachillerato-social-header-1536x402.png",1536,402,true],"2048x2048":["https:\/\/viaro.org\/wp-content\/uploads\/2023\/05\/bachillerato-social-header-2048x536.png",2048,536,true],"related-content":["https:\/\/viaro.org\/wp-content\/uploads\/2023\/05\/bachillerato-social-header-297x167.png",297,167,true]},"uagb_author_info":{"display_name":"Ignacio Malmierca","author_link":"https:\/\/viaro.org\/ca\/author\/imalmierca\/"},"uagb_comment_info":0,"uagb_excerpt":"MATEM\u00c0TIQUES MATEM\u00c0TIQUESC. SOCIALS ECONOMIA HIST\u00d2RIA DEL M\u00d3N CONTEMPORANI M\u00d3N CL\u00c0SSIC ANTROPOLOGIA FONAMENTSDEL DRET BIOLOGIA DIBUIX T\u00c8CNIC MATEM\u00c0TIQUES MATEM\u00c0TIQUESC. SOCIALS ECONOMIA HIST\u00d2RIA DE L&#8217;ART LLAT\u00cd GEOGRAFIA LITERATURACAT \/ CAS","_links":{"self":[{"href":"https:\/\/viaro.org\/ca\/wp-json\/wp\/v2\/pages\/19220","targetHints":{"allow":["GET"]}}],"collection":[{"href":"https:\/\/viaro.org\/ca\/wp-json\/wp\/v2\/pages"}],"about":[{"href":"https:\/\/viaro.org\/ca\/wp-json\/wp\/v2\/types\/page"}],"author":[{"embeddable":true,"href":"https:\/\/viaro.org\/ca\/wp-json\/wp\/v2\/users\/12"}],"replies":[{"embeddable":true,"href":"https:\/\/viaro.org\/ca\/wp-json\/wp\/v2\/comments?post=19220"}],"version-history":[{"count":5,"href":"https:\/\/viaro.org\/ca\/wp-json\/wp\/v2\/pages\/19220\/revisions"}],"predecessor-version":[{"id":20302,"href":"https:\/\/viaro.org\/ca\/wp-json\/wp\/v2\/pages\/19220\/revisions\/20302"}],"wp:featuredmedia":[{"embeddable":true,"href":"https:\/\/viaro.org\/ca\/wp-json\/wp\/v2\/media\/18006"}],"wp:attachment":[{"href":"https:\/\/viaro.org\/ca\/wp-json\/wp\/v2\/media?parent=19220"}],"curies":[{"name":"wp","href":"https:\/\/api.w.org\/{rel}","templated":true}]}}