{"id":19241,"date":"2024-02-09T11:51:48","date_gmt":"2024-02-09T11:51:48","guid":{"rendered":"https:\/\/viaro.org\/?page_id=19241"},"modified":"2024-02-09T11:56:12","modified_gmt":"2024-02-09T11:56:12","slug":"batxillerat-humanistic","status":"publish","type":"page","link":"https:\/\/viaro.org\/ca\/batxillerat-humanistic\/","title":{"rendered":"Batxillerat human\u00edstic"},"content":{"rendered":"\n<div class=\"wp-block-uagb-container uag-hide-mob uagb-block-7db0f707 alignfull uagb-is-root-container\"><div class=\"uagb-container-inner-blocks-wrap\">\n<div class=\"wp-block-uagb-buttons uagb-buttons__outer-wrap uagb-btn__small-btn uagb-btn-tablet__default-btn uagb-btn-mobile__default-btn uagb-block-4d84afea uag-hide-mob\"><div class=\"uagb-buttons__wrap uagb-buttons-layout-wrap\">\n<div class=\"wp-block-uagb-buttons-child uagb-buttons__outer-wrap uagb-block-dfe49dc0 wp-block-button\"><div class=\"uagb-button__wrapper\"><a class=\"uagb-buttons-repeater wp-block-button__link\" href=\"https:\/\/viaro.org\/bachillerato\/\" onclick=\"return true;\" rel=\"follow noopener\" target=\"_self\"><div class=\"uagb-button__link\">P\u00e0gina Principal<\/div><\/a><\/div><\/div>\n\n\n\n<div class=\"wp-block-uagb-buttons-child uagb-buttons__outer-wrap uagb-block-a543cd71 wp-block-button\"><div class=\"uagb-button__wrapper\"><a class=\"uagb-buttons-repeater wp-block-button__link\" href=\"https:\/\/viaro.org\/bachillerato-tecnologico\/\" onclick=\"return true;\" rel=\"follow noopener\" target=\"_self\"><div class=\"uagb-button__link\">Ci\u00e8ncies i Tecnologia<\/div><\/a><\/div><\/div>\n\n\n\n<div class=\"wp-block-uagb-buttons-child uagb-buttons__outer-wrap uagb-block-02098bf7 wp-block-button\"><div class=\"uagb-button__wrapper\"><a class=\"uagb-buttons-repeater wp-block-button__link\" href=\"https:\/\/viaro.org\/bachillerato-cientifico\/\" onclick=\"return true;\" rel=\"follow noopener\" target=\"_self\"><div class=\"uagb-button__link\">Ci\u00e8ncies de la Salut<\/div><\/a><\/div><\/div>\n\n\n\n<div class=\"wp-block-uagb-buttons-child uagb-buttons__outer-wrap uagb-block-4b41a7f9 wp-block-button\"><div class=\"uagb-button__wrapper\"><a class=\"uagb-buttons-repeater wp-block-button__link\" href=\"https:\/\/viaro.org\/bachillerato-social\/\" onclick=\"return true;\" rel=\"follow noopener\" target=\"_self\"><div class=\"uagb-button__link\">Ci\u00e8ncies Socials<\/div><\/a><\/div><\/div>\n\n\n\n<div class=\"wp-block-uagb-buttons-child uagb-buttons__outer-wrap uagb-block-eaab8b98 wp-block-button\"><div class=\"uagb-button__wrapper\"><a class=\"uagb-buttons-repeater wp-block-button__link\" href=\"https:\/\/viaro.org\/bachillerato-humanistico\/\" onclick=\"return true;\" rel=\"follow noopener\" target=\"_self\"><div class=\"uagb-button__link\">Humanitats<\/div><\/a><\/div><\/div>\n<\/div><\/div>\n<\/div><\/div>\n\n\n\n<div style=\"height:70px\" aria-hidden=\"true\" class=\"wp-block-spacer\"><\/div>\n\n\n\n<div class=\"wp-block-uagb-info-box uagb-block-1afb41e9 uagb-infobox__content-wrap  uagb-infobox-icon-above-title uagb-infobox-image-valign-top\"><div class=\"uagb-ifb-content\"><div class=\"uagb-ifb-title-wrap\"><h2 class=\"uagb-ifb-title\">MODALITAT D&#8217;HUMANITATS<\/h2><\/div><div class=\"uagb-ifb-separator\"><\/div><p class=\"uagb-ifb-desc\">El Batxillerat Human\u00edstic \u00e9s la teva opci\u00f3 si vols estudiar Humanitats, Periodisme, Filologia, Hist\u00f2ria o Filosofia.<\/p><\/div><\/div>\n\n\n\n<div style=\"height:80px\" aria-hidden=\"true\" class=\"wp-block-spacer\"><\/div>\n\n\n\n<div class=\"wp-block-uagb-container uagb-block-42d1b3d2 alignfull uagb-is-root-container\"><div class=\"uagb-container-inner-blocks-wrap\">\n<div class=\"wp-block-uagb-container uagb-block-1f06011d\">\n<div class=\"wp-block-uagb-info-box uagb-block-7142c5f7 uagb-infobox__content-wrap  uagb-infobox-icon-above-title uagb-infobox-image-valign-top\"><div class=\"uagb-ifb-content\"><div class=\"uagb-ifb-title-wrap\"><h3 class=\"uagb-ifb-title\">BRANCA HUMAN\u00cdSTICA<\/h3><\/div><div class=\"uagb-ifb-separator\"><\/div><p class=\"uagb-ifb-desc\">Per a cursar el Batxillerat Human\u00edstic has de triar <strong>Llat\u00ed<\/strong> com a assignatura de modalitat obligat\u00f2ria. Encara que tamb\u00e9 existeix la possibilitat de cursar <strong>Matem\u00e0tiques<\/strong>.<br><br>Estudiar\u00e0s <strong>Hist\u00f2ria del M\u00f3n Contemporani<\/strong> i l&#8217;assignatura de <strong>M\u00f3n Cl\u00e0ssic<\/strong>. Per\u00f2 si ho desitges, podr\u00e0s canviar una d&#8217;elles per <strong>Economia<\/strong>.<br><br>Pensada per als alumnes de la branca human\u00edstica, oferim l&#8217;optativa <strong>d&#8217;Antropologia<\/strong> que, a trav\u00e9s de narracions cinematogr\u00e0fiques, aborda la naturalesa de l&#8217;\u00e9sser hum\u00e0 i la seva riquesa. Podr\u00e0s completar el teu curr\u00edculum amb <strong>Fonaments del Dret<\/strong> i altres optatives de la modalitat de ci\u00e8ncies.<br><br>Tots els alumnes de primer curs, cursaran una assignatura de la branca d&#8217;arts i humanitats. <br><br>Aquesta assignatura estar\u00e0 dividida en tres trimestres, amb continguts concrets de:<br><em><strong>\u00b7 Literatura universal<br><em>\u00b7 <\/em>Fonaments human\u00edstics<br><em>\u00b7 <\/em>Arts esc\u00e8niques<\/strong><\/em><br><br>A m\u00e9s, si ho desitges podr\u00e0s afegir a aquesta assignatura continguts de<em><em> <\/em><\/em><strong><em>M\u00fasica i t\u00e8cnica vocal<\/em>.<\/strong><br><br>A 2n Batxillerat podr\u00e0s optar per altres assignatures com <strong>Geografia<\/strong>, <strong>Literatura Castellana<\/strong>, o <strong>Hist\u00f2ria de l&#8217;Art<\/strong>.<\/p><\/div><\/div>\n<\/div>\n\n\n\n<div class=\"wp-block-uagb-container uagb-block-22412218\">\n<div class=\"wp-block-uagb-image uagb-block-de46bea5 wp-block-uagb-image--layout-default wp-block-uagb-image--effect-static wp-block-uagb-image--align-none\"><figure class=\"wp-block-uagb-image__figure\"><img decoding=\"async\" srcset=\"https:\/\/viaro.org\/wp-content\/uploads\/2023\/05\/bachillerato-humanistico.jpg \" sizes=\"auto, (max-width: 480px) 150px\" src=\"https:\/\/viaro.org\/wp-content\/uploads\/2023\/05\/bachillerato-humanistico.jpg\" alt=\"batxillerat humanistic\" class=\"uag-image-18016\" width=\"600\" height=\"600\" title=\"\" loading=\"lazy\"\/><\/figure><\/div>\n<\/div>\n<\/div><\/div>\n\n\n\n<p><\/p>\n\n\n\n<div id=\"proyecto\" class=\"wp-block-uagb-container uagb-block-9f0b06c2 alignfull uagb-is-root-container\"><div class=\"uagb-container-inner-blocks-wrap\">\n<div class=\"wp-block-uagb-container uagb-block-03d42706\">\n<div class=\"wp-block-uagb-info-box uagb-block-e0d0855b uagb-infobox__content-wrap  uagb-infobox-icon-above-title uagb-infobox-image-valign-top\"><div class=\"uagb-ifb-content\"><div class=\"uagb-ifb-title-wrap\"><h2 class=\"uagb-ifb-title\">CONFIGURA EL TEU PROPI ITINERARI<\/h2><\/div><div class=\"uagb-ifb-separator\"><\/div><p class=\"uagb-ifb-desc\">Tria les assignatures de modalitat i optatives que t&#8217;agradaria cursar en el Batxillerat Human\u00edstic<\/p><\/div><\/div>\n<\/div>\n\n\n\n<div class=\"wp-block-uagb-info-box uagb-block-fe00bc53 uagb-infobox__content-wrap  uagb-infobox-icon-above-title uagb-infobox-image-valign-top\"><div class=\"uagb-ifb-content\"><div class=\"uagb-ifb-title-wrap\"><h3 class=\"uagb-ifb-title\">1r BATXILLERAT<\/h3><\/div><\/div><\/div>\n\n\n\n<div class=\"wp-block-uagb-container uagb-block-060bb813\">\n<div class=\"wp-block-uagb-container uagb-block-69d56500\">\n<div class=\"wp-block-uagb-info-box uagb-block-5afb19ab uagb-infobox__content-wrap  uagb-infobox-icon-above-title uagb-infobox-image-valign-top\"><div class=\"uagb-ifb-content\"><div class=\"uagb-ifb-title-wrap\"><h3 class=\"uagb-ifb-title\">MODALITAT<br>OBLIGAT\u00d2RIA<\/h3><\/div><p class=\"uagb-ifb-desc\">TRIA 1<\/p><div class=\"uagb-ifb-separator\"><\/div><\/div><\/div>\n\n\n\n<div class=\"wp-block-uagb-advanced-heading uagb-block-626469a3\"><h4 class=\"uagb-heading-text\">LLAT\u00cd<\/h4><\/div>\n\n\n\n<div class=\"wp-block-uagb-advanced-heading uagb-block-fa419b25\"><h4 class=\"uagb-heading-text\">MATEM\u00c0TIQUES<br>C. SOCIALS<\/h4><\/div>\n<\/div>\n\n\n\n<div class=\"wp-block-uagb-container uagb-block-ba943d44\">\n<div class=\"wp-block-uagb-info-box uagb-block-8309d57b uagb-infobox__content-wrap  uagb-infobox-icon-above-title uagb-infobox-image-valign-top\"><div class=\"uagb-ifb-content\"><div class=\"uagb-ifb-title-wrap\"><h3 class=\"uagb-ifb-title\">ASSIGNATURES<br>DE MODALITAT<\/h3><\/div><p class=\"uagb-ifb-desc\">TRIA 2<\/p><div class=\"uagb-ifb-separator\"><\/div><\/div><\/div>\n\n\n\n<div class=\"wp-block-uagb-advanced-heading uagb-block-c7df3cf7\"><h4 class=\"uagb-heading-text\">ECONOMIA<\/h4><\/div>\n\n\n\n<div class=\"wp-block-uagb-advanced-heading uagb-block-e620511f\"><h4 class=\"uagb-heading-text\">HIST\u00d2RIA DEL M\u00d3N CONTEMPORANI<\/h4><\/div>\n\n\n\n<div class=\"wp-block-uagb-advanced-heading uagb-block-13644c16\"><h4 class=\"uagb-heading-text\">M\u00d3N CL\u00c0SSIC<\/h4><\/div>\n<\/div>\n\n\n\n<div class=\"wp-block-uagb-container uagb-block-1f36d185\">\n<div class=\"wp-block-uagb-info-box uagb-block-7785849d uagb-infobox__content-wrap  uagb-infobox-icon-above-title uagb-infobox-image-valign-top\"><div class=\"uagb-ifb-content\"><div class=\"uagb-ifb-title-wrap\"><h3 class=\"uagb-ifb-title\">ASSIGNATURA<br>OPTATIVA 1<\/h3><\/div><p class=\"uagb-ifb-desc\">TRIA 1<\/p><div class=\"uagb-ifb-separator\"><\/div><\/div><\/div>\n\n\n\n<div class=\"wp-block-uagb-advanced-heading uagb-block-2775b1db\"><h4 class=\"uagb-heading-text\">ANTROPOLOGIA<\/h4><\/div>\n\n\n\n<div class=\"wp-block-uagb-advanced-heading uagb-block-7cd935d9\"><h4 class=\"uagb-heading-text\">FONAMENTS<br>DEL DRET<\/h4><\/div>\n\n\n\n<div class=\"wp-block-uagb-advanced-heading uagb-block-79893e72\"><h4 class=\"uagb-heading-text\">BIOLOGIA<\/h4><\/div>\n\n\n\n<div class=\"wp-block-uagb-advanced-heading uagb-block-85f7bddc\"><h4 class=\"uagb-heading-text\">DIBUIX T\u00c8CNIC<\/h4><\/div>\n<\/div>\n<\/div>\n\n\n\n<div class=\"wp-block-uagb-info-box uagb-block-8080e3f6 uagb-infobox__content-wrap  uagb-infobox-icon-above-title uagb-infobox-image-valign-top\"><div class=\"uagb-ifb-content\"><div class=\"uagb-ifb-title-wrap\"><h3 class=\"uagb-ifb-title\">2n BATXILLERAT<\/h3><\/div><\/div><\/div>\n\n\n\n<div class=\"wp-block-uagb-container uagb-block-94614138\">\n<div class=\"wp-block-uagb-container uagb-block-046449aa\">\n<div class=\"wp-block-uagb-info-box uagb-block-c9fdc28b uagb-infobox__content-wrap  uagb-infobox-icon-above-title uagb-infobox-image-valign-top\"><div class=\"uagb-ifb-content\"><div class=\"uagb-ifb-title-wrap\"><h3 class=\"uagb-ifb-title\">MODALITAT<br>OBLIGAT\u00d2RIA<\/h3><\/div><p class=\"uagb-ifb-desc\">TRIA 1<\/p><div class=\"uagb-ifb-separator\"><\/div><\/div><\/div>\n\n\n\n<div class=\"wp-block-uagb-advanced-heading uagb-block-e164708e\"><h4 class=\"uagb-heading-text\">LLAT\u00cd<\/h4><\/div>\n<\/div>\n\n\n\n<div class=\"wp-block-uagb-container uagb-block-58923030\">\n<div class=\"wp-block-uagb-info-box uagb-block-6fbcdf3b uagb-infobox__content-wrap  uagb-infobox-icon-above-title uagb-infobox-image-valign-top\"><div class=\"uagb-ifb-content\"><div class=\"uagb-ifb-title-wrap\"><h3 class=\"uagb-ifb-title\">ASSIGNATURES<br>DE MODALITAT<\/h3><\/div><p class=\"uagb-ifb-desc\">TRIA 2<\/p><div class=\"uagb-ifb-separator\"><\/div><\/div><\/div>\n\n\n\n<div class=\"wp-block-uagb-advanced-heading uagb-block-a70ad005\"><h4 class=\"uagb-heading-text\">ECONOMIA<\/h4><\/div>\n\n\n\n<div class=\"wp-block-uagb-advanced-heading uagb-block-a0e23207\"><h4 class=\"uagb-heading-text\">HIST\u00d2RIA DE L&#8217;ART<\/h4><\/div>\n\n\n\n<div class=\"wp-block-uagb-advanced-heading uagb-block-e43432ff\"><h4 class=\"uagb-heading-text\">MATEM\u00c0TIQUES<br>C. SOCIALS<\/h4><\/div>\n<\/div>\n\n\n\n<div class=\"wp-block-uagb-container uagb-block-f3181c8b\">\n<div class=\"wp-block-uagb-info-box uagb-block-3ab5be2d uagb-infobox__content-wrap  uagb-infobox-icon-above-title uagb-infobox-image-valign-top\"><div class=\"uagb-ifb-content\"><div class=\"uagb-ifb-title-wrap\"><h3 class=\"uagb-ifb-title\">ASSIGNATURA<br>OPTATIVA 1<\/h3><\/div><p class=\"uagb-ifb-desc\">TRIA 1<\/p><div class=\"uagb-ifb-separator\"><\/div><\/div><\/div>\n\n\n\n<div class=\"wp-block-uagb-advanced-heading uagb-block-d6141b98\"><h4 class=\"uagb-heading-text\">GEOGRAFIA<\/h4><\/div>\n\n\n\n<div class=\"wp-block-uagb-advanced-heading uagb-block-a52da78a\"><h4 class=\"uagb-heading-text\">LITERATURA<br>CAT \/ CAS<\/h4><\/div>\n<\/div>\n<\/div>\n<\/div><\/div>\n\n\n\n<div class=\"wp-block-uagb-info-box uagb-block-55ca0667 uagb-infobox__content-wrap  uagb-infobox-icon-above-title uagb-infobox-image-valign-top\"><div class=\"uagb-ifb-content\"><div class=\"uagb-ifb-title-wrap\"><h3 class=\"uagb-ifb-title\">TINC CLAR QUE&#8230;<\/h3><\/div><div class=\"uagb-ifb-separator\"><\/div><p class=\"uagb-ifb-desc\"><strong>La meva branca \u00e9s la Human\u00edstica<\/strong>, per\u00f2 no tinc clar el Dret \u00e9s per a mi o millor estudiar Filologia,<br>Quina difer\u00e8ncia hi ha entre Periodisme, Comunicaci\u00f3 Audiovisual o Publicitat?<br>Quines sortides tenen els graus d&#8217;Hist\u00f2ria o Filosofia?<\/p><\/div><\/div>\n\n\n\n<div class=\"wp-block-uagb-container uagb-block-748df8ec alignfull uagb-is-root-container\"><div class=\"uagb-container-inner-blocks-wrap\">\n<div class=\"wp-block-uagb-container uagb-block-40afaa0d\">\n<div class=\"wp-block-uagb-image uagb-block-c8c73d28 wp-block-uagb-image--layout-default wp-block-uagb-image--effect-static wp-block-uagb-image--align-none\"><figure class=\"wp-block-uagb-image__figure\"><img decoding=\"async\" srcset=\"https:\/\/viaro.org\/wp-content\/uploads\/2023\/05\/bachillerato-humanistico-profesora.jpg \" sizes=\"auto, (max-width: 480px) 150px\" src=\"https:\/\/viaro.org\/wp-content\/uploads\/2023\/05\/bachillerato-humanistico-profesora.jpg\" alt=\"bachillerato humanistico profesora\" class=\"uag-image-18019\" width=\"600\" height=\"600\" title=\"\" loading=\"lazy\"\/><\/figure><\/div>\n<\/div>\n\n\n\n<div class=\"wp-block-uagb-container uagb-block-8707adac\">\n<div class=\"wp-block-uagb-info-box uagb-block-48980d62 uagb-infobox__content-wrap  uagb-infobox-icon-above-title uagb-infobox-image-valign-top\"><div class=\"uagb-ifb-content\"><div class=\"uagb-ifb-title-wrap\"><h3 class=\"uagb-ifb-title\">ORIENTACI\u00d3 UNIVERSIT\u00c0RIA<\/h3><\/div><div class=\"uagb-ifb-separator\"><\/div><p class=\"uagb-ifb-desc\">A m\u00e9s de comptar amb un tutor personal, que els pugui orientar en l&#8217;elecci\u00f3 de carrera, i la disponibilitat de la resta de professors de Batxillerat, els alumnes de&nbsp;Viar\u00f3&nbsp;visiten les diferents universitats p\u00fabliques i privades de la prov\u00edncia de Barcelona i la <a href=\"https:\/\/www.unav.edu\/\" target=\"_blank\" rel=\"noopener\">Universitat de Navarra<\/a> per a con\u00e8ixer de primera m\u00e0 les caracter\u00edstiques de cada grau.<br><br>Entre altres activitats d&#8217;orientaci\u00f3, organitzem tamb\u00e9 una <strong>Jornada d&#8217;Orientaci\u00f3 Universit\u00e0ria<\/strong>. 30 alumni, que han acabat el batxillerat recentment i es troben cursant diferents graus, venen al col\u00b7legi a explicar com \u00e9s el seu grau i les particularitats de la universitat en la qual estan estudiant.<br><br>Al llarg de la jornada estan disponibles per a respondre a totes les preguntes dels alumnes de Batxillerat. Aquestes sessions resulten de gran utilitat per als alumnes que es debaten entre diverses opcions. <\/p><\/div><\/div>\n<\/div>\n<\/div><\/div>\n\n\n\n<div id=\"pau\" class=\"wp-block-uagb-container uagb-block-74f90757 alignfull uagb-is-root-container\"><div class=\"uagb-container-inner-blocks-wrap\">\n<div class=\"wp-block-uagb-info-box uagb-block-77838ce9 uagb-infobox__content-wrap  uagb-infobox-icon-above-title uagb-infobox-image-valign-top\"><div class=\"uagb-ifb-content\"><div class=\"uagb-ifb-title-wrap\"><\/div><div class=\"uagb-ifb-button-wrapper wp-block-button\"><a href=\"https:\/\/viaro.org\/admisiones\/\" class=\"uagb-infobox-cta-link wp-block-button__link\" target=\"_self\" rel=\"noopener noreferrer\" onclick=\"return true;\" alt=\"\"><span class=\"uagb-inline-editing\">M\u00e9s informaci\u00f3<\/span><\/a><\/div><\/div><\/div>\n<\/div><\/div>\n","protected":false},"excerpt":{"rendered":"<p>LLAT\u00cd MATEM\u00c0TIQUESC. SOCIALS ECONOMIA HIST\u00d2RIA DEL M\u00d3N CONTEMPORANI M\u00d3N CL\u00c0SSIC ANTROPOLOGIA FONAMENTSDEL DRET BIOLOGIA DIBUIX T\u00c8CNIC LLAT\u00cd ECONOMIA HIST\u00d2RIA DE L&#8217;ART MATEM\u00c0TIQUESC. SOCIALS GEOGRAFIA LITERATURACAT \/ CAS<\/p>\n","protected":false},"author":12,"featured_media":18002,"parent":0,"menu_order":0,"comment_status":"closed","ping_status":"closed","template":"","meta":{"_uag_custom_page_level_css":"","_joinchat":[],"footnotes":""},"class_list":["post-19241","page","type-page","status-publish","has-post-thumbnail","hentry"],"uagb_featured_image_src":{"full":["https:\/\/viaro.org\/wp-content\/uploads\/2023\/05\/bachillerato-humanistico-header.png",2560,670,false],"thumbnail":["https:\/\/viaro.org\/wp-content\/uploads\/2023\/05\/bachillerato-humanistico-header-150x150.png",150,150,true],"medium":["https:\/\/viaro.org\/wp-content\/uploads\/2023\/05\/bachillerato-humanistico-header-300x79.png",300,79,true],"medium_large":["https:\/\/viaro.org\/wp-content\/uploads\/2023\/05\/bachillerato-humanistico-header-768x201.png",640,168,true],"large":["https:\/\/viaro.org\/wp-content\/uploads\/2023\/05\/bachillerato-humanistico-header-1024x268.png",640,168,true],"1536x1536":["https:\/\/viaro.org\/wp-content\/uploads\/2023\/05\/bachillerato-humanistico-header-1536x402.png",1536,402,true],"2048x2048":["https:\/\/viaro.org\/wp-content\/uploads\/2023\/05\/bachillerato-humanistico-header-2048x536.png",2048,536,true],"related-content":["https:\/\/viaro.org\/wp-content\/uploads\/2023\/05\/bachillerato-humanistico-header-297x167.png",297,167,true]},"uagb_author_info":{"display_name":"Ignacio Malmierca","author_link":"https:\/\/viaro.org\/ca\/author\/imalmierca\/"},"uagb_comment_info":0,"uagb_excerpt":"LLAT\u00cd MATEM\u00c0TIQUESC. SOCIALS ECONOMIA HIST\u00d2RIA DEL M\u00d3N CONTEMPORANI M\u00d3N CL\u00c0SSIC ANTROPOLOGIA FONAMENTSDEL DRET BIOLOGIA DIBUIX T\u00c8CNIC LLAT\u00cd ECONOMIA HIST\u00d2RIA DE L&#8217;ART MATEM\u00c0TIQUESC. SOCIALS GEOGRAFIA LITERATURACAT \/ CAS","_links":{"self":[{"href":"https:\/\/viaro.org\/ca\/wp-json\/wp\/v2\/pages\/19241","targetHints":{"allow":["GET"]}}],"collection":[{"href":"https:\/\/viaro.org\/ca\/wp-json\/wp\/v2\/pages"}],"about":[{"href":"https:\/\/viaro.org\/ca\/wp-json\/wp\/v2\/types\/page"}],"author":[{"embeddable":true,"href":"https:\/\/viaro.org\/ca\/wp-json\/wp\/v2\/users\/12"}],"replies":[{"embeddable":true,"href":"https:\/\/viaro.org\/ca\/wp-json\/wp\/v2\/comments?post=19241"}],"version-history":[{"count":5,"href":"https:\/\/viaro.org\/ca\/wp-json\/wp\/v2\/pages\/19241\/revisions"}],"predecessor-version":[{"id":20298,"href":"https:\/\/viaro.org\/ca\/wp-json\/wp\/v2\/pages\/19241\/revisions\/20298"}],"wp:featuredmedia":[{"embeddable":true,"href":"https:\/\/viaro.org\/ca\/wp-json\/wp\/v2\/media\/18002"}],"wp:attachment":[{"href":"https:\/\/viaro.org\/ca\/wp-json\/wp\/v2\/media?parent=19241"}],"curies":[{"name":"wp","href":"https:\/\/api.w.org\/{rel}","templated":true}]}}