{"id":19751,"date":"2023-11-27T09:49:09","date_gmt":"2023-11-27T09:49:09","guid":{"rendered":"https:\/\/viaro.org\/?page_id=19751"},"modified":"2023-11-27T10:21:48","modified_gmt":"2023-11-27T10:21:48","slug":"sistema-interno-de-informacion","status":"publish","type":"page","link":"https:\/\/viaro.org\/ca\/sistema-interno-de-informacion\/","title":{"rendered":"Sistema intern d&#8217;informaci\u00f3"},"content":{"rendered":"\n<h4 class=\"wp-block-heading\"><strong>Sistema Intern d&#8217;Informaci\u00f3<\/strong><\/h4>\n\n\n\n<p>\u201cDoc\u00e8ncia i Investigaci\u00f3, S.A.\u201d (d&#8217;ara endavant, VIAR\u00d3) disposa d&#8217;un Sistema Intern d\u2019Informaci\u00f3 que permet denunciar en el context laboral o professional, sota la protecci\u00f3 de la llei, qualsevol irregularitat que pugui constituir una infracci\u00f3 penal o administrativa greu o molt greu.<\/p>\n\n\n\n<p>Podran utilitzar aquest Sistema Intern d\u2019Informaci\u00f3 les persones seg\u00fcents:<\/p>\n\n\n\n<ul class=\"wp-block-list\">\n<li>Els empleats i de VIAR\u00d3 amb independ\u00e8ncia del seu nivell jer\u00e0rquic, de la naturalesa de la seva relaci\u00f3 contractual i de la seva ubicaci\u00f3 geogr\u00e0fica o funcional.<\/li>\n\n\n\n<li>Els aut\u00f2noms.<\/li>\n\n\n\n<li>Els accionistes, part\u00edcips i membres dels \u00f2rgans d\u2019administraci\u00f3, direcci\u00f3 o supervisi\u00f3 de VIAR\u00d3.<\/li>\n\n\n\n<li>Qualsevol persona que treballi per o sota la supervisi\u00f3 i direcci\u00f3 de contractistes, subcontractistes i prove\u00efdors de VIAR\u00d3.<\/li>\n\n\n\n<li>Aquelles persones que comuniquin informaci\u00f3 sobre infraccions obtinguda en el marc d&#8217;una relaci\u00f3 laboral o estatut\u00e0ria ja finalitzada.<\/li>\n\n\n\n<li>Voluntaris, becaris i treballadors en per\u00edodes de formaci\u00f3 amb independ\u00e8ncia que percebin o no una remuneraci\u00f3.<\/li>\n\n\n\n<li>Aquelles persones la relaci\u00f3 laboral de les quals encara no hagi comen\u00e7at en els casos en qu\u00e8 la informaci\u00f3 sobre infraccions hagi estat obtinguda durant el proc\u00e9s de selecci\u00f3.<\/li>\n\n\n\n<li>Alumnes i progenitors o tutors legals.<\/li>\n<\/ul>\n\n\n\n<p>Per a la utilitzaci\u00f3 del Sistema Intern d\u2019Informaci\u00f3 pot acudir al seg\u00fcent enlla\u00e7:<\/p>\n\n\n\n<div style=\"height:20px\" aria-hidden=\"true\" class=\"wp-block-spacer\"><\/div>\n\n\n\n<div class=\"wp-block-buttons has-custom-font-size is-content-justification-center is-layout-flex wp-container-core-buttons-is-layout-16018d1d wp-block-buttons-is-layout-flex\" style=\"font-size:15px\">\n<div class=\"wp-block-button\"><a class=\"wp-block-button__link has-white-color has-text-color has-background has-link-color has-text-align-center wp-element-button\" href=\"http:\/\/centinela.lefebvre.es\/public\/concept\/1845611?access=FGpIk7luEAJRz7VGUtaRujljSwy5M4w7n6egcRz3qRg%3d\" style=\"background-color:#b2153f\" target=\"_blank\" rel=\"noreferrer noopener\"><strong>Sistema intern d<\/strong>&#8216;<strong>informaci\u00f3<\/strong><\/a><\/div>\n<\/div>\n\n\n\n<div style=\"height:20px\" aria-hidden=\"true\" class=\"wp-block-spacer\"><\/div>\n\n\n\n<p>A l\u2019anterior enlla\u00e7 t\u00e9 a la seva disposici\u00f3 a la Pol\u00edtica del Sistema Intern d&#8217;Informaci\u00f3 on es regulen els drets i garanties que assisteixen als informants.<\/p>\n\n\n\n<p>El Sistema Intern d\u2019Informaci\u00f3 no \u00e9s un servei d&#8217;emerg\u00e8ncia.<\/p>\n\n\n\n<p>En el cas que es vulgui fer una reclamaci\u00f3 comercial, el Sistema Intern d\u2019Informaci\u00f3 no \u00e9s el canal oficial per presentar reclamacions. Per a tal fi, la companyia disposa d&#8217;un servei d&#8217;Atenci\u00f3 al Client on es podran presentar les reclamacions o demanar informaci\u00f3.<\/p>\n","protected":false},"excerpt":{"rendered":"<p>Sistema Intern d&#8217;Informaci\u00f3 \u201cDoc\u00e8ncia i Investigaci\u00f3, S.A.\u201d (d&#8217;ara endavant, VIAR\u00d3) disposa d&#8217;un Sistema Intern d\u2019Informaci\u00f3 que permet denunciar en el context laboral o professional, sota la protecci\u00f3 de la llei, qualsevol irregularitat que pugui constituir una infracci\u00f3 penal o administrativa greu o molt greu. Podran utilitzar aquest Sistema Intern d\u2019Informaci\u00f3 les persones seg\u00fcents: Per a [&hellip;]<\/p>\n","protected":false},"author":12,"featured_media":1126,"parent":0,"menu_order":0,"comment_status":"closed","ping_status":"closed","template":"template-blocks.php","meta":{"_uag_custom_page_level_css":"","_joinchat":[],"footnotes":""},"class_list":["post-19751","page","type-page","status-publish","has-post-thumbnail","hentry"],"uagb_featured_image_src":{"full":["https:\/\/viaro.org\/wp-content\/uploads\/2018\/11\/header-contacto.jpg",2880,752,false],"thumbnail":["https:\/\/viaro.org\/wp-content\/uploads\/2018\/11\/header-contacto-150x150.jpg",150,150,true],"medium":["https:\/\/viaro.org\/wp-content\/uploads\/2018\/11\/header-contacto-300x78.jpg",300,78,true],"medium_large":["https:\/\/viaro.org\/wp-content\/uploads\/2018\/11\/header-contacto-768x201.jpg",640,168,true],"large":["https:\/\/viaro.org\/wp-content\/uploads\/2018\/11\/header-contacto-1024x267.jpg",640,167,true],"1536x1536":["https:\/\/viaro.org\/wp-content\/uploads\/2018\/11\/header-contacto.jpg",1536,401,false],"2048x2048":["https:\/\/viaro.org\/wp-content\/uploads\/2018\/11\/header-contacto.jpg",2048,535,false],"related-content":["https:\/\/viaro.org\/wp-content\/uploads\/2018\/11\/header-contacto-297x167.jpg",297,167,true]},"uagb_author_info":{"display_name":"Ignacio Malmierca","author_link":"https:\/\/viaro.org\/ca\/author\/imalmierca\/"},"uagb_comment_info":0,"uagb_excerpt":"Sistema Intern d&#8217;Informaci\u00f3 \u201cDoc\u00e8ncia i Investigaci\u00f3, S.A.\u201d (d&#8217;ara endavant, VIAR\u00d3) disposa d&#8217;un Sistema Intern d\u2019Informaci\u00f3 que permet denunciar en el context laboral o professional, sota la protecci\u00f3 de la llei, qualsevol irregularitat que pugui constituir una infracci\u00f3 penal o administrativa greu o molt greu. Podran utilitzar aquest Sistema Intern d\u2019Informaci\u00f3 les persones seg\u00fcents: Per a&hellip;","_links":{"self":[{"href":"https:\/\/viaro.org\/ca\/wp-json\/wp\/v2\/pages\/19751","targetHints":{"allow":["GET"]}}],"collection":[{"href":"https:\/\/viaro.org\/ca\/wp-json\/wp\/v2\/pages"}],"about":[{"href":"https:\/\/viaro.org\/ca\/wp-json\/wp\/v2\/types\/page"}],"author":[{"embeddable":true,"href":"https:\/\/viaro.org\/ca\/wp-json\/wp\/v2\/users\/12"}],"replies":[{"embeddable":true,"href":"https:\/\/viaro.org\/ca\/wp-json\/wp\/v2\/comments?post=19751"}],"version-history":[{"count":2,"href":"https:\/\/viaro.org\/ca\/wp-json\/wp\/v2\/pages\/19751\/revisions"}],"predecessor-version":[{"id":19753,"href":"https:\/\/viaro.org\/ca\/wp-json\/wp\/v2\/pages\/19751\/revisions\/19753"}],"wp:featuredmedia":[{"embeddable":true,"href":"https:\/\/viaro.org\/ca\/wp-json\/wp\/v2\/media\/1126"}],"wp:attachment":[{"href":"https:\/\/viaro.org\/ca\/wp-json\/wp\/v2\/media?parent=19751"}],"curies":[{"name":"wp","href":"https:\/\/api.w.org\/{rel}","templated":true}]}}