{"id":25588,"date":"2025-10-29T12:03:09","date_gmt":"2025-10-29T12:03:09","guid":{"rendered":"https:\/\/viaro.org\/opinions-de-viaro-2025-2\/"},"modified":"2025-11-04T09:40:06","modified_gmt":"2025-11-04T09:40:06","slug":"opinions-de-viaro-2025-2","status":"publish","type":"page","link":"https:\/\/viaro.org\/ca\/opinions-de-viaro-2025-2\/","title":{"rendered":"Opinions de Viar\u00f3 2025"},"content":{"rendered":"\n<p><strong>Opinions de les fam\u00edlies de&nbsp;Viar\u00f3<\/strong>&nbsp;&#8211; 2025<\/p>\n\n\n\n<p><em>Dades de l&#8217;enquesta realitzada a les fam\u00edlies al juny de 2025.<\/em><\/p>\n\n\n\n<p>Han participat <strong>335 fam\u00edlies<\/strong>, opinions de&nbsp;Viar\u00f3&nbsp;amb respostes representatives de totes les etapes educatives, que ens ofereixen una visi\u00f3 actual de com viuen el projecte educatiu.<\/p>\n\n\n\n<div class=\"wp-block-uagb-image uagb-block-f0156d37 wp-block-uagb-image--layout-default wp-block-uagb-image--effect-static wp-block-uagb-image--align-none\"><figure class=\"wp-block-uagb-image__figure\"><img decoding=\"async\" srcset=\"https:\/\/viaro.org\/wp-content\/uploads\/2025\/10\/Viaro_enquesta-families_grafics-01-1-1024x266.png ,https:\/\/viaro.org\/wp-content\/uploads\/2025\/10\/Viaro_enquesta-families_grafics-08.png 780w, https:\/\/viaro.org\/wp-content\/uploads\/2025\/10\/Viaro_enquesta-families_grafics-08.png 360w\" sizes=\"auto, (max-width: 480px) 150px\" src=\"https:\/\/viaro.org\/wp-content\/uploads\/2025\/10\/Viaro_enquesta-families_grafics-01-1-1024x266.png\" alt=\"\" class=\"uag-image-25528\" width=\"547\" height=\"140\" title=\"Viaro_enquesta families_grafics-08\" loading=\"lazy\" role=\"img\"\/><\/figure><\/div>\n\n\n\n<div style=\"height:25px\" aria-hidden=\"true\" class=\"wp-block-spacer\"><\/div>\n\n\n\n<h3 class=\"wp-block-heading has-text-color has-link-color wp-elements-49fe909940038b0df38ee720e15adf1a\" style=\"color:#a32a43\"><strong>Viar\u00f3, un col\u00b7legi de fam\u00edlies<\/strong><\/h3>\n\n\n\n<p>El nostre projecte no s&#8217;ent\u00e9n sense la col\u00b7laboraci\u00f3 constant amb vosaltres, pares i mares, que confieu en nosaltres l&#8217;educaci\u00f3 integral dels vostres fills. Per aix\u00f2, <strong>escoltar les fam\u00edlies<\/strong> i con\u00e8ixer les opinions de Viar\u00f3 \u00e9s essencial: les vostres opinions ens confirmen el que fem b\u00e9 i ens ajuden a avan\u00e7ar en tot all\u00f2 que encara t\u00e9 marge de millora.<\/p>\n\n\n\n<div style=\"height:25px\" aria-hidden=\"true\" class=\"wp-block-spacer\"><\/div>\n\n\n\n<h3 class=\"wp-block-heading has-text-color has-link-color wp-elements-e81c5be29dce5e84967bfde22b5113dc\" style=\"color:#a32a43\"><strong>Resultats generals<\/strong><\/h3>\n\n\n\n<p>La valoraci\u00f3 mitjana que feu les fam\u00edlies de la vostra experi\u00e8ncia en&nbsp;Viar\u00f3&nbsp;\u00e9s de <strong>8,78 sobre 10<\/strong>, una xifra que mostra un grau de satisfacci\u00f3 molt alt. A m\u00e9s, <strong>el 66% de les fam\u00edlies ens puntueu amb un 10 en la probabilitat de recomanar el col\u00b7legi, i gaireb\u00e9 el 90% ho feu amb un 8 o m\u00e9s.<\/strong><\/p>\n\n\n\n<div class=\"wp-block-uagb-image uagb-block-d41d21d4 wp-block-uagb-image--layout-default wp-block-uagb-image--effect-static wp-block-uagb-image--align-none\"><figure class=\"wp-block-uagb-image__figure\"><img decoding=\"async\" srcset=\"https:\/\/viaro.org\/wp-content\/uploads\/2025\/10\/Viaro_enquesta-families_grafics-02-1-1024x702.png ,https:\/\/viaro.org\/wp-content\/uploads\/2025\/10\/Viaro_enquesta-families_grafics-09.png 780w, https:\/\/viaro.org\/wp-content\/uploads\/2025\/10\/Viaro_enquesta-families_grafics-09.png 360w\" sizes=\"auto, (max-width: 480px) 150px\" src=\"https:\/\/viaro.org\/wp-content\/uploads\/2025\/10\/Viaro_enquesta-families_grafics-02-1-1024x702.png\" alt=\"\" class=\"uag-image-25531\" width=\"368\" height=\"247\" title=\"Viaro_enquesta families_grafics-09\" loading=\"lazy\" role=\"img\"\/><\/figure><\/div>\n\n\n\n<p>Aquests resultats posen de manifest la confian\u00e7a que teniu en el col\u00b7legi i que la gran majoria de fam\u00edlies el recomanar\u00edeu amb confian\u00e7a a altres pares i mares.<\/p>\n\n\n\n<div style=\"height:25px\" aria-hidden=\"true\" class=\"wp-block-spacer\"><\/div>\n\n\n\n<h3 class=\"wp-block-heading has-text-color has-link-color wp-elements-2e4522828a685c385089afae2eb80404\" style=\"color:#a32a43\"><strong>Identitat i model educatiu<\/strong><\/h3>\n\n\n\n<p>Dos pilars clau del nostre projecte continuen sent especialment valorats:<\/p>\n\n\n\n<div class=\"wp-block-uagb-image uagb-block-3a376d9a wp-block-uagb-image--layout-default wp-block-uagb-image--effect-static wp-block-uagb-image--align-none\"><figure class=\"wp-block-uagb-image__figure\"><img decoding=\"async\" srcset=\"https:\/\/viaro.org\/wp-content\/uploads\/2025\/10\/Viaro_enquesta-families_grafics-03-1-1024x348.png ,https:\/\/viaro.org\/wp-content\/uploads\/2025\/10\/Viaro_enquesta-families_grafics-10-scaled.png 780w, https:\/\/viaro.org\/wp-content\/uploads\/2025\/10\/Viaro_enquesta-families_grafics-10-scaled.png 360w\" sizes=\"auto, (max-width: 480px) 150px\" src=\"https:\/\/viaro.org\/wp-content\/uploads\/2025\/10\/Viaro_enquesta-families_grafics-03-1-1024x348.png\" alt=\"\" class=\"uag-image-25534\" width=\"455\" height=\"148\" title=\"Viaro_enquesta families_grafics-10\" loading=\"lazy\" role=\"img\"\/><\/figure><\/div>\n\n\n\n<p>Aquests dos pilars s\u00f3n percebuts com a propis i coherents, i reforcen la solidesa del nostre projecte educatiu.<\/p>\n\n\n\n<div style=\"height:25px\" aria-hidden=\"true\" class=\"wp-block-spacer\"><\/div>\n\n\n\n<h3 class=\"wp-block-heading has-text-color has-link-color wp-elements-d51731fbe0644d19e6b3010079be8139\" style=\"color:#a32a43\"><strong>Excel\u00b7l\u00e8ncia acad\u00e8mica i activitats<\/strong><\/h3>\n\n\n\n<p>La confian\u00e7a en el professorat \u00e9s un dels punts m\u00e9s destacats: la <strong>qualitat de la doc\u00e8ncia<\/strong> \u00e9s l&#8217;aspecte millor valorat, amb una mitjana de 4,23. El <strong>nivell acad\u00e8mic<\/strong> tamb\u00e9 obt\u00e9 una bona puntuaci\u00f3 (4,11).&nbsp;Viar\u00f3&nbsp;ofereix una <strong>formaci\u00f3 exigent i equilibrada, que combina coneixement, raonament i capacitat d&#8217;esfor\u00e7<\/strong>, i que prepara els alumnes per a afrontar amb seguretat les seg\u00fcents etapes.<\/p>\n\n\n\n<p>Cada any, <strong>el col\u00b7legi impulsa mesures concretes per continuar elevant el nivell acad\u00e8mic<\/strong> i garantir una formaci\u00f3 cada vegada m\u00e9s completa i adaptada als reptes actuals:<\/p>\n\n\n\n<p>\u2022 <strong>Millora metodol\u00f2gica i programes de formaci\u00f3 cont\u00ednua del professorat<\/strong>, per a innovar metodologies sense perdre solidesa.<\/p>\n\n\n\n<p><strong>\u2022 Noves din\u00e0miques d&#8217;aula per a fomentar el pensament cr\u00edtic i la reflexi\u00f3 personal,<\/strong> que ajuden els alumnes a connectar el que aprenen amb la seva pr\u00f2pia experi\u00e8ncia, fent que l&#8217;aprenentatge sigui realment significatiu.<\/p>\n\n\n\n<p><strong>\u2022 &nbsp;Inici del projecte \u201cUna persona, una llengua\u201d: <\/strong>es promou que els alumnes es dirigeixin als professors i professores en la llengua en la qual se&#8217;ls parla, com a mostra de respecte i d&#8217;educaci\u00f3. Una manera senzilla i natural d&#8217;enfortir les compet\u00e8ncies ling\u00fc\u00edstiques i el tracte hum\u00e0 alhora.<\/p>\n\n\n\n<p><strong>\u2022 Creaci\u00f3 d&#8217;ex\u00e0mens interns de refer\u00e8ncia per a definir el perfil de sortida de cada cicle i etapa,<\/strong> i concretar quins objectius acad\u00e8mics i personals s\u00f3n essencials al final de cadascuna.<\/p>\n\n\n\n<p><strong>\u2022 Augment del nivell de les proves de Cambridge, <\/strong>amb objectiu d&#8217;acabar 6\u00e8 de Prim\u00e0ria amb nivell KET, 4t de Secund\u00e0ria amb First o Advanced i 2n de Batxillerat amb Advanced.<\/p>\n\n\n\n<p><strong>\u2022 Impuls de l&#8217;angl\u00e8s en les primeres etapes,<\/strong> amb m\u00e9s hores en Infantil i la pres\u00e8ncia constant de professores que parlen nom\u00e9s en angl\u00e8s a l&#8217;aula. Aquesta immersi\u00f3 di\u00e0ria, refor\u00e7ada amb la incorporaci\u00f3 d&#8217;una speaker m\u00e9s, afavoreix que els nens adquireixin l&#8217;idioma de manera espont\u00e0nia i natural des de petits.<\/p>\n\n\n\n<p>Les activitats que completen l&#8217;educaci\u00f3 a&nbsp;Viar\u00f3&nbsp;reben notes molt positives:<br><strong>\u2022 Activitats d&#8217;enriquiment educatiu<\/strong> (teatre, coral, m\u00fasica, concursos\u2026): 4,34\/5<br><strong>\u2022 Activitats esportives:<\/strong> 4,51\/5<\/p>\n\n\n\n<div style=\"height:26px\" aria-hidden=\"true\" class=\"wp-block-spacer\"><\/div>\n\n\n\n<h3 class=\"wp-block-heading has-text-color has-link-color wp-elements-e568860071ca63690e2b693f5a4b7579\" style=\"color:#a32a43\"><strong>Acompanyament i professorat<\/strong><\/h3>\n\n\n\n<p>El nostre model d&#8217;educaci\u00f3 personalitzada, basat en la figura del <strong>tutor personal,<\/strong> \u00e9s reconegut com un tret distintiu de&nbsp;Viar\u00f3.<\/p>\n\n\n\n<figure class=\"wp-block-image size-large is-resized\"><img decoding=\"async\" src=\"https:\/\/viaro.org\/wp-content\/uploads\/2025\/10\/Viaro_enquesta-families_grafics-04-1-1024x654.png\" alt=\"\" class=\"wp-image-25537\" style=\"width:381px;height:auto\"\/><\/figure>\n\n\n\n<p>Les fam\u00edlies destaqueu la<strong> vocaci\u00f3 i implicaci\u00f3 del professorat<\/strong> i el <strong>tracte hum\u00e0<\/strong> que rebeu en el dia a dia.<\/p>\n\n\n\n<iframe title=\"YouTube video player\" src=\"https:\/\/www.youtube.com\/embed\/5bvfy3audcQ?si=Ah7R-618ZFfV0YQR\" width=\"560\" height=\"315\" frameborder=\"0\" allowfullscreen=\"allowfullscreen\"><\/iframe>\n\n\n\n<h3 class=\"wp-block-heading has-text-color has-link-color wp-elements-6de173cbf23cf16f1b7ca22b61424a90\" style=\"color:#a32a43\"><strong>Formaci\u00f3 en valors i conviv\u00e8ncia<\/strong><\/h3>\n\n\n\n<p>El bloc millor valorat en les opinions de&nbsp;Viar\u00f3&nbsp;\u00e9s, un any m\u00e9s, <strong>la formaci\u00f3 humana i espiritual:<\/strong><\/p>\n\n\n\n<figure class=\"wp-block-image size-large is-resized\"><img decoding=\"async\" src=\"https:\/\/viaro.org\/wp-content\/uploads\/2025\/10\/Viaro_enquesta-families_grafics-05-1-1024x983.png\" alt=\"\" class=\"wp-image-25540\" style=\"width:288px;height:auto\"\/><\/figure>\n\n\n\n<p>A Viar\u00f3, acompanyem, escoltem, orientem i proposem perqu\u00e8 cada alumne pugui rec\u00f3rrer el seu propi cam\u00ed de creixement personal. <strong>L&#8217;acompanyament personal \u00e9s el nucli del projecte educatiu<\/strong>, que parteix de la convicci\u00f3 que el creixement personal no s&#8217;improvitza. Aquest pla de formaci\u00f3 personalitzat i d&#8217;acompanyament integral inclou totes les dimensions de la persona (Projecte FITES): <strong>F\u00edsica, Intel\u00b7lectual, Transcendent, Emocional i Social.<\/strong><\/p>\n\n\n\n<div class=\"wp-block-buttons is-layout-flex wp-block-buttons-is-layout-flex\">\n<div class=\"wp-block-button\"><a class=\"wp-block-button__link has-background has-small-font-size has-custom-font-size wp-element-button\" href=\"https:\/\/viaro.org\/wp-content\/uploads\/2025\/10\/Viaro_ViaViaro_esquema_CAT.pdf\" style=\"background-color:#a32a43\" target=\"_blank\" rel=\"noreferrer noopener\"><strong>DESCARREGA PROJECTE FITES<\/strong><\/a><\/div>\n<\/div>\n\n\n\n<div style=\"height:22px\" aria-hidden=\"true\" class=\"wp-block-spacer\"><\/div>\n\n\n\n<h3 class=\"wp-block-heading has-text-color has-link-color wp-elements-36da869bebff3d8a88f0ae900cfeaa45\" style=\"color:#a32a43\"><strong>Voluntariat<\/strong><\/h3>\n\n\n\n<p>El <strong>voluntariat<\/strong> a&nbsp;Viar\u00f3&nbsp;(4,03\/5) t\u00e9 un doble objectiu: d&#8217;una banda, ajudar els altres per\u00f2 tamb\u00e9 <strong>despertar la consci\u00e8ncia dels nois per a preocupar-se de veritat pels quals tenen al voltant,<\/strong> generar una actitud i una manera de fer.<\/p>\n\n\n\n<p>Durant les diferents etapes, s&#8217;impulsen <strong>accions d&#8217;acompanyament i servei<\/strong>, tant dins de com fora del col\u00b7legi: padrins lectors, campanyes solid\u00e0ries, recollida d&#8217;aliments, catequesis, suport voluntari en esdeveniments del col\u00b7legi, etc.<\/p>\n\n\n\n<p>A m\u00e9s, impulsem el <strong>Projecte Nairobi,<\/strong> que implica tot el col\u00b7legi i culmina amb el <strong>voluntariat de 2n de Batxillerat a Kenya<\/strong>, en col\u00b7laboraci\u00f3 amb Eastlands College of Technology de Nairobi. Els alumnes treballen en projectes educatius, d&#8217;infraestructura i d&#8217;ajuda a fam\u00edlies locals.<\/p>\n\n\n\n<div class=\"wp-block-uagb-image uagb-block-78cf48ee wp-block-uagb-image--layout-default wp-block-uagb-image--effect-static wp-block-uagb-image--align-none\"><figure class=\"wp-block-uagb-image__figure\"><img decoding=\"async\" srcset=\"https:\/\/viaro.org\/wp-content\/uploads\/2025\/10\/Viaro-Nairobi.jpg ,https:\/\/viaro.org\/wp-content\/uploads\/2025\/10\/Viaro-Nairobi.jpg 780w, https:\/\/viaro.org\/wp-content\/uploads\/2025\/10\/Viaro-Nairobi.jpg 360w\" sizes=\"auto, (max-width: 480px) 150px\" src=\"https:\/\/viaro.org\/wp-content\/uploads\/2025\/10\/Viaro-Nairobi.jpg\" alt=\"\" class=\"uag-image-25512\" width=\"900\" height=\"658\" title=\"Viaro-Nairobi\" loading=\"lazy\" role=\"img\"\/><\/figure><\/div>\n\n\n\n<p>Aquesta voluntat de servei s\u2019est\u00e9n tamb\u00e9 a les fam\u00edlies. <strong>Us recordem les activitats que s\u2019organitzen, per si voleu participar en alguna:<\/strong><\/p>\n\n\n\n<ul class=\"wp-block-list\">\n<li>Recollida d&#8217;aliments per a C\u00e1ritas<\/li>\n\n\n\n<li>Acompanyament a sacerdots grans<\/li>\n\n\n\n<li>Cuina per a persones sense llar<\/li>\n\n\n\n<li>Missa amb la Resid\u00e8ncia Estimia<\/li>\n\n\n\n<li>Missa a Benito Menni<\/li>\n\n\n\n<li>Acompanyament a la Resid\u00e8ncia Amavir (Sant Cugat)<\/li>\n<\/ul>\n\n\n\n<p>Podeu llegir m\u00e9s informaci\u00f3 aqu\u00ed:<\/p>\n\n\n\n<div class=\"wp-block-buttons is-layout-flex wp-block-buttons-is-layout-flex\">\n<div class=\"wp-block-button\"><a class=\"wp-block-button__link has-background has-small-font-size has-custom-font-size wp-element-button\" href=\"https:\/\/viaro.org\/wp-content\/uploads\/2025\/10\/Voluntariat-en-familia_CAT.pdf\" style=\"background-color:#a32a43\" target=\"_blank\" rel=\"noreferrer noopener\"><strong>VOLUNTARIAT FAM\u00cdLIES<\/strong><\/a><\/div>\n<\/div>\n\n\n\n<div style=\"height:22px\" aria-hidden=\"true\" class=\"wp-block-spacer\"><\/div>\n\n\n\n<h3 class=\"wp-block-heading has-text-color has-link-color wp-elements-e0969afea107ffb0b7112266c0b46112\" style=\"color:#a32a43\"><strong>Relaci\u00f3 amb les fam\u00edlies<\/strong><\/h3>\n\n\n\n<p>Segons les opinions de Viar\u00f3, el contacte amb els pares i mares \u00e9s un altre punt fort del projecte:<\/p>\n\n\n\n<figure class=\"wp-block-image size-large is-resized\"><img decoding=\"async\" src=\"https:\/\/viaro.org\/wp-content\/uploads\/2025\/10\/Viaro_enquesta-families_grafics-06-1-1024x930.png\" alt=\"\" class=\"wp-image-25543\" style=\"width:379px;height:auto\"\/><\/figure>\n\n\n\n<div style=\"height:25px\" aria-hidden=\"true\" class=\"wp-block-spacer\"><\/div>\n\n\n\n<h3 class=\"wp-block-heading has-text-color has-link-color wp-elements-ec418ee4ab0fd2f1c02bbd9f5c609757\" style=\"color:#a32a43\"><strong>DOIP: atenci\u00f3 a la diversitat<\/strong><\/h3>\n\n\n\n<p>El <strong>Departament d&#8217;Orientaci\u00f3 i Intervenci\u00f3 Psicopedag\u00f2gica (<a href=\"https:\/\/viaro.org\/ca\/atencio-diversitat\/\">DOIP<\/a>) <\/strong>\u00e9s molt ben valorat per les fam\u00edlies que ho coneixeu i constitueix un element diferenciador. L&#8217;enquesta mostra, per\u00f2, que encara hi ha fam\u00edlies que en teniu poc coneixement: \u00e9s una bona oportunitat per a explicar millor qu\u00e8 \u00e9s i com ajuda a alumnes i fam\u00edlies.<br><br>A&nbsp;Viar\u00f3, <strong>el&nbsp;DOIP&nbsp;treballa per la inclusi\u00f3: que tots els alumnes tinguin les mateixes oportunitats d&#8217;aprendre i cr\u00e9ixer.<\/strong><br><br>Qu\u00e8 fa?<\/p>\n\n\n\n<ul class=\"wp-block-list\">\n<li><strong>Detecci\u00f3 i valoraci\u00f3 inicial de possibles dificultats<\/strong> d&#8217;aprenentatge o trastorns (no diagn\u00f2stic cl\u00ednic, sin\u00f3 orientaci\u00f3 escolar).<\/li>\n\n\n\n<li><strong>Orientaci\u00f3 i assessorament a fam\u00edlies i professors,<\/strong> participant en entrevistes i elaborant protocols i adaptacions.<\/li>\n\n\n\n<li><strong>Plans i adaptacions personalitzades (PI,&nbsp;API)<\/strong>&nbsp;perqu\u00e8 cada alumne pugui aconseguir els objectius acad\u00e8mics.<\/li>\n\n\n\n<li><strong>Proves psicopedag\u00f2giques anuals<\/strong> amb una eina professional: avaluaci\u00f3 de compet\u00e8ncies b\u00e0siques, seguiment de l&#8217;aprenentatge i&nbsp;socioemociograma&nbsp;per a entendre les din\u00e0miques de grup.<\/li>\n\n\n\n<li><strong>Acompanyament emocional i d&#8217;h\u00e0bits d&#8217;estudi,<\/strong> especialment a Secund\u00e0ria i Batxillerat (sessions d&#8217;orientaci\u00f3 individual, estrat\u00e8gies d&#8217;estudi, gesti\u00f3 de l&#8217;estr\u00e8s).<\/li>\n\n\n\n<li><strong>Formaci\u00f3 i conscienciaci\u00f3<\/strong> de l&#8217;equip docent per a treballar amb criteris comuns en l&#8217;atenci\u00f3 a la diversitat.<\/li>\n\n\n\n<li><strong>Gesti\u00f3 i documentaci\u00f3<\/strong> de beques, informes i processos oficials relacionats amb necessitats educatives.<\/li>\n<\/ul>\n\n\n\n<p><b>El valor diferencial: <\/b>un equip de tres professionals, estable i integrat al col\u00b7legi, que combina psicologia i pedagogia per a donar una resposta personalitzada i coordinada a cada alumne i a cada fam\u00edlia.<\/p>\n\n\n\n<div class=\"wp-block-uagb-image uagb-block-4fcb8926 wp-block-uagb-image--layout-default wp-block-uagb-image--effect-static wp-block-uagb-image--align-none\"><figure class=\"wp-block-uagb-image__figure\"><img decoding=\"async\" srcset=\"https:\/\/viaro.org\/wp-content\/uploads\/2025\/10\/Viaro-departamento-orientacion-pedagogica.jpg ,https:\/\/viaro.org\/wp-content\/uploads\/2025\/10\/Viaro-departamento-orientacion-pedagogica.jpg 780w, https:\/\/viaro.org\/wp-content\/uploads\/2025\/10\/Viaro-departamento-orientacion-pedagogica.jpg 360w\" sizes=\"auto, (max-width: 480px) 150px\" src=\"https:\/\/viaro.org\/wp-content\/uploads\/2025\/10\/Viaro-departamento-orientacion-pedagogica.jpg\" alt=\"\" class=\"uag-image-25549\" width=\"699\" height=\"466\" title=\"Viaro-departamento-orientacion-pedagogica\" loading=\"lazy\" role=\"img\"\/><\/figure><\/div>\n\n\n\n<div style=\"height:27px\" aria-hidden=\"true\" class=\"wp-block-spacer\"><\/div>\n\n\n\n<h3 class=\"wp-block-heading has-text-color has-link-color wp-elements-e2b40d6bba7bee970fa401eb27f40a60\" style=\"color:#a32a43\"><strong>Serveis i instal\u00b7lacions<\/strong><\/h3>\n\n\n\n<p>El dia a dia organitzatiu i log\u00edstic est\u00e0 molt ben valorat en les opinions de Viar\u00f3:<\/p>\n\n\n\n<figure class=\"wp-block-image size-large is-resized\"><img decoding=\"async\" src=\"https:\/\/viaro.org\/wp-content\/uploads\/2025\/10\/Viaro_enquesta-families_grafics-07-1-1024x695.png\" alt=\"\" class=\"wp-image-25546\" style=\"width:416px;height:auto\"\/><\/figure>\n\n\n\n<p>Aquestes dades mostren que les fam\u00edlies aprecien no nom\u00e9s el projecte educatiu, sin\u00f3 tamb\u00e9 la<strong> qualitat dels serveis que l&#8217;acompanyen.<\/strong><\/p>\n\n\n\n<h3 class=\"wp-block-heading has-text-color has-link-color wp-elements-90a59341405cc006e04dfd5dc84363ba\" style=\"color:#a32a43\"><strong>En paraules de les nostres fam\u00edlies:<\/strong><\/h3>\n\n\n\n<p>Les respostes obertes de les opinions de Viar\u00f3 mostren el que m\u00e9s agrada del col\u00b7legi:<\/p>\n\n\n\n<ul class=\"wp-block-list\">\n<li>L&#8217;equilibri entre <strong>l&#8217;exig\u00e8ncia acad\u00e8mica i l&#8217;ambient proper.<\/strong><\/li>\n\n\n\n<li>La <strong>formaci\u00f3 en valors i la dimensi\u00f3 cristiana.<\/strong><\/li>\n\n\n\n<li>La <strong>comunitat de fam\u00edlies<\/strong> i el <strong>sentiment de pertinen\u00e7a,<\/strong> creant <strong>amistats amb fam\u00edlies<\/strong> que tenen els mateixos valors i objectius.<\/li>\n\n\n\n<li>La <strong>vocaci\u00f3 i proximitat del professorat.<\/strong><\/li>\n<\/ul>\n\n\n\n<p>En les opinions de&nbsp;Viar\u00f3, s&#8217;ha expressat <strong>agra\u00efment espontani<\/strong> en m\u00e9s d&#8217;un 10% dels comentaris oberts.<\/p>\n\n\n\n<h2 class=\"wp-block-heading\"><strong>Vols convidar noves fam\u00edlies?<\/strong><\/h2>\n\n\n\n<p>Pots convidar-les a les pr\u00f2ximes <a href=\"https:\/\/viaro.org\/ca\/admissions\/portes-obertes\/\">Jornades de Portes Obertes<\/a> o a sol\u00b7licitar una entrevista personal per a descobrir de primera m\u00e0 qu\u00e8 vol dir formar part d&#8217;aquest projecte educatiu.<\/p>\n\n\n\n<div class=\"wp-block-uagb-image uagb-block-da149074 wp-block-uagb-image--layout-default wp-block-uagb-image--effect-static wp-block-uagb-image--align-none\"><figure class=\"wp-block-uagb-image__figure\"><a class=\"\" href=\"https:\/\/viaro.org\/admisiones\/puertas-abiertas\/\" target=\"\" rel=\"noopener\"><img decoding=\"async\" srcset=\"https:\/\/viaro.org\/wp-content\/uploads\/2025\/10\/Viaro_JPA_banner-01-1.jpg ,https:\/\/viaro.org\/wp-content\/uploads\/2025\/10\/Viaro_JPA_banner-01-1.jpg 780w, https:\/\/viaro.org\/wp-content\/uploads\/2025\/10\/Viaro_JPA_banner-01-1.jpg 360w\" sizes=\"auto, (max-width: 480px) 150px\" src=\"https:\/\/viaro.org\/wp-content\/uploads\/2025\/10\/Viaro_JPA_banner-01-1.jpg\" alt=\"\" class=\"uag-image-25595\" width=\"751\" height=\"364\" title=\"Viaro_JPA_banner-02\" loading=\"lazy\" role=\"img\"\/><\/a><\/figure><\/div>\n\n\n\n<p><em>Vols llegir les opinions de&nbsp;Viar\u00f3&nbsp;de fa dos anys? Fes clic <a href=\"\/ca\/?page_id=25351\">aqu\u00ed.<\/a><\/em><\/p>\n\n\n\n<p><\/p>\n","protected":false},"excerpt":{"rendered":"<p>Opinions de les fam\u00edlies de&nbsp;Viar\u00f3&nbsp;&#8211; 2025 Dades de l&#8217;enquesta realitzada a les fam\u00edlies al juny de 2025. Han participat 335 fam\u00edlies, opinions de&nbsp;Viar\u00f3&nbsp;amb respostes representatives de totes les etapes educatives, que ens ofereixen una visi\u00f3 actual de com viuen el projecte educatiu. Viar\u00f3, un col\u00b7legi de fam\u00edlies El nostre projecte no s&#8217;ent\u00e9n sense la col\u00b7laboraci\u00f3 [&hellip;]<\/p>\n","protected":false},"author":11,"featured_media":15266,"parent":0,"menu_order":0,"comment_status":"closed","ping_status":"closed","template":"template-blocks.php","meta":{"_uag_custom_page_level_css":"","_joinchat":[],"footnotes":""},"class_list":["post-25588","page","type-page","status-publish","has-post-thumbnail","hentry"],"uagb_featured_image_src":{"full":["https:\/\/viaro.org\/wp-content\/uploads\/2023\/02\/opiniones-viaro-header-scaled.jpg",2560,668,false],"thumbnail":["https:\/\/viaro.org\/wp-content\/uploads\/2023\/02\/opiniones-viaro-header-150x150.jpg",150,150,true],"medium":["https:\/\/viaro.org\/wp-content\/uploads\/2023\/02\/opiniones-viaro-header-300x78.jpg",300,78,true],"medium_large":["https:\/\/viaro.org\/wp-content\/uploads\/2023\/02\/opiniones-viaro-header-768x201.jpg",640,168,true],"large":["https:\/\/viaro.org\/wp-content\/uploads\/2023\/02\/opiniones-viaro-header-1024x267.jpg",640,167,true],"1536x1536":["https:\/\/viaro.org\/wp-content\/uploads\/2023\/02\/opiniones-viaro-header-1536x401.jpg",1536,401,true],"2048x2048":["https:\/\/viaro.org\/wp-content\/uploads\/2023\/02\/opiniones-viaro-header-2048x535.jpg",2048,535,true],"related-content":["https:\/\/viaro.org\/wp-content\/uploads\/2023\/02\/opiniones-viaro-header-297x167.jpg",297,167,true]},"uagb_author_info":{"display_name":"Comunicaci\u00f3 Viar\u00f3","author_link":"https:\/\/viaro.org\/ca\/author\/viarocom\/"},"uagb_comment_info":0,"uagb_excerpt":"Opinions de les fam\u00edlies de&nbsp;Viar\u00f3&nbsp;&#8211; 2025 Dades de l&#8217;enquesta realitzada a les fam\u00edlies al juny de 2025. Han participat 335 fam\u00edlies, opinions de&nbsp;Viar\u00f3&nbsp;amb respostes representatives de totes les etapes educatives, que ens ofereixen una visi\u00f3 actual de com viuen el projecte educatiu. Viar\u00f3, un col\u00b7legi de fam\u00edlies El nostre projecte no s&#8217;ent\u00e9n sense la col\u00b7laboraci\u00f3&hellip;","_links":{"self":[{"href":"https:\/\/viaro.org\/ca\/wp-json\/wp\/v2\/pages\/25588","targetHints":{"allow":["GET"]}}],"collection":[{"href":"https:\/\/viaro.org\/ca\/wp-json\/wp\/v2\/pages"}],"about":[{"href":"https:\/\/viaro.org\/ca\/wp-json\/wp\/v2\/types\/page"}],"author":[{"embeddable":true,"href":"https:\/\/viaro.org\/ca\/wp-json\/wp\/v2\/users\/11"}],"replies":[{"embeddable":true,"href":"https:\/\/viaro.org\/ca\/wp-json\/wp\/v2\/comments?post=25588"}],"version-history":[{"count":17,"href":"https:\/\/viaro.org\/ca\/wp-json\/wp\/v2\/pages\/25588\/revisions"}],"predecessor-version":[{"id":25634,"href":"https:\/\/viaro.org\/ca\/wp-json\/wp\/v2\/pages\/25588\/revisions\/25634"}],"wp:featuredmedia":[{"embeddable":true,"href":"https:\/\/viaro.org\/ca\/wp-json\/wp\/v2\/media\/15266"}],"wp:attachment":[{"href":"https:\/\/viaro.org\/ca\/wp-json\/wp\/v2\/media?parent=25588"}],"curies":[{"name":"wp","href":"https:\/\/api.w.org\/{rel}","templated":true}]}}