{"id":25873,"date":"2026-03-09T14:44:28","date_gmt":"2026-03-09T14:44:28","guid":{"rendered":"https:\/\/viaro.org\/?page_id=25873"},"modified":"2026-03-09T15:27:51","modified_gmt":"2026-03-09T15:27:51","slug":"capellania","status":"publish","type":"page","link":"https:\/\/viaro.org\/ca\/comunidad-y-servicios\/capellania\/","title":{"rendered":"Capellania"},"content":{"rendered":"\n<div class=\"wp-block-group\"><div class=\"wp-block-group__inner-container is-layout-constrained wp-block-group-is-layout-constrained\">\n<div class=\"wp-block-uagb-container uagb-block-d8cca865 alignfull uagb-is-root-container\"><div class=\"uagb-container-inner-blocks-wrap\">\n<hr class=\"wp-block-separator has-text-color has-alpha-channel-opacity has-background is-style-dots\" style=\"background-color:#ffffff00;color:#ffffff00\"\/>\n\n\n\n<p class=\"has-large-font-size\"><strong>Capellania: acompanyament i vida cristiana<\/strong><\/p>\n\n\n\n<div class=\"wp-block-uagb-container uagb-block-fc8be071\">\n<p>A Viar\u00f3, <strong>la capellania est\u00e0 al servei de les fam\u00edlies, dels alumnes, del personal i dels alumni que ho desitgin lliurement.<\/strong><br>A trav\u00e9s de l\u2019eucaristia, els sagraments i l\u2019atenci\u00f3 personal, oferim un espai per cuidar la vida cristiana en el dia a dia.<br><strong>L\u2019atenci\u00f3 sacerdotal del col\u00b7legi est\u00e0 encomanada a la prelatura de l\u2019Opus Dei.<\/strong><\/p>\n\n\n\n<div class=\"wp-block-columns is-layout-flex wp-container-core-columns-is-layout-9d6595d7 wp-block-columns-is-layout-flex\">\n<div class=\"wp-block-column is-layout-flow wp-block-column-is-layout-flow\" style=\"flex-basis:33.33%\">\n<p style=\"font-size:28px\"><strong>Horari habitual de misses<\/strong><\/p>\n\n\n\n<p><strong>De dilluns a divendres<\/strong><br>8:30, 11:15 (nom\u00e9s els dies lectius escolars)<br>19:00 (tots els dies laborables)<br><strong>Diumenges i festius de precepte<\/strong><br>12:15 (excepte a l\u2019agost)<\/p>\n<\/div>\n\n\n\n<div class=\"wp-block-column is-layout-flow wp-block-column-is-layout-flow\" style=\"flex-basis:66.66%\">\n<div class=\"wp-block-uagb-image uagb-block-7f437dff wp-block-uagb-image--layout-default wp-block-uagb-image--effect-static wp-block-uagb-image--align-none\"><figure class=\"wp-block-uagb-image__figure\"><img decoding=\"async\" srcset=\"https:\/\/viaro.org\/wp-content\/uploads\/2024\/05\/Misa-becas-2024.jpg ,https:\/\/viaro.org\/wp-content\/uploads\/2024\/05\/Misa-becas-2024.jpg 780w, https:\/\/viaro.org\/wp-content\/uploads\/2024\/05\/Misa-becas-2024.jpg 360w\" sizes=\"auto, (max-width: 480px) 150px\" src=\"https:\/\/viaro.org\/wp-content\/uploads\/2024\/05\/Misa-becas-2024.jpg\" alt=\"Imposicion de Becas 2024 misa\" class=\"uag-image-21773\" width=\"600\" height=\"337\" title=\"Imposicion de Becas 2024 misa\" loading=\"lazy\" role=\"img\"\/><\/figure><\/div>\n<\/div>\n<\/div>\n\n\n\n<p><strong>Confessions<\/strong><br>S\u2019ofereix el sagrament de la reconciliaci\u00f3 des de <strong>mitja hora abans<\/strong> de cada celebraci\u00f3.<\/p>\n\n\n\n<div class=\"wp-block-uagb-container uagb-block-32560d99\">\n<div class=\"wp-block-uagb-container uagb-block-54586691\">\n<h3 class=\"wp-block-heading has-text-align-center\">Horari de misses del mes<\/h3>\n\n\n\n<p class=\"has-text-align-center\">Per veure els canvis puntuals i les celebracions especials, <strong>podeu descarregar l\u2019horari detallat del mes en curs.<\/strong><br><\/p>\n\n\n\n<div class=\"wp-block-uagb-buttons uagb-buttons__outer-wrap uagb-btn__medium-btn uagb-btn-tablet__default-btn uagb-btn-mobile__default-btn uagb-block-18b0ac21\"><div class=\"uagb-buttons__wrap uagb-buttons-layout-wrap \">\n<div class=\"wp-block-uagb-buttons-child uagb-buttons__outer-wrap uagb-block-7482a918 wp-block-button\"><div class=\"uagb-button__wrapper\"><a class=\"uagb-buttons-repeater wp-block-button__link\" aria-label=\"\" href=\"https:\/\/viaro.org\/wp-content\/uploads\/2026\/02\/CARTEL-MISAS-VIARO-MARZO-2026-scaled.jpg\" rel=\"follow noopener\" target=\"_blank\" role=\"button\"><div class=\"uagb-button__link\">Descarrega l\u2019horari de <strong>mar\u00e7 de 2026<\/strong><\/div><\/a><\/div><\/div>\n<\/div><\/div>\n<\/div>\n\n\n\n<div class=\"wp-block-uagb-container uagb-block-52d6ff5d\">\n<h3 class=\"wp-block-heading has-text-align-center\">Atenci\u00f3 sacerdotal<\/h3>\n\n\n\n<p class=\"has-text-align-center\"><strong>Si voleu parlar amb el capell\u00e0<\/strong>, rebre acompanyament espiritual o consultar alguna q\u00fcesti\u00f3 de fe, <strong>podeu escriure\u2019ns o unir-vos a la comunitat d\u2019avisos.<\/strong><br>Enviar un correu al capell\u00e0: <a href=\"mailto:isala@viaro.org\">isala@viaro.org<\/a><\/p>\n\n\n\n<div class=\"wp-block-columns is-layout-flex wp-container-core-columns-is-layout-9d6595d7 wp-block-columns-is-layout-flex\">\n<div class=\"wp-block-column is-layout-flow wp-block-column-is-layout-flow\">\n<div class=\"wp-block-uagb-buttons uagb-buttons__outer-wrap uagb-btn__default-btn uagb-btn-tablet__default-btn uagb-btn-mobile__default-btn uagb-block-3adb6805\"><div class=\"uagb-buttons__wrap uagb-buttons-layout-wrap \">\n<div class=\"wp-block-uagb-buttons-child uagb-buttons__outer-wrap uagb-block-78baf0ca wp-block-button\"><div class=\"uagb-button__wrapper\"><a class=\"uagb-buttons-repeater wp-block-button__link\" aria-label=\"\" href=\"https:\/\/chat.whatsapp.com\/C4uqhij3JxIJBnyXHYXXe1\" rel=\"follow noopener\" target=\"_self\" role=\"button\"><div class=\"uagb-button__link\">Comunitat de WhatsApp<\/div><\/a><\/div><\/div>\n<\/div><\/div>\n<\/div>\n<\/div>\n<\/div>\n<\/div>\n\n\n\n<div class=\"wp-block-columns is-layout-flex wp-container-core-columns-is-layout-9d6595d7 wp-block-columns-is-layout-flex\">\n<div class=\"wp-block-column is-layout-flow wp-block-column-is-layout-flow\">\n<div class=\"wp-block-uagb-image aligncenter uagb-block-c30a658e wp-block-uagb-image--layout-default wp-block-uagb-image--effect-static wp-block-uagb-image--align-center\"><figure class=\"wp-block-uagb-image__figure\"><img decoding=\"async\" srcset=\"https:\/\/viaro.org\/wp-content\/uploads\/2026\/03\/SEMANA-SANTA-BANNERCAT-1024x321.png ,https:\/\/viaro.org\/wp-content\/uploads\/2026\/03\/SEMANA-SANTA-BANNERCAT-scaled.png 780w, https:\/\/viaro.org\/wp-content\/uploads\/2026\/03\/SEMANA-SANTA-BANNERCAT-scaled.png 360w\" sizes=\"auto, (max-width: 480px) 150px\" src=\"https:\/\/viaro.org\/wp-content\/uploads\/2026\/03\/SEMANA-SANTA-BANNERCAT-1024x321.png\" alt=\"\" class=\"uag-image-26053\" width=\"1024\" height=\"321\" title=\"SEMANA SANTA BANNERCAT\" loading=\"lazy\" role=\"img\"\/><\/figure><\/div>\n<\/div>\n<\/div>\n\n\n\n<p class=\"has-text-align-center\"><strong>Per saber-ne m\u00e9s<br><a href=\"https:\/\/opusdei.org\/es-es\/article\/llamados-a-ser-santos\/\" target=\"_blank\" rel=\"noopener\">Qu\u00e8 \u00e9s l\u2019Opus Dei<br><\/a><a href=\"https:\/\/es.josemariaescriva.info\/seccion\/biografia_san_josemaria\" target=\"_blank\" rel=\"noreferrer noopener\">Sant Josemar\u00eda Escriv\u00e1<\/a><\/strong><\/p>\n<\/div>\n<\/div><\/div>\n<\/div><\/div>\n\n\n\n<p><\/p>\n","protected":false},"excerpt":{"rendered":"<p>Capellania: acompanyament i vida cristiana A Viar\u00f3, la capellania est\u00e0 al servei de les fam\u00edlies, dels alumnes, del personal i dels alumni que ho desitgin lliurement.A trav\u00e9s de l\u2019eucaristia, els sagraments i l\u2019atenci\u00f3 personal, oferim un espai per cuidar la vida cristiana en el dia a dia.L\u2019atenci\u00f3 sacerdotal del col\u00b7legi est\u00e0 encomanada a la prelatura [&hellip;]<\/p>\n","protected":false},"author":11,"featured_media":1063,"parent":1337,"menu_order":0,"comment_status":"closed","ping_status":"closed","template":"","meta":{"_uag_custom_page_level_css":"","_joinchat":[],"footnotes":""},"class_list":["post-25873","page","type-page","status-publish","has-post-thumbnail","hentry"],"uagb_featured_image_src":{"full":["https:\/\/viaro.org\/wp-content\/uploads\/2018\/11\/header-capellania.jpg",2880,752,false],"thumbnail":["https:\/\/viaro.org\/wp-content\/uploads\/2018\/11\/header-capellania-150x150.jpg",150,150,true],"medium":["https:\/\/viaro.org\/wp-content\/uploads\/2018\/11\/header-capellania-300x78.jpg",300,78,true],"medium_large":["https:\/\/viaro.org\/wp-content\/uploads\/2018\/11\/header-capellania-768x201.jpg",640,168,true],"large":["https:\/\/viaro.org\/wp-content\/uploads\/2018\/11\/header-capellania-1024x267.jpg",640,167,true],"1536x1536":["https:\/\/viaro.org\/wp-content\/uploads\/2018\/11\/header-capellania.jpg",1536,401,false],"2048x2048":["https:\/\/viaro.org\/wp-content\/uploads\/2018\/11\/header-capellania.jpg",2048,535,false],"related-content":["https:\/\/viaro.org\/wp-content\/uploads\/2018\/11\/header-capellania-297x167.jpg",297,167,true]},"uagb_author_info":{"display_name":"Comunicaci\u00f3 Viar\u00f3","author_link":"https:\/\/viaro.org\/ca\/author\/viarocom\/"},"uagb_comment_info":0,"uagb_excerpt":"Capellania: acompanyament i vida cristiana A Viar\u00f3, la capellania est\u00e0 al servei de les fam\u00edlies, dels alumnes, del personal i dels alumni que ho desitgin lliurement.A trav\u00e9s de l\u2019eucaristia, els sagraments i l\u2019atenci\u00f3 personal, oferim un espai per cuidar la vida cristiana en el dia a dia.L\u2019atenci\u00f3 sacerdotal del col\u00b7legi est\u00e0 encomanada a la prelatura&hellip;","_links":{"self":[{"href":"https:\/\/viaro.org\/ca\/wp-json\/wp\/v2\/pages\/25873","targetHints":{"allow":["GET"]}}],"collection":[{"href":"https:\/\/viaro.org\/ca\/wp-json\/wp\/v2\/pages"}],"about":[{"href":"https:\/\/viaro.org\/ca\/wp-json\/wp\/v2\/types\/page"}],"author":[{"embeddable":true,"href":"https:\/\/viaro.org\/ca\/wp-json\/wp\/v2\/users\/11"}],"replies":[{"embeddable":true,"href":"https:\/\/viaro.org\/ca\/wp-json\/wp\/v2\/comments?post=25873"}],"version-history":[{"count":19,"href":"https:\/\/viaro.org\/ca\/wp-json\/wp\/v2\/pages\/25873\/revisions"}],"predecessor-version":[{"id":26096,"href":"https:\/\/viaro.org\/ca\/wp-json\/wp\/v2\/pages\/25873\/revisions\/26096"}],"up":[{"embeddable":true,"href":"https:\/\/viaro.org\/ca\/wp-json\/wp\/v2\/pages\/1337"}],"wp:featuredmedia":[{"embeddable":true,"href":"https:\/\/viaro.org\/ca\/wp-json\/wp\/v2\/media\/1063"}],"wp:attachment":[{"href":"https:\/\/viaro.org\/ca\/wp-json\/wp\/v2\/media?parent=25873"}],"curies":[{"name":"wp","href":"https:\/\/api.w.org\/{rel}","templated":true}]}}