{"id":2598,"date":"2019-05-22T14:09:24","date_gmt":"2019-05-22T14:09:24","guid":{"rendered":"http:\/\/viaro.org\/vida-academica\/summer-camp-2019\/"},"modified":"2019-05-30T11:29:39","modified_gmt":"2019-05-30T11:29:39","slug":"summer-camp-2019","status":"publish","type":"page","link":"https:\/\/viaro.org\/ca\/vida-academica\/summer-camp-2019\/","title":{"rendered":"Summer Camp 2019"},"content":{"rendered":"\n<figure class=\"wp-block-image\"><img decoding=\"async\" width=\"1024\" height=\"683\" src=\"http:\/\/viaro.org\/wp-content\/uploads\/2019\/05\/Summer_CampMmystery-1024x683.jpg\" alt=\"\" class=\"wp-image-2592\" srcset=\"https:\/\/viaro.org\/wp-content\/uploads\/2019\/05\/Summer_CampMmystery-1024x683.jpg 1024w, https:\/\/viaro.org\/wp-content\/uploads\/2019\/05\/Summer_CampMmystery-300x200.jpg 300w, https:\/\/viaro.org\/wp-content\/uploads\/2019\/05\/Summer_CampMmystery-768x512.jpg 768w, https:\/\/viaro.org\/wp-content\/uploads\/2019\/05\/Summer_CampMmystery.jpg 1920w\" sizes=\"(max-width: 1024px) 100vw, 1024px\" \/><\/figure>\n\n\n\n<p style=\"text-align:center\"><strong>Arriba el Summer Camp de Viar\u00f3 per a P5 Infantil i de 1r-6\u00e8 Prim\u00e0ria!<\/strong><\/p>\n\n\n\n<div class=\"wp-block-columns has-2-columns is-layout-flex wp-container-core-columns-is-layout-9d6595d7 wp-block-columns-is-layout-flex\">\n<div class=\"wp-block-column is-layout-flow wp-block-column-is-layout-flow\">\n<div class=\"wp-block-button is-style-squared\"><a class=\"wp-block-button__link has-background\" href=\"http:\/\/viaro.org\/wp-content\/uploads\/2019\/04\/SummerCamp_2019.pdf\" style=\"background-color:#181937\">Fullet Summer Camp<\/a><\/div>\n<\/div>\n\n\n\n<div class=\"wp-block-column is-layout-flow wp-block-column-is-layout-flow\">\n<div class=\"wp-block-button is-style-squared\"><a class=\"wp-block-button__link has-background\" href=\"http:\/\/viaro.org\/wp-content\/uploads\/2019\/04\/Ficha-inscripcions-ENGLISH-2019.xlsx\" style=\"background-color:#181937\">Fitxa d&#8217;inscripci\u00f3<\/a><\/div>\n<\/div>\n<\/div>\n\n\n\n<h4 class=\"wp-block-heading\">Tem\u00e0tica<\/h4>\n\n\n\n<p>Aquest any comptem amb la pres\u00e8ncia d\u2019en Sheff, el detectiu millor dotat de la ciutat i del seu inestimable ajudant Scott, amb el seu estil fidel i divertit. Ells ens ensenyaran les millors t\u00e8cniques d\u2019investigaci\u00f3 per al m\u00f3n detectiu i ens faran estar preparats per si passa alguna cosa misteriosa durant el Summer Camp. Aix\u00ed que el teu fill es prepari per convertir-se en un bon detectiu i ajudar a la resta a resoldre els casos que es vagin produint durant el Summer Camp!<\/p>\n\n\n\n<h4 class=\"wp-block-heading\">Horari<\/h4>\n\n\n\n<p>Al Summer Camp fem el mateix horari que durant el curs: <strong>de 9.10h a 16.25h<\/strong>. En la mesura que pugueu us demanem <strong>que els nens siguin puntuals<\/strong>. Tindrem a un monitor esperant en la esplanada d\u2019Hex\u00e0gons de 8.15 a 9.15, per si us facilita l\u2019organitzaci\u00f3.<\/p>\n\n\n\n<h4 class=\"wp-block-heading\">Despla\u00e7aments<\/h4>\n\n\n\n<p>Com sabeu, durant l\u2019estiu no hi ha servei d\u2019autocars, ni tampoc cap tren vigilat per professors, aix\u00ed que <strong>recomanem<\/strong> a tots els alumnes que han de venir amb FFGC que agafin junts <strong>el tren que surt de Pla\u00e7a Catalunya a les 8.23h i, per tornar, el de les 16.48h<\/strong>. Hem distribu\u00eft als monitors en parades diferents (Muntaner i Sarri\u00e0) i all\u00e0 hi seran deu minuts abans d\u2019agafar el tren. D\u2019aquesta manera aconseguirem aglutinar a tots els monitors i nens que venen al Summer Camp de Barcelona en tren. Si porteu els vostres fills en cotxe, podeu entrar a Viar\u00f3 per la porta que queda davant del CAR, i estacionar <strong>a l\u2019aparcament <\/strong>que hi ha dins del col\u00b7legi, just al darrere de l\u2019Oratori.<\/p>\n\n\n\n<h4 class=\"wp-block-heading\">Lloc<\/h4>\n\n\n\n<p>Ocuparem tot el <strong>Pavell\u00f3 d\u2019Hex\u00e0gons<\/strong>. Podeu deixar i recollir els vostres fills en les portes que hi ha davant del jard\u00ed d\u2019Hex\u00e0gons. Durant el dia, per\u00f2, no ens busqueu: estarem per qualsevol rac\u00f3 del col\u00b7legi investigant, aprenent o jugant!<\/p>\n\n\n\n<h4 class=\"wp-block-heading\">Equip<\/h4>\n\n\n\n<p>L\u2019equip de professors est\u00e0 format <strong>pels propis professors de Viar\u00f3 juntament amb professors natius<\/strong>; a m\u00e9s a cada grup s\u2019assigna <strong>un monitor ajudant<\/strong>, que \u00e9s un alumne gran del col\u00b7legi.<\/p>\n\n\n\n<h4 class=\"wp-block-heading\">Angl\u00e8s<\/h4>\n\n\n\n<p>L\u2019experi\u00e8ncia <strong>Summer Camp <\/strong>es viu en angl\u00e8s; aix\u00f2 vol dir que <strong>totes les activitats del dia es fan en angl\u00e8s<\/strong>, a m\u00e9s de dedicar <strong>un m\u00f2dul diari de classe en aquest idioma<\/strong>.<\/p>\n\n\n\n<h4 class=\"wp-block-heading\">Uniforme<\/h4>\n\n\n\n<p>El primer dia donarem a cada alumne <strong>dues samarretes del Summer Camp i una gorra<\/strong>. <strong>\u00c9s important que visquin la uniformitat<\/strong>. De pantal\u00f3 poden dur-ne un d\u2019esportiu o bermuda; de cal\u00e7at el millor \u00e9s que usin sabatilles esportives i mitj\u00f3 tamb\u00e9 d\u2019esport.<\/p>\n\n\n\n<h4 class=\"wp-block-heading\">Menjador<\/h4>\n\n\n\n<p>Dinem a les 12.15h, com sempre amb el menjar que <strong>ens preparen cada dia les cuineres de Viar\u00f3<\/strong>. Com durant el curs, indiqueu quan calgui si el vostre fill t\u00e9 un r\u00e8gim especial. Us informarem setmanalment dels men\u00fas previstos en un butllet\u00ed que donarem el primer dia de cada setmana.<\/p>\n\n\n\n<h4 class=\"wp-block-heading\">Piscina<\/h4>\n\n\n\n<p>No ens hem d\u2019oblidar del <strong>banyador i la tovallola<\/strong>, ja que cada dia anirem a les piscines que tenim muntades expressament pel Summer Camp dins mateix de Viar\u00f3, i amb socorrista. Encara que no \u00e9s imprescindible, els alumnes poden dur xancletes. En canvi<strong> \u00e9s molt recomanable que els poseu crema solar abans de sortir de casa.<\/strong><\/p>\n\n\n\n<h4 class=\"wp-block-heading\">Esport<\/h4>\n\n\n\n<p>En el Summer Camp realitzarem diverses disciplines esportives (<strong>b\u00e0squet, beisbol, hoquei, futbol<\/strong>\u2026) i diferents competicions di\u00e0ries ens tindran entretinguts i en forma. Ser\u00e0 un bon entrenament per convertir-se en el millor detectiu!<\/p>\n\n\n\n<h4 class=\"wp-block-heading\">Bicicletes<\/h4>\n\n\n\n<p>Dins de Viar\u00f3 els alumnes poden circular \u2013<strong>tot i que no \u00e9s obligatori<\/strong>&#8211; amb bicicleta, sempre que vagin amb <strong>casc i prud\u00e8ncia<\/strong>. En cas d\u2019<strong>avaria<\/strong>, hauran de portar la bicicleta a casa per arreglar-la. Les bicicletes poden \u201cdormir\u201d al col\u00b7legi, dins del pavell\u00f3.<\/p>\n\n\n\n<h4 class=\"wp-block-heading\">Deures<\/h4>\n\n\n\n<p>Els alumnes dels cursos que tenen deures d\u2019estiu (de 1r a 6\u00e8 de Prim\u00e0ria) hauran<strong> de dur els deures d\u2019estiu<\/strong> que us facilitem a final de curs, ja que <strong>cada dia dediquem una estona a fer-los<\/strong>. Tamb\u00e9 poden dur algun llibre de lectura.<\/p>\n\n\n\n<h4 class=\"wp-block-heading\">Tallers<\/h4>\n\n\n\n<p>Aquest any, tots els que formem el Summer Camp (professors, monitors i alumnes) ens convertirem en detectius, aix\u00ed que totes les manualitats estaran relacionades amb aquest centre d\u2019inter\u00e8s i ens les portarem a casa. <\/p>\n\n\n\n<h4 class=\"wp-block-heading\">Els plans de dijous<\/h4>\n\n\n\n<p>El dijous \u00e9s el gran dia ja que la hist\u00f2ria donar\u00e0 un important pas endavant i ens deparar\u00e0 grans aventures i el joc de nit determinar\u00e0 la hist\u00f2ria. Per poder passar <strong>la nit de dijous a divendres a Viar\u00f3<\/strong> caldr\u00e0 que els alumnes duguin <strong>sopar i esmorzar, pijama, una muda de recanvi, llanterna i sac de dormir<\/strong>. Amb tot, per\u00f2,&nbsp; ja us n\u2019 anirem informant cada setmana amb m\u00e9s detall. A part de quedar-nos a dormir, el dijous ens els guardarem per fer plans especials: concursos, gymkanas, inflables d\u2019aigua, Bubble Football, excursions, etc.<\/p>\n\n\n\n<h4 class=\"wp-block-heading\">Informes<\/h4>\n\n\n\n<p><strong>Cada dilluns<\/strong> rebreu informaci\u00f3 dels <strong>plans previstos per a aquella setmana<\/strong>; i <strong>divendres<\/strong>, juntament amb el vostre fill us donarem al final del &nbsp;Summer Camp un informe de la seva evoluci\u00f3. Tindreu <strong>al web del col\u00b7legi<\/strong> tota la informaci\u00f3 (fitxa d\u2019inscripci\u00f3, activitats, men\u00fas i fotos de tot el que fem); i, no cal dir-ho, estem a la vostra disposici\u00f3 per a tot el que calgui.<\/p>\n","protected":false},"excerpt":{"rendered":"<p>Arriba el Summer Camp de Viar\u00f3 per a P5 Infantil i de 1r-6\u00e8 Prim\u00e0ria! Fullet Summer Camp Fitxa d&#8217;inscripci\u00f3 Tem\u00e0tica Aquest any comptem amb la pres\u00e8ncia d\u2019en Sheff, el detectiu millor dotat de la ciutat i del seu inestimable ajudant Scott, amb el seu estil fidel i divertit. Ells ens ensenyaran les millors t\u00e8cniques d\u2019investigaci\u00f3 [&hellip;]<\/p>\n","protected":false},"author":11,"featured_media":2593,"parent":1344,"menu_order":10,"comment_status":"closed","ping_status":"closed","template":"template-ibsc.php","meta":{"_uag_custom_page_level_css":"","_joinchat":[],"footnotes":""},"class_list":["post-2598","page","type-page","status-publish","has-post-thumbnail","hentry"],"uagb_featured_image_src":{"full":["https:\/\/viaro.org\/wp-content\/uploads\/2019\/05\/Summer_CampMmystery.jpg",1920,1280,false],"thumbnail":["https:\/\/viaro.org\/wp-content\/uploads\/2019\/05\/Summer_CampMmystery-150x150.jpg",150,150,true],"medium":["https:\/\/viaro.org\/wp-content\/uploads\/2019\/05\/Summer_CampMmystery-300x200.jpg",300,200,true],"medium_large":["https:\/\/viaro.org\/wp-content\/uploads\/2019\/05\/Summer_CampMmystery-768x512.jpg",640,427,true],"large":["https:\/\/viaro.org\/wp-content\/uploads\/2019\/05\/Summer_CampMmystery-1024x683.jpg",640,427,true],"1536x1536":["https:\/\/viaro.org\/wp-content\/uploads\/2019\/05\/Summer_CampMmystery.jpg",1536,1024,false],"2048x2048":["https:\/\/viaro.org\/wp-content\/uploads\/2019\/05\/Summer_CampMmystery.jpg",1920,1280,false],"related-content":["https:\/\/viaro.org\/wp-content\/uploads\/2019\/05\/Summer_CampMmystery-297x167.jpg",297,167,true]},"uagb_author_info":{"display_name":"Comunicaci\u00f3 Viar\u00f3","author_link":"https:\/\/viaro.org\/ca\/author\/viarocom\/"},"uagb_comment_info":0,"uagb_excerpt":"Arriba el Summer Camp de Viar\u00f3 per a P5 Infantil i de 1r-6\u00e8 Prim\u00e0ria! Fullet Summer Camp Fitxa d&#8217;inscripci\u00f3 Tem\u00e0tica Aquest any comptem amb la pres\u00e8ncia d\u2019en Sheff, el detectiu millor dotat de la ciutat i del seu inestimable ajudant Scott, amb el seu estil fidel i divertit. Ells ens ensenyaran les millors t\u00e8cniques d\u2019investigaci\u00f3&hellip;","_links":{"self":[{"href":"https:\/\/viaro.org\/ca\/wp-json\/wp\/v2\/pages\/2598","targetHints":{"allow":["GET"]}}],"collection":[{"href":"https:\/\/viaro.org\/ca\/wp-json\/wp\/v2\/pages"}],"about":[{"href":"https:\/\/viaro.org\/ca\/wp-json\/wp\/v2\/types\/page"}],"author":[{"embeddable":true,"href":"https:\/\/viaro.org\/ca\/wp-json\/wp\/v2\/users\/11"}],"replies":[{"embeddable":true,"href":"https:\/\/viaro.org\/ca\/wp-json\/wp\/v2\/comments?post=2598"}],"version-history":[{"count":2,"href":"https:\/\/viaro.org\/ca\/wp-json\/wp\/v2\/pages\/2598\/revisions"}],"predecessor-version":[{"id":2609,"href":"https:\/\/viaro.org\/ca\/wp-json\/wp\/v2\/pages\/2598\/revisions\/2609"}],"up":[{"embeddable":true,"href":"https:\/\/viaro.org\/ca\/wp-json\/wp\/v2\/pages\/1344"}],"wp:featuredmedia":[{"embeddable":true,"href":"https:\/\/viaro.org\/ca\/wp-json\/wp\/v2\/media\/2593"}],"wp:attachment":[{"href":"https:\/\/viaro.org\/ca\/wp-json\/wp\/v2\/media?parent=2598"}],"curies":[{"name":"wp","href":"https:\/\/api.w.org\/{rel}","templated":true}]}}