{"id":2629,"date":"2019-06-04T20:41:08","date_gmt":"2019-06-04T20:41:08","guid":{"rendered":"http:\/\/viaro.org\/vida-academica\/country-camp-2019\/"},"modified":"2019-06-04T20:41:09","modified_gmt":"2019-06-04T20:41:09","slug":"country-camp-2019","status":"publish","type":"page","link":"https:\/\/viaro.org\/ca\/vida-academica\/country-camp-2019\/","title":{"rendered":"Country Camp 2019"},"content":{"rendered":"\n<figure class=\"wp-block-embed-youtube wp-block-embed is-type-video is-provider-youtube wp-embed-aspect-16-9 wp-has-aspect-ratio\"><div class=\"wp-block-embed__wrapper\">\n<div class=\"epyt-video-wrapper\"><div  style=\"display: block; margin: 0px auto;\"  id=\"_ytid_38671\"  width=\"800\" height=\"450\"  data-origwidth=\"800\" data-origheight=\"450\" data-facadesrc=\"https:\/\/www.youtube.com\/embed\/YlHXBn39Kxc?enablejsapi=1&#038;autoplay=0&#038;cc_load_policy=0&#038;cc_lang_pref=&#038;iv_load_policy=3&#038;loop=0&#038;rel=0&#038;fs=1&#038;playsinline=0&#038;autohide=2&#038;theme=dark&#038;color=white&#038;controls=1&#038;disablekb=0&#038;\" class=\"__youtube_prefs__ epyt-facade epyt-is-override  no-lazyload\" data-epautoplay=\"1\" ><img decoding=\"async\" data-spai-excluded=\"true\" class=\"epyt-facade-poster skip-lazy\" loading=\"lazy\"  alt=\"YouTube player\"  src=\"https:\/\/i.ytimg.com\/vi\/YlHXBn39Kxc\/maxresdefault.jpg\"  \/><button class=\"epyt-facade-play\" aria-label=\"Play\"><svg data-no-lazy=\"1\" height=\"100%\" version=\"1.1\" viewBox=\"0 0 68 48\" width=\"100%\"><path class=\"ytp-large-play-button-bg\" d=\"M66.52,7.74c-0.78-2.93-2.49-5.41-5.42-6.19C55.79,.13,34,0,34,0S12.21,.13,6.9,1.55 C3.97,2.33,2.27,4.81,1.48,7.74C0.06,13.05,0,24,0,24s0.06,10.95,1.48,16.26c0.78,2.93,2.49,5.41,5.42,6.19 C12.21,47.87,34,48,34,48s21.79-0.13,27.1-1.55c2.93-0.78,4.64-3.26,5.42-6.19C67.94,34.95,68,24,68,24S67.94,13.05,66.52,7.74z\" fill=\"#f00\"><\/path><path d=\"M 45,24 27,14 27,34\" fill=\"#fff\"><\/path><\/svg><\/button><\/div><\/div>\n<\/div><\/figure>\n<p style=\"text-align:center\"><strong>Arriba el Country Camp de Viar\u00f3 Infantil per a P1, P2, P3 y P4!<\/strong><\/p>\n\n<h4 class=\"wp-block-heading\">Tem\u00e0tica<\/h4>\n\n<p>Aquest any tornem a repetir la nostra experi\u00e8ncia al m\u00e9s pur estil country, en contacte amb la natura i els animals: passejades en poni, cura d&#8217;animals de granja, elaboraci\u00f3 i cura de l&#8217;hort, cuina, manualitats, angl\u00e8s, tallers, jocs, contes, piscina en instal\u00b7lacions externes a partir de P3&#8230; perqu\u00e8 els vostres fills aprofitin aquests dies mentre aprenen jugant. Una experi\u00e8ncia triling\u00fce que els far\u00e0 gaudir d&#8217;aquest mes de juliol. Com a novetat vostres fills hauran de resoldre misteris, aguditzar els seus sentits i el seu enginy per resoldre els enigmes.<\/p>\n\n<p>A m\u00e9s dels vostres fills i filles, <strong>poden venir amics<\/strong> que no siguin alumnes de Viar\u00f3 Infantil<strong> i les nenes que aquest any hagin fet P5<\/strong>.<\/p>\n\n<p>Les\r\ninscripcions poden ser per dies, no cal apuntar-los al curs complet.\r\nEl preu de l&#8217;activitat contempla un descompte en funci\u00f3 del nombre de dies\r\ni del nombre de germans que assisteixin.<\/p>\n\n<h4 class=\"wp-block-heading\">Horari<\/h4>\n\n<p>En el Country Camp hi ha una variaci\u00f3 en l&#8217;horari habitual del curs: de 8:00h\u00a0a\u00a016.30h. Us preguem que respecteu l&#8217;horari, ja que\u00a0durant el\u00a0Country\u00a0Camp no hi haur\u00e0 servei de perman\u00e8ncies a les tardes. A les\u00a016.30h\u00a0es tanca el col\u00b7legi i no pot quedar ning\u00fa dins. Us recordem que aquest any el Country Camp comen\u00e7a el dimarts 25 de juny i acaba el divendres 19 de juliol.<\/p>\n\n<h4 class=\"wp-block-heading\">Despla\u00e7aments<\/h4>\n\n<p>Durant el Country Camp no hi ha serveis d&#8217;autocars.<\/p>\n\n<h4 class=\"wp-block-heading\">Lloc<\/h4>\n\n<p>A les instal\u00b7lacions habituals d&#8217;INFANTIL Viar\u00f3 Global School. Amb un entorn idoni per a gaudir de l&#8217;aire lliure i la natura. Comptem amb el nostre bosc i una riera a la qual anirem a fer excursions i observar la natura. A tot el que no ho conegui, el convidem a visitar-nos. Si ens truqueu a Infantil per a sol\u00b7licitar una visita us atendrem amb molt de gust.<\/p>\n\n<h4 class=\"wp-block-heading\">Equip<\/h4>\n\n<p>L&#8217;equip que at\u00e9n els alumnes est\u00e0 format per\u00a0les mateixes professores\u00a0del col\u00b7legi. Totes elles amb molta experi\u00e8ncia, professionalitat i entusiasme. S&#8217;encarregaran que els vostres fills gaudeixin d&#8217;aquesta experi\u00e8ncia inoblidable.<\/p>\n\n<h4 class=\"wp-block-heading\">Uniforme<\/h4>\n\n<p>Abans de comen\u00e7ar el Country Camp -o en cas que no s&#8217;hagi pogut, el primer dia- donarem a cada nen dues samarretes del Country Camp i una gorra. \u00c9s important que respectin la uniformitat. De pantalons, poden portar uns pantalons d\u2019esport o\u00a0bermudes; quant al cal\u00e7at, el millor \u00e9s que facin sabatilles esportives i mitj\u00f3 d&#8217;esport. Tot marcat amb el nom.<\/p>\n\n<h4 class=\"wp-block-heading\">Menjador<\/h4>\n\n<p>Dinem a les 12:00h, com sempre amb el menjar que ens preparen cada dia les cuineres de Viar\u00f3. Com feu al llarg el curs, indiqueu quan sigui necessari que el vostre fill prengui algun tipus de r\u00e8gim. Us informarem setmanalment dels men\u00fas previstos en un butllet\u00ed que donarem el primer dia de cada setmana.<\/p>\n\n<h4 class=\"wp-block-heading\">Piscina<\/h4>\n\n<p>No ens oblidem del vestit de bany i la tovallola, capell de piscina i xancletes, a partir de\u00a0P3, ja que tindrem piscina totes les tardes. Per a aix\u00f2 ens\u00a0despla\u00e7arem fins el Parc Esportiu Municipal Guiera a Cerdanyola del Vall\u00e8s. \u00a0Els m\u00e9s petits de\u00a0P1\u00a0i\u00a0P2\u00a0tamb\u00e9 han de portar vestit de bany, tovallola i xancletes, ja que gaudiran a Infantil de jocs d&#8217;aigua per a refrescar-se.<\/p>\n\n<h4 class=\"wp-block-heading\">Informes<\/h4>\n\n<p>Cada dilluns rebreu informaci\u00f3 dels plans previstos per a la setmana; Teniu i tindreu en la web del col\u00b7legi tota la informaci\u00f3 (fitxa d&#8217;inscripci\u00f3, activitats, men\u00fas i fotos de tot el que fem); i per descomptat ja sabeu que estem a la vostra disposici\u00f3 per al que faci falta.<\/p>\n","protected":false},"excerpt":{"rendered":"<p>Arriba el Country Camp de Viar\u00f3 Infantil per a P1, P2, P3 y P4! Tem\u00e0tica Aquest any tornem a repetir la nostra experi\u00e8ncia al m\u00e9s pur estil country, en contacte amb la natura i els animals: passejades en poni, cura d&#8217;animals de granja, elaboraci\u00f3 i cura de l&#8217;hort, cuina, manualitats, angl\u00e8s, tallers, jocs, contes, piscina [&hellip;]<\/p>\n","protected":false},"author":11,"featured_media":2536,"parent":1344,"menu_order":10,"comment_status":"closed","ping_status":"closed","template":"template-ibsc.php","meta":{"_uag_custom_page_level_css":"","_joinchat":[],"footnotes":""},"class_list":["post-2629","page","type-page","status-publish","has-post-thumbnail","hentry"],"uagb_featured_image_src":{"full":["https:\/\/viaro.org\/wp-content\/uploads\/2019\/05\/CountryCamp-17.jpg",3000,2000,false],"thumbnail":["https:\/\/viaro.org\/wp-content\/uploads\/2019\/05\/CountryCamp-17-150x150.jpg",150,150,true],"medium":["https:\/\/viaro.org\/wp-content\/uploads\/2019\/05\/CountryCamp-17-300x200.jpg",300,200,true],"medium_large":["https:\/\/viaro.org\/wp-content\/uploads\/2019\/05\/CountryCamp-17-768x512.jpg",640,427,true],"large":["https:\/\/viaro.org\/wp-content\/uploads\/2019\/05\/CountryCamp-17-1024x683.jpg",640,427,true],"1536x1536":["https:\/\/viaro.org\/wp-content\/uploads\/2019\/05\/CountryCamp-17.jpg",1536,1024,false],"2048x2048":["https:\/\/viaro.org\/wp-content\/uploads\/2019\/05\/CountryCamp-17.jpg",2048,1365,false],"related-content":["https:\/\/viaro.org\/wp-content\/uploads\/2019\/05\/CountryCamp-17-297x167.jpg",297,167,true]},"uagb_author_info":{"display_name":"Comunicaci\u00f3 Viar\u00f3","author_link":"https:\/\/viaro.org\/ca\/author\/viarocom\/"},"uagb_comment_info":0,"uagb_excerpt":"Arriba el Country Camp de Viar\u00f3 Infantil per a P1, P2, P3 y P4! Tem\u00e0tica Aquest any tornem a repetir la nostra experi\u00e8ncia al m\u00e9s pur estil country, en contacte amb la natura i els animals: passejades en poni, cura d&#8217;animals de granja, elaboraci\u00f3 i cura de l&#8217;hort, cuina, manualitats, angl\u00e8s, tallers, jocs, contes, piscina&hellip;","_links":{"self":[{"href":"https:\/\/viaro.org\/ca\/wp-json\/wp\/v2\/pages\/2629","targetHints":{"allow":["GET"]}}],"collection":[{"href":"https:\/\/viaro.org\/ca\/wp-json\/wp\/v2\/pages"}],"about":[{"href":"https:\/\/viaro.org\/ca\/wp-json\/wp\/v2\/types\/page"}],"author":[{"embeddable":true,"href":"https:\/\/viaro.org\/ca\/wp-json\/wp\/v2\/users\/11"}],"replies":[{"embeddable":true,"href":"https:\/\/viaro.org\/ca\/wp-json\/wp\/v2\/comments?post=2629"}],"version-history":[{"count":1,"href":"https:\/\/viaro.org\/ca\/wp-json\/wp\/v2\/pages\/2629\/revisions"}],"predecessor-version":[{"id":2630,"href":"https:\/\/viaro.org\/ca\/wp-json\/wp\/v2\/pages\/2629\/revisions\/2630"}],"up":[{"embeddable":true,"href":"https:\/\/viaro.org\/ca\/wp-json\/wp\/v2\/pages\/1344"}],"wp:featuredmedia":[{"embeddable":true,"href":"https:\/\/viaro.org\/ca\/wp-json\/wp\/v2\/media\/2536"}],"wp:attachment":[{"href":"https:\/\/viaro.org\/ca\/wp-json\/wp\/v2\/media?parent=2629"}],"curies":[{"name":"wp","href":"https:\/\/api.w.org\/{rel}","templated":true}]}}