{"id":2743,"date":"2019-06-11T13:46:51","date_gmt":"2019-06-11T13:46:51","guid":{"rendered":"http:\/\/viaro.org\/gracies\/"},"modified":"2019-06-26T08:08:26","modified_gmt":"2019-06-26T08:08:26","slug":"gracies","status":"publish","type":"page","link":"https:\/\/viaro.org\/ca\/gracies\/","title":{"rendered":"Gr\u00e0cies!"},"content":{"rendered":"\n<figure class=\"wp-block-image\"><img decoding=\"async\" width=\"1024\" height=\"681\" src=\"http:\/\/viaro.org\/wp-content\/uploads\/2019\/06\/Promocion_Adan-1024x681.jpg\" alt=\"\" class=\"wp-image-2733\" srcset=\"https:\/\/viaro.org\/wp-content\/uploads\/2019\/06\/Promocion_Adan-1024x681.jpg 1024w, https:\/\/viaro.org\/wp-content\/uploads\/2019\/06\/Promocion_Adan-300x200.jpg 300w, https:\/\/viaro.org\/wp-content\/uploads\/2019\/06\/Promocion_Adan-768x511.jpg 768w\" sizes=\"(max-width: 1024px) 100vw, 1024px\" \/><\/figure>\n<p>Gr\u00e0cies per la teva col\u00b7laboraci\u00f3!<\/p>\n\n<p>Durant l&#8217;etapa universit\u00e0ria del teu fill, contribuir\u00e0s amb <strong>60 \u20ac\/any<\/strong> perqu\u00e8 Viar\u00f3 S\u00e8niors pugui cr\u00e9ixer i seguir oferint les activitats i programes a tots els s\u00e8niors.<\/p>\n\n<p><\/p>\n","protected":false},"excerpt":{"rendered":"<p>Gr\u00e0cies per la teva col\u00b7laboraci\u00f3! Durant l&#8217;etapa universit\u00e0ria del teu fill, contribuir\u00e0s amb 60 \u20ac\/any perqu\u00e8 Viar\u00f3 S\u00e8niors pugui cr\u00e9ixer i seguir oferint les activitats i programes a tots els s\u00e8niors.<\/p>\n","protected":false},"author":11,"featured_media":1126,"parent":0,"menu_order":0,"comment_status":"closed","ping_status":"closed","template":"template-ibsc.php","meta":{"_uag_custom_page_level_css":"","_joinchat":[],"footnotes":""},"class_list":["post-2743","page","type-page","status-publish","has-post-thumbnail","hentry"],"uagb_featured_image_src":{"full":["https:\/\/viaro.org\/wp-content\/uploads\/2018\/11\/header-contacto.jpg",2880,752,false],"thumbnail":["https:\/\/viaro.org\/wp-content\/uploads\/2018\/11\/header-contacto-150x150.jpg",150,150,true],"medium":["https:\/\/viaro.org\/wp-content\/uploads\/2018\/11\/header-contacto-300x78.jpg",300,78,true],"medium_large":["https:\/\/viaro.org\/wp-content\/uploads\/2018\/11\/header-contacto-768x201.jpg",640,168,true],"large":["https:\/\/viaro.org\/wp-content\/uploads\/2018\/11\/header-contacto-1024x267.jpg",640,167,true],"1536x1536":["https:\/\/viaro.org\/wp-content\/uploads\/2018\/11\/header-contacto.jpg",1536,401,false],"2048x2048":["https:\/\/viaro.org\/wp-content\/uploads\/2018\/11\/header-contacto.jpg",2048,535,false],"related-content":["https:\/\/viaro.org\/wp-content\/uploads\/2018\/11\/header-contacto-297x167.jpg",297,167,true]},"uagb_author_info":{"display_name":"Comunicaci\u00f3 Viar\u00f3","author_link":"https:\/\/viaro.org\/ca\/author\/viarocom\/"},"uagb_comment_info":0,"uagb_excerpt":"Gr\u00e0cies per la teva col\u00b7laboraci\u00f3! Durant l&#8217;etapa universit\u00e0ria del teu fill, contribuir\u00e0s amb 60 \u20ac\/any perqu\u00e8 Viar\u00f3 S\u00e8niors pugui cr\u00e9ixer i seguir oferint les activitats i programes a tots els s\u00e8niors.","_links":{"self":[{"href":"https:\/\/viaro.org\/ca\/wp-json\/wp\/v2\/pages\/2743","targetHints":{"allow":["GET"]}}],"collection":[{"href":"https:\/\/viaro.org\/ca\/wp-json\/wp\/v2\/pages"}],"about":[{"href":"https:\/\/viaro.org\/ca\/wp-json\/wp\/v2\/types\/page"}],"author":[{"embeddable":true,"href":"https:\/\/viaro.org\/ca\/wp-json\/wp\/v2\/users\/11"}],"replies":[{"embeddable":true,"href":"https:\/\/viaro.org\/ca\/wp-json\/wp\/v2\/comments?post=2743"}],"version-history":[{"count":2,"href":"https:\/\/viaro.org\/ca\/wp-json\/wp\/v2\/pages\/2743\/revisions"}],"predecessor-version":[{"id":2904,"href":"https:\/\/viaro.org\/ca\/wp-json\/wp\/v2\/pages\/2743\/revisions\/2904"}],"wp:featuredmedia":[{"embeddable":true,"href":"https:\/\/viaro.org\/ca\/wp-json\/wp\/v2\/media\/1126"}],"wp:attachment":[{"href":"https:\/\/viaro.org\/ca\/wp-json\/wp\/v2\/media?parent=2743"}],"curies":[{"name":"wp","href":"https:\/\/api.w.org\/{rel}","templated":true}]}}