{"id":6913,"date":"2020-10-01T08:21:44","date_gmt":"2020-10-01T08:21:44","guid":{"rendered":"http:\/\/viaro.org\/accessos-al-collegi\/"},"modified":"2020-10-05T09:48:08","modified_gmt":"2020-10-05T09:48:08","slug":"accessos_collegi","status":"publish","type":"page","link":"https:\/\/viaro.org\/ca\/accessos_collegi\/","title":{"rendered":"Accessos al Col\u00b7legi"},"content":{"rendered":"\n<figure class=\"wp-block-image size-large\"><img decoding=\"async\" width=\"1024\" height=\"576\" src=\"https:\/\/viaro.org\/wp-content\/uploads\/2020\/09\/ACCESOS.00_01_44_23.Imagen-fija001-1024x576.jpg\" alt=\"\" class=\"wp-image-6861\" srcset=\"https:\/\/viaro.org\/wp-content\/uploads\/2020\/09\/ACCESOS.00_01_44_23.Imagen-fija001-1024x576.jpg 1024w, https:\/\/viaro.org\/wp-content\/uploads\/2020\/09\/ACCESOS.00_01_44_23.Imagen-fija001-300x169.jpg 300w, https:\/\/viaro.org\/wp-content\/uploads\/2020\/09\/ACCESOS.00_01_44_23.Imagen-fija001-768x432.jpg 768w, https:\/\/viaro.org\/wp-content\/uploads\/2020\/09\/ACCESOS.00_01_44_23.Imagen-fija001-1536x864.jpg 1536w, https:\/\/viaro.org\/wp-content\/uploads\/2020\/09\/ACCESOS.00_01_44_23.Imagen-fija001-2048x1152.jpg 2048w, https:\/\/viaro.org\/wp-content\/uploads\/2020\/09\/ACCESOS.00_01_44_23.Imagen-fija001-297x167.jpg 297w\" sizes=\"(max-width: 1024px) 100vw, 1024px\" \/><\/figure>\n\n\n\n<h3 class=\"wp-block-heading\"><strong>Entrada Av. Alcalde Barnils<\/strong><\/h3>\n\n\n\n<p>La porta de l&#8217;entrada d&#8217;Av. Alcalde Barnils <strong>s&#8217;obrir\u00e0 a les 7.45 h i es tancar\u00e0 a les 21.00 h.<\/strong> Per aquesta entrada han d&#8217;accedir:<\/p>\n\n\n\n<ul class=\"wp-block-list\"><li>Alumnes que vinguin i\/o tornin amb transport p\u00fablic (Ferrocarrils, autob\u00fas p\u00fablic).<\/li><li>Alumnes que vinguin i\/o tornin amb bicicleta o patinet.<\/li><li>Fam\u00edlies amb fills a Batxillerat (si a m\u00e9s tenen fills en altres cursos, els poden deixar alhora).<\/li><li>Fam\u00edlies que assisteixen a Missa de 8.30 h.<\/li><li>Fam\u00edlies citades per a tutoria, tant al mat\u00ed com a la tarda.<\/li><li>Alumnes amb autoritzaci\u00f3 que vinguin al Col\u00b7legi m\u00e9s tard o hagin de sortir abans del seu horari habitual (important avisar per Clickedu).<\/li><li>Tots els alumnes que facin activitats extraescolars esportives.<\/li><\/ul>\n\n\n\n<h3 class=\"wp-block-heading\"><strong>Entrada Av. de les Roquetes<\/strong><\/h3>\n\n\n\n<p>La porta de l&#8217;entrada d&#8217;Av. de les Roquetes <strong>s&#8217;obrir\u00e0 a les 7.45 h i es tancar\u00e0 a les 9.45 h<\/strong>. A la tarda, <strong>s&#8217;obrir\u00e0 a les 16.00 h i es tancar\u00e0 a les 18.00 h<\/strong>.<\/p>\n\n\n\n<ul class=\"wp-block-list\"><li>Alumnes que vinguin i\/o tornin amb cotxe.<\/li><li>Alumnes que vinguin i\/o tornin amb l&#8217;autob\u00fas escolar.<\/li><li>Fam\u00edlies citades per a tutoria a Viar\u00f3 Infantil, tant al mat\u00ed com a la tarda.<\/li><\/ul>\n","protected":false},"excerpt":{"rendered":"<p>Entrada Av. Alcalde Barnils La porta de l&#8217;entrada d&#8217;Av. Alcalde Barnils s&#8217;obrir\u00e0 a les 7.45 h i es tancar\u00e0 a les 21.00 h. Per aquesta entrada han d&#8217;accedir: Alumnes que vinguin i\/o tornin amb transport p\u00fablic (Ferrocarrils, autob\u00fas p\u00fablic). Alumnes que vinguin i\/o tornin amb bicicleta o patinet. Fam\u00edlies amb fills a Batxillerat (si a [&hellip;]<\/p>\n","protected":false},"author":11,"featured_media":1126,"parent":0,"menu_order":0,"comment_status":"closed","ping_status":"closed","template":"template-ibsc.php","meta":{"_uag_custom_page_level_css":"","_joinchat":[],"footnotes":""},"class_list":["post-6913","page","type-page","status-publish","has-post-thumbnail","hentry"],"uagb_featured_image_src":{"full":["https:\/\/viaro.org\/wp-content\/uploads\/2018\/11\/header-contacto.jpg",2880,752,false],"thumbnail":["https:\/\/viaro.org\/wp-content\/uploads\/2018\/11\/header-contacto-150x150.jpg",150,150,true],"medium":["https:\/\/viaro.org\/wp-content\/uploads\/2018\/11\/header-contacto-300x78.jpg",300,78,true],"medium_large":["https:\/\/viaro.org\/wp-content\/uploads\/2018\/11\/header-contacto-768x201.jpg",640,168,true],"large":["https:\/\/viaro.org\/wp-content\/uploads\/2018\/11\/header-contacto-1024x267.jpg",640,167,true],"1536x1536":["https:\/\/viaro.org\/wp-content\/uploads\/2018\/11\/header-contacto.jpg",1536,401,false],"2048x2048":["https:\/\/viaro.org\/wp-content\/uploads\/2018\/11\/header-contacto.jpg",2048,535,false],"related-content":["https:\/\/viaro.org\/wp-content\/uploads\/2018\/11\/header-contacto-297x167.jpg",297,167,true]},"uagb_author_info":{"display_name":"Comunicaci\u00f3 Viar\u00f3","author_link":"https:\/\/viaro.org\/ca\/author\/viarocom\/"},"uagb_comment_info":0,"uagb_excerpt":"Entrada Av. Alcalde Barnils La porta de l&#8217;entrada d&#8217;Av. Alcalde Barnils s&#8217;obrir\u00e0 a les 7.45 h i es tancar\u00e0 a les 21.00 h. Per aquesta entrada han d&#8217;accedir: Alumnes que vinguin i\/o tornin amb transport p\u00fablic (Ferrocarrils, autob\u00fas p\u00fablic). Alumnes que vinguin i\/o tornin amb bicicleta o patinet. Fam\u00edlies amb fills a Batxillerat (si a&hellip;","_links":{"self":[{"href":"https:\/\/viaro.org\/ca\/wp-json\/wp\/v2\/pages\/6913","targetHints":{"allow":["GET"]}}],"collection":[{"href":"https:\/\/viaro.org\/ca\/wp-json\/wp\/v2\/pages"}],"about":[{"href":"https:\/\/viaro.org\/ca\/wp-json\/wp\/v2\/types\/page"}],"author":[{"embeddable":true,"href":"https:\/\/viaro.org\/ca\/wp-json\/wp\/v2\/users\/11"}],"replies":[{"embeddable":true,"href":"https:\/\/viaro.org\/ca\/wp-json\/wp\/v2\/comments?post=6913"}],"version-history":[{"count":15,"href":"https:\/\/viaro.org\/ca\/wp-json\/wp\/v2\/pages\/6913\/revisions"}],"predecessor-version":[{"id":6989,"href":"https:\/\/viaro.org\/ca\/wp-json\/wp\/v2\/pages\/6913\/revisions\/6989"}],"wp:featuredmedia":[{"embeddable":true,"href":"https:\/\/viaro.org\/ca\/wp-json\/wp\/v2\/media\/1126"}],"wp:attachment":[{"href":"https:\/\/viaro.org\/ca\/wp-json\/wp\/v2\/media?parent=6913"}],"curies":[{"name":"wp","href":"https:\/\/api.w.org\/{rel}","templated":true}]}}