{"id":7367,"date":"2020-12-09T11:53:41","date_gmt":"2020-12-09T11:53:41","guid":{"rendered":"http:\/\/viaro.org\/recollida-daliments-nadal-2020\/"},"modified":"2020-12-09T11:53:42","modified_gmt":"2020-12-09T11:53:42","slug":"recollida-daliments-nadal-2020","status":"publish","type":"page","link":"https:\/\/viaro.org\/ca\/recollida-daliments-nadal-2020\/","title":{"rendered":"Recollida d&#8217;Aliments Nadal 2020"},"content":{"rendered":"\n<h2 class=\"wp-block-heading\">Recollida d&#8217;Aliments<\/h2>\n\n<h4 class=\"wp-block-heading\">per Sant Cugat i Barcelona<\/h4>\n\n<p>Cada curs fem al col\u00b7legi diverses campanyes solid\u00e0ries, algunes de les quals s\u00f3n per a ajudar persones que viuen als mateixos municipis d\u2019on som nosaltres.<\/p>\n\n<p>Els aliments recollits en aquesta campanya es destinaran al <strong>rebost que gestiona C\u00e0ritas a Sant Cugat del Vall\u00e8s i a les fam\u00edlies necessitades del barri del Raval ateses per Acci\u00f3 Social Montalegre<\/strong>, a Barcelona. Com fem habitualment, hem distribu\u00eft per cursos les diferents peticions d\u2019aquestes entitats:<\/p>\n\n<figure class=\"wp-block-table\"><table><tbody><tr><td><strong>Infantil P0, P1, P2<\/strong><\/td><td>Pur\u00e9 de patata<\/td><\/tr><tr><td><strong>Infantil P3, P4, P5<\/strong><\/td><td>Llet<\/td><\/tr><tr><td><strong>1r Prim\u00e0ria<\/strong><\/td><td>Sucre<\/td><\/tr><tr><td><strong>2n Prim\u00e0ria<\/strong><\/td><td>Farina<\/td><\/tr><tr><td><strong>3r Prim\u00e0ria<\/strong><\/td><td>Pur\u00e9 de patata<\/td><\/tr><tr><td><strong>4t Prim\u00e0ria<\/strong><\/td><td>Cereals<\/td><\/tr><tr><td><strong>5\u00e8 Prim\u00e0ria<\/strong><\/td><td>Cacau en pols<\/td><\/tr><tr><td><strong>6\u00e8 Prim\u00e0ria<\/strong><\/td><td>Caldo en tetra brik<\/td><\/tr><tr><td><strong>1r d&#8217;ESO<\/strong><\/td><td>Llet<\/td><\/tr><tr><td><strong>2n d&#8217;ESO<\/strong><\/td><td>Pots de llegums cuites<\/td><\/tr><tr><td><strong>3r d&#8217;ESO<\/strong><\/td><td>Tom\u00e0quet fregit<\/td><\/tr><tr><td><strong>4t d&#8217;ESO<\/strong><\/td><td>Llaunes de tonyina<\/td><\/tr><tr><td><strong>1r Batxillerat<\/strong><\/td><td>Sucre<\/td><\/tr><tr><td><strong>2n Batxillerat<\/strong><\/td><td>Farina<\/td><\/tr><\/tbody><\/table><\/figure>\n<p>Es poden dur els aliments al col\u00b7legi des <strong>del dia 9 al 17 de desembre<\/strong>.<\/p>\n","protected":false},"excerpt":{"rendered":"<p>Recollida d&#8217;Aliments per Sant Cugat i Barcelona Cada curs fem al col\u00b7legi diverses campanyes solid\u00e0ries, algunes de les quals s\u00f3n per a ajudar persones que viuen als mateixos municipis d\u2019on som nosaltres. Els aliments recollits en aquesta campanya es destinaran al rebost que gestiona C\u00e0ritas a Sant Cugat del Vall\u00e8s i a les fam\u00edlies necessitades [&hellip;]<\/p>\n","protected":false},"author":11,"featured_media":7362,"parent":0,"menu_order":0,"comment_status":"closed","ping_status":"closed","template":"template-ibsc.php","meta":{"_uag_custom_page_level_css":"","_joinchat":[],"footnotes":""},"class_list":["post-7367","page","type-page","status-publish","has-post-thumbnail","hentry"],"uagb_featured_image_src":{"full":["https:\/\/viaro.org\/wp-content\/uploads\/2020\/12\/Nadal_2020.jpg",1422,800,false],"thumbnail":["https:\/\/viaro.org\/wp-content\/uploads\/2020\/12\/Nadal_2020-150x150.jpg",150,150,true],"medium":["https:\/\/viaro.org\/wp-content\/uploads\/2020\/12\/Nadal_2020-300x169.jpg",300,169,true],"medium_large":["https:\/\/viaro.org\/wp-content\/uploads\/2020\/12\/Nadal_2020-768x432.jpg",640,360,true],"large":["https:\/\/viaro.org\/wp-content\/uploads\/2020\/12\/Nadal_2020-1024x576.jpg",640,360,true],"1536x1536":["https:\/\/viaro.org\/wp-content\/uploads\/2020\/12\/Nadal_2020.jpg",1422,800,false],"2048x2048":["https:\/\/viaro.org\/wp-content\/uploads\/2020\/12\/Nadal_2020.jpg",1422,800,false],"related-content":["https:\/\/viaro.org\/wp-content\/uploads\/2020\/12\/Nadal_2020-297x167.jpg",297,167,true]},"uagb_author_info":{"display_name":"Comunicaci\u00f3 Viar\u00f3","author_link":"https:\/\/viaro.org\/ca\/author\/viarocom\/"},"uagb_comment_info":0,"uagb_excerpt":"Recollida d&#8217;Aliments per Sant Cugat i Barcelona Cada curs fem al col\u00b7legi diverses campanyes solid\u00e0ries, algunes de les quals s\u00f3n per a ajudar persones que viuen als mateixos municipis d\u2019on som nosaltres. Els aliments recollits en aquesta campanya es destinaran al rebost que gestiona C\u00e0ritas a Sant Cugat del Vall\u00e8s i a les fam\u00edlies necessitades&hellip;","_links":{"self":[{"href":"https:\/\/viaro.org\/ca\/wp-json\/wp\/v2\/pages\/7367","targetHints":{"allow":["GET"]}}],"collection":[{"href":"https:\/\/viaro.org\/ca\/wp-json\/wp\/v2\/pages"}],"about":[{"href":"https:\/\/viaro.org\/ca\/wp-json\/wp\/v2\/types\/page"}],"author":[{"embeddable":true,"href":"https:\/\/viaro.org\/ca\/wp-json\/wp\/v2\/users\/11"}],"replies":[{"embeddable":true,"href":"https:\/\/viaro.org\/ca\/wp-json\/wp\/v2\/comments?post=7367"}],"version-history":[{"count":1,"href":"https:\/\/viaro.org\/ca\/wp-json\/wp\/v2\/pages\/7367\/revisions"}],"predecessor-version":[{"id":7368,"href":"https:\/\/viaro.org\/ca\/wp-json\/wp\/v2\/pages\/7367\/revisions\/7368"}],"wp:featuredmedia":[{"embeddable":true,"href":"https:\/\/viaro.org\/ca\/wp-json\/wp\/v2\/media\/7362"}],"wp:attachment":[{"href":"https:\/\/viaro.org\/ca\/wp-json\/wp\/v2\/media?parent=7367"}],"curies":[{"name":"wp","href":"https:\/\/api.w.org\/{rel}","templated":true}]}}