{"id":7369,"date":"2020-12-09T11:55:52","date_gmt":"2020-12-09T11:55:52","guid":{"rendered":"http:\/\/viaro.org\/food-programme-nadal-2020\/"},"modified":"2020-12-09T11:55:52","modified_gmt":"2020-12-09T11:55:52","slug":"food-programme-nadal-2020","status":"publish","type":"page","link":"https:\/\/viaro.org\/ca\/food-programme-nadal-2020\/","title":{"rendered":"Food programme Nadal 2020"},"content":{"rendered":"\n<h2 class=\"wp-block-heading\"><strong>Food Programme<\/strong><\/h2>\n\n<h4 class=\"wp-block-heading\"><strong>Kangemi Primary School<\/strong><\/h4>\n\n<p>Kangemi \u00e9s un dels suburbis m\u00e9s pobres de la capital de Kenya. L\u2019escola amb la que volem col\u00b7laborar \u2013que porta el mateix nom del barri on es troba\u2013 t\u00e9 2400 alumnes. Al marge d\u2019altres dificultats, un dels problemes m\u00e9s seriosos que es troben \u00e9s que la gran majoria dels alumnes no mengen prou a casa seva i les fam\u00edlies tampoc es poden permetre el cost de dinar al col\u00b7legi. L\u00f2gicament, aix\u00f2 dificulta molt que puguin aprofitar b\u00e9 les hores de treball a l\u2019escola.<\/p>\n\n<p>Davant d\u2019aquest fet, s\u2019ha posat en marxa el <em>Food Programme<\/em>, en el que volem col\u00b7laborar. Consisteix en aconseguir que el m\u00e0xim nombre d\u2019alumnes possible puguin tenir al menys un bon \u00e0pat al dia: el que prendran al col\u00b7legi. El cost \u00e9s de 40\u00a0\u20ac a l\u2019any per alumne, \u00e9s a dir:<\/p>\n\n<h3 class=\"wp-block-heading\"><strong>amb 40 \u20ac un nen dinar\u00e0 b\u00e9 tot un any<\/strong><\/h3>\n\n<p>Sens dubte, l\u2019impacte de l\u2019ajuda ser\u00e0 important en l\u2019educaci\u00f3 que puguin rebre els infants del barri de Kangemi.<\/p>\n\n<h4 class=\"wp-block-heading\"><strong>Com fer els donatius<\/strong><\/h4>\n\n<p>Pensem que aquest curs \u00e9s millor no recollir donatius en efectiu, com f\u00e8iem fins ara. Entenem que un sistema per fer donacions online pot esvair una mica un dels objectius de la campanya, que \u00e9s la sensibilitzaci\u00f3. L\u00f2gicament, el fet que els alumnes duguessin els diners personalment al col\u00b7legi ajudava a entendre que estem donant alguna cosa, especialment als m\u00e9s petits. Per aix\u00f2 us aconsellem que <strong>parleu de la campanya amb els vostres fills<\/strong> i feu algun gest que els ajudi a notar que per ajudar cal donar-se.<\/p>\n\n<div class=\"wp-block-buttons is-layout-flex wp-block-buttons-is-layout-flex\">\n<div class=\"wp-block-button\"><a class=\"wp-block-button__link has-white-color has-text-color has-background no-border-radius\" href=\"https:\/\/fundaciovellametller.com\/kangemi.html\" style=\"background-color:#b2153f\" target=\"_blank\" rel=\"noreferrer noopener\"><strong>DONAR ARA<\/strong><\/a><\/div>\n<\/div>\n\n<p><\/p>\n","protected":false},"excerpt":{"rendered":"<p>Food Programme Kangemi Primary School Kangemi \u00e9s un dels suburbis m\u00e9s pobres de la capital de Kenya. L\u2019escola amb la que volem col\u00b7laborar \u2013que porta el mateix nom del barri on es troba\u2013 t\u00e9 2400 alumnes. Al marge d\u2019altres dificultats, un dels problemes m\u00e9s seriosos que es troben \u00e9s que la gran majoria dels alumnes [&hellip;]<\/p>\n","protected":false},"author":11,"featured_media":1048,"parent":0,"menu_order":0,"comment_status":"closed","ping_status":"closed","template":"template-ibsc.php","meta":{"_uag_custom_page_level_css":"","_joinchat":[],"footnotes":""},"class_list":["post-7369","page","type-page","status-publish","has-post-thumbnail","hentry"],"uagb_featured_image_src":{"full":["https:\/\/viaro.org\/wp-content\/uploads\/2018\/11\/header-servicio-comunidad.jpg",2880,752,false],"thumbnail":["https:\/\/viaro.org\/wp-content\/uploads\/2018\/11\/header-servicio-comunidad-150x150.jpg",150,150,true],"medium":["https:\/\/viaro.org\/wp-content\/uploads\/2018\/11\/header-servicio-comunidad-300x78.jpg",300,78,true],"medium_large":["https:\/\/viaro.org\/wp-content\/uploads\/2018\/11\/header-servicio-comunidad-768x201.jpg",640,168,true],"large":["https:\/\/viaro.org\/wp-content\/uploads\/2018\/11\/header-servicio-comunidad-1024x267.jpg",640,167,true],"1536x1536":["https:\/\/viaro.org\/wp-content\/uploads\/2018\/11\/header-servicio-comunidad.jpg",1536,401,false],"2048x2048":["https:\/\/viaro.org\/wp-content\/uploads\/2018\/11\/header-servicio-comunidad.jpg",2048,535,false],"related-content":["https:\/\/viaro.org\/wp-content\/uploads\/2018\/11\/header-servicio-comunidad-297x167.jpg",297,167,true]},"uagb_author_info":{"display_name":"Comunicaci\u00f3 Viar\u00f3","author_link":"https:\/\/viaro.org\/ca\/author\/viarocom\/"},"uagb_comment_info":0,"uagb_excerpt":"Food Programme Kangemi Primary School Kangemi \u00e9s un dels suburbis m\u00e9s pobres de la capital de Kenya. L\u2019escola amb la que volem col\u00b7laborar \u2013que porta el mateix nom del barri on es troba\u2013 t\u00e9 2400 alumnes. Al marge d\u2019altres dificultats, un dels problemes m\u00e9s seriosos que es troben \u00e9s que la gran majoria dels alumnes&hellip;","_links":{"self":[{"href":"https:\/\/viaro.org\/ca\/wp-json\/wp\/v2\/pages\/7369","targetHints":{"allow":["GET"]}}],"collection":[{"href":"https:\/\/viaro.org\/ca\/wp-json\/wp\/v2\/pages"}],"about":[{"href":"https:\/\/viaro.org\/ca\/wp-json\/wp\/v2\/types\/page"}],"author":[{"embeddable":true,"href":"https:\/\/viaro.org\/ca\/wp-json\/wp\/v2\/users\/11"}],"replies":[{"embeddable":true,"href":"https:\/\/viaro.org\/ca\/wp-json\/wp\/v2\/comments?post=7369"}],"version-history":[{"count":1,"href":"https:\/\/viaro.org\/ca\/wp-json\/wp\/v2\/pages\/7369\/revisions"}],"predecessor-version":[{"id":7370,"href":"https:\/\/viaro.org\/ca\/wp-json\/wp\/v2\/pages\/7369\/revisions\/7370"}],"wp:featuredmedia":[{"embeddable":true,"href":"https:\/\/viaro.org\/ca\/wp-json\/wp\/v2\/media\/1048"}],"wp:attachment":[{"href":"https:\/\/viaro.org\/ca\/wp-json\/wp\/v2\/media?parent=7369"}],"curies":[{"name":"wp","href":"https:\/\/api.w.org\/{rel}","templated":true}]}}