{"id":7589,"date":"2025-02-11T10:29:51","date_gmt":"2025-02-11T10:29:51","guid":{"rendered":"http:\/\/viaro.org\/?page_id=7589"},"modified":"2026-02-23T14:00:59","modified_gmt":"2026-02-23T14:00:59","slug":"preinscripcio","status":"publish","type":"page","link":"https:\/\/viaro.org\/ca\/admissions\/preinscripcio\/","title":{"rendered":"Preinscripci\u00f3"},"content":{"rendered":"<div class=\"wp-block-image\">\n<figure class=\"aligncenter size-full\"><img decoding=\"async\" width=\"150\" height=\"150\" src=\"https:\/\/viaro.org\/wp-content\/uploads\/2023\/02\/Viaro_VERTICAL-web.jpg\" alt=\"preinscripci\u00f3\" class=\"wp-image-15748\"\/><\/figure><\/div>\n\n\n<div class=\"wp-block-buttons is-content-justification-center is-layout-flex wp-container-core-buttons-is-layout-16018d1d wp-block-buttons-is-layout-flex\">\n<div class=\"wp-block-button has-custom-width wp-block-button__width-75\"><a class=\"wp-block-button__link has-white-color has-text-color has-background has-medium-font-size has-custom-font-size wp-element-button\" style=\"border-radius:100px;background-color:#b2153f;font-style:normal;font-weight:700\">PREINSCRIPCI\u00d3 CURS 26-27<\/a><\/div>\n<\/div>\n\n\n\n<p class=\"has-text-align-center has-text-color\" style=\"color:#b2153f;font-style:normal;font-weight:600\"><strong>Del 4 al 18 de mar\u00e7 de 2026<\/strong><\/p>\n\n\n\n<div style=\"height:57px\" aria-hidden=\"true\" class=\"wp-block-spacer\"><\/div>\n\n\n\n<h3 class=\"wp-block-heading\">El proc\u00e9s de preinscripci\u00f3 \u00e9s 100% online<\/h3>\n\n\n\n<p>Encara que no es realitzi la preinscripci\u00f3 al <a href=\"https:\/\/www.google.com\/maps\/place\/Viar%C3%B3+Global+School\/@41.4856954,2.0778966,15z\/data=!4m5!3m4!1s0x0:0xcedcfd7972da40e6!8m2!3d41.4856954!4d2.0778966\" target=\"_blank\" rel=\"noopener\">Col\u00b7legi Viar\u00f3<\/a>, <strong>estem a la vostra disposici\u00f3<\/strong> per ajudar-vos perqu\u00e8 el proc\u00e9s sigui el m\u00e9s r\u00e0pid, senzill i c\u00f2mode possible.<\/p>\n\n\n\n<h3 class=\"wp-block-heading\">Oferta de places Viar\u00f3 <\/h3>\n\n\n\n<p>Podreu consultar a la secretaria del col\u00b7legi la nostra oferta de places escolars per al curs 26-27 en l&#8217;etapa d&#8217;Infantil.<\/p>\n\n\n\n<div style=\"height:39px\" aria-hidden=\"true\" class=\"wp-block-spacer\"><\/div>\n\n\n\n<h2 class=\"wp-block-heading\">Com realitzar la preinscripci\u00f3<\/h2>\n\n\n\n<p>En aquests v\u00eddeos podreu veure com \u00e9s l&#8217;aplicatiu i els passos a seguir per emplenar la preinscripci\u00f3.<\/p>\n\n\n\n<figure class=\"wp-block-embed is-type-video is-provider-youtube wp-block-embed-youtube wp-embed-aspect-16-9 wp-has-aspect-ratio\"><div class=\"wp-block-embed__wrapper\">\n<div class=\"epyt-video-wrapper\"><div  style=\"display: block; margin: 0px auto;\"  id=\"_ytid_48312\"  width=\"800\" height=\"450\"  data-origwidth=\"800\" data-origheight=\"450\" data-facadesrc=\"https:\/\/www.youtube.com\/embed\/Omp-kUD35O4?enablejsapi=1&#038;autoplay=0&#038;cc_load_policy=0&#038;cc_lang_pref=&#038;iv_load_policy=3&#038;loop=0&#038;rel=0&#038;fs=1&#038;playsinline=0&#038;autohide=2&#038;theme=dark&#038;color=white&#038;controls=1&#038;disablekb=0&#038;\" class=\"__youtube_prefs__ epyt-facade epyt-is-override  no-lazyload\" data-epautoplay=\"1\" ><img decoding=\"async\" data-spai-excluded=\"true\" class=\"epyt-facade-poster skip-lazy\" loading=\"lazy\"  alt=\"YouTube player\"  src=\"https:\/\/i.ytimg.com\/vi\/Omp-kUD35O4\/maxresdefault.jpg\"  \/><button class=\"epyt-facade-play\" aria-label=\"Play\"><svg data-no-lazy=\"1\" height=\"100%\" version=\"1.1\" viewBox=\"0 0 68 48\" width=\"100%\"><path class=\"ytp-large-play-button-bg\" d=\"M66.52,7.74c-0.78-2.93-2.49-5.41-5.42-6.19C55.79,.13,34,0,34,0S12.21,.13,6.9,1.55 C3.97,2.33,2.27,4.81,1.48,7.74C0.06,13.05,0,24,0,24s0.06,10.95,1.48,16.26c0.78,2.93,2.49,5.41,5.42,6.19 C12.21,47.87,34,48,34,48s21.79-0.13,27.1-1.55c2.93-0.78,4.64-3.26,5.42-6.19C67.94,34.95,68,24,68,24S67.94,13.05,66.52,7.74z\" fill=\"#f00\"><\/path><path d=\"M 45,24 27,14 27,34\" fill=\"#fff\"><\/path><\/svg><\/button><\/div><\/div>\n<\/div><\/figure>\n\n\n\n<div class=\"wp-block-columns is-layout-flex wp-container-core-columns-is-layout-9d6595d7 wp-block-columns-is-layout-flex\">\n<div class=\"wp-block-column is-layout-flow wp-block-column-is-layout-flow\">\n<h3 class=\"wp-block-heading\">Com emplenar la Preinscripci\u00f3<\/h3>\n\n\n\n<figure class=\"wp-block-embed is-type-video is-provider-youtube wp-block-embed-youtube wp-embed-aspect-16-9 wp-has-aspect-ratio\"><div class=\"wp-block-embed__wrapper\">\n<div class=\"epyt-video-wrapper\"><div  style=\"display: block; margin: 0px auto;\"  id=\"_ytid_10861\"  width=\"800\" height=\"450\"  data-origwidth=\"800\" data-origheight=\"450\" data-facadesrc=\"https:\/\/www.youtube.com\/embed\/9xMdvXoFR_4?enablejsapi=1&#038;autoplay=0&#038;cc_load_policy=0&#038;cc_lang_pref=&#038;iv_load_policy=3&#038;loop=0&#038;rel=0&#038;fs=1&#038;playsinline=0&#038;autohide=2&#038;theme=dark&#038;color=white&#038;controls=1&#038;disablekb=0&#038;\" class=\"__youtube_prefs__ epyt-facade epyt-is-override  no-lazyload\" data-epautoplay=\"1\" ><img decoding=\"async\" data-spai-excluded=\"true\" class=\"epyt-facade-poster skip-lazy\" loading=\"lazy\"  alt=\"YouTube player\"  src=\"https:\/\/i.ytimg.com\/vi\/9xMdvXoFR_4\/maxresdefault.jpg\"  \/><button class=\"epyt-facade-play\" aria-label=\"Play\"><svg data-no-lazy=\"1\" height=\"100%\" version=\"1.1\" viewBox=\"0 0 68 48\" width=\"100%\"><path class=\"ytp-large-play-button-bg\" d=\"M66.52,7.74c-0.78-2.93-2.49-5.41-5.42-6.19C55.79,.13,34,0,34,0S12.21,.13,6.9,1.55 C3.97,2.33,2.27,4.81,1.48,7.74C0.06,13.05,0,24,0,24s0.06,10.95,1.48,16.26c0.78,2.93,2.49,5.41,5.42,6.19 C12.21,47.87,34,48,34,48s21.79-0.13,27.1-1.55c2.93-0.78,4.64-3.26,5.42-6.19C67.94,34.95,68,24,68,24S67.94,13.05,66.52,7.74z\" fill=\"#f00\"><\/path><path d=\"M 45,24 27,14 27,34\" fill=\"#fff\"><\/path><\/svg><\/button><\/div><\/div>\n<\/div><\/figure>\n<\/div>\n\n\n\n<div class=\"wp-block-column is-layout-flow wp-block-column-is-layout-flow\">\n<h3 class=\"wp-block-heading\">Digitalitzar documents<\/h3>\n\n\n\n<figure class=\"wp-block-embed is-type-video is-provider-youtube wp-block-embed-youtube wp-embed-aspect-16-9 wp-has-aspect-ratio\"><div class=\"wp-block-embed__wrapper\">\n<div class=\"epyt-video-wrapper\"><div  style=\"display: block; margin: 0px auto;\"  id=\"_ytid_83367\"  width=\"800\" height=\"450\"  data-origwidth=\"800\" data-origheight=\"450\" data-facadesrc=\"https:\/\/www.youtube.com\/embed\/kAm26LWm51U?enablejsapi=1&#038;autoplay=0&#038;cc_load_policy=0&#038;cc_lang_pref=&#038;iv_load_policy=3&#038;loop=0&#038;rel=0&#038;fs=1&#038;playsinline=0&#038;autohide=2&#038;theme=dark&#038;color=white&#038;controls=1&#038;disablekb=0&#038;\" class=\"__youtube_prefs__ epyt-facade epyt-is-override  no-lazyload\" data-epautoplay=\"1\" ><img decoding=\"async\" data-spai-excluded=\"true\" class=\"epyt-facade-poster skip-lazy\" loading=\"lazy\"  alt=\"YouTube player\"  src=\"https:\/\/i.ytimg.com\/vi\/kAm26LWm51U\/maxresdefault.jpg\"  \/><button class=\"epyt-facade-play\" aria-label=\"Play\"><svg data-no-lazy=\"1\" height=\"100%\" version=\"1.1\" viewBox=\"0 0 68 48\" width=\"100%\"><path class=\"ytp-large-play-button-bg\" d=\"M66.52,7.74c-0.78-2.93-2.49-5.41-5.42-6.19C55.79,.13,34,0,34,0S12.21,.13,6.9,1.55 C3.97,2.33,2.27,4.81,1.48,7.74C0.06,13.05,0,24,0,24s0.06,10.95,1.48,16.26c0.78,2.93,2.49,5.41,5.42,6.19 C12.21,47.87,34,48,34,48s21.79-0.13,27.1-1.55c2.93-0.78,4.64-3.26,5.42-6.19C67.94,34.95,68,24,68,24S67.94,13.05,66.52,7.74z\" fill=\"#f00\"><\/path><path d=\"M 45,24 27,14 27,34\" fill=\"#fff\"><\/path><\/svg><\/button><\/div><\/div>\n<\/div><\/figure>\n<\/div>\n<\/div>\n\n\n\n<div style=\"height:40px\" aria-hidden=\"true\" class=\"wp-block-spacer\"><\/div>\n\n\n\n<h2 class=\"wp-block-heading\">Enlla\u00e7 a la sol\u00b7licitud de preinscripci\u00f3<\/h2>\n\n\n\n<p>El Departament d&#8217;Educaci\u00f3 habilita un portal amb tota la informaci\u00f3 sobre la preinscripci\u00f3.<\/p>\n\n\n\n<p>Totes les actualitzacions i la informaci\u00f3 necess\u00e0ria es publicaran aqu\u00ed.<\/p>\n\n\n\n<div class=\"wp-block-columns is-layout-flex wp-container-core-columns-is-layout-9d6595d7 wp-block-columns-is-layout-flex\">\n<div class=\"wp-block-column is-layout-flow wp-block-column-is-layout-flow\">\n<div class=\"wp-block-buttons is-layout-flex wp-block-buttons-is-layout-flex\">\n<div class=\"wp-block-button has-custom-width wp-block-button__width-100\"><a class=\"wp-block-button__link has-white-color has-text-color has-background wp-element-button\" href=\"https:\/\/preinscripcio.gencat.cat\/ca\/estudis\/infantil-3-6\/inici\/\" style=\"border-radius:100px;background-color:#b2153f\" target=\"_blank\" rel=\"noreferrer noopener\"><strong>Infantil (3-6 anys)<\/strong><\/a><\/div>\n<\/div>\n<\/div>\n\n\n\n<div class=\"wp-block-column is-layout-flow wp-block-column-is-layout-flow\" style=\"flex-basis:1%\"><\/div>\n\n\n\n<div class=\"wp-block-column is-layout-flow wp-block-column-is-layout-flow\" style=\"flex-basis:1%\"><\/div>\n\n\n\n<div class=\"wp-block-column is-layout-flow wp-block-column-is-layout-flow\"><\/div>\n<\/div>\n\n\n\n<div style=\"height:41px\" aria-hidden=\"true\" class=\"wp-block-spacer\"><\/div>\n\n\n\n<h2 class=\"wp-block-heading\">Com identificar-se en iniciar la preinscripci\u00f3<\/h2>\n\n\n\n<p>En comen\u00e7ar el proc\u00e9s de preinscripci\u00f3, cal identificar-se mitjan\u00e7ant alguna d&#8217;aquestes eines:<\/p>\n\n\n\n<ul class=\"wp-block-list\">\n<li><strong>IdCat M\u00f2bil<\/strong> (<a href=\"https:\/\/web.gencat.cat\/ca\/tramits\/que-cal-fer-si\/Vull-identificar-me-digitalment\/idcat-mobil\/\" target=\"_blank\" rel=\"noreferrer noopener\">enlla\u00e7<\/a>)<\/li>\n\n\n\n<li><strong>DNI electr\u00f2nic<\/strong>&nbsp;(<a href=\"https:\/\/www.dnielectronico.es\/PortalDNIe\/\" target=\"_blank\" rel=\"noreferrer noopener\">enlla\u00e7<\/a>)<\/li>\n\n\n\n<li><strong>T-CAT<\/strong> (<a href=\"https:\/\/www.aoc.cat\/portal-suport\/t-cat\/idservei\/tcat\/\" target=\"_blank\" rel=\"noreferrer noopener\">enlla\u00e7<\/a>)<\/li>\n\n\n\n<li><strong>Cl@ve<\/strong> (<a href=\"https:\/\/clave.gob.es\/clave_Home\/clave.html\" target=\"_blank\" rel=\"noreferrer noopener\">enlla\u00e7<\/a>)<\/li>\n<\/ul>\n\n\n\n<div style=\"height:40px\" aria-hidden=\"true\" class=\"wp-block-spacer\"><\/div>\n\n\n\n<h2 class=\"wp-block-heading\">Calendari preinscirpcions 26-27<\/h2>\n\n\n\n<div style=\"height:5px\" aria-hidden=\"true\" class=\"wp-block-spacer\"><\/div>\n\n\n\n<p><strong>Del 4 al 18 de mar\u00e7<\/strong>: Presentaci\u00f3 de sol\u00b7licituds (en el cas de Viar\u00f3, per a Infantil)<\/p>\n\n\n\n<p><strong>Fins al 19 de mar\u00e7<\/strong>: Presentaci\u00f3 de documentaci\u00f3 (en cas que no s&#8217;adjunt\u00e9s en el moment de la preinscripci\u00f3)<\/p>\n\n\n\n<p class=\"has-text-align-center has-background\" style=\"background-color:#f0f0f0\"><em>A partir d&#8217;aquest punt, si tot \u00e9s correcte, <strong>no es requereixen m\u00e9s actuacions per part de la fam\u00edlia<\/strong>. La resta del proc\u00e9s es realitza al col\u00b7legi de forma autom\u00e0tica. <\/em>Si sorgeix qualsevol incid\u00e8ncia, el col\u00b7legi es posar\u00e0 en contacte amb vosaltres.<\/p>\n\n\n\n<p><strong>15 d&#8217;abril<\/strong>: Publicaci\u00f3 de la llista amb la puntuaci\u00f3 provisional<\/p>\n\n\n\n<p><strong>29 d&#8217;abril<\/strong>: Publicaci\u00f3 de la llista amb la puntuaci\u00f3 definitiva<\/p>\n\n\n\n<p><strong>10 de juny<\/strong>: Publicaci\u00f3 de la llista d&#8217;admesos<\/p>\n\n\n\n<p><strong>Del 22 al 30 de juny<\/strong>: Matriculaci\u00f3<\/p>\n\n\n\n<div style=\"height:40px\" aria-hidden=\"true\" class=\"wp-block-spacer\"><\/div>\n\n\n\n<h2 class=\"wp-block-heading\">Documentaci\u00f3<\/h2>\n\n\n\n<p>Aquesta \u00e9s la documentaci\u00f3 necess\u00e0ria per a la preinscripci\u00f3 i per acreditar el cumpliment dels criteris de prioritat en l&#8217;elecci\u00f3 de pla\u00e7a:<\/p>\n\n\n\n<h4 class=\"wp-block-heading\"><a href=\"https:\/\/preinscripcio.gencat.cat\/ca\/estudis\/primaria\/informat\/prepara-documentacio\/\" target=\"_blank\" rel=\"noopener\">Documentaci\u00f3 necess\u00e0ria<\/a><\/h4>\n\n\n\n<ul class=\"wp-block-list\">\n<li>El llibre de fam\u00edlia o altres documents relatius a la filiaci\u00f3.<\/li>\n\n\n\n<li>El DNI de la persona sol\u00b7licitant (pare, mare, tutor\/a o guardador\/a de fet).<\/li>\n<\/ul>\n\n\n\n<h4 class=\"wp-block-heading\">Documentaci\u00f3 acreditativa dels <a href=\"https:\/\/preinscripcio.gencat.cat\/ca\/estudis\/primaria\/informat\/criteris-assignacio\/\" target=\"_blank\" rel=\"noopener\">criteris d&#8217;assignaci\u00f3<\/a> de pla\u00e7a<\/h4>\n\n\n\n<p>Les persones que al\u00b7leguen el compliment d&#8217;un o m\u00e9s criteris de prioritat (espec\u00edfic, general o complementari) han d&#8217;enviar tamb\u00e9 la&nbsp;<a href=\"https:\/\/preinscripcio.gencat.cat\/ca\/estudis\/primaria\/informat\/prepara-documentacio\/\" target=\"_blank\" rel=\"noopener\"><strong>documentaci\u00f3<\/strong><\/a> escanejada o fotografiada, per les dues cares, que s&#8217;indica per a cada criteri:<\/p>\n\n\n\n<ul class=\"wp-block-list\">\n<li>Fotoc\u00f2pia del carnet de fam\u00edlia nombrosa o monoparental vigent<\/li>\n\n\n\n<li>Certificat d&#8217;ubicaci\u00f3 del lloc de treball<\/li>\n\n\n\n<li>Certificat de renda anual en cas de ser beneficiari\/a<\/li>\n\n\n\n<li>Certificat o targeta acreditativa de discapacitat.<\/li>\n<\/ul>\n\n\n\n<p>Per a qualsevol dubte o aclariment no dubteu a contactar amb nosaltres a <strong><a href=\"mailto:preinscripcio@viaro.org\">preinscripcio@viaro.org<\/a><\/strong><\/p>\n\n\n\n<div style=\"height:40px\" aria-hidden=\"true\" class=\"wp-block-spacer\"><\/div>\n\n\n\n<div class=\"wp-block-columns has-background is-layout-flex wp-container-core-columns-is-layout-9d6595d7 wp-block-columns-is-layout-flex\" style=\"background-color:#f0f0f0\">\n<div class=\"wp-block-column is-layout-flow wp-block-column-is-layout-flow\">\n<h4 class=\"wp-block-heading has-text-align-center\"><a href=\"https:\/\/viaro.org\/ca\/admissions\/10-raons-per-matricular-els-teus-fills-a-viaro\/\">Demana una cita<\/a><\/h4>\n<\/div>\n\n\n\n<div class=\"wp-block-column is-layout-flow wp-block-column-is-layout-flow\">\n<h4 class=\"wp-block-heading has-text-align-center\"><a href=\"https:\/\/viaro.org\/ca\/admissions\/portes-obertes\/\">Portes Obertes<\/a><\/h4>\n<\/div>\n\n\n\n<div class=\"wp-block-column is-layout-flow wp-block-column-is-layout-flow\">\n<h4 class=\"wp-block-heading has-text-align-center\"><a href=\"https:\/\/viaro.org\/ca\/informacio-general\/preinscripcions-2021-22\/\">Preinscripcions<\/a><\/h4>\n<\/div>\n\n\n\n<div class=\"wp-block-column is-layout-flow wp-block-column-is-layout-flow\">\n<h4 class=\"wp-block-heading has-text-align-center\"><a href=\"https:\/\/viaro.org\/ca\/informacio-general\/matriculacio\/\">Matriculaci\u00f3<\/a><\/h4>\n<\/div>\n<\/div>\n","protected":false},"excerpt":{"rendered":"<p>Del 4 al 18 de mar\u00e7 de 2026 El proc\u00e9s de preinscripci\u00f3 \u00e9s 100% online Encara que no es realitzi la preinscripci\u00f3 al Col\u00b7legi Viar\u00f3, estem a la vostra disposici\u00f3 per ajudar-vos perqu\u00e8 el proc\u00e9s sigui el m\u00e9s r\u00e0pid, senzill i c\u00f2mode possible. Oferta de places Viar\u00f3 Podreu consultar a la secretaria del col\u00b7legi la [&hellip;]<\/p>\n","protected":false},"author":11,"featured_media":10468,"parent":7645,"menu_order":2,"comment_status":"closed","ping_status":"closed","template":"template-ibsc.php","meta":{"_uag_custom_page_level_css":"","_joinchat":[],"footnotes":""},"class_list":["post-7589","page","type-page","status-publish","has-post-thumbnail","hentry"],"uagb_featured_image_src":{"full":["https:\/\/viaro.org\/wp-content\/uploads\/2022\/02\/preinscripcion-colegio-viaro-scaled.jpeg",2560,668,false],"thumbnail":["https:\/\/viaro.org\/wp-content\/uploads\/2022\/02\/preinscripcion-colegio-viaro-150x150.jpeg",150,150,true],"medium":["https:\/\/viaro.org\/wp-content\/uploads\/2022\/02\/preinscripcion-colegio-viaro-300x78.jpeg",300,78,true],"medium_large":["https:\/\/viaro.org\/wp-content\/uploads\/2022\/02\/preinscripcion-colegio-viaro-768x201.jpeg",640,168,true],"large":["https:\/\/viaro.org\/wp-content\/uploads\/2022\/02\/preinscripcion-colegio-viaro-1024x267.jpeg",640,167,true],"1536x1536":["https:\/\/viaro.org\/wp-content\/uploads\/2022\/02\/preinscripcion-colegio-viaro-1536x401.jpeg",1536,401,true],"2048x2048":["https:\/\/viaro.org\/wp-content\/uploads\/2022\/02\/preinscripcion-colegio-viaro-2048x535.jpeg",2048,535,true],"related-content":["https:\/\/viaro.org\/wp-content\/uploads\/2022\/02\/preinscripcion-colegio-viaro-297x167.jpeg",297,167,true]},"uagb_author_info":{"display_name":"Comunicaci\u00f3 Viar\u00f3","author_link":"https:\/\/viaro.org\/ca\/author\/viarocom\/"},"uagb_comment_info":0,"uagb_excerpt":"Del 4 al 18 de mar\u00e7 de 2026 El proc\u00e9s de preinscripci\u00f3 \u00e9s 100% online Encara que no es realitzi la preinscripci\u00f3 al Col\u00b7legi Viar\u00f3, estem a la vostra disposici\u00f3 per ajudar-vos perqu\u00e8 el proc\u00e9s sigui el m\u00e9s r\u00e0pid, senzill i c\u00f2mode possible. Oferta de places Viar\u00f3 Podreu consultar a la secretaria del col\u00b7legi la&hellip;","_links":{"self":[{"href":"https:\/\/viaro.org\/ca\/wp-json\/wp\/v2\/pages\/7589","targetHints":{"allow":["GET"]}}],"collection":[{"href":"https:\/\/viaro.org\/ca\/wp-json\/wp\/v2\/pages"}],"about":[{"href":"https:\/\/viaro.org\/ca\/wp-json\/wp\/v2\/types\/page"}],"author":[{"embeddable":true,"href":"https:\/\/viaro.org\/ca\/wp-json\/wp\/v2\/users\/11"}],"replies":[{"embeddable":true,"href":"https:\/\/viaro.org\/ca\/wp-json\/wp\/v2\/comments?post=7589"}],"version-history":[{"count":57,"href":"https:\/\/viaro.org\/ca\/wp-json\/wp\/v2\/pages\/7589\/revisions"}],"predecessor-version":[{"id":25863,"href":"https:\/\/viaro.org\/ca\/wp-json\/wp\/v2\/pages\/7589\/revisions\/25863"}],"up":[{"embeddable":true,"href":"https:\/\/viaro.org\/ca\/wp-json\/wp\/v2\/pages\/7645"}],"wp:featuredmedia":[{"embeddable":true,"href":"https:\/\/viaro.org\/ca\/wp-json\/wp\/v2\/media\/10468"}],"wp:attachment":[{"href":"https:\/\/viaro.org\/ca\/wp-json\/wp\/v2\/media?parent=7589"}],"curies":[{"name":"wp","href":"https:\/\/api.w.org\/{rel}","templated":true}]}}