{"id":7601,"date":"2025-02-11T10:43:25","date_gmt":"2025-02-11T10:43:25","guid":{"rendered":"http:\/\/viaro.org\/?page_id=7601"},"modified":"2026-02-23T14:06:17","modified_gmt":"2026-02-23T14:06:17","slug":"matriculacio","status":"publish","type":"page","link":"https:\/\/viaro.org\/ca\/admissions\/matriculacio\/","title":{"rendered":"Matriculaci\u00f3"},"content":{"rendered":"<div class=\"wp-block-image\">\n<figure class=\"aligncenter size-full\"><img decoding=\"async\" width=\"150\" height=\"150\" src=\"https:\/\/viaro.org\/wp-content\/uploads\/2023\/02\/Viaro_VERTICAL-web.jpg\" alt=\"Matriculaci\u00f3\" class=\"wp-image-15748\"\/><\/figure><\/div>\n\n\n<div style=\"height:20px\" aria-hidden=\"true\" class=\"wp-block-spacer\"><\/div>\n\n\n\n<h2 class=\"wp-block-heading has-text-align-center has-text-color\" style=\"color:#b2153f\">MATRICULACI\u00d3 CURS 26-27<\/h2>\n\n\n\n<h3 class=\"wp-block-heading has-text-align-center\">7 preguntes clau per reservar la pla\u00e7a escolar del teu fill<\/h3>\n\n\n\n<div style=\"height:45px\" aria-hidden=\"true\" class=\"wp-block-spacer\"><\/div>\n\n\n\n<h3 class=\"wp-block-heading\"><strong>1.<\/strong> <strong>Quan comen\u00e7a el periode de matriculaci\u00f3?<\/strong><\/h3>\n\n\n\n<p><strong>Per als cursos concertats<\/strong> (d&#8217;i3 a i5) el termini de <a href=\"https:\/\/viaro.org\/ca\/admissions\/preinscripcio\/\"><strong>preinscripci\u00f3 per al curs 26-27<\/strong><\/a> comen\u00e7a el 4 de mar\u00e7 de 2026 i finalitza el 18 de mar\u00e7 de 2026. S&#8217;ha de fer en l\u00ednia\u00a0en el portal que habilita El Departament d&#8217;Educaci\u00f3.<\/p>\n\n\n\n<p>Els <strong>alumnes matriculats actualment<\/strong> en el Col\u00b7legi (<span style=\"text-decoration: underline;\">excepte els d&#8217;Infantil I2<\/span>) no han de realitzar cap tr\u00e0mit. La matr\u00edcula es renova autom\u00e0ticament per al curs seg\u00fcent.<\/p>\n\n\n\n<div style=\"height:20px\" aria-hidden=\"true\" class=\"wp-block-spacer\"><\/div>\n\n\n\n<h3 class=\"wp-block-heading\"><strong>2.<\/strong>&nbsp;<strong>Qui ha de realitzar la preinscripci\u00f3 en l\u00ednia al web del Departament d&#8217;Educaci\u00f3?<\/strong><\/h3>\n\n\n\n<p>Aquells pares que vulguin escolaritzar els seus fills en una etapa concertada del Col\u00b7legi (des <strong><a href=\"https:\/\/viaro.org\/ca\/vida-academica\/infantil\/\">d&#8217;Infantil<\/a> <\/strong>i3 fins a i5).<\/p>\n\n\n\n<p>Els <strong>alumnes que actualment cursen Infantil I2 a Viar\u00f3<\/strong>, tamb\u00e9 han de fer la preinscripci\u00f3.<\/p>\n\n\n\n<p>La resta d&#8217;alumnes matriculats a l&#8217;escola no han de realitzar cap tr\u00e0mit, tenen la pla\u00e7a garantida i no \u00e9s necessari renovar la matr\u00edcula.<\/p>\n\n\n\n<div style=\"height:20px\" aria-hidden=\"true\" class=\"wp-block-spacer\"><\/div>\n\n\n\n<h3 class=\"wp-block-heading\"><strong>3. Quins passos cal seguir per realitzar la sol\u00b7licitud?<\/strong><\/h3>\n\n\n\n<p><strong>Per a les etapes concertades<\/strong>, cal seguir el proc\u00e9s de preinscripci\u00f3 que \u00e9s 100% en l\u00ednia. El nostre personal us guiar\u00e0 en el proc\u00e9s i disposem d&#8217;una direcci\u00f3 d&#8217;e-mail per atendre-us: <strong><a href=\"mailto:preinscripcio@viaro.org\">preinscripcio@viaro.org<\/a>.<\/strong><\/p>\n\n\n\n<p>Per a la resta de cursos, podeu reservar pla\u00e7a&nbsp;o demanar la matriculaci\u00f3 contactant directament amb el centre i sol\u00b7licitant una entrevista personal, a trav\u00e9s <strong><a href=\"https:\/\/viaro.org\/ca\/admissions\/\">d&#8217;aquest formulari<\/a> <\/strong>o escrivint a <strong><a href=\"mailto:viaro@viaro.org\">viaro@viaro.org<\/a><\/strong><\/p>\n\n\n\n<div style=\"height:20px\" aria-hidden=\"true\" class=\"wp-block-spacer\"><\/div>\n\n\n\n<h3 class=\"wp-block-heading\"><strong>4. Si el meu fill ja est\u00e0 a Viar\u00f3, haig de fer alguna cosa?<\/strong><\/h3>\n\n\n\n<p>\u00danicament en el <strong>cas d&#8217;alumnes que actualment cursin Infantil I2 al Col\u00b7legi<\/strong>. La resta d&#8217;alumnes matriculats actualment tenen la pla\u00e7a assegurada i no \u00e9s necessari renovar la matr\u00edcula.<\/p>\n\n\n\n<div style=\"height:20px\" aria-hidden=\"true\" class=\"wp-block-spacer\"><\/div>\n\n\n\n<h3 class=\"wp-block-heading\"><strong>5.<\/strong> <strong>Com puc con\u00e8ixer millor&nbsp;Viar\u00f3?<\/strong><\/h3>\n\n\n\n<p>La millor manera de con\u00e8ixer el Col\u00b7legi i el seu <strong><a href=\"https:\/\/viaro.org\/ca\/proyecto-educativo\/\">projecte educatiu<\/a> <\/strong>\u00e9s concertant una entrevista personal. A m\u00e9s, \u00e9s una bona ocasi\u00f3 per veure les instal\u00b7lacions i resoldre tots els dubtes que tingueu. Podeu sol\u00b7licitar una entrevista <strong><a href=\"https:\/\/viaro.org\/ca\/admissions\/\">emplenant aquest formulari<\/a> <\/strong>o escrivint a viaro@viaro.org.<\/p>\n\n\n\n<p>Tamb\u00e9 podeu con\u00e8ixer les activitats que es fan en el dia a dia a trav\u00e9s de les <strong><a href=\"https:\/\/www.instagram.com\/viaroschool\" target=\"_blank\" rel=\"noopener\">nostres xarxes socials<\/a><\/strong><\/p>\n\n\n\n<div style=\"height:20px\" aria-hidden=\"true\" class=\"wp-block-spacer\"><\/div>\n\n\n\n<h3 class=\"wp-block-heading\"><strong>6. Com sabr\u00e9 si he obtingut pla\u00e7a a Viar\u00f3?<\/strong><\/h3>\n\n\n\n<p>Un cop realitzada la preinscripci\u00f3, si tot \u00e9s correcte, no es requereixen m\u00e9s actuacions per part de la fam\u00edlia. La resta del proc\u00e9s \u00e9s autom\u00e0tic i es duu a terme al col\u00b7legi. En cas que sorg\u00eds alguna incid\u00e8ncia amb l&#8217;assignaci\u00f3 de places, el col\u00b7legi es posaria en contacte amb vosaltres. <\/p>\n\n\n\n<p>Podeu consultar el calendari de publicaci\u00f3 de les llistes en <strong><a href=\"https:\/\/viaro.org\/ca\/admissions\/preinscripcio\/\">aquest enlla\u00e7<\/a><\/strong>.<\/p>\n\n\n\n<div style=\"height:20px\" aria-hidden=\"true\" class=\"wp-block-spacer\"><\/div>\n\n\n\n<h3 class=\"wp-block-heading\"><strong>7.<\/strong> <strong>Si vull que el meu fill es matriculi al primer cicle d&#8217;Infantil, Prim\u00e0ria, Secund\u00e0ria o Batxillerat, qu\u00e8 haig de fer?<\/strong><\/h3>\n\n\n\n<p>Com que no s\u00f3n etapes concertades, podeu reservar pla\u00e7a contactant directament amb el centre i sol\u00b7licitant una entrevista personal, a trav\u00e9s <strong><a href=\"https:\/\/viaro.org\/ca\/admissions\/\">d&#8217;aquest formulari<\/a> <\/strong>o escrivint a <strong><a href=\"mailto:viaro@viaro.org\">viaro@viaro.org<\/a><\/strong><\/p>\n\n\n\n<div style=\"height:32px\" aria-hidden=\"true\" class=\"wp-block-spacer\"><\/div>\n\n\n\n<div class=\"wp-block-columns has-background is-layout-flex wp-container-core-columns-is-layout-9d6595d7 wp-block-columns-is-layout-flex\" style=\"background-color:#f0f0f0\">\n<div class=\"wp-block-column is-layout-flow wp-block-column-is-layout-flow\">\n<h4 class=\"wp-block-heading has-text-align-center\"><a href=\"https:\/\/viaro.org\/ca\/admissions\/10-raons-per-matricular-els-teus-fills-a-viaro\/\">Demana una Cita<\/a><\/h4>\n<\/div>\n\n\n\n<div class=\"wp-block-column is-layout-flow wp-block-column-is-layout-flow\">\n<h4 class=\"wp-block-heading has-text-align-center\"><a href=\"https:\/\/viaro.org\/ca\/admissions\/portes-obertes\/\">Portes Obertes<\/a><\/h4>\n<\/div>\n\n\n\n<div class=\"wp-block-column is-layout-flow wp-block-column-is-layout-flow\">\n<h4 class=\"wp-block-heading has-text-align-center\"><a href=\"https:\/\/viaro.org\/ca\/informacio-general\/preinscripcions-2021-22\/\">Preinscripcions<\/a><\/h4>\n<\/div>\n\n\n\n<div class=\"wp-block-column is-layout-flow wp-block-column-is-layout-flow\">\n<h4 class=\"wp-block-heading has-text-align-center\"><a href=\"https:\/\/viaro.org\/ca\/informacio-general\/matriculacio\/\">Matriculaci\u00f3<\/a><\/h4>\n<\/div>\n<\/div>\n\n\n\n<div style=\"height:32px\" aria-hidden=\"true\" class=\"wp-block-spacer\"><\/div>\n\n\n\n<div style=\"height:80px\" aria-hidden=\"true\" class=\"wp-block-spacer\"><\/div>\n","protected":false},"excerpt":{"rendered":"<p>MATRICULACI\u00d3 CURS 26-27 7 preguntes clau per reservar la pla\u00e7a escolar del teu fill 1. Quan comen\u00e7a el periode de matriculaci\u00f3? Per als cursos concertats (d&#8217;i3 a i5) el termini de preinscripci\u00f3 per al curs 26-27 comen\u00e7a el 4 de mar\u00e7 de 2026 i finalitza el 18 de mar\u00e7 de 2026. S&#8217;ha de fer en [&hellip;]<\/p>\n","protected":false},"author":11,"featured_media":10464,"parent":7645,"menu_order":2,"comment_status":"closed","ping_status":"closed","template":"template-ibsc.php","meta":{"_uag_custom_page_level_css":"","_joinchat":[],"footnotes":""},"class_list":["post-7601","page","type-page","status-publish","has-post-thumbnail","hentry"],"uagb_featured_image_src":{"full":["https:\/\/viaro.org\/wp-content\/uploads\/2022\/02\/preguntas-clave-matriculacion-colegio-viaro-scaled.jpeg",2560,668,false],"thumbnail":["https:\/\/viaro.org\/wp-content\/uploads\/2022\/02\/preguntas-clave-matriculacion-colegio-viaro-150x150.jpeg",150,150,true],"medium":["https:\/\/viaro.org\/wp-content\/uploads\/2022\/02\/preguntas-clave-matriculacion-colegio-viaro-300x78.jpeg",300,78,true],"medium_large":["https:\/\/viaro.org\/wp-content\/uploads\/2022\/02\/preguntas-clave-matriculacion-colegio-viaro-768x201.jpeg",640,168,true],"large":["https:\/\/viaro.org\/wp-content\/uploads\/2022\/02\/preguntas-clave-matriculacion-colegio-viaro-1024x267.jpeg",640,167,true],"1536x1536":["https:\/\/viaro.org\/wp-content\/uploads\/2022\/02\/preguntas-clave-matriculacion-colegio-viaro-1536x401.jpeg",1536,401,true],"2048x2048":["https:\/\/viaro.org\/wp-content\/uploads\/2022\/02\/preguntas-clave-matriculacion-colegio-viaro-2048x535.jpeg",2048,535,true],"related-content":["https:\/\/viaro.org\/wp-content\/uploads\/2022\/02\/preguntas-clave-matriculacion-colegio-viaro-297x167.jpeg",297,167,true]},"uagb_author_info":{"display_name":"Comunicaci\u00f3 Viar\u00f3","author_link":"https:\/\/viaro.org\/ca\/author\/viarocom\/"},"uagb_comment_info":0,"uagb_excerpt":"MATRICULACI\u00d3 CURS 26-27 7 preguntes clau per reservar la pla\u00e7a escolar del teu fill 1. Quan comen\u00e7a el periode de matriculaci\u00f3? Per als cursos concertats (d&#8217;i3 a i5) el termini de preinscripci\u00f3 per al curs 26-27 comen\u00e7a el 4 de mar\u00e7 de 2026 i finalitza el 18 de mar\u00e7 de 2026. S&#8217;ha de fer en&hellip;","_links":{"self":[{"href":"https:\/\/viaro.org\/ca\/wp-json\/wp\/v2\/pages\/7601","targetHints":{"allow":["GET"]}}],"collection":[{"href":"https:\/\/viaro.org\/ca\/wp-json\/wp\/v2\/pages"}],"about":[{"href":"https:\/\/viaro.org\/ca\/wp-json\/wp\/v2\/types\/page"}],"author":[{"embeddable":true,"href":"https:\/\/viaro.org\/ca\/wp-json\/wp\/v2\/users\/11"}],"replies":[{"embeddable":true,"href":"https:\/\/viaro.org\/ca\/wp-json\/wp\/v2\/comments?post=7601"}],"version-history":[{"count":36,"href":"https:\/\/viaro.org\/ca\/wp-json\/wp\/v2\/pages\/7601\/revisions"}],"predecessor-version":[{"id":25868,"href":"https:\/\/viaro.org\/ca\/wp-json\/wp\/v2\/pages\/7601\/revisions\/25868"}],"up":[{"embeddable":true,"href":"https:\/\/viaro.org\/ca\/wp-json\/wp\/v2\/pages\/7645"}],"wp:featuredmedia":[{"embeddable":true,"href":"https:\/\/viaro.org\/ca\/wp-json\/wp\/v2\/media\/10464"}],"wp:attachment":[{"href":"https:\/\/viaro.org\/ca\/wp-json\/wp\/v2\/media?parent=7601"}],"curies":[{"name":"wp","href":"https:\/\/api.w.org\/{rel}","templated":true}]}}