{"id":7625,"date":"2025-02-03T17:55:05","date_gmt":"2025-02-03T17:55:05","guid":{"rendered":"http:\/\/viaro.org\/portes-obertes\/"},"modified":"2025-10-28T16:24:41","modified_gmt":"2025-10-28T16:24:41","slug":"portes-obertes","status":"publish","type":"page","link":"https:\/\/viaro.org\/ca\/admissions\/portes-obertes\/","title":{"rendered":"Portes Obertes"},"content":{"rendered":"\n<h2 class=\"wp-block-heading\"><strong>Vine a descobrir el col\u00b7legi Viar\u00f3!<\/strong><\/h2>\n\n\n\n<p>Apunta&#8217;t a les pr\u00f2ximes Jornades de portes obertes de 0 a 18 anys<\/p>\n\n\n\n<p>Si no pots assistir en les dates que proposem m\u00e9s abaix o desitges visitar les instal\u00b7lacions de manera individual, tens l&#8217;opci\u00f3 de demanar una entrevista personalitzada i con\u00e8ixer el projecte educatiu, les instal\u00b7lacions i tots els serveis. <strong><a href=\"https:\/\/viaro.org\/ca\/admissions\/\">Seguint aquest enlla\u00e7<\/a><\/strong><\/p>\n\n\n\n<p><strong> <strong>Inscripci\u00f3 a les Jornades de Portes Obertes<\/strong><\/strong><\/p>\n\n\n\n<div class=\"wp-block-columns is-layout-flex wp-container-core-columns-is-layout-9d6595d7 wp-block-columns-is-layout-flex\">\n<div class=\"wp-block-column is-layout-flow wp-block-column-is-layout-flow\">\n<script type=\"text\/javascript\" src=\"\/\/m.viaro.org\/form\/generate.js?id=36\"><\/script>\n<\/div>\n\n\n\n<div class=\"wp-block-column is-layout-flow wp-block-column-is-layout-flow\" style=\"flex-basis:5%\"><\/div>\n\n\n\n<div class=\"wp-block-column is-layout-flow wp-block-column-is-layout-flow\" style=\"flex-basis:30%\">\n<figure class=\"wp-block-image size-full\"><img decoding=\"async\" width=\"800\" height=\"533\" src=\"https:\/\/viaro.org\/wp-content\/uploads\/2025\/10\/viaro-infantil-bosque-naturaleza.jpg\" alt=\"\" class=\"wp-image-25495\" srcset=\"https:\/\/viaro.org\/wp-content\/uploads\/2025\/10\/viaro-infantil-bosque-naturaleza.jpg 800w, https:\/\/viaro.org\/wp-content\/uploads\/2025\/10\/viaro-infantil-bosque-naturaleza-300x200.jpg 300w, https:\/\/viaro.org\/wp-content\/uploads\/2025\/10\/viaro-infantil-bosque-naturaleza-768x512.jpg 768w\" sizes=\"(max-width: 800px) 100vw, 800px\" \/><\/figure>\n\n\n\n<figure class=\"wp-block-image size-large\"><img decoding=\"async\" width=\"1024\" height=\"681\" src=\"https:\/\/viaro.org\/wp-content\/uploads\/2022\/10\/Captura-de-Pantalla-2022-10-14-a-las-11.19.13-1024x681.jpg\" alt=\"\" class=\"wp-image-14569\" srcset=\"https:\/\/viaro.org\/wp-content\/uploads\/2022\/10\/Captura-de-Pantalla-2022-10-14-a-las-11.19.13-1024x681.jpg 1024w, https:\/\/viaro.org\/wp-content\/uploads\/2022\/10\/Captura-de-Pantalla-2022-10-14-a-las-11.19.13-300x199.jpg 300w, https:\/\/viaro.org\/wp-content\/uploads\/2022\/10\/Captura-de-Pantalla-2022-10-14-a-las-11.19.13-768x511.jpg 768w, https:\/\/viaro.org\/wp-content\/uploads\/2022\/10\/Captura-de-Pantalla-2022-10-14-a-las-11.19.13.jpg 1071w\" sizes=\"(max-width: 1024px) 100vw, 1024px\" \/><\/figure>\n\n\n\n<figure class=\"wp-block-image size-full\"><img decoding=\"async\" width=\"996\" height=\"665\" src=\"https:\/\/viaro.org\/wp-content\/uploads\/2022\/10\/Captura-de-Pantalla-2022-10-14-a-las-11.16.50.jpg\" alt=\"\" class=\"wp-image-14572\" srcset=\"https:\/\/viaro.org\/wp-content\/uploads\/2022\/10\/Captura-de-Pantalla-2022-10-14-a-las-11.16.50.jpg 996w, https:\/\/viaro.org\/wp-content\/uploads\/2022\/10\/Captura-de-Pantalla-2022-10-14-a-las-11.16.50-300x200.jpg 300w, https:\/\/viaro.org\/wp-content\/uploads\/2022\/10\/Captura-de-Pantalla-2022-10-14-a-las-11.16.50-768x513.jpg 768w\" sizes=\"(max-width: 996px) 100vw, 996px\" \/><\/figure>\n\n\n\n<figure class=\"wp-block-image size-full\"><img decoding=\"async\" width=\"600\" height=\"400\" src=\"https:\/\/viaro.org\/wp-content\/uploads\/2025\/10\/bachillerato-viaro.jpg\" alt=\"\" class=\"wp-image-25498\" srcset=\"https:\/\/viaro.org\/wp-content\/uploads\/2025\/10\/bachillerato-viaro.jpg 600w, https:\/\/viaro.org\/wp-content\/uploads\/2025\/10\/bachillerato-viaro-300x200.jpg 300w\" sizes=\"(max-width: 600px) 100vw, 600px\" \/><\/figure>\n\n\n\n<figure class=\"wp-block-image size-full\"><img decoding=\"async\" width=\"800\" height=\"528\" src=\"https:\/\/viaro.org\/wp-content\/uploads\/2025\/10\/viaro-diplomas-CAMBRIDGE.jpg\" alt=\"\" class=\"wp-image-25501\" srcset=\"https:\/\/viaro.org\/wp-content\/uploads\/2025\/10\/viaro-diplomas-CAMBRIDGE.jpg 800w, https:\/\/viaro.org\/wp-content\/uploads\/2025\/10\/viaro-diplomas-CAMBRIDGE-300x198.jpg 300w, https:\/\/viaro.org\/wp-content\/uploads\/2025\/10\/viaro-diplomas-CAMBRIDGE-768x507.jpg 768w\" sizes=\"(max-width: 800px) 100vw, 800px\" \/><\/figure>\n<\/div>\n<\/div>\n\n\n\n<hr class=\"wp-block-separator has-css-opacity\"\/>\n\n\n\n<div class=\"wp-block-columns is-layout-flex wp-container-core-columns-is-layout-9d6595d7 wp-block-columns-is-layout-flex\">\n<div class=\"wp-block-column is-layout-flow wp-block-column-is-layout-flow\">\n<h4 class=\"wp-block-heading has-text-align-center has-white-background-color has-text-color has-background\" style=\"color:#181937\"><a href=\"https:\/\/viaro.org\/ca\/admissions\/10-raons-per-matricular-els-teus-fills-a-viaro\/\">Per qu\u00e8 Viar\u00f3<\/a><\/h4>\n<\/div>\n\n\n\n<div class=\"wp-block-column is-layout-flow wp-block-column-is-layout-flow\">\n<h4 class=\"wp-block-heading has-text-align-center has-white-background-color has-text-color has-background\" style=\"color:#181937\"><a href=\"https:\/\/viaro.org\/ca\/admissions\/10-raons-per-matricular-els-teus-fills-a-viaro\/\">Demana una cita<\/a><\/h4>\n<\/div>\n\n\n\n<div class=\"wp-block-column is-layout-flow wp-block-column-is-layout-flow\">\n<h4 class=\"wp-block-heading has-text-align-center has-white-background-color has-text-color has-background\" style=\"color:#181937\"><a href=\"https:\/\/viaro.org\/ca\/informacio-general\/matriculacio\/\">Matriculaci\u00f3<\/a><\/h4>\n<\/div>\n<\/div>\n\n\n\n<p><\/p>\n","protected":false},"excerpt":{"rendered":"<p>Vine a descobrir el col\u00b7legi Viar\u00f3! Apunta&#8217;t a les pr\u00f2ximes Jornades de portes obertes de 0 a 18 anys Si no pots assistir en les dates que proposem m\u00e9s abaix o desitges visitar les instal\u00b7lacions de manera individual, tens l&#8217;opci\u00f3 de demanar una entrevista personalitzada i con\u00e8ixer el projecte educatiu, les instal\u00b7lacions i tots els [&hellip;]<\/p>\n","protected":false},"author":11,"featured_media":1397,"parent":7645,"menu_order":1,"comment_status":"closed","ping_status":"closed","template":"template-ibsc.php","meta":{"_uag_custom_page_level_css":"","_joinchat":[],"footnotes":""},"class_list":["post-7625","page","type-page","status-publish","has-post-thumbnail","hentry"],"uagb_featured_image_src":{"full":["https:\/\/viaro.org\/wp-content\/uploads\/2019\/02\/home-fondo.jpg",2000,1333,false],"thumbnail":["https:\/\/viaro.org\/wp-content\/uploads\/2019\/02\/home-fondo-150x150.jpg",150,150,true],"medium":["https:\/\/viaro.org\/wp-content\/uploads\/2019\/02\/home-fondo-300x200.jpg",300,200,true],"medium_large":["https:\/\/viaro.org\/wp-content\/uploads\/2019\/02\/home-fondo-768x512.jpg",640,427,true],"large":["https:\/\/viaro.org\/wp-content\/uploads\/2019\/02\/home-fondo-1024x682.jpg",640,426,true],"1536x1536":["https:\/\/viaro.org\/wp-content\/uploads\/2019\/02\/home-fondo.jpg",1536,1024,false],"2048x2048":["https:\/\/viaro.org\/wp-content\/uploads\/2019\/02\/home-fondo.jpg",2000,1333,false],"related-content":["https:\/\/viaro.org\/wp-content\/uploads\/2019\/02\/home-fondo-297x167.jpg",297,167,true]},"uagb_author_info":{"display_name":"Comunicaci\u00f3 Viar\u00f3","author_link":"https:\/\/viaro.org\/ca\/author\/viarocom\/"},"uagb_comment_info":0,"uagb_excerpt":"Vine a descobrir el col\u00b7legi Viar\u00f3! Apunta&#8217;t a les pr\u00f2ximes Jornades de portes obertes de 0 a 18 anys Si no pots assistir en les dates que proposem m\u00e9s abaix o desitges visitar les instal\u00b7lacions de manera individual, tens l&#8217;opci\u00f3 de demanar una entrevista personalitzada i con\u00e8ixer el projecte educatiu, les instal\u00b7lacions i tots els&hellip;","_links":{"self":[{"href":"https:\/\/viaro.org\/ca\/wp-json\/wp\/v2\/pages\/7625","targetHints":{"allow":["GET"]}}],"collection":[{"href":"https:\/\/viaro.org\/ca\/wp-json\/wp\/v2\/pages"}],"about":[{"href":"https:\/\/viaro.org\/ca\/wp-json\/wp\/v2\/types\/page"}],"author":[{"embeddable":true,"href":"https:\/\/viaro.org\/ca\/wp-json\/wp\/v2\/users\/11"}],"replies":[{"embeddable":true,"href":"https:\/\/viaro.org\/ca\/wp-json\/wp\/v2\/comments?post=7625"}],"version-history":[{"count":38,"href":"https:\/\/viaro.org\/ca\/wp-json\/wp\/v2\/pages\/7625\/revisions"}],"predecessor-version":[{"id":25507,"href":"https:\/\/viaro.org\/ca\/wp-json\/wp\/v2\/pages\/7625\/revisions\/25507"}],"up":[{"embeddable":true,"href":"https:\/\/viaro.org\/ca\/wp-json\/wp\/v2\/pages\/7645"}],"wp:featuredmedia":[{"embeddable":true,"href":"https:\/\/viaro.org\/ca\/wp-json\/wp\/v2\/media\/1397"}],"wp:attachment":[{"href":"https:\/\/viaro.org\/ca\/wp-json\/wp\/v2\/media?parent=7625"}],"curies":[{"name":"wp","href":"https:\/\/api.w.org\/{rel}","templated":true}]}}