{"id":7645,"date":"2025-01-28T09:54:33","date_gmt":"2025-01-28T09:54:33","guid":{"rendered":"http:\/\/viaro.org\/admissions\/"},"modified":"2025-04-25T14:13:28","modified_gmt":"2025-04-25T14:13:28","slug":"admissions","status":"publish","type":"page","link":"https:\/\/viaro.org\/ca\/admissions\/","title":{"rendered":"Admissions"},"content":{"rendered":"<div class=\"wp-block-image\">\n<figure class=\"aligncenter size-full uag-hide-desktop uag-hide-tab uag-hide-mob\"><a href=\"https:\/\/es.wikipedia.org\/w\/index.php?search=colegio%20viaro&amp;title=Especial%3ABuscar&amp;fulltext=1&amp;ns0=1&amp;ns100=1&amp;ns104=1\" target=\"_blank\" rel=\"https:\/\/es.wikipedia.org\/w\/index.php?search=colegio%20viaro&amp;title=Especial%3ABuscar&amp;fulltext=1&amp;ns0=1&amp;ns100=1&amp;ns104=1 noopener\"><img decoding=\"async\" width=\"149\" height=\"149\" src=\"https:\/\/viaro.org\/wp-content\/uploads\/2021\/12\/Admisiones.png\" alt=\"Admissions\" class=\"wp-image-10130\"\/><\/a><\/figure><\/div>\n<div class=\"wp-block-columns uag-hide-mob is-layout-flex wp-container-core-columns-is-layout-9d6595d7 wp-block-columns-is-layout-flex\">\n<div class=\"wp-block-column is-layout-flow wp-block-column-is-layout-flow\">\n<h4 class=\"wp-block-heading has-text-align-center has-white-background-color has-text-color has-background\" style=\"color:#181937\"><a href=\"https:\/\/viaro.org\/ca\/admissions\/10-raons-per-matricular-els-teus-fills-a-viaro\/\">Per qu\u00e8 Viar\u00f3<\/a><\/h4>\n<\/div>\n\n\n\n<div class=\"wp-block-column is-layout-flow wp-block-column-is-layout-flow\">\n<h4 class=\"wp-block-heading has-text-align-center has-white-background-color has-text-color has-background\" style=\"color:#181937\"><a href=\"https:\/\/viaro.org\/ca\/admissions\/portes-obertes\/\">Portes Obertes<\/a><\/h4>\n<\/div>\n\n\n\n<div class=\"wp-block-column is-layout-flow wp-block-column-is-layout-flow\">\n<h4 class=\"wp-block-heading has-text-align-center has-white-background-color has-text-color has-background\" style=\"color:#181937\"><a href=\"https:\/\/viaro.org\/ca\/informacio-general\/preinscripcions-2021-22\/\">Preinscripcions<\/a><\/h4>\n<\/div>\n\n\n\n<div class=\"wp-block-column is-layout-flow wp-block-column-is-layout-flow\">\n<h4 class=\"wp-block-heading has-text-align-center has-white-background-color has-text-color has-background\" style=\"color:#181937\"><a href=\"https:\/\/viaro.org\/ca\/informacio-general\/matriculacio\/\">Matriculaci\u00f3<\/a><\/h4>\n<\/div>\n<\/div>\n\n<hr class=\"wp-block-separator has-css-opacity uag-hide-mob\"\/>\n\n<h2 class=\"wp-block-heading\">Demana una cita<\/h2>\n\n<h3 class=\"wp-block-heading\">Admissions del Col\u00b7legi Viar\u00f3 <strong>s&#8217;adapta a tu!<\/strong><\/h3>\n\n<p>T&#8217;agradaria con\u00e8ixer Viar\u00f3 Global School de manera personalitzada?<\/p>\n\n<p><strong>Emplena aquest formulari i et contactem:<\/strong><\/p>\n\n<script type=\"text\/javascript\" src=\"\/\/m.viaro.org\/form\/generate.js?id=31\"><\/script>\r\n\n<div style=\"height:50px\" aria-hidden=\"true\" class=\"wp-block-spacer\"><\/div>\n","protected":false},"excerpt":{"rendered":"<p>Per qu\u00e8 Viar\u00f3 Portes Obertes Preinscripcions Matriculaci\u00f3 Demana una cita Admissions del Col\u00b7legi Viar\u00f3 s&#8217;adapta a tu! T&#8217;agradaria con\u00e8ixer Viar\u00f3 Global School de manera personalitzada? Emplena aquest formulari i et contactem:<\/p>\n","protected":false},"author":11,"featured_media":1008,"parent":0,"menu_order":0,"comment_status":"closed","ping_status":"closed","template":"template-ibsc.php","meta":{"_uag_custom_page_level_css":"","_joinchat":[],"footnotes":""},"class_list":["post-7645","page","type-page","status-publish","has-post-thumbnail","hentry"],"uagb_featured_image_src":{"full":["https:\/\/viaro.org\/wp-content\/uploads\/2018\/11\/header-mision-vision.jpg",2880,752,false],"thumbnail":["https:\/\/viaro.org\/wp-content\/uploads\/2018\/11\/header-mision-vision-150x150.jpg",150,150,true],"medium":["https:\/\/viaro.org\/wp-content\/uploads\/2018\/11\/header-mision-vision-300x78.jpg",300,78,true],"medium_large":["https:\/\/viaro.org\/wp-content\/uploads\/2018\/11\/header-mision-vision-768x201.jpg",640,168,true],"large":["https:\/\/viaro.org\/wp-content\/uploads\/2018\/11\/header-mision-vision-1024x267.jpg",640,167,true],"1536x1536":["https:\/\/viaro.org\/wp-content\/uploads\/2018\/11\/header-mision-vision.jpg",1536,401,false],"2048x2048":["https:\/\/viaro.org\/wp-content\/uploads\/2018\/11\/header-mision-vision.jpg",2048,535,false],"related-content":["https:\/\/viaro.org\/wp-content\/uploads\/2018\/11\/header-mision-vision-297x167.jpg",297,167,true]},"uagb_author_info":{"display_name":"Comunicaci\u00f3 Viar\u00f3","author_link":"https:\/\/viaro.org\/ca\/author\/viarocom\/"},"uagb_comment_info":0,"uagb_excerpt":"Per qu\u00e8 Viar\u00f3 Portes Obertes Preinscripcions Matriculaci\u00f3 Demana una cita Admissions del Col\u00b7legi Viar\u00f3 s&#8217;adapta a tu! T&#8217;agradaria con\u00e8ixer Viar\u00f3 Global School de manera personalitzada? Emplena aquest formulari i et contactem:","_links":{"self":[{"href":"https:\/\/viaro.org\/ca\/wp-json\/wp\/v2\/pages\/7645","targetHints":{"allow":["GET"]}}],"collection":[{"href":"https:\/\/viaro.org\/ca\/wp-json\/wp\/v2\/pages"}],"about":[{"href":"https:\/\/viaro.org\/ca\/wp-json\/wp\/v2\/types\/page"}],"author":[{"embeddable":true,"href":"https:\/\/viaro.org\/ca\/wp-json\/wp\/v2\/users\/11"}],"replies":[{"embeddable":true,"href":"https:\/\/viaro.org\/ca\/wp-json\/wp\/v2\/comments?post=7645"}],"version-history":[{"count":15,"href":"https:\/\/viaro.org\/ca\/wp-json\/wp\/v2\/pages\/7645\/revisions"}],"predecessor-version":[{"id":24292,"href":"https:\/\/viaro.org\/ca\/wp-json\/wp\/v2\/pages\/7645\/revisions\/24292"}],"wp:featuredmedia":[{"embeddable":true,"href":"https:\/\/viaro.org\/ca\/wp-json\/wp\/v2\/media\/1008"}],"wp:attachment":[{"href":"https:\/\/viaro.org\/ca\/wp-json\/wp\/v2\/media?parent=7645"}],"curies":[{"name":"wp","href":"https:\/\/api.w.org\/{rel}","templated":true}]}}