{"id":7647,"date":"2025-01-25T09:52:14","date_gmt":"2025-01-25T09:52:14","guid":{"rendered":"http:\/\/viaro.org\/admissions\/10-raons-per-matricular-els-teus-fills-a-viaro\/"},"modified":"2024-04-18T08:57:13","modified_gmt":"2024-04-18T08:57:13","slug":"10-raons-per-matricular-els-teus-fills-a-viaro","status":"publish","type":"page","link":"https:\/\/viaro.org\/ca\/admissions\/10-raons-per-matricular-els-teus-fills-a-viaro\/","title":{"rendered":"10 raons per matricular els teus fills a Viar\u00f3"},"content":{"rendered":"\n<div class=\"wp-block-columns is-layout-flex wp-container-core-columns-is-layout-9d6595d7 wp-block-columns-is-layout-flex\">\n<div class=\"wp-block-column is-layout-flow wp-block-column-is-layout-flow\">\n<h4 class=\"wp-block-heading has-text-align-center has-white-background-color has-text-color has-background\" style=\"color:#181937\"><a href=\"https:\/\/viaro.org\/ca\/admissions\/\">Demana una cita<\/a><\/h4>\n<\/div>\n\n\n\n<div class=\"wp-block-column is-layout-flow wp-block-column-is-layout-flow\">\n<h4 class=\"wp-block-heading has-text-align-center has-white-background-color has-text-color has-background\" style=\"color:#181937\"><a href=\"https:\/\/viaro.org\/ca\/admissions\/portes-obertes\/\">Portes Obertes<\/a><\/h4>\n<\/div>\n\n\n\n<div class=\"wp-block-column is-layout-flow wp-block-column-is-layout-flow\">\n<h4 class=\"wp-block-heading has-text-align-center has-white-background-color has-text-color has-background\" style=\"color:#181937\"><a href=\"https:\/\/viaro.org\/ca\/informacio-general\/preinscripcions-2021-22\/\">Preinscripcions<\/a><\/h4>\n<\/div>\n\n\n\n<div class=\"wp-block-column is-layout-flow wp-block-column-is-layout-flow\">\n<h4 class=\"wp-block-heading has-text-align-center has-white-background-color has-text-color has-background\" style=\"color:#181937\"><a href=\"https:\/\/viaro.org\/ca\/informacio-general\/matriculacio\/\">Matriculaci\u00f3<\/a><\/h4>\n<\/div>\n<\/div>\n\n<hr class=\"wp-block-separator has-css-opacity\"\/>\n\n<h3 class=\"wp-block-heading\">Sol\u00b7licita informaci\u00f3 <a href=\"https:\/\/viaro.org\/ca\/admissions\/\" target=\"_blank\" rel=\"noreferrer noopener\">fent click aqu\u00ed<\/a><\/h3>\n\n<h2 class=\"wp-block-heading\">Et presentem 10 raons per a matricular a Viar\u00f3 als teus fills.<\/h2>\n\n<div class=\"wp-block-columns is-layout-flex wp-container-core-columns-is-layout-9d6595d7 wp-block-columns-is-layout-flex\">\n<div class=\"wp-block-column is-layout-flow wp-block-column-is-layout-flow\" style=\"flex-basis:33.33%\">\n<h3 class=\"wp-block-heading\">1. \u00a0 \u00a0 Perqu\u00e8 la nostra missi\u00f3 \u00e9s ajudar les fam\u00edlies. <\/h3>\n\n\n\n<p>Cada fill \u00e9s \u00fanic i creiem en una educaci\u00f3 que potencii el millor de cadascun dels alumnes.&#13;\n<\/p>\n<\/div>\n\n\n\n<div class=\"wp-block-column is-layout-flow wp-block-column-is-layout-flow\" style=\"flex-basis:66.66%\">\n<figure class=\"wp-block-embed is-type-video is-provider-youtube wp-block-embed-youtube wp-embed-aspect-16-9 wp-has-aspect-ratio\">\r\n<div class=\"wp-block-embed__wrapper\">https:\/\/youtu.be\/NWs1F7DBPkw<\/div><\/figure>\n<\/div>\n<\/div>\n\n<div class=\"wp-block-columns is-layout-flex wp-container-core-columns-is-layout-9d6595d7 wp-block-columns-is-layout-flex\">\n<div class=\"wp-block-column is-layout-flow wp-block-column-is-layout-flow\" style=\"flex-basis:66.66%\">\n<figure class=\"wp-block-embed is-type-video is-provider-youtube wp-block-embed-youtube wp-embed-aspect-16-9 wp-has-aspect-ratio\">\r\n<div class=\"wp-block-embed__wrapper\">https:\/\/www.youtube.com\/watch?v=ixwoEEwknGI<\/div><\/figure>\n<\/div>\n\n\n\n<div class=\"wp-block-column is-layout-flow wp-block-column-is-layout-flow\" style=\"flex-basis:33.33%\">\n<h3 class=\"wp-block-heading\">2.     Perqu\u00e8 eduquem globalment<\/h3>\n\n\n\n<p>Amb una atenci\u00f3 personalitzada, fomentant totes les capacitats i compet\u00e8ncies i impulsant l&#8217;experi\u00e8ncia internacional.<\/p>\n<\/div>\n<\/div>\n\n<div class=\"wp-block-columns is-layout-flex wp-container-core-columns-is-layout-9d6595d7 wp-block-columns-is-layout-flex\">\n<div class=\"wp-block-column is-layout-flow wp-block-column-is-layout-flow\" style=\"flex-basis:33.33%\">\n<h3 class=\"wp-block-heading\">3.     Perqu\u00e8 Viar\u00f3 \u00e9s un espai de conviv\u00e8ncia<\/h3>\n\n\n\n<p>On valorem la igualtat, el respecte i el servei als altres, inspirats per la nostra identitat cristiana.<\/p>\n<\/div>\n\n\n\n<div class=\"wp-block-column is-layout-flow wp-block-column-is-layout-flow\" style=\"flex-basis:66.66%\">\n<figure class=\"wp-block-embed is-type-video is-provider-youtube wp-block-embed-youtube wp-embed-aspect-16-9 wp-has-aspect-ratio\">\r\n<div class=\"wp-block-embed__wrapper\">https:\/\/www.youtube.com\/watch?v=tVNKpBnJ_6s<\/div><\/figure>\n<\/div>\n<\/div>\n\n<div class=\"wp-block-columns is-layout-flex wp-container-core-columns-is-layout-9d6595d7 wp-block-columns-is-layout-flex\">\n<div class=\"wp-block-column is-layout-flow wp-block-column-is-layout-flow\" style=\"flex-basis:66.66%\">\n<figure class=\"wp-block-embed is-type-video is-provider-youtube wp-block-embed-youtube wp-embed-aspect-16-9 wp-has-aspect-ratio\">\r\n<div class=\"wp-block-embed__wrapper\">https:\/\/youtu.be\/NOK89A5xTfk<\/div><\/figure>\n<\/div>\n\n\n\n<div class=\"wp-block-column is-layout-flow wp-block-column-is-layout-flow\" style=\"flex-basis:33.33%\">\n<h3 class=\"wp-block-heading\">4.     Pels nostres espais i instal\u00b7lacions <\/h3>\n\n\n\n<p>Dissenyats per potenciar l&#8217;educaci\u00f3 i l&#8217;aprenentatge, en un entorn natural a 15 minuts de Barcelona.<\/p>\n<\/div>\n<\/div>\n\n<div class=\"wp-block-columns is-layout-flex wp-container-core-columns-is-layout-9d6595d7 wp-block-columns-is-layout-flex\">\n<div class=\"wp-block-column is-layout-flow wp-block-column-is-layout-flow\" style=\"flex-basis:33.33%\">\n<h3 class=\"wp-block-heading\">5. \u00a0 \u00a0 Perqu\u00e8 us acompanyem durant tota l&#8217;etapa escolar del vostre fill<\/h3>\n\n\n\n<p>des de els 4 mesos fins als 18 anys.<\/p>\n<\/div>\n\n\n\n<div class=\"wp-block-column is-layout-flow wp-block-column-is-layout-flow\" style=\"flex-basis:66.66%\">\n<figure class=\"wp-block-embed is-type-video is-provider-youtube wp-block-embed-youtube wp-embed-aspect-16-9 wp-has-aspect-ratio\">\r\n<div class=\"wp-block-embed__wrapper\">https:\/\/www.youtube.com\/watch?v=EBGJ83qeUbo<\/div><\/figure>\n<\/div>\n<\/div>\n\n<div class=\"wp-block-columns is-layout-flex wp-container-core-columns-is-layout-9d6595d7 wp-block-columns-is-layout-flex\">\n<div class=\"wp-block-column is-layout-flow wp-block-column-is-layout-flow\" style=\"flex-basis:66.66%\">\n<figure class=\"wp-block-embed is-type-video is-provider-youtube wp-block-embed-youtube wp-embed-aspect-16-9 wp-has-aspect-ratio\">\r\n<div class=\"wp-block-embed__wrapper\">https:\/\/www.youtube.com\/watch?v=SX-GRjncrbk<\/div><\/figure>\n<\/div>\n\n\n\n<div class=\"wp-block-column is-layout-flow wp-block-column-is-layout-flow\" style=\"flex-basis:33.33%\">\n<h3 class=\"wp-block-heading\">6.     Perqu\u00e8 fomentem la innovaci\u00f3 i l&#8217;excel\u00b7l\u00e8ncia educativa<\/h3>\n\n\n\n<p>Introduint cada curs noves iniciatives en tots els \u00e0mbits (STEAM, esport, programa d&#8217;Arts, humanitats\u2026etc).<\/p>\n<\/div>\n<\/div>\n\n<div class=\"wp-block-columns is-layout-flex wp-container-core-columns-is-layout-9d6595d7 wp-block-columns-is-layout-flex\">\n<div class=\"wp-block-column is-layout-flow wp-block-column-is-layout-flow\" style=\"flex-basis:33.33%\">\n<h3 class=\"wp-block-heading\">7.     Perqu\u00e8 volem ajudar sempre sense l\u00edmits:<\/h3>\n\n\n\n<p>Aquesta \u00e9s la nostra manera de treballar i relacionar-nos, amb excel\u00b7l\u00e8ncia professional, disponibilitat i iniciativa.<\/p>\n<\/div>\n\n\n\n<div class=\"wp-block-column is-layout-flow wp-block-column-is-layout-flow\" style=\"flex-basis:66.66%\">\n<figure class=\"wp-block-embed is-type-video is-provider-youtube wp-block-embed-youtube wp-embed-aspect-16-9 wp-has-aspect-ratio\">\r\n<div class=\"wp-block-embed__wrapper\">https:\/\/www.youtube.com\/watch?v=bPbwLBSmRBw<\/div><\/figure>\n<\/div>\n<\/div>\n\n<div class=\"wp-block-columns is-layout-flex wp-container-core-columns-is-layout-9d6595d7 wp-block-columns-is-layout-flex\">\n<div class=\"wp-block-column is-layout-flow wp-block-column-is-layout-flow\" style=\"flex-basis:66.66%\">\n<figure class=\"wp-block-embed is-type-video is-provider-youtube wp-block-embed-youtube wp-embed-aspect-16-9 wp-has-aspect-ratio\">\r\n<div class=\"wp-block-embed__wrapper\">https:\/\/www.youtube.com\/watch?v=gqYAGMnSpVU<\/div><\/figure>\n<\/div>\n\n\n\n<div class=\"wp-block-column is-layout-flow wp-block-column-is-layout-flow\" style=\"flex-basis:33.33%\">\n<h3 class=\"wp-block-heading\">8. \u00a0 \u00a0 Perqu\u00e8 creiem que veritable lideratge es basa en el servei<\/h3>\n\n\n\n<p>En un clima de llibertat procurem fomentar la iniciativa i la responsabilitat personal<\/p>\n<\/div>\n<\/div>\n\n<div class=\"wp-block-columns is-layout-flex wp-container-core-columns-is-layout-9d6595d7 wp-block-columns-is-layout-flex\">\n<div class=\"wp-block-column is-layout-flow wp-block-column-is-layout-flow\" style=\"flex-basis:33.33%\">\n<h3 class=\"wp-block-heading\">9. \u00a0 \u00a0 Perqu\u00e8, com vosaltres, volem que el vostre fill sigui feli\u00e7<\/h3>\n\n\n\n<p>Que s\u00e0piga afrontar reptes, superar les dificultats i compartir les alegries.<\/p>\n<\/div>\n\n\n\n<div class=\"wp-block-column is-layout-flow wp-block-column-is-layout-flow\" style=\"flex-basis:66.66%\">\n<figure class=\"wp-block-embed is-type-video is-provider-youtube wp-block-embed-youtube wp-embed-aspect-16-9 wp-has-aspect-ratio\">\r\n<div class=\"wp-block-embed__wrapper\">https:\/\/www.youtube.com\/watch?v=qic3w16U3zg<\/div><\/figure>\n<\/div>\n<\/div>\n\n<div class=\"wp-block-columns is-layout-flex wp-container-core-columns-is-layout-9d6595d7 wp-block-columns-is-layout-flex\">\n<div class=\"wp-block-column is-layout-flow wp-block-column-is-layout-flow\" style=\"flex-basis:66.66%\">\n<figure class=\"wp-block-embed is-type-video is-provider-youtube wp-block-embed-youtube wp-embed-aspect-16-9 wp-has-aspect-ratio\">\r\n<div class=\"wp-block-embed__wrapper\">https:\/\/www.youtube.com\/watch?v=QYeGrBP1p2Q<\/div><\/figure>\n<\/div>\n\n\n\n<div class=\"wp-block-column is-layout-flow wp-block-column-is-layout-flow\" style=\"flex-basis:33.33%\">\n<h3 class=\"wp-block-heading\">10. Perqu\u00e8 hem vist el resultat<\/h3>\n\n\n\n<p>Des de fa m\u00e9s de 50 anys, els alumnes que passen per Viar\u00f3 es converteixen en adults compromesos, responsables i solidaris.<\/p>\n<\/div>\n<\/div>\n\n<div class=\"wp-block-columns is-layout-flex wp-container-core-columns-is-layout-9d6595d7 wp-block-columns-is-layout-flex\">\n<div class=\"wp-block-column is-layout-flow wp-block-column-is-layout-flow\" style=\"flex-basis:33.33%\">\n<h3 class=\"wp-block-heading\">Visita el blog de Viar\u00f3 Infantil<\/h3>\n\n\n\n<p>Recursos educatius, propostes d&#8217;activitats i plans familiars i molt m\u00e9s.<\/p>\n<\/div>\n\n\n\n<div class=\"wp-block-column is-layout-flow wp-block-column-is-layout-flow\" style=\"flex-basis:66.66%\"><div class=\"wp-block-image\">\n<figure class=\"aligncenter size-large\"><a href=\"viaro.org\/unafinestraoberta\"><img decoding=\"async\" width=\"498\" height=\"280\" src=\"https:\/\/viaro.org\/wp-content\/uploads\/2024\/04\/Banner-edited.png\" alt=\"10 raons per matricular\" class=\"wp-image-21619\" srcset=\"https:\/\/viaro.org\/wp-content\/uploads\/2024\/04\/Banner-edited.png 498w, https:\/\/viaro.org\/wp-content\/uploads\/2024\/04\/Banner-edited-300x169.png 300w, https:\/\/viaro.org\/wp-content\/uploads\/2024\/04\/Banner-edited-297x167.png 297w\" sizes=\"(max-width: 498px) 100vw, 498px\" \/><\/a><\/figure><\/div><\/div>\n<\/div>\n\n<h3 class=\"wp-block-heading\">10 Raons per matricular els teus fills a Viar\u00f3 Global School<\/h3>\n\n<p><strong>Sol\u00b7licita m\u00e9s informaci\u00f3 <a href=\"https:\/\/viaro.org\/ca\/admissions\/\" target=\"_blank\" rel=\"noreferrer noopener\">fent click aqu\u00ed<\/a><\/strong><\/p>\n","protected":false},"excerpt":{"rendered":"<p>Demana una cita Portes Obertes Preinscripcions Matriculaci\u00f3 Sol\u00b7licita informaci\u00f3 fent click aqu\u00ed Et presentem 10 raons per a matricular a Viar\u00f3 als teus fills. 1. \u00a0 \u00a0 Perqu\u00e8 la nostra missi\u00f3 \u00e9s ajudar les fam\u00edlies. Cada fill \u00e9s \u00fanic i creiem en una educaci\u00f3 que potencii el millor de cadascun dels alumnes.&#13; 2. Perqu\u00e8 eduquem [&hellip;]<\/p>\n","protected":false},"author":11,"featured_media":935,"parent":7645,"menu_order":0,"comment_status":"closed","ping_status":"closed","template":"template-ibsc.php","meta":{"_uag_custom_page_level_css":"","_joinchat":[],"footnotes":""},"class_list":["post-7647","page","type-page","status-publish","has-post-thumbnail","hentry"],"uagb_featured_image_src":{"full":["https:\/\/viaro.org\/wp-content\/uploads\/2018\/11\/header-infantil.jpg",2880,752,false],"thumbnail":["https:\/\/viaro.org\/wp-content\/uploads\/2018\/11\/header-infantil-150x150.jpg",150,150,true],"medium":["https:\/\/viaro.org\/wp-content\/uploads\/2018\/11\/header-infantil-300x78.jpg",300,78,true],"medium_large":["https:\/\/viaro.org\/wp-content\/uploads\/2018\/11\/header-infantil-768x201.jpg",640,168,true],"large":["https:\/\/viaro.org\/wp-content\/uploads\/2018\/11\/header-infantil-1024x267.jpg",640,167,true],"1536x1536":["https:\/\/viaro.org\/wp-content\/uploads\/2018\/11\/header-infantil.jpg",1536,401,false],"2048x2048":["https:\/\/viaro.org\/wp-content\/uploads\/2018\/11\/header-infantil.jpg",2048,535,false],"related-content":["https:\/\/viaro.org\/wp-content\/uploads\/2018\/11\/header-infantil-297x167.jpg",297,167,true]},"uagb_author_info":{"display_name":"Comunicaci\u00f3 Viar\u00f3","author_link":"https:\/\/viaro.org\/ca\/author\/viarocom\/"},"uagb_comment_info":0,"uagb_excerpt":"Demana una cita Portes Obertes Preinscripcions Matriculaci\u00f3 Sol\u00b7licita informaci\u00f3 fent click aqu\u00ed Et presentem 10 raons per a matricular a Viar\u00f3 als teus fills. 1. \u00a0 \u00a0 Perqu\u00e8 la nostra missi\u00f3 \u00e9s ajudar les fam\u00edlies. Cada fill \u00e9s \u00fanic i creiem en una educaci\u00f3 que potencii el millor de cadascun dels alumnes.&#13; 2. Perqu\u00e8 eduquem&hellip;","_links":{"self":[{"href":"https:\/\/viaro.org\/ca\/wp-json\/wp\/v2\/pages\/7647","targetHints":{"allow":["GET"]}}],"collection":[{"href":"https:\/\/viaro.org\/ca\/wp-json\/wp\/v2\/pages"}],"about":[{"href":"https:\/\/viaro.org\/ca\/wp-json\/wp\/v2\/types\/page"}],"author":[{"embeddable":true,"href":"https:\/\/viaro.org\/ca\/wp-json\/wp\/v2\/users\/11"}],"replies":[{"embeddable":true,"href":"https:\/\/viaro.org\/ca\/wp-json\/wp\/v2\/comments?post=7647"}],"version-history":[{"count":11,"href":"https:\/\/viaro.org\/ca\/wp-json\/wp\/v2\/pages\/7647\/revisions"}],"predecessor-version":[{"id":21627,"href":"https:\/\/viaro.org\/ca\/wp-json\/wp\/v2\/pages\/7647\/revisions\/21627"}],"up":[{"embeddable":true,"href":"https:\/\/viaro.org\/ca\/wp-json\/wp\/v2\/pages\/7645"}],"wp:featuredmedia":[{"embeddable":true,"href":"https:\/\/viaro.org\/ca\/wp-json\/wp\/v2\/media\/935"}],"wp:attachment":[{"href":"https:\/\/viaro.org\/ca\/wp-json\/wp\/v2\/media?parent=7647"}],"curies":[{"name":"wp","href":"https:\/\/api.w.org\/{rel}","templated":true}]}}