{"id":7799,"date":"2021-02-10T10:57:05","date_gmt":"2021-02-10T10:57:05","guid":{"rendered":"http:\/\/viaro.org\/encertar-en-leleccio-de-collegi\/"},"modified":"2023-07-30T11:17:26","modified_gmt":"2023-07-30T11:17:26","slug":"com-escollir-escola","status":"publish","type":"page","link":"https:\/\/viaro.org\/ca\/com-escollir-escola\/","title":{"rendered":"Encertar en l&#8217;elecci\u00f3 de col\u00b7legi"},"content":{"rendered":"\n<h2 class=\"wp-block-heading\">&#8220;Encertar en l&#8217;elecci\u00f3 i triar on passen els teus fills un ter\u00e7 de la seva vida no \u00e9s cap capritx&#8221;<\/h2>\n\n<p>Tothom est\u00e0 d\u2019acord que l\u2019educaci\u00f3 \u00e9s fonamental; i per descomptat tothom coincideix  en voler donar el millor als seus fills. Per a l\u2019hora d\u2019escollir col\u00b7legi\u2026<\/p>\n\n<p>Qu\u00e8 pesa m\u00e9s, els resultats acad\u00e8mics o la formaci\u00f3 humana? El multiling\u00fcisme, l\u2019activitat f\u00edsica, l\u2019entorn, els interessos culturals, els valors lligats a un ideari propi? L\u2019educaci\u00f3 diferenciada o la mixta? L\u2019escola privada, la p\u00fablica, la concertada?<a href=\"https:\/\/viaro.org\/argumentos-educacion-diferenciada\/\" target=\"_blank\" rel=\"noreferrer noopener\" data-type=\"URL\" data-id=\"https:\/\/viaro.org\/argumentos-educacion-diferenciada\/\">\ud83d\udcda<\/a><\/p>\n\n<h4 class=\"wp-block-heading\">\u00c9s possible trobar un col\u00b7legi que ho tingui tot? La resposta \u00e9s clara: no. <\/h4>\n\n<p>Aleshores, quins criteris han de prevaldre per damunt dels altres? Qu\u00e8 hem de posar els pares per damunt de tot? Un cop m\u00e9s la resposta hauria de ser ben senzilla: <strong>el col\u00b7legi per als meus fills ha de ser un reflex dels valors de la meva fam\u00edlia<\/strong>, una projecci\u00f3 dels meus interessos per a ells i la seva formaci\u00f3 integral.<\/p>\n\n<p>Si a m\u00e9s a m\u00e9s resulta que l\u2019escola que respon als meus valors la tinc a dos minuts de casa, molt millor; per\u00f2 quan aix\u00f2 no \u00e9s aix\u00ed\u2026 Qu\u00e8 estem disposats a sacrificar per un objectiu alt? O ens conformem amb qualsevol cosa sabent que amb un esfor\u00e7 -petit o de vegades molt gran- podem obtenir exactament all\u00f2 que voldr\u00edem?<\/p>\n\n<p>Per aix\u00f2 \u00e9s tan necessari que hi hagi models educatius diversos i que se\u2019n protegeixi i fomenti el desenvolupament; <strong>el dret dels pares a escollir on passen els seus fills un ter\u00e7 del temps de la seva vida infantil i juvenil no \u00e9s cap caprici.<\/strong><\/p>\n\n<p>I tamb\u00e9 per aix\u00f2 \u00e9s necessari invertir temps en anar a visitar els col\u00b7legis candidats, trepitjar-los, copsar la vida de la comunitat educativa i entrevistar-se amb els responsables d\u2019admissions o la direcci\u00f3 del centre.<\/p>\n\n<p>\u00d2bviament, al darrere d\u2019aquest eix central ens ajudaran a decantar la balan\u00e7a altres aspectes importants, com per exemple:<\/p>\n\n<ul class=\"wp-block-list\">\n<li>La eficacia acad\u00e9mica (los resultados de las pruebas externas son un indicador de ello)<\/li>\n\n\n\n<li>El <a href=\"https:\/\/viaro.org\/?page_id=73\">multiling\u00fcismo<\/a> activo<\/li>\n\n\n\n<li>El nivel de identificaci\u00f3n y compromiso del personal con el <a href=\"https:\/\/viaro.org\/colegio\/proyecto-educativo\/\">proyecto educativo<\/a> del centro<\/li>\n\n\n\n<li>Su relaci\u00f3n con el alumnado y las familias<\/li>\n\n\n\n<li>Las <a href=\"https:\/\/viaro.org\/colegio\/instalaciones\/\">instalaciones<\/a> (no solamente las aulas y espacios comunes)<\/li>\n\n\n\n<li>Las zonas de descanso y el <a href=\"https:\/\/unafinestraoberta.com\/2020\/11\/17\/el-entorno-natural-nos-ayuda-a-educar-a-nuestros-alumnos\/\" target=\"_blank\" rel=\"noopener\">entorno natural<\/a><\/li>\n\n\n\n<li>Una cocina propia<\/li>\n\n\n\n<li>Unas instalaciones deportivas adecuadas<\/li>\n\n\n\n<li>Una actividad social, intelectual y cultural amplia y din\u00e1mica.<\/li>\n<\/ul>\n\n<p>Tenint en compte tot aix\u00f2, l&#8217;encert en la tria de la millor escola per als nostres fills <strong>no ser\u00e0 mai fruit de l\u2019atzar o les circumst\u00e0ncies:<\/strong> ser\u00e0 una tria coherent amb la manera de pensar de la pr\u00f2pia fam\u00edlia i els valors que volem transmetre\u2019ls i aportar al futur de la nostra societat.<\/p>\n\n<p><em>Article escrit per Quim M Carreras<\/em><\/p>\n<div class=\"wp-block-image\">\n<figure class=\"aligncenter size-full\"><a href=\"https:\/\/es.wikipedia.org\/w\/index.php?search=colegio%20viaro&amp;title=Especial%3ABuscar&amp;fulltext=1&amp;ns0=1&amp;ns100=1&amp;ns104=1\" target=\"_blank\" rel=\"https:\/\/es.wikipedia.org\/w\/index.php?search=colegio%20viaro&amp;title=Especial%3ABuscar&amp;fulltext=1&amp;ns0=1&amp;ns100=1&amp;ns104=1 noopener\"><img decoding=\"async\" width=\"144\" height=\"144\" src=\"https:\/\/viaro.org\/wp-content\/uploads\/2021\/12\/acertar-con-la-eleccion-edited.png\" alt=\"encertar en l'elecci&#xF3;\" class=\"wp-image-10095\"\/><\/a><\/figure><\/div>\n<p><\/p>\n","protected":false},"excerpt":{"rendered":"<p>&#8220;Encertar en l&#8217;elecci\u00f3 i triar on passen els teus fills un ter\u00e7 de la seva vida no \u00e9s cap capritx&#8221; Tothom est\u00e0 d\u2019acord que l\u2019educaci\u00f3 \u00e9s fonamental; i per descomptat tothom coincideix en voler donar el millor als seus fills. Per a l\u2019hora d\u2019escollir col\u00b7legi\u2026 Qu\u00e8 pesa m\u00e9s, els resultats acad\u00e8mics o la formaci\u00f3 humana? [&hellip;]<\/p>\n","protected":false},"author":11,"featured_media":7792,"parent":0,"menu_order":0,"comment_status":"closed","ping_status":"closed","template":"template-ibsc.php","meta":{"_uag_custom_page_level_css":"","_joinchat":[],"footnotes":""},"class_list":["post-7799","page","type-page","status-publish","has-post-thumbnail","hentry"],"uagb_featured_image_src":{"full":["https:\/\/viaro.org\/wp-content\/uploads\/2021\/02\/elegir-colegio.jpg",1500,998,false],"thumbnail":["https:\/\/viaro.org\/wp-content\/uploads\/2021\/02\/elegir-colegio-150x150.jpg",150,150,true],"medium":["https:\/\/viaro.org\/wp-content\/uploads\/2021\/02\/elegir-colegio-300x200.jpg",300,200,true],"medium_large":["https:\/\/viaro.org\/wp-content\/uploads\/2021\/02\/elegir-colegio-768x511.jpg",640,426,true],"large":["https:\/\/viaro.org\/wp-content\/uploads\/2021\/02\/elegir-colegio-1024x681.jpg",640,426,true],"1536x1536":["https:\/\/viaro.org\/wp-content\/uploads\/2021\/02\/elegir-colegio.jpg",1500,998,false],"2048x2048":["https:\/\/viaro.org\/wp-content\/uploads\/2021\/02\/elegir-colegio.jpg",1500,998,false],"related-content":["https:\/\/viaro.org\/wp-content\/uploads\/2021\/02\/elegir-colegio-297x167.jpg",297,167,true]},"uagb_author_info":{"display_name":"Comunicaci\u00f3 Viar\u00f3","author_link":"https:\/\/viaro.org\/ca\/author\/viarocom\/"},"uagb_comment_info":0,"uagb_excerpt":"&#8220;Encertar en l&#8217;elecci\u00f3 i triar on passen els teus fills un ter\u00e7 de la seva vida no \u00e9s cap capritx&#8221; Tothom est\u00e0 d\u2019acord que l\u2019educaci\u00f3 \u00e9s fonamental; i per descomptat tothom coincideix en voler donar el millor als seus fills. Per a l\u2019hora d\u2019escollir col\u00b7legi\u2026 Qu\u00e8 pesa m\u00e9s, els resultats acad\u00e8mics o la formaci\u00f3 humana?&hellip;","_links":{"self":[{"href":"https:\/\/viaro.org\/ca\/wp-json\/wp\/v2\/pages\/7799","targetHints":{"allow":["GET"]}}],"collection":[{"href":"https:\/\/viaro.org\/ca\/wp-json\/wp\/v2\/pages"}],"about":[{"href":"https:\/\/viaro.org\/ca\/wp-json\/wp\/v2\/types\/page"}],"author":[{"embeddable":true,"href":"https:\/\/viaro.org\/ca\/wp-json\/wp\/v2\/users\/11"}],"replies":[{"embeddable":true,"href":"https:\/\/viaro.org\/ca\/wp-json\/wp\/v2\/comments?post=7799"}],"version-history":[{"count":5,"href":"https:\/\/viaro.org\/ca\/wp-json\/wp\/v2\/pages\/7799\/revisions"}],"predecessor-version":[{"id":19303,"href":"https:\/\/viaro.org\/ca\/wp-json\/wp\/v2\/pages\/7799\/revisions\/19303"}],"wp:featuredmedia":[{"embeddable":true,"href":"https:\/\/viaro.org\/ca\/wp-json\/wp\/v2\/media\/7792"}],"wp:attachment":[{"href":"https:\/\/viaro.org\/ca\/wp-json\/wp\/v2\/media?parent=7799"}],"curies":[{"name":"wp","href":"https:\/\/api.w.org\/{rel}","templated":true}]}}