{"id":7884,"date":"2021-02-19T11:21:22","date_gmt":"2021-02-19T11:21:22","guid":{"rendered":"http:\/\/viaro.org\/?page_id=7884"},"modified":"2021-02-19T11:21:25","modified_gmt":"2021-02-19T11:21:25","slug":"open","status":"publish","type":"page","link":"https:\/\/viaro.org\/ca\/admissions\/open\/","title":{"rendered":"Portes Obertes"},"content":{"rendered":"\n<h2 class=\"wp-block-heading\">El teu col\u00b7legi, a 15 minuts caminant<\/h2>\n\n\n\n<iframe src=\"https:\/\/www.google.com\/maps\/embed?pb=!1m14!1m8!1m3!1d11955.638661283669!2d2.0799686!3d41.4845581!3m2!1i1024!2i768!4f13.1!3m3!1m2!1s0x0%3A0xcedcfd7972da40e6!2sViar%C3%B3%20Global%20School!5e0!3m2!1ses!2ses!4v1613733134032!5m2!1ses!2ses\" width=\"600\" height=\"450\" style=\"border:0;\" allowfullscreen=\"\" loading=\"lazy\"><\/iframe>\n\n\n\n<hr class=\"wp-block-separator\"\/>\n\n\n\n<h2 class=\"wp-block-heading\">Propera Jornada de Portes Obertes: Dissabte 27 febrer a partir de les 10.30 h<\/h2>\n\n\n\n<p><strong>Vine a descobrir Viar\u00f3 Global School!<\/strong><\/p>\n\n\n\n<p>T&#8217;agradaria con\u00e8ixer Viar\u00f3 Global School de manera personalitzada?<\/p>\n\n\n\n<p>Seguint les indicacions del Departament d&#8217;Educaci\u00f3, les visites es realitzaran en grups redu\u00efts i en diferents torns.<\/p>\n\n\n\n<p><strong>Inscriu-te a la propera Jornada de Portes Obertes:<\/strong><\/p>\n\n\n\n<script type=\"text\/javascript\" src=\"\/\/m.viaro.org\/form\/generate.js?id=17\"><\/script>\n\n\n\n<div style=\"height:50px\" aria-hidden=\"true\" class=\"wp-block-spacer\"><\/div>\n","protected":false},"excerpt":{"rendered":"<p>El teu col\u00b7legi, a 15 minuts caminant Propera Jornada de Portes Obertes: Dissabte 27 febrer a partir de les 10.30 h Vine a descobrir Viar\u00f3 Global School! T&#8217;agradaria con\u00e8ixer Viar\u00f3 Global School de manera personalitzada? Seguint les indicacions del Departament d&#8217;Educaci\u00f3, les visites es realitzaran en grups redu\u00efts i en diferents torns. Inscriu-te a la [&hellip;]<\/p>\n","protected":false},"author":11,"featured_media":1397,"parent":7645,"menu_order":1,"comment_status":"closed","ping_status":"closed","template":"template-ibsc.php","meta":{"_uag_custom_page_level_css":"","_joinchat":[],"footnotes":""},"class_list":["post-7884","page","type-page","status-publish","has-post-thumbnail","hentry"],"uagb_featured_image_src":{"full":["https:\/\/viaro.org\/wp-content\/uploads\/2019\/02\/home-fondo.jpg",2000,1333,false],"thumbnail":["https:\/\/viaro.org\/wp-content\/uploads\/2019\/02\/home-fondo-150x150.jpg",150,150,true],"medium":["https:\/\/viaro.org\/wp-content\/uploads\/2019\/02\/home-fondo-300x200.jpg",300,200,true],"medium_large":["https:\/\/viaro.org\/wp-content\/uploads\/2019\/02\/home-fondo-768x512.jpg",640,427,true],"large":["https:\/\/viaro.org\/wp-content\/uploads\/2019\/02\/home-fondo-1024x682.jpg",640,426,true],"1536x1536":["https:\/\/viaro.org\/wp-content\/uploads\/2019\/02\/home-fondo.jpg",1536,1024,false],"2048x2048":["https:\/\/viaro.org\/wp-content\/uploads\/2019\/02\/home-fondo.jpg",2000,1333,false],"related-content":["https:\/\/viaro.org\/wp-content\/uploads\/2019\/02\/home-fondo-297x167.jpg",297,167,true]},"uagb_author_info":{"display_name":"Comunicaci\u00f3 Viar\u00f3","author_link":"https:\/\/viaro.org\/ca\/author\/viarocom\/"},"uagb_comment_info":0,"uagb_excerpt":"El teu col\u00b7legi, a 15 minuts caminant Propera Jornada de Portes Obertes: Dissabte 27 febrer a partir de les 10.30 h Vine a descobrir Viar\u00f3 Global School! T&#8217;agradaria con\u00e8ixer Viar\u00f3 Global School de manera personalitzada? Seguint les indicacions del Departament d&#8217;Educaci\u00f3, les visites es realitzaran en grups redu\u00efts i en diferents torns. Inscriu-te a la&hellip;","_links":{"self":[{"href":"https:\/\/viaro.org\/ca\/wp-json\/wp\/v2\/pages\/7884","targetHints":{"allow":["GET"]}}],"collection":[{"href":"https:\/\/viaro.org\/ca\/wp-json\/wp\/v2\/pages"}],"about":[{"href":"https:\/\/viaro.org\/ca\/wp-json\/wp\/v2\/types\/page"}],"author":[{"embeddable":true,"href":"https:\/\/viaro.org\/ca\/wp-json\/wp\/v2\/users\/11"}],"replies":[{"embeddable":true,"href":"https:\/\/viaro.org\/ca\/wp-json\/wp\/v2\/comments?post=7884"}],"version-history":[{"count":1,"href":"https:\/\/viaro.org\/ca\/wp-json\/wp\/v2\/pages\/7884\/revisions"}],"predecessor-version":[{"id":7886,"href":"https:\/\/viaro.org\/ca\/wp-json\/wp\/v2\/pages\/7884\/revisions\/7886"}],"up":[{"embeddable":true,"href":"https:\/\/viaro.org\/ca\/wp-json\/wp\/v2\/pages\/7645"}],"wp:featuredmedia":[{"embeddable":true,"href":"https:\/\/viaro.org\/ca\/wp-json\/wp\/v2\/media\/1397"}],"wp:attachment":[{"href":"https:\/\/viaro.org\/ca\/wp-json\/wp\/v2\/media?parent=7884"}],"curies":[{"name":"wp","href":"https:\/\/api.w.org\/{rel}","templated":true}]}}