{"id":7927,"date":"2021-02-25T08:47:38","date_gmt":"2021-02-25T08:47:38","guid":{"rendered":"http:\/\/viaro.org\/podcast\/"},"modified":"2022-05-20T07:26:28","modified_gmt":"2022-05-20T07:26:28","slug":"podcast","status":"publish","type":"page","link":"https:\/\/viaro.org\/ca\/podcast\/","title":{"rendered":"Podcast"},"content":{"rendered":"\n<p>A Viar\u00f3 Global School g<strong>ravem i distribu\u00efm peri\u00f2dicament Podcasts educatius<\/strong> sobre temes d&#8217;inter\u00e8s per a les fam\u00edlies.<\/p>\n\n<p>Aqu\u00ed podeu escoltar els \u00faltims episodis que hem gravat:<\/p>\n\n<figure class=\"wp-block-image size-full is-resized\"><a href=\"https:\/\/www.google.com\/maps\/place\/Viar%C3%B3+Global+School\/@41.4856954,2.0778966,15z\/data=!4m5!3m4!1s0x0:0xcedcfd7972da40e6!8m2!3d41.4856954!4d2.0778966\" target=\"_blank\" rel=\"noopener\"><img decoding=\"async\" src=\"https:\/\/viaro.org\/wp-content\/uploads\/2021\/12\/podcast.png\" alt=\"podcast\" class=\"wp-image-10206\" width=\"507\" height=\"8\" srcset=\"https:\/\/viaro.org\/wp-content\/uploads\/2021\/12\/podcast.png 507w, https:\/\/viaro.org\/wp-content\/uploads\/2021\/12\/podcast-300x5.png 300w\" sizes=\"(max-width: 507px) 100vw, 507px\" \/><\/a><\/figure>\n<h3 class=\"wp-block-heading\">\u00bfA qu\u00e9 sabe la luna?<\/h3>\n\n<iframe style=\"border-radius:12px\" src=\"https:\/\/open.spotify.com\/embed\/episode\/2UnpCRfUQN1mQbMLIdi738?utm_source=generator\" width=\"100%\" height=\"232\" frameborder=\"0\" allowfullscreen=\"\" allow=\"autoplay; clipboard-write; encrypted-media; fullscreen; picture-in-picture\"><\/iframe>\r\n\n<h3 class=\"wp-block-heading\">\u00bfT&#8217;explico un conte? Escolta en fam\u00edlia &#8220;Al principi&#8221;<\/h3>\n\n<iframe src=\"https:\/\/open.spotify.com\/embed\/episode\/2GScFEYf8weqRXu2xrXIsC?utm_source=generator\" width=\"100%\" height=\"232\" frameborder=\"0\" allowfullscreen=\"\" allow=\"autoplay; clipboard-write; encrypted-media; fullscreen; picture-in-picture\"><\/iframe>\r\n\n<h3 class=\"wp-block-heading\"> A la conquesta de l&#8217;horitz\u00f3: L&#8217;exig\u00e8ncia, imprescindible per educar<\/h3>\n\n<iframe src=\"https:\/\/open.spotify.com\/embed\/episode\/5fsGOFPh8VW2QxGuvBl6Da\" width=\"100%\" height=\"232\" frameborder=\"0\" allowtransparency=\"true\" allow=\"encrypted-media\"><\/iframe>\r\n\n<h3 class=\"wp-block-heading\">All\u00e0 vaig! El pas d&#8217;Infantil a Prim\u00e0ria<\/h3>\n\n<iframe src=\"https:\/\/open.spotify.com\/embed-podcast\/episode\/6N5jb1jhi7qXpJxYJSXmIV\" width=\"100%\" height=\"232\" frameborder=\"0\" allowtransparency=\"true\" allow=\"encrypted-media\"><\/iframe>\r\n\n<h3 class=\"wp-block-heading\">Dir &#8220;no&#8221; tamb\u00e9 educa: com ajudar els nostres fills agestionar la frustraci\u00f3 <\/h3>\n\n<iframe src=\"https:\/\/open.spotify.com\/embed-podcast\/episode\/4DJ4igGJUK7Y8LZvrmPE8M\" width=\"100%\" height=\"232\" frameborder=\"0\" allowtransparency=\"true\" allow=\"encrypted-media\"><\/iframe>\r\n\n<h3 class=\"wp-block-heading\">Com educar la dimensi\u00f3 espiritual del nen en fam\u00edlia<\/h3>\n\n<iframe src=\"https:\/\/open.spotify.com\/embed-podcast\/episode\/1BGo4G3yfFOXBC3mPF4xvQ\" width=\"100%\" height=\"232\" frameborder=\"0\" allowtransparency=\"true\" allow=\"encrypted-media\"><\/iframe>\r\n\n<h3 class=\"wp-block-heading\">El massatge infantil: un moment \u00fanic i relaxant amb el teu beb\u00e8<\/h3>\n\n<iframe src=\"https:\/\/open.spotify.com\/embed-podcast\/episode\/7tu3BsGShmPnk1b2a5IPNc\" width=\"100%\" height=\"232\" frameborder=\"0\" allowtransparency=\"true\" allow=\"encrypted-media\"><\/iframe>\r\n\n<h3 class=\"wp-block-heading\">El sucre a Viar\u00f3 Infantil: Gaudir de la m\u00fasica en fam\u00edlia<\/h3>\n\n<iframe src=\"https:\/\/open.spotify.com\/embed-podcast\/episode\/2TSTZr8tBU6OYGeCRk7eu3\" width=\"100%\" height=\"232\" frameborder=\"0\" allowtransparency=\"true\" allow=\"encrypted-media\"><\/iframe>\r\n\n<h3 class=\"wp-block-heading\">He decidit ser feli\u00e7 (Miki Feliu Wennberg) &#8211; C\u00e0psules Viar\u00f3 Alumni<\/h3>\n\n<iframe src=\"https:\/\/open.spotify.com\/embed-podcast\/episode\/60lx1VvkHC03PzLv4Vfo8B\" width=\"100%\" height=\"232\" frameborder=\"0\" allowtransparency=\"true\" allow=\"encrypted-media\"><\/iframe>\r\n","protected":false},"excerpt":{"rendered":"<p>A Viar\u00f3 Global School gravem i distribu\u00efm peri\u00f2dicament Podcasts educatius sobre temes d&#8217;inter\u00e8s per a les fam\u00edlies. Aqu\u00ed podeu escoltar els \u00faltims episodis que hem gravat: \u00bfA qu\u00e9 sabe la luna? \u00bfT&#8217;explico un conte? Escolta en fam\u00edlia &#8220;Al principi&#8221; A la conquesta de l&#8217;horitz\u00f3: L&#8217;exig\u00e8ncia, imprescindible per educar All\u00e0 vaig! El pas d&#8217;Infantil a Prim\u00e0ria [&hellip;]<\/p>\n","protected":false},"author":11,"featured_media":8091,"parent":0,"menu_order":0,"comment_status":"closed","ping_status":"closed","template":"template-blocks.php","meta":{"_uag_custom_page_level_css":"","_joinchat":[],"footnotes":""},"class_list":["post-7927","page","type-page","status-publish","has-post-thumbnail","hentry"],"uagb_featured_image_src":{"full":["https:\/\/viaro.org\/wp-content\/uploads\/2021\/03\/podcast_viaro.jpg",2000,588,false],"thumbnail":["https:\/\/viaro.org\/wp-content\/uploads\/2021\/03\/podcast_viaro-150x150.jpg",150,150,true],"medium":["https:\/\/viaro.org\/wp-content\/uploads\/2021\/03\/podcast_viaro-300x88.jpg",300,88,true],"medium_large":["https:\/\/viaro.org\/wp-content\/uploads\/2021\/03\/podcast_viaro-768x226.jpg",640,188,true],"large":["https:\/\/viaro.org\/wp-content\/uploads\/2021\/03\/podcast_viaro-1024x301.jpg",640,188,true],"1536x1536":["https:\/\/viaro.org\/wp-content\/uploads\/2021\/03\/podcast_viaro-1536x452.jpg",1536,452,true],"2048x2048":["https:\/\/viaro.org\/wp-content\/uploads\/2021\/03\/podcast_viaro.jpg",2000,588,false],"related-content":["https:\/\/viaro.org\/wp-content\/uploads\/2021\/03\/podcast_viaro-297x167.jpg",297,167,true]},"uagb_author_info":{"display_name":"Comunicaci\u00f3 Viar\u00f3","author_link":"https:\/\/viaro.org\/ca\/author\/viarocom\/"},"uagb_comment_info":0,"uagb_excerpt":"A Viar\u00f3 Global School gravem i distribu\u00efm peri\u00f2dicament Podcasts educatius sobre temes d&#8217;inter\u00e8s per a les fam\u00edlies. Aqu\u00ed podeu escoltar els \u00faltims episodis que hem gravat: \u00bfA qu\u00e9 sabe la luna? \u00bfT&#8217;explico un conte? Escolta en fam\u00edlia &#8220;Al principi&#8221; A la conquesta de l&#8217;horitz\u00f3: L&#8217;exig\u00e8ncia, imprescindible per educar All\u00e0 vaig! El pas d&#8217;Infantil a Prim\u00e0ria&hellip;","_links":{"self":[{"href":"https:\/\/viaro.org\/ca\/wp-json\/wp\/v2\/pages\/7927","targetHints":{"allow":["GET"]}}],"collection":[{"href":"https:\/\/viaro.org\/ca\/wp-json\/wp\/v2\/pages"}],"about":[{"href":"https:\/\/viaro.org\/ca\/wp-json\/wp\/v2\/types\/page"}],"author":[{"embeddable":true,"href":"https:\/\/viaro.org\/ca\/wp-json\/wp\/v2\/users\/11"}],"replies":[{"embeddable":true,"href":"https:\/\/viaro.org\/ca\/wp-json\/wp\/v2\/comments?post=7927"}],"version-history":[{"count":7,"href":"https:\/\/viaro.org\/ca\/wp-json\/wp\/v2\/pages\/7927\/revisions"}],"predecessor-version":[{"id":12114,"href":"https:\/\/viaro.org\/ca\/wp-json\/wp\/v2\/pages\/7927\/revisions\/12114"}],"wp:featuredmedia":[{"embeddable":true,"href":"https:\/\/viaro.org\/ca\/wp-json\/wp\/v2\/media\/8091"}],"wp:attachment":[{"href":"https:\/\/viaro.org\/ca\/wp-json\/wp\/v2\/media?parent=7927"}],"curies":[{"name":"wp","href":"https:\/\/api.w.org\/{rel}","templated":true}]}}