{"id":8197,"date":"2021-03-17T13:05:29","date_gmt":"2021-03-17T13:05:29","guid":{"rendered":"http:\/\/viaro.org\/?page_id=8197"},"modified":"2023-05-25T07:53:38","modified_gmt":"2023-05-25T07:53:38","slug":"encertar-batxillerat","status":"publish","type":"page","link":"https:\/\/viaro.org\/ca\/encertar-batxillerat\/","title":{"rendered":"Encertar amb el Batxillerat"},"content":{"rendered":"\n<p>Quan es comen\u00e7a l\u2019apassionant aventura de formar una fam\u00edlia ens assalta el dubte de si ens en sortirem. El mateix passa quan volem encertar amb el <a href=\"https:\/\/viaro.org\/bachillerato\/\">batxillerat<\/a>. \u00c9s l\u00f2gic: ning\u00fa no neix ensenyat i a fer de mare o de pare se\u2019n comen\u00e7a a aprendre en el moment que et posen el teu nad\u00f3 als bra\u00e7os.<\/p>\n\n\n\n<p><strong>Se\u2019n comen\u00e7a a aprendre i no se n\u2019acaba mai de saber del tot:<\/strong> la presa de decisions del dia a dia, les experi\u00e8ncies personals i familiars que vivim, l\u2019exemple d\u2019amics i coneguts i tamb\u00e9 el consell d\u2019experts ens fan com som; ens fan d\u2019una manera que sovint ni tan sols ens hav\u00edem imaginat; quantes vegades fem projeccions que la realitat s\u2019encarrega de desmentir?<\/p>\n\n\n\n<p>Segons com llegim el par\u00e0graf anterior un hom pot concloure que no paga la pena fer c\u00e0lculs, invertir en el futur dels fills perqu\u00e8 el futur \u00e9s imprevisible; res m\u00e9s lluny de la realitat: cap projecte de vida es pot tibar endavant sense un somni, un objectiu que l\u2019alimenti; <strong>no nom\u00e9s \u00e9s bo fer projeccions sin\u00f3 necessari<\/strong>.<\/p>\n\n\n\n<p>Tornant a la imatge dels pares acabats d\u2019estrenar: qui m\u00e9s qui menys tothom ha tingut sensaci\u00f3 de vertigen el primer cop que ha de canviar uns bolquers o \u201cgestionar\u201d un c\u00f2lic a altes hores de la matinada; o pitjor encara: passejant el teu beb\u00e8 amb el cotxet et creues amb una colla d\u2019adolescents i el p\u00e0nic s\u2019apodera de tu: \u201ces convertir\u00e0 en <em>aix\u00f2<\/em>? I jo, sobreviur\u00e9 a <em>aix\u00f2<\/em>\u201d: I et sembla que no. Per\u00f2 quan arriba el moment, com va passar amb els bolquers o el c\u00f2lic\u2026 n\u2019aprens. I ho superes sobretot si abans has treballat <strong>els valors que tu defenses i t\u2019has preparat mentalment per adaptar-te a tota la resta<\/strong>.<\/p>\n\n\n\n<figure class=\"wp-block-image size-full\"><img decoding=\"async\" width=\"600\" height=\"399\" src=\"https:\/\/viaro.org\/wp-content\/uploads\/2023\/05\/cambridge.jpg\" alt=\"encertar amb el batxillerat\" class=\"wp-image-18169\" srcset=\"https:\/\/viaro.org\/wp-content\/uploads\/2023\/05\/cambridge.jpg 600w, https:\/\/viaro.org\/wp-content\/uploads\/2023\/05\/cambridge-300x200.jpg 300w\" sizes=\"(max-width: 600px) 100vw, 600px\" \/><\/figure>\n\n\n\n<p><strong>Amb l\u2019elecci\u00f3 del Batxillerat passa tres quarts del mateix:<\/strong> veient el patiment d\u2019algunes fam\u00edlies de vegades sembla que triar b\u00e9 quina branca de batxillerat ha d\u2019estudiar la criatura sigui la una decisi\u00f3 irreversible que condicionar\u00e0 la seva vida per sempre m\u00e9s. Si s\u2019ent\u00e9n aix\u00ed \u00e9s normal que ens envaeixi el p\u00e0nic; per sort <strong>equivocar-nos de modalitat no \u00e9s una cat\u00e0strofe<\/strong>; <strong>escollir malament les assignatures optatives no \u00e9s un cam\u00ed sense retorn<\/strong>\u2026 Pot ser una p\u00e8rdua de temps i de diners si l\u2019elecci\u00f3 es fa sense pensar\u2026 per\u00f2 tamb\u00e9 pot ser-ho si no es valore<strong>n totes<\/strong> les opcions. <strong>O el teu fill ha de fer batxillerat s\u00ed o s\u00ed?<\/strong> <strong>En realitat aquesta \u00e9s la primera pregunta que ens hem de fer<\/strong>. I que s\u2019ha de fer l\u2019estudiant. I la segona, lligada a l\u2019anterior, \u00e9s: <strong>i per qu\u00e8 vull fer (aquest) batxillerat? La resposta a totes dues preguntes nom\u00e9s ser\u00e0 encertada si cont\u00e9 la paraula <em>feli\u00e7<\/em> <\/strong>aplicada\u2026 no al pare o a la mare sin\u00f3 a l\u2019adolescent que haur\u00e0 de triar.<\/p>\n\n\n\n<p>En aquest punt, per\u00f2, \u00e9s important advertir <strong>que tampoc hem de caure en la complaen\u00e7a d\u2019aquells pares que \u201cperqu\u00e8 la criatura no pateixi\u201d li estalvien tots els esfor\u00e7os, li resolen ells tots els problemes i li deixen triar al fill o filla el que li ve de gust<\/strong>: fan fills d\u00e8bils, volubles i capriciosos. Aquests pares es detecten de seguida: s\u00f3n els qui solen carregar la motxilla de l\u2019escola dels seus fills quan van a buscar-los a la porta del col\u00b7legi. No entenen que cadasc\u00fa ha d\u2019aprendre a dur la pr\u00f2pia motxilla, que vol dir carregar amb la pr\u00f2pia responsabilitat i esfor\u00e7ar-se.<\/p>\n\n\n\n<p>En definitiva: cal discernir si la tria del Batxillerat \u00e9s fruit d\u2019uns interessos dels pares (error), d\u2019unes expectatives acad\u00e8miques i professionals equivocades (error), de la recerca de l\u2019opci\u00f3 \u201cm\u00e9s f\u00e0cil\u201d per a l\u2019estudiant (error)\u2026 o b\u00e9 \u00e9s una tria il\u00b7lusionant i realista (encert, passi el que passi despr\u00e9s); aquest<strong> discerniment s\u2019ha de fer a partir del di\u00e0leg pares-fill i tamb\u00e9 amb l\u2019ajut del tutor i la resta de professorat que coneix la traject\u00f2ria acad\u00e8mica de l\u2019alumne (de cada alumne perqu\u00e8 tots som \u00fanics) i les seves capacitats potencials i, a m\u00e9s, t\u00e9 experi\u00e8ncia contrastada en l\u2019assessorament a les fam\u00edlies<\/strong>.<\/p>\n\n\n\n<p>Certament <strong>el consell professional personalitzat <\/strong>donar\u00e0 a l\u2019estudiant i als seus pares molta llum per fer la tria en les millors condicions. Una entrevista \u2013o les que calguin- amb el professional que treballa amb el teu fill i per tant el coneix<strong> esdev\u00e9 clarificadora, dissipa dubtes i trenca possibles estereotips o tab\u00fas<\/strong>. Tu has fet milers de kil\u00f2metres amb el teu cotxe, saps com \u201ctractar-lo\u201d i a la carretera sou \u201ctot un\u201d, per\u00f2 quan toca aixecar el cap\u00f3 en qui m\u00e9s confies \u00e9s en el teu mec\u00e0nic; el tutor tamb\u00e9 \u00e9s expert en el que hi ha sota el \u201ccap\u00f3\u201d dels estudiants.<\/p>\n\n\n\n<p>A m\u00e9s del coneixement personal i l\u2019experi\u00e8ncia continuada dels tutors i la resta de professorat, els centres disposen (o haurien de disposar) <strong>d\u2019eines de prospecci\u00f3 que valorin els interessos, les aptituds en diversos \u00e0mbits i els interessos dels adolescents<\/strong>; aquests tests \u2013que se solen passar entre els alumnes a 4t d\u2019ESO- no s\u00f3n determinants per\u00f2 s\u00ed que complementen la informaci\u00f3 de primera m\u00e0 del tutor i serveixen tamb\u00e9 per obrir el focus a opcions que de vegades uns i altres ni tan sols contemplaven.<\/p>\n\n\n\n<p>Escollir batxillerat no \u00e9s ni m\u00e9s ni menys dif\u00edcil que canviar un bolquer; \u00e9s q\u00fcesti\u00f3 de no fer-ho amb els peus, o a les fosques, o a corre-cuita\u2026 o tot plegat.<\/p>\n\n\n\n<p>En resum:<\/p>\n\n\n\n<ul class=\"wp-block-list\">\n<li>No ens angoixem (i molt menys abans d\u2019hora)<\/li>\n\n\n\n<li>\u00c9s tan necessari fer plans i lluitar per aconseguir-los com ser capa\u00e7os d\u2019adaptar-nos als canvis.<\/li>\n\n\n\n<li>Abans de triar batxillerat preguntem-nos si \u00e9s el cam\u00ed; potser s\u00ed\u2026 per\u00f2 potser no.<\/li>\n\n\n\n<li>Molt poques coses a la vida s\u00f3n irreversibles; molts cops els errors ajuden m\u00e9s que els encerts: quan es tanca una porta se n\u2019obre una altra.<\/li>\n\n\n\n<li>Si busquem la felicitat dels nostres fills preguntem-los qu\u00e8 volen i qu\u00e8 no; despr\u00e9s, ajudem-los a discernir que no optin pel m\u00e9s f\u00e0cil sin\u00f3 pel que \u00e9s millor per a ells.<\/li>\n\n\n\n<li>El tutor personal del teu fill \u00e9s qui m\u00e9s coneix les aptituds acad\u00e8miques que t\u00e9, i t\u00e9 experi\u00e8ncia en l\u2019assessorament a fam\u00edlies, confia-hi.<\/li>\n<\/ul>\n\n\n\n<p class=\"has-text-align-right\"><em>Article escrit per Quim M Carreras<\/em><\/p>\n","protected":false},"excerpt":{"rendered":"<p>Quan es comen\u00e7a l\u2019apassionant aventura de formar una fam\u00edlia ens assalta el dubte de si ens en sortirem. El mateix passa quan volem encertar amb el batxillerat. \u00c9s l\u00f2gic: ning\u00fa no neix ensenyat i a fer de mare o de pare se\u2019n comen\u00e7a a aprendre en el moment que et posen el teu nad\u00f3 als [&hellip;]<\/p>\n","protected":false},"author":11,"featured_media":18002,"parent":0,"menu_order":0,"comment_status":"closed","ping_status":"closed","template":"template-blocks.php","meta":{"_uag_custom_page_level_css":"","_joinchat":[],"footnotes":""},"class_list":["post-8197","page","type-page","status-publish","has-post-thumbnail","hentry"],"uagb_featured_image_src":{"full":["https:\/\/viaro.org\/wp-content\/uploads\/2023\/05\/bachillerato-humanistico-header.png",2560,670,false],"thumbnail":["https:\/\/viaro.org\/wp-content\/uploads\/2023\/05\/bachillerato-humanistico-header-150x150.png",150,150,true],"medium":["https:\/\/viaro.org\/wp-content\/uploads\/2023\/05\/bachillerato-humanistico-header-300x79.png",300,79,true],"medium_large":["https:\/\/viaro.org\/wp-content\/uploads\/2023\/05\/bachillerato-humanistico-header-768x201.png",640,168,true],"large":["https:\/\/viaro.org\/wp-content\/uploads\/2023\/05\/bachillerato-humanistico-header-1024x268.png",640,168,true],"1536x1536":["https:\/\/viaro.org\/wp-content\/uploads\/2023\/05\/bachillerato-humanistico-header-1536x402.png",1536,402,true],"2048x2048":["https:\/\/viaro.org\/wp-content\/uploads\/2023\/05\/bachillerato-humanistico-header-2048x536.png",2048,536,true],"related-content":["https:\/\/viaro.org\/wp-content\/uploads\/2023\/05\/bachillerato-humanistico-header-297x167.png",297,167,true]},"uagb_author_info":{"display_name":"Comunicaci\u00f3 Viar\u00f3","author_link":"https:\/\/viaro.org\/ca\/author\/viarocom\/"},"uagb_comment_info":0,"uagb_excerpt":"Quan es comen\u00e7a l\u2019apassionant aventura de formar una fam\u00edlia ens assalta el dubte de si ens en sortirem. El mateix passa quan volem encertar amb el batxillerat. \u00c9s l\u00f2gic: ning\u00fa no neix ensenyat i a fer de mare o de pare se\u2019n comen\u00e7a a aprendre en el moment que et posen el teu nad\u00f3 als&hellip;","_links":{"self":[{"href":"https:\/\/viaro.org\/ca\/wp-json\/wp\/v2\/pages\/8197","targetHints":{"allow":["GET"]}}],"collection":[{"href":"https:\/\/viaro.org\/ca\/wp-json\/wp\/v2\/pages"}],"about":[{"href":"https:\/\/viaro.org\/ca\/wp-json\/wp\/v2\/types\/page"}],"author":[{"embeddable":true,"href":"https:\/\/viaro.org\/ca\/wp-json\/wp\/v2\/users\/11"}],"replies":[{"embeddable":true,"href":"https:\/\/viaro.org\/ca\/wp-json\/wp\/v2\/comments?post=8197"}],"version-history":[{"count":4,"href":"https:\/\/viaro.org\/ca\/wp-json\/wp\/v2\/pages\/8197\/revisions"}],"predecessor-version":[{"id":18210,"href":"https:\/\/viaro.org\/ca\/wp-json\/wp\/v2\/pages\/8197\/revisions\/18210"}],"wp:featuredmedia":[{"embeddable":true,"href":"https:\/\/viaro.org\/ca\/wp-json\/wp\/v2\/media\/18002"}],"wp:attachment":[{"href":"https:\/\/viaro.org\/ca\/wp-json\/wp\/v2\/media?parent=8197"}],"curies":[{"name":"wp","href":"https:\/\/api.w.org\/{rel}","templated":true}]}}