{"id":8215,"date":"2025-04-09T10:59:04","date_gmt":"2025-04-09T10:59:04","guid":{"rendered":"http:\/\/viaro.org\/?page_id=8215"},"modified":"2026-03-29T18:16:19","modified_gmt":"2026-03-29T18:16:19","slug":"summer-camp","status":"publish","type":"page","link":"https:\/\/viaro.org\/ca\/activitats-destiu\/summer-camp\/","title":{"rendered":"Summer Camp"},"content":{"rendered":"\n<div class=\"wp-block-columns is-layout-flex wp-container-core-columns-is-layout-9d6595d7 wp-block-columns-is-layout-flex\">\n<div class=\"wp-block-column is-layout-flow wp-block-column-is-layout-flow\"><\/div>\n\n\n\n<div class=\"wp-block-column is-layout-flow wp-block-column-is-layout-flow\" style=\"flex-basis:40%\">\n<figure class=\"wp-block-image size-large\"><img decoding=\"async\" width=\"1024\" height=\"473\" src=\"https:\/\/viaro.org\/wp-content\/uploads\/2023\/03\/summer-1-1024x473.png\" alt=\"summer camp\" class=\"wp-image-16630\" srcset=\"https:\/\/viaro.org\/wp-content\/uploads\/2023\/03\/summer-1-1024x473.png 1024w, https:\/\/viaro.org\/wp-content\/uploads\/2023\/03\/summer-1-300x139.png 300w, https:\/\/viaro.org\/wp-content\/uploads\/2023\/03\/summer-1-768x355.png 768w, https:\/\/viaro.org\/wp-content\/uploads\/2023\/03\/summer-1-1536x710.png 1536w, https:\/\/viaro.org\/wp-content\/uploads\/2023\/03\/summer-1.png 1646w\" sizes=\"(max-width: 1024px) 100vw, 1024px\" \/><\/figure>\n<\/div>\n\n\n\n<div class=\"wp-block-column is-layout-flow wp-block-column-is-layout-flow\"><\/div>\n<\/div>\n\n<div style=\"height:20px\" aria-hidden=\"true\" class=\"wp-block-spacer\"><\/div>\n\n<hr class=\"wp-block-separator has-text-color has-alpha-channel-opacity has-background is-style-wide\" style=\"background-color:#3288c3;color:#3288c3\"\/>\n\n<div class=\"wp-block-columns is-layout-flex wp-container-core-columns-is-layout-9d6595d7 wp-block-columns-is-layout-flex\">\n<div class=\"wp-block-column is-layout-flow wp-block-column-is-layout-flow\"><div class=\"epyt-video-wrapper\"><div  style=\"display: block; margin: 0px auto;\"  id=\"_ytid_25470\"  width=\"800\" height=\"450\"  data-origwidth=\"800\" data-origheight=\"450\" data-facadesrc=\"https:\/\/www.youtube.com\/embed\/5ZayU_MVJPM?enablejsapi=1&#038;autoplay=0&#038;cc_load_policy=0&#038;cc_lang_pref=&#038;iv_load_policy=3&#038;loop=0&#038;rel=0&#038;fs=1&#038;playsinline=0&#038;autohide=2&#038;theme=dark&#038;color=white&#038;controls=1&#038;disablekb=0&#038;\" class=\"__youtube_prefs__ epyt-facade no-lazyload\" data-epautoplay=\"1\" ><img decoding=\"async\" data-spai-excluded=\"true\" class=\"epyt-facade-poster skip-lazy\" loading=\"lazy\"  alt=\"YouTube player\"  src=\"https:\/\/i.ytimg.com\/vi\/5ZayU_MVJPM\/maxresdefault.jpg\"  \/><button class=\"epyt-facade-play\" aria-label=\"Play\"><svg data-no-lazy=\"1\" height=\"100%\" version=\"1.1\" viewBox=\"0 0 68 48\" width=\"100%\"><path class=\"ytp-large-play-button-bg\" d=\"M66.52,7.74c-0.78-2.93-2.49-5.41-5.42-6.19C55.79,.13,34,0,34,0S12.21,.13,6.9,1.55 C3.97,2.33,2.27,4.81,1.48,7.74C0.06,13.05,0,24,0,24s0.06,10.95,1.48,16.26c0.78,2.93,2.49,5.41,5.42,6.19 C12.21,47.87,34,48,34,48s21.79-0.13,27.1-1.55c2.93-0.78,4.64-3.26,5.42-6.19C67.94,34.95,68,24,68,24S67.94,13.05,66.52,7.74z\" fill=\"#f00\"><\/path><path d=\"M 45,24 27,14 27,34\" fill=\"#fff\"><\/path><\/svg><\/button><\/div><\/div><\/div>\n\n\n\n<div class=\"wp-block-column is-layout-flow wp-block-column-is-layout-flow\">\n<h3 class=\"wp-block-heading has-text-color\" style=\"color:#3288ce\"><strong>Tem\u00e0tica<\/strong> del Summer Camp 2026<\/h3>\n\n\n\n<p>Aquest estiu, Axel, un enginyer brillant, i el seu amic Max ens acompanyaran al Summer Camp per descobrir els secrets de les carrosseries m\u00e9s r\u00e0pides i aerodin\u00e0miques.<\/p>\n<\/div>\n<\/div>\n\n<p>A trav\u00e9s de reptes, jocs i tallers, els participants es convertiran en joves enginyers, desenvolupant la seva creativitat i el treball en equip per dissenyar i construir el cotxe m\u00e9s r\u00e0pid del campament.<\/p>\n\n<hr class=\"wp-block-separator has-text-color has-alpha-channel-opacity has-background is-style-wide\" style=\"background-color:#3288c3;color:#3288c3\"\/>\n\n<div style=\"height:50px\" aria-hidden=\"true\" class=\"wp-block-spacer\"><\/div>\n\n<div class=\"wp-block-columns is-layout-flex wp-container-core-columns-is-layout-9d6595d7 wp-block-columns-is-layout-flex\">\n<div class=\"wp-block-column is-layout-flow wp-block-column-is-layout-flow\">\n<h3 class=\"wp-block-heading has-text-color\" style=\"color:#3288ce\"><p><strong>Horari<\/strong><\/p><\/h3>\n\n\n\n<p><p>Al Summer Camp fem el mateix horari que durant el curs: <strong>de 9.15h a 16.25h<\/strong>. En la mesura del possible, us demanem <strong>que els alumnes siguin puntuals<\/strong>.<\/p><\/p>\n\n\n\n<p class=\"has-text-color\" style=\"color:#3288ce\"><strong><em>Tindrem un monitor de 8.15 a 9.15 per atendre els alumnes que arribin aviat.<\/em><\/strong> No hi ha perman\u00e8ncies a la tarda. Els alumnes que no siguin recollits a l\u2019hora estaran a la garita de l\u2019Av. Alcalde Barnils.<\/p>\n<\/div>\n\n\n\n<div class=\"wp-block-column is-layout-flow wp-block-column-is-layout-flow\" style=\"flex-basis:5%\"><\/div>\n\n\n\n<div class=\"wp-block-column is-layout-flow wp-block-column-is-layout-flow\">\n<h3 class=\"wp-block-heading has-text-color\" style=\"color:#3288ce\"><p><strong>Informes<\/strong><\/p><\/h3>\n\n\n\n<p><strong>Cada dilluns<\/strong> rebreu informaci\u00f3 dels <strong>plans previstos per a la setmana<\/strong> (activitats, men\u00fas i fotos de tot el que fem); i us lliurarem al final del Summer Camp un informe de la seva evoluci\u00f3.<\/p>\n<\/div>\n<\/div>\n\n<div class=\"wp-block-columns is-layout-flex wp-container-core-columns-is-layout-9d6595d7 wp-block-columns-is-layout-flex\">\n<div class=\"wp-block-column is-layout-flow wp-block-column-is-layout-flow\">\n<h3 class=\"wp-block-heading has-text-color\" style=\"color:#3288ce\"><p><strong>Despla\u00e7aments<\/strong><\/p><\/h3>\n\n\n\n<p><div class=\"traductor-textarea form-group\"><div class=\"textarea-desti col-xs-12 col-sm-6\"><div class=\"form-control second-textarea\">Com sabeu, durant l&#8217;estiu no hi ha servei d&#8217;autocars ni tren escolar. <strong>Recomanem<\/strong> a tots els alumnes que han de despla\u00e7ar-se en\u00a0FFGC\u00a0que agafin junts el tren que surt de\u00a0<strong>Pla\u00e7a Catalunya a les 8.22h i, per tornar, el de les 16.47h.<\/strong><\/div><\/div><\/div><div class=\"traductor-checkbox form-group\"><div class=\"row\"><div class=\"col-sm-offset-2 col-sm-5\"><br\/><\/div><\/div><\/div><\/p>\n\n\n\n<p>Hi haur\u00e0 monitors a les parades de Muntarner i Sarri\u00e0 deu minuts abans.<\/p>\n\n\n\n<p><p>Si veniu en cotxe, podreu estacionar a l&#8217;aparcament de <a href=\"https:\/\/www.google.com\/maps\/place\/Escola+Viar%C3%B3\/@41.4856954,2.0778966,15z\/data=!4m6!3m5!1s0x12a496b90c3a9317:0xcedcfd7972da40e6!8m2!3d41.4856954!4d2.0778966!16s%2Fg%2F1wjsphy1\" data-mce-href=\"https:\/\/www.google.com\/maps\/place\/Escola+Viar%C3%B3\/@41.4856954,2.0778966,15z\/data=!4m6!3m5!1s0x12a496b90c3a9317:0xcedcfd7972da40e6!8m2!3d41.4856954!4d2.0778966!16s%2Fg%2F1wjsphy1\" data-mce- target=\"_blank\" rel=\"noopener\">l&#8217;entrada<\/a>.<\/p><\/p>\n<\/div>\n\n\n\n<div class=\"wp-block-column is-layout-flow wp-block-column-is-layout-flow\" style=\"flex-basis:5%\"><\/div>\n\n\n\n<div class=\"wp-block-column is-layout-flow wp-block-column-is-layout-flow\">\n<h3 class=\"wp-block-heading has-text-color\" style=\"color:#3288ce\"><p><strong>Lloc<\/strong><\/p><\/h3>\n\n\n\n<p>El Summer Camp es realitza a l&#8217;escola.<\/p>\n\n\n\n<p>Per a facilitar l\u2019adaptaci\u00f3 dels nens al col\u00b7legi, els pares d\u2019i5 podreu entrar fins a l\u2019aula per a deixar al vostre fill.<\/p>\n\n\n\n<h3 class=\"wp-block-heading has-text-color\" style=\"color:#3288ce\"><p><strong>Menjador<\/strong><\/p><\/h3>\n\n\n\n<p>Dinem a les 12.15h, com sempre amb el menjar que <strong>ens preparen cada dia el personal de cuina de Viar\u00f3<\/strong>. \u00c9s necessari que ens indiqueu si el vostre fill t\u00e9 algun tipus de r\u00e8gim especial. Us enviarem setmanalment dels men\u00fas previstos en un butllet\u00ed que donarem el primer dia de cada setmana.<\/p>\n<\/div>\n<\/div>\n\n<div style=\"height:20px\" aria-hidden=\"true\" class=\"wp-block-spacer\"><\/div>\n\n<div class=\"wp-block-columns has-white-color has-text-color has-background is-layout-flex wp-container-core-columns-is-layout-9d6595d7 wp-block-columns-is-layout-flex\" style=\"background-color:#3288ce\">\n<div class=\"wp-block-column is-layout-flow wp-block-column-is-layout-flow\">\n<h3 class=\"wp-block-heading has-white-color has-text-color\"><p><strong>Angl\u00e8s<\/strong><\/p><\/h3>\n\n\n\n<p>L\u2019angl\u00e8s \u00e9s present en el dia a dia durant l\u2019experi\u00e8ncia del <strong>Summer Camp<\/strong>. A m\u00e9s, els alumnes dedicaran <strong>un m\u00f2dul diari de classe a aquest idioma<\/strong>.<\/p>\n<\/div>\n\n\n\n<div class=\"wp-block-column is-layout-flow wp-block-column-is-layout-flow\" style=\"flex-basis:5%\"><\/div>\n\n\n\n<div class=\"wp-block-column is-layout-flow wp-block-column-is-layout-flow\">\n<h3 class=\"wp-block-heading has-white-color has-text-color\"><p><strong>Deures<\/strong><\/p><\/h3>\n\n\n\n<p>Els alumnes dels cursos que tinguin deures d&#8217;estiu (de 1r a 6\u00e8 de Prim\u00e0ria) <strong>hauran de portar els deures d&#8217;estiu<\/strong> que us facilitem a final de curs, ja que <strong>cada dia dediquem una estona a fer-los<\/strong>. Tamb\u00e9 poden portar algun llibre de lectura.<\/p>\n<\/div>\n<\/div>\n\n<div style=\"height:20px\" aria-hidden=\"true\" class=\"wp-block-spacer\"><\/div>\n\n<div class=\"wp-block-columns is-layout-flex wp-container-core-columns-is-layout-9d6595d7 wp-block-columns-is-layout-flex\">\n<div class=\"wp-block-column is-layout-flow wp-block-column-is-layout-flow\">\n<h3 class=\"wp-block-heading has-text-color\" style=\"color:#3288ce\"><p><strong>Esport<\/strong><\/p><\/h3>\n\n\n\n<p>Al Summer Camp realitzarem diferents esports (<strong>b\u00e0squet, beisbol, hoquei, futbol\u2026<\/strong>) i les competicions di\u00e0ries ens tindran entretinguts i en forma.<\/p>\n<\/div>\n\n\n\n<div class=\"wp-block-column is-layout-flow wp-block-column-is-layout-flow\" style=\"flex-basis:5%\"><\/div>\n\n\n\n<div class=\"wp-block-column is-layout-flow wp-block-column-is-layout-flow\">\n<h3 class=\"wp-block-heading has-text-color\" style=\"color:#3288ce\"><p><strong>Piscina<\/strong><\/p><\/h3>\n\n\n\n<p>No ens oblidem <strong>del vestit de bany i la tovallola<\/strong>, ja que cada dia anirem a la piscina del Col\u00b7legi, que disposa de socorrista. Encara que no \u00e9s imprescindible, els alumnes poden portar xancletes. Tamb\u00e9 <strong>\u00e9s molt recomanable que els poseu crema solar abans de sortir de casa.<\/strong><\/p>\n<\/div>\n<\/div>\n\n<div class=\"wp-block-columns is-layout-flex wp-container-core-columns-is-layout-9d6595d7 wp-block-columns-is-layout-flex\">\n<div class=\"wp-block-column is-layout-flow wp-block-column-is-layout-flow\">\n<h3 class=\"wp-block-heading has-text-color\" style=\"color:#3288ce\"><p><strong>Bicicletes<\/strong><\/p><\/h3>\n\n\n\n<p>Dins de Viar\u00f3 els alumnes poden circular \u2013<strong>encara que no \u00e9s obligatori<\/strong>&#8211; amb bicicleta, sempre que portin <strong>casc i siguin prudents<\/strong>. En cas <strong>d&#8217;avaria<\/strong>, hauran d&#8217;emportar-se la bicicleta a casa per a poder arreglar-la. Les bicicletes poden \u201cdormir\u201d al col\u00b7legi, dins de l&#8217;edifici.<\/p>\n<\/div>\n\n\n\n<div class=\"wp-block-column is-layout-flow wp-block-column-is-layout-flow\" style=\"flex-basis:5%\"><\/div>\n\n\n\n<div class=\"wp-block-column is-layout-flow wp-block-column-is-layout-flow\">\n<h3 class=\"wp-block-heading has-text-color\" style=\"color:#3288ce\"><p><strong>Tallers<\/strong><\/p><\/h3>\n\n\n\n<p>Aquest any, tots els qui formem el Summer Camp (professors, monitors i alumnes) viurem com aut\u00e8ntics enginyers i mec\u00e0nics, de manera que totes les manualitats estaran relacionades amb aquest centre d\u2019inter\u00e8s i ens les endurem a casa.<\/p>\n<\/div>\n<\/div>\n\n<div style=\"height:20px\" aria-hidden=\"true\" class=\"wp-block-spacer\"><\/div>\n\n<div class=\"wp-block-columns has-white-color has-text-color has-background is-layout-flex wp-container-core-columns-is-layout-9d6595d7 wp-block-columns-is-layout-flex\" style=\"background-color:#3288ce\">\n<div class=\"wp-block-column is-layout-flow wp-block-column-is-layout-flow\">\n<h3 class=\"wp-block-heading has-white-color has-text-color\"><p><strong>Els plans del dijous<\/strong><\/p><\/h3>\n\n\n\n<p>El dijous \u00e9s el gran dia! El resultat del joc de nit determinar\u00e0 com avan\u00e7a la hist\u00f2ria els dies seg\u00fcents. Per a poder passar la nit de dijous a divendres a Viar\u00f3 els alumnes hauran de portar sopar i esmorzar, pijama, un recanvi de roba, llanterna i sac de dormir. De totes maneres ja us informarem cada setmana amb m\u00e9s detall. A part de quedar-nos a dormir i d&#8217;avan\u00e7ar la hist\u00f2ria, el dijous ens el reservem per a fer plans especials: concursos, gimcanes, etc.<\/p>\n\n\n\n<figure class=\"wp-block-image size-large\"><img decoding=\"async\" width=\"1024\" height=\"267\" src=\"https:\/\/viaro.org\/wp-content\/uploads\/2023\/03\/summer-camping-1024x267.jpg\" alt=\"Summer Camp acampada\" class=\"wp-image-16636\" srcset=\"https:\/\/viaro.org\/wp-content\/uploads\/2023\/03\/summer-camping-1024x267.jpg 1024w, https:\/\/viaro.org\/wp-content\/uploads\/2023\/03\/summer-camping-300x78.jpg 300w, https:\/\/viaro.org\/wp-content\/uploads\/2023\/03\/summer-camping-768x201.jpg 768w, https:\/\/viaro.org\/wp-content\/uploads\/2023\/03\/summer-camping-1536x401.jpg 1536w, https:\/\/viaro.org\/wp-content\/uploads\/2023\/03\/summer-camping-2048x535.jpg 2048w\" sizes=\"(max-width: 1024px) 100vw, 1024px\" \/><\/figure>\n<\/div>\n<\/div>\n\n<div style=\"height:20px\" aria-hidden=\"true\" class=\"wp-block-spacer\"><\/div>\n\n<h3 class=\"wp-block-heading has-text-color\" style=\"color:#3288ce\"><p><strong>Preus i inscripci\u00f3<\/strong> al Summer Camp<\/p><\/h3>\n\n<p>Trobareu tota la informaci\u00f3 sobre preus i inscripcions a la p\u00e0gina principal d&#8217;activitats d&#8217;estiu.&#13;\n<\/p>\n\n<div style=\"height:30px\" aria-hidden=\"true\" class=\"wp-block-spacer\"><\/div>\n\n<div class=\"wp-block-buttons is-layout-flex wp-block-buttons-is-layout-flex\">\n<div class=\"wp-block-button\"><a class=\"wp-block-button__link has-white-color has-text-color has-background wp-element-button\" href=\"https:\/\/viaro.org\/ca\/activitats-destiu\/\" style=\"background-color:#3288ce\"><p><strong>INSCRIPCI\u00d3<\/strong><\/p><\/a><\/div>\n<\/div>\n\n<p><\/p>\n","protected":false},"excerpt":{"rendered":"<p>Tem\u00e0tica del Summer Camp 2026 Aquest estiu, Axel, un enginyer brillant, i el seu amic Max ens acompanyaran al Summer Camp per descobrir els secrets de les carrosseries m\u00e9s r\u00e0pides i aerodin\u00e0miques. A trav\u00e9s de reptes, jocs i tallers, els participants es convertiran en joves enginyers, desenvolupant la seva creativitat i el treball en equip [&hellip;]<\/p>\n","protected":false},"author":11,"featured_media":16702,"parent":11003,"menu_order":1,"comment_status":"closed","ping_status":"closed","template":"template-blocks.php","meta":{"_uag_custom_page_level_css":"","_joinchat":[],"footnotes":""},"class_list":["post-8215","page","type-page","status-publish","has-post-thumbnail","hentry"],"uagb_featured_image_src":{"full":["https:\/\/viaro.org\/wp-content\/uploads\/2023\/03\/Summer-Camp.011-scaled.jpeg",2560,668,false],"thumbnail":["https:\/\/viaro.org\/wp-content\/uploads\/2023\/03\/Summer-Camp.011-150x150.jpeg",150,150,true],"medium":["https:\/\/viaro.org\/wp-content\/uploads\/2023\/03\/Summer-Camp.011-300x78.jpeg",300,78,true],"medium_large":["https:\/\/viaro.org\/wp-content\/uploads\/2023\/03\/Summer-Camp.011-768x201.jpeg",640,168,true],"large":["https:\/\/viaro.org\/wp-content\/uploads\/2023\/03\/Summer-Camp.011-1024x267.jpeg",640,167,true],"1536x1536":["https:\/\/viaro.org\/wp-content\/uploads\/2023\/03\/Summer-Camp.011-1536x401.jpeg",1536,401,true],"2048x2048":["https:\/\/viaro.org\/wp-content\/uploads\/2023\/03\/Summer-Camp.011-2048x535.jpeg",2048,535,true],"related-content":["https:\/\/viaro.org\/wp-content\/uploads\/2023\/03\/Summer-Camp.011-297x167.jpeg",297,167,true]},"uagb_author_info":{"display_name":"Comunicaci\u00f3 Viar\u00f3","author_link":"https:\/\/viaro.org\/ca\/author\/viarocom\/"},"uagb_comment_info":0,"uagb_excerpt":"Tem\u00e0tica del Summer Camp 2026 Aquest estiu, Axel, un enginyer brillant, i el seu amic Max ens acompanyaran al Summer Camp per descobrir els secrets de les carrosseries m\u00e9s r\u00e0pides i aerodin\u00e0miques. A trav\u00e9s de reptes, jocs i tallers, els participants es convertiran en joves enginyers, desenvolupant la seva creativitat i el treball en equip&hellip;","_links":{"self":[{"href":"https:\/\/viaro.org\/ca\/wp-json\/wp\/v2\/pages\/8215","targetHints":{"allow":["GET"]}}],"collection":[{"href":"https:\/\/viaro.org\/ca\/wp-json\/wp\/v2\/pages"}],"about":[{"href":"https:\/\/viaro.org\/ca\/wp-json\/wp\/v2\/types\/page"}],"author":[{"embeddable":true,"href":"https:\/\/viaro.org\/ca\/wp-json\/wp\/v2\/users\/11"}],"replies":[{"embeddable":true,"href":"https:\/\/viaro.org\/ca\/wp-json\/wp\/v2\/comments?post=8215"}],"version-history":[{"count":38,"href":"https:\/\/viaro.org\/ca\/wp-json\/wp\/v2\/pages\/8215\/revisions"}],"predecessor-version":[{"id":26287,"href":"https:\/\/viaro.org\/ca\/wp-json\/wp\/v2\/pages\/8215\/revisions\/26287"}],"up":[{"embeddable":true,"href":"https:\/\/viaro.org\/ca\/wp-json\/wp\/v2\/pages\/11003"}],"wp:featuredmedia":[{"embeddable":true,"href":"https:\/\/viaro.org\/ca\/wp-json\/wp\/v2\/media\/16702"}],"wp:attachment":[{"href":"https:\/\/viaro.org\/ca\/wp-json\/wp\/v2\/media?parent=8215"}],"curies":[{"name":"wp","href":"https:\/\/api.w.org\/{rel}","templated":true}]}}