{"id":8628,"date":"2021-05-07T14:22:27","date_gmt":"2021-05-07T14:22:27","guid":{"rendered":"http:\/\/viaro.org\/?page_id=8628"},"modified":"2021-05-07T14:22:29","modified_gmt":"2021-05-07T14:22:29","slug":"country-camp-2021","status":"publish","type":"page","link":"https:\/\/viaro.org\/ca\/vida-academica\/country-camp-2021\/","title":{"rendered":"Country Camp 2021"},"content":{"rendered":"\n<p class=\"has-text-align-center\"><strong>Arriben el Summer Camp i el Country Camp, les propostes per a l&#8217;estiu a Viar\u00f3 Global School!<\/strong><\/p>\n\n<div class=\"wp-block-columns is-layout-flex wp-container-core-columns-is-layout-9d6595d7 wp-block-columns-is-layout-flex\">\n<div class=\"wp-block-column is-layout-flow wp-block-column-is-layout-flow\">\n<figure class=\"wp-block-image size-large\"><img decoding=\"async\" width=\"918\" height=\"516\" src=\"https:\/\/viaro.org\/wp-content\/uploads\/2021\/03\/Summer_Camp_2021.jpg\" alt=\"\" class=\"wp-image-8225\" srcset=\"https:\/\/viaro.org\/wp-content\/uploads\/2021\/03\/Summer_Camp_2021.jpg 918w, https:\/\/viaro.org\/wp-content\/uploads\/2021\/03\/Summer_Camp_2021-300x169.jpg 300w, https:\/\/viaro.org\/wp-content\/uploads\/2021\/03\/Summer_Camp_2021-768x432.jpg 768w, https:\/\/viaro.org\/wp-content\/uploads\/2021\/03\/Summer_Camp_2021-297x167.jpg 297w\" sizes=\"(max-width: 918px) 100vw, 918px\" \/><\/figure>\n\n\n<h2 class=\"has-text-align-center wp-block-heading\"><a href=\"https:\/\/viaro.org\/ca\/vida-academica\/summer-camp-2021\/\">Summer Camp<\/a><\/h2>\n<\/div>\n\n\n\n<div class=\"wp-block-column is-layout-flow wp-block-column-is-layout-flow\">\n<figure class=\"wp-block-image size-large\"><img decoding=\"async\" src=\"https:\/\/viaro.org\/wp-content\/uploads\/2021\/05\/IMG_0965-scaled-e1620378184659.jpg\" alt=\"\" class=\"wp-image-8617\"\/><\/figure>\n\n\n<h2 class=\"has-text-align-center wp-block-heading\"><a href=\"https:\/\/viaro.org\/ca\/vida-academica\/country-camp-2021\/\">Country Camp<\/a><\/h2>\n<\/div>\n<\/div>\n\n<h3 class=\"wp-block-heading\"><strong>Tem\u00e0tica<\/strong><\/h3>\n\n<p>Des de Viar\u00f3 us proposem un escenari diferent que ens submergeix en la naturalesa, en temps m\u00e9s relaxats i activitats m\u00e9s fresques i animades.<\/p>\n\n<p>Els beneficis s\u00f3n molt nombrosos! En Viar\u00f3 tenim un entorn natural adequat i a m\u00e9s durant el mes de juliol, <strong>Viar\u00f3\u00a0Infantil es converteix en una experi\u00e8ncia grangera<\/strong> que val la pena. Acostem els animals de granja als nens, els poden con\u00e8ixer millor i aprendre a cuidar-los.<\/p>\n\n<p><strong>Mantindrem els h\u00e0bits i rutines que tant ens han ajudat a cr\u00e9ixer i a ser m\u00e9s aut\u00f2noms.<\/strong> I continuarem convivint amb les tres lleng\u00fces: catal\u00e0, castell\u00e0 i angl\u00e8s.<\/p>\n\n<h3 class=\"wp-block-heading\"><strong>Horari<\/strong><\/h3>\n\n<p>L&#8217;horari del\u00a0Country\u00a0Camp \u00e9s <strong>de 9.10h\u00a0a 16.25h<\/strong>. Hi haur\u00e0 <strong>servei de perman\u00e8ncies gratu\u00eft<\/strong> des de les 8:00h\u00a0al mat\u00ed i fins a les 17:00h\u00a0a la tarda.<\/p>\n\n<h3 class=\"wp-block-heading\"><strong>Lloc<\/strong><\/h3>\n\n<p>Aquest estiu, <strong>el nostre\u00a0Viar\u00f3\u00a0Infantil es converteix en una granja!<\/strong> Gaudirem d&#8217;aquesta gran experi\u00e8ncia en les nostres pr\u00f2pies instal\u00b7lacions. A m\u00e9s, ser aqu\u00ed ens ajuda a conscienciar-nos que cal ser sostenibles, cuidar el nostre entorn i cuidar-nos entre nosaltres.<\/p>\n\n<h3 class=\"wp-block-heading\"><strong>Equip<\/strong><\/h3>\n\n<p> El Summer Camp est\u00e0 at\u00e8s per professores i monitores de Viar\u00f3 Infantil.<\/p>\n\n<h3 class=\"wp-block-heading\"><strong>Piscina<\/strong><\/h3>\n\n<p>o ens oblidem del <strong>banyador i la tovallola<\/strong>, ja que cada dia anirem a la piscina de Viar\u00f3, sense haver d&#8217;agafar l&#8217;autob\u00fas!<\/p>\n\n<h3 class=\"wp-block-heading\"><strong>Tallers i activitats<\/strong><\/h3>\n\n<p>En una granja hi ha tantes coses per a fer! Cuidar dels animals, cuidar el nostre hort, fer senzilles i divertides receptes&#8230;<\/p>\n\n<p>Aneu preparant als vostres fills per a viure com a aut\u00e8ntics grangers! L&#8217;equip ja est\u00e0 desempolsant el barret de palla i preparant amb temps i il\u00b7lusi\u00f3 una infinitat de sorpreses.<\/p>\n\n<h3 class=\"wp-block-heading\"><strong>COVID<\/strong><\/h3>\n\n<p>Evidentment, des del col\u00b7legi seguirem al detall les mesures de Seguretat que es publiquin per a les activitats d&#8217;oci de l&#8217;estiu. Si hi ha novetats sobre aquest tema, us informarem.<\/p>\n\n<h3 class=\"wp-block-heading\"><strong>Preus i inscripci\u00f3<\/strong><\/h3>\n\n<p><strong>Teniu els preus tant en el fullet\u00f3 informatiu com en el formulari d\u2019inscripci\u00f3:<\/strong><\/p>\n\n<div class=\"wp-block-buttons is-layout-flex wp-block-buttons-is-layout-flex\">\n<div class=\"wp-block-button\"><a class=\"wp-block-button__link has-background no-border-radius\" href=\"http:\/\/viaro.org\/wp-content\/uploads\/2021\/03\/Summer_Camp_21.pdf\" style=\"background-color:#b5123f\" target=\"_blank\" rel=\"noreferrer noopener\">Informaci\u00f3 Summer Camp<\/a><\/div>\n\n\n\n<div class=\"wp-block-button\"><a class=\"wp-block-button__link has-background no-border-radius\" href=\"https:\/\/comunicacioviaro.typeform.com\/to\/rAsGxRTZ\" style=\"background-color:#b5123f\" target=\"_blank\" rel=\"noreferrer noopener\">Formulari d&#8217;Inscripci\u00f3<\/a><\/div>\n<\/div>\n\n<figure class=\"wp-block-embed-youtube wp-block-embed is-type-video is-provider-youtube wp-embed-aspect-16-9 wp-has-aspect-ratio\"><div class=\"wp-block-embed__wrapper\">\n<div class=\"epyt-video-wrapper\"><div  style=\"display: block; margin: 0px auto;\"  id=\"_ytid_62164\"  width=\"800\" height=\"450\"  data-origwidth=\"800\" data-origheight=\"450\" data-facadesrc=\"https:\/\/www.youtube.com\/embed\/YlHXBn39Kxc?enablejsapi=1&#038;autoplay=0&#038;cc_load_policy=0&#038;cc_lang_pref=&#038;iv_load_policy=3&#038;loop=0&#038;rel=0&#038;fs=1&#038;playsinline=0&#038;autohide=2&#038;theme=dark&#038;color=white&#038;controls=1&#038;disablekb=0&#038;\" class=\"__youtube_prefs__ epyt-facade epyt-is-override  no-lazyload\" data-epautoplay=\"1\" ><img decoding=\"async\" data-spai-excluded=\"true\" class=\"epyt-facade-poster skip-lazy\" loading=\"lazy\"  alt=\"YouTube player\"  src=\"https:\/\/i.ytimg.com\/vi\/YlHXBn39Kxc\/maxresdefault.jpg\"  \/><button class=\"epyt-facade-play\" aria-label=\"Play\"><svg data-no-lazy=\"1\" height=\"100%\" version=\"1.1\" viewBox=\"0 0 68 48\" width=\"100%\"><path class=\"ytp-large-play-button-bg\" d=\"M66.52,7.74c-0.78-2.93-2.49-5.41-5.42-6.19C55.79,.13,34,0,34,0S12.21,.13,6.9,1.55 C3.97,2.33,2.27,4.81,1.48,7.74C0.06,13.05,0,24,0,24s0.06,10.95,1.48,16.26c0.78,2.93,2.49,5.41,5.42,6.19 C12.21,47.87,34,48,34,48s21.79-0.13,27.1-1.55c2.93-0.78,4.64-3.26,5.42-6.19C67.94,34.95,68,24,68,24S67.94,13.05,66.52,7.74z\" fill=\"#f00\"><\/path><path d=\"M 45,24 27,14 27,34\" fill=\"#fff\"><\/path><\/svg><\/button><\/div><\/div>\n<\/div><\/figure>","protected":false},"excerpt":{"rendered":"<p>Arriben el Summer Camp i el Country Camp, les propostes per a l&#8217;estiu a Viar\u00f3 Global School! Summer Camp Country Camp Tem\u00e0tica Des de Viar\u00f3 us proposem un escenari diferent que ens submergeix en la naturalesa, en temps m\u00e9s relaxats i activitats m\u00e9s fresques i animades. Els beneficis s\u00f3n molt nombrosos! En Viar\u00f3 tenim un [&hellip;]<\/p>\n","protected":false},"author":11,"featured_media":8617,"parent":1344,"menu_order":10,"comment_status":"closed","ping_status":"closed","template":"template-blocks.php","meta":{"_uag_custom_page_level_css":"","_joinchat":[],"footnotes":""},"class_list":["post-8628","page","type-page","status-publish","has-post-thumbnail","hentry"],"uagb_featured_image_src":{"full":["https:\/\/viaro.org\/wp-content\/uploads\/2021\/05\/IMG_0965-scaled-e1620378184659.jpg",2560,1707,false],"thumbnail":["https:\/\/viaro.org\/wp-content\/uploads\/2021\/05\/IMG_0965-150x150.jpg",150,150,true],"medium":["https:\/\/viaro.org\/wp-content\/uploads\/2021\/05\/IMG_0965-300x200.jpg",300,200,true],"medium_large":["https:\/\/viaro.org\/wp-content\/uploads\/2021\/05\/IMG_0965-768x512.jpg",640,427,true],"large":["https:\/\/viaro.org\/wp-content\/uploads\/2021\/05\/IMG_0965-1024x683.jpg",640,427,true],"1536x1536":["https:\/\/viaro.org\/wp-content\/uploads\/2021\/05\/IMG_0965-1536x1024.jpg",1536,1024,true],"2048x2048":["https:\/\/viaro.org\/wp-content\/uploads\/2021\/05\/IMG_0965-2048x1365.jpg",2048,1365,true],"related-content":["https:\/\/viaro.org\/wp-content\/uploads\/2021\/05\/IMG_0965-297x167.jpg",297,167,true]},"uagb_author_info":{"display_name":"Comunicaci\u00f3 Viar\u00f3","author_link":"https:\/\/viaro.org\/ca\/author\/viarocom\/"},"uagb_comment_info":0,"uagb_excerpt":"Arriben el Summer Camp i el Country Camp, les propostes per a l&#8217;estiu a Viar\u00f3 Global School! Summer Camp Country Camp Tem\u00e0tica Des de Viar\u00f3 us proposem un escenari diferent que ens submergeix en la naturalesa, en temps m\u00e9s relaxats i activitats m\u00e9s fresques i animades. Els beneficis s\u00f3n molt nombrosos! En Viar\u00f3 tenim un&hellip;","_links":{"self":[{"href":"https:\/\/viaro.org\/ca\/wp-json\/wp\/v2\/pages\/8628","targetHints":{"allow":["GET"]}}],"collection":[{"href":"https:\/\/viaro.org\/ca\/wp-json\/wp\/v2\/pages"}],"about":[{"href":"https:\/\/viaro.org\/ca\/wp-json\/wp\/v2\/types\/page"}],"author":[{"embeddable":true,"href":"https:\/\/viaro.org\/ca\/wp-json\/wp\/v2\/users\/11"}],"replies":[{"embeddable":true,"href":"https:\/\/viaro.org\/ca\/wp-json\/wp\/v2\/comments?post=8628"}],"version-history":[{"count":3,"href":"https:\/\/viaro.org\/ca\/wp-json\/wp\/v2\/pages\/8628\/revisions"}],"predecessor-version":[{"id":8636,"href":"https:\/\/viaro.org\/ca\/wp-json\/wp\/v2\/pages\/8628\/revisions\/8636"}],"up":[{"embeddable":true,"href":"https:\/\/viaro.org\/ca\/wp-json\/wp\/v2\/pages\/1344"}],"wp:featuredmedia":[{"embeddable":true,"href":"https:\/\/viaro.org\/ca\/wp-json\/wp\/v2\/media\/8617"}],"wp:attachment":[{"href":"https:\/\/viaro.org\/ca\/wp-json\/wp\/v2\/media?parent=8628"}],"curies":[{"name":"wp","href":"https:\/\/api.w.org\/{rel}","templated":true}]}}