{"id":8796,"date":"2021-06-11T15:00:59","date_gmt":"2021-06-11T15:00:59","guid":{"rendered":"http:\/\/viaro.org\/extraescolars-2021-22\/"},"modified":"2021-10-01T08:49:59","modified_gmt":"2021-10-01T08:49:59","slug":"extraescolars-2021-22","status":"publish","type":"page","link":"https:\/\/viaro.org\/ca\/extraescolars-2021-22\/","title":{"rendered":"Extraescolars 2021-22"},"content":{"rendered":"\n<p>Us presentem la <strong>nova oferta d&#8217;activitats extraescolars per al curs 2021-22<\/strong>. Augmentem el n\u00famero i varietat d&#8217;activitats i inaugurem l&#8217;Escola d&#8217;Idiomes de\u00a0Viar\u00f3. A m\u00e9s, introdu\u00efm noves activitats per a adults. En acabar les classes, <strong>aprofita al m\u00e0xim el temps!<\/strong><\/p>\n\n<figure class=\"wp-block-embed is-type-video is-provider-youtube wp-block-embed-youtube wp-embed-aspect-16-9 wp-has-aspect-ratio\">\r\n<div class=\"wp-block-embed__wrapper\">https:\/\/youtu.be\/yrZMk9wLDb4<\/div><\/figure>\n\n<h2 class=\"wp-block-heading\"> \u00cdndex<\/h2>\n\n<ul class=\"wp-block-list\"><li><strong><a href=\"#info\">Informaci\u00f3 general<\/a><\/strong><\/li><li><strong><a href=\"#inscripcion\">Enlla\u00e7os d&#8217;inscripci\u00f3<\/a><\/strong><\/li><li><strong><a href=\"#deporte\">Activitats esportives<\/a><\/strong><\/li><li><strong><a href=\"#artes\">Activitats art\u00edstiques<\/a><\/strong><\/li><li><strong><a href=\"#steam\">Activitats d&#8217;STEAM<\/a><\/strong><\/li><li><strong><a href=\"#idiomas\">Activitats d&#8217;idiomes<\/a><\/strong><\/li><\/ul>\n<h2 class=\"wp-block-heading\" id=\"info\">Informaci\u00f3 general<\/h2>\n\n<h4 class=\"wp-block-heading\">Calendari<\/h4>\n\n<ul class=\"wp-block-list\"><li>Les activitats esportives comencen el 20 de setembre i acaben el 31 de maig excepte:<ul><li>Futbol 11 (Federaci\u00f3): Inici 1 de setembre i finalitza 31 de maig.<\/li><li>Entrenament espec\u00edfic de porters: 1 d&#8217;octubre al 31 de maig.<\/li><\/ul><\/li><li>Les activitats d&#8217;Art comencen l&#8217;1 d&#8217;octubre i acaben el 13 de juny.<\/li><li>Les activitats d&#8217;STEAM comencen l&#8217;1 d&#8217;octubre i acaben el 31 de mar\u00e7 (depenent de les dates de les competicions).<\/li><li>Les activitats d&#8217;idiomes comencen l&#8217;1 d&#8217;octubre i acaben el 31 de maig.<\/li><\/ul>\n<h4 class=\"wp-block-heading\">Pagament i descomptes<\/h4>\n\n<ul class=\"wp-block-list\"><li>Si una mateixa persona s&#8217;inscriu a 2 o m\u00e9s activitats, tindr\u00e0 un descompte del 15% sobre el total.<\/li><li>El pagament es realitzar\u00e0 per domiciliaci\u00f3 banc\u00e0ria al n\u00famero de compte que aporteu en el formulari d&#8217;inscripci\u00f3. La data del rebut ser\u00e0 el 10 d&#8217;octubre.<\/li><\/ul>\n<h4 class=\"wp-block-heading\"> Acc\u00e9s i recollida<\/h4>\n\n<ul class=\"wp-block-list\"><li>Per a les activitats esportives, <a href=\"https:\/\/viaro.org\/ca\/accessos_collegi\/\">l&#8217;acc\u00e9s<\/a> i la recollida d&#8217;alumnes es realitza per l&#8217;entrada d&#8217;Av. Alcalde Barnils, des d&#8217;on s&#8217;accedeix directament a les instal\u00b7lacions esportives.<\/li><\/ul>\n<h4 class=\"wp-block-heading\">Uniformes esportius<\/h4>\n\n<ul class=\"wp-block-list\"><li>Per a les activitats esportives \u00e9s necessari adquirir els uniformes oficials d&#8217;entrenament i competici\u00f3. A trav\u00e9s <a href=\"http:\/\/viaro.org\/wp-content\/uploads\/2021\/06\/Uniformes-Extraescolar-21-22.pdf\" target=\"_blank\" rel=\"noopener\">d&#8217;aquest enlla\u00e7 podeu consultar els diferents\u00a0packs<\/a>. Per a futbol i b\u00e0squet, \u00e9s important preguntar al Departament d&#8217;Educaci\u00f3 F\u00edsica (mventura@viaro.org) quins dorsals queden lliures per estampar-los a la botiga en la samarreta blava i en una de les blanques d&#8217;entrenament.<\/li><li>Els uniformes es poden adquirir a la botiga Base Benito Sports (CentreComercial Sant Cugat, local 21 \/ ctra. Rub\u00ed &#8211; St. Cugat Km4) o en l\u00ednia (P\u00e0gina web: <a href=\"http:\/\/www.houseofcracks.com\/\" target=\"_blank\" rel=\"noopener\">www.houseofcracks.com<\/a>: clau 21501197).<\/li><li>Hi haur\u00e0 dos torns de venda d&#8217;equipaments en el poliesportiu de Viar\u00f3:<ul><li>Secund\u00e0ria i Batxillerat: 2 de setembre de 16:00h a 19:00h<\/li><li>Prim\u00e0ria: 15 de setembre de 16:30h a 19:00h.<\/li><\/ul><\/li><\/ul>\n<div class=\"wp-block-columns is-layout-flex wp-container-core-columns-is-layout-9d6595d7 wp-block-columns-is-layout-flex\">\n<div class=\"wp-block-column is-layout-flow wp-block-column-is-layout-flow\">\n<figure class=\"wp-block-image size-large\"><a href=\"http:\/\/viaro.org\/wp-content\/uploads\/2021\/06\/Uniformes-Extraescolar-21-22.pdf\" target=\"_blank\" rel=\"noopener noreferrer\"><img decoding=\"async\" width=\"683\" height=\"449\" src=\"https:\/\/viaro.org\/wp-content\/uploads\/2021\/06\/Uniformes_deporte.jpg\" alt=\"\" class=\"wp-image-8766\" srcset=\"https:\/\/viaro.org\/wp-content\/uploads\/2021\/06\/Uniformes_deporte.jpg 683w, https:\/\/viaro.org\/wp-content\/uploads\/2021\/06\/Uniformes_deporte-300x197.jpg 300w\" sizes=\"(max-width: 683px) 100vw, 683px\" \/><\/a><\/figure><\/div>\n\n\n\n<div class=\"wp-block-column is-layout-flow wp-block-column-is-layout-flow\">\n<figure class=\"wp-block-image size-large\"><a href=\"http:\/\/viaro.org\/wp-content\/uploads\/2021\/06\/Flyer_HouseOfCracks.jpg\" target=\"_blank\" rel=\"noopener noreferrer\"><img decoding=\"async\" width=\"683\" height=\"449\" src=\"https:\/\/viaro.org\/wp-content\/uploads\/2021\/06\/Base_benito_sports.jpg\" alt=\"\" class=\"wp-image-8780\" srcset=\"https:\/\/viaro.org\/wp-content\/uploads\/2021\/06\/Base_benito_sports.jpg 683w, https:\/\/viaro.org\/wp-content\/uploads\/2021\/06\/Base_benito_sports-300x197.jpg 300w\" sizes=\"(max-width: 683px) 100vw, 683px\" \/><\/a><\/figure>\n\n\n<p><\/p>\n<\/div>\n<\/div>\n\n<h4 class=\"wp-block-heading\">Informaci\u00f3 especial equips federats (Futbol 11)<\/h4>\n\n<ul class=\"wp-block-list\"><li>\u00c9s obligatori realitzar una revisi\u00f3 m\u00e8dica cada 2 anys en un centre homologat per la FCF (Federaci\u00f3 de Futbol de Catalunya). El dia 2 de setembre hi haur\u00e0 la possibilitat de realitzar-la amb un metge en Viar\u00f3, amb un cost de 35\u20ac (pagament en met\u00e0l\u00b7lic al moment), amb el seg\u00fcent horari:<ul><li>1r Secund\u00e0ria: 16:00h<\/li><li>2n Secund\u00e0ria: 17:00h<\/li><li>3r Secund\u00e0ria: 18:00h<\/li><li>4t Secund\u00e0ria: 19:00h<\/li><li>Batxillerat: 20:00h<\/li><\/ul><\/li><li>Passos per completar la fitxa federativa:<ol><li>Completar el formulari d&#8217;inscripci\u00f3 d&#8217;activitats esportives de Viar\u00f3, adjuntant tota la documentaci\u00f3 sol\u00b7licitada.<\/li><li>Una vegada des de Viar\u00f3 h\u00e0gim inscrit al jugador, la fam\u00edlia rebr\u00e0 un correu de la FCF per a registrar-se i donar-se d&#8217;alta.<\/li><li>A trav\u00e9s del portal de la FCF on han quedat registrats deuran (I) signar digitalment la vinculaci\u00f3 amb Viar\u00f3 al m\u00e9s aviat possible i (II) una vegada passada la revisi\u00f3 m\u00e8dica, pagament de portal (entre 20-25\u20ac) i fitxa (entre 45 i 70\u20ac segons categoria).<\/li><\/ol><\/li><\/ul>\n<h2 class=\"wp-block-heading\" id=\"inscripcion\">Inscripci\u00f3<\/h2>\n\n<p>Realitza la inscripci\u00f3 a les diferents activitats per \u00e0rees fent clic en cada bot\u00f3. <strong>La data l\u00edmit \u00e9s el 15 de setembre.<\/strong><\/p>\n\n<div class=\"wp-block-columns is-layout-flex wp-container-core-columns-is-layout-9d6595d7 wp-block-columns-is-layout-flex\">\n<div class=\"wp-block-column is-layout-flow wp-block-column-is-layout-flow\">\n<div class=\"wp-block-buttons is-content-justification-center is-layout-flex wp-block-buttons-is-layout-flex\">\n<div class=\"wp-block-button\"><a class=\"wp-block-button__link has-background no-border-radius\" href=\"https:\/\/comunicacioviaro.typeform.com\/to\/axJ44VXJ\" style=\"background-color:#b5123f\" target=\"_blank\" rel=\"noreferrer noopener\"><strong>Esport<\/strong><\/a><\/div>\n<\/div>\n\n\n\n<div class=\"wp-block-buttons is-content-justification-center is-layout-flex wp-block-buttons-is-layout-flex\">\n<div class=\"wp-block-button\"><a class=\"wp-block-button__link has-background no-border-radius\" href=\"https:\/\/comunicacioviaro.typeform.com\/to\/qwiEt6eU\" style=\"background-color:#b5123f\" target=\"_blank\" rel=\"noreferrer noopener\"><strong>STEAM<\/strong><\/a><\/div>\n<\/div>\n<\/div>\n\n\n\n<div class=\"wp-block-column is-layout-flow wp-block-column-is-layout-flow\">\n<div class=\"wp-block-buttons is-content-justification-center is-layout-flex wp-block-buttons-is-layout-flex\">\n<div class=\"wp-block-button\"><a class=\"wp-block-button__link has-background no-border-radius\" href=\"https:\/\/comunicacioviaro.typeform.com\/to\/XMBSFdGD\" style=\"background-color:#b5123f\" target=\"_blank\" rel=\"noreferrer noopener\"><strong>Arts<\/strong><\/a><\/div>\n<\/div>\n\n\n\n<div class=\"wp-block-buttons is-content-justification-center is-layout-flex wp-block-buttons-is-layout-flex\">\n<div class=\"wp-block-button\"><a class=\"wp-block-button__link has-background no-border-radius\" href=\"https:\/\/comunicacioviaro.typeform.com\/to\/jC36sCdB\" style=\"background-color:#b5123f\" target=\"_blank\" rel=\"noreferrer noopener\"><strong>Idiomes<\/strong><\/a><\/div>\n<\/div>\n<\/div>\n<\/div>\n\n<h4 class=\"has-text-align-center wp-block-heading\"><a href=\"https:\/\/comunicacioviaro.typeform.com\/to\/z9EwpZZC\" target=\"_blank\" rel=\"noopener\"><strong>Per apuntar-se a Tennis Mascul\u00ed per a Adults, fer clic aqu\u00ed.<\/strong><\/a><\/h4>\n\n<hr class=\"wp-block-separator has-text-color has-background\" style=\"background-color:#b5123f;color:#b5123f\"\/>\n\n<h2 class=\"wp-block-heading\">Activitats extraescolars 2021-22<\/h2>\n\n<p>Us presentem l&#8217;oferta completa d&#8217;activitats extraescolars per al curs 2021-22, amb els diferents horaris, preus i cursos als quals van dirigides. El preu de les activitats es anual.<\/p>\n\n<h2 class=\"wp-block-heading\" id=\"deporte\">Esport<\/h2>\n\n<h4 class=\"wp-block-heading\">\u00b7 Atletisme<\/h4>\n\n<p><strong>Preu: 350 \u20ac<\/strong><\/p>\n\n<figure class=\"wp-block-table is-style-stripes\"><table><tbody><tr><td>Prim\u00e0ria i Secund\u00e0ria<\/td><\/tr><tr><td>Dilluns i Dijous 8:00h &#8211; 9:00h<\/td><\/tr><\/tbody><\/table><\/figure>\n<h4 class=\"wp-block-heading\">\u00b7 Basquetbol<\/h4>\n\n<p><strong>Preu Prim\u00e0ria: 300 \u20ac \/ Preu Secund\u00e0ria-Batxillerat: 340 \u20ac<\/strong><\/p>\n\n<figure class=\"wp-block-table is-style-stripes\"><table class=\"has-fixed-layout\"><tbody><tr><td>3r i 4t Prim\u00e0ria<\/td><td>5\u00e8 i 6\u00e8 Prim\u00e0ria<\/td><td>1r i 2n Secund\u00e0ria<\/td><td>3r i 4t Secund\u00e0ria<\/td><td>1r i 2n Batx.<\/td><\/tr><tr><td>Dilluns i Divendres 16:30h &#8211; 18:00h<\/td><td>Dimarts i Dijous 16:30h &#8211; 18:00h<\/td><td>Dilluns i Dijous 16:30h &#8211; 18:00h<\/td><td>Dimecres i Divendres 16:30h &#8211; 18:00h<\/td><td>Dimecres i Divendres 16:30h &#8211; 18:00h<\/td><\/tr><\/tbody><\/table><\/figure>\n<h4 class=\"wp-block-heading\">\u00b7 EFI<\/h4>\n\n<p>Educaci\u00f3 F\u00edsica Integral. Per a alumnes de 1r i 2n de Prim\u00e0ria. Exercicis d&#8217;iniciaci\u00f3 a l&#8217;activitat f\u00edsica i esportiva amb especial atenci\u00f3 al desenvolupament de la psicomotricitat.<\/p>\n\n<p><strong>Preu: 285 \u20ac<\/strong><\/p>\n\n<figure class=\"wp-block-table is-style-stripes\"><table class=\"has-fixed-layout\"><tbody><tr><td>1r i 2n Prim\u00e0ria<\/td><\/tr><tr><td>Dilluns i Divendres 16:30h &#8211; 17:45h<\/td><\/tr><\/tbody><\/table><\/figure>\n<h4 class=\"wp-block-heading\">\u00b7 Futbol 7 (CEEB)<\/h4>\n\n<p><strong>Novetat: A m\u00e9s dels dos dies d&#8217;entrenament, es realitzar\u00e0 un entrenament espec\u00edfic per a porters en 5\u00e8 i 6\u00e8 Prim\u00e0ria.<\/strong><\/p>\n\n<p><strong>Preu 3r i 4t Prim\u00e0ria: 295 \u20ac<\/strong> <strong>\/ Pru 5\u00e8 y 6\u00e8 Prim\u00e0ria: 310\u20ac<\/strong><\/p>\n\n<figure class=\"wp-block-table is-style-stripes\"><table class=\"has-fixed-layout\"><tbody><tr><td>3r i 4t Prim\u00e0ria<\/td><td>5\u00e8 i 6\u00e8 Prim\u00e0ria<\/td><td>Porters (sessi\u00f3 addicional)<\/td><\/tr><tr><td>Dilluns i Divendres 16:30h &#8211; 17:45h<\/td><td>Dimarts i Dijous 16:30h &#8211; 17:45h<\/td><td>Dimecres 16:30h &#8211; 17:45h<\/td><\/tr><\/tbody><\/table><\/figure>\n<h4 class=\"wp-block-heading\">\u00b7 F\u00fatbol 11 (Federaci\u00f3 Catalana Futbol)<\/h4>\n\n<p><strong>Novetat: A m\u00e9s dels dos dies d&#8217;entrenament, es realitzar\u00e0 un entrenament espec\u00edfic per a porters.<\/strong><\/p>\n\n<p><strong>Preu: 410 \u20ac<\/strong><\/p>\n\n<figure class=\"wp-block-table is-style-stripes\"><table class=\"has-fixed-layout\"><tbody><tr><td>1r Secund\u00e0ria<\/td><td>2n Secund\u00e0ria<\/td><td>3r Secund\u00e0ria<\/td><td>4t Secund\u00e0ria<\/td><td>1r Batx.<\/td><td>2n Batx.<\/td><td>Porters (sessi\u00f3 addicional)<\/td><\/tr><tr><td>Dilluns 8:00h-9:00h i&#13;\nDijous 16:30h-18:00h<\/td><td>Dimarts 16:30h- 18:00h i Divendres 8:00h-9:00h<\/td><td>Dimecres 16:30h- 18:00h i Divendres 8:00h-9:00h<\/td><td>Dimecres i Dijous 16:30h- 18:00h<\/td><td>Dimecres i Divendres 16:00h-17:30h<\/td><td>Dimecres i Divendres 16:00h-17:30h<\/td><td>Dilluns 16:30h &#8211; 18:00h<\/td><\/tr><\/tbody><\/table><\/figure>\n<h4 class=\"wp-block-heading\">\u00b7 Tennis<\/h4>\n\n<p><strong>Preu Infantil P5 y 1r Prim\u00e0ria: 275 \u20ac \/ Preu 2n-6\u00e8 Prim\u00e0ria: 530\u20ac \/ Preu Adults: 550\u20ac<\/strong><\/p>\n\n<figure class=\"wp-block-table is-style-stripes\"><table class=\"has-fixed-layout\"><tbody><tr><td>Inf. P5 i 1r Prim\u00e0ria<\/td><td>2n, 3r i 4t Prim\u00e0ria<\/td><td>5\u00e8 i 6\u00e8 Prim\u00e0ria i 1r Secund\u00e0ria<\/td><td>Adults (Mascul\u00ed)<\/td><\/tr><tr><td>Dimecres 16:30h-17:45h<\/td><td>Dimarts i Dijous 16:30h-17:45h<\/td><td>Dilluns i Dimecres 16:30h-17:45h<\/td><td>Torns: Divendres tarda (16:30h &#8211; 17:30h), Dissabte i Diumenge mat\u00ed (9:00h &#8211; 14:00h)<\/td><\/tr><\/tbody><\/table><\/figure>\n<h2 class=\"wp-block-heading\" id=\"artes\">Arts<\/h2>\n\n<h4 class=\"wp-block-heading\">\u00b7 Arts Pl\u00e0stiques Prim\u00e0ria<\/h4>\n\n<p><strong>Preu: 230 \u20ac<\/strong><\/p>\n\n<figure class=\"wp-block-table is-style-stripes\"><table class=\"has-background has-fixed-layout\" style=\"background-color:#fcf0ef\"><tbody><tr><td>1r-6\u00e8 Prim\u00e0ria<\/td><\/tr><tr><td>Dijous 16:30h-17:30h<\/td><\/tr><\/tbody><\/table><\/figure>\n<h4 class=\"wp-block-heading\">\u00b7 Cant Individual<\/h4>\n\n<p><strong>Preu: 37 \u20ac \/ sessi\u00f3<\/strong><\/p>\n\n<figure class=\"wp-block-table is-style-stripes\"><table class=\"has-background has-fixed-layout\" style=\"background-color:#fcf0ef\"><tbody><tr><td>Prim\u00e0ria, Secund\u00e0ria, Batxillerat, Adults<\/td><\/tr><tr><td>Dimarts 16:30h-17:30h (o a convenir)<\/td><\/tr><\/tbody><\/table><\/figure>\n<h4 class=\"wp-block-heading\">\u00b7 Creaci\u00f3 Audiovisual<\/h4>\n\n<p><strong>Preu: 430 \u20ac<\/strong><\/p>\n\n<figure class=\"wp-block-table is-style-stripes\"><table class=\"has-background has-fixed-layout\" style=\"background-color:#fcf0ef\"><tbody><tr><td>4t Secund\u00e0ria i 1r i 2n Batxillerat<\/td><\/tr><tr><td>Dijous 16:30h-17:30h<\/td><\/tr><\/tbody><\/table><\/figure>\n<h4 class=\"wp-block-heading\">\u00b7 Coral Adults<\/h4>\n\n<p><strong>Preu: Gratis<\/strong><\/p>\n\n<figure class=\"wp-block-table is-style-stripes\"><table class=\"has-background has-fixed-layout\" style=\"background-color:#fcf0ef\"><tbody><tr><td>Adults<\/td><\/tr><tr><td>Dimecres 21:00h-23:00h<\/td><\/tr><\/tbody><\/table><\/figure>\n<h4 class=\"wp-block-heading\">\u00b7 Teatre Adults<\/h4>\n\n<p><strong>Preu: Gratis<\/strong><\/p>\n\n<figure class=\"wp-block-table is-style-stripes\"><table class=\"has-background has-fixed-layout\" style=\"background-color:#fcf0ef\"><tbody><tr><td>Adults<\/td><\/tr><tr><td>Dijous 21:00h-23:00h<\/td><\/tr><\/tbody><\/table><\/figure>\n<h4 class=\"wp-block-heading\">\u00b7 Teatre Musical Secund\u00e0ria<\/h4>\n\n<p><strong>Preu: 315\u20ac<\/strong><\/p>\n\n<figure class=\"wp-block-table is-style-stripes\"><table class=\"has-background has-fixed-layout\" style=\"background-color:#fcf0ef\"><tbody><tr><td>1r, 2n i 4t Secund\u00e0ria<\/td><\/tr><tr><td>Dimecres 16:30h-18:00h<\/td><\/tr><\/tbody><\/table><\/figure>\n<h4 class=\"wp-block-heading\">\u00b7 Teatre Prim\u00e0ria<\/h4>\n\n<p><strong>Preu: 255\u20ac<\/strong><\/p>\n\n<figure class=\"wp-block-table is-style-stripes\"><table class=\"has-background has-fixed-layout\" style=\"background-color:#fcf0ef\"><tbody><tr><td>Prim\u00e0ria<\/td><\/tr><tr><td>Dimecres 16:30h-17:30h<\/td><\/tr><\/tbody><\/table><\/figure>\n<h2 class=\"wp-block-heading\" id=\"steam\">STEAM<\/h2>\n\n<h4 class=\"wp-block-heading\">\u00b7 Programaci\u00f3 HP<\/h4>\n\n<p><strong>Preu: 250\u20ac<\/strong><\/p>\n\n<figure class=\"wp-block-table is-style-stripes\"><table class=\"has-background has-fixed-layout\" style=\"background-color:#e9fbe5\"><tbody><tr><td>3r i 4t Secund\u00e0ria i 1r i 2n Batxillerat<\/td><\/tr><tr><td>Dimarts i Divendres 8:00h-9:00h<\/td><\/tr><\/tbody><\/table><\/figure>\n<h4 class=\"wp-block-heading\">\u00b7 Rob\u00f2tica (First Lego League)<\/h4>\n\n<p><strong>Preu: 85\u20ac<\/strong><\/p>\n\n<figure class=\"wp-block-table is-style-stripes\"><table class=\"has-background has-fixed-layout\" style=\"background-color:#e9fbe5\"><tbody><tr><td>2n, 3r i 4t Secund\u00e0ria<\/td><\/tr><tr><td>Durant l&#8217;horari escolar<\/td><\/tr><\/tbody><\/table><\/figure>\n<h2 class=\"wp-block-heading\" id=\"idiomas\">Idiomes<\/h2>\n\n<h4 class=\"wp-block-heading\">\u00b7 Alemany B1<\/h4>\n\n<p><strong>Preu: 450\u20ac<\/strong><\/p>\n\n<figure class=\"wp-block-table is-style-stripes\"><table class=\"has-background has-fixed-layout\" style=\"background-color:#e7f5fe\"><tbody><tr><td>1r i 2n Batxillerat<\/td><\/tr><tr><td>Dimarts i DIjous 15:30h-16:30h<\/td><\/tr><\/tbody><\/table><\/figure>\n<h4 class=\"wp-block-heading\">\u00b7 Franc\u00e8s DELF<\/h4>\n\n<p><strong>Preu: 450\u20ac<\/strong><\/p>\n\n<figure class=\"wp-block-table is-style-stripes\"><table class=\"has-background has-fixed-layout\" style=\"background-color:#e7f5fe\"><tbody><tr><td>3r i 4t Secund\u00e0ria i 1r i 2n Batxillerat<\/td><\/tr><tr><td>Dimarts i Dijous 16:30h-17:30h<\/td><\/tr><\/tbody><\/table><\/figure>\n<h4 class=\"wp-block-heading\">\u00b7 Angl\u00e8s (B2 First Certificate \/ C1 Advanced Certificate)<\/h4>\n\n<p><strong>Preu: 450\u20ac<\/strong><\/p>\n\n<figure class=\"wp-block-table is-style-stripes\"><table class=\"has-background has-fixed-layout\" style=\"background-color:#e7f5fe\"><tbody><tr><td>2n, 3r i 4t Secund\u00e0ria<\/td><td>1r i 2n Batxillerat<\/td><\/tr><tr><td>Dimarts i Dijous 16:30h-17:30h<\/td><td>Dimarts i DIjous 15:30h-16:30h<\/td><\/tr><\/tbody><\/table><\/figure>\n<h4 class=\"wp-block-heading\">\u00b7 Angl\u00e8s Adults<\/h4>\n\n<p><strong>Preu: 450\u20ac<\/strong><\/p>\n\n<figure class=\"wp-block-table is-style-stripes\"><table class=\"has-background has-fixed-layout\" style=\"background-color:#e7f5fe\"><tbody><tr><td>First Certificate<\/td><td>Advanced Certificate<\/td><td>Proficiency Certificate<\/td><\/tr><tr><td>Torn 1: Dilluns i Divendres 16:30h-17:30h&#13;\nTorn 2: Dimarts i Dijous 16:30h-17:30h<\/td><td>Torn 1: Dilluns i Divendres 16:30h-17:30h&#13;\nTorn 2: Dimarts i Dijous 16:30h-17:30h<\/td><td>Torn 1: Dilluns i Divendres 16:30h-17:30h&#13;\nTorn 2: Dimarts i Dijous 16:30h-17:30h<\/td><\/tr><\/tbody><\/table><\/figure>\n<p><\/p>\n","protected":false},"excerpt":{"rendered":"<p>Us presentem la nova oferta d&#8217;activitats extraescolars per al curs 2021-22. Augmentem el n\u00famero i varietat d&#8217;activitats i inaugurem l&#8217;Escola d&#8217;Idiomes de\u00a0Viar\u00f3. A m\u00e9s, introdu\u00efm noves activitats per a adults. En acabar les classes, aprofita al m\u00e0xim el temps! \u00cdndex Informaci\u00f3 general Enlla\u00e7os d&#8217;inscripci\u00f3 Activitats esportives Activitats art\u00edstiques Activitats d&#8217;STEAM Activitats d&#8217;idiomes Informaci\u00f3 general Calendari [&hellip;]<\/p>\n","protected":false},"author":11,"featured_media":8589,"parent":0,"menu_order":0,"comment_status":"closed","ping_status":"closed","template":"template-blocks.php","meta":{"_uag_custom_page_level_css":"","_joinchat":[],"footnotes":""},"class_list":["post-8796","page","type-page","status-publish","has-post-thumbnail","hentry"],"uagb_featured_image_src":{"full":["https:\/\/viaro.org\/wp-content\/uploads\/2021\/05\/equipos_viaro-scaled-e1620310069119.jpg",2560,1704,false],"thumbnail":["https:\/\/viaro.org\/wp-content\/uploads\/2021\/05\/equipos_viaro-150x150.jpg",150,150,true],"medium":["https:\/\/viaro.org\/wp-content\/uploads\/2021\/05\/equipos_viaro-300x200.jpg",300,200,true],"medium_large":["https:\/\/viaro.org\/wp-content\/uploads\/2021\/05\/equipos_viaro-768x511.jpg",640,426,true],"large":["https:\/\/viaro.org\/wp-content\/uploads\/2021\/05\/equipos_viaro-1024x681.jpg",640,426,true],"1536x1536":["https:\/\/viaro.org\/wp-content\/uploads\/2021\/05\/equipos_viaro-1536x1022.jpg",1536,1022,true],"2048x2048":["https:\/\/viaro.org\/wp-content\/uploads\/2021\/05\/equipos_viaro-2048x1363.jpg",2048,1363,true],"related-content":["https:\/\/viaro.org\/wp-content\/uploads\/2021\/05\/equipos_viaro-297x167.jpg",297,167,true]},"uagb_author_info":{"display_name":"Comunicaci\u00f3 Viar\u00f3","author_link":"https:\/\/viaro.org\/ca\/author\/viarocom\/"},"uagb_comment_info":0,"uagb_excerpt":"Us presentem la nova oferta d&#8217;activitats extraescolars per al curs 2021-22. Augmentem el n\u00famero i varietat d&#8217;activitats i inaugurem l&#8217;Escola d&#8217;Idiomes de\u00a0Viar\u00f3. A m\u00e9s, introdu\u00efm noves activitats per a adults. En acabar les classes, aprofita al m\u00e0xim el temps! \u00cdndex Informaci\u00f3 general Enlla\u00e7os d&#8217;inscripci\u00f3 Activitats esportives Activitats art\u00edstiques Activitats d&#8217;STEAM Activitats d&#8217;idiomes Informaci\u00f3 general Calendari&hellip;","_links":{"self":[{"href":"https:\/\/viaro.org\/ca\/wp-json\/wp\/v2\/pages\/8796","targetHints":{"allow":["GET"]}}],"collection":[{"href":"https:\/\/viaro.org\/ca\/wp-json\/wp\/v2\/pages"}],"about":[{"href":"https:\/\/viaro.org\/ca\/wp-json\/wp\/v2\/types\/page"}],"author":[{"embeddable":true,"href":"https:\/\/viaro.org\/ca\/wp-json\/wp\/v2\/users\/11"}],"replies":[{"embeddable":true,"href":"https:\/\/viaro.org\/ca\/wp-json\/wp\/v2\/comments?post=8796"}],"version-history":[{"count":15,"href":"https:\/\/viaro.org\/ca\/wp-json\/wp\/v2\/pages\/8796\/revisions"}],"predecessor-version":[{"id":9413,"href":"https:\/\/viaro.org\/ca\/wp-json\/wp\/v2\/pages\/8796\/revisions\/9413"}],"wp:featuredmedia":[{"embeddable":true,"href":"https:\/\/viaro.org\/ca\/wp-json\/wp\/v2\/media\/8589"}],"wp:attachment":[{"href":"https:\/\/viaro.org\/ca\/wp-json\/wp\/v2\/media?parent=8796"}],"curies":[{"name":"wp","href":"https:\/\/api.w.org\/{rel}","templated":true}]}}