{"id":902,"date":"2018-09-26T10:26:26","date_gmt":"2018-09-26T10:26:26","guid":{"rendered":"http:\/\/viaro.org\/formacion-de-docentes\/"},"modified":"2019-02-12T12:24:34","modified_gmt":"2019-02-12T12:24:34","slug":"formacion-de-docentes","status":"publish","type":"page","link":"https:\/\/viaro.org\/ca\/vida-academica\/formacion-de-docentes\/","title":{"rendered":"Formaci\u00f3 dels Docents"},"content":{"rendered":"<p>L\u2019\u00e8xit d&#8217;un col\u00b7legi dep\u00e8n, en bona part, de la compet\u00e8ncia acad\u00e8mica i professional dels seus docents. Viar\u00f3 dedica l&#8217;esfor\u00e7 necessari per a la millora constant de l\u2019equip docent i facilita els mitjans per a la seva formaci\u00f3 cont\u00ednua.<\/p>\n<p><img decoding=\"async\" class=\"alignnone size-full wp-image-251\" src=\"http:\/\/viaro.org\/wp-content\/uploads\/2018\/10\/docentes-formacion.jpg\" alt=\"formaci\u00f3n de docentes\" width=\"604\" height=\"308\" srcset=\"https:\/\/viaro.org\/wp-content\/uploads\/2018\/10\/docentes-formacion.jpg 604w, https:\/\/viaro.org\/wp-content\/uploads\/2018\/10\/docentes-formacion-300x153.jpg 300w, https:\/\/viaro.org\/wp-content\/uploads\/2018\/10\/docentes-formacion-410x209.jpg 410w\" sizes=\"(max-width: 604px) 100vw, 604px\" \/><\/p>\n<p>Especialment en les jornades de treball sense alumnes de setembre i juny, el col\u00b7legi organitza cursos de formaci\u00f3 per a docents, amb un pr\u00e0ctic i innovador enfocament que es tradueix despr\u00e9s en una major qualitat del seu treball a l\u2019aula i en l\u2019atenci\u00f3 a les fam\u00edlies i alumnes.<\/p>\n<p>De la mateixa manera, un dia a la setmana, abans de comen\u00e7ar les classes, es reuneix el claustre, alternant sessions plen\u00e0ries, per departaments o per seccions, amb l&#8217;objectiu de dedicar un temps a la seva formaci\u00f3 humana i acad\u00e8mica i tractar aspectes organitzatius generals del col\u00b7legi. Es contribueix d&#8217;aquesta forma a la cohesi\u00f3 del grup i es facilita l&#8217;efic\u00e0cia<br \/>\nen les orientacions estrat\u00e8giques del centre.<\/p>\n<p>Som conscients que les necessitats de formaci\u00f3 s\u00f3n tan variades com les persones que treballen al col\u00b7legi, per aix\u00f2, a m\u00e9s d&#8217;organitzar els cursos generals, cada docent compta amb els mitjans per forjar el seu propi projecte professional. Mitjan\u00e7ant entrevistes personals amb la persona responsable de la seva secci\u00f3, identifiquen els seus punts forts i de millora, reben orientaci\u00f3 per a la seva formaci\u00f3 cont\u00ednua i se&#8217;ls anima a realitzar cursos, participar en congressos, assistir a confer\u00e8ncies, publicar articles, etc.<\/p>\n<p>A m\u00e9s d&#8217;oferir els prescriptius cursos de formaci\u00f3 en prevenci\u00f3 de riscos laborals, seguretat i primers auxilis, tamb\u00e9 hem procurat que alguns dels docents obtinguin la necess\u00e0ria titulaci\u00f3 de monitors d&#8217;activitats d&#8217;oci perqu\u00e8 puguin atendre ells mateixos els cursos d&#8217;stiu que oferim als alumnes.<\/p>\n","protected":false},"excerpt":{"rendered":"<p>L\u2019\u00e8xit d&#8217;un col\u00b7legi dep\u00e8n, en bona part, de la compet\u00e8ncia acad\u00e8mica i professional dels seus docents. Viar\u00f3 dedica l&#8217;esfor\u00e7 necessari per a la millora constant de l\u2019equip docent i facilita els mitjans per a la seva formaci\u00f3 cont\u00ednua. Especialment en les jornades de treball sense alumnes de setembre i juny, el col\u00b7legi organitza cursos de [&hellip;]<\/p>\n","protected":false},"author":2,"featured_media":903,"parent":1344,"menu_order":0,"comment_status":"closed","ping_status":"closed","template":"page-related.php","meta":{"_uag_custom_page_level_css":"","_joinchat":[],"footnotes":""},"class_list":["post-902","page","type-page","status-publish","has-post-thumbnail","hentry"],"uagb_featured_image_src":{"full":["https:\/\/viaro.org\/wp-content\/uploads\/2018\/11\/header-formacion-docentes.jpg",2880,752,false],"thumbnail":["https:\/\/viaro.org\/wp-content\/uploads\/2018\/11\/header-formacion-docentes-150x150.jpg",150,150,true],"medium":["https:\/\/viaro.org\/wp-content\/uploads\/2018\/11\/header-formacion-docentes-300x78.jpg",300,78,true],"medium_large":["https:\/\/viaro.org\/wp-content\/uploads\/2018\/11\/header-formacion-docentes-768x201.jpg",640,168,true],"large":["https:\/\/viaro.org\/wp-content\/uploads\/2018\/11\/header-formacion-docentes-1024x267.jpg",640,167,true],"1536x1536":["https:\/\/viaro.org\/wp-content\/uploads\/2018\/11\/header-formacion-docentes.jpg",1536,401,false],"2048x2048":["https:\/\/viaro.org\/wp-content\/uploads\/2018\/11\/header-formacion-docentes.jpg",2048,535,false],"related-content":["https:\/\/viaro.org\/wp-content\/uploads\/2018\/11\/header-formacion-docentes-297x167.jpg",297,167,true]},"uagb_author_info":{"display_name":"","author_link":"https:\/\/viaro.org\/ca\/author\/"},"uagb_comment_info":0,"uagb_excerpt":"L\u2019\u00e8xit d&#8217;un col\u00b7legi dep\u00e8n, en bona part, de la compet\u00e8ncia acad\u00e8mica i professional dels seus docents. Viar\u00f3 dedica l&#8217;esfor\u00e7 necessari per a la millora constant de l\u2019equip docent i facilita els mitjans per a la seva formaci\u00f3 cont\u00ednua. Especialment en les jornades de treball sense alumnes de setembre i juny, el col\u00b7legi organitza cursos de&hellip;","_links":{"self":[{"href":"https:\/\/viaro.org\/ca\/wp-json\/wp\/v2\/pages\/902","targetHints":{"allow":["GET"]}}],"collection":[{"href":"https:\/\/viaro.org\/ca\/wp-json\/wp\/v2\/pages"}],"about":[{"href":"https:\/\/viaro.org\/ca\/wp-json\/wp\/v2\/types\/page"}],"author":[{"embeddable":true,"href":"https:\/\/viaro.org\/ca\/wp-json\/wp\/v2\/users\/2"}],"replies":[{"embeddable":true,"href":"https:\/\/viaro.org\/ca\/wp-json\/wp\/v2\/comments?post=902"}],"version-history":[{"count":1,"href":"https:\/\/viaro.org\/ca\/wp-json\/wp\/v2\/pages\/902\/revisions"}],"predecessor-version":[{"id":905,"href":"https:\/\/viaro.org\/ca\/wp-json\/wp\/v2\/pages\/902\/revisions\/905"}],"up":[{"embeddable":true,"href":"https:\/\/viaro.org\/ca\/wp-json\/wp\/v2\/pages\/1344"}],"wp:featuredmedia":[{"embeddable":true,"href":"https:\/\/viaro.org\/ca\/wp-json\/wp\/v2\/media\/903"}],"wp:attachment":[{"href":"https:\/\/viaro.org\/ca\/wp-json\/wp\/v2\/media?parent=902"}],"curies":[{"name":"wp","href":"https:\/\/api.w.org\/{rel}","templated":true}]}}