{"id":928,"date":"2018-09-26T10:29:37","date_gmt":"2018-09-26T10:29:37","guid":{"rendered":"http:\/\/viaro.org\/formacion-de-padres\/"},"modified":"2019-02-12T15:51:24","modified_gmt":"2019-02-12T15:51:24","slug":"formacion-de-padres","status":"publish","type":"page","link":"https:\/\/viaro.org\/ca\/comunidad-y-servicios\/formacion-de-padres\/","title":{"rendered":"Formaci\u00f3 de Pares"},"content":{"rendered":"<p>Les fam\u00edlies que van impulsar Viar\u00f3 al comen\u00e7ament havien apr\u00e8s de Sant Josepmaria Escriv\u00e1 que l&#8217;ordre d&#8217;import\u00e0ncia en les accions educatives del col\u00b7legi havia de ser: pares, professors i alumnes. Els pares i mares, amb el seu exemple i dedicaci\u00f3, s\u00f3n el factor m\u00e9s important i influent en l&#8217;educaci\u00f3 dels seus fills.<\/p>\n<p><img decoding=\"async\" class=\"alignnone size-full wp-image-929\" src=\"http:\/\/viaro.org\/wp-content\/uploads\/2018\/10\/formacion-para-padres.jpg\" alt=\"formaci\u00f3n para padres\" width=\"606\" height=\"306\" srcset=\"https:\/\/viaro.org\/wp-content\/uploads\/2018\/10\/formacion-para-padres.jpg 606w, https:\/\/viaro.org\/wp-content\/uploads\/2018\/10\/formacion-para-padres-300x151.jpg 300w, https:\/\/viaro.org\/wp-content\/uploads\/2018\/10\/formacion-para-padres-410x207.jpg 410w\" sizes=\"(max-width: 606px) 100vw, 606px\" \/><\/p>\n<p>Aquesta visi\u00f3, encara avui innovadora, ha inspirat les activitats de Viar\u00f3 des de 1963; i despr\u00e9s de mig segle, s\u00f3n moltes les fam\u00edlies que s&#8217;han beneficiat de la formaci\u00f3 que els ofereix el col\u00b7legi.<\/p>\n<p>Viar\u00f3 ofereix regularment als pares els seg\u00fcents mitjans per a la seva formaci\u00f3:<\/p>\n<p>Reunions de pares. Cada trimestre es reuneixen les fam\u00edlies per cursos per assistir en una confer\u00e8ncia sobre aspectes generals del col\u00b7legi i sobre algun tema espec\u00edfic segons l&#8217;edat dels seus fills.<\/p>\n<ul>\n<li><strong>COF:<\/strong> Els Cursos d&#8217;Orientaci\u00f3 Familiar s&#8217;organitzen conjuntament amb el FERT. Seguint el m\u00e8tode del cas, l&#8217;estudi personal i el debat en grups, les fam\u00edlies tenen l&#8217;oportunitat de tractar amb especialistes les problem\u00e0tiques associades a cada edat.<\/li>\n<li><strong>Activitats familiars:<\/strong> El col\u00b7legi organitza durant tot l&#8217;any diversos esdeveniments i festes per a tota la fam\u00edlia i ofereix les seves instal\u00b7lacions per poder reunir-se els caps de setmana i organitzar trobades familiars al col\u00b7legi.<\/li>\n<li><strong>Formaci\u00f3 humana i cristiana:<\/strong> Els pares i mares que ho desitgen poden participar en cursos i xerrades de formaci\u00f3. Els sacerdots del col\u00b7legi estan disponibles per atendre els qui ho sol\u00b7liciten.<\/li>\n<li><strong>Revista el Vell Ametller:<\/strong> A la revista del col\u00b7legi, oferim als pares articles d&#8217;inter\u00e8s educatiu i altres recomanacions. Tamb\u00e9 es poden consultar els articles que escriuen els nostres docents en el blog http:\/\/research.viaro.es<\/li>\n<li><strong>Entrevistes:<\/strong> Almenys una vegada al trimestre, i sempre que ho desitgin, les fam\u00edlies s\u2019entrevisten amb el tutor personal de cada un dels seus fills per avaluar els resultats obtinguts i establir conjuntament objectius de millora personal i acad\u00e8mica. Els tutors tamb\u00e9 els orienten, aconsellen i animen en l&#8217;apassionant tasca d&#8217;educar els seus fills.<\/li>\n<\/ul>\n","protected":false},"excerpt":{"rendered":"<p>Les fam\u00edlies que van impulsar Viar\u00f3 al comen\u00e7ament havien apr\u00e8s de Sant Josepmaria Escriv\u00e1 que l&#8217;ordre d&#8217;import\u00e0ncia en les accions educatives del col\u00b7legi havia de ser: pares, professors i alumnes. Els pares i mares, amb el seu exemple i dedicaci\u00f3, s\u00f3n el factor m\u00e9s important i influent en l&#8217;educaci\u00f3 dels seus fills. Aquesta visi\u00f3, encara [&hellip;]<\/p>\n","protected":false},"author":2,"featured_media":930,"parent":1337,"menu_order":0,"comment_status":"closed","ping_status":"closed","template":"page-related.php","meta":{"_uag_custom_page_level_css":"","_joinchat":[],"footnotes":""},"class_list":["post-928","page","type-page","status-publish","has-post-thumbnail","hentry"],"uagb_featured_image_src":{"full":["https:\/\/viaro.org\/wp-content\/uploads\/2018\/11\/header-formacion-padres.jpg",2880,752,false],"thumbnail":["https:\/\/viaro.org\/wp-content\/uploads\/2018\/11\/header-formacion-padres-150x150.jpg",150,150,true],"medium":["https:\/\/viaro.org\/wp-content\/uploads\/2018\/11\/header-formacion-padres-300x78.jpg",300,78,true],"medium_large":["https:\/\/viaro.org\/wp-content\/uploads\/2018\/11\/header-formacion-padres-768x201.jpg",640,168,true],"large":["https:\/\/viaro.org\/wp-content\/uploads\/2018\/11\/header-formacion-padres-1024x267.jpg",640,167,true],"1536x1536":["https:\/\/viaro.org\/wp-content\/uploads\/2018\/11\/header-formacion-padres.jpg",1536,401,false],"2048x2048":["https:\/\/viaro.org\/wp-content\/uploads\/2018\/11\/header-formacion-padres.jpg",2048,535,false],"related-content":["https:\/\/viaro.org\/wp-content\/uploads\/2018\/11\/header-formacion-padres-297x167.jpg",297,167,true]},"uagb_author_info":{"display_name":"","author_link":"https:\/\/viaro.org\/ca\/author\/"},"uagb_comment_info":0,"uagb_excerpt":"Les fam\u00edlies que van impulsar Viar\u00f3 al comen\u00e7ament havien apr\u00e8s de Sant Josepmaria Escriv\u00e1 que l&#8217;ordre d&#8217;import\u00e0ncia en les accions educatives del col\u00b7legi havia de ser: pares, professors i alumnes. Els pares i mares, amb el seu exemple i dedicaci\u00f3, s\u00f3n el factor m\u00e9s important i influent en l&#8217;educaci\u00f3 dels seus fills. Aquesta visi\u00f3, encara&hellip;","_links":{"self":[{"href":"https:\/\/viaro.org\/ca\/wp-json\/wp\/v2\/pages\/928","targetHints":{"allow":["GET"]}}],"collection":[{"href":"https:\/\/viaro.org\/ca\/wp-json\/wp\/v2\/pages"}],"about":[{"href":"https:\/\/viaro.org\/ca\/wp-json\/wp\/v2\/types\/page"}],"author":[{"embeddable":true,"href":"https:\/\/viaro.org\/ca\/wp-json\/wp\/v2\/users\/2"}],"replies":[{"embeddable":true,"href":"https:\/\/viaro.org\/ca\/wp-json\/wp\/v2\/comments?post=928"}],"version-history":[{"count":1,"href":"https:\/\/viaro.org\/ca\/wp-json\/wp\/v2\/pages\/928\/revisions"}],"predecessor-version":[{"id":932,"href":"https:\/\/viaro.org\/ca\/wp-json\/wp\/v2\/pages\/928\/revisions\/932"}],"up":[{"embeddable":true,"href":"https:\/\/viaro.org\/ca\/wp-json\/wp\/v2\/pages\/1337"}],"wp:featuredmedia":[{"embeddable":true,"href":"https:\/\/viaro.org\/ca\/wp-json\/wp\/v2\/media\/930"}],"wp:attachment":[{"href":"https:\/\/viaro.org\/ca\/wp-json\/wp\/v2\/media?parent=928"}],"curies":[{"name":"wp","href":"https:\/\/api.w.org\/{rel}","templated":true}]}}