{"id":933,"date":"2018-09-26T10:24:08","date_gmt":"2018-09-26T10:24:08","guid":{"rendered":"http:\/\/viaro.org\/infantil\/"},"modified":"2021-04-07T09:35:28","modified_gmt":"2021-04-07T09:35:28","slug":"infantil","status":"publish","type":"page","link":"https:\/\/viaro.org\/ca\/vida-academica\/infantil\/","title":{"rendered":"Infantil"},"content":{"rendered":"<div class=\"container\">\n<p><iframe title=\"Nens oberts en un m\u00f3n global | Infantil Viar\u00f3 Global School\" width=\"640\" height=\"360\" src=\"https:\/\/www.youtube.com\/embed\/tVNKpBnJ_6s?feature=oembed\" frameborder=\"0\" allow=\"accelerometer; autoplay; clipboard-write; encrypted-media; gyroscope; picture-in-picture; web-share\" referrerpolicy=\"strict-origin-when-cross-origin\" allowfullscreen><\/iframe><\/p>\n<p>A Viar\u00f3, l\u2019etapa d\u2019Educaci\u00f3 INFANTIL acull <strong>nens i nenes des de P0 fins a P5<\/strong>. Els tres primers cursos, P0, P1 i P2, s\u00f3n equivalents a l\u2019etapa de guarderia, on els m\u00e9s petits s\u2019adapten a l\u2019entorn escolar mitjan\u00e7ant l\u2019estimulaci\u00f3 sensorial i el descobriment d\u2019espais de treball. D\u2019aquesta manera, s\u2019afavoreix la continu\u00eftat durant el Segon Cicle de l\u2019Educaci\u00f3 Infantil, que compr\u00e8n els cursos de P3, P4 i P5, tots ells concertats pel Departament d\u2019Ensenyament.<\/p>\n<p>Conscients que <strong>la fam\u00edlia \u00e9s el nucli vertebrador de l\u2019educaci\u00f3 dels nens<\/strong>, donem suport a aquest per\u00edode educatiu inicial oferint cursos de formaci\u00f3, participaci\u00f3 en la vida escolar i vetllem per personalitzar al m\u00e0xim els estudis de desenvolupament i aprenentatge.<\/p>\n<h2><a href=\"https:\/\/viaro.org\/ca\/portes-obertes-infantil\/\" target=\"_blank\" rel=\"noopener noreferrer\">Descobreix les nostres instal\u00b7lacions: un espai per cr\u00e9ixer i desenvolupar-se globalment.<\/a><\/h2>\n<p><strong>Durant aquesta primera etapa, acompanyem l\u2019educaci\u00f3 dels nens i nenes amb una atenci\u00f3 personalitzada, desenvolupant totes les seves potencialitats i fomentant l\u2019autonomia i l\u2019autoestima necess\u00e0ries per al seu \u00f2ptim desenvolupament.<\/strong><\/p>\n<p><img decoding=\"async\" class=\"regando alignnone wp-image-934 size-full\" src=\"https:\/\/viaro.org\/wp-content\/uploads\/2018\/09\/infantil-regando.jpg\" alt=\"infantil regando\" width=\"606\" height=\"314\" srcset=\"https:\/\/viaro.org\/wp-content\/uploads\/2018\/09\/infantil-regando.jpg 606w, https:\/\/viaro.org\/wp-content\/uploads\/2018\/09\/infantil-regando-300x155.jpg 300w, https:\/\/viaro.org\/wp-content\/uploads\/2018\/09\/infantil-regando-410x212.jpg 410w\" sizes=\"(max-width: 606px) 100vw, 606px\" \/><\/p>\n<p>Oferim un entorn envoltat de natura aix\u00ed com uns equipaments especialment adaptats a les necessitats individuals de cada nen: aules funcionals segons l\u2019edat, patis que afavoreixen el desenvolupament psicomotriu, aules dotades de tecnologia i espais i projectes d\u2019aprenentatge significatius. Tot aix\u00f2 pilotat per un professorat qualificat, expert i en constant formaci\u00f3.<\/p>\n<p>El contacte diari amb els pares afavoreix una flu\u00efda comunicaci\u00f3 fam\u00edlia-escola que permet fomentar el millor de cada alumne.<\/p>\n<p>La flexibilitat hor\u00e0ria en els per\u00edodes d\u2019acollida i de sortida en horari lectiu est\u00e0 concebuda perqu\u00e8 les fam\u00edlies puguin conciliar la vida laboral i familiar. Tamb\u00e9 es pot fer \u00fas del Tiquet Guarderia.<\/p>\n<\/div>\n<div class=\"grey-area\">\n<h2>Els reptes educatius que ens proposem<\/h2>\n<ol>\n<li><strong>Nens feli\u00e7os en un m\u00f3n millor<\/strong><br \/>\nAcompanyem els alumnes i les seves fam\u00edlies en el seu cam\u00ed de creixement perqu\u00e8 adquireixin una plena autonomia, i els ensenyem a conviure amb tothom en un m\u00f3n divers.<\/li>\n<li><strong>Nens valents en un m\u00f3n canviant<\/strong><br \/>\nJuntament amb les habilitats b\u00e0siques de lectoescriptura i matem\u00e0tiques, procurem que desenvolupin el pensament creatiu i les compet\u00e8ncies emocionals que els permetin adaptar-se amb \u00e8xit als reptes que els plantegi el futur.<\/li>\n<li><strong>Nens oberts en un m\u00f3n global<\/strong><br \/>\nEls coneixements tecnol\u00f2gics, el pensament cr\u00edtic i el domini dels idiomes -especialment l\u2019angl\u00e8s- s\u00f3n fonamentals per interactuar en un m\u00f3n global. Aquests eixos transversals es troben presents en totes les activitats que proposem.<\/li>\n<li><strong>Nens responsables en un m\u00f3n sostenible<\/strong><br \/>\nLa nostra proposta, basada en estrat\u00e8gies de treball cooperatiu i per projectes busca fomentar el lideratge a trav\u00e9s del servei, en un entorn natural que promogui la cura del medi ambient.<\/li>\n<\/ol>\n<\/div>\n<h3><\/h3>\n<p><strong>T&#8217;agradaria con\u00e8ixer Viar\u00f3 Infantil?<\/strong><\/p>\n<p>Sol\u00b7licita una entrevista emplenant aquest formulari:<\/p>\n<script type=\"text\/javascript\" src=\"\/\/m.viaro.org\/form\/generate.js?id=2\"><\/script>","protected":false},"excerpt":{"rendered":"<p>A Viar\u00f3, l\u2019etapa d\u2019Educaci\u00f3 INFANTIL acull nens i nenes des de P0 fins a P5. Els tres primers cursos, P0, P1 i P2, s\u00f3n equivalents a l\u2019etapa de guarderia, on els m\u00e9s petits s\u2019adapten a l\u2019entorn escolar mitjan\u00e7ant l\u2019estimulaci\u00f3 sensorial i el descobriment d\u2019espais de treball. D\u2019aquesta manera, s\u2019afavoreix la continu\u00eftat durant el Segon Cicle [&hellip;]<\/p>\n","protected":false},"author":2,"featured_media":935,"parent":1344,"menu_order":0,"comment_status":"closed","ping_status":"closed","template":"page-related.php","meta":{"_uag_custom_page_level_css":"","_joinchat":[],"footnotes":""},"class_list":["post-933","page","type-page","status-publish","has-post-thumbnail","hentry"],"uagb_featured_image_src":{"full":["https:\/\/viaro.org\/wp-content\/uploads\/2018\/11\/header-infantil.jpg",2880,752,false],"thumbnail":["https:\/\/viaro.org\/wp-content\/uploads\/2018\/11\/header-infantil-150x150.jpg",150,150,true],"medium":["https:\/\/viaro.org\/wp-content\/uploads\/2018\/11\/header-infantil-300x78.jpg",300,78,true],"medium_large":["https:\/\/viaro.org\/wp-content\/uploads\/2018\/11\/header-infantil-768x201.jpg",640,168,true],"large":["https:\/\/viaro.org\/wp-content\/uploads\/2018\/11\/header-infantil-1024x267.jpg",640,167,true],"1536x1536":["https:\/\/viaro.org\/wp-content\/uploads\/2018\/11\/header-infantil.jpg",1536,401,false],"2048x2048":["https:\/\/viaro.org\/wp-content\/uploads\/2018\/11\/header-infantil.jpg",2048,535,false],"related-content":["https:\/\/viaro.org\/wp-content\/uploads\/2018\/11\/header-infantil-297x167.jpg",297,167,true]},"uagb_author_info":{"display_name":"","author_link":"https:\/\/viaro.org\/ca\/author\/"},"uagb_comment_info":0,"uagb_excerpt":"A Viar\u00f3, l\u2019etapa d\u2019Educaci\u00f3 INFANTIL acull nens i nenes des de P0 fins a P5. Els tres primers cursos, P0, P1 i P2, s\u00f3n equivalents a l\u2019etapa de guarderia, on els m\u00e9s petits s\u2019adapten a l\u2019entorn escolar mitjan\u00e7ant l\u2019estimulaci\u00f3 sensorial i el descobriment d\u2019espais de treball. D\u2019aquesta manera, s\u2019afavoreix la continu\u00eftat durant el Segon Cicle&hellip;","_links":{"self":[{"href":"https:\/\/viaro.org\/ca\/wp-json\/wp\/v2\/pages\/933","targetHints":{"allow":["GET"]}}],"collection":[{"href":"https:\/\/viaro.org\/ca\/wp-json\/wp\/v2\/pages"}],"about":[{"href":"https:\/\/viaro.org\/ca\/wp-json\/wp\/v2\/types\/page"}],"author":[{"embeddable":true,"href":"https:\/\/viaro.org\/ca\/wp-json\/wp\/v2\/users\/2"}],"replies":[{"embeddable":true,"href":"https:\/\/viaro.org\/ca\/wp-json\/wp\/v2\/comments?post=933"}],"version-history":[{"count":7,"href":"https:\/\/viaro.org\/ca\/wp-json\/wp\/v2\/pages\/933\/revisions"}],"predecessor-version":[{"id":7972,"href":"https:\/\/viaro.org\/ca\/wp-json\/wp\/v2\/pages\/933\/revisions\/7972"}],"up":[{"embeddable":true,"href":"https:\/\/viaro.org\/ca\/wp-json\/wp\/v2\/pages\/1344"}],"wp:featuredmedia":[{"embeddable":true,"href":"https:\/\/viaro.org\/ca\/wp-json\/wp\/v2\/media\/935"}],"wp:attachment":[{"href":"https:\/\/viaro.org\/ca\/wp-json\/wp\/v2\/media?parent=933"}],"curies":[{"name":"wp","href":"https:\/\/api.w.org\/{rel}","templated":true}]}}