{"id":951,"date":"2018-09-26T10:26:07","date_gmt":"2018-09-26T10:26:07","guid":{"rendered":"http:\/\/viaro.org\/humanidades\/"},"modified":"2019-02-12T16:30:54","modified_gmt":"2019-02-12T16:30:54","slug":"humanidades","status":"publish","type":"page","link":"https:\/\/viaro.org\/ca\/vida-academica\/humanidades\/","title":{"rendered":"Humanitats"},"content":{"rendered":"<p>A trav\u00e9s de les assignatures del departament d\u2019Humanitats (ci\u00e8ncies socials, geografia, hist\u00f2ria, hist\u00f2ria de l\u2019art, cultura audiovisual, llat\u00ed i filosofia), els alumnes adquireixen els coneixements necessaris per a comprendre en profunditat el m\u00f3n que els envolta, la societat de la qual formen part i les difer\u00e8ncies culturals.<\/p>\n<p><img decoding=\"async\" class=\"alignnone size-full wp-image-247\" src=\"http:\/\/viaro.org\/wp-content\/uploads\/2018\/10\/departamento-humanidades.jpg\" alt=\"departamento humanidades\" width=\"604\" height=\"308\" srcset=\"https:\/\/viaro.org\/wp-content\/uploads\/2018\/10\/departamento-humanidades.jpg 604w, https:\/\/viaro.org\/wp-content\/uploads\/2018\/10\/departamento-humanidades-300x153.jpg 300w, https:\/\/viaro.org\/wp-content\/uploads\/2018\/10\/departamento-humanidades-410x209.jpg 410w\" sizes=\"(max-width: 604px) 100vw, 604px\" \/><\/p>\n<p>Des de l\u2019estudi de la cultura i la filosofia cl\u00e0ssiques, fins a la hist\u00f2ria del m\u00f3n contemporani. De l\u2019observaci\u00f3 dels fen\u00f2mens atmosf\u00e8rics, fins al sentit de l\u2019art modern, passant pels coneixements human\u00edstics que ens permeten comprendre les persones i les seves relacions.<\/p>\n<p>Aquest conjunt d\u2019assignatures permeten tamb\u00e9 el desenvolupament de compet\u00e8ncies transversals com la comprensi\u00f3 lectora i l\u2019expressi\u00f3 oral i escrita. A m\u00e9s, a Secund\u00e0ria l\u2019assignatura de ci\u00e8ncies socials s\u2019imparteix en llengua anglesa en tots els cursos, per refor\u00e7ar aix\u00ed l\u2019aprenentatge d\u2019aquest idioma.<\/p>\n","protected":false},"excerpt":{"rendered":"<p>A trav\u00e9s de les assignatures del departament d\u2019Humanitats (ci\u00e8ncies socials, geografia, hist\u00f2ria, hist\u00f2ria de l\u2019art, cultura audiovisual, llat\u00ed i filosofia), els alumnes adquireixen els coneixements necessaris per a comprendre en profunditat el m\u00f3n que els envolta, la societat de la qual formen part i les difer\u00e8ncies culturals. Des de l\u2019estudi de la cultura i la [&hellip;]<\/p>\n","protected":false},"author":2,"featured_media":953,"parent":1344,"menu_order":0,"comment_status":"closed","ping_status":"closed","template":"page-related.php","meta":{"_uag_custom_page_level_css":"","_joinchat":[],"footnotes":""},"class_list":["post-951","page","type-page","status-publish","has-post-thumbnail","hentry"],"uagb_featured_image_src":{"full":["https:\/\/viaro.org\/wp-content\/uploads\/2018\/11\/header-humanidades.jpg",2880,752,false],"thumbnail":["https:\/\/viaro.org\/wp-content\/uploads\/2018\/11\/header-humanidades-150x150.jpg",150,150,true],"medium":["https:\/\/viaro.org\/wp-content\/uploads\/2018\/11\/header-humanidades-300x78.jpg",300,78,true],"medium_large":["https:\/\/viaro.org\/wp-content\/uploads\/2018\/11\/header-humanidades-768x201.jpg",640,168,true],"large":["https:\/\/viaro.org\/wp-content\/uploads\/2018\/11\/header-humanidades-1024x267.jpg",640,167,true],"1536x1536":["https:\/\/viaro.org\/wp-content\/uploads\/2018\/11\/header-humanidades.jpg",1536,401,false],"2048x2048":["https:\/\/viaro.org\/wp-content\/uploads\/2018\/11\/header-humanidades.jpg",2048,535,false],"related-content":["https:\/\/viaro.org\/wp-content\/uploads\/2018\/11\/header-humanidades-297x167.jpg",297,167,true]},"uagb_author_info":{"display_name":"","author_link":"https:\/\/viaro.org\/ca\/author\/"},"uagb_comment_info":0,"uagb_excerpt":"A trav\u00e9s de les assignatures del departament d\u2019Humanitats (ci\u00e8ncies socials, geografia, hist\u00f2ria, hist\u00f2ria de l\u2019art, cultura audiovisual, llat\u00ed i filosofia), els alumnes adquireixen els coneixements necessaris per a comprendre en profunditat el m\u00f3n que els envolta, la societat de la qual formen part i les difer\u00e8ncies culturals. Des de l\u2019estudi de la cultura i la&hellip;","_links":{"self":[{"href":"https:\/\/viaro.org\/ca\/wp-json\/wp\/v2\/pages\/951","targetHints":{"allow":["GET"]}}],"collection":[{"href":"https:\/\/viaro.org\/ca\/wp-json\/wp\/v2\/pages"}],"about":[{"href":"https:\/\/viaro.org\/ca\/wp-json\/wp\/v2\/types\/page"}],"author":[{"embeddable":true,"href":"https:\/\/viaro.org\/ca\/wp-json\/wp\/v2\/users\/2"}],"replies":[{"embeddable":true,"href":"https:\/\/viaro.org\/ca\/wp-json\/wp\/v2\/comments?post=951"}],"version-history":[{"count":1,"href":"https:\/\/viaro.org\/ca\/wp-json\/wp\/v2\/pages\/951\/revisions"}],"predecessor-version":[{"id":955,"href":"https:\/\/viaro.org\/ca\/wp-json\/wp\/v2\/pages\/951\/revisions\/955"}],"up":[{"embeddable":true,"href":"https:\/\/viaro.org\/ca\/wp-json\/wp\/v2\/pages\/1344"}],"wp:featuredmedia":[{"embeddable":true,"href":"https:\/\/viaro.org\/ca\/wp-json\/wp\/v2\/media\/953"}],"wp:attachment":[{"href":"https:\/\/viaro.org\/ca\/wp-json\/wp\/v2\/media?parent=951"}],"curies":[{"name":"wp","href":"https:\/\/api.w.org\/{rel}","templated":true}]}}