{"id":956,"date":"2018-09-26T10:24:30","date_gmt":"2018-09-26T10:24:30","guid":{"rendered":"http:\/\/viaro.org\/musica-emv\/"},"modified":"2022-05-10T13:21:48","modified_gmt":"2022-05-10T13:21:48","slug":"musica-emv","status":"publish","type":"page","link":"https:\/\/viaro.org\/ca\/vida-academica\/musica-emv\/","title":{"rendered":"M\u00fasica (EMV)"},"content":{"rendered":"<p><strong>A Viar\u00f3, la m\u00fasica ha estat sempre element essencial de la formaci\u00f3 dels alumnes. La seva dimensi\u00f3 creativa, social i integradora contribueix molt positivament al desenvolupament de les seves capacitats art\u00edstiques i human\u00edstiques. Per sol\u00b7licitar informaci\u00f3 i inscrivir-vos a l&#8217;EMV Escola de M\u00fasica de Viar\u00f3) podeu escriure a l&#8217;adre\u00e7a <a href=\"mailto:emv@viaro.org\">emv@viaro.org<\/a><\/strong><\/p>\n<p>Actituds i aptituds que treballa el Departament de M\u00fasica:<\/p>\n<ul>\n<li>Sensibilitat per l&#8217;art.<\/li>\n<li>Valor de l&#8217;esfor\u00e7.<\/li>\n<li>Desenvolupament de la creativitat.<\/li>\n<li>Foment de la const\u00e0ncia.<\/li>\n<li>Responsabilitat i gust pel treball en equip.<\/li>\n<li>Autonomia i apoderament.<\/li>\n<li>Generositat i alegria de compartir.<\/li>\n<\/ul>\n<h2>Principals activitats musicals:<\/h2>\n","protected":false},"excerpt":{"rendered":"<p>A Viar\u00f3, la m\u00fasica ha estat sempre element essencial de la formaci\u00f3 dels alumnes. La seva dimensi\u00f3 creativa, social i integradora contribueix molt positivament al desenvolupament de les seves capacitats art\u00edstiques i human\u00edstiques. Per sol\u00b7licitar informaci\u00f3 i inscrivir-vos a l&#8217;EMV Escola de M\u00fasica de Viar\u00f3) podeu escriure a l&#8217;adre\u00e7a emv@viaro.org Actituds i aptituds que treballa [&hellip;]<\/p>\n","protected":false},"author":2,"featured_media":957,"parent":1344,"menu_order":0,"comment_status":"closed","ping_status":"closed","template":"page-musica.php","meta":{"_uag_custom_page_level_css":"","_joinchat":[],"footnotes":""},"class_list":["post-956","page","type-page","status-publish","has-post-thumbnail","hentry"],"uagb_featured_image_src":{"full":["https:\/\/viaro.org\/wp-content\/uploads\/2018\/11\/header-musica.jpg",2880,752,false],"thumbnail":["https:\/\/viaro.org\/wp-content\/uploads\/2018\/11\/header-musica-150x150.jpg",150,150,true],"medium":["https:\/\/viaro.org\/wp-content\/uploads\/2018\/11\/header-musica-300x78.jpg",300,78,true],"medium_large":["https:\/\/viaro.org\/wp-content\/uploads\/2018\/11\/header-musica-768x201.jpg",640,168,true],"large":["https:\/\/viaro.org\/wp-content\/uploads\/2018\/11\/header-musica-1024x267.jpg",640,167,true],"1536x1536":["https:\/\/viaro.org\/wp-content\/uploads\/2018\/11\/header-musica.jpg",1536,401,false],"2048x2048":["https:\/\/viaro.org\/wp-content\/uploads\/2018\/11\/header-musica.jpg",2048,535,false],"related-content":["https:\/\/viaro.org\/wp-content\/uploads\/2018\/11\/header-musica-297x167.jpg",297,167,true]},"uagb_author_info":{"display_name":"","author_link":"https:\/\/viaro.org\/ca\/author\/"},"uagb_comment_info":0,"uagb_excerpt":"A Viar\u00f3, la m\u00fasica ha estat sempre element essencial de la formaci\u00f3 dels alumnes. La seva dimensi\u00f3 creativa, social i integradora contribueix molt positivament al desenvolupament de les seves capacitats art\u00edstiques i human\u00edstiques. Per sol\u00b7licitar informaci\u00f3 i inscrivir-vos a l&#8217;EMV Escola de M\u00fasica de Viar\u00f3) podeu escriure a l&#8217;adre\u00e7a emv@viaro.org Actituds i aptituds que treballa&hellip;","_links":{"self":[{"href":"https:\/\/viaro.org\/ca\/wp-json\/wp\/v2\/pages\/956","targetHints":{"allow":["GET"]}}],"collection":[{"href":"https:\/\/viaro.org\/ca\/wp-json\/wp\/v2\/pages"}],"about":[{"href":"https:\/\/viaro.org\/ca\/wp-json\/wp\/v2\/types\/page"}],"author":[{"embeddable":true,"href":"https:\/\/viaro.org\/ca\/wp-json\/wp\/v2\/users\/2"}],"replies":[{"embeddable":true,"href":"https:\/\/viaro.org\/ca\/wp-json\/wp\/v2\/comments?post=956"}],"version-history":[{"count":2,"href":"https:\/\/viaro.org\/ca\/wp-json\/wp\/v2\/pages\/956\/revisions"}],"predecessor-version":[{"id":11907,"href":"https:\/\/viaro.org\/ca\/wp-json\/wp\/v2\/pages\/956\/revisions\/11907"}],"up":[{"embeddable":true,"href":"https:\/\/viaro.org\/ca\/wp-json\/wp\/v2\/pages\/1344"}],"wp:featuredmedia":[{"embeddable":true,"href":"https:\/\/viaro.org\/ca\/wp-json\/wp\/v2\/media\/957"}],"wp:attachment":[{"href":"https:\/\/viaro.org\/ca\/wp-json\/wp\/v2\/media?parent=956"}],"curies":[{"name":"wp","href":"https:\/\/api.w.org\/{rel}","templated":true}]}}