{"id":972,"date":"2018-09-26T10:25:09","date_gmt":"2018-09-26T10:25:09","guid":{"rendered":"http:\/\/viaro.org\/global-arts\/"},"modified":"2021-01-25T16:22:14","modified_gmt":"2021-01-25T16:22:14","slug":"global-arts","status":"publish","type":"page","link":"https:\/\/viaro.org\/ca\/vida-academica\/global-arts\/","title":{"rendered":"Global Arts"},"content":{"rendered":"<p>Desde sus or\u00edgenes en el a\u00f1o 1963, Viar\u00f3 ha entendido siempre las artes pl\u00e1sticas, musicales, literarias y esc\u00e9nicas como piezas fundamentales de la educaci\u00f3n global de la persona. Desde la etapa de Infantil hasta el \u00faltimo curso de Bachillerato estimulamos la sensibilidad de los estudiantes y trabajamos muy diversas disciplinas art\u00edsticas, para que los alumnos puedan desarrollar todo su potencial creativo y expresar la Belleza a trav\u00e9s del Arte. <a href=\"https:\/\/arts.viaro.org\/\" target=\"_blank\" rel=\"noopener noreferrer\"><strong>Consulta aqu\u00ed el Programa de ARTES de Viar\u00f3 Global School.<\/strong><\/a><\/p>\n<p><img decoding=\"async\" class=\"alignnone wp-image-7552 size-full\" src=\"http:\/\/viaro.org\/wp-content\/uploads\/2021\/01\/Global_Arts.jpg\" alt=\"\" width=\"609\" height=\"310\" srcset=\"https:\/\/viaro.org\/wp-content\/uploads\/2021\/01\/Global_Arts.jpg 609w, https:\/\/viaro.org\/wp-content\/uploads\/2021\/01\/Global_Arts-300x153.jpg 300w\" sizes=\"(max-width: 609px) 100vw, 609px\" \/><\/p>\n<p>Como en cualquier otro colegio, en Viar\u00f3 las Artes se abordan desde las asignaturas curriculares referentes en todas las etapas. Pero con todo esto no tenemos suficiente y hacemos extensiva la expresi\u00f3n art\u00edstica en todas las materias a trav\u00e9s de iniciativas concretas para un curso o ciclo de forma transversal, implicando secciones y hasta todo el Colegio.<\/p>\n<p>Lo que hace posible este despliegue es el <strong>Programa de Artes de Viar\u00f3<\/strong>, una apuesta decidida por la implementaci\u00f3n y la promoci\u00f3n de las artes entre los alumnos, el equipo docente y profesional y las familias de Viar\u00f3.<\/p>\n<p>El Programa de Artes asesora a los profesores y da soporte did\u00e1ctico y log\u00edstico a las actividades art\u00edsticas ordinarias, coordina \u00e1mbitos y equipos en las muchas manifestaciones de la agenda cultural de Viar\u00f3 y promueve las artes pl\u00e1sticas, musicales, literarias y esc\u00e9nicas a trav\u00e9s de actividades extraescolares para ni\u00f1os, j\u00f3venes, familias de Viar\u00f3 y sus amigos.<\/p>\n<p><a href=\"https:\/\/arts.viaro.org\/\"><img decoding=\"async\" class=\"alignnone wp-image-7491\" src=\"http:\/\/viaro.org\/wp-content\/uploads\/2021\/01\/ARTS_original-300x294.png\" alt=\"\" width=\"400\" height=\"391\" srcset=\"https:\/\/viaro.org\/wp-content\/uploads\/2021\/01\/ARTS_original-300x294.png 300w, https:\/\/viaro.org\/wp-content\/uploads\/2021\/01\/ARTS_original.png 745w\" sizes=\"(max-width: 400px) 100vw, 400px\" \/><\/a><\/p>\n","protected":false},"excerpt":{"rendered":"<p>Desde sus or\u00edgenes en el a\u00f1o 1963, Viar\u00f3 ha entendido siempre las artes pl\u00e1sticas, musicales, literarias y esc\u00e9nicas como piezas fundamentales de la educaci\u00f3n global de la persona. Desde la etapa de Infantil hasta el \u00faltimo curso de Bachillerato estimulamos la sensibilidad de los estudiantes y trabajamos muy diversas disciplinas art\u00edsticas, para que los alumnos [&hellip;]<\/p>\n","protected":false},"author":2,"featured_media":974,"parent":1344,"menu_order":0,"comment_status":"closed","ping_status":"closed","template":"page-related.php","meta":{"_uag_custom_page_level_css":"","_joinchat":[],"footnotes":""},"class_list":["post-972","page","type-page","status-publish","has-post-thumbnail","hentry"],"uagb_featured_image_src":{"full":["https:\/\/viaro.org\/wp-content\/uploads\/2018\/11\/header-global-arts.jpg",2880,752,false],"thumbnail":["https:\/\/viaro.org\/wp-content\/uploads\/2018\/11\/header-global-arts-150x150.jpg",150,150,true],"medium":["https:\/\/viaro.org\/wp-content\/uploads\/2018\/11\/header-global-arts-300x78.jpg",300,78,true],"medium_large":["https:\/\/viaro.org\/wp-content\/uploads\/2018\/11\/header-global-arts-768x201.jpg",640,168,true],"large":["https:\/\/viaro.org\/wp-content\/uploads\/2018\/11\/header-global-arts-1024x267.jpg",640,167,true],"1536x1536":["https:\/\/viaro.org\/wp-content\/uploads\/2018\/11\/header-global-arts.jpg",1536,401,false],"2048x2048":["https:\/\/viaro.org\/wp-content\/uploads\/2018\/11\/header-global-arts.jpg",2048,535,false],"related-content":["https:\/\/viaro.org\/wp-content\/uploads\/2018\/11\/header-global-arts-297x167.jpg",297,167,true]},"uagb_author_info":{"display_name":"","author_link":"https:\/\/viaro.org\/ca\/author\/"},"uagb_comment_info":0,"uagb_excerpt":"Desde sus or\u00edgenes en el a\u00f1o 1963, Viar\u00f3 ha entendido siempre las artes pl\u00e1sticas, musicales, literarias y esc\u00e9nicas como piezas fundamentales de la educaci\u00f3n global de la persona. Desde la etapa de Infantil hasta el \u00faltimo curso de Bachillerato estimulamos la sensibilidad de los estudiantes y trabajamos muy diversas disciplinas art\u00edsticas, para que los alumnos&hellip;","_links":{"self":[{"href":"https:\/\/viaro.org\/ca\/wp-json\/wp\/v2\/pages\/972","targetHints":{"allow":["GET"]}}],"collection":[{"href":"https:\/\/viaro.org\/ca\/wp-json\/wp\/v2\/pages"}],"about":[{"href":"https:\/\/viaro.org\/ca\/wp-json\/wp\/v2\/types\/page"}],"author":[{"embeddable":true,"href":"https:\/\/viaro.org\/ca\/wp-json\/wp\/v2\/users\/2"}],"replies":[{"embeddable":true,"href":"https:\/\/viaro.org\/ca\/wp-json\/wp\/v2\/comments?post=972"}],"version-history":[{"count":4,"href":"https:\/\/viaro.org\/ca\/wp-json\/wp\/v2\/pages\/972\/revisions"}],"predecessor-version":[{"id":7557,"href":"https:\/\/viaro.org\/ca\/wp-json\/wp\/v2\/pages\/972\/revisions\/7557"}],"up":[{"embeddable":true,"href":"https:\/\/viaro.org\/ca\/wp-json\/wp\/v2\/pages\/1344"}],"wp:featuredmedia":[{"embeddable":true,"href":"https:\/\/viaro.org\/ca\/wp-json\/wp\/v2\/media\/974"}],"wp:attachment":[{"href":"https:\/\/viaro.org\/ca\/wp-json\/wp\/v2\/media?parent=972"}],"curies":[{"name":"wp","href":"https:\/\/api.w.org\/{rel}","templated":true}]}}