{"id":976,"date":"2024-05-16T13:17:56","date_gmt":"2024-05-16T13:17:56","guid":{"rendered":"http:\/\/viaro.org\/educacion-fisica\/"},"modified":"2019-02-12T17:04:35","modified_gmt":"2019-02-12T17:04:35","slug":"educacion-fisica","status":"publish","type":"page","link":"https:\/\/viaro.org\/ca\/vida-academica\/educacion-fisica\/","title":{"rendered":"Educaci\u00f3 F\u00edsica"},"content":{"rendered":"<p>L&#8217;educaci\u00f3 f\u00edsica i l&#8217;esport han estat sempre un altre dels pilars de la filosofia formativa de Viar\u00f3. Mitjan\u00e7ant el projecte Viar\u00f3 Teams i la pr\u00e0ctica de les diferents disciplines esportives, els alumnes descobreixen i adquireixen els beneficis i valors de l&#8217;esport.<\/p>\n<p><img decoding=\"async\" class=\"alignnone size-full wp-image-243\" src=\"https:\/\/viaro.org\/wp-content\/uploads\/2018\/10\/educacion-fisica-vt.jpg\" alt=\"educaci\u00f3n f\u00edsica vt\" width=\"606\" height=\"306\" srcset=\"https:\/\/viaro.org\/wp-content\/uploads\/2018\/10\/educacion-fisica-vt.jpg 606w, https:\/\/viaro.org\/wp-content\/uploads\/2018\/10\/educacion-fisica-vt-300x151.jpg 300w, https:\/\/viaro.org\/wp-content\/uploads\/2018\/10\/educacion-fisica-vt-410x207.jpg 410w\" sizes=\"(max-width: 606px) 100vw, 606px\" \/><\/p>\n<p>Practicar esport contribueix en gran mesura al desenvolupament f\u00edsic i a l&#8217;adquisici\u00f3 de les habilitats motores. Per\u00f2 tamb\u00e9 ajuda a aprendre a guanyar i a perdre, i a valorar l&#8217;esfor\u00e7, la const\u00e0ncia, el respecte i el tracte amb companys. Per forjar un esperit d&#8217;equip i, en definitiva, preparar l&#8217;alumne per a la vida.<\/p>\n<p>A m\u00e9s de l&#8217;assignatura d&#8217;educaci\u00f3 f\u00edsica, els alumnes disposen d&#8217;activitats extraescolars d&#8217;iniciaci\u00f3 a l&#8217;esport (atletisme, futbol i b\u00e0squet) i de l&#8217;oportunitat de competir representant Viar\u00f3.<\/p>\n","protected":false},"excerpt":{"rendered":"<p>L&#8217;educaci\u00f3 f\u00edsica i l&#8217;esport han estat sempre un altre dels pilars de la filosofia formativa de Viar\u00f3. Mitjan\u00e7ant el projecte Viar\u00f3 Teams i la pr\u00e0ctica de les diferents disciplines esportives, els alumnes descobreixen i adquireixen els beneficis i valors de l&#8217;esport. Practicar esport contribueix en gran mesura al desenvolupament f\u00edsic i a l&#8217;adquisici\u00f3 de les [&hellip;]<\/p>\n","protected":false},"author":2,"featured_media":978,"parent":1344,"menu_order":0,"comment_status":"closed","ping_status":"closed","template":"page-related.php","meta":{"_uag_custom_page_level_css":"","_joinchat":[],"footnotes":""},"class_list":["post-976","page","type-page","status-publish","has-post-thumbnail","hentry"],"uagb_featured_image_src":{"full":["https:\/\/viaro.org\/wp-content\/uploads\/2018\/11\/header-educacion-fisica.jpg",2880,752,false],"thumbnail":["https:\/\/viaro.org\/wp-content\/uploads\/2018\/11\/header-educacion-fisica-150x150.jpg",150,150,true],"medium":["https:\/\/viaro.org\/wp-content\/uploads\/2018\/11\/header-educacion-fisica-300x78.jpg",300,78,true],"medium_large":["https:\/\/viaro.org\/wp-content\/uploads\/2018\/11\/header-educacion-fisica-768x201.jpg",640,168,true],"large":["https:\/\/viaro.org\/wp-content\/uploads\/2018\/11\/header-educacion-fisica-1024x267.jpg",640,167,true],"1536x1536":["https:\/\/viaro.org\/wp-content\/uploads\/2018\/11\/header-educacion-fisica.jpg",1536,401,false],"2048x2048":["https:\/\/viaro.org\/wp-content\/uploads\/2018\/11\/header-educacion-fisica.jpg",2048,535,false],"related-content":["https:\/\/viaro.org\/wp-content\/uploads\/2018\/11\/header-educacion-fisica-297x167.jpg",297,167,true]},"uagb_author_info":{"display_name":"","author_link":"https:\/\/viaro.org\/ca\/author\/"},"uagb_comment_info":0,"uagb_excerpt":"L&#8217;educaci\u00f3 f\u00edsica i l&#8217;esport han estat sempre un altre dels pilars de la filosofia formativa de Viar\u00f3. Mitjan\u00e7ant el projecte Viar\u00f3 Teams i la pr\u00e0ctica de les diferents disciplines esportives, els alumnes descobreixen i adquireixen els beneficis i valors de l&#8217;esport. Practicar esport contribueix en gran mesura al desenvolupament f\u00edsic i a l&#8217;adquisici\u00f3 de les&hellip;","_links":{"self":[{"href":"https:\/\/viaro.org\/ca\/wp-json\/wp\/v2\/pages\/976","targetHints":{"allow":["GET"]}}],"collection":[{"href":"https:\/\/viaro.org\/ca\/wp-json\/wp\/v2\/pages"}],"about":[{"href":"https:\/\/viaro.org\/ca\/wp-json\/wp\/v2\/types\/page"}],"author":[{"embeddable":true,"href":"https:\/\/viaro.org\/ca\/wp-json\/wp\/v2\/users\/2"}],"replies":[{"embeddable":true,"href":"https:\/\/viaro.org\/ca\/wp-json\/wp\/v2\/comments?post=976"}],"version-history":[{"count":1,"href":"https:\/\/viaro.org\/ca\/wp-json\/wp\/v2\/pages\/976\/revisions"}],"predecessor-version":[{"id":981,"href":"https:\/\/viaro.org\/ca\/wp-json\/wp\/v2\/pages\/976\/revisions\/981"}],"up":[{"embeddable":true,"href":"https:\/\/viaro.org\/ca\/wp-json\/wp\/v2\/pages\/1344"}],"wp:featuredmedia":[{"embeddable":true,"href":"https:\/\/viaro.org\/ca\/wp-json\/wp\/v2\/media\/978"}],"wp:attachment":[{"href":"https:\/\/viaro.org\/ca\/wp-json\/wp\/v2\/media?parent=976"}],"curies":[{"name":"wp","href":"https:\/\/api.w.org\/{rel}","templated":true}]}}